{"id":156,"date":"2020-04-13T11:01:47","date_gmt":"2020-04-13T11:01:47","guid":{"rendered":"https:\/\/ozapato.com\/bo\/?page_id=156"},"modified":"2020-05-08T10:37:19","modified_gmt":"2020-05-08T10:37:19","slug":"tallas-de-zapatos","status":"publish","type":"page","link":"https:\/\/ozapato.com\/bo\/tallas-de-zapatos\/","title":{"rendered":"\ud83d\udc5e Gu\u00eda de Tallas"},"content":{"rendered":"<p>[vc_row video_bg=\u00bbyes\u00bb video_bg_url=\u00bbhttps:\/\/www.youtube.com\/watch?v=__oq67bsM8A&amp;t=13s\u00bb][vc_column][vc_column_text css=\u00bb.vc_custom_1588415666434{padding-top: 32px !important;}\u00bb]<\/p>\n<h2 style=\"text-align: center\"><span style=\"color: #ffffff\"><strong>GU\u00cdA DE TALLAS <\/strong><\/span><\/h2>\n<p>[\/vc_column_text][\/vc_column][\/vc_row][vc_row][vc_column][vc_empty_space][\/vc_column][\/vc_row][vc_row type=\u00bbboxed\u00bb][vc_column width=\u00bb1\/4&#8243;][\/vc_column][vc_column width=\u00bb1\/2&#8243;][vc_column_text]<\/p>\n<h3 style=\"text-align: center\"><b>GU\u00cdA DE TALLAS PARA ZAPATOS DE SEGURIDAD<\/b><\/h3>\n<p>&nbsp;<\/p>\n<p><a href=\"https:\/\/emojipedia.org\/mans-shoe\/\" target=\"_blank\" rel=\"noopener\"><span class=\"emoji\">\ud83d\udc5e <\/span><\/a><span style=\"color: #000000\">OZAPATO ha creado una <a href=\"https:\/\/es.wikipedia.org\/wiki\/Talla_(medida)\" target=\"_blank\" rel=\"noopener\"><strong>Gu\u00eda de tallas<\/strong><\/a> para zapatos\u00a0 de seguridad.As\u00ed ayudar a sus colaboradores en Bolivia.<\/span><\/p>\n<p><span style=\"color: #000000\">Es muy sencillo, baje el archivo e <a style=\"color: #000000\" href=\"https:\/\/tdrive.li\/REfR8k\" target=\"_blank\" rel=\"noopener noreferrer\">imprima esta regla<\/a>. Si no cuenta con una impresora, puede hacer el mismo ejercicio con cualquier regla que tenga centimetros (cm) marcados.<\/span><\/p>\n<p><span style=\"color: #000000\">1.- Colocar su pie en el medidor y ponerse de pie.<\/span><br \/>\n<span style=\"color: #000000\">2.- Asegurarse que esta en posici\u00f3n recta<\/span><br \/>\n<span style=\"color: #000000\">3.- Leer su talla en centimetro<\/span><br \/>\n<span style=\"color: #000000\">4.- Convertir su talla en cent\u00edmetro en talla OZAPATO.<\/span><\/p>\n<h4 class=\"charttitle\" style=\"text-align: center\"><strong>TALLAS PARA MUJER Y HOMBRE<\/strong><\/h4>\n<table border=\"0\" cellspacing=\"0\">\n<colgroup span=\"2\" width=\"85\"><\/colgroup>\n<tbody>\n<tr>\n<td align=\"left\" height=\"32\"><span style=\"font-family: Liberation Serif\">Centimetros (CM)<\/span><\/td>\n<td align=\"left\" bgcolor=\"#F7F7F7\"><b><span style=\"font-family: Liberation Serif\">OZAPATO<\/span><\/b><\/td>\n<\/tr>\n<tr>\n<td align=\"left\" height=\"17\"><span style=\"font-family: Liberation Serif\">\u00a0<\/span><\/td>\n<td align=\"left\" bgcolor=\"#F7F7F7\"><b><span style=\"font-family: Liberation Serif\">\u00a0<\/span><\/b><\/td>\n<\/tr>\n<tr>\n<td align=\"left\" height=\"17\"><span style=\"font-family: Liberation Serif\">21 cm<\/span><\/td>\n<td align=\"right\" bgcolor=\"#F7F7F7\"><b><span style=\"font-family: Liberation Serif\">3<\/span><\/b><\/td>\n<\/tr>\n<tr>\n<td align=\"left\" height=\"17\"><span style=\"font-family: Liberation Serif\">21.5 cm<\/span><\/td>\n<td align=\"right\" bgcolor=\"#F7F7F7\"><b><span style=\"font-family: Liberation Serif\">3<\/span><\/b><\/td>\n<\/tr>\n<tr>\n<td align=\"left\" height=\"17\"><span style=\"font-family: Liberation Serif\">21.6 cm<\/span><\/td>\n<td align=\"right\" bgcolor=\"#F7F7F7\"><b><span style=\"font-family: Liberation Serif\">4<\/span><\/b><\/td>\n<\/tr>\n<tr>\n<td align=\"left\" height=\"17\"><span style=\"font-family: Liberation Serif\">22 cm<\/span><\/td>\n<td align=\"right\" bgcolor=\"#F7F7F7\"><span style=\"font-family: Liberation Serif\">4<\/span><\/td>\n<\/tr>\n<tr>\n<td align=\"left\" height=\"18\"><span style=\"font-family: Liberation Serif\">22.5 cm<\/span><\/td>\n<td align=\"right\" bgcolor=\"#F7F7F7\"><span style=\"font-family: Liberation Serif\">4<\/span><\/td>\n<\/tr>\n<tr>\n<td align=\"left\" height=\"18\"><span style=\"font-family: Liberation Serif\">22.6 cm<\/span><\/td>\n<td align=\"right\" bgcolor=\"#F7F7F7\"><span style=\"font-family: Liberation Serif\">5<\/span><\/td>\n<\/tr>\n<tr>\n<td align=\"left\" height=\"18\"><span style=\"font-family: Liberation Serif\">23 cm<\/span><\/td>\n<td align=\"right\" bgcolor=\"#F7F7F7\"><span style=\"font-family: Liberation Serif\">5<\/span><\/td>\n<\/tr>\n<tr>\n<td align=\"left\" height=\"18\"><span style=\"font-family: Liberation Serif\">23.5 cm<\/span><\/td>\n<td align=\"right\" bgcolor=\"#F7F7F7\"><span style=\"font-family: Liberation Serif\">5<\/span><\/td>\n<\/tr>\n<tr>\n<td align=\"left\" height=\"18\"><span style=\"font-family: Liberation Serif\">23.6 cm<\/span><\/td>\n<td align=\"right\" bgcolor=\"#F7F7F7\"><span style=\"font-family: Liberation Serif\">6<\/span><\/td>\n<\/tr>\n<tr>\n<td align=\"left\" height=\"18\"><span style=\"font-family: Liberation Serif\">24 cm<\/span><\/td>\n<td align=\"right\" bgcolor=\"#F7F7F7\"><span style=\"font-family: Liberation Serif\">6<\/span><\/td>\n<\/tr>\n<tr>\n<td align=\"left\" height=\"18\"><span style=\"font-family: Liberation Serif\">24.5\u00a0cm<\/span><\/td>\n<td align=\"right\" bgcolor=\"#F7F7F7\"><span style=\"font-family: Liberation Serif\">6<\/span><\/td>\n<\/tr>\n<tr>\n<td align=\"left\" height=\"18\"><span style=\"font-family: Liberation Serif\">24.6 cm<\/span><\/td>\n<td align=\"right\" bgcolor=\"#F7F7F7\"><span style=\"font-family: Liberation Serif\">7<\/span><\/td>\n<\/tr>\n<tr>\n<td align=\"left\" height=\"18\"><span style=\"font-family: Liberation Serif\">25\u00a0cm<\/span><\/td>\n<td align=\"right\" bgcolor=\"#F7F7F7\"><span style=\"font-family: Liberation Serif\">7<\/span><\/td>\n<\/tr>\n<tr>\n<td align=\"left\" height=\"18\"><span style=\"font-family: Liberation Serif\">25.5\u00a0cm<\/span><\/td>\n<td align=\"right\" bgcolor=\"#F7F7F7\"><span style=\"font-family: Liberation Serif\">7<\/span><\/td>\n<\/tr>\n<tr>\n<td align=\"left\" height=\"18\"><span style=\"font-family: Liberation Serif\">25.6 cm<\/span><\/td>\n<td align=\"right\" bgcolor=\"#F7F7F7\"><span style=\"font-family: Liberation Serif\">8<\/span><\/td>\n<\/tr>\n<tr>\n<td align=\"left\" height=\"18\"><span style=\"font-family: Liberation Serif\">26\u00a0cm<\/span><\/td>\n<td align=\"right\" bgcolor=\"#F7F7F7\"><span style=\"font-family: Liberation Serif\">8<\/span><\/td>\n<\/tr>\n<tr>\n<td align=\"left\" height=\"18\"><span style=\"font-family: Liberation Serif\">26.5\u00a0cm<\/span><\/td>\n<td align=\"right\" bgcolor=\"#F7F7F7\"><span style=\"font-family: Liberation Serif\">8<\/span><\/td>\n<\/tr>\n<tr>\n<td align=\"left\" height=\"18\"><span style=\"font-family: Liberation Serif\">26.6 cm<\/span><\/td>\n<td align=\"right\" bgcolor=\"#F7F7F7\"><span style=\"font-family: Liberation Serif\">9<\/span><\/td>\n<\/tr>\n<tr>\n<td align=\"left\" height=\"18\"><span style=\"font-family: Liberation Serif\">27\u00a0cm<\/span><\/td>\n<td align=\"right\" bgcolor=\"#F7F7F7\"><span style=\"font-family: Liberation Serif\">9<\/span><\/td>\n<\/tr>\n<tr>\n<td align=\"left\" height=\"18\"><span style=\"font-family: Liberation Serif\">27.5\u00a0cm<\/span><\/td>\n<td align=\"right\" bgcolor=\"#F7F7F7\"><span style=\"font-family: Liberation Serif\">9<\/span><\/td>\n<\/tr>\n<tr>\n<td align=\"left\" height=\"18\"><span style=\"font-family: Liberation Serif\">27.6 cm<\/span><\/td>\n<td align=\"right\" bgcolor=\"#F7F7F7\"><span style=\"font-family: Liberation Serif\">10<\/span><\/td>\n<\/tr>\n<tr>\n<td align=\"left\" height=\"17\"><span style=\"font-family: Liberation Serif\">28\u00a0cm<\/span><\/td>\n<td align=\"right\" bgcolor=\"#F7F7F7\"><span style=\"font-family: Liberation Serif\">10<\/span><\/td>\n<\/tr>\n<tr>\n<td align=\"left\" height=\"18\"><span style=\"font-family: Liberation Serif\">28.5\u00a0cm<\/span><\/td>\n<td align=\"right\" bgcolor=\"#F7F7F7\"><span style=\"font-family: Liberation Serif\">10<\/span><\/td>\n<\/tr>\n<tr>\n<td align=\"left\" height=\"18\"><span style=\"font-family: Liberation Serif\">28.6 cm<\/span><\/td>\n<td align=\"right\" bgcolor=\"#F7F7F7\"><span style=\"font-family: Liberation Serif\">11<\/span><\/td>\n<\/tr>\n<tr>\n<td align=\"left\" height=\"18\"><span style=\"font-family: Liberation Serif\">29\u00a0cm<\/span><\/td>\n<td align=\"right\" bgcolor=\"#F7F7F7\"><span style=\"font-family: Liberation Serif\">11<\/span><\/td>\n<\/tr>\n<tr>\n<td align=\"left\" height=\"18\"><span style=\"font-family: Liberation Serif\">29.5\u00a0cm<\/span><\/td>\n<td align=\"right\" bgcolor=\"#F7F7F7\"><span style=\"font-family: Liberation Serif\">11<\/span><\/td>\n<\/tr>\n<tr>\n<td align=\"left\" height=\"18\"><span style=\"font-family: Liberation Serif\">29.6 cm<\/span><\/td>\n<td align=\"right\" bgcolor=\"#F7F7F7\"><span style=\"font-family: Liberation Serif\">12<\/span><\/td>\n<\/tr>\n<tr>\n<td align=\"left\" height=\"18\"><span style=\"font-family: Liberation Serif\">30\u00a0cm<\/span><\/td>\n<td align=\"right\" bgcolor=\"#F7F7F7\"><span style=\"font-family: Liberation Serif\">12<\/span><\/td>\n<\/tr>\n<tr>\n<td align=\"left\" height=\"18\"><span style=\"font-family: Liberation Serif\">30.5\u00a0cm<\/span><\/td>\n<td align=\"right\" bgcolor=\"#F7F7F7\"><span style=\"font-family: Liberation Serif\">12<\/span><\/td>\n<\/tr>\n<tr>\n<td align=\"left\" height=\"18\"><span style=\"font-family: Liberation Serif\">30.6 cm<\/span><\/td>\n<td align=\"right\" bgcolor=\"#F7F7F7\"><span style=\"font-family: Liberation Serif\">13<\/span><\/td>\n<\/tr>\n<tr>\n<td align=\"left\" height=\"18\"><span style=\"font-family: Liberation Serif\">31\u00a0cm<\/span><\/td>\n<td align=\"right\" bgcolor=\"#F7F7F7\"><span style=\"font-family: Liberation Serif\">13<\/span><\/td>\n<\/tr>\n<tr>\n<td align=\"left\" height=\"18\"><span style=\"font-family: Liberation Serif\">31.5\u00a0cm<\/span><\/td>\n<td align=\"right\" bgcolor=\"#F7F7F7\"><span style=\"font-family: Liberation Serif\">13<\/span><\/td>\n<\/tr>\n<tr>\n<td align=\"left\" height=\"18\"><span style=\"font-family: Liberation Serif\">32\u00a0cm<\/span><\/td>\n<td align=\"right\" bgcolor=\"#F7F7F7\"><span style=\"font-family: Liberation Serif\">14<\/span><\/td>\n<\/tr>\n<\/tbody>\n<\/table>\n<p>[\/vc_column_text][\/vc_column][vc_column width=\u00bb1\/4&#8243;][\/vc_column][\/vc_row][vc_row type=\u00bbboxed\u00bb][vc_column][vc_media_grid grid_id=\u00bbvc_gid:1588933241710-2098e283-3cb6-4&#8243; include=\u00bb406,89,404&#8243;][vc_cta h2=\u00bb\u00bb css=\u00bb.vc_custom_1588415977415{background-color: #dd0000 !important;}\u00bb]<\/p>\n<h4 style=\"text-align: center\"><span style=\"color: #ffffff\">Gu\u00eda de Tallas gratuita para zapatos de seguridad.<\/span><\/h4>\n<p>[\/vc_cta][\/vc_column][\/vc_row][vc_row][vc_column][vc_empty_space][\/vc_column][\/vc_row][vc_row type=\u00bbboxed\u00bb][vc_column width=\u00bb1\/6&#8243;][\/vc_column][vc_column width=\u00bb2\/3&#8243;][vc_column_text]<\/p>\n<h3 align=\"center\">ZAPATOS DE SEGURIDAD INDUSTRIAL<\/h3>\n<p><span style=\"color: #000000\">Los <strong>zapatos de seguridad<\/strong> son muy importantes y necesarios en el sector industrial, como tambien en el sector de la <a style=\"color: #000000\" href=\"https:\/\/ozapato.com\/bo\/mineria\/\">miner\u00eda<\/a>, petroleo,construcci\u00f3n, por esta raz\u00f3n nuestra promesa para usted es de ofrecerle el <strong>mejor producto, al mejor precio y de la forma mas r\u00e1pida<\/strong>. Eso sin sacrificar ni el dise\u00f1o ni la comodidad de su bota.<\/span><\/p>\n<p><span style=\"color: #000000\">En <a style=\"color: #000000\" href=\"https:\/\/en.wikipedia.org\/wiki\/Bolivia\" target=\"_blank\" rel=\"noopener\">Bolivia<\/a>, nuestra l\u00ednea industrial cuenta con botas de seguridad industrial: <\/span><\/p>\n<ul>\n<li><strong><span style=\"color: #000000\">Botas Diel\u00e9ctricas.<\/span><\/strong><\/li>\n<li><strong><span style=\"color: #000000\"><a style=\"color: #000000\" href=\"https:\/\/ozapato.com\/bo\/botas-tacticas-militares\/\">Botas T\u00e1cticas <\/a>.<\/span><\/strong><\/li>\n<li><span style=\"color: #000000\"><strong>Botas Antiestaticas.<\/strong><\/span><\/li>\n<li><span style=\"color: #000000\"><strong>Botas para la Miner\u00eda.<\/strong><\/span><\/li>\n<\/ul>\n<p>[\/vc_column_text][\/vc_column][vc_column width=\u00bb1\/6&#8243;][\/vc_column][\/vc_row][vc_row type=\u00bbboxed\u00bb][vc_column][vc_cta h2=\u00bb\u00bb css=\u00bb.vc_custom_1588416699924{background-color: #000000 !important;}\u00bb]<\/p>\n<h4 style=\"text-align: center\"><span style=\"color: #ffffff\">6 Meses de Garant\u00eda<\/span><\/h4>\n<p>[\/vc_cta][\/vc_column][\/vc_row][vc_row][vc_column][vc_empty_space][\/vc_column][\/vc_row][vc_row type=\u00bbboxed\u00bb][vc_column width=\u00bb1\/6&#8243;][\/vc_column][vc_column width=\u00bb2\/3&#8243;][vc_column_text]<\/p>\n<h3 style=\"text-align: center\"><strong>\ud83c\udde7\ud83c\uddf4<\/strong><\/h3>\n<h3 style=\"text-align: center\"><b>CARACTER\u00cdSTICAS DE\u00a0 UN BUEN CALZADO DE SEGURIDAD<\/b><\/h3>\n<p><span style=\"color: #000000\"><span style=\"font-weight: 400\">Conocer las caracter\u00edsticas del <\/span><b>calzado de seguridad<\/b><span style=\"font-weight: 400\"> es indispensable a la hora de\u00a0 elegir una<\/span><b> botas de seguridad laboral<\/b><span style=\"font-weight: 400\">.Ya que es vital para elegir el zapato m\u00e1s adecuado segundo la actividad\u00a0 a la que te dediques:<\/span><\/span><\/p>\n<ul>\n<li style=\"font-weight: 400\"><span style=\"font-weight: 400;color: #000000\">Miner\u00eda.<\/span><\/li>\n<li style=\"font-weight: 400\"><span style=\"font-weight: 400;color: #000000\">Industrial.<\/span><\/li>\n<li style=\"font-weight: 400\"><span style=\"font-weight: 400;color: #000000\">Portuaria.<\/span><\/li>\n<li style=\"font-weight: 400\"><span style=\"font-weight: 400;color: #000000\">Diel\u00e9ctrica.<\/span><\/li>\n<li style=\"font-weight: 400\"><span style=\"font-weight: 400;color: #000000\">Petrolera.<\/span><\/li>\n<li style=\"font-weight: 400\"><span style=\"font-weight: 400;color: #000000\">T\u00e1cticas.<\/span><\/li>\n<li style=\"font-weight: 400\"><span style=\"font-weight: 400;color: #000000\">Restauraci\u00f3n.<\/span><\/li>\n<li style=\"font-weight: 400\"><span style=\"font-weight: 400;color: #000000\">Soldador.<\/span><\/li>\n<\/ul>\n<p><span style=\"font-weight: 400;color: #000000\">Por esta raz\u00f3n, una investigaci\u00f3n previa te permitir\u00e1 hacer una selecci\u00f3n adecuada de tus nueva adquisici\u00f3n; si conoces las exigencias f\u00edsicas y ambientales donde realizar\u00e1s tu trabajo.<\/span><\/p>\n<p><span style=\"color: #000000\"><span style=\"font-weight: 400\">Tambi\u00e9n hay que tener en cuenta los posibles<\/span><a style=\"color: #000000\" href=\"https:\/\/www.isotools.org\/2015\/09\/10\/riesgo-laboral-definicion-y-conceptos-basicos\/\" target=\"_blank\" rel=\"noopener\"> <span style=\"font-weight: 400\">riesgos laborales<\/span><\/a><span style=\"font-weight: 400\"> que puedes\u00a0 tener seg\u00fan tu \u00e1rea de trabajo, y donde tus pies estar\u00e1n expuestos: Puertos, Gasolineras, Metalurgia,Cocinas,etc.<\/span><\/span><\/p>\n<p><span style=\"font-weight: 400;color: #000000\">En las zonas de trabajo los pies son vulnerables a:<\/span><\/p>\n<ul>\n<li style=\"font-weight: 400\"><span style=\"color: #000000\"><b>Descargas el\u00e9ctricas<\/b><span style=\"font-weight: 400\"> en \u00e1rea con gran exposici\u00f3n el\u00e9ctrica.<\/span><\/span><\/li>\n<li style=\"font-weight: 400\"><span style=\"color: #000000\"><a style=\"color: #000000\" href=\"https:\/\/ozapato.com\/bo\/botas-tacticas-militares\/\"><b>Deslizamientos y torceduras<\/b><\/a><span style=\"font-weight: 400\"> en \u00e1reas resbaladizas o mojadas.<\/span><\/span><\/li>\n<li style=\"font-weight: 400\"><span style=\"color: #000000\"><b>Lesiones en la piel<\/b><span style=\"font-weight: 400\"> por <\/span><b>quemaduras<\/b><span style=\"font-weight: 400\"> al exponerse en \u00e1reas donde se manipulen<\/span><a style=\"color: #000000\" href=\"https:\/\/es.wikipedia.org\/wiki\/Producto_qu%C3%ADmico\" target=\"_blank\" rel=\"noopener\"> <span style=\"font-weight: 400\">productos qu\u00edmicos<\/span><\/a><span style=\"font-weight: 400\"> o corrosivos.<\/span><\/span><\/li>\n<\/ul>\n<p><span style=\"color: #000000\"><span style=\"font-weight: 400\">Por estas razones,<\/span><a style=\"color: #000000\" href=\"http:\/\/www.ozapato.com\"> <span style=\"font-weight: 400\">OZAPATO<\/span><\/a><span style=\"font-weight: 400\">,te ofrece las 5 <\/span><b>caracter\u00edsticas claves que debe tener unas botas de seguridad.<\/b><\/span><\/p>\n<p><span style=\"color: #000000\"><span style=\"font-weight: 400\">1.Las botas de seguridad deben tener suela<\/span><b> antideslizante<\/b><\/span><\/p>\n<p><span style=\"font-weight: 400;color: #000000\">2.El calzado de seguridad debe tener resistencia al agua.<\/span><\/p>\n<p><span style=\"font-weight: 400;color: #000000\">3.Los zapatos de seguridad deben ser flexibles, c\u00f3modos y confortables para largas jornada de trabajo.<\/span><\/p>\n<p><span style=\"color: #000000\"><span style=\"font-weight: 400\">4.La<\/span><a style=\"color: #000000\" href=\"https:\/\/ozapato.com\/bo\/tecnologia\/\"> <span style=\"font-weight: 400\">puntera de seguridad<\/span><\/a><span style=\"font-weight: 400\"> es esecencial para la protecci\u00f3n de tus pies.<\/span><\/span><\/p>\n<p><span style=\"font-weight: 400;color: #000000\">5.Las botas de seguridad deben ser aislantes contra el fr\u00edo y la electricidad.<\/span>[\/vc_column_text][\/vc_column][vc_column width=\u00bb1\/6&#8243;][\/vc_column][\/vc_row][vc_row][vc_column][vc_empty_space][\/vc_column][\/vc_row][vc_row type=\u00bbboxed\u00bb][vc_column][vc_column_text]\n<div id=\"sb_instagram\"  class=\"sbi sbi_mob_col_1 sbi_tab_col_2 sbi_col_4\" style=\"padding-bottom: 10px; width: 100%;\"\t data-feedid=\"sbi_17841401193873551#20\"  data-res=\"auto\" data-cols=\"4\" data-colsmobile=\"1\" data-colstablet=\"2\" data-num=\"20\" data-nummobile=\"\" data-item-padding=\"5\"\t data-shortcode-atts=\"{}\"  data-postid=\"156\" data-locatornonce=\"7edc15fab1\" data-imageaspectratio=\"1:1\" data-sbi-flags=\"favorLocal,gdpr\">\n\t\n\t<div id=\"sbi_images\"  style=\"gap: 10px;\">\n\t\t\t<\/div>\n\n\t<div id=\"sbi_load\" >\n\n\t\n\t\t\t<span class=\"sbi_follow_btn\" >\n\t\t\t<a target=\"_blank\" rel=\"nofollow noopener\" href=\"https:\/\/www.instagram.com\/17841401193873551\/\">\n\t\t\t\t<svg class=\"svg-inline--fa fa-instagram fa-w-14\" aria-hidden=\"true\" data-fa-processed=\"\" aria-label=\"Instagram\" data-prefix=\"fab\" data-icon=\"instagram\" role=\"img\" viewBox=\"0 0 448 512\">\n                    <path fill=\"currentColor\" d=\"M224.1 141c-63.6 0-114.9 51.3-114.9 114.9s51.3 114.9 114.9 114.9S339 319.5 339 255.9 287.7 141 224.1 141zm0 189.6c-41.1 0-74.7-33.5-74.7-74.7s33.5-74.7 74.7-74.7 74.7 33.5 74.7 74.7-33.6 74.7-74.7 74.7zm146.4-194.3c0 14.9-12 26.8-26.8 26.8-14.9 0-26.8-12-26.8-26.8s12-26.8 26.8-26.8 26.8 12 26.8 26.8zm76.1 27.2c-1.7-35.9-9.9-67.7-36.2-93.9-26.2-26.2-58-34.4-93.9-36.2-37-2.1-147.9-2.1-184.9 0-35.8 1.7-67.6 9.9-93.9 36.1s-34.4 58-36.2 93.9c-2.1 37-2.1 147.9 0 184.9 1.7 35.9 9.9 67.7 36.2 93.9s58 34.4 93.9 36.2c37 2.1 147.9 2.1 184.9 0 35.9-1.7 67.7-9.9 93.9-36.2 26.2-26.2 34.4-58 36.2-93.9 2.1-37 2.1-147.8 0-184.8zM398.8 388c-7.8 19.6-22.9 34.7-42.6 42.6-29.5 11.7-99.5 9-132.1 9s-102.7 2.6-132.1-9c-19.6-7.8-34.7-22.9-42.6-42.6-11.7-29.5-9-99.5-9-132.1s-2.6-102.7 9-132.1c7.8-19.6 22.9-34.7 42.6-42.6 29.5-11.7 99.5-9 132.1-9s102.7-2.6 132.1 9c19.6 7.8 34.7 22.9 42.6 42.6 11.7 29.5 9 99.5 9 132.1s2.7 102.7-9 132.1z\"><\/path>\n                <\/svg>\t\t\t\t<span>S\u00edguenos en Instagram<\/span>\n\t\t\t<\/a>\n\t\t<\/span>\n\t\n<\/div>\n\t\t<span class=\"sbi_resized_image_data\" data-feed-id=\"sbi_17841401193873551#20\"\n\t\t  data-resized=\"[]\">\n\t<\/span>\n\t<\/div>\n\n[\/vc_column_text][\/vc_column][\/vc_row]<\/p>\n","protected":false},"excerpt":{"rendered":"<p>[vc_row video_bg=\u00bbyes\u00bb video_bg_url=\u00bbhttps:\/\/www.youtube.com\/watch?v=__oq67bsM8A&amp;t=13s\u00bb][vc_column][vc_column_text css=\u00bb.vc_custom_1588415666434{padding-top: 32px !important;}\u00bb] GU\u00cdA DE TALLAS [\/vc_column_text][\/vc_column][\/vc_row][vc_row][vc_column][vc_empty_space][\/vc_column][\/vc_row][vc_row type=\u00bbboxed\u00bb][vc_column width=\u00bb1\/4&#8243;][\/vc_column][vc_column width=\u00bb1\/2&#8243;][vc_column_text] GU\u00cdA DE TALLAS PARA ZAPATOS DE SEGURIDAD &nbsp; \ud83d\udc5e OZAPATO ha creado una Gu\u00eda de tallas para zapatos\u00a0 de seguridad.As\u00ed ayudar a sus colaboradores en Bolivia. Es muy sencillo, baje el archivo e imprima esta regla. Si no cuenta con una impresora, [&hellip;]<\/p>\n","protected":false},"author":350,"featured_media":0,"parent":0,"menu_order":0,"comment_status":"closed","ping_status":"closed","template":"page-full-width.php","meta":{"footnotes":""},"class_list":["post-156","page","type-page","status-publish","hentry"],"_links":{"self":[{"href":"https:\/\/ozapato.com\/bo\/wp-json\/wp\/v2\/pages\/156","targetHints":{"allow":["GET"]}}],"collection":[{"href":"https:\/\/ozapato.com\/bo\/wp-json\/wp\/v2\/pages"}],"about":[{"href":"https:\/\/ozapato.com\/bo\/wp-json\/wp\/v2\/types\/page"}],"author":[{"embeddable":true,"href":"https:\/\/ozapato.com\/bo\/wp-json\/wp\/v2\/users\/350"}],"replies":[{"embeddable":true,"href":"https:\/\/ozapato.com\/bo\/wp-json\/wp\/v2\/comments?post=156"}],"version-history":[{"count":19,"href":"https:\/\/ozapato.com\/bo\/wp-json\/wp\/v2\/pages\/156\/revisions"}],"predecessor-version":[{"id":684,"href":"https:\/\/ozapato.com\/bo\/wp-json\/wp\/v2\/pages\/156\/revisions\/684"}],"wp:attachment":[{"href":"https:\/\/ozapato.com\/bo\/wp-json\/wp\/v2\/media?parent=156"}],"curies":[{"name":"wp","href":"https:\/\/api.w.org\/{rel}","templated":true}]}}