{"id":284,"date":"2020-04-14T14:51:25","date_gmt":"2020-04-14T14:51:25","guid":{"rendered":"https:\/\/ozapato.com\/bo\/?page_id=284"},"modified":"2020-04-30T15:18:36","modified_gmt":"2020-04-30T15:18:36","slug":"mineria","status":"publish","type":"page","link":"https:\/\/ozapato.com\/bo\/mineria\/","title":{"rendered":"\u26f0\ufe0f MINER\u00cdA"},"content":{"rendered":"<p>[vc_row video_bg=\u00bbyes\u00bb video_bg_url=\u00bbhttps:\/\/www.youtube.com\/watch?v=__oq67bsM8A\u00bb css=\u00bb.vc_custom_1587119602704{padding-top: 32px !important;}\u00bb][vc_column][vc_column_text css=\u00bb.vc_custom_1587119794705{padding-top: 32px !important;}\u00bb]<\/p>\n<h2 style=\"text-align: center\"><span style=\"color: #ffffff\">MINER\u00cdA<\/span><\/h2>\n<p>[\/vc_column_text][\/vc_column][\/vc_row][vc_row][vc_column][vc_empty_space][\/vc_column][\/vc_row][vc_row][vc_column width=\u00bb1\/4&#8243;]\n\t\t<div class=\"shortcode_banner_simple_height \" onclick=\"window.open('https:\/\/ozapato.com\/bo\/botas-tacticas-militares\/', '_blank');\" style=\"height:275pxpx;\">\n\t\t\t<div class=\"shortcode_banner_simple_height_inner\">\n\t\t\t\t<div class=\"shortcode_banner_simple_height_bkg\" style=\"background-color:#000000; background-image:url()\"><\/div>\n\t\t\t\n\t\t\t\t<div class=\"shortcode_banner_simple_height_inside\" style=\"border: 2pxpx solid #000000\">\n\t\t\t\t\t<div class=\"shortcode_banner_simple_height_content\">\n\t\t\t\t\t\t<div><h3 class=\"banner_title\" style=\"color:#fff\">T\u00e1cticas y Militares<\/h3><\/div>\n\t\t\t\t\t\t<div class=\"shortcode_banner_simple_height_sep\" style=\"margin:5px auto; background-color:#fff;\"><\/div>\n\t\t\t\t\t\t<div><h4 class=\"banner_subtitle\" style=\"color:#fff\">Botas T\u00e1cticas y Militares<\/h4><\/div>\n\t\t\t\t\t<\/div>\n\t\t\t\t<\/div>\n\t\t\t<\/div><\/div>[\/vc_column][vc_column width=\u00bb1\/4&#8243;]\n\t\t<div class=\"shortcode_banner_simple_height \" onclick=\"window.open('https:\/\/ozapato.com\/bo\/las-mejores-botas-de-seguridad-industrial-de-bolivia\/', '_blank');\" style=\"height:275pxpx;\">\n\t\t\t<div class=\"shortcode_banner_simple_height_inner\">\n\t\t\t\t<div class=\"shortcode_banner_simple_height_bkg\" style=\"background-color:#d30000; background-image:url()\"><\/div>\n\t\t\t\n\t\t\t\t<div class=\"shortcode_banner_simple_height_inside\" style=\"border: 0px solid #d30000\">\n\t\t\t\t\t<div class=\"shortcode_banner_simple_height_content\">\n\t\t\t\t\t\t<div><h3 class=\"banner_title\" style=\"color:#fff\">Industrial<\/h3><\/div>\n\t\t\t\t\t\t<div class=\"shortcode_banner_simple_height_sep\" style=\"margin:5px auto; background-color:#fff;\"><\/div>\n\t\t\t\t\t\t<div><h4 class=\"banner_subtitle\" style=\"color:#fff\">Botas de seguridad industrial<\/h4><\/div>\n\t\t\t\t\t<\/div>\n\t\t\t\t<\/div>\n\t\t\t<\/div><\/div>[\/vc_column][vc_column width=\u00bb1\/4&#8243;]\n\t\t<div class=\"shortcode_banner_simple_height \" onclick=\"window.open('https:\/\/ozapato.com\/bo\/dielectricas\/', '_blank');\" style=\"height:275pxpx;\">\n\t\t\t<div class=\"shortcode_banner_simple_height_inner\">\n\t\t\t\t<div class=\"shortcode_banner_simple_height_bkg\" style=\"background-color:#000000; background-image:url()\"><\/div>\n\t\t\t\n\t\t\t\t<div class=\"shortcode_banner_simple_height_inside\" style=\"border: 2pxpx solid #000000\">\n\t\t\t\t\t<div class=\"shortcode_banner_simple_height_content\">\n\t\t\t\t\t\t<div><h3 class=\"banner_title\" style=\"color:#fff\">Diel\u00e9ctricas<\/h3><\/div>\n\t\t\t\t\t\t<div class=\"shortcode_banner_simple_height_sep\" style=\"margin:5px auto; background-color:#fff;\"><\/div>\n\t\t\t\t\t\t<div><h4 class=\"banner_subtitle\" style=\"color:#fff\">Calzado Diel\u00e9ctrico<\/h4><\/div>\n\t\t\t\t\t<\/div>\n\t\t\t\t<\/div>\n\t\t\t<\/div><\/div>[\/vc_column][vc_column width=\u00bb1\/4&#8243;]\n\t\t<div class=\"shortcode_banner_simple_height \" onclick=\"window.open('https:\/\/ozapato.com\/bo\/calzado-antiestatico\/', '_blank');\" style=\"height:275pxpx;\">\n\t\t\t<div class=\"shortcode_banner_simple_height_inner\">\n\t\t\t\t<div class=\"shortcode_banner_simple_height_bkg\" style=\"background-color:#d30000; background-image:url()\"><\/div>\n\t\t\t\n\t\t\t\t<div class=\"shortcode_banner_simple_height_inside\" style=\"border: 0px solid #d30000\">\n\t\t\t\t\t<div class=\"shortcode_banner_simple_height_content\">\n\t\t\t\t\t\t<div><h3 class=\"banner_title\" style=\"color:#fff\">Anti\u00e9statica<\/h3><\/div>\n\t\t\t\t\t\t<div class=\"shortcode_banner_simple_height_sep\" style=\"margin:5px auto; background-color:#fff;\"><\/div>\n\t\t\t\t\t\t<div><h4 class=\"banner_subtitle\" style=\"color:#fff\">Botas Anti\u00e9staticas<\/h4><\/div>\n\t\t\t\t\t<\/div>\n\t\t\t\t<\/div>\n\t\t\t<\/div><\/div>[\/vc_column][\/vc_row][vc_row][vc_column][vc_empty_space][\/vc_column][\/vc_row][vc_row type=\u00bbboxed\u00bb][vc_column width=\u00bb1\/6&#8243;][\/vc_column][vc_column width=\u00bb2\/3&#8243;][vc_column_text]<a href=\"https:\/\/emojipedia.org\/mountain\/\" target=\"_blank\" rel=\"noopener\"><span class=\"emoji\">\u26f0\ufe0f<\/span><\/a><span style=\"color: #000000\"><span style=\"font-weight: 400\">La Miner\u00eda en <\/span><b>Bolivia<\/b><span style=\"font-weight: 400\"> es una <a style=\"color: #000000\" href=\"https:\/\/ozapato.com\/bo\/calzado-de-seguridad-industrial-en-bolivia\/\"><strong>\u00a0actividad industrial<\/strong><\/a> m\u00e1s importante del Pa\u00eds.Siendo una de las fuente de recursos y divisas para este territorio miembro del <a href=\"https:\/\/es.wikipedia.org\/wiki\/Mercosur\" target=\"_blank\" rel=\"noopener\">Mercosur.<\/a><\/span><\/span><\/p>\n<p style=\"text-align: left\"><span style=\"color: #000000\"><span style=\"font-weight: 400\">Entre las riquezas <a style=\"color: #000000\" href=\"https:\/\/es.wikipedia.org\/wiki\/Miner%C3%ADa\" target=\"_blank\" rel=\"noopener\">mineras<\/a> del pa\u00eds, la mayor\u00eda se encuentran en el departamento de Potos\u00ed, Oruro y en la capital La Paz.En estas \u00e1reas mineras se encuentran materiales como: <\/span><i><span style=\"font-weight: 400\">Esta\u00f1o, Plata, Cobre, Tunsgteno, Antinomio, Zinc<\/span><\/i><span style=\"font-weight: 400\">, entre otros.<\/span><\/span><span style=\"color: #000000\">Todas estas <strong>materias primas<\/strong> son usadas como materiales de construcci\u00f3n\u00a0 o destinadas a joyer\u00edas, entre otros.<\/span><\/p>\n<p style=\"text-align: left\"><span style=\"font-weight: 400;color: #000000\"><strong>Otro Tipo de miner\u00eda<\/strong>, es la extracci\u00f3n de minerales relacionados con el <a style=\"color: #000000\" href=\"https:\/\/es.wikipedia.org\/wiki\/Petr%C3%B3leo\" target=\"_blank\" rel=\"noopener\">combustible<\/a>, o que se utilizan\u00a0 para generar energ\u00eda, como son: <strong>petr\u00f3leo, gas natural, carb\u00f3n o hulla.<\/strong><\/span><\/p>\n<p style=\"text-align: left\"><span style=\"color: #000000\"><span style=\"font-weight: 400\">En Bolivia se encuentra el <\/span><b>Complejo Karachipampa, <\/b><span style=\"font-weight: 400\">un complejo\u00a0 abierto para su explotaci\u00f3n desde el a\u00f1o<strong> 1984<\/strong>.Esta zona de producci\u00f3n\u00a0 metal\u00fargica produce <strong>minerales<\/strong> con un valor a\u00f1adido , como el <strong>plomo y la plata met\u00e1lica<\/strong>, que contienen pureza de 99,9 %.seg\u00fan el <strong>Corporaci\u00f3n Minera de Bolivia<\/strong>.<\/span><\/span><\/p>\n<p>[\/vc_column_text][\/vc_column][vc_column width=\u00bb1\/6&#8243;][\/vc_column][\/vc_row][vc_row][vc_column][vc_media_grid grid_id=\u00bbvc_gid:1588256808476-673c7b5a-e357-10&#8243; include=\u00bb290,291,301&#8243;][\/vc_column][\/vc_row][vc_row type=\u00bbboxed\u00bb][vc_column width=\u00bb1\/4&#8243;][\/vc_column][vc_column width=\u00bb1\/2&#8243;][vc_column_text]<\/p>\n<h4 style=\"text-align: center\">BOTAS PARA MINER\u00cdA EN BOLIVIA<\/h4>\n<p><span style=\"color: #000000\">Por estar raz\u00f3n, <a href=\"http:\/\/www.ozapato.com\">OZAPATO<\/a>, ofrece las<strong> botas para miner\u00eda en<\/strong> Bolivia,m\u00e1s <strong>modernas y seguras<\/strong> del sector de la metal\u00fargica.Equipados con la mejor <a href=\"https:\/\/ozapato.com\/bo\/tecnologia\/\">tecnolog\u00eda<\/a> del sector y al mejor precio.<\/span>[\/vc_column_text][\/vc_column][vc_column width=\u00bb1\/4&#8243;][\/vc_column][\/vc_row][vc_row][vc_column][vc_empty_space][\/vc_column][\/vc_row][vc_row type=\u00bbboxed\u00bb][vc_column][vc_column_text]<\/p>\n<h4 style=\"text-align: center\"><span style=\"color: #ff0000\">\u00bfInteresado en botas de miner\u00eda?Recibe cotizaci\u00f3n en 24 hs.<\/span><\/h4>\n<p>[\/vc_column_text][vc_column_text]<iframe loading=\"lazy\" height=\"800px\" width=\"100%\" frameborder=\"0\" allow=\"geolocation;microphone;camera\" src=\"https:\/\/forms.zohopublic.com\/virtualoffice9264\/form\/BOWebForm\/formperma\/3bN6pDS6Jr9I87MWdwmx7UBWPwdeZrae-MkTGdkIWhI\"> <\/iframe>[\/vc_column_text][\/vc_column][\/vc_row][vc_row][vc_column][vc_empty_space][\/vc_column][\/vc_row][vc_row][vc_column][vc_column_text]\n<div id=\"sb_instagram\"  class=\"sbi sbi_mob_col_1 sbi_tab_col_2 sbi_col_4\" style=\"padding-bottom: 10px; width: 100%;\"\t data-feedid=\"sbi_17841401193873551#20\"  data-res=\"auto\" data-cols=\"4\" data-colsmobile=\"1\" data-colstablet=\"2\" data-num=\"20\" data-nummobile=\"\" data-item-padding=\"5\"\t data-shortcode-atts=\"{}\"  data-postid=\"284\" data-locatornonce=\"efee85567b\" data-imageaspectratio=\"1:1\" data-sbi-flags=\"favorLocal,gdpr\">\n\t\n\t<div id=\"sbi_images\"  style=\"gap: 10px;\">\n\t\t\t<\/div>\n\n\t<div id=\"sbi_load\" >\n\n\t\n\t\t\t<span class=\"sbi_follow_btn\" >\n\t\t\t<a target=\"_blank\" rel=\"nofollow noopener\" href=\"https:\/\/www.instagram.com\/17841401193873551\/\">\n\t\t\t\t<svg class=\"svg-inline--fa fa-instagram fa-w-14\" aria-hidden=\"true\" data-fa-processed=\"\" aria-label=\"Instagram\" data-prefix=\"fab\" data-icon=\"instagram\" role=\"img\" viewBox=\"0 0 448 512\">\n                    <path fill=\"currentColor\" d=\"M224.1 141c-63.6 0-114.9 51.3-114.9 114.9s51.3 114.9 114.9 114.9S339 319.5 339 255.9 287.7 141 224.1 141zm0 189.6c-41.1 0-74.7-33.5-74.7-74.7s33.5-74.7 74.7-74.7 74.7 33.5 74.7 74.7-33.6 74.7-74.7 74.7zm146.4-194.3c0 14.9-12 26.8-26.8 26.8-14.9 0-26.8-12-26.8-26.8s12-26.8 26.8-26.8 26.8 12 26.8 26.8zm76.1 27.2c-1.7-35.9-9.9-67.7-36.2-93.9-26.2-26.2-58-34.4-93.9-36.2-37-2.1-147.9-2.1-184.9 0-35.8 1.7-67.6 9.9-93.9 36.1s-34.4 58-36.2 93.9c-2.1 37-2.1 147.9 0 184.9 1.7 35.9 9.9 67.7 36.2 93.9s58 34.4 93.9 36.2c37 2.1 147.9 2.1 184.9 0 35.9-1.7 67.7-9.9 93.9-36.2 26.2-26.2 34.4-58 36.2-93.9 2.1-37 2.1-147.8 0-184.8zM398.8 388c-7.8 19.6-22.9 34.7-42.6 42.6-29.5 11.7-99.5 9-132.1 9s-102.7 2.6-132.1-9c-19.6-7.8-34.7-22.9-42.6-42.6-11.7-29.5-9-99.5-9-132.1s-2.6-102.7 9-132.1c7.8-19.6 22.9-34.7 42.6-42.6 29.5-11.7 99.5-9 132.1-9s102.7-2.6 132.1 9c19.6 7.8 34.7 22.9 42.6 42.6 11.7 29.5 9 99.5 9 132.1s2.7 102.7-9 132.1z\"><\/path>\n                <\/svg>\t\t\t\t<span>S\u00edguenos en Instagram<\/span>\n\t\t\t<\/a>\n\t\t<\/span>\n\t\n<\/div>\n\t\t<span class=\"sbi_resized_image_data\" data-feed-id=\"sbi_17841401193873551#20\"\n\t\t  data-resized=\"[]\">\n\t<\/span>\n\t<\/div>\n\n[\/vc_column_text][\/vc_column][\/vc_row][vc_row][vc_column][vc_separator][\/vc_column][\/vc_row]<\/p>\n","protected":false},"excerpt":{"rendered":"<p>[vc_row video_bg=\u00bbyes\u00bb video_bg_url=\u00bbhttps:\/\/www.youtube.com\/watch?v=__oq67bsM8A\u00bb css=\u00bb.vc_custom_1587119602704{padding-top: 32px !important;}\u00bb][vc_column][vc_column_text css=\u00bb.vc_custom_1587119794705{padding-top: 32px !important;}\u00bb] MINER\u00cdA [\/vc_column_text][\/vc_column][\/vc_row][vc_row][vc_column][vc_empty_space][\/vc_column][\/vc_row][vc_row][vc_column width=\u00bb1\/4&#8243;][\/vc_column][vc_column width=\u00bb1\/4&#8243;][\/vc_column][vc_column width=\u00bb1\/4&#8243;][\/vc_column][vc_column width=\u00bb1\/4&#8243;][\/vc_column][\/vc_row][vc_row][vc_column][vc_empty_space][\/vc_column][\/vc_row][vc_row type=\u00bbboxed\u00bb][vc_column width=\u00bb1\/6&#8243;][\/vc_column][vc_column width=\u00bb2\/3&#8243;][vc_column_text]\u26f0\ufe0fLa Miner\u00eda en Bolivia es una \u00a0actividad industrial m\u00e1s importante del Pa\u00eds.Siendo una de las fuente de recursos y divisas para este territorio miembro del Mercosur. Entre las riquezas mineras del pa\u00eds, la mayor\u00eda se encuentran en el [&hellip;]<\/p>\n","protected":false},"author":350,"featured_media":0,"parent":0,"menu_order":0,"comment_status":"closed","ping_status":"closed","template":"page-full-width.php","meta":{"footnotes":""},"class_list":["post-284","page","type-page","status-publish","hentry"],"_links":{"self":[{"href":"https:\/\/ozapato.com\/bo\/wp-json\/wp\/v2\/pages\/284","targetHints":{"allow":["GET"]}}],"collection":[{"href":"https:\/\/ozapato.com\/bo\/wp-json\/wp\/v2\/pages"}],"about":[{"href":"https:\/\/ozapato.com\/bo\/wp-json\/wp\/v2\/types\/page"}],"author":[{"embeddable":true,"href":"https:\/\/ozapato.com\/bo\/wp-json\/wp\/v2\/users\/350"}],"replies":[{"embeddable":true,"href":"https:\/\/ozapato.com\/bo\/wp-json\/wp\/v2\/comments?post=284"}],"version-history":[{"count":30,"href":"https:\/\/ozapato.com\/bo\/wp-json\/wp\/v2\/pages\/284\/revisions"}],"predecessor-version":[{"id":671,"href":"https:\/\/ozapato.com\/bo\/wp-json\/wp\/v2\/pages\/284\/revisions\/671"}],"wp:attachment":[{"href":"https:\/\/ozapato.com\/bo\/wp-json\/wp\/v2\/media?parent=284"}],"curies":[{"name":"wp","href":"https:\/\/api.w.org\/{rel}","templated":true}]}}