{"id":400,"date":"2020-04-15T15:37:11","date_gmt":"2020-04-15T15:37:11","guid":{"rendered":"https:\/\/ozapato.com\/bo\/?page_id=400"},"modified":"2020-05-26T11:42:30","modified_gmt":"2020-05-26T11:42:30","slug":"calzado-antiestatico","status":"publish","type":"page","link":"https:\/\/ozapato.com\/bo\/calzado-antiestatico\/","title":{"rendered":"\ud83d\udee0\ufe0f CALZADO ANTIEST\u00c1TICO"},"content":{"rendered":"<p>[vc_row video_bg=\u00bbyes\u00bb video_bg_url=\u00bbhttps:\/\/www.youtube.com\/watch?v=__oq67bsM8A\u00bb css=\u00bb.vc_custom_1587122571678{padding-top: 32px !important;}\u00bb][vc_column][vc_column_text]<\/p>\n<h2><\/h2>\n<h2><\/h2>\n<h2 style=\"text-align: center\"><span style=\"color: #ffffff\">CALZADO ANTIEST\u00c1TICO<\/span><\/h2>\n<p>[\/vc_column_text][\/vc_column][\/vc_row][vc_row][vc_column width=\u00bb1\/4&#8243;]\n\t\t<div class=\"shortcode_banner_simple_height \" onclick=\"window.open('https:\/\/ozapato.com\/bo\/calzado-dielectrico\/', '_blank');\" style=\"height:275pxpx;\">\n\t\t\t<div class=\"shortcode_banner_simple_height_inner\">\n\t\t\t\t<div class=\"shortcode_banner_simple_height_bkg\" style=\"background-color:#000000; background-image:url()\"><\/div>\n\t\t\t\n\t\t\t\t<div class=\"shortcode_banner_simple_height_inside\" style=\"border: 2pxpx solid #000000\">\n\t\t\t\t\t<div class=\"shortcode_banner_simple_height_content\">\n\t\t\t\t\t\t<div><h3 class=\"banner_title\" style=\"color:#fff\"> Calzado Diel\u00e9ctrico<\/h3><\/div>\n\t\t\t\t\t\t<div class=\"shortcode_banner_simple_height_sep\" style=\"margin:5px auto; background-color:#fff;\"><\/div>\n\t\t\t\t\t\t<div><h4 class=\"banner_subtitle\" style=\"color:#fff\">18 voltios.<\/h4><\/div>\n\t\t\t\t\t<\/div>\n\t\t\t\t<\/div>\n\t\t\t<\/div><\/div>[\/vc_column][vc_column width=\u00bb1\/4&#8243;]\n\t\t<div class=\"shortcode_banner_simple_height \" onclick=\"window.open('https:\/\/ozapato.com\/bo\/botas-tacticas-militares\/', '_blank');\" style=\"height:275pxpx;\">\n\t\t\t<div class=\"shortcode_banner_simple_height_inner\">\n\t\t\t\t<div class=\"shortcode_banner_simple_height_bkg\" style=\"background-color:#d30000; background-image:url()\"><\/div>\n\t\t\t\n\t\t\t\t<div class=\"shortcode_banner_simple_height_inside\" style=\"border: 0px solid #d30000\">\n\t\t\t\t\t<div class=\"shortcode_banner_simple_height_content\">\n\t\t\t\t\t\t<div><h3 class=\"banner_title\" style=\"color:#fff\">Botas T\u00e1cticas y Militares<\/h3><\/div>\n\t\t\t\t\t\t<div class=\"shortcode_banner_simple_height_sep\" style=\"margin:5px auto; background-color:#fff;\"><\/div>\n\t\t\t\t\t\t<div><h4 class=\"banner_subtitle\" style=\"color:#fff\">OZAPATO<\/h4><\/div>\n\t\t\t\t\t<\/div>\n\t\t\t\t<\/div>\n\t\t\t<\/div><\/div>[\/vc_column][vc_column width=\u00bb1\/4&#8243;]\n\t\t<div class=\"shortcode_banner_simple_height \" onclick=\"window.open('https:\/\/ozapato.com\/bo\/mineria\/', '_blank');\" style=\"height:275pxpx;\">\n\t\t\t<div class=\"shortcode_banner_simple_height_inner\">\n\t\t\t\t<div class=\"shortcode_banner_simple_height_bkg\" style=\"background-color:#000000; background-image:url()\"><\/div>\n\t\t\t\n\t\t\t\t<div class=\"shortcode_banner_simple_height_inside\" style=\"border: 2pxpx solid #000000\">\n\t\t\t\t\t<div class=\"shortcode_banner_simple_height_content\">\n\t\t\t\t\t\t<div><h3 class=\"banner_title\" style=\"color:#fff\">Miner\u00eda<\/h3><\/div>\n\t\t\t\t\t\t<div class=\"shortcode_banner_simple_height_sep\" style=\"margin:5px auto; background-color:#fff;\"><\/div>\n\t\t\t\t\t\t<div><h4 class=\"banner_subtitle\" style=\"color:#fff\">Botas para miner\u00eda en Bolivia<\/h4><\/div>\n\t\t\t\t\t<\/div>\n\t\t\t\t<\/div>\n\t\t\t<\/div><\/div>[\/vc_column][vc_column width=\u00bb1\/4&#8243;]\n\t\t<div class=\"shortcode_banner_simple_height \" onclick=\"window.open('https:\/\/ozapato.com\/bo\/las-mejores-botas-de-seguridad-industrial-de-bolivia\/', '_blank');\" style=\"height:275pxpx;\">\n\t\t\t<div class=\"shortcode_banner_simple_height_inner\">\n\t\t\t\t<div class=\"shortcode_banner_simple_height_bkg\" style=\"background-color:#d30000; background-image:url()\"><\/div>\n\t\t\t\n\t\t\t\t<div class=\"shortcode_banner_simple_height_inside\" style=\"border: 0px solid #d30000\">\n\t\t\t\t\t<div class=\"shortcode_banner_simple_height_content\">\n\t\t\t\t\t\t<div><h3 class=\"banner_title\" style=\"color:#fff\">Industrial<\/h3><\/div>\n\t\t\t\t\t\t<div class=\"shortcode_banner_simple_height_sep\" style=\"margin:5px auto; background-color:#fff;\"><\/div>\n\t\t\t\t\t\t<div><h4 class=\"banner_subtitle\" style=\"color:#fff\">Botas de seguridad industrial<\/h4><\/div>\n\t\t\t\t\t<\/div>\n\t\t\t\t<\/div>\n\t\t\t<\/div><\/div>[\/vc_column][\/vc_row][vc_row][vc_column][vc_empty_space][\/vc_column][\/vc_row][vc_row type=\u00bbboxed\u00bb][vc_column width=\u00bb1\/4&#8243;][\/vc_column][vc_column width=\u00bb1\/2&#8243;][vc_column_text]<\/p>\n<h4 style=\"text-align: center\">\u00a0CALZADO\u00a0 ANTIEST\u00c1TICO<\/h4>\n<p><a href=\"https:\/\/emojipedia.org\/hammer-and-wrench\/\" target=\"_blank\" rel=\"noopener\"><span class=\"emoji\">\ud83d\udee0\ufe0f <\/span><\/a><span style=\"color: #000000\">El <strong>calzado antiest\u00e1tico o conductivo\u00a0 y el calzado diel\u00e9ctrico <\/strong><\/span><span style=\"color: #000000\">se utiliza en \u00e1reas de trabajo donde el trabajador se expone\u00a0 a la el\u00e9ctricidad.<\/span><\/p>\n<p><span style=\"color: #000000\">Existen dos tipos de<a style=\"color: #000000\" href=\"https:\/\/ozapato.com\/bo\/calzado-de-seguridad-industrial-en-bolivia\/\"> zapatos y botas de seguridad<\/a> que debes utilizar\u00a0 a la hora de realizar trabajos en zonas el\u00e9ctricas. El<strong> Antiest\u00e1tico\u00a0 y el Aislante.\u00a0<\/strong><\/span><\/p>\n<p><span style=\"color: #000000\"><strong>En este apartado definimos las caracter\u00edsticas del calzado antiest\u00e1tico.<\/strong><\/span><\/p>\n<p><span style=\"color: #000000\"><strong>Calzado Antiest\u00e1tico<\/strong><\/span><\/p>\n<p><span style=\"color: #000000\">El<strong> calzado antiest\u00e1tico o conductivo<\/strong>, se utilizan en \u00e1reas de trabajo con <strong>baja electricidad,<\/strong> con la funci\u00f3n de esparcir las corrientes estaticas, y favorecer que la corriente circule a trav\u00e9s del trabajador y se descargue.<\/span>[\/vc_column_text][\/vc_column][vc_column width=\u00bb1\/4&#8243;][\/vc_column][\/vc_row][vc_row][vc_column][vc_empty_space][\/vc_column][\/vc_row][vc_row type=\u00bbboxed\u00bb][vc_column width=\u00bb1\/4&#8243;][\/vc_column][vc_column width=\u00bb1\/2&#8243;][vc_column_text]<\/p>\n<h4 style=\"text-align: center\">CALZADO DE SEGURIDAD DIEL\u00c9CTRICO<\/h4>\n<p><span style=\"font-weight: 400;color: #000000\">El <strong>calzado diel\u00e9ctrico <\/strong>tiene como principal funci\u00f3n\u00a0 proteger a los trabajadores del impacto de objetos pesados y tambi\u00e9n de la <strong>descarga el\u00e9ctrica<\/strong> al manipular cables o bater\u00edas el\u00e9ctricas.<\/span><\/p>\n<p><span style=\"font-weight: 400;color: #000000\">Los calzados diel\u00e9ctricos suelen estar compuestos por una<a style=\"color: #000000\" href=\"https:\/\/ozapato.com\/bo\/tecnologia\/\"><strong> punta de acero o composite<\/strong><\/a> para proteger de impactos de <a style=\"color: #000000\" href=\"https:\/\/es.wikipedia.org\/wiki\/Julio_(unidad)\" target=\"_blank\" rel=\"noopener\">200 Joules.<\/a><\/span><\/p>\n<p><span style=\"font-weight: 400;color: #000000\">La <strong>punta de acero<\/strong>, se utiliza mayormente en los <strong>calzados aislantes<\/strong>, ya que esta <a href=\"https:\/\/ozapato.com\/bo\/las-mejores-botas-de-seguridad-industrial-de-bolivia\/\">bota de seguridad, <\/a>nunca estar\u00e1 en contacto con la superficie y no cumplira el ciclo de cierre del circuito debido al flujo de electr\u00f3nes en el cuerpo de una persona.<\/span>[\/vc_column_text][\/vc_column][vc_column width=\u00bb1\/4&#8243;][\/vc_column][\/vc_row][vc_row type=\u00bbboxed\u00bb][vc_column][vc_media_grid grid_id=\u00bbvc_gid:1590491238323-667d539a-ca4b-1&#8243; include=\u00bb404,405,406&#8243;][\/vc_column][\/vc_row][vc_row][vc_column][vc_empty_space][\/vc_column][\/vc_row][vc_row][vc_column][vc_empty_space][\/vc_column][\/vc_row][vc_row type=\u00bbboxed\u00bb][vc_column][vc_column_text]<\/p>\n<h4 class=\"western\" style=\"text-align: center\"><span style=\"color: #ff0000\">\u00bfInteresado en Calzados Antiest\u00e1ticos? Recibe una cotizaci\u00f3n\u00a0 gratis en 24 horas.<\/span><\/h4>\n<p>[\/vc_column_text][vc_column_text]<iframe loading=\"lazy\" height=\"800px\" width=\"100%\" frameborder=\"0\" allow=\"geolocation;microphone;camera\" src=\"https:\/\/forms.zohopublic.com\/virtualoffice9264\/form\/BOWebForm\/formperma\/3bN6pDS6Jr9I87MWdwmx7UBWPwdeZrae-MkTGdkIWhI\"> <\/iframe>[\/vc_column_text][\/vc_column][\/vc_row][vc_row][vc_column][vc_empty_space][\/vc_column][\/vc_row][vc_row type=\u00bbboxed\u00bb][vc_column width=\u00bb1\/4&#8243;][\/vc_column][vc_column width=\u00bb1\/2&#8243;][vc_column_text]<\/p>\n<h3 align=\"center\">BOTAS DE SEGURIDAD INDUSTRIAL<\/h3>\n<p><span style=\"color: #000000\">Los calzados de seguridad son muy importantes y necesarios en el sector industrial, como tambien en el sector de la <a style=\"color: #000000\" href=\"https:\/\/ozapato.com\/bo\/mineria\/\">miner\u00eda<\/a>, petroleo,construcci\u00f3n, por esta raz\u00f3n nuestra promesa para usted es de ofrecerle el <strong>mejor producto, al mejor precio y de la forma mas r\u00e1pida<\/strong>. Eso sin sacrificar ni el dise\u00f1o ni la comodidad de su bota.<\/span><\/p>\n<p><span style=\"color: #000000\">En <a style=\"color: #000000\" href=\"https:\/\/en.wikipedia.org\/wiki\/Bolivia\" target=\"_blank\" rel=\"noopener\">Bolivia<\/a>, nuestra l\u00ednea industrial cuenta con botas de seguridad industrial: <\/span><\/p>\n<ul>\n<li><strong><span style=\"color: #000000\">Botas Diel\u00e9ctricas.<\/span><\/strong><\/li>\n<li><strong><span style=\"color: #000000\"><a style=\"color: #000000\" href=\"https:\/\/ozapato.com\/bo\/botas-tacticas-militares\/\">Botas T\u00e1cticas <\/a>.<\/span><\/strong><\/li>\n<li><span style=\"color: #000000\"><strong>Botas Antiest\u00e1ticas.<\/strong><\/span><\/li>\n<li><span style=\"color: #000000\"><strong>Botas para la Miner\u00eda.<\/strong><\/span><\/li>\n<\/ul>\n<p>[\/vc_column_text][\/vc_column][vc_column width=\u00bb1\/4&#8243;][\/vc_column][\/vc_row][vc_row type=\u00bbboxed\u00bb][vc_column][vc_column_text]\n<div id=\"sb_instagram\"  class=\"sbi sbi_mob_col_1 sbi_tab_col_2 sbi_col_4\" style=\"padding-bottom: 10px; width: 100%;\"\t data-feedid=\"sbi_17841401193873551#20\"  data-res=\"auto\" data-cols=\"4\" data-colsmobile=\"1\" data-colstablet=\"2\" data-num=\"20\" data-nummobile=\"\" data-item-padding=\"5\"\t data-shortcode-atts=\"{}\"  data-postid=\"400\" data-locatornonce=\"6e8ab2da3a\" data-imageaspectratio=\"1:1\" data-sbi-flags=\"favorLocal,gdpr\">\n\t\n\t<div id=\"sbi_images\"  style=\"gap: 10px;\">\n\t\t\t<\/div>\n\n\t<div id=\"sbi_load\" >\n\n\t\n\t\t\t<span class=\"sbi_follow_btn\" >\n\t\t\t<a target=\"_blank\" rel=\"nofollow noopener\" href=\"https:\/\/www.instagram.com\/17841401193873551\/\">\n\t\t\t\t<svg class=\"svg-inline--fa fa-instagram fa-w-14\" aria-hidden=\"true\" data-fa-processed=\"\" aria-label=\"Instagram\" data-prefix=\"fab\" data-icon=\"instagram\" role=\"img\" viewBox=\"0 0 448 512\">\n                    <path fill=\"currentColor\" d=\"M224.1 141c-63.6 0-114.9 51.3-114.9 114.9s51.3 114.9 114.9 114.9S339 319.5 339 255.9 287.7 141 224.1 141zm0 189.6c-41.1 0-74.7-33.5-74.7-74.7s33.5-74.7 74.7-74.7 74.7 33.5 74.7 74.7-33.6 74.7-74.7 74.7zm146.4-194.3c0 14.9-12 26.8-26.8 26.8-14.9 0-26.8-12-26.8-26.8s12-26.8 26.8-26.8 26.8 12 26.8 26.8zm76.1 27.2c-1.7-35.9-9.9-67.7-36.2-93.9-26.2-26.2-58-34.4-93.9-36.2-37-2.1-147.9-2.1-184.9 0-35.8 1.7-67.6 9.9-93.9 36.1s-34.4 58-36.2 93.9c-2.1 37-2.1 147.9 0 184.9 1.7 35.9 9.9 67.7 36.2 93.9s58 34.4 93.9 36.2c37 2.1 147.9 2.1 184.9 0 35.9-1.7 67.7-9.9 93.9-36.2 26.2-26.2 34.4-58 36.2-93.9 2.1-37 2.1-147.8 0-184.8zM398.8 388c-7.8 19.6-22.9 34.7-42.6 42.6-29.5 11.7-99.5 9-132.1 9s-102.7 2.6-132.1-9c-19.6-7.8-34.7-22.9-42.6-42.6-11.7-29.5-9-99.5-9-132.1s-2.6-102.7 9-132.1c7.8-19.6 22.9-34.7 42.6-42.6 29.5-11.7 99.5-9 132.1-9s102.7-2.6 132.1 9c19.6 7.8 34.7 22.9 42.6 42.6 11.7 29.5 9 99.5 9 132.1s2.7 102.7-9 132.1z\"><\/path>\n                <\/svg>\t\t\t\t<span>S\u00edguenos en Instagram<\/span>\n\t\t\t<\/a>\n\t\t<\/span>\n\t\n<\/div>\n\t\t<span class=\"sbi_resized_image_data\" data-feed-id=\"sbi_17841401193873551#20\"\n\t\t  data-resized=\"[]\">\n\t<\/span>\n\t<\/div>\n\n[\/vc_column_text][\/vc_column][\/vc_row][vc_row][vc_column][vc_separator][\/vc_column][\/vc_row]<\/p>\n","protected":false},"excerpt":{"rendered":"<p>[vc_row video_bg=\u00bbyes\u00bb video_bg_url=\u00bbhttps:\/\/www.youtube.com\/watch?v=__oq67bsM8A\u00bb css=\u00bb.vc_custom_1587122571678{padding-top: 32px !important;}\u00bb][vc_column][vc_column_text] CALZADO ANTIEST\u00c1TICO [\/vc_column_text][\/vc_column][\/vc_row][vc_row][vc_column width=\u00bb1\/4&#8243;][\/vc_column][vc_column width=\u00bb1\/4&#8243;][\/vc_column][vc_column width=\u00bb1\/4&#8243;][\/vc_column][vc_column width=\u00bb1\/4&#8243;][\/vc_column][\/vc_row][vc_row][vc_column][vc_empty_space][\/vc_column][\/vc_row][vc_row type=\u00bbboxed\u00bb][vc_column width=\u00bb1\/4&#8243;][\/vc_column][vc_column width=\u00bb1\/2&#8243;][vc_column_text] \u00a0CALZADO\u00a0 ANTIEST\u00c1TICO \ud83d\udee0\ufe0f El calzado antiest\u00e1tico o conductivo\u00a0 y el calzado diel\u00e9ctrico se utiliza en \u00e1reas de trabajo donde el trabajador se expone\u00a0 a la el\u00e9ctricidad. Existen dos tipos de zapatos y botas de seguridad que debes utilizar\u00a0 a [&hellip;]<\/p>\n","protected":false},"author":350,"featured_media":0,"parent":0,"menu_order":0,"comment_status":"closed","ping_status":"closed","template":"page-full-width.php","meta":{"footnotes":""},"class_list":["post-400","page","type-page","status-publish","hentry"],"_links":{"self":[{"href":"https:\/\/ozapato.com\/bo\/wp-json\/wp\/v2\/pages\/400","targetHints":{"allow":["GET"]}}],"collection":[{"href":"https:\/\/ozapato.com\/bo\/wp-json\/wp\/v2\/pages"}],"about":[{"href":"https:\/\/ozapato.com\/bo\/wp-json\/wp\/v2\/types\/page"}],"author":[{"embeddable":true,"href":"https:\/\/ozapato.com\/bo\/wp-json\/wp\/v2\/users\/350"}],"replies":[{"embeddable":true,"href":"https:\/\/ozapato.com\/bo\/wp-json\/wp\/v2\/comments?post=400"}],"version-history":[{"count":30,"href":"https:\/\/ozapato.com\/bo\/wp-json\/wp\/v2\/pages\/400\/revisions"}],"predecessor-version":[{"id":688,"href":"https:\/\/ozapato.com\/bo\/wp-json\/wp\/v2\/pages\/400\/revisions\/688"}],"wp:attachment":[{"href":"https:\/\/ozapato.com\/bo\/wp-json\/wp\/v2\/media?parent=400"}],"curies":[{"name":"wp","href":"https:\/\/api.w.org\/{rel}","templated":true}]}}