{"id":426,"date":"2020-04-15T18:45:33","date_gmt":"2020-04-15T18:45:33","guid":{"rendered":"https:\/\/ozapato.com\/bo\/?page_id=426"},"modified":"2020-06-04T14:11:28","modified_gmt":"2020-06-04T14:11:28","slug":"botas-para-soldadores","status":"publish","type":"page","link":"https:\/\/ozapato.com\/bo\/botas-para-soldadores\/","title":{"rendered":"\ud83d\udca5 Calzado para soldadores"},"content":{"rendered":"<p>[vc_row video_bg=\u00bbyes\u00bb video_bg_url=\u00bbhttps:\/\/www.youtube.com\/watch?v=__oq67bsM8A\u00bb][vc_column][vc_column_text css=\u00bb.vc_custom_1587118958548{padding-top: 32px !important;}\u00bb]<\/p>\n<h2 style=\"text-align: center\"><span style=\"color: #ffffff\">BOTAS PARA SOLDADORES<\/span><\/h2>\n<p>[\/vc_column_text][\/vc_column][\/vc_row][vc_row][vc_column][vc_empty_space][\/vc_column][\/vc_row][vc_row][vc_column width=\u00bb1\/4&#8243;]\n\t\t<div class=\"shortcode_banner_simple_height \" onclick=\"window.open('https:\/\/ozapato.com\/bo\/tecnologia\/', '_blank');\" style=\"height:275pxpx;\">\n\t\t\t<div class=\"shortcode_banner_simple_height_inner\">\n\t\t\t\t<div class=\"shortcode_banner_simple_height_bkg\" style=\"background-color:#000000; background-image:url()\"><\/div>\n\t\t\t\n\t\t\t\t<div class=\"shortcode_banner_simple_height_inside\" style=\"border: 2pxpx solid #000000\">\n\t\t\t\t\t<div class=\"shortcode_banner_simple_height_content\">\n\t\t\t\t\t\t<div><h3 class=\"banner_title\" style=\"color:#fff\">Tecnolog\u00eda<\/h3><\/div>\n\t\t\t\t\t\t<div class=\"shortcode_banner_simple_height_sep\" style=\"margin:5px auto; background-color:#fff;\"><\/div>\n\t\t\t\t\t\t<div><h4 class=\"banner_subtitle\" style=\"color:#fff\">Tecnolog\u00eda de OZAPATO<\/h4><\/div>\n\t\t\t\t\t<\/div>\n\t\t\t\t<\/div>\n\t\t\t<\/div><\/div>[\/vc_column][vc_column width=\u00bb1\/4&#8243;]\n\t\t<div class=\"shortcode_banner_simple_height \" onclick=\"window.open('https:\/\/ozapato.com\/bo\/mineria\/', '_blank');\" style=\"height:275pxpx;\">\n\t\t\t<div class=\"shortcode_banner_simple_height_inner\">\n\t\t\t\t<div class=\"shortcode_banner_simple_height_bkg\" style=\"background-color:#d30000; background-image:url()\"><\/div>\n\t\t\t\n\t\t\t\t<div class=\"shortcode_banner_simple_height_inside\" style=\"border: 0px solid #d30000\">\n\t\t\t\t\t<div class=\"shortcode_banner_simple_height_content\">\n\t\t\t\t\t\t<div><h3 class=\"banner_title\" style=\"color:#fff\">Miner\u00eda<\/h3><\/div>\n\t\t\t\t\t\t<div class=\"shortcode_banner_simple_height_sep\" style=\"margin:5px auto; background-color:#fff;\"><\/div>\n\t\t\t\t\t\t<div><h4 class=\"banner_subtitle\" style=\"color:#fff\">Botas para la miner\u00eda<\/h4><\/div>\n\t\t\t\t\t<\/div>\n\t\t\t\t<\/div>\n\t\t\t<\/div><\/div>[\/vc_column][vc_column width=\u00bb1\/4&#8243;]\n\t\t<div class=\"shortcode_banner_simple_height \" onclick=\"window.open('https:\/\/ozapato.com\/bo\/calzado-dielectrico\/', '_blank');\" style=\"height:275pxpx;\">\n\t\t\t<div class=\"shortcode_banner_simple_height_inner\">\n\t\t\t\t<div class=\"shortcode_banner_simple_height_bkg\" style=\"background-color:#000000; background-image:url()\"><\/div>\n\t\t\t\n\t\t\t\t<div class=\"shortcode_banner_simple_height_inside\" style=\"border: 2pxpx solid #000000\">\n\t\t\t\t\t<div class=\"shortcode_banner_simple_height_content\">\n\t\t\t\t\t\t<div><h3 class=\"banner_title\" style=\"color:#fff\">Diel\u00e9ctricas<\/h3><\/div>\n\t\t\t\t\t\t<div class=\"shortcode_banner_simple_height_sep\" style=\"margin:5px auto; background-color:#fff;\"><\/div>\n\t\t\t\t\t\t<div><h4 class=\"banner_subtitle\" style=\"color:#fff\">Botas de seguridad Diel\u00e9ctricas<\/h4><\/div>\n\t\t\t\t\t<\/div>\n\t\t\t\t<\/div>\n\t\t\t<\/div><\/div>[\/vc_column][vc_column width=\u00bb1\/4&#8243;]\n\t\t<div class=\"shortcode_banner_simple_height \" onclick=\"location.href='https:\/\/ozapato.com\/bo\/oil-gas\/';\" style=\"height:275pxpx;\">\n\t\t\t<div class=\"shortcode_banner_simple_height_inner\">\n\t\t\t\t<div class=\"shortcode_banner_simple_height_bkg\" style=\"background-color:#d30000; background-image:url()\"><\/div>\n\t\t\t\n\t\t\t\t<div class=\"shortcode_banner_simple_height_inside\" style=\"border: 0px solid #d30000\">\n\t\t\t\t\t<div class=\"shortcode_banner_simple_height_content\">\n\t\t\t\t\t\t<div><h3 class=\"banner_title\" style=\"color:#fff\">Oil &amp; Gas<\/h3><\/div>\n\t\t\t\t\t\t<div class=\"shortcode_banner_simple_height_sep\" style=\"margin:5px auto; background-color:#fff;\"><\/div>\n\t\t\t\t\t\t<div><h4 class=\"banner_subtitle\" style=\"color:#fff\">Sector Petrol\u00edfero<\/h4><\/div>\n\t\t\t\t\t<\/div>\n\t\t\t\t<\/div>\n\t\t\t<\/div><\/div>[\/vc_column][\/vc_row][vc_row][vc_column][vc_empty_space][\/vc_column][\/vc_row][vc_row type=\u00bbboxed\u00bb][vc_column width=\u00bb1\/4&#8243;][\/vc_column][vc_column width=\u00bb1\/2&#8243;][vc_column_text]<\/p>\n<h3 style=\"text-align: center\"><strong>BOTAS PARA SOLDADORES\u00a0 EN BOLIVIA<\/strong><\/h3>\n<p><a href=\"https:\/\/emojipedia.org\/collision\/\" target=\"_blank\" rel=\"noopener\"><span class=\"emoji\">\ud83d\udca5<\/span><\/a> <span style=\"color: #000000\">Las<strong><a style=\"color: #000000\" href=\"https:\/\/ozapato.com\/bo\/botas-tacticas-militares\/\"> botas<\/a> de soldadores<\/strong> sirven para proteger los pies del soldador mientras trabaja de chispas, fuego y objetos pesados.<\/span><\/p>\n<p><span style=\"color: #000000\"><span style=\"font-weight: 400\">Los <\/span><b>soldadores <\/b><span style=\"font-weight: 400\">unen piezas de metal mediante la aplicaci\u00f3n de un calor intenso. Son responsables de preparar el<a style=\"color: #000000\" href=\"https:\/\/es.wikipedia.org\/wiki\/Metal\" target=\"_blank\" rel=\"noopener\"> metal<\/a> y del cuidado de las herramientas de soldar el metal.<\/span><\/span><\/p>\n<p><span style=\"font-weight: 400;color: #000000\">El soldador puede tener que ajustar las piezas que debe soldar en el banco de un taller, o directamente en una obra de construcci\u00f3n. Mantienen los metales unidos mediante plantillas y aplican las soldaduras.<\/span><\/p>\n<p><span style=\"color: #000000\"><span style=\"font-weight: 400\">Los soldadores pueden tener <\/span><b>t\u00e9cnicas manual y mec\u00e1nicas <\/b>para la <a style=\"color: #000000\" href=\"https:\/\/es.wikipedia.org\/wiki\/Soldadura\" target=\"_blank\" rel=\"noopener\">soldadura.<\/a><\/span>[\/vc_column_text][\/vc_column][vc_column width=\u00bb1\/4&#8243;][\/vc_column][\/vc_row][vc_row][vc_column][vc_empty_space][\/vc_column][\/vc_row][vc_row type=\u00bbboxed\u00bb][vc_column width=\u00bb1\/6&#8243;][\/vc_column][vc_column width=\u00bb2\/3&#8243;][vc_column_text]<\/p>\n<h4 style=\"text-align: center\"><strong>\u00a0T\u00c9CNICA\u00a0 DE SOLDADURA MANUAL:<\/strong><\/h4>\n<p><span style=\"font-weight: 400;color: #000000\">En la t\u00e9cnica manual hay <strong>4 procesos de soldadura.<\/strong><\/span><\/p>\n<ul>\n<li style=\"font-weight: 400\"><span style=\"color: #000000\"><b>Soldadura de Arco met\u00e1lico<\/b><span style=\"font-weight: 400\">: consiste en unir la varilla de metal con la pieza de trabajo.<\/span><\/span><\/li>\n<li style=\"font-weight: 400\"><span style=\"color: #000000\"><b>Soldadura de oxiacetileno<\/b><span style=\"font-weight: 400\">: Proceso que consiste en soldar dos elementos a trav\u00e9s de la combusti\u00f3n de acetileno y oxigeno.<\/span><\/span><\/li>\n<li style=\"font-weight: 400\"><span style=\"color: #000000\"><b>Soldadura de gas inerte de metal: <\/b><span style=\"font-weight: 400\">Soldadura que se aplica con el uso de gas inerte.<\/span><\/span><\/li>\n<li><span style=\"color: #000000\"><b>Soldadura con Tungsteno: <\/b><\/span><span style=\"font-weight: 400\"><span style=\"color: #000000\">Se aplica la soldadura con gas tungsteno\u00a0 para unir elementos como el magnesio, acero inoxidable y ti<\/span>tanio.<\/span><\/li>\n<\/ul>\n<p>[\/vc_column_text][\/vc_column][vc_column width=\u00bb1\/6&#8243;][\/vc_column][\/vc_row][vc_row height=\u00bb150px\u00bb type=\u00bbboxed\u00bb][vc_column][vc_media_grid grid_id=\u00bbvc_gid:1591279875164-2dd4c28f-a474-7&#8243; include=\u00bb437,434,432&#8243;][\/vc_column][\/vc_row][vc_row][vc_column][vc_empty_space][\/vc_column][\/vc_row][vc_row type=\u00bbboxed\u00bb][vc_column width=\u00bb1\/4&#8243;][\/vc_column][vc_column width=\u00bb1\/2&#8243;][vc_column_text]<\/p>\n<h4 style=\"text-align: center\"><strong>T\u00c9CNICA\u00a0 DE SOLDADURAS MEC\u00c1NICAS<\/strong><\/h4>\n<p><span style=\"font-weight: 400;color: #000000\">En la <strong>Soldadura Mec\u00e1nica<\/strong> se utilizan herramientas con <a style=\"color: #000000\" href=\"https:\/\/ozapato.com\/bo\/tecnologia\/\">tecnolog\u00eda<\/a> m\u00e1s avanzada:<\/span><\/p>\n<ul>\n<li style=\"font-weight: 400\"><span style=\"font-weight: 400;color: #000000\">Soldadura con <a style=\"color: #000000\" href=\"https:\/\/es.wikipedia.org\/wiki\/Soldadura_por_rayo_l%C3%A1ser\" target=\"_blank\" rel=\"noopener\"><strong>Rayos X<\/strong><\/a>: Los rayos l\u00e1ser penetran el metal sin da\u00f1arlo, y toda la soldadura puede ser completamente inspeccionada.<\/span><\/li>\n<\/ul>\n<p>&nbsp;<\/p>\n<ul>\n<li><span style=\"color: #000000\"><span style=\"font-weight: 400\"><a style=\"color: #000000\" href=\"https:\/\/es.wikipedia.org\/wiki\/Soldadura_ultras%C3%B3nica\" target=\"_blank\" rel=\"noopener\">Soldadura <\/a><strong>Ultras\u00f3nica<strong>\u00a0<\/strong>o Pruebas de Tinci\u00f3n: <\/strong><\/span><span style=\"font-weight: 400\">Consiste en una m\u00e1quina con punta de base plana, donde se colocan los materiales uno encima de otro y despu\u00e9s se baja la punta de la m\u00e1quina, esta emite una\u00a0 onda ultras\u00f3nica que mueve las mol\u00e9culas de ambos materiales provocando que estas se fundan.<\/span><\/span><\/li>\n<\/ul>\n<p>[\/vc_column_text][\/vc_column][vc_column width=\u00bb1\/4&#8243;][\/vc_column][\/vc_row][vc_row][vc_column][vc_empty_space][\/vc_column][\/vc_row][vc_row type=\u00bbboxed\u00bb][vc_column][vc_column_text]<\/p>\n<h5 style=\"text-align: center\"><span style=\"color: #ff0000\"><strong>\u00bfInteresado en Botas para Soldadores?.Recibe cotizaci\u00f3n\u00a0 gratis en 24 hs.<\/strong><\/span><\/h5>\n<p>[\/vc_column_text][vc_column_text]<iframe loading=\"lazy\" height=\"800px\" width=\"100%\" frameborder=\"0\" allow=\"geolocation;microphone;camera\" src=\"https:\/\/forms.zohopublic.com\/virtualoffice9264\/form\/BOWebForm\/formperma\/3bN6pDS6Jr9I87MWdwmx7UBWPwdeZrae-MkTGdkIWhI\"> <\/iframe>[\/vc_column_text][\/vc_column][\/vc_row][vc_row][vc_column][vc_empty_space][\/vc_column][\/vc_row][vc_row][vc_column][vc_column_text]\n<div id=\"sb_instagram\"  class=\"sbi sbi_mob_col_1 sbi_tab_col_2 sbi_col_4\" style=\"padding-bottom: 10px; width: 100%;\"\t data-feedid=\"sbi_17841401193873551#20\"  data-res=\"auto\" data-cols=\"4\" data-colsmobile=\"1\" data-colstablet=\"2\" data-num=\"20\" data-nummobile=\"\" data-item-padding=\"5\"\t data-shortcode-atts=\"{}\"  data-postid=\"426\" data-locatornonce=\"eb40257b94\" data-imageaspectratio=\"1:1\" data-sbi-flags=\"favorLocal,gdpr\">\n\t\n\t<div id=\"sbi_images\"  style=\"gap: 10px;\">\n\t\t\t<\/div>\n\n\t<div id=\"sbi_load\" >\n\n\t\n\t\t\t<span class=\"sbi_follow_btn\" >\n\t\t\t<a target=\"_blank\" rel=\"nofollow noopener\" href=\"https:\/\/www.instagram.com\/17841401193873551\/\">\n\t\t\t\t<svg class=\"svg-inline--fa fa-instagram fa-w-14\" aria-hidden=\"true\" data-fa-processed=\"\" aria-label=\"Instagram\" data-prefix=\"fab\" data-icon=\"instagram\" role=\"img\" viewBox=\"0 0 448 512\">\n                    <path fill=\"currentColor\" d=\"M224.1 141c-63.6 0-114.9 51.3-114.9 114.9s51.3 114.9 114.9 114.9S339 319.5 339 255.9 287.7 141 224.1 141zm0 189.6c-41.1 0-74.7-33.5-74.7-74.7s33.5-74.7 74.7-74.7 74.7 33.5 74.7 74.7-33.6 74.7-74.7 74.7zm146.4-194.3c0 14.9-12 26.8-26.8 26.8-14.9 0-26.8-12-26.8-26.8s12-26.8 26.8-26.8 26.8 12 26.8 26.8zm76.1 27.2c-1.7-35.9-9.9-67.7-36.2-93.9-26.2-26.2-58-34.4-93.9-36.2-37-2.1-147.9-2.1-184.9 0-35.8 1.7-67.6 9.9-93.9 36.1s-34.4 58-36.2 93.9c-2.1 37-2.1 147.9 0 184.9 1.7 35.9 9.9 67.7 36.2 93.9s58 34.4 93.9 36.2c37 2.1 147.9 2.1 184.9 0 35.9-1.7 67.7-9.9 93.9-36.2 26.2-26.2 34.4-58 36.2-93.9 2.1-37 2.1-147.8 0-184.8zM398.8 388c-7.8 19.6-22.9 34.7-42.6 42.6-29.5 11.7-99.5 9-132.1 9s-102.7 2.6-132.1-9c-19.6-7.8-34.7-22.9-42.6-42.6-11.7-29.5-9-99.5-9-132.1s-2.6-102.7 9-132.1c7.8-19.6 22.9-34.7 42.6-42.6 29.5-11.7 99.5-9 132.1-9s102.7-2.6 132.1 9c19.6 7.8 34.7 22.9 42.6 42.6 11.7 29.5 9 99.5 9 132.1s2.7 102.7-9 132.1z\"><\/path>\n                <\/svg>\t\t\t\t<span>S\u00edguenos en Instagram<\/span>\n\t\t\t<\/a>\n\t\t<\/span>\n\t\n<\/div>\n\t\t<span class=\"sbi_resized_image_data\" data-feed-id=\"sbi_17841401193873551#20\"\n\t\t  data-resized=\"[]\">\n\t<\/span>\n\t<\/div>\n\n[\/vc_column_text][\/vc_column][\/vc_row][vc_row][vc_column][vc_empty_space][\/vc_column][\/vc_row]<\/p>\n","protected":false},"excerpt":{"rendered":"<p>[vc_row video_bg=\u00bbyes\u00bb video_bg_url=\u00bbhttps:\/\/www.youtube.com\/watch?v=__oq67bsM8A\u00bb][vc_column][vc_column_text css=\u00bb.vc_custom_1587118958548{padding-top: 32px !important;}\u00bb] BOTAS PARA SOLDADORES [\/vc_column_text][\/vc_column][\/vc_row][vc_row][vc_column][vc_empty_space][\/vc_column][\/vc_row][vc_row][vc_column width=\u00bb1\/4&#8243;][\/vc_column][vc_column width=\u00bb1\/4&#8243;][\/vc_column][vc_column width=\u00bb1\/4&#8243;][\/vc_column][vc_column width=\u00bb1\/4&#8243;][\/vc_column][\/vc_row][vc_row][vc_column][vc_empty_space][\/vc_column][\/vc_row][vc_row type=\u00bbboxed\u00bb][vc_column width=\u00bb1\/4&#8243;][\/vc_column][vc_column width=\u00bb1\/2&#8243;][vc_column_text] BOTAS PARA SOLDADORES\u00a0 EN BOLIVIA \ud83d\udca5 Las botas de soldadores sirven para proteger los pies del soldador mientras trabaja de chispas, fuego y objetos pesados. Los soldadores unen piezas de metal mediante la aplicaci\u00f3n de un calor intenso. [&hellip;]<\/p>\n","protected":false},"author":350,"featured_media":0,"parent":0,"menu_order":0,"comment_status":"closed","ping_status":"closed","template":"page-full-width.php","meta":{"footnotes":""},"class_list":["post-426","page","type-page","status-publish","hentry"],"_links":{"self":[{"href":"https:\/\/ozapato.com\/bo\/wp-json\/wp\/v2\/pages\/426","targetHints":{"allow":["GET"]}}],"collection":[{"href":"https:\/\/ozapato.com\/bo\/wp-json\/wp\/v2\/pages"}],"about":[{"href":"https:\/\/ozapato.com\/bo\/wp-json\/wp\/v2\/types\/page"}],"author":[{"embeddable":true,"href":"https:\/\/ozapato.com\/bo\/wp-json\/wp\/v2\/users\/350"}],"replies":[{"embeddable":true,"href":"https:\/\/ozapato.com\/bo\/wp-json\/wp\/v2\/comments?post=426"}],"version-history":[{"count":26,"href":"https:\/\/ozapato.com\/bo\/wp-json\/wp\/v2\/pages\/426\/revisions"}],"predecessor-version":[{"id":689,"href":"https:\/\/ozapato.com\/bo\/wp-json\/wp\/v2\/pages\/426\/revisions\/689"}],"wp:attachment":[{"href":"https:\/\/ozapato.com\/bo\/wp-json\/wp\/v2\/media?parent=426"}],"curies":[{"name":"wp","href":"https:\/\/api.w.org\/{rel}","templated":true}]}}