{"id":450,"date":"2020-04-16T10:06:14","date_gmt":"2020-04-16T10:06:14","guid":{"rendered":"https:\/\/ozapato.com\/bo\/?page_id=450"},"modified":"2020-04-30T11:05:52","modified_gmt":"2020-04-30T11:05:52","slug":"oil-gas","status":"publish","type":"page","link":"https:\/\/ozapato.com\/bo\/oil-gas\/","title":{"rendered":"\u26fd OIL-GAS"},"content":{"rendered":"<p>[vc_row video_bg=\u00bbyes\u00bb video_bg_url=\u00bbhttps:\/\/www.youtube.com\/watch?v=__oq67bsM8A\u00bb css=\u00bb.vc_custom_1587119202709{padding-top: 32px !important;}\u00bb][vc_column][vc_column_text]<\/p>\n<h2 style=\"text-align: center\"><span style=\"color: #ffffff\">OIL &amp; GAS<\/span><\/h2>\n<p>[\/vc_column_text][\/vc_column][\/vc_row][vc_row][vc_column][vc_empty_space][\/vc_column][\/vc_row][vc_row][vc_column width=\u00bb1\/4&#8243;]\n\t\t<div class=\"shortcode_banner_simple_height \" onclick=\"window.open('https:\/\/ozapato.com\/bo\/las-mejores-botas-de-seguridad-industrial-de-bolivia\/', '_blank');\" style=\"height:275pxpx;\">\n\t\t\t<div class=\"shortcode_banner_simple_height_inner\">\n\t\t\t\t<div class=\"shortcode_banner_simple_height_bkg\" style=\"background-color:#000000; background-image:url()\"><\/div>\n\t\t\t\n\t\t\t\t<div class=\"shortcode_banner_simple_height_inside\" style=\"border: 2pxpx solid #000000\">\n\t\t\t\t\t<div class=\"shortcode_banner_simple_height_content\">\n\t\t\t\t\t\t<div><h3 class=\"banner_title\" style=\"color:#fff\">Industrial<\/h3><\/div>\n\t\t\t\t\t\t<div class=\"shortcode_banner_simple_height_sep\" style=\"margin:5px auto; background-color:#fff;\"><\/div>\n\t\t\t\t\t\t<div><h4 class=\"banner_subtitle\" style=\"color:#fff\">Botas de seguridad industrial<\/h4><\/div>\n\t\t\t\t\t<\/div>\n\t\t\t\t<\/div>\n\t\t\t<\/div><\/div>[\/vc_column][vc_column width=\u00bb1\/4&#8243;]\n\t\t<div class=\"shortcode_banner_simple_height \" onclick=\"window.open('https:\/\/ozapato.com\/bo\/mineria\/', '_blank');\" style=\"height:275pxpx;\">\n\t\t\t<div class=\"shortcode_banner_simple_height_inner\">\n\t\t\t\t<div class=\"shortcode_banner_simple_height_bkg\" style=\"background-color:#d30000; background-image:url()\"><\/div>\n\t\t\t\n\t\t\t\t<div class=\"shortcode_banner_simple_height_inside\" style=\"border: 0px solid #d30000\">\n\t\t\t\t\t<div class=\"shortcode_banner_simple_height_content\">\n\t\t\t\t\t\t<div><h3 class=\"banner_title\" style=\"color:#fff\">Miner\u00eda<\/h3><\/div>\n\t\t\t\t\t\t<div class=\"shortcode_banner_simple_height_sep\" style=\"margin:5px auto; background-color:#fff;\"><\/div>\n\t\t\t\t\t\t<div><h4 class=\"banner_subtitle\" style=\"color:#fff\">Botas para la miner\u00eda<\/h4><\/div>\n\t\t\t\t\t<\/div>\n\t\t\t\t<\/div>\n\t\t\t<\/div><\/div>[\/vc_column][vc_column width=\u00bb1\/4&#8243;]\n\t\t<div class=\"shortcode_banner_simple_height \" onclick=\"window.open('https:\/\/ozapato.com\/bo\/calzado-dielectrico\/', '_blank');\" style=\"height:275pxpx;\">\n\t\t\t<div class=\"shortcode_banner_simple_height_inner\">\n\t\t\t\t<div class=\"shortcode_banner_simple_height_bkg\" style=\"background-color:#000000; background-image:url()\"><\/div>\n\t\t\t\n\t\t\t\t<div class=\"shortcode_banner_simple_height_inside\" style=\"border: 2pxpx solid #000000\">\n\t\t\t\t\t<div class=\"shortcode_banner_simple_height_content\">\n\t\t\t\t\t\t<div><h3 class=\"banner_title\" style=\"color:#fff\">Diel\u00e9ctricas<\/h3><\/div>\n\t\t\t\t\t\t<div class=\"shortcode_banner_simple_height_sep\" style=\"margin:5px auto; background-color:#fff;\"><\/div>\n\t\t\t\t\t\t<div><h4 class=\"banner_subtitle\" style=\"color:#fff\">Botas de seguridad Diel\u00e9ctricas<\/h4><\/div>\n\t\t\t\t\t<\/div>\n\t\t\t\t<\/div>\n\t\t\t<\/div><\/div>[\/vc_column][vc_column width=\u00bb1\/4&#8243;]\n\t\t<div class=\"shortcode_banner_simple_height \" onclick=\"window.open('https:\/\/ozapato.com\/bo\/botas-para-soldadores\/', '_blank');\" style=\"height:275pxpx;\">\n\t\t\t<div class=\"shortcode_banner_simple_height_inner\">\n\t\t\t\t<div class=\"shortcode_banner_simple_height_bkg\" style=\"background-color:#d30000; background-image:url()\"><\/div>\n\t\t\t\n\t\t\t\t<div class=\"shortcode_banner_simple_height_inside\" style=\"border: 0px solid #d30000\">\n\t\t\t\t\t<div class=\"shortcode_banner_simple_height_content\">\n\t\t\t\t\t\t<div><h3 class=\"banner_title\" style=\"color:#fff\">Soldadores<\/h3><\/div>\n\t\t\t\t\t\t<div class=\"shortcode_banner_simple_height_sep\" style=\"margin:5px auto; background-color:#fff;\"><\/div>\n\t\t\t\t\t\t<div><h4 class=\"banner_subtitle\" style=\"color:#fff\">Botas para soldadores<\/h4><\/div>\n\t\t\t\t\t<\/div>\n\t\t\t\t<\/div>\n\t\t\t<\/div><\/div>[\/vc_column][\/vc_row][vc_row][vc_column][vc_empty_space][\/vc_column][\/vc_row][vc_row type=\u00bbboxed\u00bb][vc_column width=\u00bb1\/4&#8243;][\/vc_column][vc_column width=\u00bb1\/2&#8243;][vc_column_text]<\/p>\n<h3 style=\"text-align: center\"><strong>BOTAS DE SEGURIDAD RESISTENTES A HIDROCARBUROS<\/strong><\/h3>\n<p><span style=\"color: #000000\">Las <strong>botas de seguridad resistentes a Hidricarburos<\/strong>\u00a0 de OZAPATO, tambi\u00e9n son resistente al gas agua y aceite. Especialmente fabricadas para trabajadores del sector petrolero.<\/span><\/p>\n<p><span style=\"color: #000000\">El <a style=\"color: #000000\" href=\"https:\/\/ozapato.com\/bo\/las-mejores-botas-de-seguridad-industrial-de-bolivia\/\">calzado de seguridad<\/a> esta confeccionada con <strong>punteras de acero reforzadas.<\/strong><\/span><\/p>\n<p><span style=\"color: #000000\">Tambi\u00e9n los <strong>zapatos de seguridad<\/strong> est\u00e1n fabricadas con elementos adecuados como la suela especial <a style=\"color: #000000\" href=\"https:\/\/ozapato.com\/bo\/tecnologia\/\"><strong>Slip &amp; Oil Resistant <\/strong><\/a>dise\u00f1ada con la tecnolog\u00eda m\u00e1s avanzada del<strong> sector del calzado<\/strong>.Creada por el departamento de Innovaci\u00f3n y Desarrollo de OZAPATO.<\/span><\/p>\n<p><span style=\"color: #000000\">Esta <strong>suela<\/strong> \u00fanica en el mercado, sirve para evitar quemaduras y corrosi\u00f3n por productos qu\u00edmicos o l\u00edquidos.<\/span>[\/vc_column_text][\/vc_column][vc_column width=\u00bb1\/4&#8243;][\/vc_column][\/vc_row][vc_row][vc_column][vc_empty_space][\/vc_column][\/vc_row][vc_row type=\u00bbboxed\u00bb][vc_column width=\u00bb1\/4&#8243;][\/vc_column][vc_column width=\u00bb1\/2&#8243;][vc_column_text]<\/p>\n<h4 style=\"text-align: center\"><span style=\"color: #000000\"><strong style=\"font-size: 16px\">\u00a0<\/strong><strong>CALZADO DE SEGURIDAD EN BOLIVIA<\/strong><\/span><\/h4>\n<p><span style=\"color: #000000\"><a style=\"color: #000000\" href=\"https:\/\/emojipedia.org\/fuel-pump\/\" target=\"_blank\" rel=\"noopener\"><span style=\"font-weight: 400\">\u26fd\u00a0 <\/span><\/a><span style=\"font-weight: 400\">La <\/span><b>industria del Petr\u00f3leo y Gas<\/b><span style=\"font-weight: 400\"> en Bolivia,es una de las fuentes m\u00e1s importantes de divisas en el pa\u00eds.<\/span><\/span><\/p>\n<p><span style=\"color: #000000\">Por esta raz\u00f3n, la demanda de<strong> botas de seguridad<\/strong> para los trabajadores del sector de hidrocarburos es\u00a0 muy demandado.Por eso, OZAPATO, ofrece los zapatos de seguridad mas seguros\u00a0 y resistentes de la industria del gas y del <a href=\"https:\/\/es.wikipedia.org\/wiki\/Petr%C3%B3leo\" target=\"_blank\" rel=\"noopener\">petr\u00f3leo<\/a>.\u00a0<\/span><\/p>\n<p><span style=\"font-weight: 400;color: #000000\">Por otro lado,el uso dom\u00e9sticos de <a href=\"https:\/\/es.wikipedia.org\/wiki\/Gas_natural\" target=\"_blank\" rel=\"noopener\">gas natura<\/a>l ha crecido a un ritmo del <strong>4,5% anual<\/strong> hasta el periodo 2018, impulsando proyectos estatales que pretenden dar un valor a\u00f1adido a la extracci\u00f3n de gas natural, como en la\u00a0 Industria sider\u00fargica de Mut\u00fa.<\/span>[\/vc_column_text][\/vc_column][vc_column width=\u00bb1\/4&#8243;][\/vc_column][\/vc_row][vc_row type=\u00bbboxed\u00bb][vc_column][vc_media_grid element_width=\u00bb3&#8243; grid_id=\u00bbvc_gid:1588244360754-550e4a7b-3f12-2&#8243; include=\u00bb454,473,455,475&#8243;][\/vc_column][\/vc_row][vc_row][vc_column][vc_empty_space][\/vc_column][\/vc_row][vc_row type=\u00bbboxed\u00bb][vc_column width=\u00bb1\/4&#8243;][\/vc_column][vc_column width=\u00bb1\/2&#8243;][vc_column_text]<\/p>\n<h4 style=\"text-align: center\"><span style=\"color: #000000\">OIL &amp; GAS\u00a0 BOTAS DE SEGURIDAD PETROLERAS<\/span><\/h4>\n<p><span style=\"color: #000000\"><span style=\"font-weight: 400\">OZAPATO\u00a0 fabrica <a style=\"color: #000000\" href=\"https:\/\/ozapato.com\/bo\/calzado-de-seguridad-industrial-en-bolivia\/\">calzado de seguridad <\/a><\/span><b>resistente a hidrocarburos<\/b><span style=\"font-weight: 400\"> para\u00a0 marcas internacionales\u00a0 y clientes como <a style=\"color: #000000\" href=\"https:\/\/es.wikipedia.org\/wiki\/Royal_Dutch_Shell\" target=\"_blank\" rel=\"noopener\">Shell.<\/a><\/span><\/span><\/p>\n<p><span style=\"color: #000000\"><span style=\"font-weight: 400\">Por esta raz\u00f3n\u00a0 muchos trabajadores necesitan\u00a0 <\/span><b>botas de seguridad petroleras<\/b><span style=\"font-weight: 400\"> para trabajar en las refiner\u00edas.<\/span><\/span>[\/vc_column_text][\/vc_column][vc_column width=\u00bb1\/4&#8243;][\/vc_column][\/vc_row][vc_row][vc_column][vc_empty_space][\/vc_column][\/vc_row][vc_row][vc_column width=\u00bb1\/4&#8243;][\/vc_column][vc_column width=\u00bb1\/2&#8243;][vc_column_text]<\/p>\n<h4 style=\"text-align: center\">CARACTER\u00cdSTICA DE LA SUELA SLIP &amp;\u00a0 OIL RESISTANT<\/h4>\n<p><span style=\"color: #000000\">Las suela Slip &amp;\u00a0 Oil Resistant\u00a0 es resistente a:<\/span><\/p>\n<ul>\n<li><span style=\"color: #000000\">A la Flexi\u00f3n (abertura a35.000 ciclos).<\/span><\/li>\n<li><span style=\"color: #000000\">A la Abrasi\u00f3n (desgaste).<\/span><\/li>\n<li><span style=\"color: #000000\">A los Ace\u00edtes.<\/span><\/li>\n<li><span style=\"color: #000000\">A la\u00a0 Gasolina.<\/span><\/li>\n<li><span style=\"color: #000000\">Resistencia <a style=\"color: #000000\" href=\"https:\/\/ozapato.com\/bo\/calzado-dielectrico\/\">Diel\u00e9ctrica<\/a> hasta 18.000 voltios.<\/span><\/li>\n<\/ul>\n<p><span style=\"color: #000000\">Las suelas estan certificadas por <strong>ASTM y NOM.<\/strong><\/span>[\/vc_column_text][\/vc_column][vc_column width=\u00bb1\/4&#8243;][\/vc_column][\/vc_row][vc_row][vc_column][vc_empty_space][\/vc_column][\/vc_row][vc_row type=\u00bbboxed\u00bb][vc_column][vc_column_text]<\/p>\n<h4 class=\"western\" style=\"text-align: center\"><span style=\"color: #ff0000\">\u00bfInteresado en botas de seguridad resistente a hidrocarburos? Recibe una cotizaci\u00f3n en 24 horas gratis.<\/span><\/h4>\n<p>[\/vc_column_text][vc_column_text]<iframe loading=\"lazy\" height=\"800px\" width=\"100%\" frameborder=\"0\" allow=\"geolocation;microphone;camera\" src=\"https:\/\/forms.zohopublic.com\/virtualoffice9264\/form\/BOWebForm\/formperma\/3bN6pDS6Jr9I87MWdwmx7UBWPwdeZrae-MkTGdkIWhI\"> <\/iframe>[\/vc_column_text][\/vc_column][\/vc_row][vc_row][vc_column][vc_empty_space][\/vc_column][\/vc_row][vc_row type=\u00bbboxed\u00bb][vc_column][vc_column_text]\n<div id=\"sb_instagram\"  class=\"sbi sbi_mob_col_1 sbi_tab_col_2 sbi_col_4\" style=\"padding-bottom: 10px; width: 100%;\"\t data-feedid=\"sbi_17841401193873551#20\"  data-res=\"auto\" data-cols=\"4\" data-colsmobile=\"1\" data-colstablet=\"2\" data-num=\"20\" data-nummobile=\"\" data-item-padding=\"5\"\t data-shortcode-atts=\"{}\"  data-postid=\"450\" data-locatornonce=\"42e7be4106\" data-imageaspectratio=\"1:1\" data-sbi-flags=\"favorLocal,gdpr\">\n\t\n\t<div id=\"sbi_images\"  style=\"gap: 10px;\">\n\t\t\t<\/div>\n\n\t<div id=\"sbi_load\" >\n\n\t\n\t\t\t<span class=\"sbi_follow_btn\" >\n\t\t\t<a target=\"_blank\" rel=\"nofollow noopener\" href=\"https:\/\/www.instagram.com\/17841401193873551\/\">\n\t\t\t\t<svg class=\"svg-inline--fa fa-instagram fa-w-14\" aria-hidden=\"true\" data-fa-processed=\"\" aria-label=\"Instagram\" data-prefix=\"fab\" data-icon=\"instagram\" role=\"img\" viewBox=\"0 0 448 512\">\n                    <path fill=\"currentColor\" d=\"M224.1 141c-63.6 0-114.9 51.3-114.9 114.9s51.3 114.9 114.9 114.9S339 319.5 339 255.9 287.7 141 224.1 141zm0 189.6c-41.1 0-74.7-33.5-74.7-74.7s33.5-74.7 74.7-74.7 74.7 33.5 74.7 74.7-33.6 74.7-74.7 74.7zm146.4-194.3c0 14.9-12 26.8-26.8 26.8-14.9 0-26.8-12-26.8-26.8s12-26.8 26.8-26.8 26.8 12 26.8 26.8zm76.1 27.2c-1.7-35.9-9.9-67.7-36.2-93.9-26.2-26.2-58-34.4-93.9-36.2-37-2.1-147.9-2.1-184.9 0-35.8 1.7-67.6 9.9-93.9 36.1s-34.4 58-36.2 93.9c-2.1 37-2.1 147.9 0 184.9 1.7 35.9 9.9 67.7 36.2 93.9s58 34.4 93.9 36.2c37 2.1 147.9 2.1 184.9 0 35.9-1.7 67.7-9.9 93.9-36.2 26.2-26.2 34.4-58 36.2-93.9 2.1-37 2.1-147.8 0-184.8zM398.8 388c-7.8 19.6-22.9 34.7-42.6 42.6-29.5 11.7-99.5 9-132.1 9s-102.7 2.6-132.1-9c-19.6-7.8-34.7-22.9-42.6-42.6-11.7-29.5-9-99.5-9-132.1s-2.6-102.7 9-132.1c7.8-19.6 22.9-34.7 42.6-42.6 29.5-11.7 99.5-9 132.1-9s102.7-2.6 132.1 9c19.6 7.8 34.7 22.9 42.6 42.6 11.7 29.5 9 99.5 9 132.1s2.7 102.7-9 132.1z\"><\/path>\n                <\/svg>\t\t\t\t<span>S\u00edguenos en Instagram<\/span>\n\t\t\t<\/a>\n\t\t<\/span>\n\t\n<\/div>\n\t\t<span class=\"sbi_resized_image_data\" data-feed-id=\"sbi_17841401193873551#20\"\n\t\t  data-resized=\"[]\">\n\t<\/span>\n\t<\/div>\n\n[\/vc_column_text][\/vc_column][\/vc_row]<\/p>\n","protected":false},"excerpt":{"rendered":"<p>[vc_row video_bg=\u00bbyes\u00bb video_bg_url=\u00bbhttps:\/\/www.youtube.com\/watch?v=__oq67bsM8A\u00bb css=\u00bb.vc_custom_1587119202709{padding-top: 32px !important;}\u00bb][vc_column][vc_column_text] OIL &amp; GAS [\/vc_column_text][\/vc_column][\/vc_row][vc_row][vc_column][vc_empty_space][\/vc_column][\/vc_row][vc_row][vc_column width=\u00bb1\/4&#8243;][\/vc_column][vc_column width=\u00bb1\/4&#8243;][\/vc_column][vc_column width=\u00bb1\/4&#8243;][\/vc_column][vc_column width=\u00bb1\/4&#8243;][\/vc_column][\/vc_row][vc_row][vc_column][vc_empty_space][\/vc_column][\/vc_row][vc_row type=\u00bbboxed\u00bb][vc_column width=\u00bb1\/4&#8243;][\/vc_column][vc_column width=\u00bb1\/2&#8243;][vc_column_text] BOTAS DE SEGURIDAD RESISTENTES A HIDROCARBUROS Las botas de seguridad resistentes a Hidricarburos\u00a0 de OZAPATO, tambi\u00e9n son resistente al gas agua y aceite. Especialmente fabricadas para trabajadores del sector petrolero. El calzado de seguridad esta confeccionada con punteras [&hellip;]<\/p>\n","protected":false},"author":350,"featured_media":0,"parent":0,"menu_order":0,"comment_status":"closed","ping_status":"closed","template":"page-full-width.php","meta":{"footnotes":""},"class_list":["post-450","page","type-page","status-publish","hentry"],"_links":{"self":[{"href":"https:\/\/ozapato.com\/bo\/wp-json\/wp\/v2\/pages\/450","targetHints":{"allow":["GET"]}}],"collection":[{"href":"https:\/\/ozapato.com\/bo\/wp-json\/wp\/v2\/pages"}],"about":[{"href":"https:\/\/ozapato.com\/bo\/wp-json\/wp\/v2\/types\/page"}],"author":[{"embeddable":true,"href":"https:\/\/ozapato.com\/bo\/wp-json\/wp\/v2\/users\/350"}],"replies":[{"embeddable":true,"href":"https:\/\/ozapato.com\/bo\/wp-json\/wp\/v2\/comments?post=450"}],"version-history":[{"count":41,"href":"https:\/\/ozapato.com\/bo\/wp-json\/wp\/v2\/pages\/450\/revisions"}],"predecessor-version":[{"id":670,"href":"https:\/\/ozapato.com\/bo\/wp-json\/wp\/v2\/pages\/450\/revisions\/670"}],"wp:attachment":[{"href":"https:\/\/ozapato.com\/bo\/wp-json\/wp\/v2\/media?parent=450"}],"curies":[{"name":"wp","href":"https:\/\/api.w.org\/{rel}","templated":true}]}}