{"id":48,"date":"2020-04-09T15:46:27","date_gmt":"2020-04-09T15:46:27","guid":{"rendered":"https:\/\/ozapato.com\/bo\/?page_id=48"},"modified":"2020-04-13T18:07:22","modified_gmt":"2020-04-13T18:07:22","slug":"botas-y-zapatos-casuales","status":"publish","type":"page","link":"https:\/\/ozapato.com\/bo\/botas-y-zapatos-casuales\/","title":{"rendered":"\ud83d\udc5f CASUAL"},"content":{"rendered":"<p>[vc_row][vc_column][vc_empty_space][\/vc_column][\/vc_row][vc_row][vc_column][vc_cta h2=\u00bb\u00bb txt_align=\u00bbcenter\u00bb css=\u00bb.vc_custom_1586801155509{background-color: #000000 !important;}\u00bb]<\/p>\n<h2 style=\"text-align: center\"><span style=\"color: #ffffff\">ZAPATOS CASUALES<\/span><\/h2>\n<p>[\/vc_cta][\/vc_column][\/vc_row][vc_row][vc_column][vc_separator][\/vc_column][\/vc_row][vc_row type=\u00bbboxed\u00bb][vc_column][vc_media_grid grid_id=\u00bbvc_gid:1586801185079-b61b9477-f07b-0&#8243; include=\u00bb58,57,56&#8243;][\/vc_column][\/vc_row][vc_row][vc_column][vc_separator][\/vc_column][\/vc_row][vc_row type=\u00bbboxed\u00bb][vc_column width=\u00bb1\/3&#8243;][vc_column_text]<\/p>\n<h4><strong>Sneakers.<\/strong><\/h4>\n<p>Los primeros sneakers de calidad industrial.[\/vc_column_text][\/vc_column][vc_column width=\u00bb1\/3&#8243;][vc_column_text]<\/p>\n<h4>Cuero.<\/h4>\n<p>Zapatos casuales fabricados con cuero graso.[\/vc_column_text][\/vc_column][vc_column width=\u00bb1\/3&#8243;][vc_column_text]<\/p>\n<h4>Suela.<\/h4>\n<p>Suela 100% industrial.[\/vc_column_text][\/vc_column][\/vc_row][vc_row][vc_column][vc_separator][\/vc_column][\/vc_row][vc_row type=\u00bbboxed\u00bb][vc_column][vc_column_text]<\/p>\n<h4 style=\"text-align: center\"><span style=\"color: #ff0000\"><strong>\u00bfInteresado? \u00a1Recibe una cotizaci\u00f3n!<\/strong><\/span><\/h4>\n<p>[\/vc_column_text][vc_column_text]<iframe loading=\"lazy\" height=\"800px\" width=\"100%\" frameborder=\"0\" allow=\"geolocation;microphone;camera\" src=\"https:\/\/forms.zohopublic.com\/virtualoffice9264\/form\/BOWebForm\/formperma\/3bN6pDS6Jr9I87MWdwmx7UBWPwdeZrae-MkTGdkIWhI\"> <\/iframe>[\/vc_column_text][\/vc_column][\/vc_row][vc_row][vc_column][vc_separator][\/vc_column][\/vc_row][vc_row type=\u00bbboxed\u00bb][vc_column][vc_column_text]<\/p>\n<h3 style=\"text-align: center\"><span style=\"color: #000000\">ZAPATOS CASUALES<\/span><\/h3>\n<p style=\"text-align: justify\"><span style=\"color: #000000\">Aprovechando de nuestra experiencia en nuestros<strong> calzados de seguridad,<\/strong> <a style=\"color: #000000\" href=\"https:\/\/www.facebook.com\/ozapato\/\" target=\"_blank\" rel=\"noopener noreferrer\">OZAPATO<\/a> ha creado una l\u00ednea de <a style=\"color: #000000\" href=\"https:\/\/es.wikipedia.org\/wiki\/Zapato\" target=\"_blank\" rel=\"noopener\">zapatos\u00a0 casuales<\/a> minimalistas con normas de calidad industrial.<\/span><\/p>\n<p style=\"text-align: justify\"><span style=\"color: #000000\">Todos nuestros modelos de zapatos casuales est\u00e1n 100% hechos de cuero de flor entera de alta calidad y cosidos con un proceso<strong> lockstitch o \u201cGoodyear Welt<\/strong>\u201c. Eso nos permite ofrecer zapatos casuales muy resistentes y botas cosidas impermeables <\/span><span style=\"color: #000000\">\u00a0ideales para andar en la cuidad o para pasear en la monta\u00f1a.<\/span><\/p>\n<h3 align=\"center\"><span style=\"color: #000000\"><strong>\u00bfQU\u00c9 HACEMOS?<\/strong><\/span><\/h3>\n<p><span style=\"color: #000000\">OZAPATO es una marca de calzado ubicada en Pachuca, M\u00e9xico. Fabricamos botas de seguridad industrial y contamos con presencia en Costa Rica, Rep\u00fablica Dominicana, M\u00e9xico, Panam\u00e1 y Estados Unidos. Hemos aprendido a lo largo de los a\u00f1os como fabricar botas de seguridad con calidad y de manera responsable. En<strong> <a style=\"color: #000000\" href=\"https:\/\/es.wikipedia.org\/wiki\/Zapato\" target=\"_blank\" rel=\"noopener\">Bolivia<\/a><\/strong>, nuestra l\u00ednea industrial cuenta con botas de seguridad, botas de seguridad diel\u00e9ctricas y botas t\u00e1cticas. Por esta raz\u00f3n, <strong>OZAPATO<\/strong> les presenta sus <strong>zapatos casuales,botas de seguridad casual y sneakers de <a href=\"https:\/\/es.wikipedia.org\/wiki\/Cuero\" target=\"_blank\" rel=\"noopener\">cuero<\/a><\/strong> \u00a1Elija de nuestro cat\u00e1logo las botas que necesita para trabajar con seguridad!<\/span><\/p>\n<h3 class=\"western\" align=\"center\"><span style=\"color: #000000\"><strong>\u00bf<\/strong><strong>C\u00d3MO<\/strong><strong> LO HACEMOS?<\/strong><\/span><\/h3>\n<p><span style=\"color: #000000\">Todas nuestras botas de seguridad industrial son fabricadas con materiales de alta calidad. Tenga la confianza que sus pies estar\u00e1n protegidos en cada momento. Estamos tan seguros de la calidad de nuestros modelos de botas de seguridad industrial que ofrecemos una<strong> garant\u00eda de 4 meses y hasta 6 meses<\/strong> para las botas de seguridad m\u00e1s premium. Adem\u00e1s ofrecemos un servicio de <strong>entrega en 24 horas<\/strong>.<\/span><\/p>\n<h3 class=\"western\" align=\"center\"><span style=\"color: #000000\"><strong>\u00bfPOR QU\u00c9 LO HACEMOS?<\/strong><\/span><\/h3>\n<p><span style=\"color: #000000\">OZAPATO naci\u00f3 con la idea de servir a la comunidad local. La producci\u00f3n de nuestras botas de seguridad industrial es un proceso transparente que sustenta el balance socio econ\u00f3mico de la comunidad a la que pertenece.<\/span><\/p>\n<p><span style=\"color: #000000\">El valor m\u00e1s importante de OZAPATO es la entrega directa hasta el cliente. Evitamos todos los intermediarios que no a\u00f1aden valor a nuestros consumidores. Cada etapa de la fabricaci\u00f3n de <strong>zapatos casuales y sneakers de cuero<\/strong> de fabricacion industrial.<\/span><\/p>\n<p><span style=\"color: #ffffff\"><span style=\"color: #000000\">A nuestro equipo le apasiona desarrollar botas de seguridad en un ambiente social y econ\u00f3mico justo. Queremos que nuestros clientes conf\u00eden en que no s\u00f3lo compran botas bien hechas y de buena calidad, sino que tambi\u00e9n cada persona incluida en la cadena de suministro reciba un trato justo.<\/span>\u00a0momento<\/span>[\/vc_column_text][\/vc_column][\/vc_row][vc_row][vc_column][vc_separator][\/vc_column][\/vc_row][vc_row][vc_column][vc_column_text]\n<div id=\"sb_instagram\"  class=\"sbi sbi_mob_col_1 sbi_tab_col_2 sbi_col_4\" style=\"padding-bottom: 10px; width: 100%;\"\t data-feedid=\"sbi_17841401193873551#20\"  data-res=\"auto\" data-cols=\"4\" data-colsmobile=\"1\" data-colstablet=\"2\" data-num=\"20\" data-nummobile=\"\" data-item-padding=\"5\"\t data-shortcode-atts=\"{}\"  data-postid=\"48\" data-locatornonce=\"c0b2f6c0d2\" data-imageaspectratio=\"1:1\" data-sbi-flags=\"favorLocal,gdpr\">\n\t\n\t<div id=\"sbi_images\"  style=\"gap: 10px;\">\n\t\t\t<\/div>\n\n\t<div id=\"sbi_load\" >\n\n\t\n\t\t\t<span class=\"sbi_follow_btn\" >\n\t\t\t<a target=\"_blank\" rel=\"nofollow noopener\" href=\"https:\/\/www.instagram.com\/17841401193873551\/\">\n\t\t\t\t<svg class=\"svg-inline--fa fa-instagram fa-w-14\" aria-hidden=\"true\" data-fa-processed=\"\" aria-label=\"Instagram\" data-prefix=\"fab\" data-icon=\"instagram\" role=\"img\" viewBox=\"0 0 448 512\">\n                    <path fill=\"currentColor\" d=\"M224.1 141c-63.6 0-114.9 51.3-114.9 114.9s51.3 114.9 114.9 114.9S339 319.5 339 255.9 287.7 141 224.1 141zm0 189.6c-41.1 0-74.7-33.5-74.7-74.7s33.5-74.7 74.7-74.7 74.7 33.5 74.7 74.7-33.6 74.7-74.7 74.7zm146.4-194.3c0 14.9-12 26.8-26.8 26.8-14.9 0-26.8-12-26.8-26.8s12-26.8 26.8-26.8 26.8 12 26.8 26.8zm76.1 27.2c-1.7-35.9-9.9-67.7-36.2-93.9-26.2-26.2-58-34.4-93.9-36.2-37-2.1-147.9-2.1-184.9 0-35.8 1.7-67.6 9.9-93.9 36.1s-34.4 58-36.2 93.9c-2.1 37-2.1 147.9 0 184.9 1.7 35.9 9.9 67.7 36.2 93.9s58 34.4 93.9 36.2c37 2.1 147.9 2.1 184.9 0 35.9-1.7 67.7-9.9 93.9-36.2 26.2-26.2 34.4-58 36.2-93.9 2.1-37 2.1-147.8 0-184.8zM398.8 388c-7.8 19.6-22.9 34.7-42.6 42.6-29.5 11.7-99.5 9-132.1 9s-102.7 2.6-132.1-9c-19.6-7.8-34.7-22.9-42.6-42.6-11.7-29.5-9-99.5-9-132.1s-2.6-102.7 9-132.1c7.8-19.6 22.9-34.7 42.6-42.6 29.5-11.7 99.5-9 132.1-9s102.7-2.6 132.1 9c19.6 7.8 34.7 22.9 42.6 42.6 11.7 29.5 9 99.5 9 132.1s2.7 102.7-9 132.1z\"><\/path>\n                <\/svg>\t\t\t\t<span>S\u00edguenos en Instagram<\/span>\n\t\t\t<\/a>\n\t\t<\/span>\n\t\n<\/div>\n\t\t<span class=\"sbi_resized_image_data\" data-feed-id=\"sbi_17841401193873551#20\"\n\t\t  data-resized=\"[]\">\n\t<\/span>\n\t<\/div>\n\n[\/vc_column_text][\/vc_column][\/vc_row]<\/p>\n","protected":false},"excerpt":{"rendered":"<p>[vc_row][vc_column][vc_empty_space][\/vc_column][\/vc_row][vc_row][vc_column][vc_cta h2=\u00bb\u00bb txt_align=\u00bbcenter\u00bb css=\u00bb.vc_custom_1586801155509{background-color: #000000 !important;}\u00bb] ZAPATOS CASUALES [\/vc_cta][\/vc_column][\/vc_row][vc_row][vc_column][vc_separator][\/vc_column][\/vc_row][vc_row type=\u00bbboxed\u00bb][vc_column][vc_media_grid grid_id=\u00bbvc_gid:1586801185079-b61b9477-f07b-0&#8243; include=\u00bb58,57,56&#8243;][\/vc_column][\/vc_row][vc_row][vc_column][vc_separator][\/vc_column][\/vc_row][vc_row type=\u00bbboxed\u00bb][vc_column width=\u00bb1\/3&#8243;][vc_column_text] Sneakers. Los primeros sneakers de calidad industrial.[\/vc_column_text][\/vc_column][vc_column width=\u00bb1\/3&#8243;][vc_column_text] Cuero. Zapatos casuales fabricados con cuero graso.[\/vc_column_text][\/vc_column][vc_column width=\u00bb1\/3&#8243;][vc_column_text] Suela. Suela 100% industrial.[\/vc_column_text][\/vc_column][\/vc_row][vc_row][vc_column][vc_separator][\/vc_column][\/vc_row][vc_row type=\u00bbboxed\u00bb][vc_column][vc_column_text] \u00bfInteresado? \u00a1Recibe una cotizaci\u00f3n! [\/vc_column_text][vc_column_text][\/vc_column_text][\/vc_column][\/vc_row][vc_row][vc_column][vc_separator][\/vc_column][\/vc_row][vc_row type=\u00bbboxed\u00bb][vc_column][vc_column_text] ZAPATOS CASUALES Aprovechando de nuestra experiencia en nuestros calzados de seguridad, OZAPATO ha creado [&hellip;]<\/p>\n","protected":false},"author":350,"featured_media":0,"parent":0,"menu_order":0,"comment_status":"closed","ping_status":"closed","template":"","meta":{"footnotes":""},"class_list":["post-48","page","type-page","status-publish","hentry"],"_links":{"self":[{"href":"https:\/\/ozapato.com\/bo\/wp-json\/wp\/v2\/pages\/48","targetHints":{"allow":["GET"]}}],"collection":[{"href":"https:\/\/ozapato.com\/bo\/wp-json\/wp\/v2\/pages"}],"about":[{"href":"https:\/\/ozapato.com\/bo\/wp-json\/wp\/v2\/types\/page"}],"author":[{"embeddable":true,"href":"https:\/\/ozapato.com\/bo\/wp-json\/wp\/v2\/users\/350"}],"replies":[{"embeddable":true,"href":"https:\/\/ozapato.com\/bo\/wp-json\/wp\/v2\/comments?post=48"}],"version-history":[{"count":14,"href":"https:\/\/ozapato.com\/bo\/wp-json\/wp\/v2\/pages\/48\/revisions"}],"predecessor-version":[{"id":267,"href":"https:\/\/ozapato.com\/bo\/wp-json\/wp\/v2\/pages\/48\/revisions\/267"}],"wp:attachment":[{"href":"https:\/\/ozapato.com\/bo\/wp-json\/wp\/v2\/media?parent=48"}],"curies":[{"name":"wp","href":"https:\/\/api.w.org\/{rel}","templated":true}]}}