{"id":79,"date":"2020-04-09T17:23:46","date_gmt":"2020-04-09T17:23:46","guid":{"rendered":"https:\/\/ozapato.com\/bo\/?page_id=79"},"modified":"2020-04-30T18:52:28","modified_gmt":"2020-04-30T18:52:28","slug":"tecnologia","status":"publish","type":"page","link":"https:\/\/ozapato.com\/bo\/tecnologia\/","title":{"rendered":"\ud83d\udda5\ufe0fTECNOLOG\u00cdA"},"content":{"rendered":"<p>[vc_row content_placement=\u00bbmiddle\u00bb video_bg=\u00bbyes\u00bb video_bg_url=\u00bbhttps:\/\/www.youtube.com\/watch?v=pM-5gyWtA1Q\u00bb css=\u00bb.vc_custom_1587119722855{padding-top: 32px !important;}\u00bb][vc_column][vc_column_text]<\/p>\n<h1 style=\"text-align: center\"><span style=\"color: #ffffff\">TECNOLOG\u00cdA<\/span><\/h1>\n<p>[\/vc_column_text][\/vc_column][\/vc_row][vc_row][vc_column width=\u00bb1\/4&#8243;]\n\t\t<div class=\"shortcode_banner_simple_height \" onclick=\"location.href='https:\/\/ozapato.com\/bo\/mineria\/';\" style=\"height:275pxpx;\">\n\t\t\t<div class=\"shortcode_banner_simple_height_inner\">\n\t\t\t\t<div class=\"shortcode_banner_simple_height_bkg\" style=\"background-color:#000000; background-image:url()\"><\/div>\n\t\t\t\n\t\t\t\t<div class=\"shortcode_banner_simple_height_inside\" style=\"border: 2pxpx solid #000000\">\n\t\t\t\t\t<div class=\"shortcode_banner_simple_height_content\">\n\t\t\t\t\t\t<div><h3 class=\"banner_title\" style=\"color:#fff\">Miner\u00eda<\/h3><\/div>\n\t\t\t\t\t\t<div class=\"shortcode_banner_simple_height_sep\" style=\"margin:5px auto; background-color:#fff;\"><\/div>\n\t\t\t\t\t\t<div><h4 class=\"banner_subtitle\" style=\"color:#fff\">Botas para la miner\u00eda<\/h4><\/div>\n\t\t\t\t\t<\/div>\n\t\t\t\t<\/div>\n\t\t\t<\/div><\/div>[\/vc_column][vc_column width=\u00bb1\/4&#8243;]\n\t\t<div class=\"shortcode_banner_simple_height \" onclick=\"location.href='https:\/\/ozapato.com\/bo\/botas-tacticas-militares\/';\" style=\"height:275pxpx;\">\n\t\t\t<div class=\"shortcode_banner_simple_height_inner\">\n\t\t\t\t<div class=\"shortcode_banner_simple_height_bkg\" style=\"background-color:#d30000; background-image:url()\"><\/div>\n\t\t\t\n\t\t\t\t<div class=\"shortcode_banner_simple_height_inside\" style=\"border: 0px solid #d30000\">\n\t\t\t\t\t<div class=\"shortcode_banner_simple_height_content\">\n\t\t\t\t\t\t<div><h3 class=\"banner_title\" style=\"color:#fff\">Botas t\u00e1cticas y militares<\/h3><\/div>\n\t\t\t\t\t\t<div class=\"shortcode_banner_simple_height_sep\" style=\"margin:5px auto; background-color:#fff;\"><\/div>\n\t\t\t\t\t\t<div><h4 class=\"banner_subtitle\" style=\"color:#fff\">Las mejores botas t\u00e1cticas y militares de Bolivia<\/h4><\/div>\n\t\t\t\t\t<\/div>\n\t\t\t\t<\/div>\n\t\t\t<\/div><\/div>[\/vc_column][vc_column width=\u00bb1\/4&#8243;]\n\t\t<div class=\"shortcode_banner_simple_height \" onclick=\"location.href='https:\/\/ozapato.com\/bo\/oil-gas\/';\" style=\"height:275pxpx;\">\n\t\t\t<div class=\"shortcode_banner_simple_height_inner\">\n\t\t\t\t<div class=\"shortcode_banner_simple_height_bkg\" style=\"background-color:#000000; background-image:url()\"><\/div>\n\t\t\t\n\t\t\t\t<div class=\"shortcode_banner_simple_height_inside\" style=\"border: 2pxpx solid #000000\">\n\t\t\t\t\t<div class=\"shortcode_banner_simple_height_content\">\n\t\t\t\t\t\t<div><h3 class=\"banner_title\" style=\"color:#fff\">Oil &amp; Gas<\/h3><\/div>\n\t\t\t\t\t\t<div class=\"shortcode_banner_simple_height_sep\" style=\"margin:5px auto; background-color:#fff;\"><\/div>\n\t\t\t\t\t\t<div><h4 class=\"banner_subtitle\" style=\"color:#fff\">Botas para las refiner\u00edas<\/h4><\/div>\n\t\t\t\t\t<\/div>\n\t\t\t\t<\/div>\n\t\t\t<\/div><\/div>[\/vc_column][vc_column width=\u00bb1\/4&#8243;]\n\t\t<div class=\"shortcode_banner_simple_height \" onclick=\"location.href='https:\/\/ozapato.com\/bo\/botas-para-soldadores\/';\" style=\"height:275pxpx;\">\n\t\t\t<div class=\"shortcode_banner_simple_height_inner\">\n\t\t\t\t<div class=\"shortcode_banner_simple_height_bkg\" style=\"background-color:#d30000; background-image:url()\"><\/div>\n\t\t\t\n\t\t\t\t<div class=\"shortcode_banner_simple_height_inside\" style=\"border: 0px solid #d30000\">\n\t\t\t\t\t<div class=\"shortcode_banner_simple_height_content\">\n\t\t\t\t\t\t<div><h3 class=\"banner_title\" style=\"color:#fff\">Soldadores<\/h3><\/div>\n\t\t\t\t\t\t<div class=\"shortcode_banner_simple_height_sep\" style=\"margin:5px auto; background-color:#fff;\"><\/div>\n\t\t\t\t\t\t<div><h4 class=\"banner_subtitle\" style=\"color:#fff\">Botas para soldadores<\/h4><\/div>\n\t\t\t\t\t<\/div>\n\t\t\t\t<\/div>\n\t\t\t<\/div><\/div>[\/vc_column][\/vc_row][vc_row][vc_column][vc_separator][\/vc_column][\/vc_row][vc_row][vc_column][vc_cta h2=\u00bb\u00bb css=\u00bb.vc_custom_1586795003774{background-color: #000000 !important;}\u00bb]<\/p>\n<h3 style=\"text-align: center\"><span style=\"color: #ffffff\">CASCOS<\/span><\/h3>\n<p>[\/vc_cta][\/vc_column][\/vc_row][vc_row][vc_column][vc_separator][\/vc_column][\/vc_row][vc_row type=\u00bbboxed\u00bb][vc_column width=\u00bb1\/6&#8243;][\/vc_column][vc_column width=\u00bb2\/3&#8243;][vc_column_text]<\/p>\n<h4 style=\"text-align: center\"><span style=\"color: #000000\">C\u00d3MPOSIT \/ POLIAMIDA<\/span><\/h4>\n<ul>\n<li><span style=\"color: #000000\"><strong>Casco de Composit:<\/strong><\/span><\/li>\n<\/ul>\n<p><span style=\"color: #000000\">Casco de c\u00f3mposit, 100% libre de metal.<\/span><\/p>\n<ul>\n<li><span style=\"color: #000000\"><strong>Casco Diel\u00e9ctrico:<\/strong><\/span><\/li>\n<\/ul>\n<p><span style=\"color: #000000\">Casco Diel\u00e9ctrico: Reduce la conducci\u00f3n de<a style=\"color: #000000\" href=\"https:\/\/es.wikipedia.org\/wiki\/Electricidad\" target=\"_blank\" rel=\"noopener\"> electricidad<\/a>. Gran resistencia al impacto, no se astilla ni fractura en caso de que el casco fuera sometido a un impacto o compresi\u00f3n.<\/span><\/p>\n<p><span style=\"color: #000000\">Normas de cumplimiento:<strong> ASTM F 2413 \u2013 11,<\/strong> EN 12568, ISO 20344:2004, <strong>NOM\u2013113\u2013STPS\u20132009.<\/strong><\/span>[\/vc_column_text][\/vc_column][vc_column width=\u00bb1\/6&#8243;][\/vc_column][\/vc_row][vc_row][vc_column][vc_separator][\/vc_column][\/vc_row][vc_row][vc_column][vc_cta h2=\u00bb\u00bb css=\u00bb.vc_custom_1586795017496{background-color: #000000 !important;}\u00bb]<\/p>\n<h3 style=\"text-align: center\"><span style=\"color: #ffffff\">SUELAS<\/span><\/h3>\n<p>[\/vc_cta][\/vc_column][\/vc_row][vc_row][vc_column][vc_separator][\/vc_column][\/vc_row][vc_row type=\u00bbboxed\u00bb][vc_column width=\u00bb1\/6&#8243;][\/vc_column][vc_column width=\u00bb2\/3&#8243;][vc_column_text]<\/p>\n<h4 style=\"text-align: center\"><\/h4>\n<p><strong>Suela de Hule:<\/strong><\/p>\n<p style=\"text-align: left\"><strong>Suela <\/strong><span style=\"color: #000000\">100% de hule especial para uso rudo, buena resistencia a la compresi\u00f3n y resistente a la absorci\u00f3n de agua. Estable en temperaturas de hasta 130\u00b0C. Excelente resistencia a la abrasi\u00f3n y al desgarre, es decir, no se rompe. Ideal para pisos de lodo, grava, arena, pavimentos, asfaltos, piedra monta\u00f1osa, \u00e1reas de mantenimiento, bodegas, etc.<\/span><\/p>\n<ul>\n<li><strong>Suela de Hule con nitrilo y material elastom\u00e9rico:<\/strong><\/li>\n<\/ul>\n<p style=\"text-align: left\"><span style=\"color: #000000\">Suela 100% de hule con formulaci\u00f3n de nitrilo y material elastom\u00e9rico. Formulada para resistir y no desintegrarse ante el contacto con aceites, hidrocarburos, gasolina y di\u00e9sel. Excelente resistencia al resbalamiento en condiciones de trabajo h\u00famedas. Alta resistencia al calor y corrosi\u00f3n. Estable en temperaturas de hasta 130\u00b0C. Ideal para trabajos con presencia de l\u00edquidos \u00e1cidos, carreteras de asfalto, talleres mec\u00e1nicos e industria mar\u00edtima.<\/span><\/p>\n<ul>\n<li><strong>Suela de Hule resistente a la compresi\u00f3n y abosorci\u00f3n de agua:<\/strong><\/li>\n<\/ul>\n<p><span style=\"color: #000000\">Suela 100% de hule especial para uso rudo, buena resistencia a la compresi\u00f3n y resistente a la absorci\u00f3n de agua. Estable en temperaturas de hasta 130\u00b0C. Excelente resistencia a la abrasi\u00f3n y al desgarre, es decir, no se rompe. Ideal para pisos lisos, garitas de seguridad, \u00e1reas de mantenimiento, bodegas, lodo, piedra monta\u00f1osa, etc.<\/span><\/p>\n<ul>\n<li><strong>Suela de Hule antiderrapantes:<\/strong><\/li>\n<\/ul>\n<p><span style=\"color: #000000\">Suela 100% de hule, con muy buenas propiedades antiderrapantes. Ligera y confortable, reduce el peso del calzado hasta un 15%; Resistente a la absorci\u00f3n y buena resistencia a aceites e hidrocarburos. Ideal para garitas de seguridad, almacenes, supermercados, cementos pulidos, hospitales, estacionamientos, etc.<\/span><\/p>\n<ul>\n<li><strong>Suela Slip and Oil Resistant de OZAPATO:<\/strong><\/li>\n<\/ul>\n<p><a href=\"https:\/\/es.wikipedia.org\/wiki\/Suela\" target=\"_blank\" rel=\"noopener\"><span style=\"color: #000000\">Suela<\/span><\/a><span style=\"color: #000000\"> exclusiva OZAPATO Slip and Oil Resistant, especialmente fabricadas para su confort y firmeza para convatir los posibles impactos que pueda sufrir. Posee propiedades antideslizantes, a la vez que flexibilidad. Ligera y confortable, reduce el peso del calzado hasta un 15%; Resistente a la absorci\u00f3n y buena resistencia a aceites e hidrocarburos. Ideal para garitas de seguridad, almacenes, supermercados, cementos pulidos, hospitales, estacionamientos, etc.<\/span>[\/vc_column_text][\/vc_column][vc_column width=\u00bb1\/6&#8243;][\/vc_column][\/vc_row][vc_row][vc_column][vc_separator][\/vc_column][\/vc_row][vc_row type=\u00bbboxed\u00bb][vc_column][vc_media_grid grid_id=\u00bbvc_gid:1588270353501-ecd7aa9d-783e-8&#8243; include=\u00bb88,87,89&#8243;][\/vc_column][\/vc_row][vc_row][vc_column][vc_separator][\/vc_column][\/vc_row][vc_row][vc_column][vc_cta h2=\u00bb\u00bb txt_align=\u00bbcenter\u00bb css=\u00bb.vc_custom_1588270563157{background-color: #000000 !important;}\u00bb]<\/p>\n<h3 style=\"text-align: center\"><span style=\"color: #ffffff\">PLANTILLAS<\/span><\/h3>\n<p>[\/vc_cta][\/vc_column][\/vc_row][vc_row][vc_column][vc_separator][\/vc_column][\/vc_row][vc_row type=\u00bbboxed\u00bb][vc_column width=\u00bb1\/6&#8243;][\/vc_column][vc_column width=\u00bb2\/3&#8243;][vc_column_text]<\/p>\n<h4 style=\"text-align: center\"><\/h4>\n<ul>\n<li><strong>Plantillas Antiperforaci\u00f3n:<\/strong><\/li>\n<\/ul>\n<p><span style=\"color: #000000\">Plantilla antiperforaci\u00f3n textil integrada en el calzado, 100% libre de metal y no removible. Protecci\u00f3n total al usuario contra objetos punzo-cortantes como clavos, varillas, alambres, pedazos met\u00e1licos, etc. Elaborado con los mismos materiales utilizados en la fabricaci\u00f3n de chalecos antibalas, permite que el calzado mantenga sus propiedades de transpiraci\u00f3n, es ligero, y adem\u00e1s diel\u00e9ctrico.<\/span><\/p>\n<ul>\n<li><strong>Plantilla de poliuretano:<\/strong><\/li>\n<\/ul>\n<p><span style=\"color: #000000\">Plantilla de <a style=\"color: #000000\" href=\"https:\/\/es.wikipedia.org\/wiki\/Poliuretano\" target=\"_blank\" rel=\"noopener\">poliuretano<\/a> dise\u00f1ada con tecnolog\u00eda antifatiga. Absorbe el impacto en puntos espec\u00edficos del pie, c\u00f3moda durante toda la jornada de trabajo. Su v\u00e1lvula en el tal\u00f3n, reenv\u00eda la energ\u00eda al impacto para evitar la fatiga. La plantilla de poliuretano es textil, antimicrobiana, y puede ser lavada. Ideal para mejorar la postura y soporte al pie.<\/span><\/p>\n<ul>\n<li><strong>Plantilla textil:<\/strong><\/li>\n<\/ul>\n<p><span style=\"color: #000000\">Plantilla textil que inhibe la proliferaci\u00f3n de hongos y bacterias. Plantillas lavables. Plantillas con alta resistencia a la abrasi\u00f3n y desgarre, no se rompen ni deforman<\/span>.<\/p>\n<ul>\n<li><strong>Plantilla t\u00e9rmica:<\/strong><\/li>\n<\/ul>\n<p><span style=\"color: #000000\">Plantilla t\u00e9rmica, su forro est\u00e1 elaborado a base de poli\u00e9ster y nylon tratado con sustancias que inhiben la proliferaci\u00f3n de hongos y bacterias. Brinda un ambiente fresco en el interior del calzado cuando las temperaturas son elevadas. Ideal para cuarto fr\u00edo en donde el trabajo requiere estar expuesto a bajas temperaturas.<\/span><\/p>\n<ul>\n<li><strong>Plantilla de Celfil<\/strong>:<\/li>\n<\/ul>\n<p><span style=\"color: #000000\"><span lang=\"ES\">Plantilla de Celfil fabricada en material espumado de la m\u00e1s alta calidad. Impide la deformaci\u00f3n a pesar de la compresi\u00f3n que puedan sufrir por el peso del usuario. Ideal para calzados que no son fabricados con plantilla antiperforaci\u00f3n textil. Plantilla t<\/span><span lang=\"ES\">ratada<\/span><span lang=\"ES\"> con sustancias que inhiben la proliferaci\u00f3n de hongos y bacterias.<\/span><\/span>[\/vc_column_text][\/vc_column][vc_column width=\u00bb1\/6&#8243;][\/vc_column][\/vc_row][vc_row][vc_column][vc_separator][\/vc_column][\/vc_row][vc_row][vc_column][vc_cta h2=\u00bb\u00bb css=\u00bb.vc_custom_1588270799498{background-color: #000000 !important;}\u00bb]<\/p>\n<h4 style=\"text-align: center\"><span style=\"color: #ffffff\">TIPOS DE\u00a0 PROTECCI\u00d3N<\/span><\/h4>\n<p>[\/vc_cta][\/vc_column][\/vc_row][vc_row][vc_column][vc_separator][\/vc_column][\/vc_row][vc_row type=\u00bbboxed\u00bb][vc_column width=\u00bb1\/6&#8243;][\/vc_column][vc_column width=\u00bb2\/3&#8243;][vc_column_text]<\/p>\n<h4 style=\"text-align: center\"><\/h4>\n<p><span style=\"color: #000000\">Destinado a proteger los dedos de los pies, donde existen riesgos de impacto y compresi\u00f3n en la punta del pie. Horma EEE, casco ancho y alto para mejor movimiento de los dedos.<\/span><\/p>\n<ul>\n<li><span style=\"color: #000000\"><strong>Puntera de Acero\u00a0 y c\u00f3mposit:<\/strong><\/span><\/li>\n<\/ul>\n<p><span style=\"color: #000000\">Puntera de acero y c\u00f3mposit \/ poliamida<strong>: <\/strong>ASTM F 2413 \u2013 11, EN 12568, ISO 20344:2004, NOM\u2013113\u2013STPS\u20132009.<\/span><\/p>\n<ul>\n<li><span style=\"color: #000000\"><strong>Plantilla Antiperforaci\u00f3n Textil:<\/strong><\/span><\/li>\n<\/ul>\n<p><span style=\"color: #000000\">Plantilla antiperforaci\u00f3n textil integrada en el calzado, 100% libre de metal y no removible. Protecci\u00f3n total al usuario contra objetos punzo-cortantes, como clavos, varillas, alambres, pedazos met\u00e1licos, etc.<\/span><\/p>\n<ul>\n<li><span style=\"color: #000000\"><strong>Plantilla Antiperforaci\u00f3n Textil:<\/strong><\/span><\/li>\n<\/ul>\n<p><span style=\"color: #000000\">Plantilla antiperforaci\u00f3n textil integrada en el calzado, 100% libre de metal y no removible. Protecci\u00f3n total al usuario contra objetos punzo-cortantes, como clavos, varillas, alambres, pedazos met\u00e1licos, etc.<\/span><\/p>\n<ul>\n<li><span style=\"color: #000000\"><strong>Membrana de Cuero Superficial:<\/strong><\/span><\/li>\n<\/ul>\n<p><span style=\"color: #000000\">Membrana de cuero superficial repelente a l\u00edquidos, cuero totalmente hidrofugado asegurando que el pie del usuario se mantendr\u00e1 en un ambiente seco por un tiempo prolongado.<\/span><\/p>\n<ul>\n<li><span style=\"color: #000000\"><strong>Forro alcolchado Textil de Algod\u00f3n:<\/strong><\/span><\/li>\n<\/ul>\n<p><span style=\"color: #000000\">Forro acolchado textil de algod\u00f3n y nylon, tratado con sustancias que inhiben la proliferaci\u00f3n de hongos y bacterias.<\/span><\/p>\n<ul>\n<li><span style=\"color: #000000\"><strong>Bota cosida 360\u00b0\u00a0 con Goodyear Welt:<\/strong><\/span><\/li>\n<\/ul>\n<p><span style=\"color: #000000\">Bota cosida en 360\u00b0 en construcci\u00f3n Goodyear Welt, ofrece un impermeabilidad total hasta la leng\u00fceta.<\/span><\/p>\n<ul>\n<li><span style=\"color: #000000\"><strong>Calzado Aislante:<\/strong><\/span><\/li>\n<\/ul>\n<p><span style=\"color: #000000\"><a style=\"color: #000000\" href=\"https:\/\/ozapato.com\/bo\/botas-tacticas-militares\/\">Calzado<\/a> aislante, protege al usuario de sufrir descargas el\u00e9ctricas por medio de los pies. Aprobados en laboratorio y por la norma ASTM F 2413 \u2013 11, soporta una descarga de hasta 18000 Volts.<\/span><\/p>\n<div class=\"row normal_height vc_row wpb_row vc_row-fluid\"><\/div>\n<p>[\/vc_column_text][\/vc_column][vc_column width=\u00bb1\/6&#8243;][\/vc_column][\/vc_row][vc_row][vc_column][vc_separator][\/vc_column][\/vc_row][vc_row][vc_column][vc_column_text]\n<div id=\"sb_instagram\"  class=\"sbi sbi_mob_col_1 sbi_tab_col_2 sbi_col_4\" style=\"padding-bottom: 10px; width: 100%;\"\t data-feedid=\"sbi_17841401193873551#20\"  data-res=\"auto\" data-cols=\"4\" data-colsmobile=\"1\" data-colstablet=\"2\" data-num=\"20\" data-nummobile=\"\" data-item-padding=\"5\"\t data-shortcode-atts=\"{}\"  data-postid=\"79\" data-locatornonce=\"3a67ebcee3\" data-imageaspectratio=\"1:1\" data-sbi-flags=\"favorLocal,gdpr\">\n\t\n\t<div id=\"sbi_images\"  style=\"gap: 10px;\">\n\t\t\t<\/div>\n\n\t<div id=\"sbi_load\" >\n\n\t\n\t\t\t<span class=\"sbi_follow_btn\" >\n\t\t\t<a target=\"_blank\" rel=\"nofollow noopener\" href=\"https:\/\/www.instagram.com\/17841401193873551\/\">\n\t\t\t\t<svg class=\"svg-inline--fa fa-instagram fa-w-14\" aria-hidden=\"true\" data-fa-processed=\"\" aria-label=\"Instagram\" data-prefix=\"fab\" data-icon=\"instagram\" role=\"img\" viewBox=\"0 0 448 512\">\n                    <path fill=\"currentColor\" d=\"M224.1 141c-63.6 0-114.9 51.3-114.9 114.9s51.3 114.9 114.9 114.9S339 319.5 339 255.9 287.7 141 224.1 141zm0 189.6c-41.1 0-74.7-33.5-74.7-74.7s33.5-74.7 74.7-74.7 74.7 33.5 74.7 74.7-33.6 74.7-74.7 74.7zm146.4-194.3c0 14.9-12 26.8-26.8 26.8-14.9 0-26.8-12-26.8-26.8s12-26.8 26.8-26.8 26.8 12 26.8 26.8zm76.1 27.2c-1.7-35.9-9.9-67.7-36.2-93.9-26.2-26.2-58-34.4-93.9-36.2-37-2.1-147.9-2.1-184.9 0-35.8 1.7-67.6 9.9-93.9 36.1s-34.4 58-36.2 93.9c-2.1 37-2.1 147.9 0 184.9 1.7 35.9 9.9 67.7 36.2 93.9s58 34.4 93.9 36.2c37 2.1 147.9 2.1 184.9 0 35.9-1.7 67.7-9.9 93.9-36.2 26.2-26.2 34.4-58 36.2-93.9 2.1-37 2.1-147.8 0-184.8zM398.8 388c-7.8 19.6-22.9 34.7-42.6 42.6-29.5 11.7-99.5 9-132.1 9s-102.7 2.6-132.1-9c-19.6-7.8-34.7-22.9-42.6-42.6-11.7-29.5-9-99.5-9-132.1s-2.6-102.7 9-132.1c7.8-19.6 22.9-34.7 42.6-42.6 29.5-11.7 99.5-9 132.1-9s102.7-2.6 132.1 9c19.6 7.8 34.7 22.9 42.6 42.6 11.7 29.5 9 99.5 9 132.1s2.7 102.7-9 132.1z\"><\/path>\n                <\/svg>\t\t\t\t<span>S\u00edguenos en Instagram<\/span>\n\t\t\t<\/a>\n\t\t<\/span>\n\t\n<\/div>\n\t\t<span class=\"sbi_resized_image_data\" data-feed-id=\"sbi_17841401193873551#20\"\n\t\t  data-resized=\"[]\">\n\t<\/span>\n\t<\/div>\n\n[\/vc_column_text][\/vc_column][\/vc_row][vc_row][vc_column][vc_separator][\/vc_column][\/vc_row]<\/p>\n","protected":false},"excerpt":{"rendered":"<p>[vc_row content_placement=\u00bbmiddle\u00bb video_bg=\u00bbyes\u00bb video_bg_url=\u00bbhttps:\/\/www.youtube.com\/watch?v=pM-5gyWtA1Q\u00bb css=\u00bb.vc_custom_1587119722855{padding-top: 32px !important;}\u00bb][vc_column][vc_column_text] TECNOLOG\u00cdA [\/vc_column_text][\/vc_column][\/vc_row][vc_row][vc_column width=\u00bb1\/4&#8243;][\/vc_column][vc_column width=\u00bb1\/4&#8243;][\/vc_column][vc_column width=\u00bb1\/4&#8243;][\/vc_column][vc_column width=\u00bb1\/4&#8243;][\/vc_column][\/vc_row][vc_row][vc_column][vc_separator][\/vc_column][\/vc_row][vc_row][vc_column][vc_cta h2=\u00bb\u00bb css=\u00bb.vc_custom_1586795003774{background-color: #000000 !important;}\u00bb] CASCOS [\/vc_cta][\/vc_column][\/vc_row][vc_row][vc_column][vc_separator][\/vc_column][\/vc_row][vc_row type=\u00bbboxed\u00bb][vc_column width=\u00bb1\/6&#8243;][\/vc_column][vc_column width=\u00bb2\/3&#8243;][vc_column_text] C\u00d3MPOSIT \/ POLIAMIDA Casco de Composit: Casco de c\u00f3mposit, 100% libre de metal. Casco Diel\u00e9ctrico: Casco Diel\u00e9ctrico: Reduce la conducci\u00f3n de electricidad. Gran resistencia al impacto, no se astilla ni fractura en caso [&hellip;]<\/p>\n","protected":false},"author":350,"featured_media":0,"parent":0,"menu_order":0,"comment_status":"closed","ping_status":"closed","template":"page-full-width.php","meta":{"footnotes":""},"class_list":["post-79","page","type-page","status-publish","hentry"],"_links":{"self":[{"href":"https:\/\/ozapato.com\/bo\/wp-json\/wp\/v2\/pages\/79","targetHints":{"allow":["GET"]}}],"collection":[{"href":"https:\/\/ozapato.com\/bo\/wp-json\/wp\/v2\/pages"}],"about":[{"href":"https:\/\/ozapato.com\/bo\/wp-json\/wp\/v2\/types\/page"}],"author":[{"embeddable":true,"href":"https:\/\/ozapato.com\/bo\/wp-json\/wp\/v2\/users\/350"}],"replies":[{"embeddable":true,"href":"https:\/\/ozapato.com\/bo\/wp-json\/wp\/v2\/comments?post=79"}],"version-history":[{"count":38,"href":"https:\/\/ozapato.com\/bo\/wp-json\/wp\/v2\/pages\/79\/revisions"}],"predecessor-version":[{"id":672,"href":"https:\/\/ozapato.com\/bo\/wp-json\/wp\/v2\/pages\/79\/revisions\/672"}],"wp:attachment":[{"href":"https:\/\/ozapato.com\/bo\/wp-json\/wp\/v2\/media?parent=79"}],"curies":[{"name":"wp","href":"https:\/\/api.w.org\/{rel}","templated":true}]}}