{"id":10,"date":"2020-04-27T10:47:24","date_gmt":"2020-04-27T10:47:24","guid":{"rendered":"https:\/\/ozapato.com\/cl\/?page_id=10"},"modified":"2022-03-16T21:36:36","modified_gmt":"2022-03-16T21:36:36","slug":"ozapato-chile","status":"publish","type":"page","link":"https:\/\/ozapato.com\/cl\/","title":{"rendered":"OZAPATO CHILE"},"content":{"rendered":"<p>[vc_row][vc_column]<style>.shortcode_getbowtied_slider .shortcode-slider-pagination .swiper-pagination-bullet.swiper-pagination-bullet-active:after{background-color: #000000;}<\/style>\n\n\t\t<div class=\"shortcode_getbowtied_slider swiper-container swiper-69f8ca5989e76 full_height\" style=\" width: 100%\" data-autoplay=\"10\" data-id=\"69f8ca5989e76\">\n\t\t\t<div class=\"swiper-wrapper\">\n\t\t\t\n\t\t\t<div class=\"swiper-slide left-align\"\n\t\t\tstyle=\t\"background: #CCCCCC url(https:\/\/ozapato.com\/cl\/wp-content\/uploads\/sites\/15\/2022\/03\/10607342-scaled-1.jpg) center center no-repeat ;\n\t\t\t\t\t-webkit-background-size: cover;\n\t\t\t\t\t-moz-background-size: cover;\n\t\t\t\t\t-o-background-size: cover;\n\t\t\t\t\tbackground-size: cover;\n\t\t\t\t\tcolor: #ffffff\">\n\t\t\t\thttp:\/\/a%20href=#distri%20class=fullslidelink\/a\n\t\t\t\t<div class=\"slider-content\" data-swiper-parallax=\"-50%\">\n\t\t\t\t\t<div class=\"slider-content-wrapper\">\n\t\t\t\t\t\t<h2 class=\"primary_font\" style=\"color:#ffffff;font-size:64px;line-height: 64px\">Distribuya OZAPATO en Chile<\/h2>\n\t\t\t\t\t\t<p class=\"primary_font\" style=\"color:#ffffff;font-size:21px;line-height: 21px\">Ofrecemos precios de f\u00e1brica + apoyo en marketing<\/p>\n\t\t\t\t\t\t<a class=\"button\" style=\"color:#FFFFFF !important;background: #000000 !important\" href=\"#distri\">Me interesa distribuir<\/a>\n\t\t\t\t\t<\/div>\n\t\t\t\t<\/div>\n\t\t\t<\/div>\n\t\t\t<div class=\"swiper-slide left-align\"\n\t\t\tstyle=\t\"background: #CCCCCC url(https:\/\/ozapato.com\/cl\/wp-content\/uploads\/sites\/15\/2022\/03\/P1190130-min2.jpg) center center no-repeat ;\n\t\t\t\t\t-webkit-background-size: cover;\n\t\t\t\t\t-moz-background-size: cover;\n\t\t\t\t\t-o-background-size: cover;\n\t\t\t\t\tbackground-size: cover;\n\t\t\t\t\tcolor: #ffffff\">\n\t\t\t\t\n\t\t\t\t<div class=\"slider-content\" data-swiper-parallax=\"-50%\">\n\t\t\t\t\t<div class=\"slider-content-wrapper\">\n\t\t\t\t\t\t<h2 class=\"primary_font\" style=\"color:#ffffff;font-size:64px;line-height: 64px\">Conozca nuestro cat\u00e1logo<\/h2>\n\t\t\t\t\t\t<p class=\"primary_font\" style=\"color:#ffffff;font-size:21px;line-height: 21px\">Contamos con calzado diel\u00e9ctrico, t\u00e1ctico, industrial y m\u00e1s.<\/p>\n\t\t\t\t\t\t<a class=\"button\" style=\"color:#FFFFFF !important;background: #000000 !important\" href=\"https:\/\/workdrive.zohoexternal.com\/external\/524f66ba6180ad125258b85306bf030a203b5bf2669e274cd57acf3ad37a0d8c?layout=list\" target=\"_blank\" rel=\"noopener\">Ver cat\u00e1logo<\/a>\n\t\t\t\t\t<\/div>\n\t\t\t\t<\/div>\n\t\t\t<\/div>\n\t\t\t<\/div>\n\t\t\t\t<div style=\"color: #000000\" class=\"swiper-button-prev\"><i class=\"spk-icon spk-icon-left-arrow-thin-large\"><\/i><\/div>\n    \t\t\t<div style=\"color: #000000\" class=\"swiper-button-next\"><i class=\"spk-icon spk-icon-right-arrow-thin-large\"><\/i><\/div>\n\t\t\t\t<div style=\"color: #000000\" class=\"shortcode-slider-pagination\"><\/div><\/div>[\/vc_column][\/vc_row][vc_row type=\u00bbboxed\u00bb][vc_column][vc_empty_space el_id=\u00bbdistri\u00bb][vc_cta h2=\u00bb\u00bb css=\u00bb.vc_custom_1647466259758{background-color: #dd3333 !important;}\u00bb]<\/p>\n<h4 style=\"text-align: center;\"><span style=\"color: #ffffff;\"><strong>\u00bfInteresado en distribuir OZAPATO en Chile? Ofrecemos precios de f\u00e1brica + apoyo en marketing<\/strong><\/span><\/h4>\n<p>[\/vc_cta][vc_column_text]<iframe loading=\"lazy\" height=\"800px\" width=\"100%\" frameborder=\"0\" allow=\"geolocation;microphone;camera\" src=\"https:\/\/forms.zohopublic.com\/virtualoffice9264\/form\/CLWebForm\/formperma\/RmFDMY9ZnQaBRvhcL-eAuAKckueSLEhVrx89DWZRImk\"> <\/iframe>[\/vc_column_text][\/vc_column][\/vc_row][vc_row][vc_column][vc_column_text css=\u00bb.vc_custom_1647466567899{padding-top: 32px !important;background-color: #000000 !important;}\u00bb]<\/p>\n<h3 style=\"text-align: center;\"><span style=\"color: #ffffff;\"><span class=\"emoji\">CALIDAD TOTAL\u00a0 \ud83c\udde8\ud83c\uddf1\u00a0 EN TUS ZAPATOS<\/span><\/span><\/h3>\n<p>[\/vc_column_text][\/vc_column][\/vc_row][vc_row][vc_column][vc_empty_space][\/vc_column][\/vc_row][vc_row type=\u00bbboxed\u00bb][vc_column width=\u00bb1\/4&#8243;][\/vc_column][vc_column width=\u00bb1\/2&#8243;][vc_column_text]<\/p>\n<h3 align=\"center\"><span style=\"color: #000000;\">BOTAS DE SEGURIDAD EN CHILE<\/span><\/h3>\n<p><span style=\"color: #000000;\"><a style=\"color: #000000;\" href=\"https:\/\/emojipedia.org\/hiking-boot\/\" target=\"_blank\" rel=\"noopener\"><span class=\"emoji\">\ud83e\udd7e <\/span><\/a><strong>\u00a0 Botas de seguridad<\/strong> son muy importantes y necesarios en el sector industrial, como tambien en el sector de la miner\u00eda, petroleo,construcci\u00f3n, por esta raz\u00f3n nuestra promesa para usted es de ofrecerle el <strong>mejor producto, al mejor precio y de la forma mas r\u00e1pida<\/strong>. Eso sin sacrificar ni el dise\u00f1o ni la comodidad de su bota.<\/span><\/p>\n<p><span style=\"color: #000000;\">En Chile, nuestra l\u00ednea industrial cuenta con calzado de seguridad industrial: <\/span><\/p>\n<ul>\n<li><span style=\"color: #000000;\"><strong>Bototos Diel\u00e9ctricas.<\/strong><\/span><\/li>\n<li><span style=\"color: #000000;\"><strong>Botas T\u00e1cticas.<\/strong><\/span><\/li>\n<li><span style=\"color: #000000;\"><strong>Bototos Antiest\u00e1ticas.<\/strong><\/span><\/li>\n<li><span style=\"color: #000000;\"><strong>Botas para la Miner\u00eda.<\/strong><\/span><\/li>\n<li><span style=\"color: #000000;\"><strong>Bototos para la Industria Maritima.<\/strong><\/span><\/li>\n<\/ul>\n<p>[\/vc_column_text][\/vc_column][vc_column width=\u00bb1\/4&#8243;][\/vc_column][\/vc_row][vc_row type=\u00bbboxed\u00bb][vc_column][vc_media_grid grid_id=\u00bbvc_gid:1647466451315-280f0fae-bb85-0&#8243; include=\u00bb31,16,18&#8243;][\/vc_column][\/vc_row][vc_row type=\u00bbboxed\u00bb][vc_column][\/vc_column][\/vc_row][vc_row type=\u00bbboxed\u00bb][vc_column width=\u00bb1\/6&#8243;][\/vc_column][vc_column width=\u00bb2\/3&#8243;][vc_column_text]<\/p>\n<h4 style=\"text-align: center;\"><span style=\"color: #000000;\"><strong>\u00bfPOR QU\u00c9 SOMOS SU MEJOR OPCI\u00d3N EN BOTOTOS DE SEGURIDAD EN CHILE?<\/strong><\/span><\/h4>\n<p style=\"text-align: left;\"><span style=\"color: #000000;\">Gracias a nuestro origen internacional y con una visi\u00f3n global, tomamos lo mejor de M\u00e9xico y lo mejor del mundo para poder ofrecer a usted la experiencia OZAPATO. Por ello, usamos materiales 100% de <a style=\"color: #000000;\" href=\"https:\/\/es.wikipedia.org\/wiki\/Cuero\" target=\"_blank\" rel=\"noopener\">cuero<\/a> y <strong>suelas de alta calidad.<\/strong> Usted podr\u00e1 comprobar, al momento de usar sus botas industriales OZAPATO, que prestamos mucha atenci\u00f3n a la <strong>calidad<\/strong> de nuestras pieles y suelas. Todas nuestras<a style=\"color: #000000;\" href=\"https:\/\/es.wikipedia.org\/wiki\/Calzado_de_protecci%C3%B3n\" target=\"_blank\" rel=\"noopener\"> botas de\u00a0 seguridad <\/a>, son creados para soportar condiciones extremas de humedad y temperatura.Adem\u00e1s para poder ofrecerle el <strong>mejor precio<\/strong> con este nivel de calidad, nuestro modelo de negocio le conecta <strong>directamente a la fabrica<\/strong>, evitando cualquier intermediario que no le aporta valor. Y\u00a0 por \u00faltimo ofrecemos una<strong> garant\u00eda de 6 meses<\/strong> por nuestros calzados de seguridad\u00a0 y\u00a0 <strong>cotizaci\u00f3n gratuita en 24 hs<\/strong>.<\/span><\/p>\n<h5 style=\"text-align: center;\"><span style=\"color: #000000;\"><strong>\u00a0<\/strong><\/span><\/h5>\n<p>[\/vc_column_text][\/vc_column][vc_column width=\u00bb1\/6&#8243;][\/vc_column][\/vc_row][vc_row type=\u00bbboxed\u00bb][vc_column width=\u00bb1\/6&#8243;][\/vc_column][vc_column width=\u00bb2\/3&#8243;][vc_column_text]<\/p>\n<h2 style=\"text-align: center;\"><span class=\"emoji\" style=\"color: #000000;\">\ud83c\udde8\ud83c\uddf1<\/span><\/h2>\n<h4 style=\"text-align: center;\"><span style=\"color: #000000;\">CARACTER\u00cdSTICAS DE UN BUEN CALZADO DE SEGURIDAD<\/span><\/h4>\n<p><span style=\"font-weight: 400; color: #000000;\">Conocer las caracter\u00edsticas de las<strong> botas de seguridad<\/strong> es indispensable a la hora de elegir unas<strong> botas de seguridad laboral<\/strong>.Ya que es vital para elegir el zapato m\u00e1s adecuado segun la actividad a la que te dedicas:<\/span><\/p>\n<ul>\n<li><span style=\"font-weight: 400; color: #000000;\">Miner\u00eda.<\/span><\/li>\n<li><span style=\"font-weight: 400; color: #000000;\">Industrial.<\/span><\/li>\n<li><span style=\"font-weight: 400; color: #000000;\">Portuaria.<\/span><\/li>\n<li><span style=\"font-weight: 400; color: #000000;\">Diel\u00e9ctrica.<\/span><\/li>\n<li><span style=\"font-weight: 400; color: #000000;\">Petrolera.<\/span><\/li>\n<li><span style=\"color: #000000;\">O\u00edl &amp; Gas.<\/span><\/li>\n<li><span style=\"font-weight: 400; color: #000000;\">T\u00e1cticas.<\/span><\/li>\n<li><span style=\"font-weight: 400; color: #000000;\">Restauraci\u00f3n.<\/span><\/li>\n<li><span style=\"color: #000000;\"><a style=\"color: #000000;\" href=\"https:\/\/ozapato.com\/bo\/botas-para-soldadores\/\"><span style=\"font-weight: 400;\">Soldador.<\/span><\/a><\/span><\/li>\n<\/ul>\n<p><span style=\"font-weight: 400; color: #000000;\">Por esta raz\u00f3n, una investigaci\u00f3n previa te permitir\u00e1 hacer una selecci\u00f3n adecuada de tus nueva adquisici\u00f3n; si conoces las exigencias f\u00edsicas y ambientales donde realizar\u00e1s tu trabajo.<\/span><\/p>\n<p><span style=\"font-weight: 400; color: #000000;\">Tambi\u00e9n hay que tener en cuenta los posibles <a style=\"color: #000000;\" href=\"https:\/\/www.isotools.org\/2015\/09\/10\/riesgo-laboral-definicion-y-conceptos-basicos\/\" target=\"_blank\" rel=\"noopener\">riesgos laborales<\/a> que puedes\u00a0 tener seg\u00fan tu \u00e1rea de trabajo, y donde tus pies estar\u00e1n expuestos: Puertos, Gasolineras, Metalurgia, Cocinas,etc.<\/span><\/p>\n<p><span style=\"font-weight: 400; color: #000000;\">En las zonas de trabajo los pies son vulnerables a:<\/span><\/p>\n<ul>\n<li style=\"font-weight: 400;\"><span style=\"font-weight: 400; color: #000000;\"><strong>Descargas el\u00e9ctricas<\/strong> en \u00e1rea con gran exposici\u00f3n el\u00e9ctrica.<\/span><\/li>\n<li style=\"font-weight: 400;\"><span style=\"font-weight: 400; color: #000000;\"><strong>Deslizamientos y torceduras<\/strong> en \u00e1reas resbaladizas o mojadas.<\/span><\/li>\n<li style=\"font-weight: 400;\"><span style=\"font-weight: 400; color: #000000;\"><strong>Lesiones en la piel<\/strong> por <strong>quemaduras<\/strong> al exponerse en \u00e1reas donde se manipulen <a style=\"color: #000000;\" href=\"https:\/\/es.wikipedia.org\/wiki\/Producto_qu%C3%ADmico\" target=\"_blank\" rel=\"noopener\">productos qu\u00edmicos<\/a> o corrosivos.<\/span><\/li>\n<\/ul>\n<p><span style=\"color: #000000;\"><span style=\"font-weight: 400;\">Por estas razones, <a style=\"color: #000000;\" href=\"http:\/\/www.ozapato.com\">OZAPATO<\/a>, <\/span><span style=\"font-weight: 400;\">te ofrece las 5 <strong>caracter\u00edsticas claves que debe tener unas botas de seguridad.<\/strong><\/span><\/span><\/p>\n<p><span style=\"font-weight: 400; color: #000000;\">1.Las botas de seguridad deben tener suela<strong> antideslizante<\/strong><\/span><\/p>\n<p><span style=\"font-weight: 400; color: #000000;\">2.El calzado de seguridad debe tener resistencia al agua.<\/span><\/p>\n<p><span style=\"font-weight: 400; color: #000000;\">3.Los zapatos de seguridad deben ser flexibles, c\u00f3modos y confortables para largas jornada de trabajo.<\/span><\/p>\n<p><span style=\"font-weight: 400; color: #000000;\">4.La <a style=\"color: #000000;\" href=\"https:\/\/ozapato.com\/bo\/tecnologia\/\">puntera de seguridad<\/a> es esencial para la protecci\u00f3n de tus pies.<\/span><\/p>\n<p><span style=\"color: #000000;\">5.Los botines de seguridad deben ser aislantes contra el fr\u00edo y la electricidad.<\/span>[\/vc_column_text][\/vc_column][vc_column width=\u00bb1\/6&#8243;][\/vc_column][\/vc_row][vc_row][vc_column][vc_empty_space][\/vc_column][\/vc_row]<\/p>\n","protected":false},"excerpt":{"rendered":"<p>[vc_row][vc_column][\/vc_column][\/vc_row][vc_row type=\u00bbboxed\u00bb][vc_column][vc_empty_space el_id=\u00bbdistri\u00bb][vc_cta h2=\u00bb\u00bb css=\u00bb.vc_custom_1647466259758{background-color: #dd3333 !important;}\u00bb] \u00bfInteresado en distribuir OZAPATO en Chile? Ofrecemos precios de f\u00e1brica + apoyo en marketing [\/vc_cta][vc_column_text][\/vc_column_text][\/vc_column][\/vc_row][vc_row][vc_column][vc_column_text css=\u00bb.vc_custom_1647466567899{padding-top: 32px !important;background-color: #000000 !important;}\u00bb] CALIDAD TOTAL\u00a0 \ud83c\udde8\ud83c\uddf1\u00a0 EN TUS ZAPATOS [\/vc_column_text][\/vc_column][\/vc_row][vc_row][vc_column][vc_empty_space][\/vc_column][\/vc_row][vc_row type=\u00bbboxed\u00bb][vc_column width=\u00bb1\/4&#8243;][\/vc_column][vc_column width=\u00bb1\/2&#8243;][vc_column_text] BOTAS DE SEGURIDAD EN CHILE \ud83e\udd7e \u00a0 Botas de seguridad son muy importantes y necesarios en el sector [&hellip;]<\/p>\n","protected":false},"author":350,"featured_media":0,"parent":0,"menu_order":0,"comment_status":"closed","ping_status":"closed","template":"page-full-width.php","meta":{"footnotes":""},"class_list":["post-10","page","type-page","status-publish","hentry"],"_links":{"self":[{"href":"https:\/\/ozapato.com\/cl\/wp-json\/wp\/v2\/pages\/10","targetHints":{"allow":["GET"]}}],"collection":[{"href":"https:\/\/ozapato.com\/cl\/wp-json\/wp\/v2\/pages"}],"about":[{"href":"https:\/\/ozapato.com\/cl\/wp-json\/wp\/v2\/types\/page"}],"author":[{"embeddable":true,"href":"https:\/\/ozapato.com\/cl\/wp-json\/wp\/v2\/users\/350"}],"replies":[{"embeddable":true,"href":"https:\/\/ozapato.com\/cl\/wp-json\/wp\/v2\/comments?post=10"}],"version-history":[{"count":33,"href":"https:\/\/ozapato.com\/cl\/wp-json\/wp\/v2\/pages\/10\/revisions"}],"predecessor-version":[{"id":316,"href":"https:\/\/ozapato.com\/cl\/wp-json\/wp\/v2\/pages\/10\/revisions\/316"}],"wp:attachment":[{"href":"https:\/\/ozapato.com\/cl\/wp-json\/wp\/v2\/media?parent=10"}],"curies":[{"name":"wp","href":"https:\/\/api.w.org\/{rel}","templated":true}]}}