{"id":134,"date":"2020-04-30T11:12:31","date_gmt":"2020-04-30T11:12:31","guid":{"rendered":"https:\/\/ozapato.com\/cl\/?page_id=134"},"modified":"2020-06-17T15:13:32","modified_gmt":"2020-06-17T15:13:32","slug":"botas-tactica-y-militar","status":"publish","type":"page","link":"https:\/\/ozapato.com\/cl\/botas-tactica-y-militar\/","title":{"rendered":"\ud83c\udf96\ufe0f CALZADO TACTICO Y MILITAR"},"content":{"rendered":"<p>[vc_row video_bg=\u00bbyes\u00bb video_bg_url=\u00bbhttps:\/\/www.youtube.com\/watch?v=__oq67bsM8A\u00bb][vc_column][vc_column_text css=\u00bb.vc_custom_1588247037177{padding-top: 32px !important;}\u00bb]<\/p>\n<h3 style=\"text-align: center\"><strong><span style=\"color: #ffffff\">T\u00c1CTICAS Y MILITARES<\/span><\/strong><\/h3>\n<p>[\/vc_column_text][\/vc_column][\/vc_row][vc_row][vc_column width=\u00bb1\/4&#8243;]\n\t\t<div class=\"shortcode_banner_simple_height \" onclick=\"location.href='https:\/\/ozapato.com\/cl\/mineria\/';\" style=\"height:275pxpx;\">\n\t\t\t<div class=\"shortcode_banner_simple_height_inner\">\n\t\t\t\t<div class=\"shortcode_banner_simple_height_bkg\" style=\"background-color:#000000; background-image:url()\"><\/div>\n\t\t\t\n\t\t\t\t<div class=\"shortcode_banner_simple_height_inside\" style=\"border: 0px solid #000000\">\n\t\t\t\t\t<div class=\"shortcode_banner_simple_height_content\">\n\t\t\t\t\t\t<div><h3 class=\"banner_title\" style=\"color:#fff\">Miner\u00eda<\/h3><\/div>\n\t\t\t\t\t\t<div class=\"shortcode_banner_simple_height_sep\" style=\"margin:5px auto; background-color:#fff;\"><\/div>\n\t\t\t\t\t\t<div><h4 class=\"banner_subtitle\" style=\"color:#fff\">OZAPATO<\/h4><\/div>\n\t\t\t\t\t<\/div>\n\t\t\t\t<\/div>\n\t\t\t<\/div><\/div>[\/vc_column][vc_column width=\u00bb1\/4&#8243;]\n\t\t<div class=\"shortcode_banner_simple_height \" onclick=\"location.href='https:\/\/ozapato.com\/cl\/botas-para-soldador\/';\" style=\"height:275pxpx;\">\n\t\t\t<div class=\"shortcode_banner_simple_height_inner\">\n\t\t\t\t<div class=\"shortcode_banner_simple_height_bkg\" style=\"background-color:#dd3333; background-image:url()\"><\/div>\n\t\t\t\n\t\t\t\t<div class=\"shortcode_banner_simple_height_inside\" style=\"border: 0px solid #dd3333\">\n\t\t\t\t\t<div class=\"shortcode_banner_simple_height_content\">\n\t\t\t\t\t\t<div><h3 class=\"banner_title\" style=\"color:#fff\">Soldadores<\/h3><\/div>\n\t\t\t\t\t\t<div class=\"shortcode_banner_simple_height_sep\" style=\"margin:5px auto; background-color:#fff;\"><\/div>\n\t\t\t\t\t\t<div><h4 class=\"banner_subtitle\" style=\"color:#fff\">Botas para soldadores<\/h4><\/div>\n\t\t\t\t\t<\/div>\n\t\t\t\t<\/div>\n\t\t\t<\/div><\/div>[\/vc_column][vc_column width=\u00bb1\/4&#8243;]\n\t\t<div class=\"shortcode_banner_simple_height \" onclick=\"location.href='https:\/\/ozapato.com\/cl\/%f0%9f%9b%a0%ef%b8%8f-calzado-antiestatico\/';\" style=\"height:275pxpx;\">\n\t\t\t<div class=\"shortcode_banner_simple_height_inner\">\n\t\t\t\t<div class=\"shortcode_banner_simple_height_bkg\" style=\"background-color:#000000; background-image:url()\"><\/div>\n\t\t\t\n\t\t\t\t<div class=\"shortcode_banner_simple_height_inside\" style=\"border: 0px solid #000000\">\n\t\t\t\t\t<div class=\"shortcode_banner_simple_height_content\">\n\t\t\t\t\t\t<div><h3 class=\"banner_title\" style=\"color:#fff\">Anti\u00e9staticos<\/h3><\/div>\n\t\t\t\t\t\t<div class=\"shortcode_banner_simple_height_sep\" style=\"margin:5px auto; background-color:#fff;\"><\/div>\n\t\t\t\t\t\t<div><h4 class=\"banner_subtitle\" style=\"color:#fff\">OZAPATO<\/h4><\/div>\n\t\t\t\t\t<\/div>\n\t\t\t\t<\/div>\n\t\t\t<\/div><\/div>[\/vc_column][vc_column width=\u00bb1\/4&#8243;]\n\t\t<div class=\"shortcode_banner_simple_height \" onclick=\"location.href='https:\/\/ozapato.com\/cl\/calzado-dielectrico\/';\" style=\"height:275pxpx;\">\n\t\t\t<div class=\"shortcode_banner_simple_height_inner\">\n\t\t\t\t<div class=\"shortcode_banner_simple_height_bkg\" style=\"background-color:#dd3333; background-image:url()\"><\/div>\n\t\t\t\n\t\t\t\t<div class=\"shortcode_banner_simple_height_inside\" style=\"border: 0px solid #dd3333\">\n\t\t\t\t\t<div class=\"shortcode_banner_simple_height_content\">\n\t\t\t\t\t\t<div><h3 class=\"banner_title\" style=\"color:#fff\">Diel\u00e9ctrico<\/h3><\/div>\n\t\t\t\t\t\t<div class=\"shortcode_banner_simple_height_sep\" style=\"margin:5px auto; background-color:#fff;\"><\/div>\n\t\t\t\t\t\t<div><h4 class=\"banner_subtitle\" style=\"color:#fff\">OZAPATO<\/h4><\/div>\n\t\t\t\t\t<\/div>\n\t\t\t\t<\/div>\n\t\t\t<\/div><\/div>[\/vc_column][\/vc_row][vc_row][vc_column][vc_empty_space][\/vc_column][\/vc_row][vc_row type=\u00bbboxed\u00bb][vc_column width=\u00bb1\/4&#8243;][\/vc_column][vc_column width=\u00bb1\/2&#8243;][vc_column_text]<\/p>\n<h3 style=\"text-align: center\"><span style=\"color: #000000\"><b>\u00a1DESCUBRA NUESTRAS BOTAS T\u00c1CTICAS Y MILITARES!<\/b><\/span><\/h3>\n<p><span style=\"color: #000000\"><a style=\"color: #000000\" href=\"https:\/\/emojipedia.org\/military-medal\/\" target=\"_blank\" rel=\"noopener\"><span class=\"emoji\">\ud83c\udf96\ufe0f<\/span><\/a>Es un calzado que tiene unas caracter\u00edsticas distintas, que lo hacen ideal para situaciones extremas de calor o fr\u00edo, para aguantar golpes fuertes y para terrenos accidentados e irregulares. OZAPATO ofrece 8 tipos de <strong>botas tacticas<\/strong> adaptadas a las necesidades del cliente al mejor precio.<\/span><\/p>\n<p><span style=\"color: #000000\">Las<strong> botas\u00a0 t\u00e1cticas y militares<\/strong> de OZAPATO, est\u00e1n dise\u00f1adas <strong>t\u00e1cticamente para policias y militares de Bolivia.\u00a0<\/strong><\/span><\/p>\n<p><span style=\"color: #000000\">Los <strong>zapatos t\u00e1cticos y militares<\/strong> <strong>COP 01, COP 02,<\/strong>\u00a0<strong>COP 03<\/strong>, fuer\u00f3n creadas centradas en el <a style=\"color: #000000\" href=\"https:\/\/es.wikipedia.org\/wiki\/Confort\" target=\"_blank\" rel=\"noopener\">confort<\/a> y\u00a0 con un\u00a0 <strong>dise\u00f1o moderno<\/strong>.Gracias a los mas avanzados materiales\u00a0 de OZAPATO y de las\u00a0 materias primas de fabricaci\u00f3n.Estos zapatos cumples las espectativas que solicitan nuestros clientes.<\/span><\/p>\n<p><span style=\"color: #000000\">Tambi\u00e9n <a style=\"color: #000000\" href=\"https:\/\/es.wikipedia.org\/wiki\/Zapato\" target=\"_blank\" rel=\"noopener\">OZAPATO<\/a>, ofrece otro modelo de botas\u00a0 t\u00e1cticas y militares que son\u00a0 las botas <strong>COYOLT ,\u00a0<\/strong>surge de la necesidad de producir la bota de uniforme mas eficaz.Esta bota cumple con los est\u00e1ndares legendarios de <strong>construcci\u00f3n\u00a0 ligera<\/strong> y de rendimiento que cumplir\u00e1 satisfactoriamente\u00a0 sus expectativas.<\/span><\/p>\n<p><span style=\"color: #000000\">En cambio las <strong>OXFORD , <\/strong>aprobada con el tiempo y aprobada por los usuarios, el modelo oxford\u00a0 proporciona seguridad y las caracter\u00edsticas de rendimiento y su comodidad que usted desea.<\/span><\/p>\n<h4 style=\"text-align: center\"><span style=\"color: #000000\">CARACTER\u00cdSTICAS DE LAS BOTAS T\u00c1CTICAS Y MILITARES DE OZAPATO<\/span><\/h4>\n<p style=\"text-align: justify\"><span style=\"color: #000000\">Para coser nuestras <strong>botas t\u00e1cticas y militares<\/strong> utilizamos un proceso <a style=\"color: #000000\" href=\"https:\/\/ozapato.com\/mx\/tecnologia\/\">\u00ablockstich\u00bb<\/a> y un <a style=\"color: #000000\" href=\"https:\/\/es.wikipedia.org\/wiki\/Cuero\" target=\"_blank\" rel=\"noopener\">cuero<\/a> de calidad, lo cual permite que sus pies est\u00e9n completamente secos en todo momento. Sabemos que en la <a href=\"https:\/\/ozapato.com\/cl\/zapatos-de-seguridad\/\">industria de seguridad<\/a> y portuaria existen riesgos constantes, por su seguridad hemos a\u00f1adido un <a style=\"color: #000000\" href=\"https:\/\/ozapato.com\/bo\/tecnologia\/\"><strong>casco de poliamida<\/strong> y<strong> plantillas antiperforaci\u00f3n textiles<\/strong><\/a> que lo proteger\u00e1n de los peligros que puede encontrar en su trabajo diario. Nuestra <strong>suela de elast\u00f3mero<\/strong> es ideal para caminar en superficies con una gran presencia de agua o de hidrocarburos. Su tecnolog\u00eda <strong>Slip and Oil resistance<\/strong> est\u00e1 pensada para \u00e1reas muy deslizantes, especialmente en superficies met\u00e1licas y lisas.<\/span><\/p>\n<p style=\"text-align: justify\"><span style=\"color: #000000\">Con los zapatos de seguridad <a href=\"https:\/\/ozapato.com\/cl\/calzado-dielectrico\/\">diel\u00e9ctricos<\/a>, antideslizantes, hidrofugados y reforzados tenemos soluciones para cualquier tipo de industria. \u00a1Elija los zapatos que necesite para trabajar con seguridad!<\/span><\/p>\n<p>[\/vc_column_text][\/vc_column][vc_column width=\u00bb1\/4&#8243;][\/vc_column][\/vc_row][vc_row][vc_column][vc_empty_space][\/vc_column][\/vc_row][vc_row type=\u00bbboxed\u00bb][vc_column][vc_media_grid grid_id=\u00bbvc_gid:1589377386561-f645308d-cb6c-5&#8243; include=\u00bb142,144,97&#8243;][\/vc_column][\/vc_row][vc_row][vc_column][vc_empty_space][\/vc_column][\/vc_row][vc_row type=\u00bbboxed\u00bb][vc_column][vc_cta h2=\u00bb\u00bb css=\u00bb.vc_custom_1589377402280{background-color: #000000 !important;}\u00bb]<\/p>\n<h4 style=\"text-align: center\"><span style=\"color: #ffffff\">\u00bfInteresado en Botas T\u00e1ctiacs y Militares? Reciba cotizaci\u00f3n en 24 hs.<\/span><\/h4>\n<p>[\/vc_cta][\/vc_column][\/vc_row][vc_row type=\u00bbboxed\u00bb][vc_column][vc_column_text]<iframe loading=\"lazy\" height=\"800px\" width=\"100%\" frameborder=\"0\" allow=\"geolocation;microphone;camera\" src=\"https:\/\/forms.zohopublic.com\/virtualoffice9264\/form\/CLWebForm\/formperma\/RmFDMY9ZnQaBRvhcL-eAuAKckueSLEhVrx89DWZRImk\"> <\/iframe>[\/vc_column_text][\/vc_column][\/vc_row][vc_row][vc_column][vc_empty_space][\/vc_column][\/vc_row][vc_row type=\u00bbboxed\u00bb][vc_column width=\u00bb1\/4&#8243;][\/vc_column][vc_column width=\u00bb1\/2&#8243;][vc_column_text]<\/p>\n<h4 style=\"text-align: center\">\u00bfPOR\u00a0<strong>QU\u00c9 <\/strong>SOMOS SU MEJOR OPCI\u00d3N EN CALZADO DE SEGURIDAD INDUSTRIAL EN CHILE?<\/h4>\n<p style=\"text-align: left\"><span style=\"color: #000000\">Gracias a nuestro origen internacional y con una visi\u00f3n global, tomamos lo mejor de M\u00e9xico y lo mejor del mundo para poder ofrecer a usted la experiencia OZAPATO. Por ello, usamos materiales 100% de <a style=\"color: #000000\" href=\"https:\/\/es.wikipedia.org\/wiki\/Cuero\" target=\"_blank\" rel=\"noopener\">cuero<\/a> y <strong>suelas de alta calidad.<\/strong> Usted podr\u00e1 comprobar, al momento de usar sus botas industriales OZAPATO, que prestamos mucha atenci\u00f3n a la <strong>calidad<\/strong> de nuestras pieles y suelas. Todas nuestras botas y calzado de seguridad industrial, son creados para soportar condiciones extremas de humedad y temperatura.Adem\u00e1s para <\/span><span style=\"color: #000000\">poder ofrecerle el <strong>mejor precio<\/strong> con este nivel de calidad, nuestro modelo de negocio le conecta <strong>directamente a la fabrica<\/strong>, evitando cualquier intermediario que no le aporta valor. Y\u00a0 por \u00faltimo ofrecemos una<strong> garant\u00eda de 6 meses<\/strong> por nuestros productos mas una <strong>cotizaci\u00f3n gratuita en 24 hs<\/strong>.<\/span><\/p>\n<p>[\/vc_column_text][\/vc_column][vc_column width=\u00bb1\/4&#8243;][\/vc_column][\/vc_row][vc_row][vc_column][vc_empty_space][\/vc_column][\/vc_row][vc_row][vc_column][vc_column_text]\n<div id=\"sb_instagram\"  class=\"sbi sbi_mob_col_1 sbi_tab_col_2 sbi_col_4\" style=\"padding-bottom: 10px; width: 100%;\"\t data-feedid=\"sbi_17841401193873551#20\"  data-res=\"auto\" data-cols=\"4\" data-colsmobile=\"1\" data-colstablet=\"2\" data-num=\"20\" data-nummobile=\"\" data-item-padding=\"5\"\t data-shortcode-atts=\"{}\"  data-postid=\"134\" data-locatornonce=\"067ddab80a\" data-imageaspectratio=\"1:1\" data-sbi-flags=\"favorLocal,gdpr\">\n\t\n\t<div id=\"sbi_images\"  style=\"gap: 10px;\">\n\t\t\t<\/div>\n\n\t<div id=\"sbi_load\" >\n\n\t\n\t\t\t<span class=\"sbi_follow_btn\" >\n\t\t\t<a target=\"_blank\" rel=\"nofollow noopener\" href=\"https:\/\/www.instagram.com\/17841401193873551\/\">\n\t\t\t\t<svg class=\"svg-inline--fa fa-instagram fa-w-14\" aria-hidden=\"true\" data-fa-processed=\"\" aria-label=\"Instagram\" data-prefix=\"fab\" data-icon=\"instagram\" role=\"img\" viewBox=\"0 0 448 512\">\n                    <path fill=\"currentColor\" d=\"M224.1 141c-63.6 0-114.9 51.3-114.9 114.9s51.3 114.9 114.9 114.9S339 319.5 339 255.9 287.7 141 224.1 141zm0 189.6c-41.1 0-74.7-33.5-74.7-74.7s33.5-74.7 74.7-74.7 74.7 33.5 74.7 74.7-33.6 74.7-74.7 74.7zm146.4-194.3c0 14.9-12 26.8-26.8 26.8-14.9 0-26.8-12-26.8-26.8s12-26.8 26.8-26.8 26.8 12 26.8 26.8zm76.1 27.2c-1.7-35.9-9.9-67.7-36.2-93.9-26.2-26.2-58-34.4-93.9-36.2-37-2.1-147.9-2.1-184.9 0-35.8 1.7-67.6 9.9-93.9 36.1s-34.4 58-36.2 93.9c-2.1 37-2.1 147.9 0 184.9 1.7 35.9 9.9 67.7 36.2 93.9s58 34.4 93.9 36.2c37 2.1 147.9 2.1 184.9 0 35.9-1.7 67.7-9.9 93.9-36.2 26.2-26.2 34.4-58 36.2-93.9 2.1-37 2.1-147.8 0-184.8zM398.8 388c-7.8 19.6-22.9 34.7-42.6 42.6-29.5 11.7-99.5 9-132.1 9s-102.7 2.6-132.1-9c-19.6-7.8-34.7-22.9-42.6-42.6-11.7-29.5-9-99.5-9-132.1s-2.6-102.7 9-132.1c7.8-19.6 22.9-34.7 42.6-42.6 29.5-11.7 99.5-9 132.1-9s102.7-2.6 132.1 9c19.6 7.8 34.7 22.9 42.6 42.6 11.7 29.5 9 99.5 9 132.1s2.7 102.7-9 132.1z\"><\/path>\n                <\/svg>\t\t\t\t<span>S\u00edguenos en Instagram<\/span>\n\t\t\t<\/a>\n\t\t<\/span>\n\t\n<\/div>\n\t\t<span class=\"sbi_resized_image_data\" data-feed-id=\"sbi_17841401193873551#20\"\n\t\t  data-resized=\"[]\">\n\t<\/span>\n\t<\/div>\n\n[\/vc_column_text][\/vc_column][\/vc_row]<\/p>\n","protected":false},"excerpt":{"rendered":"<p>[vc_row video_bg=\u00bbyes\u00bb video_bg_url=\u00bbhttps:\/\/www.youtube.com\/watch?v=__oq67bsM8A\u00bb][vc_column][vc_column_text css=\u00bb.vc_custom_1588247037177{padding-top: 32px !important;}\u00bb] T\u00c1CTICAS Y MILITARES [\/vc_column_text][\/vc_column][\/vc_row][vc_row][vc_column width=\u00bb1\/4&#8243;][\/vc_column][vc_column width=\u00bb1\/4&#8243;][\/vc_column][vc_column width=\u00bb1\/4&#8243;][\/vc_column][vc_column width=\u00bb1\/4&#8243;][\/vc_column][\/vc_row][vc_row][vc_column][vc_empty_space][\/vc_column][\/vc_row][vc_row type=\u00bbboxed\u00bb][vc_column width=\u00bb1\/4&#8243;][\/vc_column][vc_column width=\u00bb1\/2&#8243;][vc_column_text] \u00a1DESCUBRA NUESTRAS BOTAS T\u00c1CTICAS Y MILITARES! \ud83c\udf96\ufe0fEs un calzado que tiene unas caracter\u00edsticas distintas, que lo hacen ideal para situaciones extremas de calor o fr\u00edo, para aguantar golpes fuertes y para terrenos accidentados e irregulares. OZAPATO ofrece 8 [&hellip;]<\/p>\n","protected":false},"author":350,"featured_media":0,"parent":0,"menu_order":0,"comment_status":"closed","ping_status":"closed","template":"page-full-width.php","meta":{"footnotes":""},"class_list":["post-134","page","type-page","status-publish","hentry"],"_links":{"self":[{"href":"https:\/\/ozapato.com\/cl\/wp-json\/wp\/v2\/pages\/134","targetHints":{"allow":["GET"]}}],"collection":[{"href":"https:\/\/ozapato.com\/cl\/wp-json\/wp\/v2\/pages"}],"about":[{"href":"https:\/\/ozapato.com\/cl\/wp-json\/wp\/v2\/types\/page"}],"author":[{"embeddable":true,"href":"https:\/\/ozapato.com\/cl\/wp-json\/wp\/v2\/users\/350"}],"replies":[{"embeddable":true,"href":"https:\/\/ozapato.com\/cl\/wp-json\/wp\/v2\/comments?post=134"}],"version-history":[{"count":14,"href":"https:\/\/ozapato.com\/cl\/wp-json\/wp\/v2\/pages\/134\/revisions"}],"predecessor-version":[{"id":285,"href":"https:\/\/ozapato.com\/cl\/wp-json\/wp\/v2\/pages\/134\/revisions\/285"}],"wp:attachment":[{"href":"https:\/\/ozapato.com\/cl\/wp-json\/wp\/v2\/media?parent=134"}],"curies":[{"name":"wp","href":"https:\/\/api.w.org\/{rel}","templated":true}]}}