{"id":77,"date":"2020-04-29T09:40:55","date_gmt":"2020-04-29T09:40:55","guid":{"rendered":"https:\/\/ozapato.com\/cl\/?page_id=77"},"modified":"2020-06-17T15:02:16","modified_gmt":"2020-06-17T15:02:16","slug":"calzado-dielectrico","status":"publish","type":"page","link":"https:\/\/ozapato.com\/cl\/calzado-dielectrico\/","title":{"rendered":"\u26a1  CALZADO DIEL\u00c9CTRICO"},"content":{"rendered":"<p>[vc_row video_bg=\u00bbyes\u00bb video_bg_url=\u00bbhttps:\/\/www.youtube.com\/watch?v=__oq67bsM8A\u00bb css=\u00bb.vc_custom_1588272577389{padding-top: 32px !important;}\u00bb][vc_column][vc_column_text]<\/p>\n<h3 style=\"text-align: center\"><span style=\"color: #ffffff\">DIEL\u00c9CTRICO\u00a0<\/span><\/h3>\n<p>[\/vc_column_text][\/vc_column][\/vc_row][vc_row][vc_column][vc_empty_space][\/vc_column][\/vc_row][vc_row][vc_column width=\u00bb1\/4&#8243;]\n\t\t<div class=\"shortcode_banner_simple_height \" onclick=\"location.href='https:\/\/ozapato.com\/cl\/zapatos-de-seguridad\/';\" style=\"height:275pxpx;\">\n\t\t\t<div class=\"shortcode_banner_simple_height_inner\">\n\t\t\t\t<div class=\"shortcode_banner_simple_height_bkg\" style=\"background-color:#000000; background-image:url()\"><\/div>\n\t\t\t\n\t\t\t\t<div class=\"shortcode_banner_simple_height_inside\" style=\"border: 0px solid #000000\">\n\t\t\t\t\t<div class=\"shortcode_banner_simple_height_content\">\n\t\t\t\t\t\t<div><h3 class=\"banner_title\" style=\"color:#fff\">Zapatos de Seguridad<\/h3><\/div>\n\t\t\t\t\t\t<div class=\"shortcode_banner_simple_height_sep\" style=\"margin:5px auto; background-color:#fff;\"><\/div>\n\t\t\t\t\t\t<div><h4 class=\"banner_subtitle\" style=\"color:#fff\">OZAPATO<\/h4><\/div>\n\t\t\t\t\t<\/div>\n\t\t\t\t<\/div>\n\t\t\t<\/div><\/div>[\/vc_column][vc_column width=\u00bb1\/4&#8243;]\n\t\t<div class=\"shortcode_banner_simple_height \" onclick=\"location.href='https:\/\/ozapato.com\/cl\/botas-tactica-y-militar\/';\" style=\"height:275pxpx;\">\n\t\t\t<div class=\"shortcode_banner_simple_height_inner\">\n\t\t\t\t<div class=\"shortcode_banner_simple_height_bkg\" style=\"background-color:#dd3333; background-image:url()\"><\/div>\n\t\t\t\n\t\t\t\t<div class=\"shortcode_banner_simple_height_inside\" style=\"border: 0px solid #dd3333\">\n\t\t\t\t\t<div class=\"shortcode_banner_simple_height_content\">\n\t\t\t\t\t\t<div><h3 class=\"banner_title\" style=\"color:#fff\">T\u00e1ctica y Militar<\/h3><\/div>\n\t\t\t\t\t\t<div class=\"shortcode_banner_simple_height_sep\" style=\"margin:5px auto; background-color:#fff;\"><\/div>\n\t\t\t\t\t\t<div><h4 class=\"banner_subtitle\" style=\"color:#fff\">OZAPATO<\/h4><\/div>\n\t\t\t\t\t<\/div>\n\t\t\t\t<\/div>\n\t\t\t<\/div><\/div>[\/vc_column][vc_column width=\u00bb1\/4&#8243;]\n\t\t<div class=\"shortcode_banner_simple_height \" onclick=\"location.href='https:\/\/ozapato.com\/cl\/ozapato-chile\/';\" style=\"height:275pxpx;\">\n\t\t\t<div class=\"shortcode_banner_simple_height_inner\">\n\t\t\t\t<div class=\"shortcode_banner_simple_height_bkg\" style=\"background-color:#000000; background-image:url()\"><\/div>\n\t\t\t\n\t\t\t\t<div class=\"shortcode_banner_simple_height_inside\" style=\"border: 0px solid #000000\">\n\t\t\t\t\t<div class=\"shortcode_banner_simple_height_content\">\n\t\t\t\t\t\t<div><h3 class=\"banner_title\" style=\"color:#fff\">Bototos y Botines<\/h3><\/div>\n\t\t\t\t\t\t<div class=\"shortcode_banner_simple_height_sep\" style=\"margin:5px auto; background-color:#fff;\"><\/div>\n\t\t\t\t\t\t<div><h4 class=\"banner_subtitle\" style=\"color:#fff\">OZAPATO<\/h4><\/div>\n\t\t\t\t\t<\/div>\n\t\t\t\t<\/div>\n\t\t\t<\/div><\/div>[\/vc_column][vc_column width=\u00bb1\/4&#8243;]\n\t\t<div class=\"shortcode_banner_simple_height \" onclick=\"location.href='https:\/\/ozapato.com\/cl\/mineria\/';\" style=\"height:275pxpx;\">\n\t\t\t<div class=\"shortcode_banner_simple_height_inner\">\n\t\t\t\t<div class=\"shortcode_banner_simple_height_bkg\" style=\"background-color:#dd3333; background-image:url()\"><\/div>\n\t\t\t\n\t\t\t\t<div class=\"shortcode_banner_simple_height_inside\" style=\"border: 0px solid #dd3333\">\n\t\t\t\t\t<div class=\"shortcode_banner_simple_height_content\">\n\t\t\t\t\t\t<div><h3 class=\"banner_title\" style=\"color:#fff\">Miner\u00eda<\/h3><\/div>\n\t\t\t\t\t\t<div class=\"shortcode_banner_simple_height_sep\" style=\"margin:5px auto; background-color:#fff;\"><\/div>\n\t\t\t\t\t\t<div><h4 class=\"banner_subtitle\" style=\"color:#fff\">OZAPATO<\/h4><\/div>\n\t\t\t\t\t<\/div>\n\t\t\t\t<\/div>\n\t\t\t<\/div><\/div>[\/vc_column][\/vc_row][vc_row][vc_column][vc_empty_space][\/vc_column][\/vc_row][vc_row type=\u00bbboxed\u00bb][vc_column width=\u00bb1\/4&#8243;][\/vc_column][vc_column width=\u00bb1\/2&#8243;][vc_column_text]<\/p>\n<h3 style=\"text-align: center\">CALZADO DE SEGURIDAD DIEL\u00c9CTRICO<\/h3>\n<p><a href=\"https:\/\/emojipedia.org\/high-voltage\/\" target=\"_blank\" rel=\"noopener\"><span class=\"emoji\">\u26a1<\/span><\/a>\u00a0<span style=\"font-weight: 400;color: #000000\">El <strong>calzado diel\u00e9ctrico <\/strong>tiene como principal funci\u00f3n proteger a los trabajadores del impacto de objetos pesados y tambi\u00e9n de la <strong>descarga el\u00e9ctrica<\/strong> al manipular cables o bater\u00edas el\u00e9ctricas.<\/span><\/p>\n<p><span style=\"font-weight: 400;color: #000000\">Los calzados diel\u00e9ctricos suelen estar compuestos por una<strong> punta de acero o composite<\/strong> para proteger de impactos de <a style=\"color: #000000\" href=\"https:\/\/es.wikipedia.org\/wiki\/Julio_(unidad)\" target=\"_blank\" rel=\"noopener\">200 Joules.<\/a><\/span><\/p>\n<p><span style=\"font-weight: 400;color: #000000\">La <strong>punta de acero<\/strong>, se utiliza mayormente en los <strong>calzados aislantes<\/strong>, ya que esta <a href=\"https:\/\/ozapato.com\/cl\/ozapato-chile\/\">bota de seguridad, <\/a>nunca estar\u00e1 en contacto con la superficie y no cumplir\u00e1 el ciclo de cierre del circuito debido al flujo de electrones en el cuerpo de una persona.<\/span>[\/vc_column_text][\/vc_column][vc_column width=\u00bb1\/4&#8243;][\/vc_column][\/vc_row][vc_row][vc_column][vc_empty_space][\/vc_column][\/vc_row][vc_row type=\u00bbboxed\u00bb][vc_column][vc_media_grid grid_id=\u00bbvc_gid:1589376639951-3bbd30c1-96d8-3&#8243; include=\u00bb84,83,85&#8243;][\/vc_column][\/vc_row][vc_row type=\u00bbboxed\u00bb][vc_column][vc_cta h2=\u00bb\u00bb css=\u00bb.vc_custom_1589376658284{background-color: #000000 !important;}\u00bb]<\/p>\n<h4 style=\"text-align: center\"><strong><span style=\"color: #ffffff\">\u00bfInteresado en Calzado de seguridad Diel\u00e9ctrico? Reicibe cotizaci\u00f3n en 24 hs.<\/span><\/strong><\/h4>\n<p>[\/vc_cta][\/vc_column][\/vc_row][vc_row type=\u00bbboxed\u00bb][vc_column][vc_column_text]<iframe loading=\"lazy\" height=\"800px\" width=\"100%\" frameborder=\"0\" allow=\"geolocation;microphone;camera\" src=\"https:\/\/forms.zohopublic.com\/virtualoffice9264\/form\/CLWebForm\/formperma\/RmFDMY9ZnQaBRvhcL-eAuAKckueSLEhVrx89DWZRImk\"> <\/iframe>[\/vc_column_text][\/vc_column][\/vc_row][vc_row][vc_column][vc_empty_space][\/vc_column][\/vc_row][vc_row type=\u00bbboxed\u00bb][vc_column width=\u00bb1\/4&#8243;][\/vc_column][vc_column width=\u00bb1\/2&#8243;][vc_column_text]<\/p>\n<h4 style=\"text-align: center\">CARACTER\u00cdSTICA\u00a0 DEL CALZADO DE SEGURIDAD DIEL\u00c9CTRICO<\/h4>\n<p><span style=\"color: #000000\">Existen dos tipos de<a style=\"color: #000000\" href=\"https:\/\/ozapato.com\/cl\/industrial\/\"> zapatos y botas de seguridad<\/a> que debes utilizar a la hora de realizar trabajos en \u00e1reas el\u00e9ctricas:<\/span><\/p>\n<ul>\n<li style=\"text-align: left\"><span style=\"color: #000000\">Calzado Aislante.<\/span><\/li>\n<li style=\"text-align: left\"><span style=\"color: #000000\">Calzado Antiestatico.<\/span><\/li>\n<\/ul>\n<p><span style=\"color: #000000\"><strong>1.Calzado Aislante:<\/strong><\/span><\/p>\n<p><span style=\"color: #000000\">El calzado <strong>diel\u00e9ctrico o aislante <\/strong>tiene la funci\u00f3n de proteger a las personas que trabajan directamente con la <a style=\"color: #000000\" href=\"https:\/\/es.wikipedia.org\/wiki\/Electricidad\" target=\"_blank\" rel=\"noopener\">el\u00e9ctricidad<\/a>.Donde las <strong>botas diel\u00e9ctricas<\/strong> y <strong>zapatos diel\u00e9ctricos o aislantes<\/strong> deben soportar una gran resistencia el\u00e9ctrica funcionando como aislante del <a href=\"https:\/\/es.wikipedia.org\/wiki\/Cuerpo_humano\" target=\"_blank\" rel=\"noopener\">cuerpo humano.<\/a><\/span><\/p>\n<p><span style=\"color: #000000\"><strong>2.Calzado Antiestatico<\/strong><\/span><\/p>\n<p><span style=\"color: #000000\">Los<strong> calzados antiest\u00e1ticos o conductivos<\/strong>, se utilizan en \u00e1reas de trabajo con <strong>baja electricidad<\/strong> con la funci\u00f3n de esparcir las corrientes est\u00e1ticas, y favorecer que la corriente circule a trav\u00e9s del trabajador y se descargue.<\/span>[\/vc_column_text][\/vc_column][vc_column width=\u00bb1\/4&#8243;][\/vc_column][\/vc_row][vc_row][vc_column][vc_separator][\/vc_column][\/vc_row][vc_row][vc_column][vc_column_text]\n<div id=\"sb_instagram\"  class=\"sbi sbi_mob_col_1 sbi_tab_col_2 sbi_col_4\" style=\"padding-bottom: 10px; width: 100%;\"\t data-feedid=\"sbi_17841401193873551#20\"  data-res=\"auto\" data-cols=\"4\" data-colsmobile=\"1\" data-colstablet=\"2\" data-num=\"20\" data-nummobile=\"\" data-item-padding=\"5\"\t data-shortcode-atts=\"{}\"  data-postid=\"77\" data-locatornonce=\"fa64ff1850\" data-imageaspectratio=\"1:1\" data-sbi-flags=\"favorLocal,gdpr\">\n\t\n\t<div id=\"sbi_images\"  style=\"gap: 10px;\">\n\t\t\t<\/div>\n\n\t<div id=\"sbi_load\" >\n\n\t\n\t\t\t<span class=\"sbi_follow_btn\" >\n\t\t\t<a target=\"_blank\" rel=\"nofollow noopener\" href=\"https:\/\/www.instagram.com\/17841401193873551\/\">\n\t\t\t\t<svg class=\"svg-inline--fa fa-instagram fa-w-14\" aria-hidden=\"true\" data-fa-processed=\"\" aria-label=\"Instagram\" data-prefix=\"fab\" data-icon=\"instagram\" role=\"img\" viewBox=\"0 0 448 512\">\n                    <path fill=\"currentColor\" d=\"M224.1 141c-63.6 0-114.9 51.3-114.9 114.9s51.3 114.9 114.9 114.9S339 319.5 339 255.9 287.7 141 224.1 141zm0 189.6c-41.1 0-74.7-33.5-74.7-74.7s33.5-74.7 74.7-74.7 74.7 33.5 74.7 74.7-33.6 74.7-74.7 74.7zm146.4-194.3c0 14.9-12 26.8-26.8 26.8-14.9 0-26.8-12-26.8-26.8s12-26.8 26.8-26.8 26.8 12 26.8 26.8zm76.1 27.2c-1.7-35.9-9.9-67.7-36.2-93.9-26.2-26.2-58-34.4-93.9-36.2-37-2.1-147.9-2.1-184.9 0-35.8 1.7-67.6 9.9-93.9 36.1s-34.4 58-36.2 93.9c-2.1 37-2.1 147.9 0 184.9 1.7 35.9 9.9 67.7 36.2 93.9s58 34.4 93.9 36.2c37 2.1 147.9 2.1 184.9 0 35.9-1.7 67.7-9.9 93.9-36.2 26.2-26.2 34.4-58 36.2-93.9 2.1-37 2.1-147.8 0-184.8zM398.8 388c-7.8 19.6-22.9 34.7-42.6 42.6-29.5 11.7-99.5 9-132.1 9s-102.7 2.6-132.1-9c-19.6-7.8-34.7-22.9-42.6-42.6-11.7-29.5-9-99.5-9-132.1s-2.6-102.7 9-132.1c7.8-19.6 22.9-34.7 42.6-42.6 29.5-11.7 99.5-9 132.1-9s102.7-2.6 132.1 9c19.6 7.8 34.7 22.9 42.6 42.6 11.7 29.5 9 99.5 9 132.1s2.7 102.7-9 132.1z\"><\/path>\n                <\/svg>\t\t\t\t<span>S\u00edguenos en Instagram<\/span>\n\t\t\t<\/a>\n\t\t<\/span>\n\t\n<\/div>\n\t\t<span class=\"sbi_resized_image_data\" data-feed-id=\"sbi_17841401193873551#20\"\n\t\t  data-resized=\"[]\">\n\t<\/span>\n\t<\/div>\n\n[\/vc_column_text][\/vc_column][\/vc_row]<\/p>\n","protected":false},"excerpt":{"rendered":"<p>[vc_row video_bg=\u00bbyes\u00bb video_bg_url=\u00bbhttps:\/\/www.youtube.com\/watch?v=__oq67bsM8A\u00bb css=\u00bb.vc_custom_1588272577389{padding-top: 32px !important;}\u00bb][vc_column][vc_column_text] DIEL\u00c9CTRICO\u00a0 [\/vc_column_text][\/vc_column][\/vc_row][vc_row][vc_column][vc_empty_space][\/vc_column][\/vc_row][vc_row][vc_column width=\u00bb1\/4&#8243;][\/vc_column][vc_column width=\u00bb1\/4&#8243;][\/vc_column][vc_column width=\u00bb1\/4&#8243;][\/vc_column][vc_column width=\u00bb1\/4&#8243;][\/vc_column][\/vc_row][vc_row][vc_column][vc_empty_space][\/vc_column][\/vc_row][vc_row type=\u00bbboxed\u00bb][vc_column width=\u00bb1\/4&#8243;][\/vc_column][vc_column width=\u00bb1\/2&#8243;][vc_column_text] CALZADO DE SEGURIDAD DIEL\u00c9CTRICO \u26a1\u00a0El calzado diel\u00e9ctrico tiene como principal funci\u00f3n proteger a los trabajadores del impacto de objetos pesados y tambi\u00e9n de la descarga el\u00e9ctrica al manipular cables o bater\u00edas el\u00e9ctricas. Los calzados diel\u00e9ctricos suelen estar compuestos por una [&hellip;]<\/p>\n","protected":false},"author":350,"featured_media":0,"parent":0,"menu_order":0,"comment_status":"closed","ping_status":"closed","template":"page-full-width.php","meta":{"footnotes":""},"class_list":["post-77","page","type-page","status-publish","hentry"],"_links":{"self":[{"href":"https:\/\/ozapato.com\/cl\/wp-json\/wp\/v2\/pages\/77","targetHints":{"allow":["GET"]}}],"collection":[{"href":"https:\/\/ozapato.com\/cl\/wp-json\/wp\/v2\/pages"}],"about":[{"href":"https:\/\/ozapato.com\/cl\/wp-json\/wp\/v2\/types\/page"}],"author":[{"embeddable":true,"href":"https:\/\/ozapato.com\/cl\/wp-json\/wp\/v2\/users\/350"}],"replies":[{"embeddable":true,"href":"https:\/\/ozapato.com\/cl\/wp-json\/wp\/v2\/comments?post=77"}],"version-history":[{"count":16,"href":"https:\/\/ozapato.com\/cl\/wp-json\/wp\/v2\/pages\/77\/revisions"}],"predecessor-version":[{"id":280,"href":"https:\/\/ozapato.com\/cl\/wp-json\/wp\/v2\/pages\/77\/revisions\/280"}],"wp:attachment":[{"href":"https:\/\/ozapato.com\/cl\/wp-json\/wp\/v2\/media?parent=77"}],"curies":[{"name":"wp","href":"https:\/\/api.w.org\/{rel}","templated":true}]}}