{"id":11243,"date":"2021-07-02T03:21:01","date_gmt":"2021-07-01T22:21:01","guid":{"rendered":"https:\/\/ozapato.com\/cr\/?page_id=11243"},"modified":"2023-09-27T06:48:20","modified_gmt":"2023-09-27T01:48:20","slug":"calzado-para-la-industria-farmaceutica","status":"publish","type":"page","link":"https:\/\/ozapato.com\/cr\/calzado-para-la-industria-farmaceutica\/","title":{"rendered":"\ud83e\udd7e\ud83e\udd47 El mejor calzado para la Industria Farmac\u00e9utica en Costa Rica &#8211; OZAPATO COSTA RICA \ud83c\udde8\ud83c\uddf7"},"content":{"rendered":"<p>[vc_row full_width=&#8221;stretch_row_content_no_spaces&#8221; video_bg=&#8221;yes&#8221; video_bg_url=&#8221;https:\/\/www.youtube.com\/watch?v=__oq67bsM8A&#8221;][vc_column][vc_column_text]<\/p>\n<h3><\/h3>\n<h3><\/h3>\n<h3 style=\"text-align: center;\"><span style=\"color: #ffffff;\"><span style=\"vertical-align: inherit;\"><span style=\"vertical-align: inherit;\"><span style=\"color: #000000;\">\u00a0<span style=\"color: #ffffff;\"><span style=\"vertical-align: inherit;\"><span style=\"vertical-align: inherit;\">INDUSTRIA FARMAC\u00c9UTICA<\/span><\/span><\/span><\/span><\/span><\/span><\/span><\/h3>\n<p>[\/vc_column_text][\/vc_column][\/vc_row][vc_row][vc_column]<div class=\"woocommerce columns-4 \"><ul class=\"products columns-4\">\n<li class=\"product type-product post-12152 status-publish first instock product_cat-dielectrica product_cat-descuentos-70 product_cat-industria-alimentaria product_cat-industria-farmaceutica has-post-thumbnail shipping-taxable purchasable product-type-variable\">\r\n\r\n\t\r\n    <div class=\"product_thumbnail_wrapper \">\r\n\r\n\t\t<a href=\"https:\/\/ozapato.com\/cr\/product\/bird-42\/\" class=\"woocommerce-LoopProduct-link woocommerce-loop-product__link\">\r\n\r\n\t        <div class=\"product_thumbnail with_second_image\">\r\n\t            <img loading=\"lazy\" decoding=\"async\" width=\"350\" height=\"350\" src=\"https:\/\/ozapato.com\/cr\/wp-content\/uploads\/sites\/6\/2023\/07\/Bird-421200279_cliBird-42droBird-42-reBird-42lace-background-350x350.jpg\" class=\"attachment-woocommerce_thumbnail size-woocommerce_thumbnail\" alt=\"Bird 42\" srcset=\"https:\/\/ozapato.com\/cr\/wp-content\/uploads\/sites\/6\/2023\/07\/Bird-421200279_cliBird-42droBird-42-reBird-42lace-background-350x350.jpg 350w, https:\/\/ozapato.com\/cr\/wp-content\/uploads\/sites\/6\/2023\/07\/Bird-421200279_cliBird-42droBird-42-reBird-42lace-background-300x300.jpg 300w, https:\/\/ozapato.com\/cr\/wp-content\/uploads\/sites\/6\/2023\/07\/Bird-421200279_cliBird-42droBird-42-reBird-42lace-background-1024x1024.jpg 1024w, https:\/\/ozapato.com\/cr\/wp-content\/uploads\/sites\/6\/2023\/07\/Bird-421200279_cliBird-42droBird-42-reBird-42lace-background-150x150.jpg 150w, https:\/\/ozapato.com\/cr\/wp-content\/uploads\/sites\/6\/2023\/07\/Bird-421200279_cliBird-42droBird-42-reBird-42lace-background-768x768.jpg 768w, https:\/\/ozapato.com\/cr\/wp-content\/uploads\/sites\/6\/2023\/07\/Bird-421200279_cliBird-42droBird-42-reBird-42lace-background-1536x1536.jpg 1536w, https:\/\/ozapato.com\/cr\/wp-content\/uploads\/sites\/6\/2023\/07\/Bird-421200279_cliBird-42droBird-42-reBird-42lace-background-570x570.jpg 570w, https:\/\/ozapato.com\/cr\/wp-content\/uploads\/sites\/6\/2023\/07\/Bird-421200279_cliBird-42droBird-42-reBird-42lace-background-100x100.jpg 100w, https:\/\/ozapato.com\/cr\/wp-content\/uploads\/sites\/6\/2023\/07\/Bird-421200279_cliBird-42droBird-42-reBird-42lace-background.jpg 2048w\" sizes=\"auto, (max-width: 350px) 100vw, 350px\" \/>\t            \t            \t<span class=\"product_thumbnail_background\" style=\"background-image:url(https:\/\/ozapato.com\/cr\/wp-content\/uploads\/sites\/6\/2023\/07\/Bird-421200286_cliBird-42droBird-42-reBird-42lace-background-2-350x197.jpeg)\"><\/span>\r\n\t        \t\t        <\/div><!--.product_thumbnail-->\r\n\t\t<\/a>\r\n\r\n\t\t\t\t\t\t\t\r\n\t\t\r\n\t\t\r\n\t\t\r\n    <\/div><!--.product_thumbnail_wrapper-->\r\n\r\n    \r\n\t<h2 class=\"woocommerce-loop-product__title\">\r\n\t\t<a href=\"https:\/\/ozapato.com\/cr\/product\/bird-42\/\">Bird 42<\/a>\r\n\t<\/h2>\r\n\r\n\t\r\n        <div class=\"product_after_shop_loop\">\r\n        <div class=\"product_after_shop_loop_switcher\">\r\n    \r\n            \n\t<span class=\"price\"><span class=\"woocommerce-Price-amount amount\"><bdi><span class=\"woocommerce-Price-currencySymbol\">&#x20a1;<\/span>33,000.00<\/bdi><\/span><\/span>\n<a href=\"https:\/\/ozapato.com\/cr\/product\/bird-42\/\" aria-describedby=\"woocommerce_loop_add_to_cart_link_describedby_12152\" data-quantity=\"1\" class=\"button product_type_variable add_to_cart_button\" data-product_id=\"12152\" data-product_sku=\"BIRD42\" aria-label=\"Select options for &ldquo;Bird 42&rdquo;\" rel=\"nofollow\">Select options<\/a>\t<span id=\"woocommerce_loop_add_to_cart_link_describedby_12152\" class=\"screen-reader-text\">\n\t\tThis product has multiple variants. The options may be chosen on the product page\t<\/span>\n\r\n            <\/div>\r\n    <\/div>\r\n    \r\n\t\r\n<\/li>\r\n<li class=\"product type-product post-8629 status-publish onbackorder product_cat-industria-farmaceutica product_cat-descuentos-70 product_cat-zapatos-para-hospitales product_cat-zapatos-para-restaurantes has-post-thumbnail shipping-taxable purchasable product-type-variable\">\r\n\r\n\t\r\n    <div class=\"product_thumbnail_wrapper \">\r\n\r\n\t\t<a href=\"https:\/\/ozapato.com\/cr\/product\/comfort-02\/\" class=\"woocommerce-LoopProduct-link woocommerce-loop-product__link\">\r\n\r\n\t        <div class=\"product_thumbnail \">\r\n\t            <img loading=\"lazy\" decoding=\"async\" width=\"350\" height=\"350\" src=\"https:\/\/ozapato.com\/cr\/wp-content\/uploads\/sites\/6\/2019\/10\/thumbmail-Comfort02_800x800-350x350.jpg\" class=\"attachment-woocommerce_thumbnail size-woocommerce_thumbnail\" alt=\"Zapatos para restaurantes en Costa Rica\" srcset=\"https:\/\/ozapato.com\/cr\/wp-content\/uploads\/sites\/6\/2019\/10\/thumbmail-Comfort02_800x800-350x350.jpg 350w, https:\/\/ozapato.com\/cr\/wp-content\/uploads\/sites\/6\/2019\/10\/thumbmail-Comfort02_800x800-150x150.jpg 150w, https:\/\/ozapato.com\/cr\/wp-content\/uploads\/sites\/6\/2019\/10\/thumbmail-Comfort02_800x800-300x300.jpg 300w, https:\/\/ozapato.com\/cr\/wp-content\/uploads\/sites\/6\/2019\/10\/thumbmail-Comfort02_800x800-768x768.jpg 768w, https:\/\/ozapato.com\/cr\/wp-content\/uploads\/sites\/6\/2019\/10\/thumbmail-Comfort02_800x800-570x570.jpg 570w, https:\/\/ozapato.com\/cr\/wp-content\/uploads\/sites\/6\/2019\/10\/thumbmail-Comfort02_800x800-100x100.jpg 100w, https:\/\/ozapato.com\/cr\/wp-content\/uploads\/sites\/6\/2019\/10\/thumbmail-Comfort02_800x800.jpg 800w\" sizes=\"auto, (max-width: 350px) 100vw, 350px\" \/>\t            \t        <\/div><!--.product_thumbnail-->\r\n\t\t<\/a>\r\n\r\n\t\t\t\t\t\t\t\r\n\t\t\r\n\t\t\r\n\t\t\r\n    <\/div><!--.product_thumbnail_wrapper-->\r\n\r\n    \r\n\t<h2 class=\"woocommerce-loop-product__title\">\r\n\t\t<a href=\"https:\/\/ozapato.com\/cr\/product\/comfort-02\/\">Comfort  02<\/a>\r\n\t<\/h2>\r\n\r\n\t\r\n        <div class=\"product_after_shop_loop\">\r\n        <div class=\"product_after_shop_loop_switcher\">\r\n    \r\n            \n\t<span class=\"price\"><span class=\"woocommerce-Price-amount amount\"><bdi><span class=\"woocommerce-Price-currencySymbol\">&#x20a1;<\/span>32,500.00<\/bdi><\/span><\/span>\n<a href=\"https:\/\/ozapato.com\/cr\/product\/comfort-02\/\" aria-describedby=\"woocommerce_loop_add_to_cart_link_describedby_8629\" data-quantity=\"1\" class=\"button product_type_variable add_to_cart_button\" data-product_id=\"8629\" data-product_sku=\"Comfort 02\" aria-label=\"Select options for &ldquo;Comfort  02&rdquo;\" rel=\"nofollow\">Select options<\/a>\t<span id=\"woocommerce_loop_add_to_cart_link_describedby_8629\" class=\"screen-reader-text\">\n\t\tThis product has multiple variants. The options may be chosen on the product page\t<\/span>\n\r\n            <\/div>\r\n    <\/div>\r\n    \r\n\t\r\n<\/li>\r\n<li class=\"product type-product post-8657 status-publish onbackorder product_cat-industria-farmaceutica product_cat-zapatos-para-hospitales product_cat-zapatos-para-restaurantes has-post-thumbnail shipping-taxable purchasable product-type-variable\">\r\n\r\n\t\r\n    <div class=\"product_thumbnail_wrapper \">\r\n\r\n\t\t<a href=\"https:\/\/ozapato.com\/cr\/product\/comfort-01\/\" class=\"woocommerce-LoopProduct-link woocommerce-loop-product__link\">\r\n\r\n\t        <div class=\"product_thumbnail \">\r\n\t            <img loading=\"lazy\" decoding=\"async\" width=\"350\" height=\"350\" src=\"https:\/\/ozapato.com\/cr\/wp-content\/uploads\/sites\/6\/2019\/02\/thumbmail-Confort-800x800-350x350.jpg\" class=\"attachment-woocommerce_thumbnail size-woocommerce_thumbnail\" alt=\"Zapatos de Chef para Costa Rica\" srcset=\"https:\/\/ozapato.com\/cr\/wp-content\/uploads\/sites\/6\/2019\/02\/thumbmail-Confort-800x800-350x350.jpg 350w, https:\/\/ozapato.com\/cr\/wp-content\/uploads\/sites\/6\/2019\/02\/thumbmail-Confort-800x800-150x150.jpg 150w, https:\/\/ozapato.com\/cr\/wp-content\/uploads\/sites\/6\/2019\/02\/thumbmail-Confort-800x800-300x300.jpg 300w, https:\/\/ozapato.com\/cr\/wp-content\/uploads\/sites\/6\/2019\/02\/thumbmail-Confort-800x800-768x768.jpg 768w, https:\/\/ozapato.com\/cr\/wp-content\/uploads\/sites\/6\/2019\/02\/thumbmail-Confort-800x800-570x570.jpg 570w, https:\/\/ozapato.com\/cr\/wp-content\/uploads\/sites\/6\/2019\/02\/thumbmail-Confort-800x800-100x100.jpg 100w, https:\/\/ozapato.com\/cr\/wp-content\/uploads\/sites\/6\/2019\/02\/thumbmail-Confort-800x800.jpg 800w\" sizes=\"auto, (max-width: 350px) 100vw, 350px\" \/>\t            \t        <\/div><!--.product_thumbnail-->\r\n\t\t<\/a>\r\n\r\n\t\t\t\t\t\t\t\r\n\t\t\r\n\t\t\r\n\t\t\r\n    <\/div><!--.product_thumbnail_wrapper-->\r\n\r\n    \r\n\t<h2 class=\"woocommerce-loop-product__title\">\r\n\t\t<a href=\"https:\/\/ozapato.com\/cr\/product\/comfort-01\/\">Comfort 01<\/a>\r\n\t<\/h2>\r\n\r\n\t\r\n        <div class=\"product_after_shop_loop\">\r\n        <div class=\"product_after_shop_loop_switcher\">\r\n    \r\n            \n\t<span class=\"price\"><span class=\"woocommerce-Price-amount amount\"><bdi><span class=\"woocommerce-Price-currencySymbol\">&#x20a1;<\/span>32,500.00<\/bdi><\/span><\/span>\n<a href=\"https:\/\/ozapato.com\/cr\/product\/comfort-01\/\" aria-describedby=\"woocommerce_loop_add_to_cart_link_describedby_8657\" data-quantity=\"1\" class=\"button product_type_variable add_to_cart_button\" data-product_id=\"8657\" data-product_sku=\"comfort01\" aria-label=\"Select options for &ldquo;Comfort 01&rdquo;\" rel=\"nofollow\">Select options<\/a>\t<span id=\"woocommerce_loop_add_to_cart_link_describedby_8657\" class=\"screen-reader-text\">\n\t\tThis product has multiple variants. The options may be chosen on the product page\t<\/span>\n\r\n            <\/div>\r\n    <\/div>\r\n    \r\n\t\r\n<\/li>\r\n<li class=\"product type-product post-10820 status-publish last instock product_cat-industria-farmaceutica has-post-thumbnail shipping-taxable purchasable product-type-variable\">\r\n\r\n\t\r\n    <div class=\"product_thumbnail_wrapper \">\r\n\r\n\t\t<a href=\"https:\/\/ozapato.com\/cr\/product\/comfort-16\/\" class=\"woocommerce-LoopProduct-link woocommerce-loop-product__link\">\r\n\r\n\t        <div class=\"product_thumbnail \">\r\n\t            <img loading=\"lazy\" decoding=\"async\" width=\"350\" height=\"350\" src=\"https:\/\/ozapato.com\/cr\/wp-content\/uploads\/sites\/6\/2021\/02\/Thumbamil-1000-Comfort-16-copy-350x350.jpg\" class=\"attachment-woocommerce_thumbnail size-woocommerce_thumbnail\" alt=\"Comfort 16\" srcset=\"https:\/\/ozapato.com\/cr\/wp-content\/uploads\/sites\/6\/2021\/02\/Thumbamil-1000-Comfort-16-copy-350x350.jpg 350w, https:\/\/ozapato.com\/cr\/wp-content\/uploads\/sites\/6\/2021\/02\/Thumbamil-1000-Comfort-16-copy-300x300.jpg 300w, https:\/\/ozapato.com\/cr\/wp-content\/uploads\/sites\/6\/2021\/02\/Thumbamil-1000-Comfort-16-copy-150x150.jpg 150w, https:\/\/ozapato.com\/cr\/wp-content\/uploads\/sites\/6\/2021\/02\/Thumbamil-1000-Comfort-16-copy-768x768.jpg 768w, https:\/\/ozapato.com\/cr\/wp-content\/uploads\/sites\/6\/2021\/02\/Thumbamil-1000-Comfort-16-copy-570x570.jpg 570w, https:\/\/ozapato.com\/cr\/wp-content\/uploads\/sites\/6\/2021\/02\/Thumbamil-1000-Comfort-16-copy-100x100.jpg 100w, https:\/\/ozapato.com\/cr\/wp-content\/uploads\/sites\/6\/2021\/02\/Thumbamil-1000-Comfort-16-copy.jpg 1000w\" sizes=\"auto, (max-width: 350px) 100vw, 350px\" \/>\t            \t        <\/div><!--.product_thumbnail-->\r\n\t\t<\/a>\r\n\r\n\t\t\t\t\t\t\t\r\n\t\t\r\n\t\t\r\n\t\t\r\n    <\/div><!--.product_thumbnail_wrapper-->\r\n\r\n    \r\n\t<h2 class=\"woocommerce-loop-product__title\">\r\n\t\t<a href=\"https:\/\/ozapato.com\/cr\/product\/comfort-16\/\">Comfort 16<\/a>\r\n\t<\/h2>\r\n\r\n\t\r\n        <div class=\"product_after_shop_loop\">\r\n        <div class=\"product_after_shop_loop_switcher\">\r\n    \r\n            \n\t<span class=\"price\"><span class=\"woocommerce-Price-amount amount\" aria-hidden=\"true\"><bdi><span class=\"woocommerce-Price-currencySymbol\">&#x20a1;<\/span>30,000.00<\/bdi><\/span> <span aria-hidden=\"true\">&ndash;<\/span> <span class=\"woocommerce-Price-amount amount\" aria-hidden=\"true\"><bdi><span class=\"woocommerce-Price-currencySymbol\">&#x20a1;<\/span>32,000.00<\/bdi><\/span><span class=\"screen-reader-text\">Price range: &#x20a1;30,000.00 through &#x20a1;32,000.00<\/span><\/span>\n<a href=\"https:\/\/ozapato.com\/cr\/product\/comfort-16\/\" aria-describedby=\"woocommerce_loop_add_to_cart_link_describedby_10820\" data-quantity=\"1\" class=\"button product_type_variable add_to_cart_button\" data-product_id=\"10820\" data-product_sku=\"\" aria-label=\"Select options for &ldquo;Comfort 16&rdquo;\" rel=\"nofollow\">Select options<\/a>\t<span id=\"woocommerce_loop_add_to_cart_link_describedby_10820\" class=\"screen-reader-text\">\n\t\tThis product has multiple variants. The options may be chosen on the product page\t<\/span>\n\r\n            <\/div>\r\n    <\/div>\r\n    \r\n\t\r\n<\/li>\r\n<\/ul>\n<\/div>[\/vc_column][\/vc_row][vc_row][vc_column][vc_row_inner][vc_column_inner width=&#8221;1\/6&#8243;][\/vc_column_inner][vc_column_inner width=&#8221;2\/3&#8243;][vc_column_text]\ud83d\udc49 \u00a1Descubre nuestro amplio cat\u00e1logo de calzado especializado para la industria farmac\u00e9utica en Costa Rica! \ud83d\udc48<\/p>\n<p>En OZAPATO Costa Rica, entendemos la importancia del calzado de calidad y seguro para los trabajadores de la industria farmac\u00e9utica. Nuestros modelos de calzado han sido desarrollados pensando en dos factores cruciales: seguridad y comodidad. Ofrecemos una amplia gama de opciones que cumplen con los est\u00e1ndares m\u00e1s exigentes para garantizar la protecci\u00f3n y el bienestar de los usuarios.<\/p>\n<p>\u2705 Seguridad y Comodidad en Nuestros Productos:<\/p>\n<p>\ud83d\udc5e Modelos Destacados:<br \/>\n1\ufe0f\u20e3 Comfort 16 (Antiest\u00e1tico, Piel Blanco): Este modelo es perfecto para la industria farmac\u00e9utica, ya que cuenta con propiedades antiest\u00e1ticas y est\u00e1 fabricado con piel de alta calidad en color blanco. Proporciona una excelente protecci\u00f3n y comodidad durante toda la jornada laboral.<\/p>\n<p>\ud83d\udc49 \u00a1Descubre m\u00e1s modelos en nuestra p\u00e1gina web!<\/p>\n<p>\u2705 Certificaciones y Caracter\u00edsticas:<\/p>\n<p>\u2714\ufe0f Tejido antimicrobiano: Nuestro calzado est\u00e1 dise\u00f1ado para prevenir la generaci\u00f3n de bacterias y evitar la aparici\u00f3n de microbios en el tejido, manteniendo un ambiente m\u00e1s higi\u00e9nico y seguro.<\/p>\n<p>\u2714\ufe0f Suela Slip and Oil Resistant: Nuestras suelas son antideslizantes y resisten sustancias qu\u00edmicas como aceites, grasas y gasolinas, proporcionando una mejor tracci\u00f3n en todo tipo de superficies.<\/p>\n<p>\u2714\ufe0f Tecnolog\u00eda DryFast: Las suelas de nuestros zapatos son resistentes a la humedad, manteniendo los pies secos y c\u00f3modos incluso en condiciones h\u00famedas.<\/p>\n<p>\u2714\ufe0f Plantilla antiperforaci\u00f3n de kevlar: Nuestros zapatos cuentan con una plantilla de kevlar certificada que brinda una protecci\u00f3n adicional contra objetos punzantes en el suelo.<\/p>\n<p>\u2714\ufe0f Puntera de poliamida\/c\u00f3mposit: Las punteras de nuestros modelos est\u00e1n certificadas para resistir m\u00e1s de 2 toneladas de presi\u00f3n, brindando una protecci\u00f3n \u00f3ptima para los dedos de los pies.<\/p>\n<p>\u2714\ufe0f Calzado libre de metal: Nuestro calzado no contiene componentes met\u00e1licos, lo que lo hace seguro incluso en situaciones que involucran riesgo el\u00e9ctrico.<\/p>\n<p>\u2714\ufe0f Tecnolog\u00eda anti-fatiga en la suela: Nuestros zapatos est\u00e1n dise\u00f1ados con tecnolog\u00eda que absorbe los impactos al caminar, reduciendo la fatiga y brindando mayor comodidad durante todo el d\u00eda.<\/p>\n<p>\u2714\ufe0f Garant\u00eda de 4 a 6 meses: Todos nuestros productos cuentan con una garant\u00eda de 6 meses por defectos de fabricaci\u00f3n, brind\u00e1ndote tranquilidad y respaldo.<\/p>\n<p>En OZAPATO Costa Rica, nos enorgullece ofrecer el mejor calzado para la industria farmac\u00e9utica en Costa Rica. Nuestros productos cumplen con las certificaciones ASTM 2412\/13-18, garantizando su calidad y seguridad.<\/p>\n<p>\ud83d\udc49 \u00a1Cotiza ahora para tu empresa y obt\u00e9n descuentos de hasta un 50% en tu compra! \ud83d\udcde Ll\u00e1manos al \u260e\ufe0f 4000 3403 para recibir asesoramiento personalizado.<\/p>\n<p>Conf\u00eda en OZAPATO Costa Rica para obtener el calzado ideal que cumpla con todas tus necesidades de seguridad, comodidad y calidad en la industria farmac\u00e9utica. \u00a1Visita nuestra p\u00e1gina web y descubre la mejor selecci\u00f3n de calzado para tu sector! \ud83c\udf1f[\/vc_column_text][\/vc_column_inner][vc_column_inner width=&#8221;1\/6&#8243;][\/vc_column_inner][\/vc_row_inner][\/vc_column][\/vc_row]<\/p>\n","protected":false},"excerpt":{"rendered":"<p>[vc_row full_width=&#8221;stretch_row_content_no_spaces&#8221; video_bg=&#8221;yes&#8221; video_bg_url=&#8221;https:\/\/www.youtube.com\/watch?v=__oq67bsM8A&#8221;][vc_column][vc_column_text] \u00a0INDUSTRIA FARMAC\u00c9UTICA [\/vc_column_text][\/vc_column][\/vc_row][vc_row][vc_column][\/vc_column][\/vc_row][vc_row][vc_column][vc_row_inner][vc_column_inner width=&#8221;1\/6&#8243;][\/vc_column_inner][vc_column_inner width=&#8221;2\/3&#8243;][vc_column_text]\ud83d\udc49 \u00a1Descubre nuestro amplio cat\u00e1logo de calzado especializado para la industria farmac\u00e9utica en Costa Rica! \ud83d\udc48 En OZAPATO Costa Rica, entendemos la importancia del calzado de calidad y seguro para los trabajadores de la industria farmac\u00e9utica. Nuestros modelos de calzado han sido desarrollados pensando en dos factores [&hellip;]<\/p>\n","protected":false},"author":395,"featured_media":0,"parent":0,"menu_order":0,"comment_status":"closed","ping_status":"closed","template":"","meta":{"jetpack_post_was_ever_published":false,"footnotes":""},"class_list":["post-11243","page","type-page","status-publish","hentry"],"jetpack_sharing_enabled":true,"jetpack_shortlink":"https:\/\/wp.me\/PakbpD-2Vl","_links":{"self":[{"href":"https:\/\/ozapato.com\/cr\/wp-json\/wp\/v2\/pages\/11243","targetHints":{"allow":["GET"]}}],"collection":[{"href":"https:\/\/ozapato.com\/cr\/wp-json\/wp\/v2\/pages"}],"about":[{"href":"https:\/\/ozapato.com\/cr\/wp-json\/wp\/v2\/types\/page"}],"author":[{"embeddable":true,"href":"https:\/\/ozapato.com\/cr\/wp-json\/wp\/v2\/users\/395"}],"replies":[{"embeddable":true,"href":"https:\/\/ozapato.com\/cr\/wp-json\/wp\/v2\/comments?post=11243"}],"version-history":[{"count":19,"href":"https:\/\/ozapato.com\/cr\/wp-json\/wp\/v2\/pages\/11243\/revisions"}],"predecessor-version":[{"id":12185,"href":"https:\/\/ozapato.com\/cr\/wp-json\/wp\/v2\/pages\/11243\/revisions\/12185"}],"wp:attachment":[{"href":"https:\/\/ozapato.com\/cr\/wp-json\/wp\/v2\/media?parent=11243"}],"curies":[{"name":"wp","href":"https:\/\/api.w.org\/{rel}","templated":true}]}}