{"id":192,"date":"2015-09-23T09:44:31","date_gmt":"2015-09-23T09:44:31","guid":{"rendered":"http:\/\/import.getbowtied.com\/shopkeeper-v1.1\/?page_id=67"},"modified":"2023-09-27T06:27:41","modified_gmt":"2023-09-27T01:27:41","slug":"faqs-calzado-industrial","status":"publish","type":"page","link":"https:\/\/ozapato.com\/cr\/pages\/faqs-calzado-industrial\/","title":{"rendered":"FAQs"},"content":{"rendered":"<p>[vc_row css=&#8221;.vc_custom_1410358112693{padding-top: 45px !important;padding-bottom: 45px !important;}&#8221; background_style=&#8221;normal&#8221;][vc_column css=&#8221;.vc_custom_1410358381468{padding-top: 3% !important;padding-bottom: 3% !important;}&#8221;][vc_column_text css=&#8221;.vc_custom_1449671551495{margin-bottom: 35px !important;}&#8221;]<\/p>\n<p style=\"text-align: center;\"><span style=\"color: #ec7a5c;\"><strong>FAQs<\/strong><\/span><\/p>\n<p>[\/vc_column_text][vc_column_text css=&#8221;.vc_custom_1452791640572{margin-bottom: 0px !important;}&#8221;]<\/p>\n<h1 style=\"text-align: center;\"><strong>Contestando sus preguntas<\/strong><\/h1>\n<p>[\/vc_column_text][\/vc_column][\/vc_row][vc_row type=&#8221;boxed&#8221; background_style=&#8221;normal&#8221;][vc_column][vc_column_text]<span style=\"color: #ec7a5c;\"><strong>ACERCA DE NUESTROS PRODUCTOS<\/strong><\/span>[\/vc_column_text][vc_row_inner css=&#8221;.vc_custom_1410358939666{margin-bottom: 20px !important;}&#8221;][vc_column_inner width=&#8221;1\/2&#8243; css=&#8221;.vc_custom_1410358507947{padding-right: 5% !important;}&#8221;][vc_column_text]\ud83c\udf10\u00a0<strong>\u00bfPor qu\u00e9 elegir OZAPATO?<\/strong><br \/>\nEl calzado industrial, diel\u00e9ctrico, t\u00e1ctico y de seguridad de OZAPATO \ud83d\udc5e\ud83d\udd12 es fabricado en nuestra casa matriz en M\u00e9xico \ud83c\uddf2\ud83c\uddfd. No hay intermediarios entre la f\u00e1brica y su empresa. Ofrecemos productos de alta calidad a precios accesibles. Comprar OZAPATO es contar con expertos en calzado a su lado. \ud83d\udcaa[\/vc_column_text][\/vc_column_inner][vc_column_inner width=&#8221;1\/2&#8243;][vc_column_text]\ud83d\udd04\u00a0<strong>Cambio de talla<\/strong><br \/>\nOfrecemos cambios de talla siempre y cuando tengamos existencias del modelo, talla y color deseado. El producto debe estar en condiciones originales, sin se\u00f1ales de uso. La solicitud de cambio de talla debe realizarse dentro de los treinta d\u00edas posteriores a la compra. \u2696\ufe0f[\/vc_column_text][\/vc_column_inner][\/vc_row_inner][vc_row_inner css=&#8221;.vc_custom_1410358946799{margin-bottom: 20px !important;}&#8221;][vc_column_inner width=&#8221;1\/2&#8243; css=&#8221;.vc_custom_1410358507947{padding-right: 5% !important;}&#8221;][vc_column_text]\ud83d\udccf\u00a0<strong>Tallas<\/strong><br \/>\nNuestro calzado est\u00e1 construido en hormas industriales triple EEE, lo que proporciona mayor amplitud en la puntera. Utilizamos tallas americanas y n\u00fameros enteros. Aqu\u00ed tienes la equivalencia de tallas:<br \/>\n\ud83d\udc5f USA: 6 (EU: 39), 7 (EU: 40), 8 (EU: 41), 9 (EU: 42), 10 (EU: 43), 11 (EU: 44), 12 (EU: 45), 13 (EU: 46), 14 (EU: 47).[\/vc_column_text][\/vc_column_inner][vc_column_inner width=&#8221;1\/2&#8243;][vc_column_text]\ud83d\udee0\ufe0f\u00a0<strong>Pedidos especiales<\/strong><br \/>\nEn OZAPATO podemos fabricar pedidos especiales seg\u00fan las necesidades de cada cliente, incluyendo suelas, cuero, plantillas, colores, etc. Los procesos de fabricaci\u00f3n y entrega suelen tomar alrededor de un mes y medio. Para m\u00e1s informaci\u00f3n, visita:\u00a0<a href=\"https:\/\/ozapato.com\/cr\/servicio-de-personalizacion-de-botas-para-su-empresa\/\" target=\"_blank\" rel=\"noopener\">Enlace a servicio de personalizaci\u00f3n de botas para su empresa<\/a>. \ud83d\udce6[\/vc_column_text][\/vc_column_inner][\/vc_row_inner][\/vc_column][\/vc_row][vc_row type=&#8221;boxed&#8221; background_style=&#8221;normal&#8221; css=&#8221;.vc_custom_1410359860044{padding-top: 30px !important;padding-bottom: 65px !important;}&#8221;][vc_column][vc_separator border_width=&#8221;3&#8243;][\/vc_column][\/vc_row][vc_row type=&#8221;boxed&#8221; background_style=&#8221;normal&#8221;][vc_column][vc_column_text]<span style=\"color: #ec7a5c;\"><strong>GARANTIAS<\/strong><\/span>[\/vc_column_text][vc_row_inner css=&#8221;.vc_custom_1410358939666{margin-bottom: 20px !important;}&#8221;][vc_column_inner width=&#8221;1\/2&#8243; css=&#8221;.vc_custom_1410358507947{padding-right: 5% !important;}&#8221;][vc_column_text]\u2705\u00a0<strong>Garant\u00edas<\/strong><br \/>\nTodos nuestros productos de OZAPATO cuentan con garant\u00eda contra defectos de material o mano de obra durante un per\u00edodo de cuatro a seis meses. La vida \u00fatil del calzado depende del uso, las condiciones y los patrones de desgaste. La garant\u00eda cubre despegue de suelas, ca\u00edda de ganchos, descosido de costuras, entre otros defectos de f\u00e1brica. No cubre da\u00f1os por mal uso, desgaste normal o modificaciones no autorizadas. Consulta los pasos para aplicar la pol\u00edtica de garant\u00eda en nuestra p\u00e1gina. \ud83d\udee1\ufe0f[\/vc_column_text][\/vc_column_inner][vc_column_inner width=&#8221;1\/2&#8243;][vc_column_text]<strong>Pasos para aplicar la pol\u00edtica de garant\u00eda<\/strong><\/p>\n<ol>\n<li>Tomar fotos del producto de OZAPATO<\/li>\n<li>Entregar los ejemplares a las oficinas de OZAPATO<\/li>\n<li>Se deben presentar fotocopia de la factura con la compra realizada al momento de la recepci\u00f3n del calzado<\/li>\n<li>S\u00f3lo se har\u00e1 el cambio de calzado por uno del mismo modelo al cual indique la factura<\/li>\n<\/ol>\n<p>[\/vc_column_text][\/vc_column_inner][\/vc_row_inner][\/vc_column][\/vc_row][vc_row type=&#8221;boxed&#8221; background_style=&#8221;normal&#8221; css=&#8221;.vc_custom_1410359869569{padding-top: 30px !important;padding-bottom: 65px !important;}&#8221;][vc_column][vc_separator border_width=&#8221;3&#8243;][\/vc_column][\/vc_row][vc_row type=&#8221;boxed&#8221; background_style=&#8221;normal&#8221;][vc_column][vc_column_text]<span style=\"color: #ec7a5c;\"><strong>CUIDADOS DEL CALZADO<\/strong><\/span>[\/vc_column_text][vc_row_inner css=&#8221;.vc_custom_1410358939666{margin-bottom: 20px !important;}&#8221;][vc_column_inner width=&#8221;1\/2&#8243; css=&#8221;.vc_custom_1410358507947{padding-right: 5% !important;}&#8221;][vc_column_text]\ud83d\udc5e\u00a0<strong>Cuidados del calzado<\/strong><br \/>\nRecomendamos aplicar peri\u00f3dicamente una crema especial para el cuidado del cuero, esto ayudar\u00e1 a prevenir el desgaste natural del material. Limpia regularmente la suela para evitar el desarrollo de bacterias y su envejecimiento prematuro. Las plantillas deben ser limpiadas peri\u00f3dicamente con agua limpia, y las agujetas deben ser reemplazadas si es necesario para evitar accidentes. \ud83e\uddf4[\/vc_column_text][\/vc_column_inner][\/vc_row_inner][\/vc_column][\/vc_row][vc_row css=&#8221;.vc_custom_1410359796122{padding-top: 60px !important;padding-bottom: 60px !important;background-color: #eaeaea !important;}&#8221; background_style=&#8221;normal&#8221;][vc_column][vc_column_text css=&#8221;.vc_custom_1489605212453{margin-bottom: 35px !important;}&#8221;]<\/p>\n<h3 style=\"text-align: center;\">\u00bfTiene alguna duda adicional? <a title=\"Contact V3\" href=\"https:\/\/ozapato.com\/cr\/pages\/contacto\/\"><span style=\"text-decoration: underline; color: #ec7a5c;\">Cont\u00e1ctanos<\/span><\/a><\/h3>\n<p>[\/vc_column_text][vc_column_text css=&#8221;.vc_custom_1620117312897{margin-bottom: 35px !important;}&#8221;]<\/p>\n<h3 style=\"text-align: center;\">Conoce nuestro calzado industrial en Costa Rica:<\/h3>\n<p>[\/vc_column_text]<div class=\"woocommerce columns-4 \"><ul class=\"products columns-4\">\n<li class=\"product type-product post-8355 status-publish first onbackorder product_cat-botas-de-taller-mecanico product_cat-botas-de-construccion product_cat-industrial has-post-thumbnail shipping-taxable purchasable product-type-variable\">\r\n\r\n\t\r\n    <div class=\"product_thumbnail_wrapper \">\r\n\r\n\t\t<a href=\"https:\/\/ozapato.com\/cr\/product\/rock-01\/\" class=\"woocommerce-LoopProduct-link woocommerce-loop-product__link\">\r\n\r\n\t        <div class=\"product_thumbnail with_second_image\">\r\n\t            <img loading=\"lazy\" decoding=\"async\" width=\"350\" height=\"350\" src=\"https:\/\/ozapato.com\/cr\/wp-content\/uploads\/sites\/6\/2019\/10\/thumbmail-Rock-01-350x350.png\" class=\"attachment-woocommerce_thumbnail size-woocommerce_thumbnail\" alt=\"Botas de seguridad de piel cosidas en Costa Rica OZAPATO\" srcset=\"https:\/\/ozapato.com\/cr\/wp-content\/uploads\/sites\/6\/2019\/10\/thumbmail-Rock-01-350x350.png 350w, https:\/\/ozapato.com\/cr\/wp-content\/uploads\/sites\/6\/2019\/10\/thumbmail-Rock-01-300x300.png 300w, https:\/\/ozapato.com\/cr\/wp-content\/uploads\/sites\/6\/2019\/10\/thumbmail-Rock-01-150x150.png 150w, https:\/\/ozapato.com\/cr\/wp-content\/uploads\/sites\/6\/2019\/10\/thumbmail-Rock-01-768x768.png 768w, https:\/\/ozapato.com\/cr\/wp-content\/uploads\/sites\/6\/2019\/10\/thumbmail-Rock-01-570x570.png 570w, https:\/\/ozapato.com\/cr\/wp-content\/uploads\/sites\/6\/2019\/10\/thumbmail-Rock-01-100x100.png 100w, https:\/\/ozapato.com\/cr\/wp-content\/uploads\/sites\/6\/2019\/10\/thumbmail-Rock-01.png 1024w\" sizes=\"auto, (max-width: 350px) 100vw, 350px\" \/>\t            \t            \t<span class=\"product_thumbnail_background\" style=\"background-image:url(https:\/\/ozapato.com\/cr\/wp-content\/uploads\/sites\/6\/2019\/10\/Gemini_Generated_Image_m464gpm464gpm464-350x349.jpg)\"><\/span>\r\n\t        \t\t        <\/div><!--.product_thumbnail-->\r\n\t\t<\/a>\r\n\r\n\t\t\t\t\t\t\t\r\n\t\t\r\n\t\t\r\n\t\t\r\n    <\/div><!--.product_thumbnail_wrapper-->\r\n\r\n    \r\n\t<h2 class=\"woocommerce-loop-product__title\">\r\n\t\t<a href=\"https:\/\/ozapato.com\/cr\/product\/rock-01\/\">Rock 01<\/a>\r\n\t<\/h2>\r\n\r\n\t\r\n        <div class=\"product_after_shop_loop\">\r\n        <div class=\"product_after_shop_loop_switcher\">\r\n    \r\n            \n\t<span class=\"price\"><span class=\"woocommerce-Price-amount amount\"><bdi><span class=\"woocommerce-Price-currencySymbol\">&#x20a1;<\/span>23,600.00<\/bdi><\/span><\/span>\n<a href=\"https:\/\/ozapato.com\/cr\/product\/rock-01\/\" aria-describedby=\"woocommerce_loop_add_to_cart_link_describedby_8355\" data-quantity=\"1\" class=\"button product_type_variable add_to_cart_button\" data-product_id=\"8355\" data-product_sku=\"rock01\" aria-label=\"Select options for &ldquo;Rock 01&rdquo;\" rel=\"nofollow\">Select options<\/a>\t<span id=\"woocommerce_loop_add_to_cart_link_describedby_8355\" class=\"screen-reader-text\">\n\t\tThis product has multiple variants. The options may be chosen on the product page\t<\/span>\n\r\n            <\/div>\r\n    <\/div>\r\n    \r\n\t\r\n<\/li>\r\n<li class=\"product type-product post-12287 status-publish onbackorder product_cat-botas-de-seguridad-para-altas-temperaturas product_cat-botas-de-taller-mecanico product_cat-botas-de-construccion product_cat-industrial has-post-thumbnail shipping-taxable purchasable product-type-variable\">\r\n\r\n\t\r\n    <div class=\"product_thumbnail_wrapper \">\r\n\r\n\t\t<a href=\"https:\/\/ozapato.com\/cr\/product\/rock-21\/\" class=\"woocommerce-LoopProduct-link woocommerce-loop-product__link\">\r\n\r\n\t        <div class=\"product_thumbnail with_second_image\">\r\n\t            <img loading=\"lazy\" decoding=\"async\" width=\"350\" height=\"350\" src=\"https:\/\/ozapato.com\/cr\/wp-content\/uploads\/sites\/6\/2024\/09\/Gemini_Generated_Image_43gjs843gjs843gj-1-copy-350x350.jpg\" class=\"attachment-woocommerce_thumbnail size-woocommerce_thumbnail\" alt=\"ROCK 21 botas cosidas con suela de hule OZAPATO. Rock 21\" srcset=\"https:\/\/ozapato.com\/cr\/wp-content\/uploads\/sites\/6\/2024\/09\/Gemini_Generated_Image_43gjs843gjs843gj-1-copy-350x350.jpg 350w, https:\/\/ozapato.com\/cr\/wp-content\/uploads\/sites\/6\/2024\/09\/Gemini_Generated_Image_43gjs843gjs843gj-1-copy-300x300.jpg 300w, https:\/\/ozapato.com\/cr\/wp-content\/uploads\/sites\/6\/2024\/09\/Gemini_Generated_Image_43gjs843gjs843gj-1-copy-150x150.jpg 150w, https:\/\/ozapato.com\/cr\/wp-content\/uploads\/sites\/6\/2024\/09\/Gemini_Generated_Image_43gjs843gjs843gj-1-copy-768x768.jpg 768w, https:\/\/ozapato.com\/cr\/wp-content\/uploads\/sites\/6\/2024\/09\/Gemini_Generated_Image_43gjs843gjs843gj-1-copy-570x570.jpg 570w, https:\/\/ozapato.com\/cr\/wp-content\/uploads\/sites\/6\/2024\/09\/Gemini_Generated_Image_43gjs843gjs843gj-1-copy-100x100.jpg 100w, https:\/\/ozapato.com\/cr\/wp-content\/uploads\/sites\/6\/2024\/09\/Gemini_Generated_Image_43gjs843gjs843gj-1-copy.jpg 801w\" sizes=\"auto, (max-width: 350px) 100vw, 350px\" \/>\t            \t            \t<span class=\"product_thumbnail_background\" style=\"background-image:url(https:\/\/ozapato.com\/cr\/wp-content\/uploads\/sites\/6\/2024\/09\/Gemini_Generated_Image_hl7fvohl7fvohl7f-1-350x351.jpg)\"><\/span>\r\n\t        \t\t        <\/div><!--.product_thumbnail-->\r\n\t\t<\/a>\r\n\r\n\t\t\t\t\t\t\t\r\n\t\t\r\n\t\t\r\n\t\t\r\n    <\/div><!--.product_thumbnail_wrapper-->\r\n\r\n    \r\n\t<h2 class=\"woocommerce-loop-product__title\">\r\n\t\t<a href=\"https:\/\/ozapato.com\/cr\/product\/rock-21\/\">Rock 21<\/a>\r\n\t<\/h2>\r\n\r\n\t\r\n        <div class=\"product_after_shop_loop\">\r\n        <div class=\"product_after_shop_loop_switcher\">\r\n    \r\n            \n\t<span class=\"price\"><span class=\"woocommerce-Price-amount amount\" aria-hidden=\"true\"><bdi><span class=\"woocommerce-Price-currencySymbol\">&#x20a1;<\/span>23,600.00<\/bdi><\/span> <span aria-hidden=\"true\">&ndash;<\/span> <span class=\"woocommerce-Price-amount amount\" aria-hidden=\"true\"><bdi><span class=\"woocommerce-Price-currencySymbol\">&#x20a1;<\/span>26,900.00<\/bdi><\/span><span class=\"screen-reader-text\">Price range: &#x20a1;23,600.00 through &#x20a1;26,900.00<\/span><\/span>\n<a href=\"https:\/\/ozapato.com\/cr\/product\/rock-21\/\" aria-describedby=\"woocommerce_loop_add_to_cart_link_describedby_12287\" data-quantity=\"1\" class=\"button product_type_variable add_to_cart_button\" data-product_id=\"12287\" data-product_sku=\"ROCK21\" aria-label=\"Select options for &ldquo;Rock 21&rdquo;\" rel=\"nofollow\">Select options<\/a>\t<span id=\"woocommerce_loop_add_to_cart_link_describedby_12287\" class=\"screen-reader-text\">\n\t\tThis product has multiple variants. The options may be chosen on the product page\t<\/span>\n\r\n            <\/div>\r\n    <\/div>\r\n    \r\n\t\r\n<\/li>\r\n<li class=\"product type-product post-8329 status-publish instock product_cat-dielectrica product_cat-botas-de-construccion product_cat-industrial product_cat-para-mujeres product_cat-portuaria has-post-thumbnail shipping-taxable purchasable product-type-variable\">\r\n\r\n\t\r\n    <div class=\"product_thumbnail_wrapper \">\r\n\r\n\t\t<a href=\"https:\/\/ozapato.com\/cr\/product\/watt-01-2-calzado-dielectrico\/\" class=\"woocommerce-LoopProduct-link woocommerce-loop-product__link\">\r\n\r\n\t        <div class=\"product_thumbnail with_second_image\">\r\n\t            <img loading=\"lazy\" decoding=\"async\" width=\"350\" height=\"350\" src=\"https:\/\/ozapato.com\/cr\/wp-content\/uploads\/sites\/6\/2019\/10\/Gemini_Generated_Image_oah1k9oah1k9oah1-copy-350x350.jpg\" class=\"attachment-woocommerce_thumbnail size-woocommerce_thumbnail\" alt=\"botas de seguridad Watt 01 OZAPATO Costa Rica. Botas dielectricas ASTM F2412-13 EH\" srcset=\"https:\/\/ozapato.com\/cr\/wp-content\/uploads\/sites\/6\/2019\/10\/Gemini_Generated_Image_oah1k9oah1k9oah1-copy-350x350.jpg 350w, https:\/\/ozapato.com\/cr\/wp-content\/uploads\/sites\/6\/2019\/10\/Gemini_Generated_Image_oah1k9oah1k9oah1-copy-300x300.jpg 300w, https:\/\/ozapato.com\/cr\/wp-content\/uploads\/sites\/6\/2019\/10\/Gemini_Generated_Image_oah1k9oah1k9oah1-copy-150x150.jpg 150w, https:\/\/ozapato.com\/cr\/wp-content\/uploads\/sites\/6\/2019\/10\/Gemini_Generated_Image_oah1k9oah1k9oah1-copy-570x569.jpg 570w, https:\/\/ozapato.com\/cr\/wp-content\/uploads\/sites\/6\/2019\/10\/Gemini_Generated_Image_oah1k9oah1k9oah1-copy-100x100.jpg 100w, https:\/\/ozapato.com\/cr\/wp-content\/uploads\/sites\/6\/2019\/10\/Gemini_Generated_Image_oah1k9oah1k9oah1-copy.jpg 713w\" sizes=\"auto, (max-width: 350px) 100vw, 350px\" \/>\t            \t            \t<span class=\"product_thumbnail_background\" style=\"background-image:url(https:\/\/ozapato.com\/cr\/wp-content\/uploads\/sites\/6\/2019\/10\/Gemini_Generated_Image_z7pbphz7pbphz7pb-350x350.jpg)\"><\/span>\r\n\t        \t\t        <\/div><!--.product_thumbnail-->\r\n\t\t<\/a>\r\n\r\n\t\t\t\t\t\t\t\r\n\t\t\r\n\t\t\r\n\t\t\r\n    <\/div><!--.product_thumbnail_wrapper-->\r\n\r\n    \r\n\t<h2 class=\"woocommerce-loop-product__title\">\r\n\t\t<a href=\"https:\/\/ozapato.com\/cr\/product\/watt-01-2-calzado-dielectrico\/\">Watt 01 &#8211; Botas dielectricas<\/a>\r\n\t<\/h2>\r\n\r\n\t\r\n        <div class=\"product_after_shop_loop\">\r\n        <div class=\"product_after_shop_loop_switcher\">\r\n    \r\n            \n\t<span class=\"price\"><span class=\"woocommerce-Price-amount amount\"><bdi><span class=\"woocommerce-Price-currencySymbol\">&#x20a1;<\/span>38,500.00<\/bdi><\/span><\/span>\n<a href=\"https:\/\/ozapato.com\/cr\/product\/watt-01-2-calzado-dielectrico\/\" aria-describedby=\"woocommerce_loop_add_to_cart_link_describedby_8329\" data-quantity=\"1\" class=\"button product_type_variable add_to_cart_button\" data-product_id=\"8329\" data-product_sku=\"watt01\" aria-label=\"Select options for &ldquo;Watt 01 - Botas dielectricas&rdquo;\" rel=\"nofollow\">Select options<\/a>\t<span id=\"woocommerce_loop_add_to_cart_link_describedby_8329\" class=\"screen-reader-text\">\n\t\tThis product has multiple variants. The options may be chosen on the product page\t<\/span>\n\r\n            <\/div>\r\n    <\/div>\r\n    \r\n\t\r\n<\/li>\r\n<li class=\"product type-product post-8542 status-publish last onbackorder product_cat-botas-de-construccion product_cat-dielectrica product_cat-calzado-goodyear-welt product_cat-industrial product_cat-portuaria product_cat-premium product_cat-todoterreno has-post-thumbnail shipping-taxable purchasable product-type-variable\">\r\n\r\n\t\r\n    <div class=\"product_thumbnail_wrapper \">\r\n\r\n\t\t<a href=\"https:\/\/ozapato.com\/cr\/product\/welt-01\/\" class=\"woocommerce-LoopProduct-link woocommerce-loop-product__link\">\r\n\r\n\t        <div class=\"product_thumbnail \">\r\n\t            <img loading=\"lazy\" decoding=\"async\" width=\"350\" height=\"350\" src=\"https:\/\/ozapato.com\/cr\/wp-content\/uploads\/sites\/6\/2019\/10\/Welt01_thumbmail-800x800-350x350.jpg\" class=\"attachment-woocommerce_thumbnail size-woocommerce_thumbnail\" alt=\"Welt 01 son botas libres de metal\" srcset=\"https:\/\/ozapato.com\/cr\/wp-content\/uploads\/sites\/6\/2019\/10\/Welt01_thumbmail-800x800-350x350.jpg 350w, https:\/\/ozapato.com\/cr\/wp-content\/uploads\/sites\/6\/2019\/10\/Welt01_thumbmail-800x800-150x150.jpg 150w, https:\/\/ozapato.com\/cr\/wp-content\/uploads\/sites\/6\/2019\/10\/Welt01_thumbmail-800x800-300x300.jpg 300w, https:\/\/ozapato.com\/cr\/wp-content\/uploads\/sites\/6\/2019\/10\/Welt01_thumbmail-800x800-768x768.jpg 768w, https:\/\/ozapato.com\/cr\/wp-content\/uploads\/sites\/6\/2019\/10\/Welt01_thumbmail-800x800-570x570.jpg 570w, https:\/\/ozapato.com\/cr\/wp-content\/uploads\/sites\/6\/2019\/10\/Welt01_thumbmail-800x800-100x100.jpg 100w, https:\/\/ozapato.com\/cr\/wp-content\/uploads\/sites\/6\/2019\/10\/Welt01_thumbmail-800x800.jpg 800w\" sizes=\"auto, (max-width: 350px) 100vw, 350px\" \/>\t            \t        <\/div><!--.product_thumbnail-->\r\n\t\t<\/a>\r\n\r\n\t\t\t\t\t\t\t\r\n\t\t\r\n\t\t\r\n\t\t\r\n    <\/div><!--.product_thumbnail_wrapper-->\r\n\r\n    \r\n\t<h2 class=\"woocommerce-loop-product__title\">\r\n\t\t<a href=\"https:\/\/ozapato.com\/cr\/product\/welt-01\/\">Welt 01<\/a>\r\n\t<\/h2>\r\n\r\n\t\r\n        <div class=\"product_after_shop_loop\">\r\n        <div class=\"product_after_shop_loop_switcher\">\r\n    \r\n            \n\t<span class=\"price\"><span class=\"woocommerce-Price-amount amount\"><bdi><span class=\"woocommerce-Price-currencySymbol\">&#x20a1;<\/span>56,000.00<\/bdi><\/span><\/span>\n<a href=\"https:\/\/ozapato.com\/cr\/product\/welt-01\/\" aria-describedby=\"woocommerce_loop_add_to_cart_link_describedby_8542\" data-quantity=\"1\" class=\"button product_type_variable add_to_cart_button\" data-product_id=\"8542\" data-product_sku=\"WELT01\" aria-label=\"Select options for &ldquo;Welt 01&rdquo;\" rel=\"nofollow\">Select options<\/a>\t<span id=\"woocommerce_loop_add_to_cart_link_describedby_8542\" class=\"screen-reader-text\">\n\t\tThis product has multiple variants. The options may be chosen on the product page\t<\/span>\n\r\n            <\/div>\r\n    <\/div>\r\n    \r\n\t\r\n<\/li>\r\n<\/ul>\n<\/div>[vc_column_text css=&#8221;.vc_custom_1695778057884{margin-bottom: 35px !important;}&#8221;]En OZAPATO, somos la mejor opci\u00f3n de calzado industrial en Costa Rica. Nuestros productos est\u00e1n dise\u00f1ados espec\u00edficamente para el mercado costarricense, cumpliendo con certificaciones ASTM e ISO. Nuestros clientes nos recomiendan por nuestra atenci\u00f3n al cliente y la calidad de nuestros productos de protecci\u00f3n y seguridad. No vendemos otras marcas, solo ofrecemos nuestra propia marca OZAPATO. \ud83d\udcbc[\/vc_column_text][vc_single_image image=&#8221;7256&#8243; alignment=&#8221;center&#8221;][\/vc_column][\/vc_row]<\/p>\n","protected":false},"excerpt":{"rendered":"<p>[vc_row css=&#8221;.vc_custom_1410358112693{padding-top: 45px !important;padding-bottom: 45px !important;}&#8221; background_style=&#8221;normal&#8221;][vc_column css=&#8221;.vc_custom_1410358381468{padding-top: 3% !important;padding-bottom: 3% !important;}&#8221;][vc_column_text css=&#8221;.vc_custom_1449671551495{margin-bottom: 35px !important;}&#8221;] FAQs [\/vc_column_text][vc_column_text css=&#8221;.vc_custom_1452791640572{margin-bottom: 0px !important;}&#8221;] Contestando sus preguntas [\/vc_column_text][\/vc_column][\/vc_row][vc_row type=&#8221;boxed&#8221; background_style=&#8221;normal&#8221;][vc_column][vc_column_text]ACERCA DE NUESTROS PRODUCTOS[\/vc_column_text][vc_row_inner css=&#8221;.vc_custom_1410358939666{margin-bottom: 20px !important;}&#8221;][vc_column_inner width=&#8221;1\/2&#8243; css=&#8221;.vc_custom_1410358507947{padding-right: 5% !important;}&#8221;][vc_column_text]\ud83c\udf10\u00a0\u00bfPor qu\u00e9 elegir OZAPATO? El calzado industrial, diel\u00e9ctrico, t\u00e1ctico y de seguridad de OZAPATO \ud83d\udc5e\ud83d\udd12 es fabricado en nuestra casa [&hellip;]<\/p>\n","protected":false},"author":1,"featured_media":0,"parent":190,"menu_order":0,"comment_status":"closed","ping_status":"closed","template":"page-boxed.php","meta":{"jetpack_post_was_ever_published":false,"footnotes":""},"class_list":["post-192","page","type-page","status-publish","hentry"],"jetpack_sharing_enabled":true,"jetpack_shortlink":"https:\/\/wp.me\/PakbpD-36","_links":{"self":[{"href":"https:\/\/ozapato.com\/cr\/wp-json\/wp\/v2\/pages\/192","targetHints":{"allow":["GET"]}}],"collection":[{"href":"https:\/\/ozapato.com\/cr\/wp-json\/wp\/v2\/pages"}],"about":[{"href":"https:\/\/ozapato.com\/cr\/wp-json\/wp\/v2\/types\/page"}],"author":[{"embeddable":true,"href":"https:\/\/ozapato.com\/cr\/wp-json\/wp\/v2\/users\/1"}],"replies":[{"embeddable":true,"href":"https:\/\/ozapato.com\/cr\/wp-json\/wp\/v2\/comments?post=192"}],"version-history":[{"count":10,"href":"https:\/\/ozapato.com\/cr\/wp-json\/wp\/v2\/pages\/192\/revisions"}],"predecessor-version":[{"id":12181,"href":"https:\/\/ozapato.com\/cr\/wp-json\/wp\/v2\/pages\/192\/revisions\/12181"}],"up":[{"embeddable":true,"href":"https:\/\/ozapato.com\/cr\/wp-json\/wp\/v2\/pages\/190"}],"wp:attachment":[{"href":"https:\/\/ozapato.com\/cr\/wp-json\/wp\/v2\/media?parent=192"}],"curies":[{"name":"wp","href":"https:\/\/api.w.org\/{rel}","templated":true}]}}