{"id":3519,"date":"2016-07-13T16:39:21","date_gmt":"2016-07-13T16:39:21","guid":{"rendered":"https:\/\/ozapato.com\/pa\/?page_id=3519"},"modified":"2016-07-13T16:39:21","modified_gmt":"2016-07-13T16:39:21","slug":"botas-de-taller-mecanico-republica-dominicana","status":"publish","type":"page","link":"https:\/\/ozapato.com\/cr\/botas-de-taller-mecanico-republica-dominicana\/","title":{"rendered":"Botas de taller mecanico"},"content":{"rendered":"<p>[vc_row full_width=&#8221;stretch_row&#8221; full_height=&#8221;yes&#8221; css=&#8221;.vc_custom_1468443703101{background: #000000 url(https:\/\/ozapato.com\/pa\/wp-content\/uploads\/sites\/2\/2016\/07\/car-repair-362150_1920-1.jpg?id=3591) !important;background-position: center !important;background-repeat: no-repeat !important;background-size: cover !important;}&#8221;][vc_column width=&#8221;1\/6&#8243;][\/vc_column][vc_column width=&#8221;2\/3&#8243;][vc_column_text]<\/p>\n<h2 style=\"text-align: center\"><span style=\"color: #ffffff\">BOTAS DE TALLER MEC\u00c1NICO\u00a0<\/span><\/h2>\n<p>[\/vc_column_text][\/vc_column][vc_column width=&#8221;1\/6&#8243;][\/vc_column][\/vc_row][vc_row][vc_column width=&#8221;1\/6&#8243;][\/vc_column][vc_column width=&#8221;2\/3&#8243;]<div class=\"woocommerce columns-3 \"><ul class=\"products columns-3\">\n<li class=\"product type-product post-8342 status-publish first onbackorder product_cat-botas-de-taller-mecanico product_cat-industria-alimentaria product_cat-industrial product_cat-logistica product_cat-portuaria has-post-thumbnail shipping-taxable purchasable product-type-variable\">\r\n\r\n\t\r\n    <div class=\"product_thumbnail_wrapper \">\r\n\r\n\t\t<a href=\"https:\/\/ozapato.com\/cr\/product\/grip-01\/\" class=\"woocommerce-LoopProduct-link woocommerce-loop-product__link\">\r\n\r\n\t        <div class=\"product_thumbnail with_second_image\">\r\n\t            <img loading=\"lazy\" decoding=\"async\" width=\"350\" height=\"350\" src=\"https:\/\/ozapato.com\/cr\/wp-content\/uploads\/sites\/6\/2019\/10\/generation-4a6d5d53-575e-4d1d-96e2-d8bb670c6445-350x350.png\" class=\"attachment-woocommerce_thumbnail size-woocommerce_thumbnail\" alt=\"Grip 01 OZAPATO. Bota con suela antiseslistante en Costa Rica\" srcset=\"https:\/\/ozapato.com\/cr\/wp-content\/uploads\/sites\/6\/2019\/10\/generation-4a6d5d53-575e-4d1d-96e2-d8bb670c6445-350x350.png 350w, https:\/\/ozapato.com\/cr\/wp-content\/uploads\/sites\/6\/2019\/10\/generation-4a6d5d53-575e-4d1d-96e2-d8bb670c6445-300x300.png 300w, https:\/\/ozapato.com\/cr\/wp-content\/uploads\/sites\/6\/2019\/10\/generation-4a6d5d53-575e-4d1d-96e2-d8bb670c6445-150x150.png 150w, https:\/\/ozapato.com\/cr\/wp-content\/uploads\/sites\/6\/2019\/10\/generation-4a6d5d53-575e-4d1d-96e2-d8bb670c6445-768x768.png 768w, https:\/\/ozapato.com\/cr\/wp-content\/uploads\/sites\/6\/2019\/10\/generation-4a6d5d53-575e-4d1d-96e2-d8bb670c6445-570x570.png 570w, https:\/\/ozapato.com\/cr\/wp-content\/uploads\/sites\/6\/2019\/10\/generation-4a6d5d53-575e-4d1d-96e2-d8bb670c6445-100x100.png 100w, https:\/\/ozapato.com\/cr\/wp-content\/uploads\/sites\/6\/2019\/10\/generation-4a6d5d53-575e-4d1d-96e2-d8bb670c6445.png 1000w\" sizes=\"auto, (max-width: 350px) 100vw, 350px\" \/>\t            \t            \t<span class=\"product_thumbnail_background\" style=\"background-image:url(https:\/\/ozapato.com\/cr\/wp-content\/uploads\/sites\/6\/2019\/10\/everart-image-8-350x350.jpg)\"><\/span>\r\n\t        \t\t        <\/div><!--.product_thumbnail-->\r\n\t\t<\/a>\r\n\r\n\t\t\t\t\t\t\t\r\n\t\t\r\n\t\t\r\n\t\t\r\n    <\/div><!--.product_thumbnail_wrapper-->\r\n\r\n    \r\n\t<h2 class=\"woocommerce-loop-product__title\">\r\n\t\t<a href=\"https:\/\/ozapato.com\/cr\/product\/grip-01\/\">Grip 01<\/a>\r\n\t<\/h2>\r\n\r\n\t\r\n        <div class=\"product_after_shop_loop\">\r\n        <div class=\"product_after_shop_loop_switcher\">\r\n    \r\n            \n\t<span class=\"price\"><span class=\"woocommerce-Price-amount amount\"><bdi><span class=\"woocommerce-Price-currencySymbol\">&#x20a1;<\/span>31,000.00<\/bdi><\/span><\/span>\n<a href=\"https:\/\/ozapato.com\/cr\/product\/grip-01\/\" aria-describedby=\"woocommerce_loop_add_to_cart_link_describedby_8342\" data-quantity=\"1\" class=\"button product_type_variable add_to_cart_button\" data-product_id=\"8342\" data-product_sku=\"GRIP01\" aria-label=\"Select options for &ldquo;Grip 01&rdquo;\" rel=\"nofollow\">Select options<\/a>\t<span id=\"woocommerce_loop_add_to_cart_link_describedby_8342\" class=\"screen-reader-text\">\n\t\tThis product has multiple variants. The options may be chosen on the product page\t<\/span>\n\r\n            <\/div>\r\n    <\/div>\r\n    \r\n\t\r\n<\/li>\r\n<li class=\"product type-product post-8355 status-publish onbackorder product_cat-botas-de-taller-mecanico product_cat-botas-de-construccion product_cat-industrial has-post-thumbnail shipping-taxable purchasable product-type-variable\">\r\n\r\n\t\r\n    <div class=\"product_thumbnail_wrapper \">\r\n\r\n\t\t<a href=\"https:\/\/ozapato.com\/cr\/product\/rock-01\/\" class=\"woocommerce-LoopProduct-link woocommerce-loop-product__link\">\r\n\r\n\t        <div class=\"product_thumbnail with_second_image\">\r\n\t            <img loading=\"lazy\" decoding=\"async\" width=\"350\" height=\"350\" src=\"https:\/\/ozapato.com\/cr\/wp-content\/uploads\/sites\/6\/2019\/10\/thumbmail-Rock-01-350x350.png\" class=\"attachment-woocommerce_thumbnail size-woocommerce_thumbnail\" alt=\"Botas de seguridad de piel cosidas en Costa Rica OZAPATO\" srcset=\"https:\/\/ozapato.com\/cr\/wp-content\/uploads\/sites\/6\/2019\/10\/thumbmail-Rock-01-350x350.png 350w, https:\/\/ozapato.com\/cr\/wp-content\/uploads\/sites\/6\/2019\/10\/thumbmail-Rock-01-300x300.png 300w, https:\/\/ozapato.com\/cr\/wp-content\/uploads\/sites\/6\/2019\/10\/thumbmail-Rock-01-150x150.png 150w, https:\/\/ozapato.com\/cr\/wp-content\/uploads\/sites\/6\/2019\/10\/thumbmail-Rock-01-768x768.png 768w, https:\/\/ozapato.com\/cr\/wp-content\/uploads\/sites\/6\/2019\/10\/thumbmail-Rock-01-570x570.png 570w, https:\/\/ozapato.com\/cr\/wp-content\/uploads\/sites\/6\/2019\/10\/thumbmail-Rock-01-100x100.png 100w, https:\/\/ozapato.com\/cr\/wp-content\/uploads\/sites\/6\/2019\/10\/thumbmail-Rock-01.png 1024w\" sizes=\"auto, (max-width: 350px) 100vw, 350px\" \/>\t            \t            \t<span class=\"product_thumbnail_background\" style=\"background-image:url(https:\/\/ozapato.com\/cr\/wp-content\/uploads\/sites\/6\/2019\/10\/Gemini_Generated_Image_m464gpm464gpm464-350x349.jpg)\"><\/span>\r\n\t        \t\t        <\/div><!--.product_thumbnail-->\r\n\t\t<\/a>\r\n\r\n\t\t\t\t\t\t\t\r\n\t\t\r\n\t\t\r\n\t\t\r\n    <\/div><!--.product_thumbnail_wrapper-->\r\n\r\n    \r\n\t<h2 class=\"woocommerce-loop-product__title\">\r\n\t\t<a href=\"https:\/\/ozapato.com\/cr\/product\/rock-01\/\">Rock 01<\/a>\r\n\t<\/h2>\r\n\r\n\t\r\n        <div class=\"product_after_shop_loop\">\r\n        <div class=\"product_after_shop_loop_switcher\">\r\n    \r\n            \n\t<span class=\"price\"><span class=\"woocommerce-Price-amount amount\"><bdi><span class=\"woocommerce-Price-currencySymbol\">&#x20a1;<\/span>23,600.00<\/bdi><\/span><\/span>\n<a href=\"https:\/\/ozapato.com\/cr\/product\/rock-01\/\" aria-describedby=\"woocommerce_loop_add_to_cart_link_describedby_8355\" data-quantity=\"1\" class=\"button product_type_variable add_to_cart_button\" data-product_id=\"8355\" data-product_sku=\"rock01\" aria-label=\"Select options for &ldquo;Rock 01&rdquo;\" rel=\"nofollow\">Select options<\/a>\t<span id=\"woocommerce_loop_add_to_cart_link_describedby_8355\" class=\"screen-reader-text\">\n\t\tThis product has multiple variants. The options may be chosen on the product page\t<\/span>\n\r\n            <\/div>\r\n    <\/div>\r\n    \r\n\t\r\n<\/li>\r\n<li class=\"product type-product post-12287 status-publish last onbackorder product_cat-botas-de-seguridad-para-altas-temperaturas product_cat-botas-de-taller-mecanico product_cat-botas-de-construccion product_cat-industrial has-post-thumbnail shipping-taxable purchasable product-type-variable\">\r\n\r\n\t\r\n    <div class=\"product_thumbnail_wrapper \">\r\n\r\n\t\t<a href=\"https:\/\/ozapato.com\/cr\/product\/rock-21\/\" class=\"woocommerce-LoopProduct-link woocommerce-loop-product__link\">\r\n\r\n\t        <div class=\"product_thumbnail with_second_image\">\r\n\t            <img loading=\"lazy\" decoding=\"async\" width=\"350\" height=\"350\" src=\"https:\/\/ozapato.com\/cr\/wp-content\/uploads\/sites\/6\/2024\/09\/Gemini_Generated_Image_43gjs843gjs843gj-1-copy-350x350.jpg\" class=\"attachment-woocommerce_thumbnail size-woocommerce_thumbnail\" alt=\"ROCK 21 botas cosidas con suela de hule OZAPATO. Rock 21\" srcset=\"https:\/\/ozapato.com\/cr\/wp-content\/uploads\/sites\/6\/2024\/09\/Gemini_Generated_Image_43gjs843gjs843gj-1-copy-350x350.jpg 350w, https:\/\/ozapato.com\/cr\/wp-content\/uploads\/sites\/6\/2024\/09\/Gemini_Generated_Image_43gjs843gjs843gj-1-copy-300x300.jpg 300w, https:\/\/ozapato.com\/cr\/wp-content\/uploads\/sites\/6\/2024\/09\/Gemini_Generated_Image_43gjs843gjs843gj-1-copy-150x150.jpg 150w, https:\/\/ozapato.com\/cr\/wp-content\/uploads\/sites\/6\/2024\/09\/Gemini_Generated_Image_43gjs843gjs843gj-1-copy-768x768.jpg 768w, https:\/\/ozapato.com\/cr\/wp-content\/uploads\/sites\/6\/2024\/09\/Gemini_Generated_Image_43gjs843gjs843gj-1-copy-570x570.jpg 570w, https:\/\/ozapato.com\/cr\/wp-content\/uploads\/sites\/6\/2024\/09\/Gemini_Generated_Image_43gjs843gjs843gj-1-copy-100x100.jpg 100w, https:\/\/ozapato.com\/cr\/wp-content\/uploads\/sites\/6\/2024\/09\/Gemini_Generated_Image_43gjs843gjs843gj-1-copy.jpg 801w\" sizes=\"auto, (max-width: 350px) 100vw, 350px\" \/>\t            \t            \t<span class=\"product_thumbnail_background\" style=\"background-image:url(https:\/\/ozapato.com\/cr\/wp-content\/uploads\/sites\/6\/2024\/09\/Gemini_Generated_Image_hl7fvohl7fvohl7f-1-350x351.jpg)\"><\/span>\r\n\t        \t\t        <\/div><!--.product_thumbnail-->\r\n\t\t<\/a>\r\n\r\n\t\t\t\t\t\t\t\r\n\t\t\r\n\t\t\r\n\t\t\r\n    <\/div><!--.product_thumbnail_wrapper-->\r\n\r\n    \r\n\t<h2 class=\"woocommerce-loop-product__title\">\r\n\t\t<a href=\"https:\/\/ozapato.com\/cr\/product\/rock-21\/\">Rock 21<\/a>\r\n\t<\/h2>\r\n\r\n\t\r\n        <div class=\"product_after_shop_loop\">\r\n        <div class=\"product_after_shop_loop_switcher\">\r\n    \r\n            \n\t<span class=\"price\"><span class=\"woocommerce-Price-amount amount\" aria-hidden=\"true\"><bdi><span class=\"woocommerce-Price-currencySymbol\">&#x20a1;<\/span>23,600.00<\/bdi><\/span> <span aria-hidden=\"true\">&ndash;<\/span> <span class=\"woocommerce-Price-amount amount\" aria-hidden=\"true\"><bdi><span class=\"woocommerce-Price-currencySymbol\">&#x20a1;<\/span>26,900.00<\/bdi><\/span><span class=\"screen-reader-text\">Price range: &#x20a1;23,600.00 through &#x20a1;26,900.00<\/span><\/span>\n<a href=\"https:\/\/ozapato.com\/cr\/product\/rock-21\/\" aria-describedby=\"woocommerce_loop_add_to_cart_link_describedby_12287\" data-quantity=\"1\" class=\"button product_type_variable add_to_cart_button\" data-product_id=\"12287\" data-product_sku=\"ROCK21\" aria-label=\"Select options for &ldquo;Rock 21&rdquo;\" rel=\"nofollow\">Select options<\/a>\t<span id=\"woocommerce_loop_add_to_cart_link_describedby_12287\" class=\"screen-reader-text\">\n\t\tThis product has multiple variants. The options may be chosen on the product page\t<\/span>\n\r\n            <\/div>\r\n    <\/div>\r\n    \r\n\t\r\n<\/li>\r\n<\/ul>\n<\/div>[\/vc_column][vc_column width=&#8221;1\/6&#8243;][\/vc_column][\/vc_row][vc_row][vc_column][vc_masonry_media_grid grid_id=&#8221;vc_gid:1486501029291-68e3c3e5-c59a-0&#8243; include=&#8221;4619,4620,4621&#8243;][\/vc_column][\/vc_row][vc_row][vc_column width=&#8221;1\/6&#8243;][\/vc_column][vc_column width=&#8221;2\/3&#8243;][vc_column_text]<\/p>\n<p style=\"text-align: center\"><strong>\u00a1Botas de taller\u00a0mec\u00e1nico en Rep\u00fablica Dominicana!<\/strong><\/p>\n<p style=\"text-align: justify\">Sabemos que en un taller mec\u00e1nico siempre se encuentra descarga de aceite o de petroleo. Sus colaboradores siempre corren el riesgo de resbalarse. Es por eso que hemos desarrollado nuestra suela &#8220;GRIP&#8221; que se pueden ocupar en pisos lisos o metalicos cubiertos de aceite. Con su plantilla <a href=\"https:\/\/ozapato.com\/pa\/las-4-ventajas-de-las-plantillas-antiperforacion-textiles\/\" target=\"_blank\">anti perforaci\u00f3n<\/a> de kevlar y su suela pegada y cosida el modelo GRIP esta dise\u00f1ado para ofrecer seguridad y comfort. Es la bota de taller mec\u00e1nico ideal para Rep\u00fablica Dominicana.<\/p>\n<p style=\"text-align: justify\">Todas nuestras\u00a0botas de taller mecanico\u00a0est\u00e1n certificadas bajo la norma americana: ASTM 2412-2413 \/ <a href=\"https:\/\/ozapato.com\/pa\/10-normas-de-seguridad-industrial-que-debe-de-conocer\/\" target=\"_blank\">ASTM-F-2413-05<\/a><\/p>\n<p>[\/vc_column_text][\/vc_column][vc_column width=&#8221;1\/6&#8243;][\/vc_column][\/vc_row][vc_row][vc_column width=&#8221;1\/6&#8243;][\/vc_column][vc_column width=&#8221;2\/3&#8243; css=&#8221;.vc_custom_1456174598177{background-color: #dd3333 !important;}&#8221;][vc_column_text]<\/p>\n<div class=\"wpb_text_column wpb_content_element \"><span style=\"color: #ffffff\">\u00a0<\/span><\/div>\n<div class=\"wpb_text_column wpb_content_element \">\n<h1 class=\"wpb_wrapper\" style=\"text-align: center\"><span style=\"color: #ffffff\"><strong>\u00bfQU\u00c9 HACEMOS?<\/strong>\u00a0<\/span><\/h1>\n<\/div>\n<div class=\"wpb_text_column wpb_content_element \">\n<div class=\"wpb_wrapper\">\n<div class=\"wpb_text_column wpb_content_element \">\n<div class=\"wpb_wrapper\">\n<p style=\"text-align: justify\"><span style=\"color: #ffffff\">OZAPATO es una marca de calzado ubicada en Pachuca, M\u00e9xico. Fabricamos botas de taller mec\u00e1nico\u00a0y contamos con presencia en Rep\u00fablica Dominicana, M\u00e9xico, Panam\u00e1 y Estados Unidos. Hemos aprendido a lo largo de los a\u00f1os como fabricar botas de seguridad de talleres mec\u00e1nicos de calidad y de manera responsable. En Rep\u00fablica Dominicana, nuestra l\u00ednea industrial cuenta con botas de seguridad, botas de seguridad diel\u00e9ctricas y botas t\u00e1cticas. \u00a1Elija de nuestro cat\u00e1logo las botas que necesita para trabajar con seguridad!<\/span><\/p>\n<\/div>\n<\/div>\n<\/div>\n<\/div>\n<p>[\/vc_column_text][\/vc_column][vc_column width=&#8221;1\/6&#8243;][\/vc_column][\/vc_row][vc_row][vc_column width=&#8221;1\/6&#8243;][\/vc_column][vc_column width=&#8221;2\/3&#8243; css=&#8221;.vc_custom_1456174610082{background-color: #dd3333 !important;}&#8221;][vc_column_text]<\/p>\n<h1 style=\"text-align: center\"><span style=\"color: #ffffff\">\u00bfCOMO LO\u00a0HACEMOS?<\/span><\/h1>\n<p style=\"text-align: justify\"><span style=\"color: #ffffff\">Todas nuestras botas de taller mec\u00e1nico\u00a0son fabricadas con materiales de alta calidad. Tenga la confianza que sus pies estar\u00e1n protegidos en cada momento. Estamos tan seguros de la calidad de nuestros modelos de botas de seguridad industrial que ofrecemos una garant\u00eda de 4 meses y hasta 6 meses para las botas de seguridad m\u00e1s premium. Adem\u00e1s ofrecemos un servicio de entrega en 24 horas.<\/span><\/p>\n<p style=\"text-align: justify\"><span style=\"color: #ffffff\">Todos los productos de OZAPATO est\u00e1n fabricados en nuestra f\u00e1brica de Pachuca (Hidalgo, M\u00e9xico). Nuestro modelo de negocio, conecta directamente la f\u00e1brica con el cliente final, evitando intermediarios; no trabajamos con distribuidores o revendedores. Esto permite ofrecer botas de seguridad a un precio m\u00e1s accesible.<\/span><\/p>\n<p>[\/vc_column_text][\/vc_column][vc_column width=&#8221;1\/6&#8243;][\/vc_column][\/vc_row][vc_row][vc_column width=&#8221;1\/6&#8243;][\/vc_column][vc_column width=&#8221;2\/3&#8243; css=&#8221;.vc_custom_1456174626082{background-color: #dd3333 !important;}&#8221;][vc_column_text]<\/p>\n<h1 style=\"text-align: center\"><span style=\"color: #ffffff\">\u00bfPOR QU\u00c9\u00a0LO\u00a0HACEMOS?<\/span><\/h1>\n<p style=\"text-align: justify\"><span style=\"color: #ffffff\">OZAPATO naci\u00f3 con la idea de servir a la comunidad local. La producci\u00f3n de nuestras botas de taller mec\u00e1nico es un proceso transparente que sustenta el balance socio econ\u00f3mico de la comunidad a la que pertenece.<\/span><\/p>\n<p style=\"text-align: justify\"><span style=\"color: #ffffff\">El valor m\u00e1s importante de OZAPATO es la entrega directa hasta el cliente. Evitamos todos los intermediarios que no a\u00f1aden valor a nuestros consumidores. Cada etapa de la fabricaci\u00f3n de botas de seguridad industrial debe beneficiar a la gente que fabrica el calzado.<\/span><\/p>\n<p style=\"text-align: justify\"><span style=\"color: #ffffff\">A nuestro equipo le apasiona desarrollar botas de seguridad en un ambiente social y econ\u00f3mico justo. Queremos que nuestros clientes conf\u00eden en que no s\u00f3lo compran botas bien hechas y de buena calidad, sino que tambi\u00e9n cada persona incluida en la cadena de suministro reciba un trato justo al momento de realizar su trabajo.<\/span><\/p>\n<p>[\/vc_column_text][\/vc_column][vc_column width=&#8221;1\/6&#8243;][\/vc_column][\/vc_row][vc_row][vc_column width=&#8221;1\/6&#8243;][\/vc_column][vc_column width=&#8221;2\/3&#8243;][vc_column_text]<\/p>\n<h4 style=\"text-align: center\">Le podr\u00e1 interesar estos otros modelos de botas de seguridad<\/h4>\n<p>[\/vc_column_text][\/vc_column][vc_column width=&#8221;1\/6&#8243;][\/vc_column][\/vc_row][vc_row][vc_column width=&#8221;1\/6&#8243;][\/vc_column][vc_column width=&#8221;2\/3&#8243;]<div class=\"woocommerce columns-4 \"><\/div>[\/vc_column][vc_column width=&#8221;1\/6&#8243;][\/vc_column][\/vc_row][vc_row][vc_column width=&#8221;1\/6&#8243;][\/vc_column][vc_column width=&#8221;2\/3&#8243;][vc_column_text]Nos puede visitar, ll\u00e1mar al\u00a0809 540 8888, escribirnos al whatsapp\u00a0+1 (849) 314 8888 o simplemente enviar un correo a\u00a0<a href=\"mailto:info@rfglobalsecurity.com\" target=\"_blank\">info@rfglobalsecurity.com<\/a> para conocer nuestra oferta de botas de taller mec\u00e1nicos en\u00a0 Rep\u00fablica Dominicana y recibir una cotizaci\u00f3n gratuita. Tenemos soluciones\u00a0\u00a0para todas las industrias.[\/vc_column_text][\/vc_column][vc_column width=&#8221;1\/6&#8243;][\/vc_column][\/vc_row][vc_row][vc_column][vc_gmaps link=&#8221;#E-8_JTNDaWZyYW1lJTIwc3JjJTNEJTIyaHR0cHMlM0ElMkYlMkZ3d3cuZ29vZ2xlLmNvbSUyRm1hcHMlMkZlbWJlZCUzRnBiJTNEJTIxMW0xOCUyMTFtMTIlMjExbTMlMjExZDM3ODMuMDU1NjE4Njg1MDc5NSUyMTJkLTY5LjgxNzk4MjM4NTEwNzExJTIxM2QxOC41MjYzODg1ODc0MDU1OSUyMTJtMyUyMTFmMCUyMTJmMCUyMTNmMCUyMTNtMiUyMTFpMTAyNCUyMTJpNzY4JTIxNGYxMy4xJTIxM20zJTIxMW0yJTIxMXMweDhlYWY4NjY0NjQ2ZTgyNjMlMjUzQTB4NmZlNjkyMWNiZjY1MWY0MyUyMTJzQXYlMkJMYSUyQlBpc3RhJTI1MkMlMkJTYW50byUyQkRvbWluZ28lMkJFc3RlJTI1MkMlMkJEb21pbmljYW4lMkJSZXB1YmxpYyUyMTVlMCUyMTNtMiUyMTFzZW4lMjEyc3BhJTIxNHYxNDg2NDc3Njk3MzEwJTIyJTIwd2lkdGglM0QlMjI2MDAlMjIlMjBoZWlnaHQlM0QlMjI0NTAlMjIlMjBmcmFtZWJvcmRlciUzRCUyMjAlMjIlMjBzdHlsZSUzRCUyMmJvcmRlciUzQTAlMjIlMjBhbGxvd2Z1bGxzY3JlZW4lM0UlM0MlMkZpZnJhbWUlM0U=&#8221;][\/vc_column][\/vc_row]<\/p>\n","protected":false},"excerpt":{"rendered":"<p>[vc_row full_width=&#8221;stretch_row&#8221; full_height=&#8221;yes&#8221; css=&#8221;.vc_custom_1468443703101{background: #000000 url(https:\/\/ozapato.com\/pa\/wp-content\/uploads\/sites\/2\/2016\/07\/car-repair-362150_1920-1.jpg?id=3591) !important;background-position: center !important;background-repeat: no-repeat !important;background-size: cover !important;}&#8221;][vc_column width=&#8221;1\/6&#8243;][\/vc_column][vc_column width=&#8221;2\/3&#8243;][vc_column_text] BOTAS DE TALLER MEC\u00c1NICO\u00a0 [\/vc_column_text][\/vc_column][vc_column width=&#8221;1\/6&#8243;][\/vc_column][\/vc_row][vc_row][vc_column width=&#8221;1\/6&#8243;][\/vc_column][vc_column width=&#8221;2\/3&#8243;][\/vc_column][vc_column width=&#8221;1\/6&#8243;][\/vc_column][\/vc_row][vc_row][vc_column][vc_masonry_media_grid grid_id=&#8221;vc_gid:1486501029291-68e3c3e5-c59a-0&#8243; include=&#8221;4619,4620,4621&#8243;][\/vc_column][\/vc_row][vc_row][vc_column width=&#8221;1\/6&#8243;][\/vc_column][vc_column width=&#8221;2\/3&#8243;][vc_column_text] \u00a1Botas de taller\u00a0mec\u00e1nico en Rep\u00fablica Dominicana! Sabemos que en un taller mec\u00e1nico siempre se encuentra descarga de aceite o de petroleo. Sus colaboradores siempre corren el riesgo [&hellip;]<\/p>\n","protected":false},"author":1,"featured_media":0,"parent":0,"menu_order":0,"comment_status":"closed","ping_status":"closed","template":"page-full-width.php","meta":{"jetpack_post_was_ever_published":false,"footnotes":""},"class_list":["post-3519","page","type-page","status-publish","hentry"],"jetpack_sharing_enabled":true,"jetpack_shortlink":"https:\/\/wp.me\/PakbpD-UL","_links":{"self":[{"href":"https:\/\/ozapato.com\/cr\/wp-json\/wp\/v2\/pages\/3519","targetHints":{"allow":["GET"]}}],"collection":[{"href":"https:\/\/ozapato.com\/cr\/wp-json\/wp\/v2\/pages"}],"about":[{"href":"https:\/\/ozapato.com\/cr\/wp-json\/wp\/v2\/types\/page"}],"author":[{"embeddable":true,"href":"https:\/\/ozapato.com\/cr\/wp-json\/wp\/v2\/users\/1"}],"replies":[{"embeddable":true,"href":"https:\/\/ozapato.com\/cr\/wp-json\/wp\/v2\/comments?post=3519"}],"version-history":[{"count":0,"href":"https:\/\/ozapato.com\/cr\/wp-json\/wp\/v2\/pages\/3519\/revisions"}],"wp:attachment":[{"href":"https:\/\/ozapato.com\/cr\/wp-json\/wp\/v2\/media?parent=3519"}],"curies":[{"name":"wp","href":"https:\/\/api.w.org\/{rel}","templated":true}]}}