{"id":3615,"date":"2016-07-14T19:31:04","date_gmt":"2016-07-14T19:31:04","guid":{"rendered":"https:\/\/ozapato.com\/pa\/?page_id=3615"},"modified":"2023-09-27T07:17:06","modified_gmt":"2023-09-27T02:17:06","slug":"botas-militares","status":"publish","type":"page","link":"https:\/\/ozapato.com\/cr\/botas-militares\/","title":{"rendered":"\ud83e\udd7e Botas Militares para Costa Rica \ud83c\udf96\ufe0f | OZAPATO Costa Rica"},"content":{"rendered":"<p>[vc_row full_width=&#8221;stretch_row&#8221; content_placement=&#8221;bottom&#8221; css=&#8221;.vc_custom_1573744862706{background: #000000 url(https:\/\/ozapato.com\/pa\/wp-content\/uploads\/sites\/2\/2016\/02\/Botas-t\u00e1cticas-seguridad.jpg?id=1238) !important;}&#8221;][vc_column width=&#8221;1\/6&#8243;][\/vc_column][vc_column width=&#8221;2\/3&#8243;][vc_column_text]<\/p>\n<h2 style=\"text-align: center;\"><span style=\"color: #ffffff;\">BOTAS\u00a0MILITARES<\/span><\/h2>\n<p>[\/vc_column_text][\/vc_column][vc_column width=&#8221;1\/6&#8243;][\/vc_column][\/vc_row][vc_row][vc_column width=&#8221;1\/4&#8243;][\/vc_column][vc_column width=&#8221;1\/2&#8243;]<div class=\"woocommerce columns-4 \"><ul class=\"products columns-4\">\n<li class=\"product type-product post-8368 status-publish first onbackorder product_cat-tactica product_cat-industrial has-post-thumbnail shipping-taxable purchasable product-type-variable\">\r\n\r\n\t\r\n    <div class=\"product_thumbnail_wrapper \">\r\n\r\n\t\t<a href=\"https:\/\/ozapato.com\/cr\/product\/cop-01\/\" class=\"woocommerce-LoopProduct-link woocommerce-loop-product__link\">\r\n\r\n\t        <div class=\"product_thumbnail \">\r\n\t            <img loading=\"lazy\" decoding=\"async\" width=\"350\" height=\"350\" src=\"https:\/\/ozapato.com\/cr\/wp-content\/uploads\/sites\/6\/2017\/02\/thumbmail-Cop01-800x800-350x350.jpg\" class=\"attachment-woocommerce_thumbnail size-woocommerce_thumbnail\" alt=\"COP son Cop botas militares para policias.\" srcset=\"https:\/\/ozapato.com\/cr\/wp-content\/uploads\/sites\/6\/2017\/02\/thumbmail-Cop01-800x800-350x350.jpg 350w, https:\/\/ozapato.com\/cr\/wp-content\/uploads\/sites\/6\/2017\/02\/thumbmail-Cop01-800x800-150x150.jpg 150w, https:\/\/ozapato.com\/cr\/wp-content\/uploads\/sites\/6\/2017\/02\/thumbmail-Cop01-800x800-300x300.jpg 300w, https:\/\/ozapato.com\/cr\/wp-content\/uploads\/sites\/6\/2017\/02\/thumbmail-Cop01-800x800-768x768.jpg 768w, https:\/\/ozapato.com\/cr\/wp-content\/uploads\/sites\/6\/2017\/02\/thumbmail-Cop01-800x800-570x570.jpg 570w, https:\/\/ozapato.com\/cr\/wp-content\/uploads\/sites\/6\/2017\/02\/thumbmail-Cop01-800x800-100x100.jpg 100w, https:\/\/ozapato.com\/cr\/wp-content\/uploads\/sites\/6\/2017\/02\/thumbmail-Cop01-800x800.jpg 800w\" sizes=\"auto, (max-width: 350px) 100vw, 350px\" \/>\t            \t        <\/div><!--.product_thumbnail-->\r\n\t\t<\/a>\r\n\r\n\t\t\t\t\t\t\t\r\n\t\t\r\n\t\t\r\n\t\t\r\n    <\/div><!--.product_thumbnail_wrapper-->\r\n\r\n    \r\n\t<h2 class=\"woocommerce-loop-product__title\">\r\n\t\t<a href=\"https:\/\/ozapato.com\/cr\/product\/cop-01\/\">Cop 01<\/a>\r\n\t<\/h2>\r\n\r\n\t\r\n        <div class=\"product_after_shop_loop\">\r\n        <div class=\"product_after_shop_loop_switcher\">\r\n    \r\n            \n\t<span class=\"price\"><span class=\"woocommerce-Price-amount amount\"><bdi><span class=\"woocommerce-Price-currencySymbol\">&#x20a1;<\/span>40,000.00<\/bdi><\/span><\/span>\n<a href=\"https:\/\/ozapato.com\/cr\/product\/cop-01\/\" aria-describedby=\"woocommerce_loop_add_to_cart_link_describedby_8368\" data-quantity=\"1\" class=\"button product_type_variable add_to_cart_button\" data-product_id=\"8368\" data-product_sku=\"Cop01\" aria-label=\"Select options for &ldquo;Cop 01&rdquo;\" rel=\"nofollow\">Select options<\/a>\t<span id=\"woocommerce_loop_add_to_cart_link_describedby_8368\" class=\"screen-reader-text\">\n\t\tThis product has multiple variants. The options may be chosen on the product page\t<\/span>\n\r\n            <\/div>\r\n    <\/div>\r\n    \r\n\t\r\n<\/li>\r\n<li class=\"product type-product post-8381 status-publish onbackorder product_cat-tactica product_cat-industrial has-post-thumbnail shipping-taxable purchasable product-type-variable\">\r\n\r\n\t\r\n    <div class=\"product_thumbnail_wrapper \">\r\n\r\n\t\t<a href=\"https:\/\/ozapato.com\/cr\/product\/cop-02\/\" class=\"woocommerce-LoopProduct-link woocommerce-loop-product__link\">\r\n\r\n\t        <div class=\"product_thumbnail \">\r\n\t            <img loading=\"lazy\" decoding=\"async\" width=\"350\" height=\"350\" src=\"https:\/\/ozapato.com\/cr\/wp-content\/uploads\/sites\/6\/2019\/10\/Thumbmail-Cop02-1-350x350.jpg\" class=\"attachment-woocommerce_thumbnail size-woocommerce_thumbnail\" alt=\"Cop 02 zapatos con puntera de acero XL.\" srcset=\"https:\/\/ozapato.com\/cr\/wp-content\/uploads\/sites\/6\/2019\/10\/Thumbmail-Cop02-1-350x350.jpg 350w, https:\/\/ozapato.com\/cr\/wp-content\/uploads\/sites\/6\/2019\/10\/Thumbmail-Cop02-1-150x150.jpg 150w, https:\/\/ozapato.com\/cr\/wp-content\/uploads\/sites\/6\/2019\/10\/Thumbmail-Cop02-1-300x300.jpg 300w, https:\/\/ozapato.com\/cr\/wp-content\/uploads\/sites\/6\/2019\/10\/Thumbmail-Cop02-1-768x768.jpg 768w, https:\/\/ozapato.com\/cr\/wp-content\/uploads\/sites\/6\/2019\/10\/Thumbmail-Cop02-1-570x570.jpg 570w, https:\/\/ozapato.com\/cr\/wp-content\/uploads\/sites\/6\/2019\/10\/Thumbmail-Cop02-1-100x100.jpg 100w, https:\/\/ozapato.com\/cr\/wp-content\/uploads\/sites\/6\/2019\/10\/Thumbmail-Cop02-1.jpg 800w\" sizes=\"auto, (max-width: 350px) 100vw, 350px\" \/>\t            \t        <\/div><!--.product_thumbnail-->\r\n\t\t<\/a>\r\n\r\n\t\t\t\t\t\t\t\r\n\t\t\r\n\t\t\r\n\t\t\r\n    <\/div><!--.product_thumbnail_wrapper-->\r\n\r\n    \r\n\t<h2 class=\"woocommerce-loop-product__title\">\r\n\t\t<a href=\"https:\/\/ozapato.com\/cr\/product\/cop-02\/\">Cop 02<\/a>\r\n\t<\/h2>\r\n\r\n\t\r\n        <div class=\"product_after_shop_loop\">\r\n        <div class=\"product_after_shop_loop_switcher\">\r\n    \r\n            \n\t<span class=\"price\"><span class=\"woocommerce-Price-amount amount\"><bdi><span class=\"woocommerce-Price-currencySymbol\">&#x20a1;<\/span>41,000.00<\/bdi><\/span><\/span>\n<a href=\"https:\/\/ozapato.com\/cr\/product\/cop-02\/\" aria-describedby=\"woocommerce_loop_add_to_cart_link_describedby_8381\" data-quantity=\"1\" class=\"button product_type_variable add_to_cart_button\" data-product_id=\"8381\" data-product_sku=\"COP02\" aria-label=\"Select options for &ldquo;Cop 02&rdquo;\" rel=\"nofollow\">Select options<\/a>\t<span id=\"woocommerce_loop_add_to_cart_link_describedby_8381\" class=\"screen-reader-text\">\n\t\tThis product has multiple variants. The options may be chosen on the product page\t<\/span>\n\r\n            <\/div>\r\n    <\/div>\r\n    \r\n\t\r\n<\/li>\r\n<li class=\"product type-product post-8555 status-publish onbackorder product_cat-tactica product_cat-industrial has-post-thumbnail shipping-taxable purchasable product-type-variable\">\r\n\r\n\t\r\n    <div class=\"product_thumbnail_wrapper \">\r\n\r\n\t\t<a href=\"https:\/\/ozapato.com\/cr\/product\/coyolt-01\/\" class=\"woocommerce-LoopProduct-link woocommerce-loop-product__link\">\r\n\r\n\t        <div class=\"product_thumbnail with_second_image\">\r\n\t            <img loading=\"lazy\" decoding=\"async\" width=\"350\" height=\"350\" src=\"https:\/\/ozapato.com\/cr\/wp-content\/uploads\/sites\/6\/2019\/10\/thumbmail-Tactica-800x800-1-350x350.jpg\" class=\"attachment-woocommerce_thumbnail size-woocommerce_thumbnail\" alt=\"Coyolt 01\" srcset=\"https:\/\/ozapato.com\/cr\/wp-content\/uploads\/sites\/6\/2019\/10\/thumbmail-Tactica-800x800-1-350x350.jpg 350w, https:\/\/ozapato.com\/cr\/wp-content\/uploads\/sites\/6\/2019\/10\/thumbmail-Tactica-800x800-1-300x300.jpg 300w, https:\/\/ozapato.com\/cr\/wp-content\/uploads\/sites\/6\/2019\/10\/thumbmail-Tactica-800x800-1-150x150.jpg 150w, https:\/\/ozapato.com\/cr\/wp-content\/uploads\/sites\/6\/2019\/10\/thumbmail-Tactica-800x800-1-768x768.jpg 768w, https:\/\/ozapato.com\/cr\/wp-content\/uploads\/sites\/6\/2019\/10\/thumbmail-Tactica-800x800-1-570x570.jpg 570w, https:\/\/ozapato.com\/cr\/wp-content\/uploads\/sites\/6\/2019\/10\/thumbmail-Tactica-800x800-1-100x100.jpg 100w, https:\/\/ozapato.com\/cr\/wp-content\/uploads\/sites\/6\/2019\/10\/thumbmail-Tactica-800x800-1.jpg 800w\" sizes=\"auto, (max-width: 350px) 100vw, 350px\" \/>\t            \t            \t<span class=\"product_thumbnail_background\" style=\"background-image:url(https:\/\/ozapato.com\/cr\/wp-content\/uploads\/sites\/6\/2019\/10\/Coyolt-01-close--350x197.jpg)\"><\/span>\r\n\t        \t\t        <\/div><!--.product_thumbnail-->\r\n\t\t<\/a>\r\n\r\n\t\t\t\t\t\t\t\r\n\t\t\r\n\t\t\r\n\t\t\r\n    <\/div><!--.product_thumbnail_wrapper-->\r\n\r\n    \r\n\t<h2 class=\"woocommerce-loop-product__title\">\r\n\t\t<a href=\"https:\/\/ozapato.com\/cr\/product\/coyolt-01\/\">Coyolt 01<\/a>\r\n\t<\/h2>\r\n\r\n\t\r\n        <div class=\"product_after_shop_loop\">\r\n        <div class=\"product_after_shop_loop_switcher\">\r\n    \r\n            \n\t<span class=\"price\"><span class=\"woocommerce-Price-amount amount\"><bdi><span class=\"woocommerce-Price-currencySymbol\">&#x20a1;<\/span>51,500.00<\/bdi><\/span><\/span>\n<a href=\"https:\/\/ozapato.com\/cr\/product\/coyolt-01\/\" aria-describedby=\"woocommerce_loop_add_to_cart_link_describedby_8555\" data-quantity=\"1\" class=\"button product_type_variable add_to_cart_button\" data-product_id=\"8555\" data-product_sku=\"coyolt01\" aria-label=\"Select options for &ldquo;Coyolt 01&rdquo;\" rel=\"nofollow\">Select options<\/a>\t<span id=\"woocommerce_loop_add_to_cart_link_describedby_8555\" class=\"screen-reader-text\">\n\t\tThis product has multiple variants. The options may be chosen on the product page\t<\/span>\n\r\n            <\/div>\r\n    <\/div>\r\n    \r\n\t\r\n<\/li>\r\n<li class=\"product type-product post-8568 status-publish last instock product_cat-tactica product_cat-industrial has-post-thumbnail shipping-taxable purchasable product-type-variable\">\r\n\r\n\t\r\n    <div class=\"product_thumbnail_wrapper \">\r\n\r\n\t\t<a href=\"https:\/\/ozapato.com\/cr\/product\/coyolt-02\/\" class=\"woocommerce-LoopProduct-link woocommerce-loop-product__link\">\r\n\r\n\t        <div class=\"product_thumbnail with_second_image\">\r\n\t            <img loading=\"lazy\" decoding=\"async\" width=\"350\" height=\"350\" src=\"https:\/\/ozapato.com\/cr\/wp-content\/uploads\/sites\/6\/2019\/10\/freepik__high-end-ecommerce-photoshoot-white-backgroundimg1__10350_01-350x350.jpg\" class=\"attachment-woocommerce_thumbnail size-woocommerce_thumbnail\" alt=\"COYOLT 02 bota tactica en Costa Rica . Suela cosida, 100% piel. OZAPATO\" srcset=\"https:\/\/ozapato.com\/cr\/wp-content\/uploads\/sites\/6\/2019\/10\/freepik__high-end-ecommerce-photoshoot-white-backgroundimg1__10350_01-350x350.jpg 350w, https:\/\/ozapato.com\/cr\/wp-content\/uploads\/sites\/6\/2019\/10\/freepik__high-end-ecommerce-photoshoot-white-backgroundimg1__10350_01-300x300.jpg 300w, https:\/\/ozapato.com\/cr\/wp-content\/uploads\/sites\/6\/2019\/10\/freepik__high-end-ecommerce-photoshoot-white-backgroundimg1__10350_01-150x150.jpg 150w, https:\/\/ozapato.com\/cr\/wp-content\/uploads\/sites\/6\/2019\/10\/freepik__high-end-ecommerce-photoshoot-white-backgroundimg1__10350_01-768x768.jpg 768w, https:\/\/ozapato.com\/cr\/wp-content\/uploads\/sites\/6\/2019\/10\/freepik__high-end-ecommerce-photoshoot-white-backgroundimg1__10350_01-570x570.jpg 570w, https:\/\/ozapato.com\/cr\/wp-content\/uploads\/sites\/6\/2019\/10\/freepik__high-end-ecommerce-photoshoot-white-backgroundimg1__10350_01-100x100.jpg 100w, https:\/\/ozapato.com\/cr\/wp-content\/uploads\/sites\/6\/2019\/10\/freepik__high-end-ecommerce-photoshoot-white-backgroundimg1__10350_01.jpg 858w\" sizes=\"auto, (max-width: 350px) 100vw, 350px\" \/>\t            \t            \t<span class=\"product_thumbnail_background\" style=\"background-image:url(https:\/\/ozapato.com\/cr\/wp-content\/uploads\/sites\/6\/2019\/10\/OZAPATO-LP-5-4-350x438.jpg)\"><\/span>\r\n\t        \t\t        <\/div><!--.product_thumbnail-->\r\n\t\t<\/a>\r\n\r\n\t\t\t\t\t\t\t\r\n\t\t\r\n\t\t\r\n\t\t\r\n    <\/div><!--.product_thumbnail_wrapper-->\r\n\r\n    \r\n\t<h2 class=\"woocommerce-loop-product__title\">\r\n\t\t<a href=\"https:\/\/ozapato.com\/cr\/product\/coyolt-02\/\">Coyolt 02<\/a>\r\n\t<\/h2>\r\n\r\n\t\r\n        <div class=\"product_after_shop_loop\">\r\n        <div class=\"product_after_shop_loop_switcher\">\r\n    \r\n            \n\t<span class=\"price\"><span class=\"woocommerce-Price-amount amount\"><bdi><span class=\"woocommerce-Price-currencySymbol\">&#x20a1;<\/span>51,500.00<\/bdi><\/span><\/span>\n<a href=\"https:\/\/ozapato.com\/cr\/product\/coyolt-02\/\" aria-describedby=\"woocommerce_loop_add_to_cart_link_describedby_8568\" data-quantity=\"1\" class=\"button product_type_variable add_to_cart_button\" data-product_id=\"8568\" data-product_sku=\"COYOLT02\" aria-label=\"Select options for &ldquo;Coyolt 02&rdquo;\" rel=\"nofollow\">Select options<\/a>\t<span id=\"woocommerce_loop_add_to_cart_link_describedby_8568\" class=\"screen-reader-text\">\n\t\tThis product has multiple variants. The options may be chosen on the product page\t<\/span>\n\r\n            <\/div>\r\n    <\/div>\r\n    \r\n\t\r\n<\/li>\r\n<\/ul>\n<\/div>[\/vc_column][vc_column width=&#8221;1\/4&#8243;][\/vc_column][\/vc_row][vc_row][vc_column width=&#8221;1\/6&#8243;][\/vc_column][vc_column width=&#8221;2\/3&#8243;][\/vc_column][vc_column width=&#8221;1\/6&#8243;][\/vc_column][\/vc_row][vc_row][vc_column width=&#8221;1\/6&#8243;][\/vc_column][vc_column width=&#8221;2\/3&#8243;][\/vc_column][vc_column width=&#8221;1\/6&#8243;][\/vc_column][\/vc_row][vc_row css=&#8221;.vc_custom_1695780803351{margin-top: 12px !important;}&#8221;][vc_column width=&#8221;1\/6&#8243;][\/vc_column][vc_column width=&#8221;2\/3&#8243;][vc_column_text css=&#8221;.vc_custom_1695780832147{margin-top: 12px !important;}&#8221;]<\/p>\n<h3>\u00a1Descubre nuestras incre\u00edbles botas militares en OZAPATO COSTA RICA! \ud83e\udd7e\ud83d\udd25<\/h3>\n<p>En OZAPATO COSTA RICA, ofrecemos una amplia selecci\u00f3n de botas militares de alta calidad para satisfacer las necesidades de los profesionales de las fuerzas armadas y los entusiastas de las actividades al aire libre. Nuestros modelos m\u00e1s populares incluyen COP 01, COP 02, Coyolt 01 y Coyolt 02. Estas botas son dise\u00f1adas pensando en la durabilidad, el rendimiento y la comodidad, para brindar el mejor soporte en cualquier misi\u00f3n o aventura. \ud83d\udcaa\ud83c\udf32<\/p>\n<p>Comencemos con el modelo COP 01. Estas botas t\u00e1cticas son ideales para los polic\u00edas y agentes de seguridad. Confeccionadas con materiales de alta resistencia, cuentan con una suela antideslizante y una construcci\u00f3n robusta para ofrecer una protecci\u00f3n confiable en entornos exigentes. Adem\u00e1s, su dise\u00f1o moderno y elegante las convierte en una opci\u00f3n vers\u00e1til tanto para el trabajo como para el uso diario. \ud83d\udc6e\u200d\u2642\ufe0f\ud83d\udcbc<\/p>\n<p>Si est\u00e1s buscando botas con puntera de acero, te encantar\u00e1 el modelo COP 02. Estas botas est\u00e1n dise\u00f1adas especialmente para aquellos que necesitan una protecci\u00f3n adicional en el \u00e1rea de los pies. Con su puntera de acero certificada y una suela resistente a los golpes, estas botas brindan una seguridad excepcional. Tambi\u00e9n ofrecen una suela antideslizante y resistente a aceites, para garantizar una tracci\u00f3n \u00f3ptima en diversas superficies. \ud83d\udc6e\u200d\u2640\ufe0f\ud83d\udee0\ufe0f<\/p>\n<p>Para aquellos que buscan un estilo m\u00e1s moderno y vers\u00e1til, las botas Coyolt 01 son la elecci\u00f3n perfecta. Estas botas t\u00e1cticas en color beige son impermeables y cuentan con una cremallera YKK para un f\u00e1cil ajuste. Ya sea en la ciudad o en la jungla tropical, estas botas te acompa\u00f1ar\u00e1n en cada paso de tu aventura. Su dise\u00f1o ergon\u00f3mico y su construcci\u00f3n de alta calidad garantizan una comodidad duradera, incluso en las condiciones m\u00e1s exigentes. \ud83c\udfde\ufe0f\ud83c\udf34<\/p>\n<p>Por \u00faltimo, pero no menos importante, tenemos las botas Coyolt 02. Estas botas t\u00e1cticas ofrecen una combinaci\u00f3n perfecta de estilo y funcionalidad. Con su dise\u00f1o moderno y su construcci\u00f3n resistente, son ideales para diversas actividades al aire libre. Su suela antideslizante y resistente a aceites proporciona una excelente tracci\u00f3n, mientras que su puntera de acero brinda protecci\u00f3n adicional en ambientes peligrosos. Estas botas son perfectas para los amantes de la aventura que buscan un calzado resistente y confiable. \ud83c\udf32\ud83d\udd25<\/p>\n<p>En OZAPATO COSTA RICA, nos enorgullece ofrecer productos de alta calidad que cumplen con los est\u00e1ndares m\u00e1s exigentes. Nuestras botas militares est\u00e1n dise\u00f1adas para brindar comodidad, protecci\u00f3n y rendimiento en cada paso. Explora nuestra amplia gama de modelos COP 01, COP 02, Coyolt 01 y Coyolt 02, y elige la bota que se adapte a tus necesidades y estilo. \u00a1Conf\u00eda en OZAPATO COSTA RICA para tus botas militares y prep\u00e1rate para enfrentar cualquier desaf\u00edo con confianza y estilo! \ud83d\udcaa\ud83e\udd7e[\/vc_column_text][vc_gmaps link=&#8221;#E-8_JTNDaWZyYW1lJTIwc3JjJTNEJTIyaHR0cHMlM0ElMkYlMkZ3d3cuZ29vZ2xlLmNvbSUyRm1hcHMlMkZlbWJlZCUzRnBiJTNEJTIxMW0xOCUyMTFtMTIlMjExbTMlMjExZDM5MzAuMDE0MzU3MjM4MTg5NCUyMTJkLTg0LjE1MjY5NTI4NDYwODglMjEzZDkuOTMyNzYxODkyODk3MjQ1JTIxMm0zJTIxMWYwJTIxMmYwJTIxM2YwJTIxM20yJTIxMWkxMDI0JTIxMmk3NjglMjE0ZjEzLjElMjEzbTMlMjExbTIlMjExczB4OGZhMGZkYWJjNmI5NTUzNSUyNTNBMHgyZTRjYjRiNjcxMzBiZWE4JTIxMnNPWkFQQVRPJTI1MjBDT1NUQSUyNTIwUklDQSUyMTVlMCUyMTNtMiUyMTFzZW4lMjEyc214JTIxNHYxNjE4OTUyOTgxNjg2JTIxNW0yJTIxMXNlbiUyMTJzbXglMjIlMjB3aWR0aCUzRCUyMjYwMCUyMiUyMGhlaWdodCUzRCUyMjQ1MCUyMiUyMHN0eWxlJTNEJTIyYm9yZGVyJTNBMCUzQiUyMiUyMGFsbG93ZnVsbHNjcmVlbiUzRCUyMiUyMiUyMGxvYWRpbmclM0QlMjJsYXp5JTIyJTNFJTNDJTJGaWZyYW1lJTNF&#8221;][\/vc_column][vc_column width=&#8221;1\/6&#8243;][\/vc_column][\/vc_row][vc_row][vc_column][vc_empty_space height=&#8221;32x&#8221;][\/vc_column][\/vc_row]<\/p>\n","protected":false},"excerpt":{"rendered":"<p>[vc_row full_width=&#8221;stretch_row&#8221; content_placement=&#8221;bottom&#8221; css=&#8221;.vc_custom_1573744862706{background: #000000 url(https:\/\/ozapato.com\/pa\/wp-content\/uploads\/sites\/2\/2016\/02\/Botas-t\u00e1cticas-seguridad.jpg?id=1238) !important;}&#8221;][vc_column width=&#8221;1\/6&#8243;][\/vc_column][vc_column width=&#8221;2\/3&#8243;][vc_column_text] BOTAS\u00a0MILITARES [\/vc_column_text][\/vc_column][vc_column width=&#8221;1\/6&#8243;][\/vc_column][\/vc_row][vc_row][vc_column width=&#8221;1\/4&#8243;][\/vc_column][vc_column width=&#8221;1\/2&#8243;][\/vc_column][vc_column width=&#8221;1\/4&#8243;][\/vc_column][\/vc_row][vc_row][vc_column width=&#8221;1\/6&#8243;][\/vc_column][vc_column width=&#8221;2\/3&#8243;][\/vc_column][vc_column width=&#8221;1\/6&#8243;][\/vc_column][\/vc_row][vc_row][vc_column width=&#8221;1\/6&#8243;][\/vc_column][vc_column width=&#8221;2\/3&#8243;][\/vc_column][vc_column width=&#8221;1\/6&#8243;][\/vc_column][\/vc_row][vc_row css=&#8221;.vc_custom_1695780803351{margin-top: 12px !important;}&#8221;][vc_column width=&#8221;1\/6&#8243;][\/vc_column][vc_column width=&#8221;2\/3&#8243;][vc_column_text css=&#8221;.vc_custom_1695780832147{margin-top: 12px !important;}&#8221;] \u00a1Descubre nuestras incre\u00edbles botas militares en OZAPATO COSTA RICA! \ud83e\udd7e\ud83d\udd25 En OZAPATO COSTA RICA, ofrecemos una amplia selecci\u00f3n de botas militares de alta calidad para satisfacer [&hellip;]<\/p>\n","protected":false},"author":1,"featured_media":0,"parent":0,"menu_order":0,"comment_status":"closed","ping_status":"closed","template":"page-full-width.php","meta":{"jetpack_post_was_ever_published":false,"footnotes":""},"class_list":["post-3615","page","type-page","status-publish","hentry"],"jetpack_sharing_enabled":true,"jetpack_shortlink":"https:\/\/wp.me\/PakbpD-Wj","_links":{"self":[{"href":"https:\/\/ozapato.com\/cr\/wp-json\/wp\/v2\/pages\/3615","targetHints":{"allow":["GET"]}}],"collection":[{"href":"https:\/\/ozapato.com\/cr\/wp-json\/wp\/v2\/pages"}],"about":[{"href":"https:\/\/ozapato.com\/cr\/wp-json\/wp\/v2\/types\/page"}],"author":[{"embeddable":true,"href":"https:\/\/ozapato.com\/cr\/wp-json\/wp\/v2\/users\/1"}],"replies":[{"embeddable":true,"href":"https:\/\/ozapato.com\/cr\/wp-json\/wp\/v2\/comments?post=3615"}],"version-history":[{"count":15,"href":"https:\/\/ozapato.com\/cr\/wp-json\/wp\/v2\/pages\/3615\/revisions"}],"predecessor-version":[{"id":12193,"href":"https:\/\/ozapato.com\/cr\/wp-json\/wp\/v2\/pages\/3615\/revisions\/12193"}],"wp:attachment":[{"href":"https:\/\/ozapato.com\/cr\/wp-json\/wp\/v2\/media?parent=3615"}],"curies":[{"name":"wp","href":"https:\/\/api.w.org\/{rel}","templated":true}]}}