{"id":4102,"date":"2016-10-10T15:55:48","date_gmt":"2016-10-10T15:55:48","guid":{"rendered":"https:\/\/ozapato.com\/pa\/?page_id=4102"},"modified":"2017-03-15T19:05:17","modified_gmt":"2017-03-15T14:05:17","slug":"servicio-de-personalizacion-de-botas-para-su-empresa","status":"publish","type":"page","link":"https:\/\/ozapato.com\/cr\/servicio-de-personalizacion-de-botas-para-su-empresa\/","title":{"rendered":"Servicio de personalizaci\u00f3n de botas para su empresa"},"content":{"rendered":"<p>[vc_row full_width=&#8221;stretch_row_content&#8221; equal_height=&#8221;yes&#8221; content_placement=&#8221;middle&#8221; css=&#8221;.vc_custom_1476113677536{background-image: url(https:\/\/ozapato.com\/pa\/wp-content\/uploads\/sites\/2\/2015\/09\/DSC_4108_01.jpg?id=4101) !important;background-position: center !important;background-repeat: no-repeat !important;background-size: cover !important;}&#8221;][vc_column][vc_column_text]<\/p>\n<h1 style=\"text-align: center\"><span style=\"color: #ffffff\">Servicio de personalizaci\u00f3n de botas para su empresa<\/span><\/h1>\n<p>[\/vc_column_text][\/vc_column][\/vc_row][vc_row][vc_column width=&#8221;1\/6&#8243;][\/vc_column][vc_column width=&#8221;2\/3&#8243;][vc_column_text]Como f\u00e1brica ofrecemos un servicio de personalizaci\u00f3n de calzado. Nos adaptamos a las necesidades de su empresa. Queremos cumplir al 110% con su espectativas, ajust\u00e1ndonos a sus necesidades de presupuesto y durabilidad. Todos nuestros productos est\u00e1n garantizados de 4 a 6 meses.<\/p>\n<p>Cont\u00e1ctenos al 232-6749 o ventas@ozapato.com para recibir una visita y asesoria t\u00e9cnica.[\/vc_column_text][vc_masonry_media_grid element_width=&#8221;3&#8243; grid_id=&#8221;vc_gid:1489586690394-91a5e1ed-6ce0-0&#8243; include=&#8221;4116,4117,4118,4112&#8243;][\/vc_column][vc_column width=&#8221;1\/6&#8243;][\/vc_column][\/vc_row][vc_row][vc_column width=&#8221;1\/6&#8243;][\/vc_column][vc_column width=&#8221;2\/3&#8243;][vc_toggle title=&#8221;\u00bfC\u00f3mo funciona?&#8221; el_id=&#8221;1476113875891-583ec659-ced6&#8243;]Nos reunimos con su empresa directamente en sus oficinas o en las de OZAPATO y definimos sus necesidades. Cont\u00e1ctenos al 232-6749 o a ventas@ozapato.com para organizar\u00a0una reuni\u00f3n.[\/vc_toggle][vc_toggle title=&#8221;\u00bfQu\u00e9 puedo personalizar?&#8221; el_id=&#8221;1476114012670-b31ad33a-c70e&#8221;]Para m\u00e1s informaci\u00f3n t\u00e9cnica puede entrar en <a href=\"https:\/\/ozapato.com\/pa\/componentes-de-botas-de-seguridad\/\" target=\"_blank\">esta p\u00e1gina.<\/a><\/p>\n<p>Puede personalizar los siguientes elementos:<\/p>\n<p><strong>1\/ Suelas<\/strong><\/p>\n<ul>\n<li>Dise\u00f1o de suela<\/li>\n<li>Materiales de la suela: Hule o PU<\/li>\n<li>Ergonom\u00eda<\/li>\n<\/ul>\n<p><b>2\/ Construcci\u00f3n<\/b><strong>\u00a0del calzado<\/strong><\/p>\n<ul>\n<li>Cosido en lockstich<\/li>\n<li>Pegado<\/li>\n<li>GoodYear Welt<\/li>\n<\/ul>\n<p><strong>3\/ Tipo de corte<\/strong><\/p>\n<ul>\n<li>Ofrecemos una gran cantidad de cortes. Usted podr\u00e1 elegrir entre m\u00e1s de 10 tipos de corte distintos<\/li>\n<\/ul>\n<p><strong>4\/ Tipos de cuero \/ colores<\/strong><\/p>\n<ul>\n<li>Tipo de cuero: vacuno, b\u00fafalo o porcino<\/li>\n<li>Colores: tenemos m\u00e1s de 20 colores disponibles<\/li>\n<\/ul>\n<p><strong>5\/ Nivel de seguridad<\/strong><\/p>\n<ul>\n<li>\u00bfCon o sin plantilla antiperforaci\u00f3n?<\/li>\n<li>\u00bfPuntera de c\u00f3mposit o de acero?<\/li>\n<\/ul>\n<p>[\/vc_toggle][vc_toggle title=&#8221;\u00bfPuedo agregar mi logo?&#8221; el_id=&#8221;1476114752156-64bcdaec-f13c&#8221;]Es posible agregar su logo junto con el logo de OZAPATO. En este caso se marca directamente en la piel.<\/p>\n<p><img loading=\"lazy\" decoding=\"async\" class=\"wp-image-4112 size-medium aligncenter\" src=\"https:\/\/ozapato.com\/pa\/wp-content\/uploads\/sites\/2\/2016\/10\/IMG_8680-300x231.jpg\" alt=\"logo\" width=\"300\" height=\"231\" \/>[\/vc_toggle][vc_toggle title=&#8221;\u00bfCu\u00e1l es el pedido m\u00ednimo?&#8221; el_id=&#8221;1476114541646-31cd0d69-3473&#8243;]Para este tipo de servicio pedimos un pedido m\u00ednimo de 200 botas. Esta oferta es exclusiva para empresas en Panam\u00e1.[\/vc_toggle][vc_toggle title=&#8221;\u00bfTiene de todas las tallas?&#8221; el_id=&#8221;1476114607669-85f70619-55d9&#8243;]Podemos fabricar botas de la talla 3 a la 14, tanto para mujeres como para hombres.[\/vc_toggle][vc_toggle title=&#8221;\u00bfCu\u00e1nto me cuesta?&#8221; el_id=&#8221;1476114648936-0ab068b1-d8b8&#8243;]Nos adaptamos a su presupuesto pero siempre cuidando la calidad. Se pueden manejar precios desde $23 hasta $100. Todo depende de lo que busque su empresa.[\/vc_toggle][vc_toggle title=&#8221;\u00bfQu\u00e9 garant\u00eda tengo?&#8221; el_id=&#8221;1476114701136-8107211b-27d2&#8243;]Dependiendo del modelo, ofrecemos una garant\u00eda de 4 a 6 meses.[\/vc_toggle][\/vc_column][vc_column width=&#8221;1\/6&#8243;][\/vc_column][\/vc_row][vc_row][vc_column][\/vc_column][\/vc_row]<\/p>\n","protected":false},"excerpt":{"rendered":"<p>[vc_row full_width=&#8221;stretch_row_content&#8221; equal_height=&#8221;yes&#8221; content_placement=&#8221;middle&#8221; css=&#8221;.vc_custom_1476113677536{background-image: url(https:\/\/ozapato.com\/pa\/wp-content\/uploads\/sites\/2\/2015\/09\/DSC_4108_01.jpg?id=4101) !important;background-position: center !important;background-repeat: no-repeat !important;background-size: cover !important;}&#8221;][vc_column][vc_column_text] Servicio de personalizaci\u00f3n de botas para su empresa [\/vc_column_text][\/vc_column][\/vc_row][vc_row][vc_column width=&#8221;1\/6&#8243;][\/vc_column][vc_column width=&#8221;2\/3&#8243;][vc_column_text]Como f\u00e1brica ofrecemos un servicio de personalizaci\u00f3n de calzado. Nos adaptamos a las necesidades de su empresa. Queremos cumplir al 110% con su espectativas, ajust\u00e1ndonos a sus necesidades de presupuesto y durabilidad. [&hellip;]<\/p>\n","protected":false},"author":1,"featured_media":0,"parent":0,"menu_order":0,"comment_status":"closed","ping_status":"closed","template":"page-full-width.php","meta":{"jetpack_post_was_ever_published":false,"footnotes":""},"class_list":["post-4102","page","type-page","status-publish","hentry"],"jetpack_sharing_enabled":true,"jetpack_shortlink":"https:\/\/wp.me\/PakbpD-14a","_links":{"self":[{"href":"https:\/\/ozapato.com\/cr\/wp-json\/wp\/v2\/pages\/4102","targetHints":{"allow":["GET"]}}],"collection":[{"href":"https:\/\/ozapato.com\/cr\/wp-json\/wp\/v2\/pages"}],"about":[{"href":"https:\/\/ozapato.com\/cr\/wp-json\/wp\/v2\/types\/page"}],"author":[{"embeddable":true,"href":"https:\/\/ozapato.com\/cr\/wp-json\/wp\/v2\/users\/1"}],"replies":[{"embeddable":true,"href":"https:\/\/ozapato.com\/cr\/wp-json\/wp\/v2\/comments?post=4102"}],"version-history":[{"count":1,"href":"https:\/\/ozapato.com\/cr\/wp-json\/wp\/v2\/pages\/4102\/revisions"}],"predecessor-version":[{"id":6122,"href":"https:\/\/ozapato.com\/cr\/wp-json\/wp\/v2\/pages\/4102\/revisions\/6122"}],"wp:attachment":[{"href":"https:\/\/ozapato.com\/cr\/wp-json\/wp\/v2\/media?parent=4102"}],"curies":[{"name":"wp","href":"https:\/\/api.w.org\/{rel}","templated":true}]}}