{"id":4509,"date":"2017-01-26T22:03:45","date_gmt":"2017-01-26T22:03:45","guid":{"rendered":"https:\/\/ozapato.com\/pa\/?page_id=4509"},"modified":"2017-01-26T22:03:45","modified_gmt":"2017-01-26T22:03:45","slug":"zapatos-para-hospitales","status":"publish","type":"page","link":"https:\/\/ozapato.com\/cr\/zapatos-para-hospitales\/","title":{"rendered":"Zapatos de seguridad para hospitales"},"content":{"rendered":"<p>[vc_row full_width=&#8221;stretch_row&#8221; css=&#8221;.vc_custom_1485533300896{background: #000000 url(https:\/\/ozapato.com\/pa\/wp-content\/uploads\/sites\/2\/2017\/01\/Panor\u00e1mica_del_Palacio_en_Blanco_y_Negro.jpg?id=4538) !important;background-position: center !important;background-repeat: no-repeat !important;background-size: cover !important;}&#8221;][vc_column width=&#8221;1\/6&#8243;][\/vc_column][vc_column width=&#8221;2\/3&#8243;][vc_column_text]<\/p>\n<h2 style=\"text-align: center\"><span style=\"color: #ffffff\">ZAPATOS PARA HOSPITALES CON SUELA ANTIDESLIZANTE<br \/>\n<\/span><\/h2>\n<p>[\/vc_column_text][\/vc_column][vc_column width=&#8221;1\/6&#8243;][\/vc_column][vc_column][\/vc_column][\/vc_row][vc_row][vc_column width=&#8221;1\/6&#8243;][\/vc_column][vc_column width=&#8221;2\/3&#8243;]<div class=\"woocommerce columns-4 \"><ul class=\"products columns-4\">\n<li class=\"product type-product post-12484 status-publish first instock product_cat-zapatos-para-hospitales product_cat-zapato-para-chef product_cat-zapatos-para-restaurantes has-post-thumbnail shipping-taxable purchasable product-type-variable has-default-attributes\">\r\n\r\n\t\r\n    <div class=\"product_thumbnail_wrapper \">\r\n\r\n\t\t<a href=\"https:\/\/ozapato.com\/cr\/product\/calzado-chef-costa-rica-chef01\/\" class=\"woocommerce-LoopProduct-link woocommerce-loop-product__link\">\r\n\r\n\t        <div class=\"product_thumbnail with_second_image\">\r\n\t            <img loading=\"lazy\" decoding=\"async\" width=\"350\" height=\"350\" src=\"https:\/\/ozapato.com\/cr\/wp-content\/uploads\/sites\/6\/2025\/05\/Chef-01-350x350.png\" class=\"attachment-woocommerce_thumbnail size-woocommerce_thumbnail\" alt=\"Chef 01 calzado para cocina chef restaurante en Costa Rica OZAPATO\" srcset=\"https:\/\/ozapato.com\/cr\/wp-content\/uploads\/sites\/6\/2025\/05\/Chef-01-350x350.png 350w, https:\/\/ozapato.com\/cr\/wp-content\/uploads\/sites\/6\/2025\/05\/Chef-01-300x300.png 300w, https:\/\/ozapato.com\/cr\/wp-content\/uploads\/sites\/6\/2025\/05\/Chef-01-150x150.png 150w, https:\/\/ozapato.com\/cr\/wp-content\/uploads\/sites\/6\/2025\/05\/Chef-01-768x768.png 768w, https:\/\/ozapato.com\/cr\/wp-content\/uploads\/sites\/6\/2025\/05\/Chef-01-570x570.png 570w, https:\/\/ozapato.com\/cr\/wp-content\/uploads\/sites\/6\/2025\/05\/Chef-01-100x100.png 100w, https:\/\/ozapato.com\/cr\/wp-content\/uploads\/sites\/6\/2025\/05\/Chef-01.png 1024w\" sizes=\"auto, (max-width: 350px) 100vw, 350px\" \/>\t            \t            \t<span class=\"product_thumbnail_background\" style=\"background-image:url(https:\/\/ozapato.com\/cr\/wp-content\/uploads\/sites\/6\/2025\/05\/20250402_1509_Chef-Shoes-Photoshoot_remix_01jqw1zmz4egfskk8wszf40nq2_01-350x525.jpg)\"><\/span>\r\n\t        \t\t        <\/div><!--.product_thumbnail-->\r\n\t\t<\/a>\r\n\r\n\t\t\t\t\t\t\t\r\n\t\t\r\n\t\t\r\n\t\t\r\n    <\/div><!--.product_thumbnail_wrapper-->\r\n\r\n    \r\n\t<h2 class=\"woocommerce-loop-product__title\">\r\n\t\t<a href=\"https:\/\/ozapato.com\/cr\/product\/calzado-chef-costa-rica-chef01\/\">CHEF 01<\/a>\r\n\t<\/h2>\r\n\r\n\t\r\n        <div class=\"product_after_shop_loop\">\r\n        <div class=\"product_after_shop_loop_switcher\">\r\n    \r\n            \n\t<span class=\"price\"><span class=\"woocommerce-Price-amount amount\"><bdi><span class=\"woocommerce-Price-currencySymbol\">&#x20a1;<\/span>19,000.00<\/bdi><\/span><\/span>\n<a href=\"https:\/\/ozapato.com\/cr\/product\/calzado-chef-costa-rica-chef01\/\" aria-describedby=\"woocommerce_loop_add_to_cart_link_describedby_12484\" data-quantity=\"1\" class=\"button product_type_variable add_to_cart_button\" data-product_id=\"12484\" data-product_sku=\"CHEF01\" aria-label=\"Select options for &ldquo;CHEF 01&rdquo;\" rel=\"nofollow\">Select options<\/a>\t<span id=\"woocommerce_loop_add_to_cart_link_describedby_12484\" class=\"screen-reader-text\">\n\t\tThis product has multiple variants. The options may be chosen on the product page\t<\/span>\n\r\n            <\/div>\r\n    <\/div>\r\n    \r\n\t\r\n<\/li>\r\n<\/ul>\n<\/div>[\/vc_column][vc_column width=&#8221;1\/6&#8243;][\/vc_column][\/vc_row][vc_row][vc_column][vc_single_image image=&#8221;4517&#8243; img_size=&#8221;large&#8221; alignment=&#8221;center&#8221; css=&#8221;.vc_custom_1485552950606{margin-top: -78px !important;}&#8221;][\/vc_column][\/vc_row][vc_row][vc_column width=&#8221;1\/6&#8243;][\/vc_column][vc_column width=&#8221;2\/3&#8243;][vc_column_text]<\/p>\n<p style=\"text-align: center\"><strong>Descubra nuestros zapatos para hospitales con suela antideslizante<\/strong><\/p>\n<p>Descubr\u00e1 nuestros zapatos para hospitales dise\u00f1ados especialmente para los hospitales de Rep\u00fablica Dominicana. Todos nuestros modelos de zapatos para hospitales est\u00e1n dise\u00f1ados para soportar el clima de Rep\u00fablica Dominicana.<\/p>\n<p>Los criterios m\u00e1s importantes para realizar estos zapatos para hospitales son tanto la resistencia de los materiales utilizados para su fabricaci\u00f3n como su comodidad y la ligereza del zapato.<\/p>\n<p>Otra caracter\u00edstica importante a destacar es su suela antideslizante que aportar\u00e1 una mayor adherencia al pavimento, evitando as\u00ed posibles accidentes.<\/p>\n<p>Es por eso que nuestro zapato para hospitales est\u00e1 fabricado con cuero de calidad. El uso del cuero nos permite ofrecer un zapato resistente y liviano.<\/p>\n<p>Adem\u00e1s a nuestro calzado le hemos a\u00f1adido una plantilla transpirable que le permitir\u00e1 un mayor confort y transpiraci\u00f3n para que su jornada laboral sea m\u00e1s llevadera. Adem\u00e1s, nuestros zapatos para hospitales vienen con una garant\u00eda de 6 meses.<\/p>\n<p>Con los zapatos Comfort tenemos soluciones para todas sus necesidades. !Elija ahora los zapatos que necesita para trabajar con seguridad![\/vc_column_text][\/vc_column][vc_column width=&#8221;1\/6&#8243;][\/vc_column][\/vc_row][vc_row][vc_column width=&#8221;1\/6&#8243;][\/vc_column][vc_column width=&#8221;2\/3&#8243; css=&#8221;.vc_custom_1456174598177{background-color: #dd3333 !important;}&#8221;][vc_column_text]<\/p>\n<div class=\"wpb_text_column wpb_content_element \">\n<h1 class=\"wpb_wrapper\" style=\"text-align: center\"><span style=\"color: #ffffff\"><strong>\u00bfQU\u00c9 HACEMOS?<\/strong> <\/span><\/h1>\n<\/div>\n<div class=\"wpb_text_column wpb_content_element \">\n<div class=\"wpb_wrapper\">\n<div class=\"wpb_text_column wpb_content_element \">\n<div class=\"wpb_wrapper\">\n<p style=\"text-align: justify\"><span style=\"color: #ffffff\">OZAPATO es una marca de calzado ubicada en Pachuca, M\u00e9xico. Fabricamos zapatos de seguridad para hospitales y contamos con presencia en Rep\u00fablica Dominicana, M\u00e9xico, Panam\u00e1 y Estados Unidos. Hemos aprendido a lo largo de los a\u00f1os como fabricar zapatos de seguridad para hospitales con suela antideslizante con calidad y de manera responsable. En Rep\u00fablica Dominicana, nuestra l\u00ednea industrial cuenta con zapatos antideslizantes para hospitales \u00a1Elija de nuestro cat\u00e1logo los zapatos que necesita para trabajar con seguridad!<\/span><\/p>\n<\/div>\n<\/div>\n<\/div>\n<\/div>\n<p>[\/vc_column_text][\/vc_column][vc_column width=&#8221;1\/6&#8243;][\/vc_column][\/vc_row][vc_row][vc_column width=&#8221;1\/6&#8243;][\/vc_column][vc_column width=&#8221;2\/3&#8243; css=&#8221;.vc_custom_1456174610082{background-color: #dd3333 !important;}&#8221;][vc_column_text]<\/p>\n<h1 style=\"text-align: center\"><span style=\"color: #ffffff\">\u00bfCOMO LO HACEMOS?<\/span><\/h1>\n<p><span style=\"color: #ffffff\">Todos nuestros zapatos\u00a0de seguridad para hospitales con suela antideslizante son fabricados con materiales de alta calidad. Tenga la confianza que sus pies estar\u00e1n protegidos en cada momento. Estamos tan seguros de la calidad de nuestros modelos de zapatos\u00a0 de seguridad para la industria hostelera que ofrecemos una garant\u00eda de 6 meses para los zapatos de seguridad. Adem\u00e1s ofrecemos un servicio de entrega en 24 horas.<\/span><\/p>\n<p><span style=\"color: #ffffff\">Todos los productos de OZAPATO est\u00e1n confeccionados en nuestra f\u00e1brica de Pachuca (Hidalgo, M\u00e9xico). Nuestro modelo de negocio, conecta directamente la f\u00e1brica con el cliente final, evitando intermediarios; no trabajamos con distribuidores o revendedores. Esto permite ofrecer zapatos de seguridad para hospitales a un precio m\u00e1s accesible.<\/span>[\/vc_column_text][\/vc_column][vc_column width=&#8221;1\/6&#8243;][\/vc_column][\/vc_row][vc_row][vc_column width=&#8221;1\/6&#8243;][\/vc_column][vc_column width=&#8221;2\/3&#8243; css=&#8221;.vc_custom_1456174626082{background-color: #dd3333 !important;}&#8221;][vc_column_text]<\/p>\n<h1 style=\"text-align: center\"><span style=\"color: #ffffff\">\u00bfPOR QU\u00c9 LO HACEMOS?<\/span><\/h1>\n<p><span style=\"color: #ffffff\">OZAPATO naci\u00f3 con la idea de servir a la comunidad local. La producci\u00f3n de nuestros zapatos de seguridad con suela antideslizante para hospitales es un proceso transparente que sustenta el balance socio econ\u00f3mico de la comunidad a la que pertenece.<\/span><\/p>\n<p><span style=\"color: #ffffff\">El valor m\u00e1s importante de OZAPATO es la entrega directa hasta el cliente. Evitamos todos los intermediarios que no a\u00f1aden valor a nuestros consumidores. Cada etapa de la fabricaci\u00f3n de zapatos de seguridad para hospitales debe beneficiar a la gente que fabrica el calzado.<\/span><\/p>\n<p><span style=\"color: #ffffff\">A nuestro equipo le apasiona desarrollar zapatos de seguridad en un ambiente social y econ\u00f3mico justo. Queremos que nuestros clientes conf\u00eden en que no s\u00f3lo compran zapatos bien hechos y de buena calidad, sino que tambi\u00e9n cada persona incluida en la cadena de suministro reciba un trato justo en el momento de realizar su trabajo.<\/span>[\/vc_column_text][\/vc_column][vc_column width=&#8221;1\/6&#8243;][\/vc_column][\/vc_row][vc_row][vc_column width=&#8221;1\/6&#8243;][\/vc_column][vc_column width=&#8221;2\/3&#8243;][vc_column_text]<\/p>\n<h4 style=\"text-align: center\">Le podr\u00e1 interesar estos otros modelos de botas de seguridad<\/h4>\n<p>[\/vc_column_text][\/vc_column][vc_column width=&#8221;1\/6&#8243;][\/vc_column][\/vc_row][vc_row][vc_column width=&#8221;1\/6&#8243;][\/vc_column][vc_column width=&#8221;2\/3&#8243;]<div class=\"woocommerce columns-4 \"><\/div>[\/vc_column][vc_column width=&#8221;1\/6&#8243;][\/vc_column][\/vc_row][vc_row][vc_column width=&#8221;1\/6&#8243;][\/vc_column][vc_column width=&#8221;2\/3&#8243;][vc_column_text]Nos puede visitar, ll\u00e1mar al\u00a0809 540 8888, escribir al whatsapp\u00a0+1 (849) 314 8888 o simplemente enviar un correo a\u00a0<a href=\"mailto:info@rfglobalsecurity.com\" target=\"_blank\">info@rfglobalsecurity.com<\/a> para conocer nuestra oferta de botas para soldador para Rep\u00fablica Dominicana y recibir una cotizaci\u00f3n gratuita. Tenemos soluciones para todas las industrias.[\/vc_column_text][\/vc_column][vc_column width=&#8221;1\/6&#8243;][\/vc_column][\/vc_row][vc_row][vc_column][vc_gmaps link=&#8221;#E-8_JTNDaWZyYW1lJTIwc3JjJTNEJTIyaHR0cHMlM0ElMkYlMkZ3d3cuZ29vZ2xlLmNvbSUyRm1hcHMlMkZlbWJlZCUzRnBiJTNEJTIxMW0xOCUyMTFtMTIlMjExbTMlMjExZDM3ODMuMDU1NjE4Njg1MDc5NSUyMTJkLTY5LjgxNzk4MjM4NTEwNzExJTIxM2QxOC41MjYzODg1ODc0MDU1OSUyMTJtMyUyMTFmMCUyMTJmMCUyMTNmMCUyMTNtMiUyMTFpMTAyNCUyMTJpNzY4JTIxNGYxMy4xJTIxM20zJTIxMW0yJTIxMXMweDhlYWY4NjY0NjQ2ZTgyNjMlMjUzQTB4NmZlNjkyMWNiZjY1MWY0MyUyMTJzQXYlMkJMYSUyQlBpc3RhJTI1MkMlMkJTYW50byUyQkRvbWluZ28lMkJFc3RlJTI1MkMlMkJEb21pbmljYW4lMkJSZXB1YmxpYyUyMTVlMCUyMTNtMiUyMTFzZW4lMjEyc3BhJTIxNHYxNDg2NDk1MTYyMzgwJTIyJTIwd2lkdGglM0QlMjI2MDAlMjIlMjBoZWlnaHQlM0QlMjI0NTAlMjIlMjBmcmFtZWJvcmRlciUzRCUyMjAlMjIlMjBzdHlsZSUzRCUyMmJvcmRlciUzQTAlMjIlMjBhbGxvd2Z1bGxzY3JlZW4lM0UlM0MlMkZpZnJhbWUlM0U=&#8221;][\/vc_column][\/vc_row]<\/p>\n","protected":false},"excerpt":{"rendered":"<p>[vc_row full_width=&#8221;stretch_row&#8221; css=&#8221;.vc_custom_1485533300896{background: #000000 url(https:\/\/ozapato.com\/pa\/wp-content\/uploads\/sites\/2\/2017\/01\/Panor\u00e1mica_del_Palacio_en_Blanco_y_Negro.jpg?id=4538) !important;background-position: center !important;background-repeat: no-repeat !important;background-size: cover !important;}&#8221;][vc_column width=&#8221;1\/6&#8243;][\/vc_column][vc_column width=&#8221;2\/3&#8243;][vc_column_text] ZAPATOS PARA HOSPITALES CON SUELA ANTIDESLIZANTE [\/vc_column_text][\/vc_column][vc_column width=&#8221;1\/6&#8243;][\/vc_column][vc_column][\/vc_column][\/vc_row][vc_row][vc_column width=&#8221;1\/6&#8243;][\/vc_column][vc_column width=&#8221;2\/3&#8243;][\/vc_column][vc_column width=&#8221;1\/6&#8243;][\/vc_column][\/vc_row][vc_row][vc_column][vc_single_image image=&#8221;4517&#8243; img_size=&#8221;large&#8221; alignment=&#8221;center&#8221; css=&#8221;.vc_custom_1485552950606{margin-top: -78px !important;}&#8221;][\/vc_column][\/vc_row][vc_row][vc_column width=&#8221;1\/6&#8243;][\/vc_column][vc_column width=&#8221;2\/3&#8243;][vc_column_text] Descubra nuestros zapatos para hospitales con suela antideslizante Descubr\u00e1 nuestros zapatos para hospitales dise\u00f1ados especialmente para los hospitales de Rep\u00fablica Dominicana. Todos [&hellip;]<\/p>\n","protected":false},"author":1,"featured_media":0,"parent":0,"menu_order":0,"comment_status":"closed","ping_status":"closed","template":"page-full-width.php","meta":{"jetpack_post_was_ever_published":false,"footnotes":""},"class_list":["post-4509","page","type-page","status-publish","hentry"],"jetpack_sharing_enabled":true,"jetpack_shortlink":"https:\/\/wp.me\/PakbpD-1aJ","_links":{"self":[{"href":"https:\/\/ozapato.com\/cr\/wp-json\/wp\/v2\/pages\/4509","targetHints":{"allow":["GET"]}}],"collection":[{"href":"https:\/\/ozapato.com\/cr\/wp-json\/wp\/v2\/pages"}],"about":[{"href":"https:\/\/ozapato.com\/cr\/wp-json\/wp\/v2\/types\/page"}],"author":[{"embeddable":true,"href":"https:\/\/ozapato.com\/cr\/wp-json\/wp\/v2\/users\/1"}],"replies":[{"embeddable":true,"href":"https:\/\/ozapato.com\/cr\/wp-json\/wp\/v2\/comments?post=4509"}],"version-history":[{"count":0,"href":"https:\/\/ozapato.com\/cr\/wp-json\/wp\/v2\/pages\/4509\/revisions"}],"wp:attachment":[{"href":"https:\/\/ozapato.com\/cr\/wp-json\/wp\/v2\/media?parent=4509"}],"curies":[{"name":"wp","href":"https:\/\/api.w.org\/{rel}","templated":true}]}}