{"id":4535,"date":"2017-01-27T16:01:24","date_gmt":"2017-01-27T16:01:24","guid":{"rendered":"https:\/\/ozapato.com\/pa\/?page_id=4535"},"modified":"2025-05-15T23:32:56","modified_gmt":"2025-05-15T18:32:56","slug":"zapatos-para-chefs","status":"publish","type":"page","link":"https:\/\/ozapato.com\/cr\/zapatos-para-chefs\/","title":{"rendered":"Zapatos de seguridad para Chef"},"content":{"rendered":"<p>[vc_row full_width=&#8221;stretch_row&#8221; css=&#8221;.vc_custom_1485549983163{margin-top: -78px !important;background: #000000 url(https:\/\/ozapato.com\/pa\/wp-content\/uploads\/sites\/2\/2017\/01\/black-and-white-1284072_1280.jpg?id=4533) !important;background-position: center !important;background-repeat: no-repeat !important;background-size: cover !important;}&#8221;][vc_column width=&#8221;1\/6&#8243;][\/vc_column][vc_column width=&#8221;2\/3&#8243;][vc_column_text]<\/p>\n<h2 style=\"text-align: center;\"><span style=\"color: #ffffff;\">ZAPATOS PARA CHEF CON SUELA ANTIDESLIZANTE<br \/>\n<\/span><\/h2>\n<p>[\/vc_column_text][\/vc_column][vc_column width=&#8221;1\/6&#8243;][\/vc_column][vc_column][\/vc_column][\/vc_row][vc_row type=&#8221;boxed&#8221;][vc_column]<div class=\"woocommerce columns-2 \"><ul class=\"products columns-2\">\n<li class=\"product type-product post-12484 status-publish first instock product_cat-zapatos-para-hospitales product_cat-zapato-para-chef product_cat-zapatos-para-restaurantes has-post-thumbnail shipping-taxable purchasable product-type-variable has-default-attributes\">\r\n\r\n\t\r\n    <div class=\"product_thumbnail_wrapper \">\r\n\r\n\t\t<a href=\"https:\/\/ozapato.com\/cr\/product\/calzado-chef-costa-rica-chef01\/\" class=\"woocommerce-LoopProduct-link woocommerce-loop-product__link\">\r\n\r\n\t        <div class=\"product_thumbnail with_second_image\">\r\n\t            <img loading=\"lazy\" decoding=\"async\" width=\"350\" height=\"350\" src=\"https:\/\/ozapato.com\/cr\/wp-content\/uploads\/sites\/6\/2025\/05\/Chef-01-350x350.png\" class=\"attachment-woocommerce_thumbnail size-woocommerce_thumbnail\" alt=\"Chef 01 calzado para cocina chef restaurante en Costa Rica OZAPATO\" srcset=\"https:\/\/ozapato.com\/cr\/wp-content\/uploads\/sites\/6\/2025\/05\/Chef-01-350x350.png 350w, https:\/\/ozapato.com\/cr\/wp-content\/uploads\/sites\/6\/2025\/05\/Chef-01-300x300.png 300w, https:\/\/ozapato.com\/cr\/wp-content\/uploads\/sites\/6\/2025\/05\/Chef-01-150x150.png 150w, https:\/\/ozapato.com\/cr\/wp-content\/uploads\/sites\/6\/2025\/05\/Chef-01-768x768.png 768w, https:\/\/ozapato.com\/cr\/wp-content\/uploads\/sites\/6\/2025\/05\/Chef-01-570x570.png 570w, https:\/\/ozapato.com\/cr\/wp-content\/uploads\/sites\/6\/2025\/05\/Chef-01-100x100.png 100w, https:\/\/ozapato.com\/cr\/wp-content\/uploads\/sites\/6\/2025\/05\/Chef-01.png 1024w\" sizes=\"auto, (max-width: 350px) 100vw, 350px\" \/>\t            \t            \t<span class=\"product_thumbnail_background\" style=\"background-image:url(https:\/\/ozapato.com\/cr\/wp-content\/uploads\/sites\/6\/2025\/05\/20250402_1509_Chef-Shoes-Photoshoot_remix_01jqw1zmz4egfskk8wszf40nq2_01-350x525.jpg)\"><\/span>\r\n\t        \t\t        <\/div><!--.product_thumbnail-->\r\n\t\t<\/a>\r\n\r\n\t\t\t\t\t\t\t\r\n\t\t\r\n\t\t\r\n\t\t\r\n    <\/div><!--.product_thumbnail_wrapper-->\r\n\r\n    \r\n\t<h2 class=\"woocommerce-loop-product__title\">\r\n\t\t<a href=\"https:\/\/ozapato.com\/cr\/product\/calzado-chef-costa-rica-chef01\/\">CHEF 01<\/a>\r\n\t<\/h2>\r\n\r\n\t\r\n        <div class=\"product_after_shop_loop\">\r\n        <div class=\"product_after_shop_loop_switcher\">\r\n    \r\n            \n\t<span class=\"price\"><span class=\"woocommerce-Price-amount amount\"><bdi><span class=\"woocommerce-Price-currencySymbol\">&#x20a1;<\/span>19,000.00<\/bdi><\/span><\/span>\n<a href=\"https:\/\/ozapato.com\/cr\/product\/calzado-chef-costa-rica-chef01\/\" aria-describedby=\"woocommerce_loop_add_to_cart_link_describedby_12484\" data-quantity=\"1\" class=\"button product_type_variable add_to_cart_button\" data-product_id=\"12484\" data-product_sku=\"CHEF01\" aria-label=\"Select options for &ldquo;CHEF 01&rdquo;\" rel=\"nofollow\">Select options<\/a>\t<span id=\"woocommerce_loop_add_to_cart_link_describedby_12484\" class=\"screen-reader-text\">\n\t\tThis product has multiple variants. The options may be chosen on the product page\t<\/span>\n\r\n            <\/div>\r\n    <\/div>\r\n    \r\n\t\r\n<\/li>\r\n<li class=\"product type-product post-12498 status-publish last instock product_cat-zapatos-para-hospitales product_cat-zapato-para-chef product_cat-zapatos-para-restaurantes has-post-thumbnail shipping-taxable purchasable product-type-variable has-default-attributes\">\r\n\r\n\t\r\n    <div class=\"product_thumbnail_wrapper \">\r\n\r\n\t\t<a href=\"https:\/\/ozapato.com\/cr\/product\/calzado-chef-blanco-costa-rica-chef02\/\" class=\"woocommerce-LoopProduct-link woocommerce-loop-product__link\">\r\n\r\n\t        <div class=\"product_thumbnail with_second_image\">\r\n\t            <img loading=\"lazy\" decoding=\"async\" width=\"350\" height=\"350\" src=\"https:\/\/ozapato.com\/cr\/wp-content\/uploads\/sites\/6\/2025\/05\/Chef-02-350x350.jpg\" class=\"attachment-woocommerce_thumbnail size-woocommerce_thumbnail\" alt=\"Calzado Blanco para chef cocina restaurante en costa rica OZAPATO\" srcset=\"https:\/\/ozapato.com\/cr\/wp-content\/uploads\/sites\/6\/2025\/05\/Chef-02-350x350.jpg 350w, https:\/\/ozapato.com\/cr\/wp-content\/uploads\/sites\/6\/2025\/05\/Chef-02-300x300.jpg 300w, https:\/\/ozapato.com\/cr\/wp-content\/uploads\/sites\/6\/2025\/05\/Chef-02-150x150.jpg 150w, https:\/\/ozapato.com\/cr\/wp-content\/uploads\/sites\/6\/2025\/05\/Chef-02-768x768.jpg 768w, https:\/\/ozapato.com\/cr\/wp-content\/uploads\/sites\/6\/2025\/05\/Chef-02-570x570.jpg 570w, https:\/\/ozapato.com\/cr\/wp-content\/uploads\/sites\/6\/2025\/05\/Chef-02-100x100.jpg 100w, https:\/\/ozapato.com\/cr\/wp-content\/uploads\/sites\/6\/2025\/05\/Chef-02.jpg 1024w\" sizes=\"auto, (max-width: 350px) 100vw, 350px\" \/>\t            \t            \t<span class=\"product_thumbnail_background\" style=\"background-image:url(https:\/\/ozapato.com\/cr\/wp-content\/uploads\/sites\/6\/2025\/05\/20250402_1600_Chef-Shoes-Display_remix_01jqw4vwt2e5zs11dym4dc50sa-350x525.jpg)\"><\/span>\r\n\t        \t\t        <\/div><!--.product_thumbnail-->\r\n\t\t<\/a>\r\n\r\n\t\t\t\t\t\t\t\r\n\t\t\r\n\t\t\r\n\t\t\r\n    <\/div><!--.product_thumbnail_wrapper-->\r\n\r\n    \r\n\t<h2 class=\"woocommerce-loop-product__title\">\r\n\t\t<a href=\"https:\/\/ozapato.com\/cr\/product\/calzado-chef-blanco-costa-rica-chef02\/\">CHEF 02<\/a>\r\n\t<\/h2>\r\n\r\n\t\r\n        <div class=\"product_after_shop_loop\">\r\n        <div class=\"product_after_shop_loop_switcher\">\r\n    \r\n            \n\t<span class=\"price\"><span class=\"woocommerce-Price-amount amount\"><bdi><span class=\"woocommerce-Price-currencySymbol\">&#x20a1;<\/span>19,000.00<\/bdi><\/span><\/span>\n<a href=\"https:\/\/ozapato.com\/cr\/product\/calzado-chef-blanco-costa-rica-chef02\/\" aria-describedby=\"woocommerce_loop_add_to_cart_link_describedby_12498\" data-quantity=\"1\" class=\"button product_type_variable add_to_cart_button\" data-product_id=\"12498\" data-product_sku=\"CHEF02\" aria-label=\"Select options for &ldquo;CHEF 02&rdquo;\" rel=\"nofollow\">Select options<\/a>\t<span id=\"woocommerce_loop_add_to_cart_link_describedby_12498\" class=\"screen-reader-text\">\n\t\tThis product has multiple variants. The options may be chosen on the product page\t<\/span>\n\r\n            <\/div>\r\n    <\/div>\r\n    \r\n\t\r\n<\/li>\r\n<\/ul>\n<\/div>[\/vc_column][\/vc_row][vc_row][vc_column width=&#8221;1\/2&#8243;][vc_raw_html]JTNDZGl2JTIwc3R5bGUlM0QlMjJwb3NpdGlvbiUzQSUyMHJlbGF0aXZlJTNCJTIwd2lkdGglM0ElMjAxMDAlMjUlM0IlMjBoZWlnaHQlM0ElMjAwJTNCJTIwcGFkZGluZy10b3AlM0ElMjAxMjkuNDExOCUyNSUzQiUyMHBhZGRpbmctYm90dG9tJTNBJTIwMCUzQiUyMGJveC1zaGFkb3clM0ElMjAwJTIwMnB4JTIwOHB4JTIwMCUyMHJnYmElMjg2MyUyQzY5JTJDODElMkMwLjE2JTI5JTNCJTIwbWFyZ2luLXRvcCUzQSUyMDEuNmVtJTNCJTIwbWFyZ2luLWJvdHRvbSUzQSUyMDAuOWVtJTNCJTIwb3ZlcmZsb3clM0ElMjBoaWRkZW4lM0IlMjBib3JkZXItcmFkaXVzJTNBJTIwOHB4JTNCJTIwd2lsbC1jaGFuZ2UlM0ElMjB0cmFuc2Zvcm0lM0IlMjIlM0UlMjAlMjAlM0NpZnJhbWUlMjBsb2FkaW5nJTNEJTIybGF6eSUyMiUyMHN0eWxlJTNEJTIycG9zaXRpb24lM0ElMjBhYnNvbHV0ZSUzQiUyMHdpZHRoJTNBJTIwMTAwJTI1JTNCJTIwaGVpZ2h0JTNBJTIwMTAwJTI1JTNCJTIwdG9wJTNBJTIwMCUzQiUyMGxlZnQlM0ElMjAwJTNCJTIwYm9yZGVyJTNBJTIwbm9uZSUzQiUyMHBhZGRpbmclM0ElMjAwJTNCbWFyZ2luJTNBJTIwMCUzQiUyMiUyMCUyMCUyMCUyMHNyYyUzRCUyMmh0dHBzJTNBJTJGJTJGd3d3LmNhbnZhLmNvbSUyRmRlc2lnbiUyRkRBR2pnMjFiT2J3JTJGV0FZekFGTHlXUkJIUHNsWGcyN0NKZyUyRnZpZXclM0ZlbWJlZCUyMiUyMGFsbG93ZnVsbHNjcmVlbiUzRCUyMmFsbG93ZnVsbHNjcmVlbiUyMiUyMGFsbG93JTNEJTIyZnVsbHNjcmVlbiUyMiUzRSUyMCUyMCUzQyUyRmlmcmFtZSUzRSUzQyUyRmRpdiUzRSUzQ2ElMjBocmVmJTNEJTIyaHR0cHMlM0ElMjYlMjN4MkYlM0IlMjYlMjN4MkYlM0J3d3cuY2FudmEuY29tJTI2JTIzeDJGJTNCZGVzaWduJTI2JTIzeDJGJTNCREFHamcyMWJPYnclMjYlMjN4MkYlM0JXQVl6QUZMeVdSQkhQc2xYZzI3Q0pnJTI2JTIzeDJGJTNCdmlldyUzRnV0bV9jb250ZW50JTNEREFHamcyMWJPYnclMjZhbXAlM0J1dG1fY2FtcGFpZ24lM0RkZXNpZ25zaGFyZSUyNmFtcCUzQnV0bV9tZWRpdW0lM0RlbWJlZHMlMjZhbXAlM0J1dG1fc291cmNlJTNEbGluayUyMiUyMHRhcmdldCUzRCUyMl9ibGFuayUyMiUyMHJlbCUzRCUyMm5vb3BlbmVyJTIyJTNFQ0hFRiUyMDAyJTNDJTJGYSUzRSUyMGJ5JTIwT1pBUEFUTw==[\/vc_raw_html][\/vc_column][vc_column width=&#8221;1\/2&#8243;][vc_raw_html]JTNDZGl2JTIwc3R5bGUlM0QlMjJwb3NpdGlvbiUzQSUyMHJlbGF0aXZlJTNCJTIwd2lkdGglM0ElMjAxMDAlMjUlM0IlMjBoZWlnaHQlM0ElMjAwJTNCJTIwcGFkZGluZy10b3AlM0ElMjAxMjkuNDExOCUyNSUzQiUyMHBhZGRpbmctYm90dG9tJTNBJTIwMCUzQiUyMGJveC1zaGFkb3clM0ElMjAwJTIwMnB4JTIwOHB4JTIwMCUyMHJnYmElMjg2MyUyQzY5JTJDODElMkMwLjE2JTI5JTNCJTIwbWFyZ2luLXRvcCUzQSUyMDEuNmVtJTNCJTIwbWFyZ2luLWJvdHRvbSUzQSUyMDAuOWVtJTNCJTIwb3ZlcmZsb3clM0ElMjBoaWRkZW4lM0IlMjBib3JkZXItcmFkaXVzJTNBJTIwOHB4JTNCJTIwd2lsbC1jaGFuZ2UlM0ElMjB0cmFuc2Zvcm0lM0IlMjIlM0UlMjAlMjAlM0NpZnJhbWUlMjBsb2FkaW5nJTNEJTIybGF6eSUyMiUyMHN0eWxlJTNEJTIycG9zaXRpb24lM0ElMjBhYnNvbHV0ZSUzQiUyMHdpZHRoJTNBJTIwMTAwJTI1JTNCJTIwaGVpZ2h0JTNBJTIwMTAwJTI1JTNCJTIwdG9wJTNBJTIwMCUzQiUyMGxlZnQlM0ElMjAwJTNCJTIwYm9yZGVyJTNBJTIwbm9uZSUzQiUyMHBhZGRpbmclM0ElMjAwJTNCbWFyZ2luJTNBJTIwMCUzQiUyMiUyMCUyMCUyMCUyMHNyYyUzRCUyMmh0dHBzJTNBJTJGJTJGd3d3LmNhbnZhLmNvbSUyRmRlc2lnbiUyRkRBR2poRHFqdmdrJTJGM08yS0R6Z21lXzEwSE1SaExjSjVoQSUyRnZpZXclM0ZlbWJlZCUyMiUyMGFsbG93ZnVsbHNjcmVlbiUzRCUyMmFsbG93ZnVsbHNjcmVlbiUyMiUyMGFsbG93JTNEJTIyZnVsbHNjcmVlbiUyMiUzRSUyMCUyMCUzQyUyRmlmcmFtZSUzRSUzQyUyRmRpdiUzRSUzQ2ElMjBocmVmJTNEJTIyaHR0cHMlM0ElMjYlMjN4MkYlM0IlMjYlMjN4MkYlM0J3d3cuY2FudmEuY29tJTI2JTIzeDJGJTNCZGVzaWduJTI2JTIzeDJGJTNCREFHamhEcWp2Z2slMjYlMjN4MkYlM0IzTzJLRHpnbWVfMTBITVJoTGNKNWhBJTI2JTIzeDJGJTNCdmlldyUzRnV0bV9jb250ZW50JTNEREFHamhEcWp2Z2slMjZhbXAlM0J1dG1fY2FtcGFpZ24lM0RkZXNpZ25zaGFyZSUyNmFtcCUzQnV0bV9tZWRpdW0lM0RlbWJlZHMlMjZhbXAlM0J1dG1fc291cmNlJTNEbGluayUyMiUyMHRhcmdldCUzRCUyMl9ibGFuayUyMiUyMHJlbCUzRCUyMm5vb3BlbmVyJTIyJTNFQ0hFRiUyMDAxJTNDJTJGYSUzRSUyMGJ5JTIwT1pBUEFUTw==[\/vc_raw_html][\/vc_column][\/vc_row][vc_row type=&#8221;boxed&#8221;][vc_column][vc_column_text]<\/p>\n<h4 class=\"western\" style=\"text-align: center;\"><span style=\"color: #ff0000;\">\u00bfInteresado? Recibe una cotizaci\u00f3n en 24 horas m\u00e1ximo.<\/span><\/h4>\n<p>[\/vc_column_text][vc_column_text]<iframe loading=\"lazy\" height=\"800px%\" width=\"100%\" frameborder=\"0\" allow=\"geolocation;microphone;camera\" src=\"https:\/\/forms.zohopublic.com\/virtualoffice9264\/form\/CRWebForm\/formperma\/sl0F1AeJ46oBj9k_cj26J-a0AwJLY61C60QOTF3YiPg\"> <\/iframe>[\/vc_column_text][\/vc_column][\/vc_row][vc_row][vc_column][vc_separator][\/vc_column][\/vc_row][vc_row type=&#8221;boxed&#8221;][vc_column][vc_column_text]<\/p>\n<h1 class=\"western\" align=\"center\"><\/h1>\n<h3 class=\"western\" align=\"center\"><strong>\u00bfQU\u00c9\u00a0<\/strong><strong>HACEMOS?<\/strong><\/h3>\n<p>OZAPATO es una marca de calzado ubicada en Pachuca, M\u00e9xico. Fabricamos botas de seguridad industrial y contamos con presencia en Costa Rica, Rep\u00fablica Dominicana, M\u00e9xico, Panam\u00e1 y Estados Unidos. Hemos aprendido a lo largo de los a\u00f1os como fabricar botas de seguridad con calidad y de manera responsable. En Costa Rica, nuestra l\u00ednea industrial cuenta con botas de seguridad, botas de seguridad diel\u00e9ctricas y botas t\u00e1cticas. Por esta razon, OZAPATO, creo los zapatos de seguridad <strong>Comfort<\/strong>, destinada exclusivamente para chefs y restaurantes.\u00a0\u00a1Elija de nuestro cat\u00e1logo las botas que necesita para trabajar con seguridad!<\/p>\n<h3 class=\"western\" align=\"center\"><strong>\u00bf<\/strong>C\u00d3MO\u00a0LO HACEMOS?<\/h3>\n<p>Todas nuestras botas de seguridad industrial son fabricadas con materiales de alta calidad. Tenga la confianza que sus pies estar\u00e1n protegidos en cada momento. Estamos tan seguros de la calidad de nuestros modelos de botas de seguridad industrial que ofrecemos una garant\u00eda de 4 meses y hasta 6 meses para las botas de seguridad m\u00e1s premium. Adem\u00e1s ofrecemos un servicio de entrega en 24 horas.<\/p>\n<h3 class=\"western\" align=\"center\"><strong>\u00bfPOR QU\u00c9 LO HACEMOS?<\/strong><\/h3>\n<p>OZAPATO naci\u00f3 con la idea de servir a la comunidad local. La producci\u00f3n de nuestras botas de seguridad industrial es un proceso transparente que sustenta el balance socio econ\u00f3mico de la comunidad a la que pertenece.<\/p>\n<p>El valor m\u00e1s importante de OZAPATO es la entrega directa hasta el cliente. Evitamos todos los intermediarios que no a\u00f1aden valor a nuestros consumidores. Cada etapa de la fabricaci\u00f3n de botas de seguridad industrial debe beneficiar a la gente que fabrica el calzado.<\/p>\n<h3 style=\"text-align: center;\"><strong>BOTAS PARA CHEFS<\/strong><\/h3>\n<p>Nuestras botas para chefs, est\u00e1n compuestas de suelas antideslizantes.De distintos colores, en blanco y negro.Son ultra ligeras y confortables. Ozapato creo los zapatos <a href=\"https:\/\/ozapato.com\/cr\/producto\/comfort\/\">Comfort 01<\/a>\u00a0y<a href=\"https:\/\/ozapato.com\/cr\/producto\/comfort-02\/\"> Comfort 02<\/a> para trabajos en restaurantes y cocinas.[\/vc_column_text][\/vc_column][\/vc_row]<\/p>\n","protected":false},"excerpt":{"rendered":"<p>[vc_row full_width=&#8221;stretch_row&#8221; css=&#8221;.vc_custom_1485549983163{margin-top: -78px !important;background: #000000 url(https:\/\/ozapato.com\/pa\/wp-content\/uploads\/sites\/2\/2017\/01\/black-and-white-1284072_1280.jpg?id=4533) !important;background-position: center !important;background-repeat: no-repeat !important;background-size: cover !important;}&#8221;][vc_column width=&#8221;1\/6&#8243;][\/vc_column][vc_column width=&#8221;2\/3&#8243;][vc_column_text] ZAPATOS PARA CHEF CON SUELA ANTIDESLIZANTE [\/vc_column_text][\/vc_column][vc_column width=&#8221;1\/6&#8243;][\/vc_column][vc_column][\/vc_column][\/vc_row][vc_row type=&#8221;boxed&#8221;][vc_column][\/vc_column][\/vc_row][vc_row][vc_column width=&#8221;1\/2&#8243;][vc_raw_html]JTNDZGl2JTIwc3R5bGUlM0QlMjJwb3NpdGlvbiUzQSUyMHJlbGF0aXZlJTNCJTIwd2lkdGglM0ElMjAxMDAlMjUlM0IlMjBoZWlnaHQlM0ElMjAwJTNCJTIwcGFkZGluZy10b3AlM0ElMjAxMjkuNDExOCUyNSUzQiUyMHBhZGRpbmctYm90dG9tJTNBJTIwMCUzQiUyMGJveC1zaGFkb3clM0ElMjAwJTIwMnB4JTIwOHB4JTIwMCUyMHJnYmElMjg2MyUyQzY5JTJDODElMkMwLjE2JTI5JTNCJTIwbWFyZ2luLXRvcCUzQSUyMDEuNmVtJTNCJTIwbWFyZ2luLWJvdHRvbSUzQSUyMDAuOWVtJTNCJTIwb3ZlcmZsb3clM0ElMjBoaWRkZW4lM0IlMjBib3JkZXItcmFkaXVzJTNBJTIwOHB4JTNCJTIwd2lsbC1jaGFuZ2UlM0ElMjB0cmFuc2Zvcm0lM0IlMjIlM0UlMjAlMjAlM0NpZnJhbWUlMjBsb2FkaW5nJTNEJTIybGF6eSUyMiUyMHN0eWxlJTNEJTIycG9zaXRpb24lM0ElMjBhYnNvbHV0ZSUzQiUyMHdpZHRoJTNBJTIwMTAwJTI1JTNCJTIwaGVpZ2h0JTNBJTIwMTAwJTI1JTNCJTIwdG9wJTNBJTIwMCUzQiUyMGxlZnQlM0ElMjAwJTNCJTIwYm9yZGVyJTNBJTIwbm9uZSUzQiUyMHBhZGRpbmclM0ElMjAwJTNCbWFyZ2luJTNBJTIwMCUzQiUyMiUyMCUyMCUyMCUyMHNyYyUzRCUyMmh0dHBzJTNBJTJGJTJGd3d3LmNhbnZhLmNvbSUyRmRlc2lnbiUyRkRBR2pnMjFiT2J3JTJGV0FZekFGTHlXUkJIUHNsWGcyN0NKZyUyRnZpZXclM0ZlbWJlZCUyMiUyMGFsbG93ZnVsbHNjcmVlbiUzRCUyMmFsbG93ZnVsbHNjcmVlbiUyMiUyMGFsbG93JTNEJTIyZnVsbHNjcmVlbiUyMiUzRSUyMCUyMCUzQyUyRmlmcmFtZSUzRSUzQyUyRmRpdiUzRSUzQ2ElMjBocmVmJTNEJTIyaHR0cHMlM0ElMjYlMjN4MkYlM0IlMjYlMjN4MkYlM0J3d3cuY2FudmEuY29tJTI2JTIzeDJGJTNCZGVzaWduJTI2JTIzeDJGJTNCREFHamcyMWJPYnclMjYlMjN4MkYlM0JXQVl6QUZMeVdSQkhQc2xYZzI3Q0pnJTI2JTIzeDJGJTNCdmlldyUzRnV0bV9jb250ZW50JTNEREFHamcyMWJPYnclMjZhbXAlM0J1dG1fY2FtcGFpZ24lM0RkZXNpZ25zaGFyZSUyNmFtcCUzQnV0bV9tZWRpdW0lM0RlbWJlZHMlMjZhbXAlM0J1dG1fc291cmNlJTNEbGluayUyMiUyMHRhcmdldCUzRCUyMl9ibGFuayUyMiUyMHJlbCUzRCUyMm5vb3BlbmVyJTIyJTNFQ0hFRiUyMDAyJTNDJTJGYSUzRSUyMGJ5JTIwT1pBUEFUTw==[\/vc_raw_html][\/vc_column][vc_column width=&#8221;1\/2&#8243;][vc_raw_html]JTNDZGl2JTIwc3R5bGUlM0QlMjJwb3NpdGlvbiUzQSUyMHJlbGF0aXZlJTNCJTIwd2lkdGglM0ElMjAxMDAlMjUlM0IlMjBoZWlnaHQlM0ElMjAwJTNCJTIwcGFkZGluZy10b3AlM0ElMjAxMjkuNDExOCUyNSUzQiUyMHBhZGRpbmctYm90dG9tJTNBJTIwMCUzQiUyMGJveC1zaGFkb3clM0ElMjAwJTIwMnB4JTIwOHB4JTIwMCUyMHJnYmElMjg2MyUyQzY5JTJDODElMkMwLjE2JTI5JTNCJTIwbWFyZ2luLXRvcCUzQSUyMDEuNmVtJTNCJTIwbWFyZ2luLWJvdHRvbSUzQSUyMDAuOWVtJTNCJTIwb3ZlcmZsb3clM0ElMjBoaWRkZW4lM0IlMjBib3JkZXItcmFkaXVzJTNBJTIwOHB4JTNCJTIwd2lsbC1jaGFuZ2UlM0ElMjB0cmFuc2Zvcm0lM0IlMjIlM0UlMjAlMjAlM0NpZnJhbWUlMjBsb2FkaW5nJTNEJTIybGF6eSUyMiUyMHN0eWxlJTNEJTIycG9zaXRpb24lM0ElMjBhYnNvbHV0ZSUzQiUyMHdpZHRoJTNBJTIwMTAwJTI1JTNCJTIwaGVpZ2h0JTNBJTIwMTAwJTI1JTNCJTIwdG9wJTNBJTIwMCUzQiUyMGxlZnQlM0ElMjAwJTNCJTIwYm9yZGVyJTNBJTIwbm9uZSUzQiUyMHBhZGRpbmclM0ElMjAwJTNCbWFyZ2luJTNBJTIwMCUzQiUyMiUyMCUyMCUyMCUyMHNyYyUzRCUyMmh0dHBzJTNBJTJGJTJGd3d3LmNhbnZhLmNvbSUyRmRlc2lnbiUyRkRBR2poRHFqdmdrJTJGM08yS0R6Z21lXzEwSE1SaExjSjVoQSUyRnZpZXclM0ZlbWJlZCUyMiUyMGFsbG93ZnVsbHNjcmVlbiUzRCUyMmFsbG93ZnVsbHNjcmVlbiUyMiUyMGFsbG93JTNEJTIyZnVsbHNjcmVlbiUyMiUzRSUyMCUyMCUzQyUyRmlmcmFtZSUzRSUzQyUyRmRpdiUzRSUzQ2ElMjBocmVmJTNEJTIyaHR0cHMlM0ElMjYlMjN4MkYlM0IlMjYlMjN4MkYlM0J3d3cuY2FudmEuY29tJTI2JTIzeDJGJTNCZGVzaWduJTI2JTIzeDJGJTNCREFHamhEcWp2Z2slMjYlMjN4MkYlM0IzTzJLRHpnbWVfMTBITVJoTGNKNWhBJTI2JTIzeDJGJTNCdmlldyUzRnV0bV9jb250ZW50JTNEREFHamhEcWp2Z2slMjZhbXAlM0J1dG1fY2FtcGFpZ24lM0RkZXNpZ25zaGFyZSUyNmFtcCUzQnV0bV9tZWRpdW0lM0RlbWJlZHMlMjZhbXAlM0J1dG1fc291cmNlJTNEbGluayUyMiUyMHRhcmdldCUzRCUyMl9ibGFuayUyMiUyMHJlbCUzRCUyMm5vb3BlbmVyJTIyJTNFQ0hFRiUyMDAxJTNDJTJGYSUzRSUyMGJ5JTIwT1pBUEFUTw==[\/vc_raw_html][\/vc_column][\/vc_row][vc_row type=&#8221;boxed&#8221;][vc_column][vc_column_text] \u00bfInteresado? Recibe una cotizaci\u00f3n en 24 horas m\u00e1ximo. [\/vc_column_text][vc_column_text][\/vc_column_text][\/vc_column][\/vc_row][vc_row][vc_column][vc_separator][\/vc_column][\/vc_row][vc_row type=&#8221;boxed&#8221;][vc_column][vc_column_text] \u00bfQU\u00c9\u00a0HACEMOS? OZAPATO es una marca de calzado ubicada en Pachuca, M\u00e9xico. Fabricamos botas de seguridad industrial y [&hellip;]<\/p>\n","protected":false},"author":1,"featured_media":0,"parent":0,"menu_order":0,"comment_status":"closed","ping_status":"closed","template":"page-boxed.php","meta":{"jetpack_post_was_ever_published":false,"footnotes":""},"class_list":["post-4535","page","type-page","status-publish","hentry"],"jetpack_sharing_enabled":true,"jetpack_shortlink":"https:\/\/wp.me\/PakbpD-1b9","_links":{"self":[{"href":"https:\/\/ozapato.com\/cr\/wp-json\/wp\/v2\/pages\/4535","targetHints":{"allow":["GET"]}}],"collection":[{"href":"https:\/\/ozapato.com\/cr\/wp-json\/wp\/v2\/pages"}],"about":[{"href":"https:\/\/ozapato.com\/cr\/wp-json\/wp\/v2\/types\/page"}],"author":[{"embeddable":true,"href":"https:\/\/ozapato.com\/cr\/wp-json\/wp\/v2\/users\/1"}],"replies":[{"embeddable":true,"href":"https:\/\/ozapato.com\/cr\/wp-json\/wp\/v2\/comments?post=4535"}],"version-history":[{"count":12,"href":"https:\/\/ozapato.com\/cr\/wp-json\/wp\/v2\/pages\/4535\/revisions"}],"predecessor-version":[{"id":5175,"href":"https:\/\/ozapato.com\/cr\/wp-json\/wp\/v2\/pages\/4535\/revisions\/5175"}],"wp:attachment":[{"href":"https:\/\/ozapato.com\/cr\/wp-json\/wp\/v2\/media?parent=4535"}],"curies":[{"name":"wp","href":"https:\/\/api.w.org\/{rel}","templated":true}]}}