{"id":7799,"date":"2019-09-26T19:45:25","date_gmt":"2019-09-26T14:45:25","guid":{"rendered":"https:\/\/ozapato.com\/cr\/?page_id=7799"},"modified":"2019-09-26T20:38:20","modified_gmt":"2019-09-26T15:38:20","slug":"distribuir-ozapato","status":"publish","type":"page","link":"https:\/\/ozapato.com\/cr\/distribuir-ozapato\/","title":{"rendered":"\u00bfInteresado en distribuir OZAPATO?"},"content":{"rendered":"<p>[vc_row full_width=&#8221;stretch_row&#8221; equal_height=&#8221;yes&#8221; content_placement=&#8221;middle&#8221; css=&#8221;.vc_custom_1569510536453{background-image: url(https:\/\/ozapato.com\/cr\/wp-content\/uploads\/sites\/6\/2019\/09\/P1010705_01.jpg?id=7807) !important;}&#8221;][vc_column width=&#8221;1\/6&#8243;][\/vc_column][vc_column width=&#8221;2\/3&#8243;][vc_column_text]<\/p>\n<header class=\"entry-header \">\n<div class=\"row\">\n<div class=\"large-10 large-centered columns without-sidebar\">\n<h3 class=\"page-title\" style=\"text-align: center;\"><span style=\"color: #ffffff;\">\u00bfINTERESADO EN DISTRIBUIR OZAPATO?<\/span><\/h3>\n<\/div>\n<\/div>\n<\/header>\n<div id=\"post-7799\" class=\"post-7799 page type-page status-publish hentry\">\n<div class=\"row\">\n<div class=\"large-12 columns\">\n<div class=\"entry-content\">\n<h2 class=\"normal_height vc_row wpb_row vc_row-fluid\" style=\"text-align: center;\"><\/h2>\n<\/div>\n<\/div>\n<\/div>\n<\/div>\n<p>[\/vc_column_text][\/vc_column][vc_column width=&#8221;1\/6&#8243;][\/vc_column][\/vc_row][vc_row][vc_column width=&#8221;1\/6&#8243;][\/vc_column][vc_column width=&#8221;2\/3&#8243;][vc_toggle title=&#8221;\u00bfComo funciona?&#8221; open=&#8221;true&#8221; el_id=&#8221;1569509058952-7684e898-32ab&#8221;]Una vez esta aprobado por OZAPATO, usted beneficia de un licencia de distribuci\u00f3n de nuestra marca. Contara con:<\/p>\n<ul>\n<li>Presencia de nuestra pagina web. Ponemos su datos directamente en una secci\u00f3n dedicada.<\/li>\n<li>Podr\u00e1 hacer pedido directamente en nuestro centro log\u00edstica en Hereida. No tiene que importar el producto ya que es nacionalizado.<\/li>\n<\/ul>\n<p>[\/vc_toggle][vc_toggle title=&#8221;\u00bfCuales son los requisitos m\u00ednimos?&#8221; open=&#8221;true&#8221; el_id=&#8221;1569509094339-c73a18d6-6812&#8243;]Debe de ser aprobado por OZAPATO para ser distribudor. Debe de tener un empresa registrada en Costa Rica y debe de ser aprobado por nuestro equipo.[\/vc_toggle][vc_toggle title=&#8221;\u00bfHay compras m\u00ednimas?&#8221; open=&#8221;true&#8221; el_id=&#8221;1569509384770-f54c137b-0f8b&#8221;]Si, las compras m\u00ednima son de 16 pares por SKU. Un SKU es un modelo y un talla \u00fanica.[\/vc_toggle][vc_toggle title=&#8221;\u00bfHay stock en Costa Rica?&#8221; open=&#8221;true&#8221; el_id=&#8221;1569509399318-b77eb665-9b85&#8243;]Contamos con un stock permanente de producto nacionalizado en Hereida Costa Rica.[\/vc_toggle][vc_toggle title=&#8221;\u00bfQue garantizan?&#8221; open=&#8221;true&#8221; el_id=&#8221;1569509581936-d206ba81-7aaa&#8221;]Garantizamos:<\/p>\n<ul>\n<li>Protegemos su utilidad<\/li>\n<li>Todos nuestros productos de 4 a 6 meses<\/li>\n<li>El mejor costo beneficio del mercado<\/li>\n<\/ul>\n<p>[\/vc_toggle][vc_toggle title=&#8221;\u00bfTrabajan sobre pedido?&#8221; open=&#8221;true&#8221; el_id=&#8221;1569510929902-64f076d6-46ed&#8221;]Si, a lo largo de nuestro 30 a\u00f1os de experiencia fabricando calzado hemos fabricados un gran cantidad de proyectos especiales. Botas t\u00e1cticas, calzado antistatico, con o sin el logo de su empresa, colores y tipo de cueros, suelas, usted nos comenta de su requisitos y nosotros nos encargamos de desarrollar el producto.[\/vc_toggle][vc_toggle title=&#8221;\u00bfDonde fabrican?&#8221; open=&#8221;true&#8221; el_id=&#8221;1569511066177-d89e2c0c-caeb&#8221;]Fabricamos todos nuestros productos nosotros en M\u00e9xico. Todo nuestros productos son certificados bajo las normas ASTM y ISO y usamos las mejores tecnolog\u00edas disponibles.[\/vc_toggle][vc_toggle title=&#8221;\u00bfTiene un cat\u00e1logo?&#8221; open=&#8221;true&#8221; el_id=&#8221;1569512218499-088b2bc1-d3ab&#8221;]<a href=\"https:\/\/zdrive.li\/LwH1dH\" target=\"_blank\" rel=\"noopener\">Descargar cat\u00e1logo<\/a>[\/vc_toggle][\/vc_column][vc_column width=&#8221;1\/6&#8243;][\/vc_column][\/vc_row][vc_row][vc_column width=&#8221;1\/6&#8243;][\/vc_column][vc_column width=&#8221;2\/3&#8243;][vc_column_text]<\/p>\n<h3 style=\"text-align: center;\">\u00bfInteresado?<\/h3>\n<p style=\"text-align: center;\">Cont\u00e1ctenos a trav\u00e9s de este formulario, por correo fabien@ozapato.com o por <a href=\"https:\/\/wa.me\/50763871206\" target=\"_blank\" rel=\"noopener\">whatsapp<\/a>.<\/p>\n<p style=\"text-align: center;\"><iframe loading=\"lazy\" height=\"800px\" width=\"100%\" frameborder=\"0\" allow=\"geolocation;microphone;camera\" src=\"https:\/\/forms.zohopublic.com\/virtualoffice9264\/form\/CRWebForm\/formperma\/sl0F1AeJ46oBj9k_cj26J-a0AwJLY61C60QOTF3YiPg\"> <\/iframe><\/p>\n<p>[\/vc_column_text][\/vc_column][vc_column width=&#8221;1\/6&#8243;][\/vc_column][\/vc_row]<\/p>\n","protected":false},"excerpt":{"rendered":"<p>[vc_row full_width=&#8221;stretch_row&#8221; equal_height=&#8221;yes&#8221; content_placement=&#8221;middle&#8221; css=&#8221;.vc_custom_1569510536453{background-image: url(https:\/\/ozapato.com\/cr\/wp-content\/uploads\/sites\/6\/2019\/09\/P1010705_01.jpg?id=7807) !important;}&#8221;][vc_column width=&#8221;1\/6&#8243;][\/vc_column][vc_column width=&#8221;2\/3&#8243;][vc_column_text] \u00bfINTERESADO EN DISTRIBUIR OZAPATO? [\/vc_column_text][\/vc_column][vc_column width=&#8221;1\/6&#8243;][\/vc_column][\/vc_row][vc_row][vc_column width=&#8221;1\/6&#8243;][\/vc_column][vc_column width=&#8221;2\/3&#8243;][vc_toggle title=&#8221;\u00bfComo funciona?&#8221; open=&#8221;true&#8221; el_id=&#8221;1569509058952-7684e898-32ab&#8221;]Una vez esta aprobado por OZAPATO, usted beneficia de un licencia de distribuci\u00f3n de nuestra marca. Contara con: Presencia de nuestra pagina web. Ponemos su datos directamente en una secci\u00f3n dedicada. Podr\u00e1 hacer pedido directamente [&hellip;]<\/p>\n","protected":false},"author":1,"featured_media":0,"parent":0,"menu_order":0,"comment_status":"closed","ping_status":"closed","template":"page-full-width.php","meta":{"jetpack_post_was_ever_published":false,"footnotes":""},"class_list":["post-7799","page","type-page","status-publish","hentry"],"jetpack_sharing_enabled":true,"jetpack_shortlink":"https:\/\/wp.me\/PakbpD-21N","_links":{"self":[{"href":"https:\/\/ozapato.com\/cr\/wp-json\/wp\/v2\/pages\/7799","targetHints":{"allow":["GET"]}}],"collection":[{"href":"https:\/\/ozapato.com\/cr\/wp-json\/wp\/v2\/pages"}],"about":[{"href":"https:\/\/ozapato.com\/cr\/wp-json\/wp\/v2\/types\/page"}],"author":[{"embeddable":true,"href":"https:\/\/ozapato.com\/cr\/wp-json\/wp\/v2\/users\/1"}],"replies":[{"embeddable":true,"href":"https:\/\/ozapato.com\/cr\/wp-json\/wp\/v2\/comments?post=7799"}],"version-history":[{"count":15,"href":"https:\/\/ozapato.com\/cr\/wp-json\/wp\/v2\/pages\/7799\/revisions"}],"predecessor-version":[{"id":7818,"href":"https:\/\/ozapato.com\/cr\/wp-json\/wp\/v2\/pages\/7799\/revisions\/7818"}],"wp:attachment":[{"href":"https:\/\/ozapato.com\/cr\/wp-json\/wp\/v2\/media?parent=7799"}],"curies":[{"name":"wp","href":"https:\/\/api.w.org\/{rel}","templated":true}]}}