{"id":847,"date":"2016-02-01T22:13:05","date_gmt":"2016-02-01T22:13:05","guid":{"rendered":"https:\/\/ozapato.com\/pa\/?page_id=847"},"modified":"2017-02-23T23:52:14","modified_gmt":"2017-02-23T18:52:14","slug":"botas-de-seguridad-industrial-con-puntera","status":"publish","type":"page","link":"https:\/\/ozapato.com\/cr\/botas-de-seguridad-industrial-con-puntera\/","title":{"rendered":"Botas De Seguridad Industrial Con Puntera"},"content":{"rendered":"<p>[vc_row][vc_column width=&#8221;1\/6&#8243;][\/vc_column][vc_column width=&#8221;2\/3&#8243;][vc_column_text]<\/p>\n<p style=\"text-align: justify\">Las botas de seguridad industrial con puntera\u00a0son botas que fueron construidas especialmente para un uso pesado. En estas botas, se integra una puntera\u00a0met\u00e1lica o de poliamida que le permite tener su pie protegido durante su d\u00eda de trabajo. Adem\u00e1s previene lesiones por la ca\u00edda de objetos pesados.<\/p>\n<p>[\/vc_column_text][\/vc_column][vc_column width=&#8221;1\/6&#8243;][\/vc_column][\/vc_row][vc_row][vc_column width=&#8221;1\/6&#8243;][\/vc_column][vc_column width=&#8221;2\/3&#8243;]<div class=\"woocommerce columns-3 \"><\/div>[\/vc_column][vc_column width=&#8221;1\/6&#8243;][\/vc_column][\/vc_row][vc_row][vc_column width=&#8221;1\/6&#8243;][\/vc_column][vc_column width=&#8221;2\/3&#8243;][vc_column_text]Todas estas botas son dise\u00f1adas y fabricadas en Mexico. Si esta buscando unas botas de seguridad industrial con puntera\u00a0con un dise\u00f1o especifico, no dude en contactarnos directamente en <a href=\"mailto:amontero@grupocoban.co.cr\" target=\"_blank\">amontero@grupocoban.co.cr<\/a>[\/vc_column_text][\/vc_column][vc_column width=&#8221;1\/6&#8243;][\/vc_column][\/vc_row][vc_row][vc_column width=&#8221;1\/6&#8243;][\/vc_column][vc_column width=&#8221;2\/3&#8243; css=&#8221;.vc_custom_1463521545778{background-color: #efefef !important;}&#8221;][vc_column_text]<\/p>\n<h1 style=\"text-align: center\"><strong>\u00bfQU\u00c9 HACEMOS?<\/strong><\/h1>\n<p style=\"text-align: justify\">OZAPATO es una marca de botas de seguridad industrial con puntera ubicada en Costa Rica.\u00a0Hemos aprendido a lo largo de los a\u00f1os, c\u00f3mo fabricar productos de alta calidad de manera responsable. Producimos y distribuimos nuestros productos en M\u00e9xico, Panam\u00e1 y en los Estados Unidos.\u00a0En Panam\u00e1, contamos con una l\u00ednea de botas y zapatillas\u00a0de cuero y una l\u00ednea de botas de seguridad industrial con puntera.<\/p>\n<h1 style=\"text-align: center\"><strong>\u00bfCOMO LO\u00a0HACEMOS?<\/strong><\/h1>\n<p style=\"text-align: justify\">Todas nuestras botas de seguridad industrial son fabricadas con materiales de alta calidad. Tenga la confianza que sus pies estar\u00e1n protegidos en cada momento. Estamos tan seguros de la calidad de nuestros modelos de botas de seguridad industrial que ofrecemos una garant\u00eda de 4 meses y hasta 6 meses para las botas de seguridad m\u00e1s premium. Adem\u00e1s ofrecemos un servicio de entrega en 24 horas.<\/p>\n<h1 style=\"text-align: center\"><strong>\u00bfPOR QU\u00c9\u00a0LO\u00a0HACEMOS?<\/strong><\/h1>\n<p style=\"text-align: justify\">OZAPATO\u00a0naci\u00f3 con la\u00a0idea de servir la comunidad local. La producci\u00f3n de nuestras botas de seguridad industrial es\u00a0un\u00a0proceso transparente que sustenta el balance socio econ\u00f3mico de la comunidad a la que pertenece.<\/p>\n<p style=\"text-align: justify\">El valor m\u00e1s importante de OZAPATO es la entrega directa hasta el cliente. Evitamos todos los intermediarios que no a\u00f1aden valor a nuestros consumidores. Cada etapa de la fabricaci\u00f3n de botas de seguridad industrial debe beneficiar a la gente que fabrica el calzado.<\/p>\n<p style=\"text-align: justify\">A nuestro equipo le apasiona desarrollar botas de seguridad en un ambiente social y econ\u00f3mico justo. Queremos que nuestros clientes conf\u00eden en que no s\u00f3lo compran botas bien hechas y de buena calidad, sino que tambi\u00e9n cada persona incluida en la\u00a0cadena de suministro reciba un trato justo al momento de realizar su trabajo.<\/p>\n<p>[\/vc_column_text][\/vc_column][vc_column width=&#8221;1\/6&#8243;][\/vc_column][\/vc_row]<\/p>\n","protected":false},"excerpt":{"rendered":"<p>[vc_row][vc_column width=&#8221;1\/6&#8243;][\/vc_column][vc_column width=&#8221;2\/3&#8243;][vc_column_text] Las botas de seguridad industrial con puntera\u00a0son botas que fueron construidas especialmente para un uso pesado. En estas botas, se integra una puntera\u00a0met\u00e1lica o de poliamida que le permite tener su pie protegido durante su d\u00eda de trabajo. Adem\u00e1s previene lesiones por la ca\u00edda de objetos pesados. [\/vc_column_text][\/vc_column][vc_column width=&#8221;1\/6&#8243;][\/vc_column][\/vc_row][vc_row][vc_column width=&#8221;1\/6&#8243;][\/vc_column][vc_column width=&#8221;2\/3&#8243;][\/vc_column][vc_column width=&#8221;1\/6&#8243;][\/vc_column][\/vc_row][vc_row][vc_column [&hellip;]<\/p>\n","protected":false},"author":1,"featured_media":0,"parent":0,"menu_order":0,"comment_status":"closed","ping_status":"closed","template":"","meta":{"jetpack_post_was_ever_published":false,"footnotes":""},"class_list":["post-847","page","type-page","status-publish","hentry"],"jetpack_sharing_enabled":true,"jetpack_shortlink":"https:\/\/wp.me\/PakbpD-dF","_links":{"self":[{"href":"https:\/\/ozapato.com\/cr\/wp-json\/wp\/v2\/pages\/847","targetHints":{"allow":["GET"]}}],"collection":[{"href":"https:\/\/ozapato.com\/cr\/wp-json\/wp\/v2\/pages"}],"about":[{"href":"https:\/\/ozapato.com\/cr\/wp-json\/wp\/v2\/types\/page"}],"author":[{"embeddable":true,"href":"https:\/\/ozapato.com\/cr\/wp-json\/wp\/v2\/users\/1"}],"replies":[{"embeddable":true,"href":"https:\/\/ozapato.com\/cr\/wp-json\/wp\/v2\/comments?post=847"}],"version-history":[{"count":2,"href":"https:\/\/ozapato.com\/cr\/wp-json\/wp\/v2\/pages\/847\/revisions"}],"predecessor-version":[{"id":5208,"href":"https:\/\/ozapato.com\/cr\/wp-json\/wp\/v2\/pages\/847\/revisions\/5208"}],"wp:attachment":[{"href":"https:\/\/ozapato.com\/cr\/wp-json\/wp\/v2\/media?parent=847"}],"curies":[{"name":"wp","href":"https:\/\/api.w.org\/{rel}","templated":true}]}}