{"id":962,"date":"2016-02-11T16:59:49","date_gmt":"2016-02-11T16:59:49","guid":{"rendered":"https:\/\/ozapato.com\/pa\/?page_id=962"},"modified":"2018-10-03T19:23:47","modified_gmt":"2018-10-03T14:23:47","slug":"industria-maritima","status":"publish","type":"page","link":"https:\/\/ozapato.com\/cr\/industria-maritima\/","title":{"rendered":"Botas de seguridad para la industria mar\u00edtima"},"content":{"rendered":"<p>[vc_row full_width=&#8221;stretch_row&#8221; full_height=&#8221;yes&#8221; video_bg=&#8221;yes&#8221; video_bg_url=&#8221;https:\/\/www.youtube.com\/watch?v=bLGE5k0HGZI&#8221; css=&#8221;.vc_custom_1481549520785{background: #000000 url(https:\/\/ozapato.com\/pa\/wp-content\/uploads\/sites\/2\/2016\/02\/1b3HmA1_01.jpg?id=982) !important;}&#8221;][vc_column width=&#8221;1\/6&#8243;][\/vc_column][vc_column width=&#8221;2\/3&#8243;][vc_column_text]<\/p>\n<h2 style=\"text-align: center;\"><span style=\"color: #ffffff;\">BOTAS\u00a0INDUSTRIALES PARA LA INDUSTRIA MARITIMA<\/span><\/h2>\n<p>[\/vc_column_text][\/vc_column][vc_column width=&#8221;1\/6&#8243;][\/vc_column][\/vc_row][vc_row][vc_column width=&#8221;1\/6&#8243;][\/vc_column][vc_column width=&#8221;2\/3&#8243;]<div class=\"woocommerce columns-3 \"><ul class=\"products columns-3\">\n<li class=\"product type-product post-8342 status-publish first onbackorder product_cat-botas-de-taller-mecanico product_cat-industria-alimentaria product_cat-industrial product_cat-logistica product_cat-portuaria has-post-thumbnail shipping-taxable purchasable product-type-variable\">\r\n\r\n\t\r\n    <div class=\"product_thumbnail_wrapper \">\r\n\r\n\t\t<a href=\"https:\/\/ozapato.com\/cr\/product\/grip-01\/\" class=\"woocommerce-LoopProduct-link woocommerce-loop-product__link\">\r\n\r\n\t        <div class=\"product_thumbnail with_second_image\">\r\n\t            <img loading=\"lazy\" decoding=\"async\" width=\"350\" height=\"350\" src=\"https:\/\/ozapato.com\/cr\/wp-content\/uploads\/sites\/6\/2019\/10\/generation-4a6d5d53-575e-4d1d-96e2-d8bb670c6445-350x350.png\" class=\"attachment-woocommerce_thumbnail size-woocommerce_thumbnail\" alt=\"Grip 01 OZAPATO. Bota con suela antiseslistante en Costa Rica\" srcset=\"https:\/\/ozapato.com\/cr\/wp-content\/uploads\/sites\/6\/2019\/10\/generation-4a6d5d53-575e-4d1d-96e2-d8bb670c6445-350x350.png 350w, https:\/\/ozapato.com\/cr\/wp-content\/uploads\/sites\/6\/2019\/10\/generation-4a6d5d53-575e-4d1d-96e2-d8bb670c6445-300x300.png 300w, https:\/\/ozapato.com\/cr\/wp-content\/uploads\/sites\/6\/2019\/10\/generation-4a6d5d53-575e-4d1d-96e2-d8bb670c6445-150x150.png 150w, https:\/\/ozapato.com\/cr\/wp-content\/uploads\/sites\/6\/2019\/10\/generation-4a6d5d53-575e-4d1d-96e2-d8bb670c6445-768x768.png 768w, https:\/\/ozapato.com\/cr\/wp-content\/uploads\/sites\/6\/2019\/10\/generation-4a6d5d53-575e-4d1d-96e2-d8bb670c6445-570x570.png 570w, https:\/\/ozapato.com\/cr\/wp-content\/uploads\/sites\/6\/2019\/10\/generation-4a6d5d53-575e-4d1d-96e2-d8bb670c6445-100x100.png 100w, https:\/\/ozapato.com\/cr\/wp-content\/uploads\/sites\/6\/2019\/10\/generation-4a6d5d53-575e-4d1d-96e2-d8bb670c6445.png 1000w\" sizes=\"auto, (max-width: 350px) 100vw, 350px\" \/>\t            \t            \t<span class=\"product_thumbnail_background\" style=\"background-image:url(https:\/\/ozapato.com\/cr\/wp-content\/uploads\/sites\/6\/2019\/10\/everart-image-8-350x350.jpg)\"><\/span>\r\n\t        \t\t        <\/div><!--.product_thumbnail-->\r\n\t\t<\/a>\r\n\r\n\t\t\t\t\t\t\t\r\n\t\t\r\n\t\t\r\n\t\t\r\n    <\/div><!--.product_thumbnail_wrapper-->\r\n\r\n    \r\n\t<h2 class=\"woocommerce-loop-product__title\">\r\n\t\t<a href=\"https:\/\/ozapato.com\/cr\/product\/grip-01\/\">Grip 01<\/a>\r\n\t<\/h2>\r\n\r\n\t\r\n        <div class=\"product_after_shop_loop\">\r\n        <div class=\"product_after_shop_loop_switcher\">\r\n    \r\n            \n\t<span class=\"price\"><span class=\"woocommerce-Price-amount amount\"><bdi><span class=\"woocommerce-Price-currencySymbol\">&#x20a1;<\/span>31,000.00<\/bdi><\/span><\/span>\n<a href=\"https:\/\/ozapato.com\/cr\/product\/grip-01\/\" aria-describedby=\"woocommerce_loop_add_to_cart_link_describedby_8342\" data-quantity=\"1\" class=\"button product_type_variable add_to_cart_button\" data-product_id=\"8342\" data-product_sku=\"GRIP01\" aria-label=\"Select options for &ldquo;Grip 01&rdquo;\" rel=\"nofollow\">Select options<\/a>\t<span id=\"woocommerce_loop_add_to_cart_link_describedby_8342\" class=\"screen-reader-text\">\n\t\tThis product has multiple variants. The options may be chosen on the product page\t<\/span>\n\r\n            <\/div>\r\n    <\/div>\r\n    \r\n\t\r\n<\/li>\r\n<li class=\"product type-product post-8670 status-publish instock product_cat-todoterreno product_cat-dielectrica product_cat-industrial product_cat-portuaria product_cat-premium has-post-thumbnail shipping-taxable purchasable product-type-variable\">\r\n\r\n\t\r\n    <div class=\"product_thumbnail_wrapper \">\r\n\r\n\t\t<a href=\"https:\/\/ozapato.com\/cr\/product\/royale-01\/\" class=\"woocommerce-LoopProduct-link woocommerce-loop-product__link\">\r\n\r\n\t        <div class=\"product_thumbnail \">\r\n\t            <img loading=\"lazy\" decoding=\"async\" width=\"350\" height=\"350\" src=\"https:\/\/ozapato.com\/cr\/wp-content\/uploads\/sites\/6\/2019\/10\/thumbmail-royale-01-Brown800x800-350x350.jpg\" class=\"attachment-woocommerce_thumbnail size-woocommerce_thumbnail\" alt=\"Bota dielectrica alta en Costa Rica OZAPATO\" srcset=\"https:\/\/ozapato.com\/cr\/wp-content\/uploads\/sites\/6\/2019\/10\/thumbmail-royale-01-Brown800x800-350x350.jpg 350w, https:\/\/ozapato.com\/cr\/wp-content\/uploads\/sites\/6\/2019\/10\/thumbmail-royale-01-Brown800x800-150x150.jpg 150w, https:\/\/ozapato.com\/cr\/wp-content\/uploads\/sites\/6\/2019\/10\/thumbmail-royale-01-Brown800x800-300x300.jpg 300w, https:\/\/ozapato.com\/cr\/wp-content\/uploads\/sites\/6\/2019\/10\/thumbmail-royale-01-Brown800x800-768x768.jpg 768w, https:\/\/ozapato.com\/cr\/wp-content\/uploads\/sites\/6\/2019\/10\/thumbmail-royale-01-Brown800x800-570x570.jpg 570w, https:\/\/ozapato.com\/cr\/wp-content\/uploads\/sites\/6\/2019\/10\/thumbmail-royale-01-Brown800x800-100x100.jpg 100w, https:\/\/ozapato.com\/cr\/wp-content\/uploads\/sites\/6\/2019\/10\/thumbmail-royale-01-Brown800x800.jpg 800w\" sizes=\"auto, (max-width: 350px) 100vw, 350px\" \/>\t            \t        <\/div><!--.product_thumbnail-->\r\n\t\t<\/a>\r\n\r\n\t\t\t\t\t\t\t\r\n\t\t\r\n\t\t\r\n\t\t\r\n    <\/div><!--.product_thumbnail_wrapper-->\r\n\r\n    \r\n\t<h2 class=\"woocommerce-loop-product__title\">\r\n\t\t<a href=\"https:\/\/ozapato.com\/cr\/product\/royale-01\/\">Royale 01<\/a>\r\n\t<\/h2>\r\n\r\n\t\r\n        <div class=\"product_after_shop_loop\">\r\n        <div class=\"product_after_shop_loop_switcher\">\r\n    \r\n            \n\t<span class=\"price\"><span class=\"woocommerce-Price-amount amount\"><bdi><span class=\"woocommerce-Price-currencySymbol\">&#x20a1;<\/span>42,500.00<\/bdi><\/span><\/span>\n<a href=\"https:\/\/ozapato.com\/cr\/product\/royale-01\/\" aria-describedby=\"woocommerce_loop_add_to_cart_link_describedby_8670\" data-quantity=\"1\" class=\"button product_type_variable add_to_cart_button\" data-product_id=\"8670\" data-product_sku=\"\" aria-label=\"Select options for &ldquo;Royale 01&rdquo;\" rel=\"nofollow\">Select options<\/a>\t<span id=\"woocommerce_loop_add_to_cart_link_describedby_8670\" class=\"screen-reader-text\">\n\t\tThis product has multiple variants. The options may be chosen on the product page\t<\/span>\n\r\n            <\/div>\r\n    <\/div>\r\n    \r\n\t\r\n<\/li>\r\n<li class=\"product type-product post-8329 status-publish last instock product_cat-dielectrica product_cat-botas-de-construccion product_cat-industrial product_cat-para-mujeres product_cat-portuaria has-post-thumbnail shipping-taxable purchasable product-type-variable\">\r\n\r\n\t\r\n    <div class=\"product_thumbnail_wrapper \">\r\n\r\n\t\t<a href=\"https:\/\/ozapato.com\/cr\/product\/watt-01-2-calzado-dielectrico\/\" class=\"woocommerce-LoopProduct-link woocommerce-loop-product__link\">\r\n\r\n\t        <div class=\"product_thumbnail with_second_image\">\r\n\t            <img loading=\"lazy\" decoding=\"async\" width=\"350\" height=\"350\" src=\"https:\/\/ozapato.com\/cr\/wp-content\/uploads\/sites\/6\/2019\/10\/Gemini_Generated_Image_oah1k9oah1k9oah1-copy-350x350.jpg\" class=\"attachment-woocommerce_thumbnail size-woocommerce_thumbnail\" alt=\"botas de seguridad Watt 01 OZAPATO Costa Rica. Botas dielectricas ASTM F2412-13 EH\" srcset=\"https:\/\/ozapato.com\/cr\/wp-content\/uploads\/sites\/6\/2019\/10\/Gemini_Generated_Image_oah1k9oah1k9oah1-copy-350x350.jpg 350w, https:\/\/ozapato.com\/cr\/wp-content\/uploads\/sites\/6\/2019\/10\/Gemini_Generated_Image_oah1k9oah1k9oah1-copy-300x300.jpg 300w, https:\/\/ozapato.com\/cr\/wp-content\/uploads\/sites\/6\/2019\/10\/Gemini_Generated_Image_oah1k9oah1k9oah1-copy-150x150.jpg 150w, https:\/\/ozapato.com\/cr\/wp-content\/uploads\/sites\/6\/2019\/10\/Gemini_Generated_Image_oah1k9oah1k9oah1-copy-570x569.jpg 570w, https:\/\/ozapato.com\/cr\/wp-content\/uploads\/sites\/6\/2019\/10\/Gemini_Generated_Image_oah1k9oah1k9oah1-copy-100x100.jpg 100w, https:\/\/ozapato.com\/cr\/wp-content\/uploads\/sites\/6\/2019\/10\/Gemini_Generated_Image_oah1k9oah1k9oah1-copy.jpg 713w\" sizes=\"auto, (max-width: 350px) 100vw, 350px\" \/>\t            \t            \t<span class=\"product_thumbnail_background\" style=\"background-image:url(https:\/\/ozapato.com\/cr\/wp-content\/uploads\/sites\/6\/2019\/10\/Gemini_Generated_Image_z7pbphz7pbphz7pb-350x350.jpg)\"><\/span>\r\n\t        \t\t        <\/div><!--.product_thumbnail-->\r\n\t\t<\/a>\r\n\r\n\t\t\t\t\t\t\t\r\n\t\t\r\n\t\t\r\n\t\t\r\n    <\/div><!--.product_thumbnail_wrapper-->\r\n\r\n    \r\n\t<h2 class=\"woocommerce-loop-product__title\">\r\n\t\t<a href=\"https:\/\/ozapato.com\/cr\/product\/watt-01-2-calzado-dielectrico\/\">Watt 01 &#8211; Botas dielectricas<\/a>\r\n\t<\/h2>\r\n\r\n\t\r\n        <div class=\"product_after_shop_loop\">\r\n        <div class=\"product_after_shop_loop_switcher\">\r\n    \r\n            \n\t<span class=\"price\"><span class=\"woocommerce-Price-amount amount\"><bdi><span class=\"woocommerce-Price-currencySymbol\">&#x20a1;<\/span>38,500.00<\/bdi><\/span><\/span>\n<a href=\"https:\/\/ozapato.com\/cr\/product\/watt-01-2-calzado-dielectrico\/\" aria-describedby=\"woocommerce_loop_add_to_cart_link_describedby_8329\" data-quantity=\"1\" class=\"button product_type_variable add_to_cart_button\" data-product_id=\"8329\" data-product_sku=\"watt01\" aria-label=\"Select options for &ldquo;Watt 01 - Botas dielectricas&rdquo;\" rel=\"nofollow\">Select options<\/a>\t<span id=\"woocommerce_loop_add_to_cart_link_describedby_8329\" class=\"screen-reader-text\">\n\t\tThis product has multiple variants. The options may be chosen on the product page\t<\/span>\n\r\n            <\/div>\r\n    <\/div>\r\n    \r\n\t\r\n<\/li>\r\n<li class=\"product type-product post-8542 status-publish first onbackorder product_cat-botas-de-construccion product_cat-dielectrica product_cat-calzado-goodyear-welt product_cat-industrial product_cat-portuaria product_cat-premium product_cat-todoterreno has-post-thumbnail shipping-taxable purchasable product-type-variable\">\r\n\r\n\t\r\n    <div class=\"product_thumbnail_wrapper \">\r\n\r\n\t\t<a href=\"https:\/\/ozapato.com\/cr\/product\/welt-01\/\" class=\"woocommerce-LoopProduct-link woocommerce-loop-product__link\">\r\n\r\n\t        <div class=\"product_thumbnail \">\r\n\t            <img loading=\"lazy\" decoding=\"async\" width=\"350\" height=\"350\" src=\"https:\/\/ozapato.com\/cr\/wp-content\/uploads\/sites\/6\/2019\/10\/Welt01_thumbmail-800x800-350x350.jpg\" class=\"attachment-woocommerce_thumbnail size-woocommerce_thumbnail\" alt=\"Welt 01 son botas libres de metal\" srcset=\"https:\/\/ozapato.com\/cr\/wp-content\/uploads\/sites\/6\/2019\/10\/Welt01_thumbmail-800x800-350x350.jpg 350w, https:\/\/ozapato.com\/cr\/wp-content\/uploads\/sites\/6\/2019\/10\/Welt01_thumbmail-800x800-150x150.jpg 150w, https:\/\/ozapato.com\/cr\/wp-content\/uploads\/sites\/6\/2019\/10\/Welt01_thumbmail-800x800-300x300.jpg 300w, https:\/\/ozapato.com\/cr\/wp-content\/uploads\/sites\/6\/2019\/10\/Welt01_thumbmail-800x800-768x768.jpg 768w, https:\/\/ozapato.com\/cr\/wp-content\/uploads\/sites\/6\/2019\/10\/Welt01_thumbmail-800x800-570x570.jpg 570w, https:\/\/ozapato.com\/cr\/wp-content\/uploads\/sites\/6\/2019\/10\/Welt01_thumbmail-800x800-100x100.jpg 100w, https:\/\/ozapato.com\/cr\/wp-content\/uploads\/sites\/6\/2019\/10\/Welt01_thumbmail-800x800.jpg 800w\" sizes=\"auto, (max-width: 350px) 100vw, 350px\" \/>\t            \t        <\/div><!--.product_thumbnail-->\r\n\t\t<\/a>\r\n\r\n\t\t\t\t\t\t\t\r\n\t\t\r\n\t\t\r\n\t\t\r\n    <\/div><!--.product_thumbnail_wrapper-->\r\n\r\n    \r\n\t<h2 class=\"woocommerce-loop-product__title\">\r\n\t\t<a href=\"https:\/\/ozapato.com\/cr\/product\/welt-01\/\">Welt 01<\/a>\r\n\t<\/h2>\r\n\r\n\t\r\n        <div class=\"product_after_shop_loop\">\r\n        <div class=\"product_after_shop_loop_switcher\">\r\n    \r\n            \n\t<span class=\"price\"><span class=\"woocommerce-Price-amount amount\"><bdi><span class=\"woocommerce-Price-currencySymbol\">&#x20a1;<\/span>56,000.00<\/bdi><\/span><\/span>\n<a href=\"https:\/\/ozapato.com\/cr\/product\/welt-01\/\" aria-describedby=\"woocommerce_loop_add_to_cart_link_describedby_8542\" data-quantity=\"1\" class=\"button product_type_variable add_to_cart_button\" data-product_id=\"8542\" data-product_sku=\"WELT01\" aria-label=\"Select options for &ldquo;Welt 01&rdquo;\" rel=\"nofollow\">Select options<\/a>\t<span id=\"woocommerce_loop_add_to_cart_link_describedby_8542\" class=\"screen-reader-text\">\n\t\tThis product has multiple variants. The options may be chosen on the product page\t<\/span>\n\r\n            <\/div>\r\n    <\/div>\r\n    \r\n\t\r\n<\/li>\r\n<\/ul>\n<\/div>[\/vc_column][vc_column width=&#8221;1\/6&#8243;][\/vc_column][\/vc_row][vc_row][vc_column width=&#8221;1\/6&#8243;][\/vc_column][vc_column width=&#8221;2\/3&#8243;][vc_masonry_media_grid element_width=&#8221;3&#8243; grid_id=&#8221;vc_gid:1538576548361-c146dbcf-ef36-4&#8243; include=&#8221;6201,6197,6196,6190,6188,6187,6182,6181,6180,6177,6170,6168,6167,6160,6159&#8243;][\/vc_column][vc_column width=&#8221;1\/6&#8243;][\/vc_column][\/vc_row][vc_row][vc_column width=&#8221;1\/6&#8243;][\/vc_column][vc_column width=&#8221;2\/3&#8243;][vc_column_text]<\/p>\n<p style=\"text-align: center;\"><strong>Descubra nuestras botas y calzados fabricados para la industria\u00a0mar\u00edtima<br \/>\n<\/strong><\/p>\n<p style=\"text-align: justify;\">Para coser\u00a0nuestras\u00a0botas utilizamos\u00a0un proceso &#8220;<a href=\"http:\/\/goodyearwelt.es\/fr\/fabricacion-good-year-welt\" target=\"_blank\" rel=\"noopener\">Goodyear Welt<\/a>&#8221; y un\u00a0cuero de calidad, lo cual permite que sus pies est\u00e9n completamente secos en todo momento. \u00a0Sabemos que en la industria mar\u00edtima y portuaria existen riesgos constantes, por\u00a0su <a href=\"https:\/\/ozapato.com\/cr\/10-normas-de-seguridad-industrial-que-debe-de-conocer\/\" target=\"_blank\" rel=\"noopener\">seguridad<\/a>\u00a0hemos a\u00f1adido <a href=\"https:\/\/ozapato.com\/cr\/casco-de-poliamida\/\" target=\"_blank\" rel=\"noopener\">un casco<\/a> y <a href=\"https:\/\/ozapato.com\/cr\/las-4-ventajas-de-las-plantillas-antiperforacion-textiles\/\" target=\"_blank\" rel=\"noopener\">plantillas antiperforaci\u00f3n textiles<\/a>\u00a0que lo proteger\u00e1n de los peligros que puede encontrar en su trabajo diario. Nuestra suela de elast\u00f3mero es ideal para caminar en superficies con una gran presencia de agua o de hidrocarburos. Su tecnolog\u00eda slip resistance y oil resistance est\u00e1 pensada para \u00e1reas muy resbaladizas, especialmente las\u00a0superficies met\u00e1licas y lisas.<\/p>\n<p style=\"text-align: justify;\">Con las botas de seguridad diel\u00e9ctricas,\u00a0antideslizantes, hidrofugadas y reforzadas tenemos soluciones para cualquier tipo de industria. Elija\u00a0las botas que necesite para trabajar con seguridad<\/p>\n<p>[\/vc_column_text][\/vc_column][vc_column width=&#8221;1\/6&#8243;][\/vc_column][\/vc_row][vc_row][vc_column width=&#8221;1\/6&#8243;][\/vc_column][vc_column width=&#8221;2\/3&#8243; css=&#8221;.vc_custom_1456174598177{background-color: #dd3333 !important;}&#8221;][vc_column_text]<\/p>\n<div class=\"wpb_text_column wpb_content_element \">\n<h1 class=\"wpb_wrapper\" style=\"text-align: center;\"><span style=\"color: #ffffff;\"><strong>\u00bfQU\u00c9 HACEMOS?<\/strong>\u00a0<\/span><\/h1>\n<\/div>\n<div class=\"wpb_text_column wpb_content_element \">\n<div class=\"wpb_wrapper\">\n<div class=\"wpb_text_column wpb_content_element \">\n<div class=\"wpb_wrapper\">\n<p style=\"text-align: justify;\"><span style=\"color: #ffffff;\">OZAPATO es una marca de calzado ubicada en Pachuca, M\u00e9xico. Fabricamos botas de seguridad industrial y contamos con presencia en Costa Rica, Rep\u00fablica Dominicana, M\u00e9xico, Panam\u00e1 y Estados Unidos. Hemos aprendido a lo largo de los a\u00f1os como fabricar botas de seguridad con calidad y de manera responsable. En Costa Rica, nuestra l\u00ednea industrial cuenta con botas de seguridad, botas de seguridad diel\u00e9ctricas y botas t\u00e1cticas. \u00a1Elija de nuestro cat\u00e1logo las botas que necesita para trabajar con seguridad!<\/span><\/p>\n<\/div>\n<\/div>\n<\/div>\n<\/div>\n<p>[\/vc_column_text][\/vc_column][vc_column width=&#8221;1\/6&#8243;][\/vc_column][\/vc_row][vc_row][vc_column width=&#8221;1\/6&#8243;][\/vc_column][vc_column width=&#8221;2\/3&#8243; css=&#8221;.vc_custom_1456174610082{background-color: #dd3333 !important;}&#8221;][vc_column_text]<\/p>\n<h1 style=\"text-align: center;\"><span style=\"color: #ffffff;\">\u00bfCOMO LO\u00a0HACEMOS?<\/span><\/h1>\n<p><span style=\"color: #ffffff;\">Todas nuestras botas de seguridad industrial est\u00e1n fabricadas con materiales de alta calidad. Tenga la confianza que sus pies estar\u00e1n protegidos en cada momento. Estamos tan seguros de la calidad de nuestros modelos de botas de seguridad industrial que ofrecemos una garant\u00eda de 4 meses y hasta 6 meses para las botas de seguridad m\u00e1s premium. Adem\u00e1s ofrecemos un servicio de entrega en 24 horas.<\/span>[\/vc_column_text][\/vc_column][vc_column width=&#8221;1\/6&#8243;][\/vc_column][\/vc_row][vc_row][vc_column width=&#8221;1\/6&#8243;][\/vc_column][vc_column width=&#8221;2\/3&#8243; css=&#8221;.vc_custom_1456174626082{background-color: #dd3333 !important;}&#8221;][vc_column_text]<\/p>\n<h1 style=\"text-align: center;\"><span style=\"color: #ffffff;\">\u00bfPOR QU\u00c9\u00a0LO\u00a0HACEMOS?<\/span><\/h1>\n<p><span style=\"color: #ffffff;\">OZAPATO\u00a0naci\u00f3 con la\u00a0idea de servir a la comunidad local. La producci\u00f3n de nuestras botas de seguridad industrial es\u00a0un\u00a0proceso transparente que sustenta el balance socio econ\u00f3mico de la comunidad a la que pertenece.<\/span><\/p>\n<p><span style=\"color: #ffffff;\">El valor m\u00e1s importante de OZAPATO es la entrega directa hasta el cliente. Evitamos todos los intermediarios que no a\u00f1aden valor a nuestros consumidores. Cada etapa de la fabricaci\u00f3n de botas de seguridad industrial debe beneficiar a la gente que fabrica el calzado.<\/span><\/p>\n<p><span style=\"color: #ffffff;\">A nuestro equipo le apasiona desarrollar botas de seguridad en un ambiente social y econ\u00f3mico justo. Queremos que nuestros clientes conf\u00eden en que no s\u00f3lo compran botas bien hechas y de buena calidad, sino que tambi\u00e9n cada persona incluida en la\u00a0cadena de suministro reciba un trato justo al momento de realizar su trabajo.<\/span>[\/vc_column_text][\/vc_column][vc_column width=&#8221;1\/6&#8243;][\/vc_column][\/vc_row][vc_row][vc_column width=&#8221;1\/6&#8243;][\/vc_column][vc_column width=&#8221;2\/3&#8243;][vc_column_text]Chateanos, o envia un correo a costarica@ozapato.com para conocer nuestra oferta de botas de seguridad industrial dise\u00f1adas para Costa Rica y recibir una cotizaci\u00f3n gratuita. Tenemos soluciones para todas la industria mar\u00edtima.[\/vc_column_text][\/vc_column][vc_column width=&#8221;1\/6&#8243;][\/vc_column][\/vc_row][vc_row][vc_column][\/vc_column][\/vc_row]<\/p>\n","protected":false},"excerpt":{"rendered":"<p>[vc_row full_width=&#8221;stretch_row&#8221; full_height=&#8221;yes&#8221; video_bg=&#8221;yes&#8221; video_bg_url=&#8221;https:\/\/www.youtube.com\/watch?v=bLGE5k0HGZI&#8221; css=&#8221;.vc_custom_1481549520785{background: #000000 url(https:\/\/ozapato.com\/pa\/wp-content\/uploads\/sites\/2\/2016\/02\/1b3HmA1_01.jpg?id=982) !important;}&#8221;][vc_column width=&#8221;1\/6&#8243;][\/vc_column][vc_column width=&#8221;2\/3&#8243;][vc_column_text] BOTAS\u00a0INDUSTRIALES PARA LA INDUSTRIA MARITIMA [\/vc_column_text][\/vc_column][vc_column width=&#8221;1\/6&#8243;][\/vc_column][\/vc_row][vc_row][vc_column width=&#8221;1\/6&#8243;][\/vc_column][vc_column width=&#8221;2\/3&#8243;][\/vc_column][vc_column width=&#8221;1\/6&#8243;][\/vc_column][\/vc_row][vc_row][vc_column width=&#8221;1\/6&#8243;][\/vc_column][vc_column width=&#8221;2\/3&#8243;][vc_masonry_media_grid element_width=&#8221;3&#8243; grid_id=&#8221;vc_gid:1538576548361-c146dbcf-ef36-4&#8243; include=&#8221;6201,6197,6196,6190,6188,6187,6182,6181,6180,6177,6170,6168,6167,6160,6159&#8243;][\/vc_column][vc_column width=&#8221;1\/6&#8243;][\/vc_column][\/vc_row][vc_row][vc_column width=&#8221;1\/6&#8243;][\/vc_column][vc_column width=&#8221;2\/3&#8243;][vc_column_text] Descubra nuestras botas y calzados fabricados para la industria\u00a0mar\u00edtima Para coser\u00a0nuestras\u00a0botas utilizamos\u00a0un proceso &#8220;Goodyear Welt&#8221; y un\u00a0cuero de calidad, lo cual permite que sus pies est\u00e9n [&hellip;]<\/p>\n","protected":false},"author":1,"featured_media":0,"parent":0,"menu_order":0,"comment_status":"closed","ping_status":"closed","template":"page-full-width.php","meta":{"jetpack_post_was_ever_published":false,"footnotes":""},"class_list":["post-962","page","type-page","status-publish","hentry"],"jetpack_sharing_enabled":true,"jetpack_shortlink":"https:\/\/wp.me\/PakbpD-fw","_links":{"self":[{"href":"https:\/\/ozapato.com\/cr\/wp-json\/wp\/v2\/pages\/962","targetHints":{"allow":["GET"]}}],"collection":[{"href":"https:\/\/ozapato.com\/cr\/wp-json\/wp\/v2\/pages"}],"about":[{"href":"https:\/\/ozapato.com\/cr\/wp-json\/wp\/v2\/types\/page"}],"author":[{"embeddable":true,"href":"https:\/\/ozapato.com\/cr\/wp-json\/wp\/v2\/users\/1"}],"replies":[{"embeddable":true,"href":"https:\/\/ozapato.com\/cr\/wp-json\/wp\/v2\/comments?post=962"}],"version-history":[{"count":8,"href":"https:\/\/ozapato.com\/cr\/wp-json\/wp\/v2\/pages\/962\/revisions"}],"predecessor-version":[{"id":7244,"href":"https:\/\/ozapato.com\/cr\/wp-json\/wp\/v2\/pages\/962\/revisions\/7244"}],"wp:attachment":[{"href":"https:\/\/ozapato.com\/cr\/wp-json\/wp\/v2\/media?parent=962"}],"curies":[{"name":"wp","href":"https:\/\/api.w.org\/{rel}","templated":true}]}}