{"id":10820,"date":"2021-02-10T01:58:52","date_gmt":"2021-02-09T20:58:52","guid":{"rendered":"https:\/\/ozapato.com\/cr\/producto\/comfort-16\/"},"modified":"2026-02-05T22:25:32","modified_gmt":"2026-02-05T17:25:32","slug":"comfort-16","status":"publish","type":"product","link":"https:\/\/ozapato.com\/cr\/product\/comfort-16\/","title":{"rendered":"Comfort 16"},"content":{"rendered":"<p>[vc_row][vc_column][vc_column_text]<\/p>\n<h3 style=\"text-align: center;\">EL CALZADO ES UN FACTOR CLAVE DE SEGURIDAD<\/h3>\n<p>El calzado es un factor de seguridad muy importante para los trabajadores de laboratorios, por lo que tener la mejor calidad es crucial. Por otro lado, la comodidad tambi\u00e9n es importante para el usuario, ya que el brindarle bienestar asegura el correcto desempe\u00f1o de labores. En OZAPATO hemos desarrollado modelos de calzado para la industria farmac\u00e9utica tomando los dos factores cruciales para obtener resultados de calidad: seguridad y comodidad.<\/p>\n<p>Adem\u00e1s, contamos con certificaciones de seguridad ISO y ASTM, por lo que nuestro calzado asegura la mayor seguridad y comodidad en cada uno de nuestros zapatos.<\/p>\n<p>&nbsp;<\/p>\n<p>[\/vc_column_text][vc_column_text]<\/p>\n<h3 style=\"text-align: center;\">CARACTER\u00cdSTICAS CLAVE DE NUESTROS PRODUCTOS:<\/h3>\n<ul>\n<li>Tejido antimicrobial, dise\u00f1ado para prevenir la generaci\u00f3n de bacterias y act\u00faa tambi\u00e9n como microbial, lo cual dificulta la aparici\u00f3n de microbios en el tejido.<\/li>\n<li>Suela Slip and Oil Resistant, que es excelente antideslizante, y proporciona mejor tracci\u00f3n en todas las superficies. Al no absorver sustancias qu\u00edmicas como aceites, grasas o gasolinas, la suela aumenta su durabilidad.<\/li>\n<li>Tecnolog\u00eda DryFast: Suela resistente a humedad.<\/li>\n<li>Plantilla antiperforaci\u00f3n de kevlar con certificaci\u00f3n ISO y ASTM.<\/li>\n<li>Sin puntera de poliamida.<\/li>\n<li>Calzado libre de metal, por lo que ser\u00e1 segura tambi\u00e9n en situaciones que impliquen alg\u00fan riesgo el\u00e9ctrico.<\/li>\n<li>Tecnolog\u00eda anti-fatiga en suela, con ultraflexibilidad que absorbe los choques al caminar.<\/li>\n<li>Garant\u00eda de 4 meses por defectos de f\u00e1brica.<\/li>\n<\/ul>\n<p>[\/vc_column_text][vc_column_text]<\/p>\n<h3 style=\"text-align: center;\">NORMATIVAS Y CERTIFICACIONES DE NUESTROS PRODUCTOS<\/h3>\n<ul>\n<li>ASTM F2412-11<\/li>\n<li>ISO<\/li>\n<\/ul>\n<p>[\/vc_column_text][\/vc_column][\/vc_row]<\/p>\n","protected":false},"excerpt":{"rendered":"<p>[vc_row][vc_column][vc_column_text] EL CALZADO ES UN FACTOR CLAVE DE SEGURIDAD El calzado es un factor de seguridad muy importante para los trabajadores de laboratorios, por lo que tener la mejor calidad es crucial. Por otro lado, la comodidad tambi\u00e9n es importante para el usuario, ya que el brindarle bienestar asegura el correcto desempe\u00f1o de labores. En [&hellip;]<\/p>\n","protected":false},"featured_media":12022,"comment_status":"open","ping_status":"closed","template":"","meta":{"jetpack_post_was_ever_published":false,"jetpack_publicize_message":"","jetpack_publicize_feature_enabled":true,"jetpack_social_post_already_shared":true,"jetpack_social_options":{"image_generator_settings":{"template":"highway","default_image_id":0,"font":"","enabled":false},"version":2}},"product_brand":[],"product_cat":[236],"product_tag":[],"class_list":{"0":"post-10820","1":"product","2":"type-product","3":"status-publish","4":"has-post-thumbnail","6":"product_cat-industria-farmaceutica","7":"pa_size-91","8":"pa_size-92","9":"pa_size-93","10":"pa_size-94","11":"pa_size-95","12":"pa_size-96","13":"pa_size-97","14":"pa_size-98","15":"pa_size-99","16":"pa_size-100","17":"pa_size-101","18":"pa_size-102","20":"first","21":"instock","22":"shipping-taxable","23":"purchasable","24":"product-type-variable"},"jetpack_publicize_connections":[],"jetpack_sharing_enabled":true,"_links":{"self":[{"href":"https:\/\/ozapato.com\/cr\/wp-json\/wp\/v2\/product\/10820","targetHints":{"allow":["GET"]}}],"collection":[{"href":"https:\/\/ozapato.com\/cr\/wp-json\/wp\/v2\/product"}],"about":[{"href":"https:\/\/ozapato.com\/cr\/wp-json\/wp\/v2\/types\/product"}],"replies":[{"embeddable":true,"href":"https:\/\/ozapato.com\/cr\/wp-json\/wp\/v2\/comments?post=10820"}],"wp:featuredmedia":[{"embeddable":true,"href":"https:\/\/ozapato.com\/cr\/wp-json\/wp\/v2\/media\/12022"}],"wp:attachment":[{"href":"https:\/\/ozapato.com\/cr\/wp-json\/wp\/v2\/media?parent=10820"}],"wp:term":[{"taxonomy":"product_brand","embeddable":true,"href":"https:\/\/ozapato.com\/cr\/wp-json\/wp\/v2\/product_brand?post=10820"},{"taxonomy":"product_cat","embeddable":true,"href":"https:\/\/ozapato.com\/cr\/wp-json\/wp\/v2\/product_cat?post=10820"},{"taxonomy":"product_tag","embeddable":true,"href":"https:\/\/ozapato.com\/cr\/wp-json\/wp\/v2\/product_tag?post=10820"}],"curies":[{"name":"wp","href":"https:\/\/api.w.org\/{rel}","templated":true}]}}