{"id":11426,"date":"2021-08-26T18:43:07","date_gmt":"2021-08-26T13:43:07","guid":{"rendered":"https:\/\/ozapato.com\/cr\/producto\/tokyo-01\/"},"modified":"2025-07-28T22:30:12","modified_gmt":"2025-07-28T17:30:12","slug":"tokyo-01","status":"publish","type":"product","link":"https:\/\/ozapato.com\/cr\/product\/tokyo-01\/","title":{"rendered":"Tokyo 01"},"content":{"rendered":"<p>[vc_row][vc_column width=&#8221;1\/6&#8243;][\/vc_column][vc_column width=&#8221;2\/3&#8243;][vc_column_text]<\/p>\n<ul>\n<li>Suela de elastomero certificada. A prueba de aceites, gasolinera y diesel.\u00a0 Ideal para trabajos semi pesados<\/li>\n<li>Planta interna de poliuretano antifatiga.<\/li>\n<li>PR planta interna antiperforacion certifiada ISO y ASTM<\/li>\n<li>Tela transpirable + Waterproof technology<\/li>\n<li>Nueva puntera de poliamida XL certificada con resistencia a m\u00e1s de 2 toneladas (Norma ASTM 2412-2413).<\/li>\n<li>Altura de 11cm, 4 pulgadas.<\/li>\n<li>Certificada ASTM EH 2412-13 18 000 volts<\/li>\n<li>EH, I75, C75, PR<\/li>\n<li>Peso de 620 gramos en talla 8<\/li>\n<li><a href=\"https:\/\/workdrive.zohoexternal.com\/external\/6Ol2VXp20mt-JqO1d\" target=\"_blank\" rel=\"noopener\">Ficha T\u00e9cnica .<\/a><\/li>\n<\/ul>\n<p>[\/vc_column_text][\/vc_column][vc_column width=&#8221;1\/6&#8243;][\/vc_column][\/vc_row][vc_row][vc_column width=&#8221;1\/6&#8243;][\/vc_column][vc_column width=&#8221;2\/3&#8243;][vc_media_grid element_width=&#8221;6&#8243; grid_id=&#8221;vc_gid:1641398201426-92a839b4-1f33-8&#8243; include=&#8221;11570,11569&#8243;][vc_cta h2=&#8221;&#8221; style=&#8221;custom&#8221; css=&#8221;.vc_custom_1635963188221{background-color: #dd3333 !important;}&#8221; custom_background=&#8221;#dd3333&#8243;]<\/p>\n<p style=\"color: white; text-align: center;\"><strong>\u00bfInteresado en Tokyo 01? \u00a1Reciba una cotizaci\u00f3n en menos de 24 hrs.!<\/strong><\/p>\n<p>[\/vc_cta][vc_column_text]<\/p>\n<div id=\"zf_div_sl0F1AeJ46oBj9k_cj26J-a0AwJLY61C60QOTF3YiPg\"><\/div>\n<p><script type=\"text\/javascript\">(function() {\ntry{\nvar f = document.createElement(\"iframe\");\nf.src = 'https:\/\/forms.zohopublic.com\/virtualoffice9264\/form\/CRWebForm\/formperma\/sl0F1AeJ46oBj9k_cj26J-a0AwJLY61C60QOTF3YiPg?zf_rszfm=1';\nf.style.border=\"none\";\nf.style.height=\"732px\";\nf.style.width=\"90%\";\nf.style.transition=\"all 0.5s ease\";\nvar d = document.getElementById(\"zf_div_sl0F1AeJ46oBj9k_cj26J-a0AwJLY61C60QOTF3YiPg\");\nd.appendChild(f);\nwindow.addEventListener('message', function (){\nvar evntData = event.data;\nif( evntData && evntData.constructor == String ){\nvar zf_ifrm_data = evntData.split(\"|\");\nif ( zf_ifrm_data.length == 2 ) {\nvar zf_perma = zf_ifrm_data[0];\nvar zf_ifrm_ht_nw = ( parseInt(zf_ifrm_data[1], 10) + 15 ) + \"px\";\nvar iframe = document.getElementById(\"zf_div_sl0F1AeJ46oBj9k_cj26J-a0AwJLY61C60QOTF3YiPg\").getElementsByTagName(\"iframe\")[0];\nif ( (iframe.src).indexOf('formperma') > 0 && (iframe.src).indexOf(zf_perma) > 0 ) {\nvar prevIframeHeight = iframe.style.height;\nif ( prevIframeHeight != zf_ifrm_ht_nw ) {\niframe.style.height = zf_ifrm_ht_nw;\n}\n}\n}\n}\n}, false);\n}catch(e){}\n})();<\/script>[\/vc_column_text][vc_cta h2=&#8221;&#8221; style=&#8221;custom&#8221; css=&#8221;.vc_custom_1635964097472{background-color: #dd3333 !important;}&#8221; custom_background=&#8221;#020000&#8243;]<\/p>\n<h4 class=\"western\" style=\"text-align: center; color: white;\"><b>\u00a1Vis\u00edtanos en el Parque Industrial de Cartago de Lunes a Viernes\u00a0 de\u00a0 8am a 5pm<\/b>!<\/h4>\n<p>[\/vc_cta][vc_gmaps link=&#8221;#E-8_JTNDaWZyYW1lJTIwc3JjJTNEJTIyaHR0cHMlM0ElMkYlMkZ3d3cuZ29vZ2xlLmNvbSUyRm1hcHMlMkZlbWJlZCUzRnBiJTNEJTIxMW0xOCUyMTFtMTIlMjExbTMlMjExZDM5MzAuMDE0MzU3MjM4MTg5JTIxMmQtODQuMTUyNjk1Mjg1MjA2MzglMjEzZDkuOTMyNzYxODkyODk3Mjc5JTIxMm0zJTIxMWYwJTIxMmYwJTIxM2YwJTIxM20yJTIxMWkxMDI0JTIxMmk3NjglMjE0ZjEzLjElMjEzbTMlMjExbTIlMjExczB4OGZhMGZkYWJjNmI5NTUzNSUyNTNBMHgyZTRjYjRiNjcxMzBiZWE4JTIxMnNPWkFQQVRPJTI1MjBDT1NUQSUyNTIwUklDQSUyNTIwRmFicmljYSUyNTIweSUyNTIwVmVuZGVkb3IlMjUyMERpcmVjdG8lMjUyMGRlJTI1MjBaYXBhdG9zJTI1MjB5JTI1MjBCb3RhcyUyNTIwZGUlMjUyMHNlZ3VyaWRhZCUyNTIwZW4lMjUyMENvc3RhJTI1MjBSaWNhLiUyMTVlMCUyMTNtMiUyMTFzZXMtNDE5JTIxMnNwYSUyMTR2MTU3OTU0MjY3ODUxNCUyMTVtMiUyMTFzZXMtNDE5JTIxMnNwYSUyMiUyMHdpZHRoJTNEJTIyNjAwJTIyJTIwaGVpZ2h0JTNEJTIyNDUwJTIyJTIwZnJhbWVib3JkZXIlM0QlMjIwJTIyJTIwc3R5bGUlM0QlMjJib3JkZXIlM0EwJTNCJTIyJTIwYWxsb3dmdWxsc2NyZWVuJTNEJTIyJTIyJTNFJTNDJTJGaWZyYW1lJTNF&#8221;][\/vc_column][vc_column width=&#8221;1\/6&#8243;][\/vc_column][\/vc_row][vc_row][vc_column width=&#8221;1\/6&#8243;][\/vc_column][vc_column width=&#8221;2\/3&#8243;][vc_column_text]<\/p>\n<h3 style=\"text-align: center;\"><strong>\u00bfQU\u00c9 HACEMOS\u00a0?<\/strong><\/h3>\n<p style=\"text-align: center;\">OZAPATO es una marca de calzado diel\u00e9ctrico, industrial, t\u00e1ctico y de seguridad ubicada en Pachuca, M\u00e9xico. Fabricamos botas de seguridad industrial para Costa Rica. Contamos con presencia en Centro Am\u00e9rica, M\u00e9xico y Estados Unidos. Hemos aprendido a lo largo de los a\u00f1os como fabricar botas de seguridad con calidad y de maneja responsable. En <strong>Costa Rica<\/strong>, nuestra l\u00ednea industrial cuenta con botas de seguridad, botas de seguridad diel\u00e9ctricas y botas t\u00e1cticas. Descubra nuestras botas de seguridad industrial para la industria mar\u00edtima.<\/p>\n<p style=\"text-align: center;\">Por esta raz\u00f3n, <a href=\"http:\/\/www.ozapato.com\">OZAPATO<\/a> presenta otro modelo Watt la primera edici\u00f3n la\u00a0 <strong>Tokyo 01<\/strong><strong>.<\/strong><\/p>\n<h3 style=\"text-align: center;\">\u00bfC\u00d3MO\u00a0LO HACEMOS?<\/h3>\n<p style=\"text-align: center;\">Todas nuestras botas de seguridad industrial son fabricadas con materiales de<strong> alta calidad<\/strong>. Tenga la confianza que sus pies estar\u00e1n protegidos en cada momento. Estamos tan seguros de la calidad de nuestros modelos de botas de seguridad industrial que ofrecemos una garant\u00eda de 4 meses y hasta 6 meses para las botas de seguridad m\u00e1s premium. Adem\u00e1s ofrecemos un servicio de <strong>entrega en 24 horas.<\/strong><\/p>\n<p style=\"text-align: center;\">Todos nuestras botas industriales est\u00e1n pensados para Costa Rica. En nuestra f\u00e1brica de <a href=\"https:\/\/es.wikipedia.org\/wiki\/Estado_de_Hidalgo\" target=\"_blank\" rel=\"noopener\">Hidalgo, M\u00e9xico<\/a>. Nuestro modelo de negocio, conecta directamente la f\u00e1brica con el cliente final, evitando intermediarios; no trabajamos con distribuidores que no sean directos. Esto permite ofrecer botas de seguridad a un precio m\u00e1s accesible.<\/p>\n<h3 style=\"text-align: center;\"><strong>\u00bfPORQU\u00c9\u00a0 LO HACEMOS\u00a0?<\/strong><\/h3>\n<p style=\"text-align: center;\">OZAPATO naci\u00f3 con la idea de servir la comunidad local. La producci\u00f3n de nuestras botas de seguridad industrial es un proceso transparente que sustenta el balance socio econ\u00f3mico de la comunidad a la que pertenece.<\/p>\n<p style=\"text-align: center;\">El valor m\u00e1s importante de OZAPATO es la entrega directa hasta el cliente. Cortamos todos los intermediarios que no a\u00f1aden valor a nuestros consumidores. Cada etapa de la fabricaci\u00f3n de botas de seguridad industrial debe beneficiar a la gente que fabrica el calzado.<\/p>\n<p style=\"text-align: center;\">Nuestro equipo ama desarrollar botas de seguridad en un <strong>ambiente social y econ\u00f3mico justo.<\/strong> Queremos que nuestros clientes conf\u00eden en que no s\u00f3lo compran botas bien hechas y de buena calidad, sino que tambi\u00e9n cada persona incluida en la cadena de suministro reciba un trato justo al momento de realizar su trabajo.<\/p>\n<h3 style=\"text-align: center;\">\u00a1CALZADO DIEL\u00c9CTRICO\u00a0HASTA 18.000 VOLTIOS!<\/h3>\n<p style=\"text-align: center;\"><strong>Tokyo 01<\/strong>,\u00a0 son <strong>zapatos diel\u00e9ctricos<\/strong>\u00a0 hasta los 18.000 voltios. Esta compuesta de Waterproof, y construidas con cuero graso y resistente a los 18.000 voltios. Nuestros est\u00e1ndares de calidad aseguran calidad y comodidad a nuestros clientes.<\/p>\n<h3 style=\"text-align: center;\">\u00bfPOR QU\u00c9 OZAPATO?<\/h3>\n<p style=\"text-align: center;\">Creemos que somos su mejor opcion de calzado industrial en Costa Rica<\/p>\n<p style=\"text-align: center;\">Desde 2013, hemos desarrollados productos para las necesidades especificas para Costa Rica.<\/p>\n<p style=\"text-align: center;\">Ademas, nuestro modelo de negocio conecta directamente nuestra fabrica en M\u00e9xico con ustedes en Costa rica: le ofrece un mejor producto a un mejor precio.<\/p>\n<p style=\"text-align: center;\">Los zapatos y calzados de seguridad de OZAPATO fueron desarrollados especialmente para Costa Rica. Son garantizados y certificados ASTM y ISO Nuestros clientes nos recomiendan por nuestra atenci\u00f3n al cliente y por la calidad de nuestros calzados de protecci\u00f3n y seguridad.<\/p>\n<p style=\"text-align: center;\">No vendemos otras marcas como zapatos rhino, unicamente nuestra propia marca.<\/p>\n<p>[\/vc_column_text][\/vc_column][vc_column width=&#8221;1\/6&#8243;][\/vc_column][\/vc_row]<\/p>\n","protected":false},"excerpt":{"rendered":"<p>[vc_row][vc_column width=&#8221;1\/6&#8243;][\/vc_column][vc_column width=&#8221;2\/3&#8243;][vc_column_text] Suela de elastomero certificada. A prueba de aceites, gasolinera y diesel.\u00a0 Ideal para trabajos semi pesados Planta interna de poliuretano antifatiga. PR planta interna antiperforacion certifiada ISO y ASTM Tela transpirable + Waterproof technology Nueva puntera de poliamida XL certificada con resistencia a m\u00e1s de 2 toneladas (Norma ASTM 2412-2413). Altura de [&hellip;]<\/p>\n","protected":false},"featured_media":11566,"comment_status":"open","ping_status":"closed","template":"","meta":{"jetpack_post_was_ever_published":false,"jetpack_publicize_message":"","jetpack_publicize_feature_enabled":true,"jetpack_social_post_already_shared":true,"jetpack_social_options":{"image_generator_settings":{"template":"highway","default_image_id":0,"font":"","enabled":false},"version":2}},"product_brand":[],"product_cat":[28,12,214],"product_tag":[],"class_list":{"0":"post-11426","1":"product","2":"type-product","3":"status-publish","4":"has-post-thumbnail","6":"product_cat-dielectrica","7":"product_cat-industrial","8":"product_cat-tennis-de-seguridad","9":"pa_size-91","10":"pa_size-92","11":"pa_size-93","12":"pa_size-94","13":"pa_size-95","14":"pa_size-96","15":"pa_size-97","16":"pa_size-98","17":"pa_size-99","18":"pa_size-100","19":"pa_size-101","20":"pa_size-102","22":"first","23":"instock","24":"shipping-taxable","25":"purchasable","26":"product-type-variable"},"jetpack_publicize_connections":[],"jetpack_sharing_enabled":true,"_links":{"self":[{"href":"https:\/\/ozapato.com\/cr\/wp-json\/wp\/v2\/product\/11426","targetHints":{"allow":["GET"]}}],"collection":[{"href":"https:\/\/ozapato.com\/cr\/wp-json\/wp\/v2\/product"}],"about":[{"href":"https:\/\/ozapato.com\/cr\/wp-json\/wp\/v2\/types\/product"}],"replies":[{"embeddable":true,"href":"https:\/\/ozapato.com\/cr\/wp-json\/wp\/v2\/comments?post=11426"}],"wp:featuredmedia":[{"embeddable":true,"href":"https:\/\/ozapato.com\/cr\/wp-json\/wp\/v2\/media\/11566"}],"wp:attachment":[{"href":"https:\/\/ozapato.com\/cr\/wp-json\/wp\/v2\/media?parent=11426"}],"wp:term":[{"taxonomy":"product_brand","embeddable":true,"href":"https:\/\/ozapato.com\/cr\/wp-json\/wp\/v2\/product_brand?post=11426"},{"taxonomy":"product_cat","embeddable":true,"href":"https:\/\/ozapato.com\/cr\/wp-json\/wp\/v2\/product_cat?post=11426"},{"taxonomy":"product_tag","embeddable":true,"href":"https:\/\/ozapato.com\/cr\/wp-json\/wp\/v2\/product_tag?post=11426"}],"curies":[{"name":"wp","href":"https:\/\/api.w.org\/{rel}","templated":true}]}}