{"id":11463,"date":"2021-10-11T22:13:20","date_gmt":"2021-10-11T17:13:20","guid":{"rendered":"https:\/\/ozapato.com\/cr\/producto\/grip-24\/"},"modified":"2026-04-01T22:30:36","modified_gmt":"2026-04-01T17:30:36","slug":"grip-24","status":"publish","type":"product","link":"https:\/\/ozapato.com\/cr\/product\/grip-24\/","title":{"rendered":"Grip 24"},"content":{"rendered":"<p>[vc_row][vc_column][vc_column_text]<\/p>\n<div style=\"position: relative; width: 100%; height: 0; padding-top: 129.4118%; padding-bottom: 0; box-shadow: 0 2px 8px 0 rgba(63,69,81,0.16); margin-top: 1.6em; margin-bottom: 0.9em; overflow: hidden; border-radius: 8px; will-change: transform;\"><iframe style=\"position: absolute; width: 100%; height: 100%; top: 0; left: 0; border: none; padding: 0; margin: 0;\" src=\"https:\/\/www.canva.com\/design\/DAE1dlHFJX4\/Z4YuAKUzITVJid5SVEJoxQ\/view?embed\" allowfullscreen=\"allowfullscreen\"><br \/>\n<\/iframe><\/div>\n<p><a href=\"https:\/\/www.canva.com\/design\/DAE1dlHFJX4\/Z4YuAKUzITVJid5SVEJoxQ\/view?utm_content=DAE1dlHFJX4&amp;utm_campaign=designshare&amp;utm_medium=embeds&amp;utm_source=link\" target=\"_blank\" rel=\"noopener\">Grip 24<\/a> by OZAPATO<\/p>\n<p>&nbsp;<\/p>\n<p>El modelo Grip 24 es el calzado de seguridad perfecto para el trabajo en Costa Rica. Dise\u00f1ado y desarrollado por OZAPATO, este calzado est\u00e1 libre de metal y cuenta con una suela antideslizante que proporciona una excelente tracci\u00f3n en superficies mojadas o resbaladizas. Adem\u00e1s, la suela tambi\u00e9n es resistente a productos qu\u00edmicos, lo que lo hace ideal para trabajos en entornos industriales.<\/p>\n<p>El Grip 24 tambi\u00e9n cuenta con un protector frontal de PVC que brinda una mayor protecci\u00f3n contra los golpes y la abrasi\u00f3n. Esto significa que sus pies estar\u00e1n protegidos en todo momento, incluso en ambientes de trabajo peligrosos.<\/p>\n<p>Este calzado de seguridad est\u00e1 fabricado con materiales de alta calidad y se encuentra disponible en stock de inmediato. As\u00ed que no pierda tiempo buscando en otro lugar, \u00a1compre el Grip 24 de OZAPATO hoy mismo y mant\u00e9ngase seguro en el trabajo![\/vc_column_text][\/vc_column][\/vc_row]<\/p>\n","protected":false},"excerpt":{"rendered":"<ul>\n<li>Calzado de seguridad libre de metal dise\u00f1ado para Costa Rica<\/li>\n<li>Suela antideslizante y resistente a productos qu\u00edmicos, ideal para entornos industriales<\/li>\n<li>Protector frontal de PVC que brinda una mayor protecci\u00f3n contra los golpes y la abrasi\u00f3n<\/li>\n<li>Certificado bajo los est\u00e1ndares ASTM F2412-13 para garantizar la seguridad en el trabajo<\/li>\n<li>Puntera de poliamida XL para una mayor protecci\u00f3n contra los impactos y la abrasi\u00f3n<\/li>\n<li>Fabricado con materiales de alta calidad y disponible en stock de inmediato<\/li>\n<li><a href=\"https:\/\/workdrive.zohoexternal.com\/external\/346011c40108ca3aafb42b28de2ef95e0c83196f4fe18330b2f237a000a26b0a\" target=\"_blank\" rel=\"noopener\">Ficha t\u00e9cnica<\/a><\/li>\n<\/ul>\n","protected":false},"featured_media":13634,"comment_status":"open","ping_status":"closed","template":"","meta":{"jetpack_post_was_ever_published":false,"jetpack_publicize_message":"","jetpack_publicize_feature_enabled":true,"jetpack_social_post_already_shared":true,"jetpack_social_options":{"image_generator_settings":{"template":"highway","default_image_id":0,"font":"","enabled":false},"version":2}},"product_brand":[],"product_cat":[232],"product_tag":[],"class_list":{"0":"post-11463","1":"product","2":"type-product","3":"status-publish","4":"has-post-thumbnail","6":"product_cat-industria-alimentaria","7":"pa_size-91","8":"pa_size-92","9":"pa_size-93","10":"pa_size-94","11":"pa_size-95","12":"pa_size-96","13":"pa_size-97","14":"pa_size-98","15":"pa_size-99","16":"pa_size-100","17":"pa_size-101","18":"pa_size-102","20":"first","21":"instock","22":"shipping-taxable","23":"purchasable","24":"product-type-variable"},"jetpack_publicize_connections":[],"jetpack_sharing_enabled":true,"_links":{"self":[{"href":"https:\/\/ozapato.com\/cr\/wp-json\/wp\/v2\/product\/11463","targetHints":{"allow":["GET"]}}],"collection":[{"href":"https:\/\/ozapato.com\/cr\/wp-json\/wp\/v2\/product"}],"about":[{"href":"https:\/\/ozapato.com\/cr\/wp-json\/wp\/v2\/types\/product"}],"replies":[{"embeddable":true,"href":"https:\/\/ozapato.com\/cr\/wp-json\/wp\/v2\/comments?post=11463"}],"wp:featuredmedia":[{"embeddable":true,"href":"https:\/\/ozapato.com\/cr\/wp-json\/wp\/v2\/media\/13634"}],"wp:attachment":[{"href":"https:\/\/ozapato.com\/cr\/wp-json\/wp\/v2\/media?parent=11463"}],"wp:term":[{"taxonomy":"product_brand","embeddable":true,"href":"https:\/\/ozapato.com\/cr\/wp-json\/wp\/v2\/product_brand?post=11463"},{"taxonomy":"product_cat","embeddable":true,"href":"https:\/\/ozapato.com\/cr\/wp-json\/wp\/v2\/product_cat?post=11463"},{"taxonomy":"product_tag","embeddable":true,"href":"https:\/\/ozapato.com\/cr\/wp-json\/wp\/v2\/product_tag?post=11463"}],"curies":[{"name":"wp","href":"https:\/\/api.w.org\/{rel}","templated":true}]}}