{"id":12004,"date":"2023-06-23T00:31:52","date_gmt":"2023-06-22T19:31:52","guid":{"rendered":"https:\/\/ozapato.com\/cr\/?post_type=product&#038;p=12004"},"modified":"2025-08-27T15:36:47","modified_gmt":"2025-08-27T10:36:47","slug":"bird-72","status":"publish","type":"product","link":"https:\/\/ozapato.com\/cr\/product\/bird-72\/","title":{"rendered":"Bird 72"},"content":{"rendered":"<p>[vc_row][vc_column][vc_raw_html]JTNDZGl2JTIwc3R5bGUlM0QlMjJwb3NpdGlvbiUzQSUyMHJlbGF0aXZlJTNCJTIwd2lkdGglM0ElMjAxMDAlMjUlM0IlMjBoZWlnaHQlM0ElMjAwJTNCJTIwcGFkZGluZy10b3AlM0ElMjAxMjkuNDExOCUyNSUzQiUwQSUyMHBhZGRpbmctYm90dG9tJTNBJTIwMCUzQiUyMGJveC1zaGFkb3clM0ElMjAwJTIwMnB4JTIwOHB4JTIwMCUyMHJnYmElMjg2MyUyQzY5JTJDODElMkMwLjE2JTI5JTNCJTIwbWFyZ2luLXRvcCUzQSUyMDEuNmVtJTNCJTIwbWFyZ2luLWJvdHRvbSUzQSUyMDAuOWVtJTNCJTIwb3ZlcmZsb3clM0ElMjBoaWRkZW4lM0IlMEElMjBib3JkZXItcmFkaXVzJTNBJTIwOHB4JTNCJTIwd2lsbC1jaGFuZ2UlM0ElMjB0cmFuc2Zvcm0lM0IlMjIlM0UlMEElMjAlMjAlM0NpZnJhbWUlMjBsb2FkaW5nJTNEJTIybGF6eSUyMiUyMHN0eWxlJTNEJTIycG9zaXRpb24lM0ElMjBhYnNvbHV0ZSUzQiUyMHdpZHRoJTNBJTIwMTAwJTI1JTNCJTIwaGVpZ2h0JTNBJTIwMTAwJTI1JTNCJTIwdG9wJTNBJTIwMCUzQiUyMGxlZnQlM0ElMjAwJTNCJTIwYm9yZGVyJTNBJTIwbm9uZSUzQiUyMHBhZGRpbmclM0ElMjAwJTNCbWFyZ2luJTNBJTIwMCUzQiUyMiUwQSUyMCUyMCUyMCUyMHNyYyUzRCUyMmh0dHBzJTNBJTJGJTJGd3d3LmNhbnZhLmNvbSUyRmRlc2lnbiUyRkRBRkhFSmRQV2ZBJTJGQzZ6LVV0SUdIQmMzX3FaeUdvRVNqQSUyRnZpZXclM0ZlbWJlZCUyMiUyMGFsbG93ZnVsbHNjcmVlbiUzRCUyMmFsbG93ZnVsbHNjcmVlbiUyMiUyMGFsbG93JTNEJTIyZnVsbHNjcmVlbiUyMiUzRSUwQSUyMCUyMCUzQyUyRmlmcmFtZSUzRSUwQSUzQyUyRmRpdiUzRSUwQSUzQ2ElMjBocmVmJTNEJTIyaHR0cHMlM0ElMjYlMjN4MkYlM0IlMjYlMjN4MkYlM0J3d3cuY2FudmEuY29tJTI2JTIzeDJGJTNCZGVzaWduJTI2JTIzeDJGJTNCREFGSEVKZFBXZkElMjYlMjN4MkYlM0JDNnotVXRJR0hCYzNfcVp5R29FU2pBJTI2JTIzeDJGJTNCdmlldyUzRnV0bV9jb250ZW50JTNEREFGSEVKZFBXZkElMjZhbXAlM0J1dG1fY2FtcGFpZ24lM0RkZXNpZ25zaGFyZSUyNmFtcCUzQnV0bV9tZWRpdW0lM0RlbWJlZHMlMjZhbXAlM0J1dG1fc291cmNlJTNEbGluayUyMiUyMHRhcmdldCUzRCUyMl9ibGFuayUyMiUyMHJlbCUzRCUyMm5vb3BlbmVyJTIyJTNFQmlyZCUyMDcyJTNDJTJGYSUzRSUyMGJ5JTIwT1pBUEFUTw==[\/vc_raw_html][vc_column_text]Si est\u00e1s buscando un calzado que te proteja y que adem\u00e1s sea c\u00f3modo y duradero, entonces el calzado antist\u00e1tico es la opci\u00f3n perfecta para ti. Este tipo de calzado est\u00e1 dise\u00f1ado para proteger al usuario de las descargas electrost\u00e1ticas que pueden generar da\u00f1os en componentes electr\u00f3nicos sensibles o incluso provocar explosiones en entornos con gases inflamables.<\/p>\n<p>En OZAPATO, contamos con una amplia selecci\u00f3n de calzado antist\u00e1tico de alta calidad, como el modelo BIRD 72. Este calzado est\u00e1 fabricado con materiales de primera calidad y cuenta con una suela especialmente dise\u00f1ada para disipar la electricidad est\u00e1tica y evitar la acumulaci\u00f3n de cargas el\u00e9ctricas en el cuerpo. Gracias a su dise\u00f1o ergon\u00f3mico y su suela antideslizante, el calzado BIRD 72 ofrece una excelente comodidad y estabilidad en todo tipo de superficies, lo que lo convierte en una excelente opci\u00f3n para trabajos en entornos industriales, electr\u00f3nicos y qu\u00edmicos.<\/p>\n<p>Adem\u00e1s de su funci\u00f3n antist\u00e1tica, el calzado BIRD 72 tambi\u00e9n cuenta con otras caracter\u00edsticas importantes, como una puntera reforzada y una capellada resistente al agua y a los productos qu\u00edmicos. Estas caracter\u00edsticas hacen que este calzado sea muy resistente y duradero, lo que lo convierte en una excelente inversi\u00f3n para aquellos que buscan un calzado de trabajo de alta calidad.<\/p>\n<p>En resumen, si buscas un calzado antist\u00e1tico de alta calidad para protegerte contra las descargas el\u00e9ctricas, el calzado BIRD 72 de OZAPATO es una excelente opci\u00f3n. Con su dise\u00f1o ergon\u00f3mico, su suela antideslizante y su resistencia a los productos qu\u00edmicos, este calzado te brindar\u00e1 la comodidad, protecci\u00f3n y durabilidad que necesitas en el trabajo. \u00a1No esperes m\u00e1s para proteger tus pies con lo mejor en calzado antist\u00e1tico![\/vc_column_text][\/vc_column][\/vc_row]<\/p>\n","protected":false},"excerpt":{"rendered":"<ul>\n<li>Nuevo calzado antiest\u00e1tico\u00a0 en Costa Rica<\/li>\n<li>Construcci\u00f3n: cementado<\/li>\n<li>Suela: PVC tipo elastomero, antistatico<\/li>\n<li>Corte: Cuero full grain cafe<\/li>\n<li>Forro: Forrado antimicrobiano acolchado<\/li>\n<li>Costuras: Doble y triple de nylon<\/li>\n<li>Contrafuerte: CambrelPuntera: XL extra larga de composite<\/li>\n<li>Plantilla interior: Tejida de\u00a0 4 mm anti microbiana<\/li>\n<li>Plantilla anti-perforaci\u00f3n: Textil de kevlar antistatica<\/li>\n<li>Ajuste: Horma EEE<\/li>\n<li>Altura: 16 cm<\/li>\n<li>Numeraci\u00f3n: 3-13<\/li>\n<li><a href=\"https:\/\/workdrive.zohoexternal.com\/external\/c9944bc25b57c2a74d2286c2e52d00d4e0e70c1ea3362e08663ff17fee427729\" target=\"_blank\" rel=\"noopener\">Ficha tecnica<\/a><\/li>\n<\/ul>\n","protected":false},"featured_media":12706,"comment_status":"open","ping_status":"closed","template":"","meta":{"jetpack_post_was_ever_published":false,"jetpack_publicize_message":"","jetpack_publicize_feature_enabled":true,"jetpack_social_post_already_shared":true,"jetpack_social_options":{"image_generator_settings":{"template":"highway","default_image_id":0,"font":"","enabled":false},"version":2}},"product_brand":[],"product_cat":[12,245],"product_tag":[],"class_list":{"0":"post-12004","1":"product","2":"type-product","3":"status-publish","4":"has-post-thumbnail","6":"product_cat-industrial","7":"product_cat-antiestatico","8":"pa_size-91","9":"pa_size-92","10":"pa_size-93","11":"pa_size-94","12":"pa_size-95","13":"pa_size-96","14":"pa_size-97","15":"pa_size-98","16":"pa_size-99","17":"pa_size-100","18":"pa_size-101","19":"pa_size-102","21":"first","22":"instock","23":"shipping-taxable","24":"purchasable","25":"product-type-variable"},"jetpack_publicize_connections":[],"jetpack_sharing_enabled":true,"_links":{"self":[{"href":"https:\/\/ozapato.com\/cr\/wp-json\/wp\/v2\/product\/12004","targetHints":{"allow":["GET"]}}],"collection":[{"href":"https:\/\/ozapato.com\/cr\/wp-json\/wp\/v2\/product"}],"about":[{"href":"https:\/\/ozapato.com\/cr\/wp-json\/wp\/v2\/types\/product"}],"replies":[{"embeddable":true,"href":"https:\/\/ozapato.com\/cr\/wp-json\/wp\/v2\/comments?post=12004"}],"wp:featuredmedia":[{"embeddable":true,"href":"https:\/\/ozapato.com\/cr\/wp-json\/wp\/v2\/media\/12706"}],"wp:attachment":[{"href":"https:\/\/ozapato.com\/cr\/wp-json\/wp\/v2\/media?parent=12004"}],"wp:term":[{"taxonomy":"product_brand","embeddable":true,"href":"https:\/\/ozapato.com\/cr\/wp-json\/wp\/v2\/product_brand?post=12004"},{"taxonomy":"product_cat","embeddable":true,"href":"https:\/\/ozapato.com\/cr\/wp-json\/wp\/v2\/product_cat?post=12004"},{"taxonomy":"product_tag","embeddable":true,"href":"https:\/\/ozapato.com\/cr\/wp-json\/wp\/v2\/product_tag?post=12004"}],"curies":[{"name":"wp","href":"https:\/\/api.w.org\/{rel}","templated":true}]}}