{"id":12091,"date":"2023-07-05T00:51:27","date_gmt":"2023-07-04T19:51:27","guid":{"rendered":"https:\/\/ozapato.com\/cr\/?post_type=product&#038;p=12091"},"modified":"2023-07-13T02:06:14","modified_gmt":"2023-07-12T21:06:14","slug":"oxford-04","status":"publish","type":"product","link":"https:\/\/ozapato.com\/cr\/product\/oxford-04\/","title":{"rendered":"Oxford 04"},"content":{"rendered":"<p>[vc_row type=&#8221;boxed&#8221;][vc_column width=&#8221;1\/6&#8243;][\/vc_column][vc_column width=&#8221;2\/3&#8243;][\/vc_column][vc_column width=&#8221;1\/6&#8243;][\/vc_column][\/vc_row][vc_row type=&#8221;boxed&#8221;][vc_column][vc_column_text]<\/p>\n<ul>\n<li>Oxford 04 Botas con suela antideslizante<\/li>\n<li>Suela super flexible, muy antideslizante. Tendr\u00e1 una excelente tracci\u00f3n en terrenos humedos y pisos mojados.<\/li>\n<li>Suela totalmente cosida y sellada, resistente a la humedad.<\/li>\n<li>Cuero full grain blanco<\/li>\n<li>Bull\u00f3n interior antimicrobiano manteniendo el pie seco y reduciendo al m\u00ednimo los olores<\/li>\n<li>Plantilla \u00a0acolchada, lavable<\/li>\n<li>Altura de 3\u2032\u00a0pulgadas<\/li>\n<li><a href=\"https:\/\/workdrive.zohoexternal.com\/external\/942012a3d40ea61e6c963dafbc4cc6c1cbe84c5e3f3184d2ad87042f8f2e67ab\" target=\"_blank\" rel=\"noopener\">Ficha t\u00e9cnica<\/a><\/li>\n<\/ul>\n<p>[\/vc_column_text][\/vc_column][\/vc_row][vc_row][vc_column][vc_separator][\/vc_column][\/vc_row][vc_row type=&#8221;boxed&#8221;][vc_column][\/vc_column][\/vc_row][vc_row][vc_column][vc_separator][\/vc_column][\/vc_row][vc_row type=&#8221;boxed&#8221;][vc_column][vc_row_inner type=&#8221;boxed&#8221;][vc_column_inner width=&#8221;1\/3&#8243;][vc_column_text]<\/p>\n<h4 style=\"text-align: center;\">Locksticher<\/h4>\n<p>Construcci\u00f3n de suela pegada al corte y cosida al cuero.[\/vc_column_text][vc_column_text][\/vc_column_text][\/vc_column_inner][vc_column_inner width=&#8221;1\/3&#8243;][vc_column_text]<\/p>\n<h4 style=\"text-align: center;\">Suela<\/h4>\n<p>Suela negra antideslizante- Resistente a pisos pulidos, aceites,patios, suelos porosos,asfalto.[\/vc_column_text][\/vc_column_inner][vc_column_inner width=&#8221;1\/3&#8243;][vc_column_text]<\/p>\n<h4 style=\"text-align: left;\"><strong>Seguridad<\/strong><\/h4>\n<p>Sin puntera,con refuerzo frontal de celastin.[\/vc_column_text][\/vc_column_inner][\/vc_row_inner][\/vc_column][\/vc_row][vc_row][vc_column][vc_separator][\/vc_column][\/vc_row][vc_row][vc_column][vc_column_text]<\/p>\n<h4 style=\"text-align: center;\"><span style=\"color: #ff0000;\">\u00bfInteresado?<\/span><span style=\"color: #ff0000;\">\u00a0Recibe una cotizaci\u00f3n en 24 horas para tu empresa<\/span><\/h4>\n<p>[\/vc_column_text][vc_column_text]<iframe loading=\"lazy\" height=\"800px%\" width=\"100%\" frameborder=\"0\" allow=\"geolocation;microphone;camera\" src=\"https:\/\/forms.zohopublic.com\/virtualoffice9264\/form\/CRWebForm\/formperma\/sl0F1AeJ46oBj9k_cj26J-a0AwJLY61C60QOTF3YiPg\"> <\/iframe>[\/vc_column_text][\/vc_column][\/vc_row][vc_row][vc_column][vc_separator][\/vc_column][\/vc_row][vc_row][vc_column][vc_column_text]<\/p>\n<h4 style=\"text-align: center;\"><b>\u00a1Vis\u00edtanos en el Parque Industrial de Cartago de Lunes a Viernes\u00a0 de\u00a0 8am a 5pm<\/b>!<\/h4>\n<p>[\/vc_column_text][vc_gmaps link=&#8221;#E-8_JTNDaWZyYW1lJTIwc3JjJTNEJTIyaHR0cHMlM0ElMkYlMkZ3d3cuZ29vZ2xlLmNvbSUyRm1hcHMlMkZlbWJlZCUzRnBiJTNEJTIxMW0xOCUyMTFtMTIlMjExbTMlMjExZDM5MzAuMDE0MzU3MjM4MTg5JTIxMmQtODQuMTUyNjk1Mjg1MjA2MzglMjEzZDkuOTMyNzYxODkyODk3Mjc5JTIxMm0zJTIxMWYwJTIxMmYwJTIxM2YwJTIxM20yJTIxMWkxMDI0JTIxMmk3NjglMjE0ZjEzLjElMjEzbTMlMjExbTIlMjExczB4OGZhMGZkYWJjNmI5NTUzNSUyNTNBMHgyZTRjYjRiNjcxMzBiZWE4JTIxMnNPWkFQQVRPJTI1MjBDT1NUQSUyNTIwUklDQSUyNTIwRmFicmljYSUyNTIweSUyNTIwVmVuZGVkb3IlMjUyMERpcmVjdG8lMjUyMGRlJTI1MjBaYXBhdG9zJTI1MjB5JTI1MjBCb3RhcyUyNTIwZGUlMjUyMHNlZ3VyaWRhZCUyNTIwZW4lMjUyMENvc3RhJTI1MjBSaWNhLiUyMTVlMCUyMTNtMiUyMTFzZXMtNDE5JTIxMnNwYSUyMTR2MTU3OTU0MjY3ODUxNCUyMTVtMiUyMTFzZXMtNDE5JTIxMnNwYSUyMiUyMHdpZHRoJTNEJTIyNjAwJTIyJTIwaGVpZ2h0JTNEJTIyNDUwJTIyJTIwZnJhbWVib3JkZXIlM0QlMjIwJTIyJTIwc3R5bGUlM0QlMjJib3JkZXIlM0EwJTNCJTIyJTIwYWxsb3dmdWxsc2NyZWVuJTNEJTIyJTIyJTNFJTNDJTJGaWZyYW1lJTNF&#8221;][\/vc_column][\/vc_row][vc_row][vc_column][vc_separator][\/vc_column][\/vc_row][vc_row type=&#8221;boxed&#8221;][vc_column][vc_column_text]<\/p>\n<h3 class=\"western\" align=\"center\"><strong>\u00bf<\/strong><strong>QU\u00c9\u00a0<\/strong><strong>HACEMOS?<\/strong><\/h3>\n<p><strong>OZAPATO<\/strong> es una marca de calzado ubicada en Pachuca, M\u00e9xico. Fabricamos botas de seguridad industrial y contamos con presencia en Costa Rica, Rep\u00fablica Dominicana, M\u00e9xico, Panam\u00e1 y Estados Unidos. Hemos aprendido a lo largo de los a\u00f1os como fabricar botas de seguridad con calidad y de manera responsable. En <strong>Costa Rica<\/strong>, nuestra l\u00ednea industrial cuenta con botas de seguridad, botas diel\u00e9ctricas y botas t\u00e1cticas. Por esta raz\u00f3n, <a href=\"https:\/\/ozapato.com\/\">OZAPATO<\/a> les presenta <strong>Oxford 03<\/strong>, un zapato industrial y para hospitales.<\/p>\n<p>\u00a1Elija de nuestro cat\u00e1logo las botas que necesita para trabajar con seguridad!<\/p>\n<h3 class=\"western\" align=\"center\">\u00bfC\u00d3MO\u00a0LO HACEMOS?<\/h3>\n<p>Todas nuestras botas de <a href=\"https:\/\/es.wikipedia.org\/wiki\/Seguridad_en_la_industria\" target=\"_blank\" rel=\"noopener\">seguridad industrial<\/a> son fabricadas con materiales de alta calidad. Tenga la confianza que sus pies estar\u00e1n protegidos en cada momento. Estamos tan seguros de la calidad de nuestros modelos de botas de seguridad industrial que ofrecemos una <strong>garant\u00eda de 4 meses<\/strong> y<strong> hasta 6 meses<\/strong> para las botas de seguridad m\u00e1s premium. Adem\u00e1s ofrecemos un servicio de<strong> entrega en 24 horas.<\/strong><\/p>\n<h3 class=\"western\" align=\"center\"><strong>\u00bfPOR QU\u00c9 LO HACEMOS?<\/strong><\/h3>\n<p>OZAPATO naci\u00f3 con la idea de servir a la comunidad local. La producci\u00f3n de nuestras botas de seguridad industrial es un proceso transparente que sustenta el balance socio econ\u00f3mico de la comunidad a la que pertenece.<\/p>\n<p>El valor m\u00e1s importante de <a href=\"http:\/\/www.ozapato.com\">OZAPATO<\/a> es la entrega directa hasta el cliente. Evitamos todos los intermediarios que no a\u00f1aden valor a nuestros consumidores. Cada etapa de la fabricaci\u00f3n de botas de seguridad industrial debe beneficiar a la gente que fabrica el <strong>calzado.<\/strong><\/p>\n<h3 style=\"text-align: center;\">\u00a0\u00a1BOTAS CON SUELA ANTIDESLIZANTE!<\/h3>\n<p><a href=\"https:\/\/emojipedia.org\/police-officer\/\" target=\"_blank\" rel=\"noopener\"><span class=\"emoji\">\ud83d\udc6e<\/span><\/a>Oxford 03 son botas con suela antideslizante para polic\u00edas,pegada al corte y cosida de cuero <a href=\"https:\/\/ozapato.com\/cr\/tecnologia\/\">Locksticher<\/a>, antideslizante, resistente a pisos pulidos,aceites,patios, suelos porosos y al asfalto. Y con un refuerzo de seguridad frontal de celastin.[\/vc_column_text][\/vc_column][\/vc_row]<\/p>\n","protected":false},"excerpt":{"rendered":"<div class=\"woocommerce-product-details__short-description\">\n<p><a href=\"https:\/\/emojipedia.org\/police-officer\/\"><span class=\"emoji\">\ud83d\udc6e<\/span><\/a>Oxford 03 son botas con suela antideslizante para polic\u00edas de color mate y para desempe\u00f1ar las labores diarios de una manera elegante. Su suela 100% cosida es de duraci\u00f3n m\u00e1xima y es ultra flexible.<\/p>\n<\/div>\n<div class=\"yotpo bottomLine\" data-product-id=\"7662\" data-url=\"https:\/\/ozapato.com\/pa\/product\/oxford-03\/\" data-lang=\"en\" data-yotpo-element-id=\"2\"><strong>ENV\u00cdOS PARA EMPRESAS<\/strong><\/div>\n","protected":false},"featured_media":12104,"comment_status":"open","ping_status":"closed","template":"","meta":{"jetpack_post_was_ever_published":false,"jetpack_publicize_message":"","jetpack_publicize_feature_enabled":true,"jetpack_social_post_already_shared":true,"jetpack_social_options":{"image_generator_settings":{"template":"highway","default_image_id":0,"font":"","enabled":false},"version":2}},"product_brand":[],"product_cat":[31,15,32],"product_tag":[],"class_list":{"0":"post-12091","1":"product","2":"type-product","3":"status-publish","4":"has-post-thumbnail","6":"product_cat-zapatos-para-hospitales","7":"product_cat-tactica","8":"product_cat-zapatos-para-restaurantes","9":"pa_size-91","10":"pa_size-92","11":"pa_size-93","12":"pa_size-94","13":"pa_size-95","14":"pa_size-96","15":"pa_size-97","16":"pa_size-98","17":"pa_size-99","18":"pa_size-100","19":"pa_size-101","20":"pa_size-102","22":"first","23":"onbackorder","24":"shipping-taxable","25":"purchasable","26":"product-type-variable"},"jetpack_publicize_connections":[],"jetpack_sharing_enabled":true,"_links":{"self":[{"href":"https:\/\/ozapato.com\/cr\/wp-json\/wp\/v2\/product\/12091","targetHints":{"allow":["GET"]}}],"collection":[{"href":"https:\/\/ozapato.com\/cr\/wp-json\/wp\/v2\/product"}],"about":[{"href":"https:\/\/ozapato.com\/cr\/wp-json\/wp\/v2\/types\/product"}],"replies":[{"embeddable":true,"href":"https:\/\/ozapato.com\/cr\/wp-json\/wp\/v2\/comments?post=12091"}],"wp:featuredmedia":[{"embeddable":true,"href":"https:\/\/ozapato.com\/cr\/wp-json\/wp\/v2\/media\/12104"}],"wp:attachment":[{"href":"https:\/\/ozapato.com\/cr\/wp-json\/wp\/v2\/media?parent=12091"}],"wp:term":[{"taxonomy":"product_brand","embeddable":true,"href":"https:\/\/ozapato.com\/cr\/wp-json\/wp\/v2\/product_brand?post=12091"},{"taxonomy":"product_cat","embeddable":true,"href":"https:\/\/ozapato.com\/cr\/wp-json\/wp\/v2\/product_cat?post=12091"},{"taxonomy":"product_tag","embeddable":true,"href":"https:\/\/ozapato.com\/cr\/wp-json\/wp\/v2\/product_tag?post=12091"}],"curies":[{"name":"wp","href":"https:\/\/api.w.org\/{rel}","templated":true}]}}