{"id":12452,"date":"2025-05-06T04:21:10","date_gmt":"2025-05-05T23:21:10","guid":{"rendered":"https:\/\/ozapato.com\/cr\/?post_type=product&#038;p=12452"},"modified":"2026-04-08T22:28:49","modified_gmt":"2026-04-08T17:28:49","slug":"bird-99","status":"publish","type":"product","link":"https:\/\/ozapato.com\/cr\/product\/bird-99\/","title":{"rendered":"BIRD 99"},"content":{"rendered":"<p>[vc_row][vc_column][vc_raw_html]JTNDZGl2JTIwc3R5bGUlM0QlMjJwb3NpdGlvbiUzQSUyMHJlbGF0aXZlJTNCJTIwd2lkdGglM0ElMjAxMDAlMjUlM0IlMjBoZWlnaHQlM0ElMjAwJTNCJTIwcGFkZGluZy10b3AlM0ElMjAxMjkuNDExOCUyNSUzQiUwQSUyMHBhZGRpbmctYm90dG9tJTNBJTIwMCUzQiUyMGJveC1zaGFkb3clM0ElMjAwJTIwMnB4JTIwOHB4JTIwMCUyMHJnYmElMjg2MyUyQzY5JTJDODElMkMwLjE2JTI5JTNCJTIwbWFyZ2luLXRvcCUzQSUyMDEuNmVtJTNCJTIwbWFyZ2luLWJvdHRvbSUzQSUyMDAuOWVtJTNCJTIwb3ZlcmZsb3clM0ElMjBoaWRkZW4lM0IlMEElMjBib3JkZXItcmFkaXVzJTNBJTIwOHB4JTNCJTIwd2lsbC1jaGFuZ2UlM0ElMjB0cmFuc2Zvcm0lM0IlMjIlM0UlMEElMjAlMjAlM0NpZnJhbWUlMjBsb2FkaW5nJTNEJTIybGF6eSUyMiUyMHN0eWxlJTNEJTIycG9zaXRpb24lM0ElMjBhYnNvbHV0ZSUzQiUyMHdpZHRoJTNBJTIwMTAwJTI1JTNCJTIwaGVpZ2h0JTNBJTIwMTAwJTI1JTNCJTIwdG9wJTNBJTIwMCUzQiUyMGxlZnQlM0ElMjAwJTNCJTIwYm9yZGVyJTNBJTIwbm9uZSUzQiUyMHBhZGRpbmclM0ElMjAwJTNCbWFyZ2luJTNBJTIwMCUzQiUyMiUwQSUyMCUyMCUyMCUyMHNyYyUzRCUyMmh0dHBzJTNBJTJGJTJGd3d3LmNhbnZhLmNvbSUyRmRlc2lnbiUyRkRBR1BFSVFPTUZvJTJGdXY4SDFfOERnbW1MRjBPMkFKWkdCdyUyRnZpZXclM0ZlbWJlZCUyMiUyMGFsbG93ZnVsbHNjcmVlbiUzRCUyMmFsbG93ZnVsbHNjcmVlbiUyMiUyMGFsbG93JTNEJTIyZnVsbHNjcmVlbiUyMiUzRSUwQSUyMCUyMCUzQyUyRmlmcmFtZSUzRSUwQSUzQyUyRmRpdiUzRSUwQSUzQ2ElMjBocmVmJTNEJTIyaHR0cHMlM0ElMjYlMjN4MkYlM0IlMjYlMjN4MkYlM0J3d3cuY2FudmEuY29tJTI2JTIzeDJGJTNCZGVzaWduJTI2JTIzeDJGJTNCREFHUEVJUU9NRm8lMjYlMjN4MkYlM0J1djhIMV84RGdtbUxGME8yQUpaR0J3JTI2JTIzeDJGJTNCdmlldyUzRnV0bV9jb250ZW50JTNEREFHUEVJUU9NRm8lMjZhbXAlM0J1dG1fY2FtcGFpZ24lM0RkZXNpZ25zaGFyZSUyNmFtcCUzQnV0bV9tZWRpdW0lM0RlbWJlZHMlMjZhbXAlM0J1dG1fc291cmNlJTNEbGluayUyMiUyMHRhcmdldCUzRCUyMl9ibGFuayUyMiUyMHJlbCUzRCUyMm5vb3BlbmVyJTIyJTNFJTNDJTJGYSUzRSUyMA==[\/vc_raw_html][\/vc_column][\/vc_row][vc_row][vc_column][vc_column_text]<\/p>\n<ul>\n<li><strong><span class=\"selected\">Tipo de Calzado:<\/span><\/strong><span class=\"selected\"> Bota de seguridad diel\u00e9ctrica (EH).<\/span><\/li>\n<li><strong><span class=\"selected\">Construcci\u00f3n:<\/span><\/strong><span class=\"selected\"> Cementado (Cemented).<\/span><\/li>\n<li><strong><span class=\"selected\">Certificaci\u00f3n Diel\u00e9ctrica:<\/span><\/strong><span class=\"selected\"> \u26a1 Certificada para <\/span><strong><span class=\"selected\">18,000 Volts<\/span><\/strong><span class=\"selected\"> seg\u00fan <\/span><strong><span class=\"selected\">ASTM F2413-18<\/span><\/strong><span class=\"selected\">. Ideal para trabajos con riesgo el\u00e9ctrico en Costa Rica.<\/span><\/li>\n<li><strong><span class=\"selected\">Suela:<\/span><\/strong>\n<ul>\n<li><span class=\"selected\">Material: Poliuretano de doble densidad (PU+PU).<\/span><\/li>\n<li><span class=\"selected\">Propiedades: <\/span><strong><span class=\"selected\">Antideslizante<\/span><\/strong><span class=\"selected\">, resistente a aceites, hidrocarburos y combustible. Alta durabilidad y flexibilidad.<\/span><\/li>\n<li><span class=\"selected\">Tecnolog\u00eda: <\/span><strong><span class=\"selected\">Anti-Fatigue<\/span><\/strong><span class=\"selected\"> &#8211; Suela antifatiga ultra flexible con absorci\u00f3n de impactos al caminar.<\/span><\/li>\n<\/ul>\n<\/li>\n<li><strong><span class=\"selected\">Corte (Material Exterior):<\/span><\/strong>\n<ul>\n<li><span class=\"selected\">Material: <\/span><strong><span class=\"selected\">Piel Genuina (Cuero full grain)<\/span><\/strong><span class=\"selected\"> de origen vacuno (PH &gt; 3.5).<\/span><\/li>\n<li><span class=\"selected\">Acabado: Performance, <\/span><strong><span class=\"selected\">resistente al agua<\/span><\/strong><span class=\"selected\"> con tratamiento de poliuretano (Tecnolog\u00eda Dryfast).<\/span><\/li>\n<li><span class=\"selected\">Resistencia: Alta adherencia, flexibilidad (&gt;3000 pasos\/d\u00eda sin deterioro en clima h\u00famedo), resistente a fricciones.<\/span><\/li>\n<\/ul>\n<\/li>\n<li><strong><span class=\"selected\">Forro Interior:<\/span><\/strong>\n<ul>\n<li><span class=\"selected\">Material: Textil acolchado.<\/span><\/li>\n<li><span class=\"selected\">Propiedades: <\/span><strong><span class=\"selected\">Antimicrobiano<\/span><\/strong><span class=\"selected\">, transpirable.<\/span><\/li>\n<\/ul>\n<\/li>\n<li><strong><span class=\"selected\">Puntera de Seguridad (Casco):<\/span><\/strong>\n<ul>\n<li><span class=\"selected\">Material: <\/span><strong><span class=\"selected\">Composite XL<\/span><\/strong><span class=\"selected\"> (extra larga). 100% libre de metal, no conductora de electricidad.<\/span><\/li>\n<li><span class=\"selected\">Resistencia: Impacto (I\/75 &#8211; 101.7j \/ 200 Joules) y Compresi\u00f3n (C\/75 &#8211; 11.135 kN) seg\u00fan ASTM F2413-18.<\/span><\/li>\n<li><span class=\"selected\">Ventajas: 30% m\u00e1s ligera que el acero, no presenta oxidaci\u00f3n, dise\u00f1o ergon\u00f3mico.<\/span><\/li>\n<\/ul>\n<\/li>\n<li><strong><span class=\"selected\">Plantilla Anti-Perforaci\u00f3n:<\/span><\/strong><span class=\"selected\"> \ud83d\udee1\ufe0f<\/span>\n<ul>\n<li><span class=\"selected\">Material: Textil de <\/span><strong><span class=\"selected\">Kevlar<\/span><\/strong><span class=\"selected\"> (no met\u00e1lica). Similar al material de chalecos antibalas.<\/span><\/li>\n<li><span class=\"selected\">Protecci\u00f3n: Resiste la penetraci\u00f3n de agentes punzocortantes.<\/span><\/li>\n<li><span class=\"selected\">Ventajas: Ligera, flexible, transpirable, mantiene propiedades diel\u00e9ctricas. <\/span><strong><span class=\"selected\">100% Libre de Metal<\/span><\/strong><span class=\"selected\">.<\/span><\/li>\n<\/ul>\n<\/li>\n<li><strong><span class=\"selected\">Plantilla Interior (Confort):<\/span><\/strong>\n<ul>\n<li><span class=\"selected\">Material: PU<\/span><\/li>\n<li><span class=\"selected\">Propiedades: <\/span><strong><span class=\"selected\">Antimicrobiana<\/span><\/strong><span class=\"selected\">.<\/span><\/li>\n<\/ul>\n<\/li>\n<li><strong><span class=\"selected\">Costuras:<\/span><\/strong><span class=\"selected\"> Doble y triple costura de nylon para mayor durabilidad.<\/span><\/li>\n<li><strong><span class=\"selected\">Ajuste:<\/span><\/strong><span class=\"selected\"> Horma EEE (ancha).<\/span><\/li>\n<li><strong><span class=\"selected\">Altura:<\/span><\/strong><span class=\"selected\"> 16 cm.<\/span><\/li>\n<li><strong><span class=\"selected\">Numeraci\u00f3n Disponible:<\/span><\/strong><span class=\"selected\"> 3 al 13 (Consultar disponibilidad en Costa Rica).<\/span><\/li>\n<li><strong><span class=\"selected\">Libre de Metal:<\/span><\/strong> <strong><span class=\"selected\">100% Metal Free<\/span><\/strong><span class=\"selected\">.<\/span><\/li>\n<\/ul>\n<p><strong><span class=\"selected\">Normas Cumplidas:<\/span><\/strong><\/p>\n<ul>\n<li><strong><span class=\"selected\">ASTM F2413-18:<\/span><\/strong><span class=\"selected\"> Especificaci\u00f3n est\u00e1ndar para requisitos de rendimiento para calzado de protecci\u00f3n (seguridad) con puntera.<\/span>\n<ul>\n<li><span class=\"selected\">Resistencia al Impacto (I\/75)<\/span><\/li>\n<li><span class=\"selected\">Resistencia a la Compresi\u00f3n (C\/75)<\/span><\/li>\n<li><span class=\"selected\">Protecci\u00f3n contra Riesgos El\u00e9ctricos (EH) &#8211; 18,000 Volts<\/span><\/li>\n<\/ul>\n<\/li>\n<\/ul>\n<p><strong><span class=\"selected\">Tecnolog\u00edas Incorporadas:<\/span><\/strong><\/p>\n<ul>\n<li><strong><span class=\"selected\">Anti-Fatigue:<\/span><\/strong><span class=\"selected\"> Suela dise\u00f1ada para reducir la fatiga mediante absorci\u00f3n de impactos y flexibilidad.<\/span><\/li>\n<li><strong><span class=\"selected\">Dryfast:<\/span><\/strong><span class=\"selected\"> Tratamiento repelente a la humedad en el cuero.<\/span><\/li>\n<li><strong><span class=\"selected\">Puntera Composite XL:<\/span><\/strong><span class=\"selected\"> Protecci\u00f3n no met\u00e1lica, ligera y segura.<\/span><\/li>\n<li><strong><span class=\"selected\">Plantilla Kevlar:<\/span><\/strong><span class=\"selected\"> Protecci\u00f3n anti-perforaci\u00f3n no met\u00e1lica.<\/span><\/li>\n<\/ul>\n<p>[\/vc_column_text][\/vc_column][\/vc_row]<\/p>\n","protected":false},"excerpt":{"rendered":"<p><span class=\"selected\">\ud83d\udee1\ufe0f Las <\/span><strong><span class=\"selected\">Botas diel\u00e9ctricas doble densidad OZAPATO BIRD 99<\/span><\/strong><span class=\"selected\"> son un calzado de seguridad premium dise\u00f1ado para ofrecer m\u00e1xima protecci\u00f3n y confort en entornos laborales exigentes en Costa Rica.\u00a0 Su suela de doble densidad PU+PU proporciona excelente resistencia al deslizamiento y durabilidad.<\/span><\/p>\n","protected":false},"featured_media":12703,"comment_status":"open","ping_status":"closed","template":"","meta":{"jetpack_post_was_ever_published":false,"jetpack_publicize_message":"","jetpack_publicize_feature_enabled":true,"jetpack_social_post_already_shared":true,"jetpack_social_options":{"image_generator_settings":{"template":"highway","default_image_id":0,"font":"","enabled":false},"version":2}},"product_brand":[],"product_cat":[28,12],"product_tag":[],"class_list":{"0":"post-12452","1":"product","2":"type-product","3":"status-publish","4":"has-post-thumbnail","6":"product_cat-dielectrica","7":"product_cat-industrial","8":"pa_size-91","9":"pa_size-92","10":"pa_size-93","11":"pa_size-94","12":"pa_size-95","13":"pa_size-96","14":"pa_size-97","15":"pa_size-98","16":"pa_size-99","17":"pa_size-100","18":"pa_size-101","19":"pa_size-102","21":"first","22":"instock","23":"shipping-taxable","24":"purchasable","25":"product-type-variable","26":"has-default-attributes"},"jetpack_publicize_connections":[],"jetpack_sharing_enabled":true,"_links":{"self":[{"href":"https:\/\/ozapato.com\/cr\/wp-json\/wp\/v2\/product\/12452","targetHints":{"allow":["GET"]}}],"collection":[{"href":"https:\/\/ozapato.com\/cr\/wp-json\/wp\/v2\/product"}],"about":[{"href":"https:\/\/ozapato.com\/cr\/wp-json\/wp\/v2\/types\/product"}],"replies":[{"embeddable":true,"href":"https:\/\/ozapato.com\/cr\/wp-json\/wp\/v2\/comments?post=12452"}],"wp:featuredmedia":[{"embeddable":true,"href":"https:\/\/ozapato.com\/cr\/wp-json\/wp\/v2\/media\/12703"}],"wp:attachment":[{"href":"https:\/\/ozapato.com\/cr\/wp-json\/wp\/v2\/media?parent=12452"}],"wp:term":[{"taxonomy":"product_brand","embeddable":true,"href":"https:\/\/ozapato.com\/cr\/wp-json\/wp\/v2\/product_brand?post=12452"},{"taxonomy":"product_cat","embeddable":true,"href":"https:\/\/ozapato.com\/cr\/wp-json\/wp\/v2\/product_cat?post=12452"},{"taxonomy":"product_tag","embeddable":true,"href":"https:\/\/ozapato.com\/cr\/wp-json\/wp\/v2\/product_tag?post=12452"}],"curies":[{"name":"wp","href":"https:\/\/api.w.org\/{rel}","templated":true}]}}