{"id":12576,"date":"2025-06-16T23:02:13","date_gmt":"2025-06-16T18:02:13","guid":{"rendered":"https:\/\/ozapato.com\/cr\/?post_type=product&#038;p=12576"},"modified":"2026-04-10T22:28:00","modified_gmt":"2026-04-10T17:28:00","slug":"calzado-tactico-seguridad-rock97","status":"publish","type":"product","link":"https:\/\/ozapato.com\/cr\/product\/calzado-tactico-seguridad-rock97\/","title":{"rendered":"ROCK 97"},"content":{"rendered":"<p>[vc_row][vc_column][vc_column_text]<\/p>\n<p data-sourcepos=\"9:1-9:236\">Dise\u00f1ada para los profesionales m\u00e1s exigentes, la bota ROCK 97 es el calzado t\u00e1ctico de seguridad definitivo. Construida con cuero 100% vacuno y libre de metales, esta bota te ofrece la m\u00e1xima protecci\u00f3n y agilidad en cualquier terreno.<\/p>\n<p data-sourcepos=\"11:1-11:447\">Su <strong>suela tipo &#8220;Panam\u00e1&#8221; o jungla<\/strong> est\u00e1 espec\u00edficamente dise\u00f1ada para el rendimiento t\u00e1ctico. Hist\u00f3ricamente, este tipo de suela fue desarrollada para las botas de la jungla con el objetivo de ofrecer un agarre excepcional y evacuar eficazmente el lodo y el agua, evitando que se acumulen en la suela. Este dise\u00f1o de tacos anchos y canales profundos te proporciona la m\u00e1xima tracci\u00f3n y estabilidad en terrenos lodosos, irregulares o resbaladizos.<\/p>\n<p data-sourcepos=\"13:1-13:32\"><strong>Caracter\u00edsticas Principales:<\/strong><\/p>\n<ul data-sourcepos=\"15:1-18:233\">\n<li data-sourcepos=\"15:1-15:252\"><strong>Protecci\u00f3n Superior:<\/strong> Equipado con una puntera de composite XL, m\u00e1s ligera que el acero, que protege contra impactos de hasta 200 joules. Adem\u00e1s, cuenta con una plantilla textil anti-perforaci\u00f3n tipo Kevlar que resguarda de objetos punzocortantes.<\/li>\n<li data-sourcepos=\"16:1-16:163\"><strong>Seguridad Certificada:<\/strong> Cumple con las normas ASTM 2412-18 y NOM 113 STPS. Su suela de elast\u00f3mero es antideslizante y resistente a aceites, grasas y gasolina.<\/li>\n<li data-sourcepos=\"17:1-17:110\"><strong>100% Libre de Metal:\u00a0<\/strong>No se oxida<\/li>\n<li data-sourcepos=\"18:1-18:233\"><strong>Comodidad Extrema:<\/strong> Incorpora tecnolog\u00eda anti-fatiga con absorci\u00f3n de impactos, plantilla interior antimicrobiana y forros que previenen la generaci\u00f3n de bacterias y mal olor, manteni\u00e9ndote c\u00f3modo y seco durante toda la jornada.<\/li>\n<\/ul>\n<h3 data-sourcepos=\"3:1-3:68\"><strong>El Legado de la Suela Panam\u00e1: Tecnolog\u00eda Militar en Tus Pies<\/strong><\/h3>\n<div id=\"attachment_12742\" style=\"width: 556px\" class=\"wp-caption aligncenter\"><img loading=\"lazy\" decoding=\"async\" aria-describedby=\"caption-attachment-12742\" class=\" wp-image-12742\" src=\"https:\/\/ozapato.com\/cr\/wp-content\/uploads\/sites\/6\/2025\/06\/Gemini_Generated_Image_mb6rtomb6rtomb6r-e1757622146104-300x171.png\" alt=\"Rock 97 bota industrial y tactica con suela jungla. Ideal para un uso todo terreno, forestal, jungla\" width=\"546\" height=\"311\" srcset=\"https:\/\/ozapato.com\/cr\/wp-content\/uploads\/sites\/6\/2025\/06\/Gemini_Generated_Image_mb6rtomb6rtomb6r-e1757622146104-300x171.png 300w, https:\/\/ozapato.com\/cr\/wp-content\/uploads\/sites\/6\/2025\/06\/Gemini_Generated_Image_mb6rtomb6rtomb6r-e1757622146104-1024x585.png 1024w, https:\/\/ozapato.com\/cr\/wp-content\/uploads\/sites\/6\/2025\/06\/Gemini_Generated_Image_mb6rtomb6rtomb6r-e1757622146104-350x200.png 350w, https:\/\/ozapato.com\/cr\/wp-content\/uploads\/sites\/6\/2025\/06\/Gemini_Generated_Image_mb6rtomb6rtomb6r-e1757622146104-570x326.png 570w, https:\/\/ozapato.com\/cr\/wp-content\/uploads\/sites\/6\/2025\/06\/Gemini_Generated_Image_mb6rtomb6rtomb6r-e1757622146104-768x439.png 768w, https:\/\/ozapato.com\/cr\/wp-content\/uploads\/sites\/6\/2025\/06\/Gemini_Generated_Image_mb6rtomb6rtomb6r-e1757622146104.png 1344w\" sizes=\"auto, (max-width: 546px) 100vw, 546px\" \/><p id=\"caption-attachment-12742\" class=\"wp-caption-text\">Rock 97 bota industrial y tactica con suela jungla. Ideal para un uso todo terreno, forestal, jungla<\/p><\/div>\n<p data-sourcepos=\"5:1-5:262\">La suela tipo jungla &#8220;Panam\u00e1&#8221; de la bota ROCK 97 no es solo una caracter\u00edstica, es una pieza de historia militar probada en combate. Su dise\u00f1o fue una respuesta directa a las duras lecciones aprendidas por el Ej\u00e9rcito de los EE. UU. durante la Guerra de Vietnam.<\/p>\n<p data-sourcepos=\"7:1-7:38\"><strong>El Desaf\u00edo de la Jungla de Vietnam<\/strong><\/p>\n<p data-sourcepos=\"9:1-9:409\">Los soldados que operaban en las selvas de Vietnam enfrentaban un enemigo constante: el lodo. Las suelas de las botas anteriores, como la suela de tacos Vibram, se obstru\u00edan r\u00e1pidamente con barro denso y arcilla. Esto convert\u00eda las botas en plataformas pesadas y peligrosas, eliminando la tracci\u00f3n y causando resbalones y ca\u00eddas en un terreno ya de por s\u00ed traicionero. Se necesitaba urgentemente una soluci\u00f3n.<\/p>\n<p data-sourcepos=\"11:1-11:43\"><strong>La Innovaci\u00f3n: La Suela de Autolimpieza<\/strong><\/p>\n<p data-sourcepos=\"13:1-13:250\">La respuesta fue el desarrollo de la bota de jungla con suela Panam\u00e1. Su dise\u00f1o revolucionario consist\u00eda en tacos de goma anchos y agresivamente angulados con canales profundos. Este patr\u00f3n no fue accidental; fue dise\u00f1ado con un prop\u00f3sito espec\u00edfico:<\/p>\n<ul data-sourcepos=\"15:1-17:0\">\n<li data-sourcepos=\"15:1-15:247\"><strong>Acci\u00f3n de Autolimpieza:<\/strong> Al caminar, la flexi\u00f3n natural de la suela apretaba los tacos, expulsando activamente el lodo y los escombros. Esto permit\u00eda que la bota mantuviera su agarre en lugar de convertirse en una superficie lisa y embarrada.<\/li>\n<li data-sourcepos=\"16:1-17:0\"><strong>Tracci\u00f3n M\u00e1xima:<\/strong> Al mantenerse limpia, la suela garantizaba que los tacos estuvieran siempre en contacto con el suelo firme, proporcionando una tracci\u00f3n superior y una estabilidad crucial durante las patrullas en terrenos lodosos, cruces de r\u00edos y pendientes resbaladizas.<\/li>\n<\/ul>\n<p data-sourcepos=\"18:1-18:327\">Esta tecnolog\u00eda se convirti\u00f3 en el est\u00e1ndar para las botas de jungla del Ej\u00e9rcito de los EE. UU., demostrando ser un equipo esencial para la movilidad y la seguridad del soldado. Al usar la bota ROCK 97, est\u00e1s equipando tus pies con la misma ventaja t\u00e1ctica que demostr\u00f3 su val\u00eda en uno de los entornos m\u00e1s exigentes del mundo.<\/p>\n<p>[\/vc_column_text][\/vc_column][\/vc_row]<\/p>\n","protected":false},"excerpt":{"rendered":"<p>Dise\u00f1ada para los profesionales m\u00e1s exigentes, la bota ROCK 97 es el calzado t\u00e1ctico de seguridad definitivo.<\/p>\n","protected":false},"featured_media":12578,"comment_status":"open","ping_status":"closed","template":"","meta":{"jetpack_post_was_ever_published":false,"jetpack_publicize_message":"","jetpack_publicize_feature_enabled":true,"jetpack_social_post_already_shared":true,"jetpack_social_options":{"image_generator_settings":{"template":"highway","default_image_id":0,"font":"","enabled":false},"version":2}},"product_brand":[],"product_cat":[232,230,15,16],"product_tag":[],"class_list":{"0":"post-12576","1":"product","2":"type-product","3":"status-publish","4":"has-post-thumbnail","6":"product_cat-industria-alimentaria","7":"product_cat-motorizado","8":"product_cat-tactica","9":"product_cat-todoterreno","10":"pa_size-91","11":"pa_size-92","12":"pa_size-93","13":"pa_size-94","14":"pa_size-95","15":"pa_size-96","16":"pa_size-97","17":"pa_size-98","18":"pa_size-99","19":"pa_size-100","20":"pa_size-101","21":"pa_size-102","23":"first","24":"instock","25":"shipping-taxable","26":"purchasable","27":"product-type-variable","28":"has-default-attributes"},"jetpack_publicize_connections":[],"jetpack_sharing_enabled":true,"_links":{"self":[{"href":"https:\/\/ozapato.com\/cr\/wp-json\/wp\/v2\/product\/12576","targetHints":{"allow":["GET"]}}],"collection":[{"href":"https:\/\/ozapato.com\/cr\/wp-json\/wp\/v2\/product"}],"about":[{"href":"https:\/\/ozapato.com\/cr\/wp-json\/wp\/v2\/types\/product"}],"replies":[{"embeddable":true,"href":"https:\/\/ozapato.com\/cr\/wp-json\/wp\/v2\/comments?post=12576"}],"wp:featuredmedia":[{"embeddable":true,"href":"https:\/\/ozapato.com\/cr\/wp-json\/wp\/v2\/media\/12578"}],"wp:attachment":[{"href":"https:\/\/ozapato.com\/cr\/wp-json\/wp\/v2\/media?parent=12576"}],"wp:term":[{"taxonomy":"product_brand","embeddable":true,"href":"https:\/\/ozapato.com\/cr\/wp-json\/wp\/v2\/product_brand?post=12576"},{"taxonomy":"product_cat","embeddable":true,"href":"https:\/\/ozapato.com\/cr\/wp-json\/wp\/v2\/product_cat?post=12576"},{"taxonomy":"product_tag","embeddable":true,"href":"https:\/\/ozapato.com\/cr\/wp-json\/wp\/v2\/product_tag?post=12576"}],"curies":[{"name":"wp","href":"https:\/\/api.w.org\/{rel}","templated":true}]}}