{"id":12600,"date":"2025-06-18T00:26:09","date_gmt":"2025-06-17T19:26:09","guid":{"rendered":"https:\/\/ozapato.com\/cr\/?post_type=product&#038;p=12600"},"modified":"2026-04-09T22:26:31","modified_gmt":"2026-04-09T17:26:31","slug":"orizaba-01","status":"publish","type":"product","link":"https:\/\/ozapato.com\/cr\/product\/orizaba-01\/","title":{"rendered":"ORIZABA 01"},"content":{"rendered":"<p>[vc_row][vc_column][vc_column_text]<\/p>\n<div class=\"page-title-hidden\">\n<div id=\"primary\" class=\"content-area\">\n<div id=\"content\" class=\"site-content\" role=\"main\">\n<div id=\"post-12530\" class=\"post-12530 page type-page status-publish hentry\">\n<div class=\"row\">\n<div class=\"large-12 columns\">\n<div class=\"entry-content\">\n<div class=\"vc_row wpb_row vc_row-fluid\">\n<div class=\"wpb_column vc_column_container vc_col-sm-12\">\n<div class=\"vc_column-inner\">\n<div class=\"wpb_wrapper\">\n<div class=\"wpb_raw_code wpb_content_element wpb_raw_html\">\n<div class=\"wpb_wrapper\">\n<div class=\"container\">\n<div class=\"keywords-footer\">\n<p><span style=\"color: #ffffff;\">\u00a0OZAPATO: La mejor alternativa si busca <strong>Calzado Dakar en Costa Rica<\/strong>. Elija la l\u00ednea Orizaba para durabilidad y confort superior<\/span>.<\/p>\n<\/div>\n<\/div>\n<\/div>\n<\/div>\n<\/div>\n<\/div>\n<\/div>\n<\/div>\n<\/div>\n<\/div>\n<\/div>\n<\/div>\n<\/div>\n<\/div>\n<\/div>\n<ul>\n<li data-sourcepos=\"11:1-11:268\"><strong><span class=\"citation-160\">Suela Avanzada PU\/TPU:<\/span><\/strong><span class=\"citation-160 citation-end-160\"> La suela de doble densidad PU\/TPU ofrece una excelente resistencia a la abrasi\u00f3n, mucho mejor que el PU\/PU<\/span>. <span class=\"citation-159 citation-end-159\">Esta composici\u00f3n avanzada garantiza una mayor durabilidad en condiciones demandantes<\/span>. <span style=\"color: #ffffff;\">Mucho mejor que un calzado PU\/PU como el Dakar<\/span>\n<div class=\"source-inline-chip-container ng-star-inserted\"><\/div>\n<div class=\"source-inline-chip-container ng-star-inserted\"><\/div>\n<\/li>\n<li data-sourcepos=\"12:1-12:359\"><strong><span class=\"citation-158\">Resistencia Qu\u00edmica Superior:<\/span><\/strong><span class=\"citation-158 citation-end-158\"> Las propiedades de nuestra suela de PU\/TPU aseguran un alto \u00edndice de resistencia al deslizamiento en presencia de aceites vegetales, naturales, grasas y gasolinas<\/span>. <span class=\"citation-157 citation-end-157\">Al no absorber estas sustancias qu\u00edmicas, la suela aumenta considerablemente su vida \u00fatil y mantiene su integridad<\/span>.\n<div class=\"source-inline-chip-container ng-star-inserted\"><\/div>\n<div class=\"source-inline-chip-container ng-star-inserted\"><\/div>\n<\/li>\n<li data-sourcepos=\"13:1-13:394\"><strong><span class=\"citation-156\">Puntera de Composite XL:<\/span><\/strong><span class=\"citation-156 citation-end-156\"> Equipada con una puntera extra larga de composite, un material 100% no conductor de electricidad y 30% m\u00e1s ligero que el acero<\/span>. <span class=\"citation-155 citation-end-155\">No presenta oxidaci\u00f3n y su dise\u00f1o est\u00e1 basado en criterios de laboratorio ortop\u00e9dico<\/span>. <span class=\"citation-154 citation-end-154\">Energ\u00eda de impacto de 101.7j+ y una carga de compresi\u00f3n de 11.135kn+0.2kn seg\u00fan norma<\/span>.\n<div class=\"source-inline-chip-container ng-star-inserted\"><\/div>\n<div class=\"source-inline-chip-container ng-star-inserted\"><\/div>\n<\/li>\n<li data-sourcepos=\"14:1-14:289\"><strong><span class=\"citation-153\">Plantilla Anti-perforaci\u00f3n No Met\u00e1lica:<\/span><\/strong><span class=\"citation-153 citation-end-153\"> Similar al material de los chalecos antibalas, esta plantilla protege contra agentes punzocortantes<\/span>. <span class=\"citation-152 citation-end-152\">Permite que el calzado mantenga sus propiedades de transpiraci\u00f3n, es ligero y adem\u00e1s diel\u00e9ctrico<\/span>.\n<div class=\"source-inline-chip-container ng-star-inserted\"><\/div>\n<div class=\"source-inline-chip-container ng-star-inserted\"><\/div>\n<\/li>\n<li data-sourcepos=\"15:1-15:372\"><strong><span class=\"citation-151\">Construcci\u00f3n y Materiales de Calidad:<\/span><\/strong><span class=\"citation-151 citation-end-151\"> Construcci\u00f3n cementada <\/span> <span class=\"citation-150 citation-end-150\">con corte de cuero graso caf\u00e9 <\/span> <span class=\"citation-149 citation-end-149\">100% de origen vacuno<\/span>. <span class=\"citation-148 citation-end-148\">Su acabado garantiza una alta adherencia y capacidad de flexionar m\u00ednimo 3000 pasos por d\u00eda sin deterioro en clima h\u00famedo, as\u00ed como alta resistencia a las fricciones<\/span>.\n<div class=\"source-inline-chip-container ng-star-inserted\"><\/div>\n<div class=\"source-inline-chip-container ng-star-inserted\"><\/div>\n<div class=\"source-inline-chip-container ng-star-inserted\"><\/div>\n<\/li>\n<li data-sourcepos=\"16:1-16:425\"><strong><span class=\"citation-147\">Confort y Funcionalidad:<\/span><\/strong><span class=\"citation-147 citation-end-147\"> Forro antimicrobiano acolchado color negro <\/span> <span class=\"citation-146 citation-end-146\">y plantilla interior de PU ultra c\u00f3moda<\/span>. <span class=\"citation-145 citation-end-145\">Incluye tecnolog\u00edas Anti-fatigue (suela ultra flexible con absorci\u00f3n de choque al caminar) <\/span><span class=\"citation-144 citation-end-144\">, Dryfast (repelente de poliuretano para la humedad) <\/span> <span class=\"citation-143 citation-end-143\">y Waterproof (100% cuero graso con acabado de poliuretano)<\/span>.\n<div class=\"source-inline-chip-container ng-star-inserted\"><\/div>\n<\/li>\n<li data-sourcepos=\"17:1-17:248\"><strong><span class=\"citation-142\">Certificaciones y Seguridad:<\/span><\/strong><span class=\"citation-142 citation-end-142\"> Botas 100% libres de metal <\/span> <span class=\"citation-141 citation-end-141\">y certificadas ASTM F2412-13 I\/75 C\/75 EH PR y ASTM 2413-18 hasta 18,000 voltios<\/span>. <span class=\"citation-140 citation-end-140\">Peso de 650 gramos (talla 7)<\/span>.<\/li>\n<\/ul>\n<p><span style=\"color: #ffffff;\">El Orizaba 01 ofrece una suela PU \/ TPU mucho mas resistente que el calzado \/ zapato EH DAKAR en Costa Rica<\/span>[\/vc_column_text][\/vc_column][\/vc_row][vc_row][vc_column][vc_raw_html]JTNDZGl2JTIwc3R5bGUlM0QlMjJwb3NpdGlvbiUzQSUyMHJlbGF0aXZlJTNCJTIwd2lkdGglM0ElMjAxMDAlMjUlM0IlMjBoZWlnaHQlM0ElMjAwJTNCJTIwcGFkZGluZy10b3AlM0ElMjAxMjkuNDExOCUyNSUzQiUwQSUyMHBhZGRpbmctYm90dG9tJTNBJTIwMCUzQiUyMGJveC1zaGFkb3clM0ElMjAwJTIwMnB4JTIwOHB4JTIwMCUyMHJnYmElMjg2MyUyQzY5JTJDODElMkMwLjE2JTI5JTNCJTIwbWFyZ2luLXRvcCUzQSUyMDEuNmVtJTNCJTIwbWFyZ2luLWJvdHRvbSUzQSUyMDAuOWVtJTNCJTIwb3ZlcmZsb3clM0ElMjBoaWRkZW4lM0IlMEElMjBib3JkZXItcmFkaXVzJTNBJTIwOHB4JTNCJTIwd2lsbC1jaGFuZ2UlM0ElMjB0cmFuc2Zvcm0lM0IlMjIlM0UlMEElMjAlMjAlM0NpZnJhbWUlMjBsb2FkaW5nJTNEJTIybGF6eSUyMiUyMHN0eWxlJTNEJTIycG9zaXRpb24lM0ElMjBhYnNvbHV0ZSUzQiUyMHdpZHRoJTNBJTIwMTAwJTI1JTNCJTIwaGVpZ2h0JTNBJTIwMTAwJTI1JTNCJTIwdG9wJTNBJTIwMCUzQiUyMGxlZnQlM0ElMjAwJTNCJTIwYm9yZGVyJTNBJTIwbm9uZSUzQiUyMHBhZGRpbmclM0ElMjAwJTNCbWFyZ2luJTNBJTIwMCUzQiUyMiUwQSUyMCUyMCUyMCUyMHNyYyUzRCUyMmh0dHBzJTNBJTJGJTJGd3d3LmNhbnZhLmNvbSUyRmRlc2lnbiUyRkRBR3BPTzFrVmZZJTJGTHk4TnI4RDhTV0wzVV9nU0VQV0QxZyUyRnZpZXclM0ZlbWJlZCUyMiUyMGFsbG93ZnVsbHNjcmVlbiUzRCUyMmFsbG93ZnVsbHNjcmVlbiUyMiUyMGFsbG93JTNEJTIyZnVsbHNjcmVlbiUyMiUzRSUwQSUyMCUyMCUzQyUyRmlmcmFtZSUzRSUwQSUzQyUyRmRpdiUzRSUwQSUzQ2ElMjBocmVmJTNEJTIyaHR0cHMlM0ElMjYlMjN4MkYlM0IlMjYlMjN4MkYlM0J3d3cuY2FudmEuY29tJTI2JTIzeDJGJTNCZGVzaWduJTI2JTIzeDJGJTNCREFHcE9PMWtWZlklMjYlMjN4MkYlM0JMeThOcjhEOFNXTDNVX2dTRVBXRDFnJTI2JTIzeDJGJTNCdmlldyUzRnV0bV9jb250ZW50JTNEREFHcE9PMWtWZlklMjZhbXAlM0J1dG1fY2FtcGFpZ24lM0RkZXNpZ25zaGFyZSUyNmFtcCUzQnV0bV9tZWRpdW0lM0RlbWJlZHMlMjZhbXAlM0J1dG1fc291cmNlJTNEbGluayUyMiUyMHRhcmdldCUzRCUyMl9ibGFuayUyMiUyMHJlbCUzRCUyMm5vb3BlbmVyJTIyJTNFT1JJWkFCQV8wMSUzQyUyRmElM0UlMjBieSUyME9aQVBBVE8=[\/vc_raw_html][\/vc_column][\/vc_row]<\/p>\n","protected":false},"excerpt":{"rendered":"<p>Nuevo: ORIZABA 01 <strong>botas diel\u00e9ctricas con suela de TPU en Costa Rica.<\/strong> Nuestras botas Orizaba 01 presentan una innovadora suela de PU\/TPU, superior en resistencia a la abrasi\u00f3n y qu\u00edmicos frente a las suelas de PU\/PU. Con puntera XL de composite y plantilla anti-perforaci\u00f3n, ofrecen seguridad y confort certificado para 18,000 voltios. <span style=\"color: #ffffff;\">Calzado mucho mejor y con mejor abrazion que el calzado Dakar<\/span><\/p>\n","protected":false},"featured_media":12710,"comment_status":"open","ping_status":"closed","template":"","meta":{"jetpack_post_was_ever_published":false,"jetpack_publicize_message":"","jetpack_publicize_feature_enabled":true,"jetpack_social_post_already_shared":true,"jetpack_social_options":{"image_generator_settings":{"template":"highway","default_image_id":0,"font":"","enabled":false},"version":2}},"product_brand":[],"product_cat":[28,250,12],"product_tag":[],"class_list":{"0":"post-12600","1":"product","2":"type-product","3":"status-publish","4":"has-post-thumbnail","6":"product_cat-dielectrica","7":"product_cat-botas-con-suela-pu-tpu","8":"product_cat-industrial","9":"pa_size-91","10":"pa_size-92","11":"pa_size-93","12":"pa_size-94","13":"pa_size-95","14":"pa_size-96","15":"pa_size-97","16":"pa_size-98","17":"pa_size-99","18":"pa_size-100","19":"pa_size-101","20":"pa_size-102","22":"first","23":"instock","24":"shipping-taxable","25":"purchasable","26":"product-type-variable","27":"has-default-attributes"},"jetpack_publicize_connections":[],"jetpack_sharing_enabled":true,"_links":{"self":[{"href":"https:\/\/ozapato.com\/cr\/wp-json\/wp\/v2\/product\/12600","targetHints":{"allow":["GET"]}}],"collection":[{"href":"https:\/\/ozapato.com\/cr\/wp-json\/wp\/v2\/product"}],"about":[{"href":"https:\/\/ozapato.com\/cr\/wp-json\/wp\/v2\/types\/product"}],"replies":[{"embeddable":true,"href":"https:\/\/ozapato.com\/cr\/wp-json\/wp\/v2\/comments?post=12600"}],"wp:featuredmedia":[{"embeddable":true,"href":"https:\/\/ozapato.com\/cr\/wp-json\/wp\/v2\/media\/12710"}],"wp:attachment":[{"href":"https:\/\/ozapato.com\/cr\/wp-json\/wp\/v2\/media?parent=12600"}],"wp:term":[{"taxonomy":"product_brand","embeddable":true,"href":"https:\/\/ozapato.com\/cr\/wp-json\/wp\/v2\/product_brand?post=12600"},{"taxonomy":"product_cat","embeddable":true,"href":"https:\/\/ozapato.com\/cr\/wp-json\/wp\/v2\/product_cat?post=12600"},{"taxonomy":"product_tag","embeddable":true,"href":"https:\/\/ozapato.com\/cr\/wp-json\/wp\/v2\/product_tag?post=12600"}],"curies":[{"name":"wp","href":"https:\/\/api.w.org\/{rel}","templated":true}]}}