{"id":12621,"date":"2025-06-18T00:38:49","date_gmt":"2025-06-17T19:38:49","guid":{"rendered":"https:\/\/ozapato.com\/cr\/?post_type=product&#038;p=12621"},"modified":"2026-04-11T22:26:43","modified_gmt":"2026-04-11T17:26:43","slug":"orizaba-02","status":"publish","type":"product","link":"https:\/\/ozapato.com\/cr\/product\/orizaba-02\/","title":{"rendered":"ORIZABA 02"},"content":{"rendered":"<p>[vc_row][vc_column][vc_column_text]<\/p>\n<ul>\n<li data-sourcepos=\"11:1-11:243\"><strong><span class=\"citation-215\">Suela Avanzada PU\/TPU:<\/span><\/strong><span class=\"citation-215 citation-end-215\"> La suela de doble densidad PU\/TPU ofrece una excelente resistencia a la abrasi\u00f3n, mucho mejor que el PU\/PU<\/span>. Esta composici\u00f3n avanzada garantiza una mayor durabilidad en condiciones demandantes. <span style=\"color: #ffffff;\">Mejor que la suela PU\/PU de la bota EH Dakar<\/span>\n<div class=\"source-inline-chip-container ng-star-inserted\"><\/div>\n<\/li>\n<li data-sourcepos=\"12:1-12:359\"><strong><span class=\"citation-214\">Resistencia Qu\u00edmica Superior:<\/span><\/strong><span class=\"citation-214 citation-end-214\"> Las propiedades de nuestra suela de PU\/TPU aseguran un alto \u00edndice de resistencia al deslizamiento en presencia de aceites vegetales, naturales, grasas y gasolinas<\/span>. <span class=\"citation-213 citation-end-213\">Al no absorber estas sustancias qu\u00edmicas, la suela aumenta considerablemente su vida \u00fatil y mantiene su integridad<\/span>.\n<div class=\"source-inline-chip-container ng-star-inserted\"><\/div>\n<div class=\"source-inline-chip-container ng-star-inserted\"><\/div>\n<\/li>\n<li data-sourcepos=\"13:1-13:460\"><strong><span class=\"citation-212\">Puntera de Composite XL:<\/span><\/strong><span class=\"citation-212 citation-end-212\"> Equipada con una puntera extra larga de composite, un material 100% no conductor de electricidad y 30% m\u00e1s ligero que la puntera de acero<\/span>. <span class=\"citation-211 citation-end-211\">No presenta oxidaci\u00f3n <\/span> <span class=\"citation-210 citation-end-210\">y su dise\u00f1o est\u00e1 basado en criterios de laboratorio ortop\u00e9dico<\/span>. <span class=\"citation-209 citation-end-209\">Provee una energ\u00eda de impacto de 101.7j+ y una carga de compresi\u00f3n de 11.135kn+0.2kn a velocidad constante seg\u00fan norma<\/span>.\n<div class=\"source-inline-chip-container ng-star-inserted\"><\/div>\n<div class=\"source-inline-chip-container ng-star-inserted\"><\/div>\n<\/li>\n<li data-sourcepos=\"14:1-14:385\"><strong><span class=\"citation-208\">Plantilla Anti-perforaci\u00f3n No Met\u00e1lica:<\/span><\/strong><span class=\"citation-208 citation-end-208\"> Similar al material de los chalecos antibalas<\/span>, esta plantilla protege contra agentes punzocortantes. <span class=\"citation-207 citation-end-207\">Su tejido comprimido no permite la penetraci\u00f3n de agentes punzocortantes <\/span><span class=\"citation-206 citation-end-206\">, y permite que el calzado mantenga sus propiedades de transpiraci\u00f3n, sea ligero y adem\u00e1s diel\u00e9ctrico<\/span>.\n<div class=\"source-inline-chip-container ng-star-inserted\"><\/div>\n<div class=\"source-inline-chip-container ng-star-inserted\"><\/div>\n<\/li>\n<li data-sourcepos=\"15:1-15:464\"><strong><span class=\"citation-205\">Construcci\u00f3n y Materiales de Calidad:<\/span><\/strong><span class=\"citation-205 citation-end-205\"> Construcci\u00f3n cementada <\/span> <span class=\"citation-204 citation-end-204\">con corte de piel performance repelente al agua<\/span>. <span class=\"citation-203 citation-end-203\">Es cuero 100% de origen vacuno <\/span> <span class=\"citation-202 citation-end-202\">con un PH superior al m\u00ednimo de 3.50<\/span>. <span class=\"citation-201 citation-end-201\">Su acabado garantiza una alta adherencia con una capacidad de flexionar m\u00ednimo 3000 pasos por d\u00eda sin deterioro en clima h\u00famedo, as\u00ed como alta resistencia a las fricciones<\/span>.\n<div class=\"source-inline-chip-container ng-star-inserted\"><\/div>\n<div class=\"source-inline-chip-container ng-star-inserted\"><\/div>\n<div class=\"source-inline-chip-container ng-star-inserted\"><\/div>\n<\/li>\n<li data-sourcepos=\"16:1-16:438\"><strong><span class=\"citation-200\">Confort y Funcionalidad:<\/span><\/strong><span class=\"citation-200 citation-end-200\"> Forro antimicrobiano acolchado color negro <\/span> <span class=\"citation-199 citation-end-199\">y plantilla interior de PU ultra c\u00f3moda<\/span>. <span class=\"citation-198 citation-end-198\">Incluye tecnolog\u00edas Anti-fatigue (suela antifatiga ultra flexible con absorci\u00f3n del choque al caminar) <\/span><span class=\"citation-197 citation-end-197\">, Dryfast (repelente de poliuretano para la humedad) <\/span><span class=\"citation-196 citation-end-196\">, y Waterproof (100% cuero graso con acabado de poliuretano)<\/span>.\n<div class=\"source-inline-chip-container ng-star-inserted\"><\/div>\n<\/li>\n<li data-sourcepos=\"17:1-17:270\"><strong><span class=\"citation-195\">Certificaciones y Seguridad:<\/span><\/strong><span class=\"citation-195 citation-end-195\"> Botas 100% libres de metal <\/span> <span class=\"citation-194 citation-end-194\">y certificadas ASTM F2412-13 I\/75 C\/75 EH PR <\/span> <span class=\"citation-193 citation-end-193\">y ASTM 2413-18 hasta 18,000 voltios<\/span>. <span class=\"citation-192 citation-end-192\">El peso es de 650 gramos (talla 7)<\/span><\/li>\n<\/ul>\n<p><span style=\"color: #ffffff;\">ORIZABA 02 es la mejor alternativa si busca Calzado Dakar en Costa Rica.<\/span>[\/vc_column_text][\/vc_column][\/vc_row][vc_row][vc_column][vc_raw_html]JTNDZGl2JTIwc3R5bGUlM0QlMjJwb3NpdGlvbiUzQSUyMHJlbGF0aXZlJTNCJTIwd2lkdGglM0ElMjAxMDAlMjUlM0IlMjBoZWlnaHQlM0ElMjAwJTNCJTIwcGFkZGluZy10b3AlM0ElMjAxMjkuNDExOCUyNSUzQiUwQSUyMHBhZGRpbmctYm90dG9tJTNBJTIwMCUzQiUyMGJveC1zaGFkb3clM0ElMjAwJTIwMnB4JTIwOHB4JTIwMCUyMHJnYmElMjg2MyUyQzY5JTJDODElMkMwLjE2JTI5JTNCJTIwbWFyZ2luLXRvcCUzQSUyMDEuNmVtJTNCJTIwbWFyZ2luLWJvdHRvbSUzQSUyMDAuOWVtJTNCJTIwb3ZlcmZsb3clM0ElMjBoaWRkZW4lM0IlMEElMjBib3JkZXItcmFkaXVzJTNBJTIwOHB4JTNCJTIwd2lsbC1jaGFuZ2UlM0ElMjB0cmFuc2Zvcm0lM0IlMjIlM0UlMEElMjAlMjAlM0NpZnJhbWUlMjBsb2FkaW5nJTNEJTIybGF6eSUyMiUyMHN0eWxlJTNEJTIycG9zaXRpb24lM0ElMjBhYnNvbHV0ZSUzQiUyMHdpZHRoJTNBJTIwMTAwJTI1JTNCJTIwaGVpZ2h0JTNBJTIwMTAwJTI1JTNCJTIwdG9wJTNBJTIwMCUzQiUyMGxlZnQlM0ElMjAwJTNCJTIwYm9yZGVyJTNBJTIwbm9uZSUzQiUyMHBhZGRpbmclM0ElMjAwJTNCbWFyZ2luJTNBJTIwMCUzQiUyMiUwQSUyMCUyMCUyMCUyMHNyYyUzRCUyMmh0dHBzJTNBJTJGJTJGd3d3LmNhbnZhLmNvbSUyRmRlc2lnbiUyRkRBR3BPSDVFWTVzJTJGbXhJTmdTSGdhV1Fkd2F6dEFVNVZXUSUyRnZpZXclM0ZlbWJlZCUyMiUyMGFsbG93ZnVsbHNjcmVlbiUzRCUyMmFsbG93ZnVsbHNjcmVlbiUyMiUyMGFsbG93JTNEJTIyZnVsbHNjcmVlbiUyMiUzRSUwQSUyMCUyMCUzQyUyRmlmcmFtZSUzRSUwQSUzQyUyRmRpdiUzRSUwQSUzQ2ElMjBocmVmJTNEJTIyaHR0cHMlM0ElMjYlMjN4MkYlM0IlMjYlMjN4MkYlM0J3d3cuY2FudmEuY29tJTI2JTIzeDJGJTNCZGVzaWduJTI2JTIzeDJGJTNCREFHcE9INUVZNXMlMjYlMjN4MkYlM0JteElOZ1NIZ2FXUWR3YXp0QVU1VldRJTI2JTIzeDJGJTNCdmlldyUzRnV0bV9jb250ZW50JTNEREFHcE9INUVZNXMlMjZhbXAlM0J1dG1fY2FtcGFpZ24lM0RkZXNpZ25zaGFyZSUyNmFtcCUzQnV0bV9tZWRpdW0lM0RlbWJlZHMlMjZhbXAlM0J1dG1fc291cmNlJTNEbGluayUyMiUyMHRhcmdldCUzRCUyMl9ibGFuayUyMiUyMHJlbCUzRCUyMm5vb3BlbmVyJTIyJTNFT1JJWkFCQSUyMDAyJTNDJTJGYSUzRSUyMGJ5JTIwT1pBUEFUTw==[\/vc_raw_html][\/vc_column][\/vc_row]<\/p>\n","protected":false},"excerpt":{"rendered":"<p><span class=\"citation-234 citation-end-234\">Las botas diel\u00e9ctricas Orizaba 02 de OZAPATO.com llevan una suela PU\/TPU avanzada, imbatible en abrasi\u00f3n y qu\u00edmicos frente a PU\/PU. <\/span> <span class=\"citation-233 citation-end-233\">Con puntera composite XL y protecci\u00f3n anti-perforaci\u00f3n, tu pie seguro y c\u00f3modo. <\/span> <span class=\"citation-232 citation-end-232\">Certificadas 18,000V.\u00a0 <span style=\"color: #ffffff;\">La mejor alternativa si busca Calzado Dakar en Costa Rica.<\/span><\/span><\/p>\n","protected":false},"featured_media":12731,"comment_status":"open","ping_status":"closed","template":"","meta":{"jetpack_post_was_ever_published":false,"jetpack_publicize_message":"","jetpack_publicize_feature_enabled":true,"jetpack_social_post_already_shared":true,"jetpack_social_options":{"image_generator_settings":{"template":"highway","default_image_id":0,"font":"","enabled":false},"version":2}},"product_brand":[],"product_cat":[28,250],"product_tag":[],"class_list":{"0":"post-12621","1":"product","2":"type-product","3":"status-publish","4":"has-post-thumbnail","6":"product_cat-dielectrica","7":"product_cat-botas-con-suela-pu-tpu","8":"pa_size-91","9":"pa_size-92","10":"pa_size-93","11":"pa_size-94","12":"pa_size-95","13":"pa_size-96","14":"pa_size-97","15":"pa_size-98","16":"pa_size-99","17":"pa_size-100","18":"pa_size-101","19":"pa_size-102","21":"first","22":"instock","23":"shipping-taxable","24":"purchasable","25":"product-type-variable","26":"has-default-attributes"},"jetpack_publicize_connections":[],"jetpack_sharing_enabled":true,"_links":{"self":[{"href":"https:\/\/ozapato.com\/cr\/wp-json\/wp\/v2\/product\/12621","targetHints":{"allow":["GET"]}}],"collection":[{"href":"https:\/\/ozapato.com\/cr\/wp-json\/wp\/v2\/product"}],"about":[{"href":"https:\/\/ozapato.com\/cr\/wp-json\/wp\/v2\/types\/product"}],"replies":[{"embeddable":true,"href":"https:\/\/ozapato.com\/cr\/wp-json\/wp\/v2\/comments?post=12621"}],"wp:featuredmedia":[{"embeddable":true,"href":"https:\/\/ozapato.com\/cr\/wp-json\/wp\/v2\/media\/12731"}],"wp:attachment":[{"href":"https:\/\/ozapato.com\/cr\/wp-json\/wp\/v2\/media?parent=12621"}],"wp:term":[{"taxonomy":"product_brand","embeddable":true,"href":"https:\/\/ozapato.com\/cr\/wp-json\/wp\/v2\/product_brand?post=12621"},{"taxonomy":"product_cat","embeddable":true,"href":"https:\/\/ozapato.com\/cr\/wp-json\/wp\/v2\/product_cat?post=12621"},{"taxonomy":"product_tag","embeddable":true,"href":"https:\/\/ozapato.com\/cr\/wp-json\/wp\/v2\/product_tag?post=12621"}],"curies":[{"name":"wp","href":"https:\/\/api.w.org\/{rel}","templated":true}]}}