{"id":12676,"date":"2025-07-25T18:05:50","date_gmt":"2025-07-25T13:05:50","guid":{"rendered":"https:\/\/ozapato.com\/cr\/?post_type=product&#038;p=12676"},"modified":"2026-04-09T22:29:18","modified_gmt":"2026-04-09T17:29:18","slug":"grip-07-cr","status":"publish","type":"product","link":"https:\/\/ozapato.com\/cr\/product\/grip-07-cr\/","title":{"rendered":"GRIP 07-CR"},"content":{"rendered":"<p>[vc_row][vc_column][\/vc_column][\/vc_row][vc_row][vc_column][vc_raw_html]JTNDZGl2JTIwc3R5bGUlM0QlMjJwb3NpdGlvbiUzQSUyMHJlbGF0aXZlJTNCJTIwd2lkdGglM0ElMjAxMDAlMjUlM0IlMjBoZWlnaHQlM0ElMjAwJTNCJTIwcGFkZGluZy10b3AlM0ElMjAxMjkuNDExOCUyNSUzQiUwQSUyMHBhZGRpbmctYm90dG9tJTNBJTIwMCUzQiUyMGJveC1zaGFkb3clM0ElMjAwJTIwMnB4JTIwOHB4JTIwMCUyMHJnYmElMjg2MyUyQzY5JTJDODElMkMwLjE2JTI5JTNCJTIwbWFyZ2luLXRvcCUzQSUyMDEuNmVtJTNCJTIwbWFyZ2luLWJvdHRvbSUzQSUyMDAuOWVtJTNCJTIwb3ZlcmZsb3clM0ElMjBoaWRkZW4lM0IlMEElMjBib3JkZXItcmFkaXVzJTNBJTIwOHB4JTNCJTIwd2lsbC1jaGFuZ2UlM0ElMjB0cmFuc2Zvcm0lM0IlMjIlM0UlMEElMjAlMjAlM0NpZnJhbWUlMjBsb2FkaW5nJTNEJTIybGF6eSUyMiUyMHN0eWxlJTNEJTIycG9zaXRpb24lM0ElMjBhYnNvbHV0ZSUzQiUyMHdpZHRoJTNBJTIwMTAwJTI1JTNCJTIwaGVpZ2h0JTNBJTIwMTAwJTI1JTNCJTIwdG9wJTNBJTIwMCUzQiUyMGxlZnQlM0ElMjAwJTNCJTIwYm9yZGVyJTNBJTIwbm9uZSUzQiUyMHBhZGRpbmclM0ElMjAwJTNCbWFyZ2luJTNBJTIwMCUzQiUyMiUwQSUyMCUyMCUyMCUyMHNyYyUzRCUyMmh0dHBzJTNBJTJGJTJGd3d3LmNhbnZhLmNvbSUyRmRlc2lnbiUyRkRBRTdLOWxwZVcwJTJGYi02Z09YM1EtX3dmWk96OWxIYUV1dyUyRnZpZXclM0ZlbWJlZCUyMiUyMGFsbG93ZnVsbHNjcmVlbiUzRCUyMmFsbG93ZnVsbHNjcmVlbiUyMiUyMGFsbG93JTNEJTIyZnVsbHNjcmVlbiUyMiUzRSUwQSUyMCUyMCUzQyUyRmlmcmFtZSUzRSUwQSUzQyUyRmRpdiUzRSUwQQ==[\/vc_raw_html][vc_column_text]<\/p>\n<div id=\"model-response-message-contentr_15bc96a77b52e1ac\" class=\"markdown markdown-main-panel stronger enable-updated-hr-color\" dir=\"ltr\">\n<ul>\n<li><b>Uso Ideal:<\/b> Calzado diel\u00e9ctrico y liviano, ideal para trabajadores en Costa Rica.<\/li>\n<li><b>Construcci\u00f3n y Dise\u00f1o:<\/b>\n<ul>\n<li>M\u00e9todo de Construcci\u00f3n: Cementado<\/li>\n<li>Altura: 16 cm<\/li>\n<li>Ajuste: Horma EEE<\/li>\n<li>Tallas Disponibles: 3-14 US<\/li>\n<\/ul>\n<\/li>\n<li><b>Caracter\u00edsticas de Seguridad:<\/b>\n<ul>\n<li>100% Libre de Metal: Completamente libre de componentes met\u00e1licos.<\/li>\n<li>Protecci\u00f3n Diel\u00e9ctrica: Certificado para hasta 18,000 voltios seg\u00fan la norma ASTM 2413-18.<\/li>\n<li>Puntera de Seguridad: Puntera XL de composite, 30% m\u00e1s ligera que el acero, no conductora y resistente a la oxidaci\u00f3n. Cumple con la norma para energ\u00eda de impacto de 101.7j+ y una carga de compresi\u00f3n de 11.135 kn.<\/li>\n<li>Plantilla Anti-Perforaci\u00f3n: Plantilla textil no met\u00e1lica, ligera, transpirable y diel\u00e9ctrica, certificada por ASTM y ISO.<\/li>\n<\/ul>\n<\/li>\n<li><b>Materiales y Durabilidad:<\/b>\n<ul>\n<li>Corte Superior: Cuero graso 100% de origen vacuno.<\/li>\n<li>Suela: PU\/PU (Poliuretano) de doble densidad, antideslizante y resistente a aceites y combustibles.<\/li>\n<li>Leng\u00fceta: Lona t\u00e1ctica impermeable de color negro.<\/li>\n<li>Forro: Forro interior antimicrobiano y acolchado.<\/li>\n<li>Plantilla Interior: PU Comfort anti fatiga.<\/li>\n<\/ul>\n<\/li>\n<li><b>Tecnolog\u00edas y Confort:<\/b>\n<ul>\n<li>Anti-Fatigue: Suela ultra flexible con absorci\u00f3n de impactos para reducir la fatiga.<\/li>\n<li>Dryfast &amp; Waterproof: El corte de cuero graso con acabado de poliuretano ofrece repelencia a la humedad<\/li>\n<\/ul>\n<\/li>\n<li><b>Garant\u00eda:<\/b>\n<ul>\n<li>Ofrece una garant\u00eda de 4 meses.<\/li>\n<\/ul>\n<\/li>\n<\/ul>\n<\/div>\n<p>[\/vc_column_text][\/vc_column][\/vc_row]<\/p>\n","protected":false},"excerpt":{"rendered":"<p><span class=\"citation-138 citation-end-138\">Calzado 100% libre de metal <\/span><span class=\"citation-137 citation-end-137\">, con certificaci\u00f3n diel\u00e9ctrica para 18,000 voltios<\/span>. <span class=\"citation-136 citation-end-136\">Su puntera de composite es un 30% m\u00e1s ligera que el acero <\/span><span class=\"citation-135 citation-end-135\">y su plantilla textil anti-perforaci\u00f3n te protege sin a\u00f1adir rigidez<\/span>.<\/p>\n","protected":false},"featured_media":12716,"comment_status":"open","ping_status":"closed","template":"","meta":{"jetpack_post_was_ever_published":false,"jetpack_publicize_message":"","jetpack_publicize_feature_enabled":true,"jetpack_social_post_already_shared":true,"jetpack_social_options":{"image_generator_settings":{"template":"highway","default_image_id":0,"font":"","enabled":false},"version":2}},"product_brand":[],"product_cat":[28,12],"product_tag":[],"class_list":{"0":"post-12676","1":"product","2":"type-product","3":"status-publish","4":"has-post-thumbnail","6":"product_cat-dielectrica","7":"product_cat-industrial","8":"pa_size-91","9":"pa_size-92","10":"pa_size-93","11":"pa_size-94","12":"pa_size-95","13":"pa_size-96","14":"pa_size-97","15":"pa_size-98","16":"pa_size-99","17":"pa_size-100","18":"pa_size-101","19":"pa_size-102","21":"first","22":"instock","23":"shipping-taxable","24":"purchasable","25":"product-type-variable"},"jetpack_publicize_connections":[],"jetpack_sharing_enabled":true,"_links":{"self":[{"href":"https:\/\/ozapato.com\/cr\/wp-json\/wp\/v2\/product\/12676","targetHints":{"allow":["GET"]}}],"collection":[{"href":"https:\/\/ozapato.com\/cr\/wp-json\/wp\/v2\/product"}],"about":[{"href":"https:\/\/ozapato.com\/cr\/wp-json\/wp\/v2\/types\/product"}],"replies":[{"embeddable":true,"href":"https:\/\/ozapato.com\/cr\/wp-json\/wp\/v2\/comments?post=12676"}],"wp:featuredmedia":[{"embeddable":true,"href":"https:\/\/ozapato.com\/cr\/wp-json\/wp\/v2\/media\/12716"}],"wp:attachment":[{"href":"https:\/\/ozapato.com\/cr\/wp-json\/wp\/v2\/media?parent=12676"}],"wp:term":[{"taxonomy":"product_brand","embeddable":true,"href":"https:\/\/ozapato.com\/cr\/wp-json\/wp\/v2\/product_brand?post=12676"},{"taxonomy":"product_cat","embeddable":true,"href":"https:\/\/ozapato.com\/cr\/wp-json\/wp\/v2\/product_cat?post=12676"},{"taxonomy":"product_tag","embeddable":true,"href":"https:\/\/ozapato.com\/cr\/wp-json\/wp\/v2\/product_tag?post=12676"}],"curies":[{"name":"wp","href":"https:\/\/api.w.org\/{rel}","templated":true}]}}