{"id":13739,"date":"2026-05-05T21:03:50","date_gmt":"2026-05-05T16:03:50","guid":{"rendered":"https:\/\/ozapato.com\/cr\/product\/kids-08\/"},"modified":"2026-05-05T21:18:51","modified_gmt":"2026-05-05T16:18:51","slug":"kids-08","status":"publish","type":"product","link":"https:\/\/ozapato.com\/cr\/product\/kids-08\/","title":{"rendered":"KIDS 08"},"content":{"rendered":"<h2>Calzado escolar de alta calidad en Costa Rica<\/h2>\n<p>El modelo <strong>KIDS 08<\/strong> de OZAPATO es la opci\u00f3n perfecta para el regreso a clases. Dise\u00f1ado pensando en la durabilidad y el confort de los estudiantes, este <strong>calzado escolar de alta calidad en Costa Rica<\/strong> est\u00e1 fabricado con Piel Performance certificada, garantizando una vida \u00fatil extensa incluso bajo las condiciones m\u00e1s exigentes.<\/p>\n<h3>Especificaciones T\u00e9cnicas<\/h3>\n<ul>\n<li><strong>Construcci\u00f3n:<\/strong> Lockstitch<\/li>\n<li><strong>Suela:<\/strong> Negra antideslizante. Resistente a aceites, pisos pulidos, patios, suelos porosos y asfalto. Ideal para pisos muy resbalosos.<\/li>\n<li><strong>Corte:<\/strong> Piel performance OZAPATO color negro.<\/li>\n<li><strong>Forro:<\/strong> Interior antimicrobiano acolchado color negro.<\/li>\n<li><strong>Costuras:<\/strong> Doble y triple de nylon color negro.<\/li>\n<li><strong>Contrafuerte:<\/strong> Orothermo.<\/li>\n<li><strong>Puntera:<\/strong> Sin puntera, con refuerzo frontal de celast\u00edn.<\/li>\n<li><strong>Plantilla interior:<\/strong> Tejida y suajada de 4mm antimicrobiana.<\/li>\n<li><strong>Altura:<\/strong> 8 cm<\/li>\n<li><strong>Numeraci\u00f3n:<\/strong> 18 al 25<\/li>\n<\/ul>\n<h3>Certificaciones y Tecnolog\u00eda<\/h3>\n<p>Este calzado cuenta con certificaci\u00f3n ISO \/ ASTM 2412 \/ NOM 113 STPS. Es una bota libre de metal, respaldada por una garant\u00eda de 4 meses contra cualquier defecto de f\u00e1brica.<\/p>\n<ul>\n<li><strong>Anti-fatigue:<\/strong> Suela antifatiga ultra flexible con absorci\u00f3n del choque al caminar.<\/li>\n<li><strong>Dryfast:<\/strong> Piel repelente al agua.<\/li>\n<\/ul>\n<p>Las propiedades de los materiales de la suela permiten presentar un alto \u00edndice de resistencia ante el deslizamiento en presencia de aceites vegetales, naturales, grasas y gasolinas. Al no absorber sustancias qu\u00edmicas, la suela aumenta su durabilidad.<\/p>\n<p>Cuero 100% de origen vacuno (PH superior a 3.50). Su acabado garantiza una alta adherencia con una capacidad de flexionar m\u00ednimo 3000 pasos por d\u00eda sin deterioro en clima h\u00famedo, ofreciendo una alta resistencia a las fricciones.<\/p>\n","protected":false},"excerpt":{"rendered":"<p>Calzado escolar de alta calidad en Costa Rica. Piel performance certificada, suela antideslizante, libre de metal. Garant\u00eda de 4 meses.<\/p>\n","protected":false},"featured_media":13740,"comment_status":"open","ping_status":"closed","template":"","meta":{"jetpack_post_was_ever_published":false,"jetpack_publicize_message":"","jetpack_publicize_feature_enabled":true,"jetpack_social_post_already_shared":true,"jetpack_social_options":{"image_generator_settings":{"template":"highway","default_image_id":0,"font":"","enabled":false},"version":2}},"product_brand":[],"product_cat":[58],"product_tag":[],"class_list":{"0":"post-13739","1":"product","2":"type-product","3":"status-publish","4":"has-post-thumbnail","6":"product_cat-sin-categoria","8":"first","9":"instock","10":"shipping-taxable","11":"product-type-simple"},"jetpack_publicize_connections":[],"jetpack_sharing_enabled":true,"_links":{"self":[{"href":"https:\/\/ozapato.com\/cr\/wp-json\/wp\/v2\/product\/13739","targetHints":{"allow":["GET"]}}],"collection":[{"href":"https:\/\/ozapato.com\/cr\/wp-json\/wp\/v2\/product"}],"about":[{"href":"https:\/\/ozapato.com\/cr\/wp-json\/wp\/v2\/types\/product"}],"replies":[{"embeddable":true,"href":"https:\/\/ozapato.com\/cr\/wp-json\/wp\/v2\/comments?post=13739"}],"wp:featuredmedia":[{"embeddable":true,"href":"https:\/\/ozapato.com\/cr\/wp-json\/wp\/v2\/media\/13740"}],"wp:attachment":[{"href":"https:\/\/ozapato.com\/cr\/wp-json\/wp\/v2\/media?parent=13739"}],"wp:term":[{"taxonomy":"product_brand","embeddable":true,"href":"https:\/\/ozapato.com\/cr\/wp-json\/wp\/v2\/product_brand?post=13739"},{"taxonomy":"product_cat","embeddable":true,"href":"https:\/\/ozapato.com\/cr\/wp-json\/wp\/v2\/product_cat?post=13739"},{"taxonomy":"product_tag","embeddable":true,"href":"https:\/\/ozapato.com\/cr\/wp-json\/wp\/v2\/product_tag?post=13739"}],"curies":[{"name":"wp","href":"https:\/\/api.w.org\/{rel}","templated":true}]}}