{"id":8368,"date":"2019-10-05T02:23:43","date_gmt":"2019-10-04T21:23:43","guid":{"rendered":"https:\/\/ozapato.com\/cr\/producto\/cop-01\/"},"modified":"2026-04-24T22:25:43","modified_gmt":"2026-04-24T17:25:43","slug":"cop-01","status":"publish","type":"product","link":"https:\/\/ozapato.com\/cr\/product\/cop-01\/","title":{"rendered":"Cop 01"},"content":{"rendered":"<p>[vc_row type=&#8221;boxed&#8221;][vc_column][vc_column_text]<\/p>\n<ul>\n<li>Cop 01son botas militares y\u00a0 t\u00e1cticas para policias.<\/li>\n<li>Suela flexible con resistencia a los golpes, excelente antideslizante.<\/li>\n<li>Suela Slip and Oil Resistant que proporciona una mejor tracci\u00f3n en todas las superficies.<\/li>\n<li>Suela resistente a la humedad\u00a0y\u00a0antifatiga<\/li>\n<li>100% cuero con tecnolog\u00eda waterproof, 100% resistente al agua<\/li>\n<li>Plantilla antiperforaci\u00f3n de kevlar Multi-Protective ultra flex certificada ISO y ASTM.<\/li>\n<li>Puntera de acero certificada <strong>opcional<\/strong>, resistente a m\u00e1s de 2 toneladas (norma ASTM 2412-2413).<\/li>\n<li>Construcci\u00f3n:\u00a0calzado cosido en lockstitch<\/li>\n<li>Agujetas de poli\u00e9ster con alma de algod\u00f3n resistente para uso prolongado.<\/li>\n<li>Costuras selladas 100% de Nylon.<\/li>\n<li>Ojillos en forma de &#8220;D&#8221; para que la agujeta pueda ser amarrada con facilidad<\/li>\n<li>Altura de 9 pulgadas.<\/li>\n<li><a href=\"https:\/\/workdrive.zohopublic.com\/external\/6Ol2VXoNe8e-JqO1d\/download\" target=\"_blank\" rel=\"noopener\">\u00a0Ficha t\u00e9cnica<\/a><\/li>\n<\/ul>\n<p>[\/vc_column_text][\/vc_column][\/vc_row][vc_row][vc_column][vc_separator][\/vc_column][\/vc_row][vc_row type=&#8221;boxed&#8221;][vc_column][vc_media_grid grid_id=&#8221;vc_gid:1733161772150-fe23d270-e3bb-7&#8243; include=&#8221;6169,6168,6167&#8243;][\/vc_column][\/vc_row][vc_row][vc_column][vc_separator][\/vc_column][\/vc_row][vc_row type=&#8221;boxed&#8221;][vc_column width=&#8221;1\/3&#8243;][vc_column_text]<\/p>\n<h4>Suela\u00a0 Antideslizante<\/h4>\n<p>Suela OZAPATO antideslizante. Excelente para terrenos irregulares y construcci\u00f3n. Suela negra antideslizante. Resistente a grava, barro, patios, suelos porosos, asfalto.[\/vc_column_text][\/vc_column][vc_column width=&#8221;1\/3&#8243;][vc_column_text]<\/p>\n<h4>Construcci\u00f3n Lockstitch<\/h4>\n<p>Bota cosida en lockstitch, ofreciendo una mayor durabilidad en un clima h\u00famedo.[\/vc_column_text][\/vc_column][vc_column width=&#8221;1\/3&#8243;][vc_column_text]<\/p>\n<h4>Cuero<\/h4>\n<p>Cuero full-grain de napa\u00a0 negro de 1.8 a 2.2 mm con laterales de lona &#8220;CORDURA que ofrece mayor durabilidad, flexibilidad, ergonom\u00eda y frescura.[\/vc_column_text][\/vc_column][\/vc_row][vc_row][vc_column][vc_separator][\/vc_column][\/vc_row][vc_row type=&#8221;boxed&#8221;][vc_column][vc_column_text]<\/p>\n<h4 class=\"western\" style=\"text-align: center;\"><span style=\"color: #ff0000;\">\u00bfInteresado? Recibe una cotizaci\u00f3n en 24 horas m\u00e1ximo.<\/span><\/h4>\n<p>[\/vc_column_text][vc_column_text]<\/p>\n<div id=\"zf_div_sl0F1AeJ46oBj9k_cj26J-a0AwJLY61C60QOTF3YiPg\"><\/div>\n<p><script type=\"text\/javascript\">(function() {\ntry{\nvar f = document.createElement(\"iframe\");\nf.src = 'https:\/\/forms.zohopublic.com\/virtualoffice9264\/form\/CRWebForm\/formperma\/sl0F1AeJ46oBj9k_cj26J-a0AwJLY61C60QOTF3YiPg?zf_rszfm=1';\nf.style.border=\"none\";\nf.style.height=\"732px\";\nf.style.width=\"90%\";\nf.style.transition=\"all 0.5s ease\";\nvar d = document.getElementById(\"zf_div_sl0F1AeJ46oBj9k_cj26J-a0AwJLY61C60QOTF3YiPg\");\nd.appendChild(f);\nwindow.addEventListener('message', function (){\nvar evntData = event.data;\nif( evntData && evntData.constructor == String ){\nvar zf_ifrm_data = evntData.split(\"|\");\nif ( zf_ifrm_data.length == 2 ) {\nvar zf_perma = zf_ifrm_data[0];\nvar zf_ifrm_ht_nw = ( parseInt(zf_ifrm_data[1], 10) + 15 ) + \"px\";\nvar iframe = document.getElementById(\"zf_div_sl0F1AeJ46oBj9k_cj26J-a0AwJLY61C60QOTF3YiPg\").getElementsByTagName(\"iframe\")[0];\nif ( (iframe.src).indexOf('formperma') > 0 && (iframe.src).indexOf(zf_perma) > 0 ) {\nvar prevIframeHeight = iframe.style.height;\nif ( prevIframeHeight != zf_ifrm_ht_nw ) {\niframe.style.height = zf_ifrm_ht_nw;\n}\n}\n}\n}\n}, false);\n}catch(e){}\n})();<\/script>[\/vc_column_text][\/vc_column][\/vc_row][vc_row][vc_column][vc_separator][\/vc_column][\/vc_row][vc_row type=&#8221;boxed&#8221;][vc_column][vc_column_text]<\/p>\n<h4 class=\"western\" style=\"text-align: center;\"><b>\u00a1Vis\u00edtanos en el Parque Industrial de Cartago de Lunes a Viernes\u00a0 de\u00a0 8am a 5pm<\/b>!<\/h4>\n<p>[\/vc_column_text][vc_gmaps link=&#8221;#E-8_JTNDaWZyYW1lJTIwc3JjJTNEJTIyaHR0cHMlM0ElMkYlMkZ3d3cuZ29vZ2xlLmNvbSUyRm1hcHMlMkZlbWJlZCUzRnBiJTNEJTIxMW0xOCUyMTFtMTIlMjExbTMlMjExZDM5MzAuMDE0MzU3MjM4MTg5JTIxMmQtODQuMTUyNjk1Mjg1MjA2MzglMjEzZDkuOTMyNzYxODkyODk3Mjc5JTIxMm0zJTIxMWYwJTIxMmYwJTIxM2YwJTIxM20yJTIxMWkxMDI0JTIxMmk3NjglMjE0ZjEzLjElMjEzbTMlMjExbTIlMjExczB4OGZhMGZkYWJjNmI5NTUzNSUyNTNBMHgyZTRjYjRiNjcxMzBiZWE4JTIxMnNPWkFQQVRPJTI1MjBDT1NUQSUyNTIwUklDQSUyNTIwRmFicmljYSUyNTIweSUyNTIwVmVuZGVkb3IlMjUyMERpcmVjdG8lMjUyMGRlJTI1MjBaYXBhdG9zJTI1MjB5JTI1MjBCb3RhcyUyNTIwZGUlMjUyMHNlZ3VyaWRhZCUyNTIwZW4lMjUyMENvc3RhJTI1MjBSaWNhLiUyMTVlMCUyMTNtMiUyMTFzZXMtNDE5JTIxMnNwYSUyMTR2MTU3OTU0MjY3ODUxNCUyMTVtMiUyMTFzZXMtNDE5JTIxMnNwYSUyMiUyMHdpZHRoJTNEJTIyNjAwJTIyJTIwaGVpZ2h0JTNEJTIyNDUwJTIyJTIwZnJhbWVib3JkZXIlM0QlMjIwJTIyJTIwc3R5bGUlM0QlMjJib3JkZXIlM0EwJTNCJTIyJTIwYWxsb3dmdWxsc2NyZWVuJTNEJTIyJTIyJTNFJTNDJTJGaWZyYW1lJTNF&#8221;][\/vc_column][\/vc_row][vc_row][vc_column][vc_separator][\/vc_column][\/vc_row][vc_row type=&#8221;boxed&#8221;][vc_column][vc_column_text]<\/p>\n<h3 class=\"western\" align=\"center\"><strong>\u00bfQU\u00c9 HACEMOS?<\/strong><\/h3>\n<p>OZAPATO es una marca de calzado ubicada en Pachuca, M\u00e9xico. Fabricamos botas de seguridad industrial y contamos con presencia en Costa Rica, Rep\u00fablica Dominicana, M\u00e9xico, Panam\u00e1 y Estados Unidos. Hemos aprendido a lo largo de los a\u00f1os como fabricar botas de seguridad con calidad y de manera responsable. En <strong>Costa Rica<\/strong>, nuestra l\u00ednea industrial cuenta con botas de seguridad, botas de seguridad diel\u00e9ctricas y botas t\u00e1cticas. Por esta raz\u00f3n, OZAPATO, les presenta un producto innovador en el mercado, la bota t\u00e1ctica <a href=\"https:\/\/ozapato.com\/cr\/producto\/cop-02\/\">Cop<\/a> con sus diferentes modelos.<\/p>\n<p>\u00a1Elija de nuestro cat\u00e1logo las botas que necesita para trabajar con seguridad!<\/p>\n<h3 class=\"western\" align=\"center\">\u00bfC\u00d3MO\u00a0LO\u00a0HACEMOS\u00a0?<\/h3>\n<p>Todas nuestras botas de seguridad industrial son fabricadas con materiales de alta calidad. Tenga la confianza que sus pies estar\u00e1n protegidos en cada momento. Estamos tan seguros de la calidad de nuestros modelos de botas de seguridad industrial que ofrecemos una garant\u00eda de 4 meses y hasta 6 meses para las botas de seguridad m\u00e1s premium. Adem\u00e1s ofrecemos un servicio de <strong>entrega en 24 horas.<\/strong><\/p>\n<h3 style=\"text-align: center;\"><strong>\u00bfPOR QU\u00c9 LO HACEMOS?<\/strong><\/h3>\n<p>OZAPATO naci\u00f3 con la idea de servir a la comunidad local. La producci\u00f3n de nuestras botas de seguridad industrial es un proceso transparente que sustenta el balance <a href=\"https:\/\/es.wikipedia.org\/wiki\/Costa_Rica\" target=\"_blank\" rel=\"noopener\">socio econ\u00f3mico de la comunidad<\/a> a la que pertenece.<\/p>\n<p>El valor m\u00e1s importante de OZAPATO es la entrega directa hasta el <a href=\"https:\/\/ozapato.com\/cr\/pages\/precio\/\">cliente<\/a>. Evitamos todos los intermediarios que no a\u00f1aden valor a nuestros consumidores. Cada etapa de la fabricaci\u00f3n de botas de seguridad industrial debe beneficiar a la gente que fabrica el <strong>calzado.<\/strong><\/p>\n<h3 style=\"text-align: center;\">\u00a1BOTAS MILITARES Y\u00a0 T\u00c1CTICAS!<\/h3>\n<p><b>\u00a0\ud83d\udea8\u00a0Cop 0<\/b><b>1<\/b><b>,<\/b>\u00a0son <strong>botas\u00a0 militar t\u00e1cticas<\/strong> creada por OZAPATO, que esta compuesta por una tecnolog\u00eda de suela anti-fatiga ultra flexible con absorci\u00f3n del choque al caminar Dryfast . Por otro lado, el zapato industrial incluye un repelente de poliuretano para la humendad Waterproof 100% cuero graso.<\/p>\n<p>OZAPATO ofrece dos modelos Cop, el modelo cl\u00e1sico Cop 01 y el modelo mas nuevo Cop 02,buscando adaptarse a las necesidades de los distintos usuarios y al mejor precio.<\/p>\n<p>[\/vc_column_text][\/vc_column][\/vc_row]<\/p>\n","protected":false},"excerpt":{"rendered":"<p>\ud83d\udea8\u00a0El Cop son\u00a0 <strong>botas militares\u00a0 para policias .<\/strong>Ideal para polic\u00edas y guardias que buscan una bota c\u00f3moda en sus d\u00edas de trabajo. Con su tecnolog\u00eda antifatiga, esta bota le permite estar de pie durante varias horas sin lastimarse el pie.<\/p>\n<p><b><img loading=\"lazy\" decoding=\"async\" class=\"size-full wp-image-7203 alignnone\" src=\"https:\/\/ozapato.com\/mx\/wp-content\/uploads\/sites\/4\/2017\/02\/envio-gratis-e1506649798996.png\" alt=\"\" width=\"24\" height=\"14\" \/><span style=\"vertical-align: inherit;\">\u00a0 ENV\u00cdOS A TODA LA REP\u00daBLICA<\/span><\/b><\/p>\n<p>&nbsp;<\/p>\n","protected":false},"featured_media":7308,"comment_status":"open","ping_status":"closed","template":"","meta":{"jetpack_post_was_ever_published":false,"jetpack_publicize_message":"","jetpack_publicize_feature_enabled":true,"jetpack_social_post_already_shared":true,"jetpack_social_options":{"image_generator_settings":{"template":"highway","default_image_id":0,"font":"","enabled":false},"version":2}},"product_brand":[],"product_cat":[15,12],"product_tag":[],"class_list":{"0":"post-8368","1":"product","2":"type-product","3":"status-publish","4":"has-post-thumbnail","6":"product_cat-tactica","7":"product_cat-industrial","8":"pa_size-91","9":"pa_size-92","10":"pa_size-93","11":"pa_size-94","12":"pa_size-95","13":"pa_size-96","14":"pa_size-97","15":"pa_size-98","16":"pa_size-99","17":"pa_size-100","18":"pa_size-101","19":"pa_size-102","21":"first","22":"onbackorder","23":"shipping-taxable","24":"purchasable","25":"product-type-variable"},"jetpack_publicize_connections":[],"jetpack_sharing_enabled":true,"_links":{"self":[{"href":"https:\/\/ozapato.com\/cr\/wp-json\/wp\/v2\/product\/8368","targetHints":{"allow":["GET"]}}],"collection":[{"href":"https:\/\/ozapato.com\/cr\/wp-json\/wp\/v2\/product"}],"about":[{"href":"https:\/\/ozapato.com\/cr\/wp-json\/wp\/v2\/types\/product"}],"replies":[{"embeddable":true,"href":"https:\/\/ozapato.com\/cr\/wp-json\/wp\/v2\/comments?post=8368"}],"wp:featuredmedia":[{"embeddable":true,"href":"https:\/\/ozapato.com\/cr\/wp-json\/wp\/v2\/media\/7308"}],"wp:attachment":[{"href":"https:\/\/ozapato.com\/cr\/wp-json\/wp\/v2\/media?parent=8368"}],"wp:term":[{"taxonomy":"product_brand","embeddable":true,"href":"https:\/\/ozapato.com\/cr\/wp-json\/wp\/v2\/product_brand?post=8368"},{"taxonomy":"product_cat","embeddable":true,"href":"https:\/\/ozapato.com\/cr\/wp-json\/wp\/v2\/product_cat?post=8368"},{"taxonomy":"product_tag","embeddable":true,"href":"https:\/\/ozapato.com\/cr\/wp-json\/wp\/v2\/product_tag?post=8368"}],"curies":[{"name":"wp","href":"https:\/\/api.w.org\/{rel}","templated":true}]}}