{"id":8381,"date":"2019-10-05T02:30:02","date_gmt":"2019-10-04T21:30:02","guid":{"rendered":"https:\/\/ozapato.com\/cr\/producto\/cop-02\/"},"modified":"2026-04-14T22:29:00","modified_gmt":"2026-04-14T17:29:00","slug":"cop-02","status":"publish","type":"product","link":"https:\/\/ozapato.com\/cr\/product\/cop-02\/","title":{"rendered":"Cop 02"},"content":{"rendered":"<p>[vc_row type=&#8221;boxed&#8221;][vc_column][vc_column_text]<\/p>\n<ul>\n<li>Cop 02 zapatos con punteras de acero XL.<\/li>\n<li>Suela flexible con protector frontal con resistencia a los golpes.<\/li>\n<li>Suela antiderrapante y resistente a aceites que proporciona una mejor tracci\u00f3n en todas las superficies.<\/li>\n<li>Suela resistente a la humedad\u00a0y\u00a0antifatiga<\/li>\n<li>100% cuero resistente al agua<\/li>\n<li>Plantilla antiperforaci\u00f3n de kevlar Multi-Protective ultra flex certificada NOM y ASTM.<\/li>\n<li>Puntera de poliamida XL certificada ASTM y NOM, resistente a m\u00e1s de 2 toneladas (norma ASTM 2412-2413).<\/li>\n<li>Construcci\u00f3n:\u00a0calzado cosido en lockstitch<\/li>\n<li>Agujetas de poli\u00e9ster con alma de algod\u00f3n resistente para uso prolongado.<\/li>\n<li>Costuras selladas 100% de Nylon.<\/li>\n<li>Ojillos en forma de \u201cD\u201d para que la agujeta pueda ser amarrada con facilidad<\/li>\n<li>Altura de 9 pulgadas.<\/li>\n<li>Dise\u00f1ada para Costa Rica<\/li>\n<li><a href=\"https:\/\/workdrive.zohopublic.com\/external\/6Ol2VXoNe8f-JqO1d\/download\" target=\"_blank\" rel=\"noopener\">Ficha t\u00e9cnica<\/a><\/li>\n<\/ul>\n<p>[\/vc_column_text][\/vc_column][\/vc_row][vc_row][vc_column][vc_separator][\/vc_column][\/vc_row][vc_row type=&#8221;boxed&#8221;][vc_column][vc_media_grid grid_id=&#8221;vc_gid:1733161936333-73f145ec-ab20-5&#8243; include=&#8221;8824,6168,6167&#8243;][\/vc_column][\/vc_row][vc_row][vc_column][vc_separator][\/vc_column][\/vc_row][vc_row type=&#8221;boxed&#8221;][vc_column width=&#8221;1\/3&#8243;][vc_column_text]<\/p>\n<h4>Suela Antideslizante<\/h4>\n<p>Negra antideslizante. Resistente a grava, barro, patios, suelos porosos, asfalto.[\/vc_column_text][\/vc_column][vc_column width=&#8221;1\/3&#8243;][vc_column_text]<\/p>\n<h4>Construcci\u00f3n lockstitch<\/h4>\n<p>Bota cosida en lockstitch, ofreciendo una mayor durabilidad en un clima h\u00famedo.[\/vc_column_text][\/vc_column][vc_column width=&#8221;1\/3&#8243;][vc_column_text]<\/p>\n<h4>Cuero<\/h4>\n<p>Cuero napa negro de 1.8 a 2.2 mm con alterales de lona &#8220;CORDURA&#8221;[\/vc_column_text][\/vc_column][\/vc_row][vc_row][vc_column][vc_separator][\/vc_column][\/vc_row][vc_row type=&#8221;boxed&#8221;][vc_column][vc_column_text]<\/p>\n<h4 class=\"western\" style=\"text-align: center;\"><span style=\"color: #ff0000;\">Interesado? Recibe una cotizaci\u00f3n en 24 horas m\u00e1ximo.<\/span><\/h4>\n<p>[\/vc_column_text][vc_column_text]<\/p>\n<div id=\"zf_div_sl0F1AeJ46oBj9k_cj26J-a0AwJLY61C60QOTF3YiPg\"><\/div>\n<p><script type=\"text\/javascript\">(function() {\ntry{\nvar f = document.createElement(\"iframe\");\nf.src = 'https:\/\/forms.zohopublic.com\/virtualoffice9264\/form\/CRWebForm\/formperma\/sl0F1AeJ46oBj9k_cj26J-a0AwJLY61C60QOTF3YiPg?zf_rszfm=1';\nf.style.border=\"none\";\nf.style.height=\"732px\";\nf.style.width=\"90%\";\nf.style.transition=\"all 0.5s ease\";\nvar d = document.getElementById(\"zf_div_sl0F1AeJ46oBj9k_cj26J-a0AwJLY61C60QOTF3YiPg\");\nd.appendChild(f);\nwindow.addEventListener('message', function (){\nvar evntData = event.data;\nif( evntData && evntData.constructor == String ){\nvar zf_ifrm_data = evntData.split(\"|\");\nif ( zf_ifrm_data.length == 2 ) {\nvar zf_perma = zf_ifrm_data[0];\nvar zf_ifrm_ht_nw = ( parseInt(zf_ifrm_data[1], 10) + 15 ) + \"px\";\nvar iframe = document.getElementById(\"zf_div_sl0F1AeJ46oBj9k_cj26J-a0AwJLY61C60QOTF3YiPg\").getElementsByTagName(\"iframe\")[0];\nif ( (iframe.src).indexOf('formperma') > 0 && (iframe.src).indexOf(zf_perma) > 0 ) {\nvar prevIframeHeight = iframe.style.height;\nif ( prevIframeHeight != zf_ifrm_ht_nw ) {\niframe.style.height = zf_ifrm_ht_nw;\n}\n}\n}\n}\n}, false);\n}catch(e){}\n})();<\/script>[\/vc_column_text][\/vc_column][\/vc_row][vc_row][vc_column][vc_separator][\/vc_column][\/vc_row][vc_row type=&#8221;boxed&#8221;][vc_column][vc_column_text]<\/p>\n<h4 class=\"western\" style=\"text-align: center;\"><b>\u00a1Vis\u00edtanos en el Parque Industrial de Cartago de Lunes a Viernes\u00a0 de\u00a0 8am a 5pm<\/b>!<\/h4>\n<p>[\/vc_column_text][vc_gmaps link=&#8221;#E-8_JTNDaWZyYW1lJTIwc3JjJTNEJTIyaHR0cHMlM0ElMkYlMkZ3d3cuZ29vZ2xlLmNvbSUyRm1hcHMlMkZlbWJlZCUzRnBiJTNEJTIxMW0xOCUyMTFtMTIlMjExbTMlMjExZDM5MzAuMDE0MzU3MjM4MTg5JTIxMmQtODQuMTUyNjk1Mjg1MjA2MzglMjEzZDkuOTMyNzYxODkyODk3Mjc5JTIxMm0zJTIxMWYwJTIxMmYwJTIxM2YwJTIxM20yJTIxMWkxMDI0JTIxMmk3NjglMjE0ZjEzLjElMjEzbTMlMjExbTIlMjExczB4OGZhMGZkYWJjNmI5NTUzNSUyNTNBMHgyZTRjYjRiNjcxMzBiZWE4JTIxMnNPWkFQQVRPJTI1MjBDT1NUQSUyNTIwUklDQSUyNTIwRmFicmljYSUyNTIweSUyNTIwVmVuZGVkb3IlMjUyMERpcmVjdG8lMjUyMGRlJTI1MjBaYXBhdG9zJTI1MjB5JTI1MjBCb3RhcyUyNTIwZGUlMjUyMHNlZ3VyaWRhZCUyNTIwZW4lMjUyMENvc3RhJTI1MjBSaWNhLiUyMTVlMCUyMTNtMiUyMTFzZXMtNDE5JTIxMnNwYSUyMTR2MTU3OTU0MjY3ODUxNCUyMTVtMiUyMTFzZXMtNDE5JTIxMnNwYSUyMiUyMHdpZHRoJTNEJTIyNjAwJTIyJTIwaGVpZ2h0JTNEJTIyNDUwJTIyJTIwZnJhbWVib3JkZXIlM0QlMjIwJTIyJTIwc3R5bGUlM0QlMjJib3JkZXIlM0EwJTNCJTIyJTIwYWxsb3dmdWxsc2NyZWVuJTNEJTIyJTIyJTNFJTNDJTJGaWZyYW0=&#8221;][\/vc_column][\/vc_row][vc_row][vc_column][vc_separator][\/vc_column][\/vc_row][vc_row][vc_column][vc_column_text]<\/p>\n<h3 class=\"western\" align=\"center\"><strong>\u00bfQU\u00c9 HACEMOS?<\/strong><\/h3>\n<p>OZAPATO es una marca de de calzado industrial Franco Mexicana. Fabricamos botas de seguridad industrial y contamos con presencia en Costa Rica, Rep\u00fablica Dominicana, M\u00e9xico, Panam\u00e1 y Estados Unidos. Hemos aprendido a lo largo de los a\u00f1os como fabricar botas de seguridad con calidad y de manera responsable. En <strong>Costa Rica<\/strong>, nuestra l\u00ednea industrial cuenta con botas de seguridad, botas de seguridad diel\u00e9ctricas y botas t\u00e1cticas. Por esta raz\u00f3n, OZAPATO, les presenta un producto innovador en el mercado, la bota t\u00e1ctica <a href=\"https:\/\/ozapato.com\/cr\/producto\/cop-01\/\">Cop<\/a> con sus diferentes modelos.<\/p>\n<p>\u00a1Elija de nuestro cat\u00e1logo las botas que necesita para trabajar con seguridad!<\/p>\n<h3 class=\"western\" align=\"center\">\u00bfC\u00d3MO\u00a0LO\u00a0HACEMOS\u00a0?<\/h3>\n<p>Todas nuestras botas de seguridad industrial son fabricadas con materiales de alta calidad. Tenga la confianza que sus pies estar\u00e1n protegidos en cada momento. Estamos tan seguros de la calidad de nuestros modelos de botas de seguridad industrial que ofrecemos una <strong>garant\u00eda de 4 meses y hasta 6 meses<\/strong> para las botas de seguridad m\u00e1s premium. Adem\u00e1s ofrecemos un servicio de <strong>entrega en 24 horas.<\/strong><\/p>\n<h3 style=\"text-align: center;\"><strong>\u00bfPOR QU\u00c9 LO HACEMOS?<\/strong><\/h3>\n<p>OZAPATO naci\u00f3 con la idea de servir a la comunidad local. La producci\u00f3n de nuestras <a href=\"https:\/\/ozapato.com\/cr\/\">botas de seguridad<\/a> industrial es un proceso transparente que sustenta el balance socio econ\u00f3mico de la comunidad a la que pertenece.<\/p>\n<p>El valor m\u00e1s importante de OZAPATO es la <strong>entrega directa<\/strong> hasta el cliente. Evitamos todos los intermediarios que no a\u00f1aden valor a nuestros consumidores. Cada etapa de la fabricaci\u00f3n de botas de seguridad industrial debe beneficiar a la gente que fabrica el <strong>calzado.<\/strong><\/p>\n<h3 style=\"text-align: center;\">\u00a1ZAPATOS CON PUNTERA DE ACERO!<\/h3>\n<p><b><a href=\"https:\/\/emojipedia.org\/tennis\/\" target=\"_blank\" rel=\"noopener\"><span class=\"emoji\">\ud83c\udfbe<\/span><\/a>Cop 02,<\/b>\u00a0son <a href=\"https:\/\/ozapato.com\/cr\/tecnologia\/\">zapatos con puntera<\/a> de composit XL .Es un calzado de seguridad t\u00e1ctico militar creada por OZAPATO, que esta compuesta por una tecnolog\u00eda de suela anti-fatiga ultra flexible con absorci\u00f3n del choque al caminar Dryfast . Por otro lado, el zapato industrial incluye un repelente de poliuretano para la humendad Waterproof <a href=\"https:\/\/ozapato.com\/cr\/tecnologia\/\">100% cuero graso.<\/a>[\/vc_column_text][\/vc_column][\/vc_row]<\/p>\n","protected":false},"excerpt":{"rendered":"<p><a href=\"https:\/\/emojipedia.org\/tennis\/\"><span class=\"emoji\">\ud83c\udfbe<\/span><\/a>El Cop 02 zapatos con puntera de acero\u00a0 XL. Ideal para polic\u00edas y guardias que est\u00e1n expuestos a alg\u00fan tipo de peligro de ca\u00edda de objetos pesados.<\/p>\n","protected":false},"featured_media":9238,"comment_status":"open","ping_status":"closed","template":"","meta":{"jetpack_post_was_ever_published":false,"jetpack_publicize_message":"","jetpack_publicize_feature_enabled":true,"jetpack_social_post_already_shared":true,"jetpack_social_options":{"image_generator_settings":{"template":"highway","default_image_id":0,"font":"","enabled":false},"version":2}},"product_brand":[],"product_cat":[15,12],"product_tag":[],"class_list":{"0":"post-8381","1":"product","2":"type-product","3":"status-publish","4":"has-post-thumbnail","6":"product_cat-tactica","7":"product_cat-industrial","8":"pa_size-91","9":"pa_size-92","10":"pa_size-93","11":"pa_size-94","12":"pa_size-95","13":"pa_size-96","14":"pa_size-97","15":"pa_size-98","16":"pa_size-99","17":"pa_size-100","18":"pa_size-101","19":"pa_size-102","21":"first","22":"onbackorder","23":"shipping-taxable","24":"purchasable","25":"product-type-variable"},"jetpack_publicize_connections":[],"jetpack_sharing_enabled":true,"_links":{"self":[{"href":"https:\/\/ozapato.com\/cr\/wp-json\/wp\/v2\/product\/8381","targetHints":{"allow":["GET"]}}],"collection":[{"href":"https:\/\/ozapato.com\/cr\/wp-json\/wp\/v2\/product"}],"about":[{"href":"https:\/\/ozapato.com\/cr\/wp-json\/wp\/v2\/types\/product"}],"replies":[{"embeddable":true,"href":"https:\/\/ozapato.com\/cr\/wp-json\/wp\/v2\/comments?post=8381"}],"wp:featuredmedia":[{"embeddable":true,"href":"https:\/\/ozapato.com\/cr\/wp-json\/wp\/v2\/media\/9238"}],"wp:attachment":[{"href":"https:\/\/ozapato.com\/cr\/wp-json\/wp\/v2\/media?parent=8381"}],"wp:term":[{"taxonomy":"product_brand","embeddable":true,"href":"https:\/\/ozapato.com\/cr\/wp-json\/wp\/v2\/product_brand?post=8381"},{"taxonomy":"product_cat","embeddable":true,"href":"https:\/\/ozapato.com\/cr\/wp-json\/wp\/v2\/product_cat?post=8381"},{"taxonomy":"product_tag","embeddable":true,"href":"https:\/\/ozapato.com\/cr\/wp-json\/wp\/v2\/product_tag?post=8381"}],"curies":[{"name":"wp","href":"https:\/\/api.w.org\/{rel}","templated":true}]}}