{"id":8542,"date":"2019-10-07T01:33:21","date_gmt":"2019-10-06T20:33:21","guid":{"rendered":"https:\/\/ozapato.com\/cr\/producto\/welt-01\/"},"modified":"2026-01-24T22:25:35","modified_gmt":"2026-01-24T17:25:35","slug":"welt-01","status":"publish","type":"product","link":"https:\/\/ozapato.com\/cr\/product\/welt-01\/","title":{"rendered":"Welt 01"},"content":{"rendered":"<p>[vc_row type=&#8221;boxed&#8221;][vc_column][vc_column_text]<\/p>\n<ul>\n<li>Welt 01 Botas libres de metal, con ojales no met\u00e1licos<\/li>\n<li>\u00a0Botas con garantia contra despegue de suela de 1 a\u00f1o.<\/li>\n<li>Construcci\u00f3n: GoodYear Welt, impermeable hasta fuelle<\/li>\n<li>Suela: Beige resistente a aceite, hidrocarburos y grasa, abrasi\u00f3n.<\/li>\n<li>Corte: Cuero full grain caf\u00e9 crazy graso, 100% cuero natural<\/li>\n<li>Color: Caf\u00e9 crazy graso espesos 2-2.2 mm<\/li>\n<li>Forro: Forrado antimicrobiano acolchado color caf\u00e9<\/li>\n<li>Costuras: Doble y triple de nylon color caf\u00e9<\/li>\n<li>Contrafuerte: Cuero de carnaza<\/li>\n<li>Puntera: XL extra larga de composite con recubrimiento plastico para mayor confort en empeine<\/li>\n<li>Plantilla, Poliuretano anti-fatiga y anti-perforaci\u00f3n: Textil de kevlarAjuste: Horma EEE Altura: 17 cm<\/li>\n<li>Numeraci\u00f3n: 3-14Certificaci\u00f3n; certificada ISO \/ ASTM 2413 -18<\/li>\n<li>Garant\u00eda de 6 meses<\/li>\n<li><a href=\"https:\/\/workdrive.zohopublic.com\/external\/6Ol2VXoNe84-JqO1d\/download\" target=\"_blank\" rel=\"noopener\">Ficha t\u00e9cnica<\/a><\/li>\n<\/ul>\n<p>[\/vc_column_text][\/vc_column][\/vc_row][vc_row][vc_column][vc_separator][\/vc_column][\/vc_row][vc_row type=&#8221;boxed&#8221;][vc_column][vc_media_grid grid_id=&#8221;vc_gid:1641425999861-a9e51374-9be0-6&#8243; include=&#8221;9537,9538,9539&#8243;][\/vc_column][\/vc_row][vc_row][vc_column][vc_separator][\/vc_column][\/vc_row][vc_row type=&#8221;boxed&#8221;][vc_column width=&#8221;1\/3&#8243;][vc_column_text]<\/p>\n<h4>Cuero<\/h4>\n<p>Cuero caf\u00e9 crazy graso de 1.8 a 2.2 mm[\/vc_column_text][\/vc_column][vc_column width=&#8221;1\/3&#8243;][vc_column_text]<\/p>\n<h4>Goodyear Welt<\/h4>\n<p>Bota cosida en 360\u00b0, ofrece una impermeabilidad total, una durabilidad y comodidad insuperable.[\/vc_column_text][\/vc_column][vc_column width=&#8221;1\/3&#8243;][vc_column_text]<\/p>\n<h4>Suela Antideslizante<\/h4>\n<p>Elast\u00f3mero beige antideslizante. Resistente aceites y combustible.[\/vc_column_text][\/vc_column][\/vc_row][vc_row][vc_column][vc_separator][\/vc_column][\/vc_row][vc_row type=&#8221;boxed&#8221;][vc_column][vc_column_text]<\/p>\n<h4 class=\"western\" style=\"text-align: center;\"><span style=\"color: #ff0000;\">\u00bfInteresado? Recibe una cotizaci\u00f3n en 24 horas m\u00e1ximo.<\/span><\/h4>\n<p>[\/vc_column_text][vc_column_text]<\/p>\n<div id=\"zf_div_sl0F1AeJ46oBj9k_cj26J-a0AwJLY61C60QOTF3YiPg\"><\/div>\n<p><script type=\"text\/javascript\">(function() {\ntry{\nvar f = document.createElement(\"iframe\");\nf.src = 'https:\/\/forms.zohopublic.com\/virtualoffice9264\/form\/CRWebForm\/formperma\/sl0F1AeJ46oBj9k_cj26J-a0AwJLY61C60QOTF3YiPg?zf_rszfm=1';\nf.style.border=\"none\";\nf.style.height=\"732px\";\nf.style.width=\"90%\";\nf.style.transition=\"all 0.5s ease\";\nvar d = document.getElementById(\"zf_div_sl0F1AeJ46oBj9k_cj26J-a0AwJLY61C60QOTF3YiPg\");\nd.appendChild(f);\nwindow.addEventListener('message', function (){\nvar evntData = event.data;\nif( evntData && evntData.constructor == String ){\nvar zf_ifrm_data = evntData.split(\"|\");\nif ( zf_ifrm_data.length == 2 ) {\nvar zf_perma = zf_ifrm_data[0];\nvar zf_ifrm_ht_nw = ( parseInt(zf_ifrm_data[1], 10) + 15 ) + \"px\";\nvar iframe = document.getElementById(\"zf_div_sl0F1AeJ46oBj9k_cj26J-a0AwJLY61C60QOTF3YiPg\").getElementsByTagName(\"iframe\")[0];\nif ( (iframe.src).indexOf('formperma') > 0 && (iframe.src).indexOf(zf_perma) > 0 ) {\nvar prevIframeHeight = iframe.style.height;\nif ( prevIframeHeight != zf_ifrm_ht_nw ) {\niframe.style.height = zf_ifrm_ht_nw;\n}\n}\n}\n}\n}, false);\n}catch(e){}\n})();<\/script>[\/vc_column_text][\/vc_column][\/vc_row][vc_row][vc_column][vc_separator][\/vc_column][\/vc_row][vc_row type=&#8221;boxed&#8221;][vc_column][vc_column_text]<\/p>\n<h4 class=\"western\" style=\"text-align: center;\"><b>\u00a1Vis\u00edtanos en el Parque Industrial de Cartago de Lunes a Viernes\u00a0 de\u00a0 8am a 5pm<\/b>!<\/h4>\n<h4 class=\"western\"><\/h4>\n<p>[\/vc_column_text][vc_gmaps link=&#8221;#E-8_JTNDaWZyYW1lJTIwc3JjJTNEJTIyaHR0cHMlM0ElMkYlMkZ3d3cuZ29vZ2xlLmNvbSUyRm1hcHMlMkZlbWJlZCUzRnBiJTNEJTIxMW0xOCUyMTFtMTIlMjExbTMlMjExZDM5MzAuMDE0MzU3MjM4MTg5JTIxMmQtODQuMTUyNjk1Mjg1MjA2MzglMjEzZDkuOTMyNzYxODkyODk3Mjc5JTIxMm0zJTIxMWYwJTIxMmYwJTIxM2YwJTIxM20yJTIxMWkxMDI0JTIxMmk3NjglMjE0ZjEzLjElMjEzbTMlMjExbTIlMjExczB4OGZhMGZkYWJjNmI5NTUzNSUyNTNBMHgyZTRjYjRiNjcxMzBiZWE4JTIxMnNPWkFQQVRPJTI1MjBDT1NUQSUyNTIwUklDQSUyNTIwRmFicmljYSUyNTIweSUyNTIwVmVuZGVkb3IlMjUyMERpcmVjdG8lMjUyMGRlJTI1MjBaYXBhdG9zJTI1MjB5JTI1MjBCb3RhcyUyNTIwZGUlMjUyMHNlZ3VyaWRhZCUyNTIwZW4lMjUyMENvc3RhJTI1MjBSaWNhLiUyMTVlMCUyMTNtMiUyMTFzZXMtNDE5JTIxMnNwYSUyMTR2MTU3OTU0MjY3ODUxNCUyMTVtMiUyMTFzZXMtNDE5JTIxMnNwYSUyMiUyMHdpZHRoJTNEJTIyNjAwJTIyJTIwaGVpZ2h0JTNEJTIyNDUwJTIyJTIwZnJhbWVib3JkZXIlM0QlMjIwJTIyJTIwc3R5bGUlM0QlMjJib3JkZXIlM0EwJTNCJTIyJTIwYWxsb3dmdWxsc2NyZWVuJTNEJTIyJTIyJTNFJTNDJTJGaWZyYW1lJTNF&#8221;][\/vc_column][\/vc_row][vc_row][vc_column][vc_separator][\/vc_column][\/vc_row][vc_row type=&#8221;boxed&#8221;][vc_column][vc_column_text]<\/p>\n<h3 class=\"western\" style=\"text-align: center;\"><strong> \u00bfQU\u00c9\u00a0 HACEMOS?<\/strong><\/h3>\n<p>OZAPATO es una marca de calzado ubicada en Pachuca, M\u00e9xico. Fabricamos botas de seguridad industrial y contamos con presencia en Costa Rica, Rep\u00fablica Dominicana, M\u00e9xico, Panam\u00e1 y Estados Unidos. Hemos aprendido a lo largo de los a\u00f1os como fabricar botas de seguridad con calidad y de manera responsable. En<strong> Costa Rica<\/strong>, nuestra l\u00ednea industrial cuenta con botas de seguridad, botas de seguridad diel\u00e9ctricas y botas t\u00e1cticas. Por esta raz\u00f3n, OZAPATO, presenta <b>Welt 01<\/b>,el cl\u00e1sico Welt Santos <strong>certificado diel\u00e9ctrico hasta 18 000 volts.<\/strong> Su construcci\u00f3n en Goodyear cosido en 360\u00b0 le ofrece una mejor duraci\u00f3n y una impermeabilidad total. \u00a1Elija de nuestro cat\u00e1logo las botas que necesita para trabajar con seguridad!<\/p>\n<h3 class=\"western\" align=\"center\">\u00bfC\u00d3MO\u00a0LO\u00a0HACEMOS\u00a0?<\/h3>\n<p>Todas nuestras botas de seguridad industrial son fabricadas con materiales de alta calidad. Tenga la confianza que sus pies estar\u00e1n protegidos en cada momento. Estamos tan seguros de la calidad de nuestros modelos de botas de seguridad industrial que ofrecemos una garant\u00eda de 4 meses y hasta 6 meses para las botas de seguridad m\u00e1s premium. Adem\u00e1s ofrecemos un servicio de <strong>entrega en 24 horas.<\/strong><\/p>\n<h3 class=\"western\" align=\"center\"><strong>\u00bfPOR QU\u00c9 LO HACEMOS?<\/strong><\/h3>\n<p>OZAPATO naci\u00f3 con la idea de servir a la comunidad local. La producci\u00f3n de nuestras <a href=\"https:\/\/ozapato.com\/cr\/producto\/grip-01\/\">botas de seguridad<\/a> industrial es un proceso transparente que sustenta el balance socio econ\u00f3mico de la comunidad a la que pertenece.<\/p>\n<p>El valor m\u00e1s importante de<a href=\"http:\/\/ozapato.com\\cr\"> OZAPATO<\/a> es la entrega directa hasta el cliente. Evitamos todos los intermediarios que no a\u00f1aden valor a nuestros consumidores. Cada etapa de la fabricaci\u00f3n de botas de seguridad industrial debe beneficiar a la gente que fabrica el calzado.<\/p>\n<h3 style=\"text-align: center;\">\u00a1BOTAS LIBRES DE METAL!<\/h3>\n<p align=\"left\"><span class=\"emoji\"><a href=\"https:\/\/emojipedia.org\/high-voltage\/\" target=\"_blank\" rel=\"noopener\">\u26a1<\/a>\u00a0<\/span>Welt 01, son\u00a0<a href=\"https:\/\/es.wikipedia.org\/wiki\/Metal\" target=\"_blank\" rel=\"noopener\">\u00a0botas libre de metal\u00a0<\/a> para la construcci\u00f3n, diel\u00e9ctrica e industrial Con un casco de seguridad XL de poliamida y con una plantilla anti perforaci\u00f3n.<\/p>\n<p>[\/vc_column_text][\/vc_column][\/vc_row]<\/p>\n","protected":false},"excerpt":{"rendered":"<p><span class=\"emoji\"><a href=\"https:\/\/emojipedia.org\/high-voltage\/\">\u26a1<\/a>\u00a0<\/span>El cl\u00e1sico Welt 01 son botas libres de metal. Botas diel\u00e9ctricas hasta 18 000 volts. Su construcci\u00f3n en Goodyearwelt (cosido en 360\u00b0) y una impermeabilidad total.<\/p>\n","protected":false},"featured_media":9226,"comment_status":"open","ping_status":"closed","template":"","meta":{"jetpack_post_was_ever_published":false,"jetpack_publicize_message":"","jetpack_publicize_feature_enabled":true,"jetpack_social_post_already_shared":true,"jetpack_social_options":{"image_generator_settings":{"template":"highway","default_image_id":0,"font":"","enabled":false},"version":2}},"product_brand":[],"product_cat":[26,28,187,12,14,37,16],"product_tag":[],"class_list":{"0":"post-8542","1":"product","2":"type-product","3":"status-publish","4":"has-post-thumbnail","6":"product_cat-botas-de-construccion","7":"product_cat-dielectrica","8":"product_cat-calzado-goodyear-welt","9":"product_cat-industrial","10":"product_cat-portuaria","11":"product_cat-premium","12":"product_cat-todoterreno","13":"pa_size-91","14":"pa_size-92","15":"pa_size-93","16":"pa_size-94","17":"pa_size-95","18":"pa_size-96","19":"pa_size-97","20":"pa_size-98","21":"pa_size-99","22":"pa_size-100","23":"pa_size-101","24":"pa_size-102","26":"first","27":"onbackorder","28":"shipping-taxable","29":"purchasable","30":"product-type-variable"},"jetpack_publicize_connections":[],"jetpack_sharing_enabled":true,"_links":{"self":[{"href":"https:\/\/ozapato.com\/cr\/wp-json\/wp\/v2\/product\/8542","targetHints":{"allow":["GET"]}}],"collection":[{"href":"https:\/\/ozapato.com\/cr\/wp-json\/wp\/v2\/product"}],"about":[{"href":"https:\/\/ozapato.com\/cr\/wp-json\/wp\/v2\/types\/product"}],"replies":[{"embeddable":true,"href":"https:\/\/ozapato.com\/cr\/wp-json\/wp\/v2\/comments?post=8542"}],"wp:featuredmedia":[{"embeddable":true,"href":"https:\/\/ozapato.com\/cr\/wp-json\/wp\/v2\/media\/9226"}],"wp:attachment":[{"href":"https:\/\/ozapato.com\/cr\/wp-json\/wp\/v2\/media?parent=8542"}],"wp:term":[{"taxonomy":"product_brand","embeddable":true,"href":"https:\/\/ozapato.com\/cr\/wp-json\/wp\/v2\/product_brand?post=8542"},{"taxonomy":"product_cat","embeddable":true,"href":"https:\/\/ozapato.com\/cr\/wp-json\/wp\/v2\/product_cat?post=8542"},{"taxonomy":"product_tag","embeddable":true,"href":"https:\/\/ozapato.com\/cr\/wp-json\/wp\/v2\/product_tag?post=8542"}],"curies":[{"name":"wp","href":"https:\/\/api.w.org\/{rel}","templated":true}]}}