{"id":8629,"date":"2019-10-24T21:56:35","date_gmt":"2019-10-24T16:56:35","guid":{"rendered":"https:\/\/ozapato.com\/cr\/producto\/comfort-02\/"},"modified":"2026-03-25T22:27:51","modified_gmt":"2026-03-25T17:27:51","slug":"comfort-02","status":"publish","type":"product","link":"https:\/\/ozapato.com\/cr\/product\/comfort-02\/","title":{"rendered":"Comfort  02"},"content":{"rendered":"<p>[vc_row type=&#8221;boxed&#8221;][vc_column][vc_column_text]<\/p>\n<ul>\n<li>Comfort 02 botas\u00a0 ultra confortables.<\/li>\n<li>Suela Slip and Oil Resistant, excelente antideslizante. Suela que proporciona una mejor tracci\u00f3n en todas las superficies<\/li>\n<li>Suela resistente a la humedad<\/li>\n<li>Aporta mayor confort y flexibilidad en la suela<\/li>\n<li>Plantilla antiperforaci\u00f3n de kevlar Multi-Protective ultra flex certificada ISO y ASTM.<\/li>\n<li>Puntera de poliamida \/ composit toe certificada con resistencia a m\u00e1s de 2 toneladas (Norma ASTM 2412-2413).<\/li>\n<li>Construcci\u00f3n:\u00a0calzado cosido en lockstitch<\/li>\n<li>Bull\u00f3n interior antimicrobiano que mantiene el pie seco y reduce al m\u00ednimo los olores<\/li>\n<li>Altura de 4 pulgadas<\/li>\n<li><a href=\"https:\/\/workdrive.zohopublic.com\/external\/6Ol2VXoNe8d-JqO1d\/download\" target=\"_blank\" rel=\"noopener\">Ficha t\u00e9cnica<\/a><\/li>\n<\/ul>\n<p>[\/vc_column_text][\/vc_column][\/vc_row][vc_row][vc_column][vc_separator][\/vc_column][\/vc_row][vc_row type=&#8221;boxed&#8221;][vc_column][vc_media_grid grid_id=&#8221;vc_gid:1641429295027-73f6c646-2d50-4&#8243; include=&#8221;9424,9470,9457&#8243;][\/vc_column][\/vc_row][vc_row][vc_column][vc_separator][\/vc_column][\/vc_row][vc_row type=&#8221;boxed&#8221;][vc_column width=&#8221;1\/3&#8243;][vc_column_text]<\/p>\n<h4>Seguridad<\/h4>\n<p>Casco XL de poliamida + plantilla anti perforaci\u00f3n.[\/vc_column_text][\/vc_column][vc_column width=&#8221;1\/3&#8243;][vc_column_text]<\/p>\n<h4>Construcci\u00f3n lockstitch<\/h4>\n<p>Bota cosida en lockstitch, ofreciendo una mayor durabilidad en un clima h\u00famedo.[\/vc_column_text][\/vc_column][vc_column width=&#8221;1\/3&#8243;][vc_column_text]<\/p>\n<h4 style=\"text-align: center;\">Cuero<\/h4>\n<p>Cuero blanco napa de 1.8 a 2.2 mm, con resorte blanco.<\/p>\n<p>[\/vc_column_text][\/vc_column][\/vc_row][vc_row][vc_column][vc_separator][\/vc_column][\/vc_row][vc_row type=&#8221;boxed&#8221;][vc_column][vc_column_text]<\/p>\n<h4 style=\"text-align: center;\"><span style=\"color: #ff0000;\">\u00bfInteresado?<\/span><span style=\"color: #ff0000;\">\u00a0Recibe una cotizaci\u00f3n en 24 horas para tu empresa.<\/span><\/h4>\n<p>[\/vc_column_text][vc_column_text]<\/p>\n<div>&lt;div id=&#8221;zf_div_sl0F1AeJ46oBj9k_cj26J-a0AwJLY61C60QOTF3YiPg&#8221;&gt;&lt;\/div&gt;&lt;script type=&#8221;text\/javascript&#8221;&gt;(function() {<\/div>\n<div>try{<\/div>\n<div>var f = document.createElement(&#8220;iframe&#8221;);<\/div>\n<div>f.src = &#8216;<a href=\"https:\/\/forms.zohopublic.com\/virtualoffice9264\/form\/CRWebForm\/formperma\/sl0F1AeJ46oBj9k_cj26J-a0AwJLY61C60QOTF3YiPg?zf_rszfm=1\" target=\"_blank\" rel=\"noopener noreferrer\">https:\/\/forms.zohopublic.com\/virtualoffice9264\/form\/CRWebForm\/formperma\/sl0F1AeJ46oBj9k_cj26J-a0AwJLY61C60QOTF3YiPg?zf_rszfm=1<\/a>&#8216;;<\/div>\n<div>f.style.border=&#8221;none&#8221;;<\/div>\n<div>f.style.height=&#8221;732px&#8221;;<\/div>\n<div>f.style.width=&#8221;90%&#8221;;<\/div>\n<div>f.style.transition=&#8221;all 0.5s ease&#8221;;<\/div>\n<div>var d = document.getElementById(&#8220;zf_div_sl0F1AeJ46oBj9k_cj26J-a0AwJLY61C60QOTF3YiPg&#8221;);<\/div>\n<div>d.appendChild(f);<\/div>\n<div>window.addEventListener(&#8216;message&#8217;, function (){<\/div>\n<div>var evntData = event.data;<\/div>\n<div>if( evntData &amp;&amp; evntData.constructor == String ){<\/div>\n<div>var zf_ifrm_data = evntData.split(&#8220;|&#8221;);<\/div>\n<div>if ( zf_ifrm_data.length == 2 ) {<\/div>\n<div>var zf_perma = zf_ifrm_data[0];<\/div>\n<div>var zf_ifrm_ht_nw = ( parseInt(zf_ifrm_data[1], 10) + 15 ) + &#8220;px&#8221;;<\/div>\n<div>var iframe = document.getElementById(&#8220;zf_div_sl0F1AeJ46oBj9k_cj26J-a0AwJLY61C60QOTF3YiPg&#8221;).getElementsByTagName(&#8220;iframe&#8221;)[0];<\/div>\n<div>if ( (iframe.src).indexOf(&#8216;formperma&#8217;) &gt; 0 &amp;&amp; (iframe.src).indexOf(zf_perma) &gt; 0 ) {<\/div>\n<div>var prevIframeHeight = iframe.style.height;<\/div>\n<div>if ( prevIframeHeight != zf_ifrm_ht_nw ) {<\/div>\n<div>iframe.style.height = zf_ifrm_ht_nw;<\/div>\n<div>}<\/div>\n<div>}<\/div>\n<div>}<\/div>\n<div>}<\/div>\n<div>}, false);<\/div>\n<div>}catch(e){}<\/div>\n<div>})();&lt;\/script&gt;<\/div>\n<p>[\/vc_column_text][\/vc_column][\/vc_row][vc_row][vc_column][vc_separator][\/vc_column][\/vc_row][vc_row type=&#8221;boxed&#8221;][vc_column][vc_column_text]<\/p>\n<h4 style=\"text-align: center;\"><b>\u00a1Vis\u00edtanos en el Parque Industrial de Cartago de Lunes a Viernes\u00a0 de\u00a0 8am a 5pm<\/b>!<\/h4>\n<p>[\/vc_column_text][vc_gmaps link=&#8221;#E-8_JTNDaWZyYW1lJTIwc3JjJTNEJTIyaHR0cHMlM0ElMkYlMkZ3d3cuZ29vZ2xlLmNvbSUyRm1hcHMlMkZlbWJlZCUzRnBiJTNEJTIxMW0xOCUyMTFtMTIlMjExbTMlMjExZDM5MzAuMDE0MzU3MjM4MTg5JTIxMmQtODQuMTUyNjk1Mjg1MjA2MzglMjEzZDkuOTMyNzYxODkyODk3Mjc5JTIxMm0zJTIxMWYwJTIxMmYwJTIxM2YwJTIxM20yJTIxMWkxMDI0JTIxMmk3NjglMjE0ZjEzLjElMjEzbTMlMjExbTIlMjExczB4OGZhMGZkYWJjNmI5NTUzNSUyNTNBMHgyZTRjYjRiNjcxMzBiZWE4JTIxMnNPWkFQQVRPJTI1MjBDT1NUQSUyNTIwUklDQSUyNTIwRmFicmljYSUyNTIweSUyNTIwVmVuZGVkb3IlMjUyMERpcmVjdG8lMjUyMGRlJTI1MjBaYXBhdG9zJTI1MjB5JTI1MjBCb3RhcyUyNTIwZGUlMjUyMHNlZ3VyaWRhZCUyNTIwZW4lMjUyMENvc3RhJTI1MjBSaWNhLiUyMTVlMCUyMTNtMiUyMTFzZXMtNDE5JTIxMnNwYSUyMTR2MTU3OTU0MjY3ODUxNCUyMTVtMiUyMTFzZXMtNDE5JTIxMnNwYSUyMiUyMHdpZHRoJTNEJTIyNjAwJTIyJTIwaGVpZ2h0JTNEJTIyNDUwJTIyJTIwZnJhbWVib3JkZXIlM0QlMjIwJTIyJTIwc3R5bGUlM0QlMjJib3JkZXIlM0EwJTNCJTIyJTIwYWxsb3dmdWxsc2NyZWVuJTNEJTIyJTIyJTNFJTNDJTJGaWZyYW1lJTNF&#8221;][\/vc_column][\/vc_row][vc_row][vc_column][vc_separator][\/vc_column][\/vc_row][vc_row type=&#8221;boxed&#8221;][vc_column][vc_column_text]<\/p>\n<h3 class=\"western\" align=\"center\"><strong>\u00bf<\/strong><strong>QU\u00c9 HACEMOS?<\/strong><\/h3>\n<p>OZAPATO es una marca de calzado ubicada en Pachuca, M\u00e9xico. Fabricamos botas de seguridad industrial y contamos con presencia en Costa Rica, Rep\u00fablica Dominicana, M\u00e9xico, Panam\u00e1 y Estados Unidos. Hemos aprendido a lo largo de los a\u00f1os como fabricar botas de seguridad con calidad y de manera responsable. En <strong>Costa Rica<\/strong>, nuestra l\u00ednea industrial cuenta con botas de seguridad, botas de seguridad diel\u00e9ctricas y botas t\u00e1cticas. Por esta raz\u00f3n, OZAPATO les presenta <strong>Comfort 02<\/strong>, calzado de seguridad de cuero blanco napa con resorte blanco en laterales, libre de metal.<\/p>\n<p>\u00a1Elija de nuestro cat\u00e1logo las botas que necesita para trabajar con seguridad!<\/p>\n<h3 class=\"western\" align=\"center\">\u00bfC\u00d3MO\u00a0LO HACEMOS?<\/h3>\n<p>Todas nuestras botas de seguridad industrial son fabricadas con materiales de alta calidad. Tenga la confianza que sus <a href=\"https:\/\/es.wikipedia.org\/wiki\/Calzado\" target=\"_blank\" rel=\"noopener\">pies<\/a> estar\u00e1n protegidos en cada momento. Estamos tan seguros de la calidad de nuestros modelos de botas de seguridad industrial que ofrecemos una <strong>garant\u00eda de 4 meses y hasta 6 meses<\/strong> para las botas de seguridad m\u00e1s premium. Adem\u00e1s ofrecemos un servicio de <strong>entrega en 24 horas.<\/strong><\/p>\n<h3 class=\"western\" align=\"center\"><strong>\u00bfPOR QU\u00c9 LO HACEMOS?<\/strong><\/h3>\n<p>OZAPATO naci\u00f3 con la idea de servir a la comunidad local. La producci\u00f3n de nuestras botas de seguridad industrial es un proceso transparente que sustenta el balance socio econ\u00f3mico de la comunidad a la que pertenece.<\/p>\n<p>El valor m\u00e1s importante de <a href=\"https:\/\/ozapato.com\/cr\/contacto\/\">OZAPATO<\/a> es la entrega directa hasta el cliente. Evitamos todos los intermediarios que no a\u00f1aden valor a nuestros consumidores. Cada etapa de la fabricaci\u00f3n de botas de seguridad industrial debe beneficiar a la gente que fabrica el <strong>calzado.<\/strong><\/p>\n<h3 class=\"western\" align=\"center\">\u00a1BOTAS ULTRA CONFORTABLES!<\/h3>\n<p>\u26aaComfort 02, botas ultra confortable,pertenece al grupo de botas de <a href=\"https:\/\/ozapato.com\/cr\/botas-dielectricas\/\">seguridad industria<\/a>l fabricada por OZAPATO. Esta bota\u00a0esta\u00a0\u00a0forrado interiormente con\u00a0 antimicrobiano acolchado .Las costuras: son de doble y triple de nylon color blanco y con un contrafuerte: Orothermo y\u00a0 puntera: XL extra larga de composite. Tambi\u00e9n incluye una\u00a0 plantilla interior tejida y suajada de 3mm anti microbiana.[\/vc_column_text][\/vc_column][\/vc_row][vc_row][vc_column][\/vc_column][\/vc_row]<\/p>\n","protected":false},"excerpt":{"rendered":"<p>\u26aaEl Comfort\u00a0 02 botas ultra confortables\u00a0 que naci\u00f3 de la necesidad de tener un calzado blanco muy antideslizante. Es el modelo perfecto para plantas farmac\u00e9uticas, alimenticias y par la industrial de la hospitalidad.<\/p>\n","protected":false},"featured_media":9219,"comment_status":"open","ping_status":"closed","template":"","meta":{"jetpack_post_was_ever_published":false,"jetpack_publicize_message":"","jetpack_publicize_feature_enabled":true,"jetpack_social_post_already_shared":true,"jetpack_social_options":{"image_generator_settings":{"template":"highway","default_image_id":0,"font":"","enabled":false},"version":2}},"product_brand":[],"product_cat":[236,229,31,32],"product_tag":[],"class_list":{"0":"post-8629","1":"product","2":"type-product","3":"status-publish","4":"has-post-thumbnail","6":"product_cat-industria-farmaceutica","7":"product_cat-descuentos-70","8":"product_cat-zapatos-para-hospitales","9":"product_cat-zapatos-para-restaurantes","10":"pa_size-91","11":"pa_size-92","12":"pa_size-93","13":"pa_size-94","14":"pa_size-95","15":"pa_size-96","16":"pa_size-97","17":"pa_size-98","18":"pa_size-99","19":"pa_size-100","20":"pa_size-101","21":"pa_size-102","23":"first","24":"onbackorder","25":"shipping-taxable","26":"purchasable","27":"product-type-variable"},"jetpack_publicize_connections":[],"jetpack_sharing_enabled":true,"_links":{"self":[{"href":"https:\/\/ozapato.com\/cr\/wp-json\/wp\/v2\/product\/8629","targetHints":{"allow":["GET"]}}],"collection":[{"href":"https:\/\/ozapato.com\/cr\/wp-json\/wp\/v2\/product"}],"about":[{"href":"https:\/\/ozapato.com\/cr\/wp-json\/wp\/v2\/types\/product"}],"replies":[{"embeddable":true,"href":"https:\/\/ozapato.com\/cr\/wp-json\/wp\/v2\/comments?post=8629"}],"wp:featuredmedia":[{"embeddable":true,"href":"https:\/\/ozapato.com\/cr\/wp-json\/wp\/v2\/media\/9219"}],"wp:attachment":[{"href":"https:\/\/ozapato.com\/cr\/wp-json\/wp\/v2\/media?parent=8629"}],"wp:term":[{"taxonomy":"product_brand","embeddable":true,"href":"https:\/\/ozapato.com\/cr\/wp-json\/wp\/v2\/product_brand?post=8629"},{"taxonomy":"product_cat","embeddable":true,"href":"https:\/\/ozapato.com\/cr\/wp-json\/wp\/v2\/product_cat?post=8629"},{"taxonomy":"product_tag","embeddable":true,"href":"https:\/\/ozapato.com\/cr\/wp-json\/wp\/v2\/product_tag?post=8629"}],"curies":[{"name":"wp","href":"https:\/\/api.w.org\/{rel}","templated":true}]}}