{"id":8735,"date":"2019-11-08T02:41:09","date_gmt":"2019-11-07T21:41:09","guid":{"rendered":"https:\/\/ozapato.com\/cr\/producto\/oxford-03\/"},"modified":"2026-04-14T22:29:04","modified_gmt":"2026-04-14T17:29:04","slug":"oxford-03","status":"publish","type":"product","link":"https:\/\/ozapato.com\/cr\/product\/oxford-03\/","title":{"rendered":"Oxford 03"},"content":{"rendered":"<p>[vc_row type=&#8221;boxed&#8221;][vc_column][\/vc_column][\/vc_row][vc_row type=&#8221;boxed&#8221;][vc_column][vc_column_text]<\/p>\n<div style=\"position: relative; width: 100%; height: 0; padding-top: 129.4118%; padding-bottom: 0; box-shadow: 0 2px 8px 0 rgba(63,69,81,0.16); margin-top: 1.6em; margin-bottom: 0.9em; overflow: hidden; border-radius: 8px; will-change: transform;\"><iframe style=\"position: absolute; width: 100%; height: 100%; top: 0; left: 0; border: none; padding: 0; margin: 0;\" src=\"https:\/\/www.canva.com\/design\/DADktfXuq4s\/mfrP5S4FA-hSy_YTfzygcg\/view?embed\" allowfullscreen=\"allowfullscreen\"><br \/>\n<\/iframe><\/div>\n<p>&nbsp;<\/p>\n<ul>\n<li>Oxford 03 Botas con suela antideslizante para polic\u00edas.<\/li>\n<li>Suela super flexible, muy antideslizante. Tendr\u00e1 una excelente tracci\u00f3n en terrenos humedos y pisos mojados.<\/li>\n<li>Suela totalmente cosida y sellada, resistente a la humedad.<\/li>\n<li>Cuero full grain premium graso<\/li>\n<li>Bull\u00f3n interior antimicrobiano manteniendo el pie seco y reduciendo al m\u00ednimo los olores<\/li>\n<li>Plantilla \u00a0acolchada, lavable<\/li>\n<li>Altura de 3\u2032\u00a0pulgadas<\/li>\n<li><a href=\"https:\/\/workdrive.zohopublic.com\/external\/6Ol2VXoNe8t-JqO1d\/download\" target=\"_blank\" rel=\"noopener\">Ficha t\u00e9cnica<\/a><\/li>\n<\/ul>\n<p>[\/vc_column_text][\/vc_column][\/vc_row][vc_row][vc_column][vc_separator][\/vc_column][\/vc_row][vc_row type=&#8221;boxed&#8221;][vc_column][vc_media_grid element_width=&#8221;6&#8243; grid_id=&#8221;vc_gid:1733162425769-b7973f87-bccc-2&#8243; include=&#8221;9041,9042&#8243;][\/vc_column][\/vc_row][vc_row][vc_column][vc_separator][\/vc_column][\/vc_row]<\/p>\n","protected":false},"excerpt":{"rendered":"<div class=\"woocommerce-product-details__short-description\">\n<p><a href=\"https:\/\/emojipedia.org\/police-officer\/\"><span class=\"emoji\">\ud83d\udc6e<\/span><\/a>Oxford 03 son botas con suela antideslizante para polic\u00edas de color mate y para desempe\u00f1ar las labores diarios de una manera elegante. Su suela 100% cosida es de duraci\u00f3n m\u00e1xima y es ultra flexible.<\/p>\n<\/div>\n<div class=\"yotpo bottomLine\" data-product-id=\"7662\" data-url=\"https:\/\/ozapato.com\/pa\/product\/oxford-03\/\" data-lang=\"en\" data-yotpo-element-id=\"2\"><\/div>\n","protected":false},"featured_media":8993,"comment_status":"open","ping_status":"closed","template":"","meta":{"jetpack_post_was_ever_published":false,"jetpack_publicize_message":"","jetpack_publicize_feature_enabled":true,"jetpack_social_post_already_shared":true,"jetpack_social_options":{"image_generator_settings":{"template":"highway","default_image_id":0,"font":"","enabled":false},"version":2}},"product_brand":[],"product_cat":[31,15,32],"product_tag":[],"class_list":{"0":"post-8735","1":"product","2":"type-product","3":"status-publish","4":"has-post-thumbnail","6":"product_cat-zapatos-para-hospitales","7":"product_cat-tactica","8":"product_cat-zapatos-para-restaurantes","9":"pa_size-91","10":"pa_size-92","11":"pa_size-93","12":"pa_size-94","13":"pa_size-95","14":"pa_size-96","15":"pa_size-97","16":"pa_size-98","17":"pa_size-99","18":"pa_size-100","19":"pa_size-101","20":"pa_size-102","22":"first","23":"onbackorder","24":"shipping-taxable","25":"purchasable","26":"product-type-variable"},"jetpack_publicize_connections":[],"jetpack_sharing_enabled":true,"_links":{"self":[{"href":"https:\/\/ozapato.com\/cr\/wp-json\/wp\/v2\/product\/8735","targetHints":{"allow":["GET"]}}],"collection":[{"href":"https:\/\/ozapato.com\/cr\/wp-json\/wp\/v2\/product"}],"about":[{"href":"https:\/\/ozapato.com\/cr\/wp-json\/wp\/v2\/types\/product"}],"replies":[{"embeddable":true,"href":"https:\/\/ozapato.com\/cr\/wp-json\/wp\/v2\/comments?post=8735"}],"wp:featuredmedia":[{"embeddable":true,"href":"https:\/\/ozapato.com\/cr\/wp-json\/wp\/v2\/media\/8993"}],"wp:attachment":[{"href":"https:\/\/ozapato.com\/cr\/wp-json\/wp\/v2\/media?parent=8735"}],"wp:term":[{"taxonomy":"product_brand","embeddable":true,"href":"https:\/\/ozapato.com\/cr\/wp-json\/wp\/v2\/product_brand?post=8735"},{"taxonomy":"product_cat","embeddable":true,"href":"https:\/\/ozapato.com\/cr\/wp-json\/wp\/v2\/product_cat?post=8735"},{"taxonomy":"product_tag","embeddable":true,"href":"https:\/\/ozapato.com\/cr\/wp-json\/wp\/v2\/product_tag?post=8735"}],"curies":[{"name":"wp","href":"https:\/\/api.w.org\/{rel}","templated":true}]}}