{"id":9245,"date":"2020-01-16T01:56:09","date_gmt":"2020-01-15T20:56:09","guid":{"rendered":"https:\/\/ozapato.com\/cr\/producto\/watt-02\/"},"modified":"2026-04-09T22:27:21","modified_gmt":"2026-04-09T17:27:21","slug":"watt-03-botas-dielectricas","status":"publish","type":"product","link":"https:\/\/ozapato.com\/cr\/product\/watt-03-botas-dielectricas\/","title":{"rendered":"Watt 03"},"content":{"rendered":"<p>[vc_row type=&#8221;boxed&#8221;][vc_column][vc_column_text]<\/p>\n<div style=\"position: relative; width: 100%; height: 0; padding-top: 129.4118%; padding-bottom: 0; box-shadow: 0 2px 8px 0 rgba(63,69,81,0.16); margin-top: 1.6em; margin-bottom: 0.9em; overflow: hidden; border-radius: 8px; will-change: transform;\"><iframe style=\"position: absolute; width: 100%; height: 100%; top: 0; left: 0; border: none; padding: 0; margin: 0;\" src=\"https:\/\/www.canva.com\/design\/DAEUSEV-ilQ\/f46_anre-WFWgOoVyYvr_w\/view?embed\" allowfullscreen=\"allowfullscreen\"><br \/>\n<\/iframe><\/div>\n<ul data-sourcepos=\"7:1-16:0\">\n<li data-sourcepos=\"7:1-7:134\"><strong>Construcci\u00f3n cosida:<\/strong> La construcci\u00f3n cosida de las botas diel\u00e9ctricas garantiza una mayor durabilidad y resistencia al desgaste.<\/li>\n<li data-sourcepos=\"8:1-8:178\"><strong>Materiales de alta calidad:<\/strong> El cuero graso de 1.8 a 2.2 mm y la plantilla de poliuretano memory foam proporcionan comodidad y protecci\u00f3n durante largas jornadas de trabajo.<\/li>\n<li data-sourcepos=\"9:1-9:179\"><strong>Tecnolog\u00eda de punta:<\/strong> La tecnolog\u00eda diel\u00e9ctrica utilizada en la fabricaci\u00f3n de estas botas ofrece una protecci\u00f3n superior contra descargas el\u00e9ctricas de hasta 18,000 voltios.<\/li>\n<li data-sourcepos=\"10:1-10:156\"><strong>Certificaci\u00f3n ASTM F2413-18:<\/strong> Las botas diel\u00e9ctricas cosidas en Costa Rica cumplen con la norma ASTM F2413-18, lo que garantiza su calidad y seguridad.<\/li>\n<li data-sourcepos=\"11:1-11:160\"><strong>Dise\u00f1o ergon\u00f3mico:<\/strong> El dise\u00f1o ergon\u00f3mico de las botas diel\u00e9ctricas se adapta a la forma del pie, proporcionando una mayor comodidad y reduciendo la fatiga.<\/li>\n<li data-sourcepos=\"12:1-12:156\"><strong>Resistencia a la abrasi\u00f3n y al deslizamiento:<\/strong> La suela de elast\u00f3mero anti fatiga es resistente a la abrasi\u00f3n, al deslizamiento y a altas temperaturas.<\/li>\n<li data-sourcepos=\"13:1-13:133\"><strong>Protecci\u00f3n contra la humedad:<\/strong> El cuero graso con acabado de poliuretano y la leng\u00fceta cerrada evitan la filtraci\u00f3n de l\u00edquidos.<\/li>\n<li data-sourcepos=\"14:1-14:98\"><strong>Plantilla anti-perforaci\u00f3n:<\/strong> La plantilla de kevlar protege el pie de objetos punzocortantes.<\/li>\n<li data-sourcepos=\"15:1-16:0\"><strong>Bota libre de metales:<\/strong> La bota no contiene metales, lo que la hace m\u00e1s ligera y c\u00f3moda de usar.<\/li>\n<li><a href=\"https:\/\/workdrive.zohoexternal.com\/external\/7c0e99a6a5ca1be23795c66dd79f49b8594142ef85cba0d0e8bfc3eb4404e81a\" target=\"_blank\" rel=\"noopener\">Ficha T\u00e9cnica<\/a><\/li>\n<\/ul>\n<p data-sourcepos=\"24:1-24:74\"><strong>Aplicaciones de las botas diel\u00e9ctricas cosidas en Costa Rica, Watt 03:<\/strong><\/p>\n<ul data-sourcepos=\"26:1-32:0\">\n<li data-sourcepos=\"26:1-26:21\">Industria el\u00e9ctrica<\/li>\n<li data-sourcepos=\"27:1-27:14\">Construcci\u00f3n<\/li>\n<li data-sourcepos=\"28:1-28:9\">Miner\u00eda<\/li>\n<li data-sourcepos=\"29:1-29:20\">Telecomunicaciones<\/li>\n<li data-sourcepos=\"30:1-30:26\">Mantenimiento industrial<\/li>\n<li data-sourcepos=\"31:1-32:0\">Otros entornos con riesgo el\u00e9ctrico<\/li>\n<\/ul>\n<p>[\/vc_column_text][\/vc_column][\/vc_row]<\/p>\n","protected":false},"excerpt":{"rendered":"<p>Watt 03 CR: Bota diel\u00e9ctrica cosida en Costa Rica, que ofrece protecci\u00f3n superior contra alto voltaje en entornos laborales exigentes. Fabricada con cuero graso y suela de elast\u00f3mero, brinda comodidad y durabilidad.<\/p>\n<p>&nbsp;<\/p>\n","protected":false},"featured_media":13598,"comment_status":"open","ping_status":"closed","template":"","meta":{"jetpack_post_was_ever_published":false,"jetpack_publicize_message":"","jetpack_publicize_feature_enabled":true,"jetpack_social_post_already_shared":true,"jetpack_social_options":{"image_generator_settings":{"template":"highway","default_image_id":0,"font":"","enabled":false},"version":2}},"product_brand":[],"product_cat":[28,232,25,37],"product_tag":[],"class_list":{"0":"post-9245","1":"product","2":"type-product","3":"status-publish","4":"has-post-thumbnail","6":"product_cat-dielectrica","7":"product_cat-industria-alimentaria","8":"product_cat-para-mujeres","9":"product_cat-premium","10":"pa_size-91","11":"pa_size-92","12":"pa_size-93","13":"pa_size-94","14":"pa_size-95","15":"pa_size-96","16":"pa_size-97","17":"pa_size-98","18":"pa_size-99","19":"pa_size-100","20":"pa_size-101","21":"pa_size-102","23":"first","24":"instock","25":"shipping-taxable","26":"purchasable","27":"product-type-variable"},"jetpack_publicize_connections":[],"jetpack_sharing_enabled":true,"_links":{"self":[{"href":"https:\/\/ozapato.com\/cr\/wp-json\/wp\/v2\/product\/9245","targetHints":{"allow":["GET"]}}],"collection":[{"href":"https:\/\/ozapato.com\/cr\/wp-json\/wp\/v2\/product"}],"about":[{"href":"https:\/\/ozapato.com\/cr\/wp-json\/wp\/v2\/types\/product"}],"replies":[{"embeddable":true,"href":"https:\/\/ozapato.com\/cr\/wp-json\/wp\/v2\/comments?post=9245"}],"wp:featuredmedia":[{"embeddable":true,"href":"https:\/\/ozapato.com\/cr\/wp-json\/wp\/v2\/media\/13598"}],"wp:attachment":[{"href":"https:\/\/ozapato.com\/cr\/wp-json\/wp\/v2\/media?parent=9245"}],"wp:term":[{"taxonomy":"product_brand","embeddable":true,"href":"https:\/\/ozapato.com\/cr\/wp-json\/wp\/v2\/product_brand?post=9245"},{"taxonomy":"product_cat","embeddable":true,"href":"https:\/\/ozapato.com\/cr\/wp-json\/wp\/v2\/product_cat?post=9245"},{"taxonomy":"product_tag","embeddable":true,"href":"https:\/\/ozapato.com\/cr\/wp-json\/wp\/v2\/product_tag?post=9245"}],"curies":[{"name":"wp","href":"https:\/\/api.w.org\/{rel}","templated":true}]}}