{"id":9306,"date":"2020-01-17T02:50:03","date_gmt":"2020-01-16T21:50:03","guid":{"rendered":"https:\/\/ozapato.com\/cr\/producto\/royale-02\/"},"modified":"2026-04-11T22:25:34","modified_gmt":"2026-04-11T17:25:34","slug":"royale-02","status":"publish","type":"product","link":"https:\/\/ozapato.com\/cr\/product\/royale-02\/","title":{"rendered":"Royale 02"},"content":{"rendered":"<p>[vc_row type=&#8221;boxed&#8221;][vc_column][vc_column_text]<\/p>\n<ul>\n<li>Botas\u00a0 diel\u00e9ctricas\u00a0 todoterreno.<\/li>\n<li>Nueva suela OZAPATO con refuerzo frontal. Resistente al choque el\u00e9ctrico adecuado para el alto voltaje,\u00a0excelente antiderrapante y conductor de calor. Dise\u00f1ada especialmente para resistir el deslizamiento y abrasi\u00f3n.<\/li>\n<li>Suela antifatiga.<\/li>\n<li>Plantilla antiperforaci\u00f3n de kevlar Multi-Protective ultra flex certificada ISO y ASTM.<\/li>\n<li>Plantilla interna memory foam ergonomica<\/li>\n<li>Puntera de poliamida XL certificada con resistencia a m\u00e1s de 2 toneladas (Norma ASTM 2412-2413).<\/li>\n<li>100% cuero de vacuno resistente al agua.<\/li>\n<li>Agujetas de poli\u00e9ster con alma de algod\u00f3n resistente para uso prolongado.<\/li>\n<li>Costuras selladas 100% de nylon.<\/li>\n<li>Altura de 10 pulgadas.<\/li>\n<li>Certificada ASTM 2413-18 18 000 volts<\/li>\n<li>Ficha t\u00e9cnica<\/li>\n<\/ul>\n<div style=\"position: relative; width: 100%; height: 0; padding-top: 129.4118%; padding-bottom: 0; box-shadow: 0 2px 8px 0 rgba(63,69,81,0.16); margin-top: 1.6em; margin-bottom: 0.9em; overflow: hidden; border-radius: 8px; will-change: transform;\"><iframe style=\"position: absolute; width: 100%; height: 100%; top: 0; left: 0; border: none; padding: 0; margin: 0;\" src=\"https:\/\/www.canva.com\/design\/DAGRUI9iyuw\/T40im2Zeb0AwVrP9SPQvEQ\/view?embed\" allowfullscreen=\"allowfullscreen\"><br \/>\n<\/iframe><\/div>\n<p><a href=\"https:\/\/www.canva.com\/design\/DAGRUI9iyuw\/T40im2Zeb0AwVrP9SPQvEQ\/view?utm_content=DAGRUI9iyuw&amp;utm_campaign=designshare&amp;utm_medium=embeds&amp;utm_source=link\" target=\"_blank\" rel=\"noopener\"> Royale 02 Dielectrico<\/a> by OZAPATO[\/vc_column_text][\/vc_column][\/vc_row][vc_row][vc_column][vc_separator][\/vc_column][\/vc_row][vc_row type=&#8221;boxed&#8221;][vc_column][vc_media_grid grid_id=&#8221;vc_gid:1727543531752-cd8acbe9-e730-10&#8243; include=&#8221;9412,9373,9390&#8243;][\/vc_column][\/vc_row][vc_row][vc_column][vc_separator][\/vc_column][\/vc_row][vc_row type=&#8221;boxed&#8221;][vc_column width=&#8221;1\/3&#8243;][vc_column_text]<\/p>\n<h5>Suela Antideslizante<\/h5>\n<p>Suela OZAPATO slip and oil resistant. Apta para exposiciones el\u00e9ctricas.[\/vc_column_text][\/vc_column][vc_column width=&#8221;1\/3&#8243;][vc_column_text]<\/p>\n<h5>Disponible con o sin puntera<\/h5>\n<p>Nos adaptamos a su necesidad. Este modelo se puede fabricar con o si puntera.[\/vc_column_text][\/vc_column][vc_column width=&#8221;1\/3&#8243;][vc_column_text]<\/p>\n<h5>Plantilla Antiperforaci\u00f3n<\/h5>\n<p>Plantilla antiperforaci\u00f3n textil certificada ASTM e ISO. Ofrece una mayor flexibilidad, ergonom\u00eda y frescura.[\/vc_column_text][\/vc_column][\/vc_row][vc_row][vc_column][vc_separator][\/vc_column][\/vc_row][vc_row type=&#8221;boxed&#8221;][vc_column][vc_column_text]<\/p>\n<h4 style=\"text-align: center;\"><\/h4>\n<h4 style=\"text-align: center;\"><span style=\"color: #ff0000;\">\u00bfInteresado?<\/span><span style=\"color: #ff0000;\">\u00a0Recibe una cotizaci\u00f3n en 24 horas para tu empresa.<\/span><\/h4>\n<p>[\/vc_column_text][vc_column_text]<\/p>\n<div id=\"zf_div_sl0F1AeJ46oBj9k_cj26J-a0AwJLY61C60QOTF3YiPg\"><\/div>\n<p><script type=\"text\/javascript\">(function() {\ntry{\nvar f = document.createElement(\"iframe\");\nf.src = 'https:\/\/forms.zohopublic.com\/virtualoffice9264\/form\/CRWebForm\/formperma\/sl0F1AeJ46oBj9k_cj26J-a0AwJLY61C60QOTF3YiPg?zf_rszfm=1';\nf.style.border=\"none\";\nf.style.height=\"732px\";\nf.style.width=\"90%\";\nf.style.transition=\"all 0.5s ease\";\nvar d = document.getElementById(\"zf_div_sl0F1AeJ46oBj9k_cj26J-a0AwJLY61C60QOTF3YiPg\");\nd.appendChild(f);\nwindow.addEventListener('message', function (){\nvar evntData = event.data;\nif( evntData && evntData.constructor == String ){\nvar zf_ifrm_data = evntData.split(\"|\");\nif ( zf_ifrm_data.length == 2 ) {\nvar zf_perma = zf_ifrm_data[0];\nvar zf_ifrm_ht_nw = ( parseInt(zf_ifrm_data[1], 10) + 15 ) + \"px\";\nvar iframe = document.getElementById(\"zf_div_sl0F1AeJ46oBj9k_cj26J-a0AwJLY61C60QOTF3YiPg\").getElementsByTagName(\"iframe\")[0];\nif ( (iframe.src).indexOf('formperma') > 0 && (iframe.src).indexOf(zf_perma) > 0 ) {\nvar prevIframeHeight = iframe.style.height;\nif ( prevIframeHeight != zf_ifrm_ht_nw ) {\niframe.style.height = zf_ifrm_ht_nw;\n}\n}\n}\n}\n}, false);\n}catch(e){}\n})();<\/script>[\/vc_column_text][\/vc_column][\/vc_row][vc_row][vc_column][vc_separator][\/vc_column][\/vc_row][vc_row type=&#8221;boxed&#8221;][vc_column][vc_column_text]<b>\u00a1Vis\u00edtanos en el Parque Industrial de Cartago de Lunes a Viernes\u00a0 de\u00a0 8am a 5pm<\/b>![\/vc_column_text][vc_gmaps link=&#8221;#E-8_JTNDaWZyYW1lJTIwc3JjJTNEJTIyaHR0cHMlM0ElMkYlMkZ3d3cuZ29vZ2xlLmNvbSUyRm1hcHMlMkZlbWJlZCUzRnBiJTNEJTIxMW0xOCUyMTFtMTIlMjExbTMlMjExZDM5MzAuMDE0MzU3MjM4MTg5JTIxMmQtODQuMTUyNjk1Mjg1MjA2MzglMjEzZDkuOTMyNzYxODkyODk3Mjc5JTIxMm0zJTIxMWYwJTIxMmYwJTIxM2YwJTIxM20yJTIxMWkxMDI0JTIxMmk3NjglMjE0ZjEzLjElMjEzbTMlMjExbTIlMjExczB4OGZhMGZkYWJjNmI5NTUzNSUyNTNBMHgyZTRjYjRiNjcxMzBiZWE4JTIxMnNPWkFQQVRPJTI1MjBDT1NUQSUyNTIwUklDQSUyNTIwRmFicmljYSUyNTIweSUyNTIwVmVuZGVkb3IlMjUyMERpcmVjdG8lMjUyMGRlJTI1MjBaYXBhdG9zJTI1MjB5JTI1MjBCb3RhcyUyNTIwZGUlMjUyMHNlZ3VyaWRhZCUyNTIwZW4lMjUyMENvc3RhJTI1MjBSaWNhLiUyMTVlMCUyMTNtMiUyMTFzZXMtNDE5JTIxMnNwYSUyMTR2MTU3OTU0MjY3ODUxNCUyMTVtMiUyMTFzZXMtNDE5JTIxMnNwYSUyMiUyMHdpZHRoJTNEJTIyNjAwJTIyJTIwaGVpZ2h0JTNEJTIyNDUwJTIyJTIwZnJhbWVib3JkZXIlM0QlMjIwJTIyJTIwc3R5bGUlM0QlMjJib3JkZXIlM0EwJTNCJTIyJTIwYWxsb3dmdWxsc2NyZWVuJTNEJTIyJTIyJTNFJTNDJTJGaWZyYW1lJTNF&#8221;][\/vc_column][\/vc_row][vc_row][vc_column][vc_separator][\/vc_column][\/vc_row][vc_row type=&#8221;boxed&#8221;][vc_column][vc_column_text]<\/p>\n<h3 align=\"center\"><strong>\u00bfQU\u00c9 HACEMOS?<\/strong><\/h3>\n<p>OZAPATO es una marca de calzado ubicada en Pachuca, M\u00e9xico. Fabricamos botas de seguridad industrial y contamos con presencia en Costa Rica, Rep\u00fablica Dominicana, M\u00e9xico, Panam\u00e1 y Estados Unidos. Hemos aprendido a lo largo de los a\u00f1os como fabricar botas de seguridad con calidad y de manera responsable. En <strong>Costa Rica<\/strong>, nuestra l\u00ednea industrial cuenta con botas de seguridad, botas de seguridad diel\u00e9ctricas y botas t\u00e1cticas. Por esta raz\u00f3n, OZAPATO les presenta su bota industrial diel\u00e9ctrica <strong>Royale 02<\/strong>.\u00a1Elija de nuestro cat\u00e1logo las botas que necesita para trabajar con seguridad!<\/p>\n<h3 class=\"western\" align=\"center\"><strong>\u00bf<\/strong><strong>CO<\/strong><strong>MO LO HACEMOS?<\/strong><\/h3>\n<p>Todas nuestras <strong>botas de seguridad<\/strong> industrial son fabricadas con materiales de alta calidad. Tenga la confianza que sus pies estar\u00e1n protegidos en cada momento. Estamos tan seguros de la calidad de nuestros modelos de botas de seguridad industrial que ofrecemos una <strong>garant\u00eda de 4 meses<\/strong> y hasta 6 meses para las botas de seguridad m\u00e1s premium. Adem\u00e1s ofrecemos un servicio de <strong>entrega en 24 horas.<\/strong><\/p>\n<h3 class=\"western\" align=\"center\"><strong>\u00bfPOR QU\u00c9 LO HACEMOS?<\/strong><\/h3>\n<p><strong>OZAPATO<\/strong> naci\u00f3 con la idea de servir a la comunidad local. La producci\u00f3n de nuestras botas de seguridad industrial es un proceso transparente que sustenta el balance socio econ\u00f3mico de la comunidad a la que pertenece.<\/p>\n<p>El valor m\u00e1s importante de OZAPATO es la entrega directa hasta el cliente. Evitamos todos los intermediarios que no a\u00f1aden valor a nuestros consumidores. Cada etapa de la fabricaci\u00f3n de botas de seguridad industrial debe beneficiar a la gente que fabrica el <strong>calzado.<\/strong><\/p>\n<p>A nuestro equipo le apasiona desarrollar botas de seguridad en un ambiente social y econ\u00f3mico justo. Queremos que nuestros clientes conf\u00eden en que no s\u00f3lo compran botas bien hechas y de buena calidad, sino que tambi\u00e9n cada persona incluida en la cadena de suministro reciba un <a href=\"https:\/\/tusalario.org\/costarica\/derechos-laborales\/discriminacion\" target=\"_blank\" rel=\"noopener\">trato justo<\/a> al momento.<\/p>\n<h3 class=\"western\" align=\"center\">\u00a1BOTAS DIEL\u00c9CTRICAS TODOTERRENO!<\/h3>\n<p><span class=\"emoji\"><a href=\"https:\/\/emojipedia.org\/high-voltage\/\" target=\"_blank\" rel=\"noopener\">\u26a1<\/a>\u00a0<\/span>Royale 02 son\u00a0\u00a0<a href=\"https:\/\/ozapato.com\/cr\/\">botas\u00a0 diel\u00e9ctricas<\/a>\u00a0 todoterreno con suela antideslizante y con una plantilla anti perforaci\u00f3n que dispone de puntera si usted lo desea<\/p>\n<p>Royal 02, es una bota <a href=\"https:\/\/ozapato.com\/cr\/botas-dielectricas\/\">diel\u00e9ctrica<\/a> que esta preparada para todos los terrenos.[\/vc_column_text][\/vc_column][\/vc_row][vc_row][vc_column][vc_separator][\/vc_column][\/vc_row]<\/p>\n","protected":false},"excerpt":{"rendered":"<p>\ud83e\udd7e\u00a0Royale 02 son\u00a0 botas diel\u00e9ctricas todo terreno\u00a0 certificada ASTM . A\u00edsla a\u00a0 a los 18,000 voltios. 100% libre de metal\u00a0 puntera XL. Y con una plantilla anti perforaci\u00f3n.<\/p>\n","protected":false},"featured_media":9364,"comment_status":"open","ping_status":"closed","template":"","meta":{"jetpack_post_was_ever_published":false,"jetpack_publicize_message":"","jetpack_publicize_feature_enabled":true,"jetpack_social_post_already_shared":true,"jetpack_social_options":{"image_generator_settings":{"template":"highway","default_image_id":0,"font":"","enabled":false},"version":2}},"product_brand":[],"product_cat":[28,12,15,16],"product_tag":[],"class_list":{"0":"post-9306","1":"product","2":"type-product","3":"status-publish","4":"has-post-thumbnail","6":"product_cat-dielectrica","7":"product_cat-industrial","8":"product_cat-tactica","9":"product_cat-todoterreno","10":"pa_size-91","11":"pa_size-92","12":"pa_size-93","13":"pa_size-94","14":"pa_size-95","15":"pa_size-96","16":"pa_size-97","17":"pa_size-98","18":"pa_size-99","19":"pa_size-100","20":"pa_size-101","21":"pa_size-102","23":"first","24":"onbackorder","25":"shipping-taxable","26":"purchasable","27":"product-type-variable"},"jetpack_publicize_connections":[],"jetpack_sharing_enabled":true,"_links":{"self":[{"href":"https:\/\/ozapato.com\/cr\/wp-json\/wp\/v2\/product\/9306","targetHints":{"allow":["GET"]}}],"collection":[{"href":"https:\/\/ozapato.com\/cr\/wp-json\/wp\/v2\/product"}],"about":[{"href":"https:\/\/ozapato.com\/cr\/wp-json\/wp\/v2\/types\/product"}],"replies":[{"embeddable":true,"href":"https:\/\/ozapato.com\/cr\/wp-json\/wp\/v2\/comments?post=9306"}],"wp:featuredmedia":[{"embeddable":true,"href":"https:\/\/ozapato.com\/cr\/wp-json\/wp\/v2\/media\/9364"}],"wp:attachment":[{"href":"https:\/\/ozapato.com\/cr\/wp-json\/wp\/v2\/media?parent=9306"}],"wp:term":[{"taxonomy":"product_brand","embeddable":true,"href":"https:\/\/ozapato.com\/cr\/wp-json\/wp\/v2\/product_brand?post=9306"},{"taxonomy":"product_cat","embeddable":true,"href":"https:\/\/ozapato.com\/cr\/wp-json\/wp\/v2\/product_cat?post=9306"},{"taxonomy":"product_tag","embeddable":true,"href":"https:\/\/ozapato.com\/cr\/wp-json\/wp\/v2\/product_tag?post=9306"}],"curies":[{"name":"wp","href":"https:\/\/api.w.org\/{rel}","templated":true}]}}