{"id":12,"date":"2017-01-31T21:00:34","date_gmt":"2017-01-31T16:00:34","guid":{"rendered":"https:\/\/ozapato.com\/do\/?page_id=12"},"modified":"2022-06-27T04:51:33","modified_gmt":"2022-06-26T23:51:33","slug":"botas-seguridad-garantizadas-republica-dominicana-ozapato-pro","status":"publish","type":"page","link":"https:\/\/ozapato.com\/do\/","title":{"rendered":"Botas de seguridad garantizadas en Rep\u00fablica Dominicana | OZAPATO PRO"},"content":{"rendered":"<p>[vc_row][vc_column]<style>.shortcode_getbowtied_slider .shortcode-slider-pagination .swiper-pagination-bullet.swiper-pagination-bullet-active:after{background-color: #000000;}<\/style>\n\n\t\t<div class=\"shortcode_getbowtied_slider swiper-container swiper-69d70ae165f4b full_height\" style=\" width: 100%\" data-autoplay=\"10\" data-id=\"69d70ae165f4b\">\n\t\t\t<div class=\"swiper-wrapper\">\n\t\t\t\n\t\t\t<div class=\"swiper-slide left-align\"\n\t\t\tstyle=\t\"background: #CCCCCC url(https:\/\/ozapato.com\/do\/wp-content\/uploads\/sites\/5\/2022\/03\/10607342-scaled-1.jpg) center center no-repeat ;\n\t\t\t\t\t-webkit-background-size: cover;\n\t\t\t\t\t-moz-background-size: cover;\n\t\t\t\t\t-o-background-size: cover;\n\t\t\t\t\tbackground-size: cover;\n\t\t\t\t\tcolor: #ffffff\">\n\t\t\t\thttp:\/\/a%20href=#distri%20class=fullslidelink\/a\n\t\t\t\t<div class=\"slider-content\" data-swiper-parallax=\"-50%\">\n\t\t\t\t\t<div class=\"slider-content-wrapper\">\n\t\t\t\t\t\t<h2 class=\"primary_font\" style=\"color:#ffffff;font-size:64px;line-height: 64px\">Distribuya OZAPATO en Rep\u00fablica Dominicana<\/h2>\n\t\t\t\t\t\t<p class=\"primary_font\" style=\"color:#ffffff;font-size:21px;line-height: 21px\">Ofrecemos precios de f\u00e1brica + apoyo en marketing<\/p>\n\t\t\t\t\t\t<a class=\"button\" style=\"color:#FFFFFF !important;background: #000000 !important\" href=\"#distri\">Me interesa distribuir<\/a>\n\t\t\t\t\t<\/div>\n\t\t\t\t<\/div>\n\t\t\t<\/div>\n\t\t\t<div class=\"swiper-slide left-align\"\n\t\t\tstyle=\t\"background: #CCCCCC url(https:\/\/ozapato.com\/do\/wp-content\/uploads\/sites\/5\/2022\/03\/P1190130-min2.jpg) center center no-repeat ;\n\t\t\t\t\t-webkit-background-size: cover;\n\t\t\t\t\t-moz-background-size: cover;\n\t\t\t\t\t-o-background-size: cover;\n\t\t\t\t\tbackground-size: cover;\n\t\t\t\t\tcolor: #ffffff\">\n\t\t\t\t\n\t\t\t\t<div class=\"slider-content\" data-swiper-parallax=\"-50%\">\n\t\t\t\t\t<div class=\"slider-content-wrapper\">\n\t\t\t\t\t\t<h2 class=\"primary_font\" style=\"color:#ffffff;font-size:64px;line-height: 64px\">Conozca nuestro cat\u00e1logo<\/h2>\n\t\t\t\t\t\t<p class=\"primary_font\" style=\"color:#ffffff;font-size:21px;line-height: 21px\">Contamos con calzado diel\u00e9ctrico, t\u00e1ctico, industrial y m\u00e1s.<\/p>\n\t\t\t\t\t\t<a class=\"button\" style=\"color:#FFFFFF !important;background: #000000 !important\" href=\"https:\/\/workdrive.zohoexternal.com\/external\/524f66ba6180ad125258b85306bf030a203b5bf2669e274cd57acf3ad37a0d8c?layout=list\" target=\"_blank\" rel=\"noopener\">Ver cat\u00e1logo<\/a>\n\t\t\t\t\t<\/div>\n\t\t\t\t<\/div>\n\t\t\t<\/div>\n\t\t\t<\/div>\n\t\t\t\t<div style=\"color: #000000\" class=\"swiper-button-prev\"><i class=\"spk-icon spk-icon-left-arrow-thin-large\"><\/i><\/div>\n    \t\t\t<div style=\"color: #000000\" class=\"swiper-button-next\"><i class=\"spk-icon spk-icon-right-arrow-thin-large\"><\/i><\/div>\n\t\t\t\t<div style=\"color: #000000\" class=\"shortcode-slider-pagination\"><\/div><\/div>[\/vc_column][\/vc_row][vc_row][vc_column][vc_empty_space el_id=\u00bbdistri\u00bb][\/vc_column][\/vc_row][vc_row type=\u00bbboxed\u00bb][vc_column][vc_cta h2=\u00bb\u00bb txt_align=\u00bbcenter\u00bb style=\u00bbflat\u00bb color=\u00bbwhite\u00bb css=\u00bb.vc_custom_1633715895813{background-color: #dd3333 !important;}\u00bb]<\/p>\n<h4 style=\"text-align: center;\"><span style=\"color: #ffffff;\">\u00bfInteresado en distribuir OZAPATO en Republica Dominicana? Trabajaremos con un distribuidor exclusivo. Ofrecemos precios de fabrica + apoyo en marketing<\/span><\/h4>\n<h2><\/h2>\n<p>[\/vc_cta][vc_column_text]<iframe loading=\"lazy\" height=\"800px\" width=\"100%\" frameborder=\"0\" allow=\"geolocation;microphone;camera\" src=\"https:\/\/forms.zohopublic.com\/virtualoffice9264\/form\/DOWebForm\/formperma\/2PUNSz-FHS52-Qjw5AHyrOpRv6nst-23hAaLr94PVEk\"> <\/iframe>[\/vc_column_text][\/vc_column][\/vc_row][vc_row type=\u00bbboxed\u00bb][vc_column width=\u00bb1\/6&#8243;][\/vc_column][vc_column width=\u00bb2\/3&#8243;][vc_media_grid grid_id=\u00bbvc_gid:1647467857699-d2207cd8-5b26-3&#8243; include=\u00bb7294,7775,7776,7782,7781,7784&#8243;][\/vc_column][vc_column width=\u00bb1\/6&#8243;][\/vc_column][\/vc_row][vc_row type=\u00bbboxed\u00bb][vc_column width=\u00bb1\/6&#8243;][\/vc_column][vc_column width=\u00bb2\/3&#8243;][vc_column_text]<\/p>\n<p style=\"text-align: center;\">BOTAS DE SEGURIDAD EN REP\u00daBLICA DOMINICANA<\/p>\n<p><span style=\"color: #000000;\">\ud83c\udde9\ud83c\uddf4\u00a0Las Botas de seguridad industrial\u00a0 y el Calzado de seguridad <\/span><span style=\"color: #000000;\">son muy importantes y necesarios\u00a0 en sectores estrategicos de la industria de Rep\u00fablica Dominicana. Por esta raz\u00f3n,nuestra promesa para usted es de ofrecerle el mejor producto, al mejor precio y de la forma mas r\u00e1pida. Eso sin sacrificar ni el dise\u00f1o ni la comodidad de su bota.<\/span><\/p>\n<p><span style=\"color: #000000;\">En <a style=\"color: #000000;\" href=\"https:\/\/es.wikipedia.org\/wiki\/Rep%C3%BAblica_Dominicana\" target=\"_blank\" rel=\"noopener\">Rep\u00fablica Dominicana<\/a>, nuestra l\u00ednea industrial cuenta con calzado de seguridad industrial: <\/span><\/p>\n<ul>\n<li><span style=\"color: #000000;\">Botas Diel\u00e9ctricas.<\/span><\/li>\n<li><span style=\"color: #000000;\"><a style=\"color: #000000;\" href=\"https:\/\/ozapato.com\/bo\/botas-tacticas-militares\/\">Botas T\u00e1cticas.<\/a><\/span><\/li>\n<li><span style=\"color: #000000;\"><a style=\"color: #000000;\" href=\"https:\/\/ozapato.com\/bo\/anti\/\">Botas Antiest\u00e1ticas<\/a>.<\/span><\/li>\n<li><span style=\"color: #000000;\">Botas para la Miner\u00eda.<\/span><\/li>\n<li><span style=\"color: #000000;\">Botas para soldadores.<\/span><\/li>\n<li><span style=\"color: #000000;\">Zapatos de seguridad para la construcci\u00f3n.<\/span><\/li>\n<li><span style=\"color: #000000;\">Calzado Maritimo.<\/span><\/li>\n<li><a href=\"https:\/\/ozapato.com\/do\/botas-de-seguridad-para-mujeres\/\"><span style=\"color: #000000;\">Calzado industrial para mujeres.<\/span><\/a><\/li>\n<li><span style=\"color: #000000;\">Calzado para cocinas y restaurantes<\/span><\/li>\n<li>O cualquier otro desarrollo<\/li>\n<\/ul>\n<p>[\/vc_column_text][\/vc_column][vc_column width=\u00bb1\/6&#8243;][\/vc_column][\/vc_row][vc_row][vc_column][vc_cta h2=\u00bb\u00bb txt_align=\u00bbcenter\u00bb style=\u00bbflat\u00bb color=\u00bbwhite\u00bb css=\u00bb.vc_custom_1633717563332{background-color: #dd3333 !important;}\u00bb]<\/p>\n<h4 style=\"text-align: center;\"><span style=\"color: #ffffff;\">\u00bfInteresado en distribuir OZAPATO? Dejanos sus datos en este formulario<\/span><\/h4>\n<h2><\/h2>\n<p>[\/vc_cta][vc_column_text]<iframe loading=\"lazy\" height=\"800px\" width=\"100%\" frameborder=\"0\" allow=\"geolocation;microphone;camera\" src=\"https:\/\/forms.zohopublic.com\/virtualoffice9264\/form\/DOWebForm\/formperma\/2PUNSz-FHS52-Qjw5AHyrOpRv6nst-23hAaLr94PVEk\"> <\/iframe>[\/vc_column_text][\/vc_column][\/vc_row][vc_row type=\u00bbboxed\u00bb][vc_column width=\u00bb1\/6&#8243;][\/vc_column][vc_column width=\u00bb2\/3&#8243;][vc_column_text]<\/p>\n<div class=\"wpb_text_column wpb_content_element \">\n<p class=\"wpb_wrapper\" style=\"text-align: center;\"><span style=\"color: #000000;\">\u00bfPOR QU\u00c9 SOMOS SU MEJOR OPCI\u00d3N?<\/span><\/p>\n<\/div>\n<div class=\"wpb_wrapper\">\n<div class=\"wpb_text_column wpb_content_element \">\n<div class=\"wpb_wrapper\">\n<p><span style=\"color: #000000;\">Las botas de seguridad industrial\u00a0 y calzados de protecci\u00f3n de OZAPATO, surgen de la promesa de ofrecer el mejor producto, al mejor precio y de la forma m\u00e1s r\u00e1pida, sin sacrificar el dise\u00f1o y la comodidad de su bota. Contamos con un stock permanente de <a style=\"color: #000000;\" href=\"https:\/\/ozapato.com\/do\/zapatos-de-construccion\/\">botas y calzado industriales<\/a> + env\u00edos en 24 horas. Ademas, siempre les estaremos cotizando en menos de 12 horas.<\/span><\/p>\n<p><span style=\"color: #000000;\">Usted podr\u00e1 comprobar, al momento de usar sus zapatos de seguridad\u00a0 OZAPATO, que prestamos mucha atenci\u00f3n a la calidad de nuestro cuero y suelas. Todas nuestras botas y calzado industrial, son creados para soportar condiciones extremas de humedad y temperatura.<\/span><\/p>\n<p><span style=\"color: #000000;\">Para poder ofrecerle el mejor precio con este nivel de calidad, nuestro modelo de negocio le conecta directamente a la fabrica, evitando cualquier intermediario que no le aporta valor. Puede contactar a un miembro de nuestro equipo, se dar\u00e1 cuenta que nuestro servicio es realmente de clase mundial.<\/span><\/div>\n<\/div>\n<\/div>\n<p style=\"text-align: center;\"><span style=\"color: #000000;\">BOTAS DE SEGURIDAD\u00a0 INDUSTRIAL EN\u00a0 SANTO DOMINGO\u00a0<\/span><\/p>\n<p><span style=\"color: #000000;\">\u00a0 El calzado Industrial y de Seguridad de OZAPATO, est\u00e1 certificado por normas de regulaci\u00f3n internacional.<\/span><\/p>\n<p><span style=\"color: #000000;\">Los zapatos de seguridad cuentan con garant\u00eda de 6 meses. Todos nuestros clientes nos abalan y nos recomiendan por la calidad de nuestros calzados de protecci\u00f3n y de seguridad laboral. El mejor <a style=\"color: #000000;\" href=\"https:\/\/ozapato.com\/do\/que-tal-estan-nuestros-productos-y-nuestro-servicio\/\">precio del mercado<\/a> y con entrega directa y atenci\u00f3n personalizada con nuestro equipo de ventas.<\/span>[\/vc_column_text][\/vc_column][vc_column width=\u00bb1\/6&#8243;][\/vc_column][\/vc_row][vc_row][vc_column][vc_empty_space][\/vc_column][\/vc_row][vc_row][vc_column][vc_separator][\/vc_column][\/vc_row]<\/p>\n","protected":false},"excerpt":{"rendered":"<p>[vc_row][vc_column][\/vc_column][\/vc_row][vc_row][vc_column][vc_empty_space el_id=\u00bbdistri\u00bb][\/vc_column][\/vc_row][vc_row type=\u00bbboxed\u00bb][vc_column][vc_cta h2=\u00bb\u00bb txt_align=\u00bbcenter\u00bb style=\u00bbflat\u00bb color=\u00bbwhite\u00bb css=\u00bb.vc_custom_1633715895813{background-color: #dd3333 !important;}\u00bb] \u00bfInteresado en distribuir OZAPATO en Republica Dominicana? Trabajaremos con un distribuidor exclusivo. Ofrecemos precios de fabrica + apoyo en marketing [\/vc_cta][vc_column_text][\/vc_column_text][\/vc_column][\/vc_row][vc_row type=\u00bbboxed\u00bb][vc_column width=\u00bb1\/6&#8243;][\/vc_column][vc_column width=\u00bb2\/3&#8243;][vc_media_grid grid_id=\u00bbvc_gid:1647467857699-d2207cd8-5b26-3&#8243; include=\u00bb7294,7775,7776,7782,7781,7784&#8243;][\/vc_column][vc_column width=\u00bb1\/6&#8243;][\/vc_column][\/vc_row][vc_row type=\u00bbboxed\u00bb][vc_column width=\u00bb1\/6&#8243;][\/vc_column][vc_column width=\u00bb2\/3&#8243;][vc_column_text] BOTAS DE SEGURIDAD EN REP\u00daBLICA DOMINICANA \ud83c\udde9\ud83c\uddf4\u00a0Las Botas de seguridad industrial\u00a0 y el Calzado de [&hellip;]<\/p>\n","protected":false},"author":395,"featured_media":0,"parent":0,"menu_order":0,"comment_status":"closed","ping_status":"closed","template":"page-full-width.php","meta":{"footnotes":""},"class_list":["post-12","page","type-page","status-publish","hentry"],"_links":{"self":[{"href":"https:\/\/ozapato.com\/do\/wp-json\/wp\/v2\/pages\/12","targetHints":{"allow":["GET"]}}],"collection":[{"href":"https:\/\/ozapato.com\/do\/wp-json\/wp\/v2\/pages"}],"about":[{"href":"https:\/\/ozapato.com\/do\/wp-json\/wp\/v2\/types\/page"}],"author":[{"embeddable":true,"href":"https:\/\/ozapato.com\/do\/wp-json\/wp\/v2\/users\/395"}],"replies":[{"embeddable":true,"href":"https:\/\/ozapato.com\/do\/wp-json\/wp\/v2\/comments?post=12"}],"version-history":[{"count":145,"href":"https:\/\/ozapato.com\/do\/wp-json\/wp\/v2\/pages\/12\/revisions"}],"predecessor-version":[{"id":7798,"href":"https:\/\/ozapato.com\/do\/wp-json\/wp\/v2\/pages\/12\/revisions\/7798"}],"wp:attachment":[{"href":"https:\/\/ozapato.com\/do\/wp-json\/wp\/v2\/media?parent=12"}],"curies":[{"name":"wp","href":"https:\/\/api.w.org\/{rel}","templated":true}]}}