{"id":1380,"date":"2016-02-25T20:38:38","date_gmt":"2016-02-25T20:38:38","guid":{"rendered":"https:\/\/ozapato.com\/pa\/?page_id=1380"},"modified":"2020-04-22T20:43:39","modified_gmt":"2020-04-22T15:43:39","slug":"botas-de-soldador","status":"publish","type":"page","link":"https:\/\/ozapato.com\/do\/botas-de-soldador\/","title":{"rendered":"Botas de soldador en Rep\u00fablica Dominicana"},"content":{"rendered":"<p>[vc_row full_height=\u00bbyes\u00bb content_placement=\u00bbmiddle\u00bb css=\u00bb.vc_custom_1587554010202{background-image: url(https:\/\/ozapato.com\/pa\/wp-content\/uploads\/sites\/2\/2016\/02\/Botas-de-Soldador.jpg?id=1401) !important;}\u00bb][vc_column][vc_empty_space][vc_column_text]<\/p>\n<h2 style=\"text-align: center\"><span style=\"color: #ffffff\">BOTAS PARA\u00a0SOLDADOR<\/span><\/h2>\n<p>[\/vc_column_text][\/vc_column][\/vc_row][vc_row][vc_column width=\u00bb1\/4&#8243;]\n\t\t<div class=\"shortcode_banner_simple_height \" onclick=\"location.href='https:\/\/ozapato.com\/do\/zapatos-de-construccion\/';\" style=\"height:275pxpx;\">\n\t\t\t<div class=\"shortcode_banner_simple_height_inner\">\n\t\t\t\t<div class=\"shortcode_banner_simple_height_bkg\" style=\"background-color:#000000; background-image:url()\"><\/div>\n\t\t\t\n\t\t\t\t<div class=\"shortcode_banner_simple_height_inside\" style=\"border: 0px solid #000000\">\n\t\t\t\t\t<div class=\"shortcode_banner_simple_height_content\">\n\t\t\t\t\t\t<div><h3 class=\"banner_title\" style=\"color:#fff\">Construcci\u00f3n<\/h3><\/div>\n\t\t\t\t\t\t<div class=\"shortcode_banner_simple_height_sep\" style=\"margin:5px auto; background-color:#fff;\"><\/div>\n\t\t\t\t\t\t<div><h4 class=\"banner_subtitle\" style=\"color:#fff\">Calzado para la construcci\u00f3n<\/h4><\/div>\n\t\t\t\t\t<\/div>\n\t\t\t\t<\/div>\n\t\t\t<\/div><\/div>[\/vc_column][vc_column width=\u00bb1\/4&#8243;]\n\t\t<div class=\"shortcode_banner_simple_height \" onclick=\"location.href='https:\/\/ozapato.com\/do\/industria-maritima\/';\" style=\"height:275pxpx;\">\n\t\t\t<div class=\"shortcode_banner_simple_height_inner\">\n\t\t\t\t<div class=\"shortcode_banner_simple_height_bkg\" style=\"background-color:#dd3333; background-image:url()\"><\/div>\n\t\t\t\n\t\t\t\t<div class=\"shortcode_banner_simple_height_inside\" style=\"border: 0px solid #dd3333\">\n\t\t\t\t\t<div class=\"shortcode_banner_simple_height_content\">\n\t\t\t\t\t\t<div><h3 class=\"banner_title\" style=\"color:#fff\">Marina<\/h3><\/div>\n\t\t\t\t\t\t<div class=\"shortcode_banner_simple_height_sep\" style=\"margin:5px auto; background-color:#fff;\"><\/div>\n\t\t\t\t\t\t<div><h4 class=\"banner_subtitle\" style=\"color:#fff\">Calzado de seguridad Maritima<\/h4><\/div>\n\t\t\t\t\t<\/div>\n\t\t\t\t<\/div>\n\t\t\t<\/div><\/div>[\/vc_column][vc_column width=\u00bb1\/4&#8243;]\n\t\t<div class=\"shortcode_banner_simple_height \" onclick=\"location.href='https:\/\/ozapato.com\/do\/botas-dielectricas\/';\" style=\"height:275pxpx;\">\n\t\t\t<div class=\"shortcode_banner_simple_height_inner\">\n\t\t\t\t<div class=\"shortcode_banner_simple_height_bkg\" style=\"background-color:#000000; background-image:url()\"><\/div>\n\t\t\t\n\t\t\t\t<div class=\"shortcode_banner_simple_height_inside\" style=\"border: 0px solid #000000\">\n\t\t\t\t\t<div class=\"shortcode_banner_simple_height_content\">\n\t\t\t\t\t\t<div><h3 class=\"banner_title\" style=\"color:#fff\">Calzado Diel\u00e9ctrico<\/h3><\/div>\n\t\t\t\t\t\t<div class=\"shortcode_banner_simple_height_sep\" style=\"margin:5px auto; background-color:#fff;\"><\/div>\n\t\t\t\t\t\t<div><h4 class=\"banner_subtitle\" style=\"color:#fff\">18.000 voltios<\/h4><\/div>\n\t\t\t\t\t<\/div>\n\t\t\t\t<\/div>\n\t\t\t<\/div><\/div>[\/vc_column][vc_column width=\u00bb1\/4&#8243;]\n\t\t<div class=\"shortcode_banner_simple_height \" onclick=\"location.href='https:\/\/ozapato.com\/do\/botas-para-la-mineria\/';\" style=\"height:275pxpx;\">\n\t\t\t<div class=\"shortcode_banner_simple_height_inner\">\n\t\t\t\t<div class=\"shortcode_banner_simple_height_bkg\" style=\"background-color:#dd3333; background-image:url()\"><\/div>\n\t\t\t\n\t\t\t\t<div class=\"shortcode_banner_simple_height_inside\" style=\"border: 0px solid #dd3333\">\n\t\t\t\t\t<div class=\"shortcode_banner_simple_height_content\">\n\t\t\t\t\t\t<div><h3 class=\"banner_title\" style=\"color:#fff\">Miner\u00eda<\/h3><\/div>\n\t\t\t\t\t\t<div class=\"shortcode_banner_simple_height_sep\" style=\"margin:5px auto; background-color:#fff;\"><\/div>\n\t\t\t\t\t\t<div><h4 class=\"banner_subtitle\" style=\"color:#fff\">Calzado de seguridad para la Miner\u00eda<\/h4><\/div>\n\t\t\t\t\t<\/div>\n\t\t\t\t<\/div>\n\t\t\t<\/div><\/div>[\/vc_column][\/vc_row][vc_row type=\u00bbboxed\u00bb][vc_column width=\u00bb1\/6&#8243;][\/vc_column][vc_column width=\u00bb2\/3&#8243;]<div class=\"woocommerce columns-4 \"><ul class=\"products columns-4\">\n<li class=\"product type-product post-4921 status-publish first onbackorder product_cat-botas-de-construccion product_cat-industrial product_cat-soldadura has-post-thumbnail taxable shipping-taxable product-type-simple\">\r\n\r\n\t\r\n    <div class=\"product_thumbnail_wrapper \">\r\n\r\n\t\t<a href=\"https:\/\/ozapato.com\/do\/producto\/spark-9\/\" class=\"woocommerce-LoopProduct-link woocommerce-loop-product__link\">\r\n\r\n\t        <div class=\"product_thumbnail \">\r\n\t            <img loading=\"lazy\" decoding=\"async\" width=\"350\" height=\"350\" src=\"https:\/\/ozapato.com\/do\/wp-content\/uploads\/sites\/5\/2017\/12\/thumbmail-Spark-800x800.jpg\" class=\"attachment-woocommerce_thumbnail size-woocommerce_thumbnail\" alt=\"Spark 01 botas para soldadores para en Rep\u00fablica Dominicana.\" srcset=\"https:\/\/ozapato.com\/do\/wp-content\/uploads\/sites\/5\/2017\/12\/thumbmail-Spark-800x800.jpg 800w, https:\/\/ozapato.com\/do\/wp-content\/uploads\/sites\/5\/2017\/12\/thumbmail-Spark-800x800-150x150.jpg 150w, https:\/\/ozapato.com\/do\/wp-content\/uploads\/sites\/5\/2017\/12\/thumbmail-Spark-800x800-300x300.jpg 300w, https:\/\/ozapato.com\/do\/wp-content\/uploads\/sites\/5\/2017\/12\/thumbmail-Spark-800x800-768x768.jpg 768w, https:\/\/ozapato.com\/do\/wp-content\/uploads\/sites\/5\/2017\/12\/thumbmail-Spark-800x800-70x70.jpg 70w, https:\/\/ozapato.com\/do\/wp-content\/uploads\/sites\/5\/2017\/12\/thumbmail-Spark-800x800-350x350.jpg 350w, https:\/\/ozapato.com\/do\/wp-content\/uploads\/sites\/5\/2017\/12\/thumbmail-Spark-800x800-570x570.jpg 570w, https:\/\/ozapato.com\/do\/wp-content\/uploads\/sites\/5\/2017\/12\/thumbmail-Spark-800x800-32x32.jpg 32w\" sizes=\"auto, (max-width: 350px) 100vw, 350px\" \/>\t            \t        <\/div><!--.product_thumbnail-->\r\n\t\t<\/a>\r\n\r\n\t\t\r\n\t\t\r\n\t\t\r\n\t\t\r\n    <\/div><!--.product_thumbnail_wrapper-->\r\n\r\n    \r\n\t<h2 class=\"woocommerce-loop-product__title\">\r\n\t\t<a href=\"https:\/\/ozapato.com\/do\/producto\/spark-9\/\">Spark 01<\/a>\r\n\t<\/h2>\r\n\r\n\t\r\n    \r\n            \n\r\n    \r\n\t\r\n<\/li>\r\n<\/ul>\n<\/div>[\/vc_column][vc_column width=\u00bb1\/6&#8243;][\/vc_column][\/vc_row][vc_row][vc_column][vc_empty_space][\/vc_column][\/vc_row][vc_row type=\u00bbboxed\u00bb][vc_column width=\u00bb1\/6&#8243;][\/vc_column][vc_column width=\u00bb2\/3&#8243;][vc_column_text]<\/p>\n<h3><\/h3>\n<h3 style=\"text-align: center\"><span style=\"color: #000000\">BOTAS DE SOLDADOR<\/span><\/h3>\n<p style=\"text-align: justify\"><span style=\"color: #000000\">\u00a0\ud83d\udd25Hemos dise\u00f1ado el modelo <a style=\"color: #000000\" href=\"https:\/\/ozapato.com\/do\/producto\/spark-9\/\">Spark<\/a> , botas para <strong>soldadores<\/strong> que trabajan\u00a0en las condiciones m\u00e1s extremas de <strong>Rep\u00fablica Dominicana<\/strong>, abajo del calor del sol o de las lluvias tropicales.<\/span><\/p>\n<p style=\"text-align: justify\"><span style=\"color: #000000\">Nuestra bota de soldador\u00a0\u201c <strong>Spark 9\u2019<\/strong> \u201d, est\u00e1 hecha para cuidar sus pies a lo largo del d\u00eda. Ocupamos un cuero de flor entera 100%\u00a0 a prueba de las chispas generadas por la soldadura. Adem\u00e1s nuestras <strong>botas de soldador<\/strong>, vienen montadas en una suela especial anti-fatiga OZAPATO que resiste a <a style=\"color: #000000\" href=\"https:\/\/es.wikipedia.org\/wiki\/Soldadura\" target=\"_blank\" rel=\"noopener noreferrer\">altas temperaturas<\/a>. Para una mejor resistencia, el cuero esta cosido a la suela con un proceso \u00ab<a style=\"color: #000000\" href=\"https:\/\/en.wikipedia.org\/wiki\/Lockstitch\" target=\"_blank\" rel=\"noopener noreferrer\">Lockstitch<\/a>\u201d, muy resistente.<\/span><\/p>\n<p style=\"text-align: justify\"><span style=\"color: #000000\">Por\u00a0su\u00a0<a style=\"color: #000000\" href=\"https:\/\/ozapato.com\/do\/10-normas-de-seguridad-industrial-que-debe-de-conocer\/\" target=\"_blank\" rel=\"noopener noreferrer\">seguridad<\/a>, hemos a\u00f1adido un <a style=\"color: #000000\" href=\"https:\/\/ozapato.com\/do\/casco-de-poliamida\/\" target=\"_blank\" rel=\"noopener noreferrer\">casco<\/a> y una plantilla antiperforaci\u00f3n textil de kevlar que les protege de los peligros que pueden encontrar en su trabajo soldando. \u00a1<strong>Calzado de seguridad 100% libre de metal!<\/strong><\/span><\/p>\n<p style=\"text-align: justify\"><span style=\"color: #000000\">Tenemos soluciones para todas las <strong>industrias Dominicanas<\/strong>. \u00a1Elija\u00a0ahora las botas que necesita su empresa!<\/span><\/p>\n<p>[\/vc_column_text][\/vc_column][vc_column width=\u00bb1\/6&#8243;][\/vc_column][\/vc_row][vc_row type=\u00bbboxed\u00bb][vc_column][vc_media_grid grid_id=\u00bbvc_gid:1587570178879-be23de35-9233-4&#8243; include=\u00bb7540,5986,7539&#8243;][\/vc_column][\/vc_row][vc_row][vc_column][vc_empty_space height=\u00bb16px\u00bb][\/vc_column][\/vc_row][vc_row type=\u00bbboxed\u00bb][vc_column width=\u00bb1\/6&#8243;][\/vc_column][vc_column width=\u00bb2\/3&#8243;][vc_column_text]<\/p>\n<h5 style=\"text-align: center\"><span style=\"color: #000000\"><b>CARACTER\u00cdSTICAS DE UN BUEN CALZADO DE SEGURIDAD PARA SOLDADORES.<\/b><\/span><\/h5>\n<p><span style=\"color: #000000\"><span style=\"font-weight: 400\">Conocer las caracter\u00edsticas de las<\/span><b> botas de seguridad para soldadores<\/b><span style=\"font-weight: 400\">\u00a0es indispensable a la hora de elegir unas<\/span><b> botas de seguridad laboral <\/b><span style=\"font-weight: 400\">.Ya que es vital para elegir el zapato m\u00e1s adecuado seg\u00fan la actividad a la que te dedicas:<\/span><\/span><\/p>\n<ul>\n<li style=\"font-weight: 400\"><span style=\"font-weight: 400;color: #000000\">Miner\u00eda.<\/span><\/li>\n<li style=\"font-weight: 400\"><span style=\"font-weight: 400;color: #000000\">Industrial.<\/span><\/li>\n<li style=\"font-weight: 400\"><span style=\"font-weight: 400;color: #000000\">Portuaria.<\/span><\/li>\n<li style=\"font-weight: 400\"><span style=\"color: #000000\"><a style=\"color: #000000\" href=\"https:\/\/ozapato.com\/do\/botas-dielectricas\/\"><span style=\"font-weight: 400\">Diel\u00e9ctrica.<\/span><\/a><\/span><\/li>\n<li style=\"font-weight: 400\"><span style=\"font-weight: 400;color: #000000\">Petrolera.<\/span><\/li>\n<li style=\"font-weight: 400\"><span style=\"font-weight: 400;color: #000000\">Oil &amp; Gas.<\/span><\/li>\n<li style=\"font-weight: 400\"><span style=\"color: #000000\"><a style=\"color: #000000\" href=\"https:\/\/ozapato.com\/do\/botas-tacticas-2\/\"><span style=\"font-weight: 400\">T\u00e1cticas.<\/span><\/a><\/span><\/li>\n<li style=\"font-weight: 400\"><span style=\"font-weight: 400;color: #000000\">Restauraci\u00f3n.<\/span><\/li>\n<li style=\"font-weight: 400\"><span style=\"color: #000000\"><a style=\"color: #000000\" href=\"https:\/\/ozapato.com\/bo\/botas-para-soldadores\/\"><span style=\"font-weight: 400\">Soldador.<\/span><\/a><\/span><\/li>\n<\/ul>\n<p><span style=\"font-weight: 400;color: #000000\">Por esta raz\u00f3n, una investigaci\u00f3n previa te permitir\u00e1 hacer una selecci\u00f3n adecuada de tu nueva adquisici\u00f3n; si conoces las exigencias f\u00edsicas y ambientales donde realizar\u00e1s tu trabajo.<\/span><\/p>\n<p><span style=\"color: #000000\"><span style=\"font-weight: 400\">Tambi\u00e9n hay que tener en cuenta los posibles<\/span><a style=\"color: #000000\" href=\"https:\/\/www.isotools.org\/2015\/09\/10\/riesgo-laboral-definicion-y-conceptos-basicos\/\" target=\"_blank\" rel=\"noopener\"> <span style=\"font-weight: 400\">riesgos laborales<\/span><\/a><span style=\"font-weight: 400\"> que puedes\u00a0 tener seg\u00fan tu \u00e1rea de trabajo, y donde tus pies estar\u00e1n expuestos: Puertos, Gasolineras, Metalurgia, Cocinas,etc.<\/span><\/span><\/p>\n<p><span style=\"font-weight: 400;color: #000000\">En las zonas de trabajo los pies son vulnerables a:<\/span><\/p>\n<ul>\n<li style=\"font-weight: 400\"><span style=\"color: #000000\"><b>Descargas el\u00e9ctricas<\/b><span style=\"font-weight: 400\"> en \u00e1rea con gran exposici\u00f3n el\u00e9ctrica.<\/span><\/span><\/li>\n<li style=\"font-weight: 400\"><span style=\"color: #000000\"><b>Deslizamientos y torceduras<\/b><span style=\"font-weight: 400\"> en \u00e1reas resbaladizas o mojadas.<\/span><\/span><\/li>\n<li style=\"font-weight: 400\"><span style=\"color: #000000\"><b>Lesiones en la piel<\/b><span style=\"font-weight: 400\"> por <\/span><b>quemaduras<\/b><span style=\"font-weight: 400\"> al exponerse en \u00e1reas donde se manipulen<\/span><a style=\"color: #000000\" href=\"https:\/\/es.wikipedia.org\/wiki\/Producto_qu%C3%ADmico\" target=\"_blank\" rel=\"noopener\"> <span style=\"font-weight: 400\">productos qu\u00edmicos<\/span><\/a><span style=\"font-weight: 400\"> o corrosivos.<\/span><\/span><\/li>\n<\/ul>\n<p><span style=\"color: #000000\"><span style=\"font-weight: 400\">Por estas razones,<\/span><a style=\"color: #000000\" href=\"http:\/\/www.ozapato.com\"> <span style=\"font-weight: 400\">OZAPATO<\/span><\/a><span style=\"font-weight: 400\">, te ofrece las <strong>5<\/strong> <\/span><b>caracter\u00edsticas claves que debe tener unas botas de seguridad.<\/b><\/span><\/p>\n<p><span style=\"color: #000000\"><span style=\"font-weight: 400\">1.Las botas de seguridad deben tener suela<\/span><b> antideslizante<\/b><\/span><\/p>\n<p><span style=\"font-weight: 400;color: #000000\">2.El calzado de seguridad debe tener resistencia al agua.<\/span><\/p>\n<p><span style=\"font-weight: 400;color: #000000\">3.Los zapatos de seguridad deben ser flexibles, c\u00f3modos y confortables para largas jornada de trabajo.<\/span><\/p>\n<p><span style=\"color: #000000\"><span style=\"font-weight: 400\">4.La<\/span><a style=\"color: #000000\" href=\"https:\/\/ozapato.com\/bo\/tecnologia\/\"> <span style=\"font-weight: 400\">puntera de seguridad<\/span><\/a><span style=\"font-weight: 400\"> es esencial para la protecci\u00f3n de tus pies.<\/span><\/span><\/p>\n<p><span style=\"font-weight: 400;color: #000000\">5.Las botas de seguridad deben ser aislantes contra el fr\u00edo y la electricidad.<\/span>[\/vc_column_text][\/vc_column][vc_column width=\u00bb1\/6&#8243;][\/vc_column][\/vc_row][vc_row type=\u00bbboxed\u00bb][vc_column][vc_cta h2=\u00bb\u00bb css=\u00bb.vc_custom_1587554423660{background-color: #dd3333 !important;}\u00bb]<\/p>\n<h4 style=\"text-align: center\"><span style=\"color: #ffffff\">\u00bfInteresado en\u00a0 Botas para Soldadroes? Recibe una cotizaci\u00f3n en 24 hs.<\/span><\/h4>\n<p>[\/vc_cta][\/vc_column][\/vc_row][vc_row type=\u00bbboxed\u00bb][vc_column][vc_column_text]<iframe loading=\"lazy\" height=\"800px\" width=\"100%\" frameborder=\"0\" allow=\"geolocation;microphone;camera\" src=\"https:\/\/forms.zohopublic.com\/virtualoffice9264\/form\/DOWebForm\/formperma\/2PUNSz-FHS52-Qjw5AHyrOpRv6nst-23hAaLr94PVEk\"> <\/iframe>[\/vc_column_text][\/vc_column][\/vc_row][vc_row][vc_column][vc_separator][\/vc_column][\/vc_row][vc_row][vc_column][vc_separator][\/vc_column][\/vc_row][vc_row][vc_column][vc_column_text]\n<div id=\"sb_instagram\"  class=\"sbi sbi_mob_col_1 sbi_tab_col_2 sbi_col_4\" style=\"padding-bottom: 10px; width: 100%;\"\t data-feedid=\"sbi_17841401193873551#8\"  data-res=\"auto\" data-cols=\"4\" data-colsmobile=\"1\" data-colstablet=\"2\" data-num=\"8\" data-nummobile=\"\" data-item-padding=\"5\"\t data-shortcode-atts=\"{}\"  data-postid=\"1380\" data-locatornonce=\"eb5d7130de\" data-imageaspectratio=\"1:1\" data-sbi-flags=\"favorLocal,gdpr\">\n\t\n\t<div id=\"sbi_images\"  style=\"gap: 10px;\">\n\t\t\t<\/div>\n\n\t<div id=\"sbi_load\" >\n\n\t\n\t\t\t<span class=\"sbi_follow_btn\" >\n\t\t\t<a target=\"_blank\" rel=\"nofollow noopener\" href=\"https:\/\/www.instagram.com\/17841401193873551\/\">\n\t\t\t\t<svg class=\"svg-inline--fa fa-instagram fa-w-14\" aria-hidden=\"true\" data-fa-processed=\"\" aria-label=\"Instagram\" data-prefix=\"fab\" data-icon=\"instagram\" role=\"img\" viewBox=\"0 0 448 512\">\n                    <path fill=\"currentColor\" d=\"M224.1 141c-63.6 0-114.9 51.3-114.9 114.9s51.3 114.9 114.9 114.9S339 319.5 339 255.9 287.7 141 224.1 141zm0 189.6c-41.1 0-74.7-33.5-74.7-74.7s33.5-74.7 74.7-74.7 74.7 33.5 74.7 74.7-33.6 74.7-74.7 74.7zm146.4-194.3c0 14.9-12 26.8-26.8 26.8-14.9 0-26.8-12-26.8-26.8s12-26.8 26.8-26.8 26.8 12 26.8 26.8zm76.1 27.2c-1.7-35.9-9.9-67.7-36.2-93.9-26.2-26.2-58-34.4-93.9-36.2-37-2.1-147.9-2.1-184.9 0-35.8 1.7-67.6 9.9-93.9 36.1s-34.4 58-36.2 93.9c-2.1 37-2.1 147.9 0 184.9 1.7 35.9 9.9 67.7 36.2 93.9s58 34.4 93.9 36.2c37 2.1 147.9 2.1 184.9 0 35.9-1.7 67.7-9.9 93.9-36.2 26.2-26.2 34.4-58 36.2-93.9 2.1-37 2.1-147.8 0-184.8zM398.8 388c-7.8 19.6-22.9 34.7-42.6 42.6-29.5 11.7-99.5 9-132.1 9s-102.7 2.6-132.1-9c-19.6-7.8-34.7-22.9-42.6-42.6-11.7-29.5-9-99.5-9-132.1s-2.6-102.7 9-132.1c7.8-19.6 22.9-34.7 42.6-42.6 29.5-11.7 99.5-9 132.1-9s102.7-2.6 132.1 9c19.6 7.8 34.7 22.9 42.6 42.6 11.7 29.5 9 99.5 9 132.1s2.7 102.7-9 132.1z\"><\/path>\n                <\/svg>\t\t\t\t<span>Seguir en Instagram<\/span>\n\t\t\t<\/a>\n\t\t<\/span>\n\t\n<\/div>\n\t\t<span class=\"sbi_resized_image_data\" data-feed-id=\"sbi_17841401193873551#8\"\n\t\t  data-resized=\"[]\">\n\t<\/span>\n\t<\/div>\n\n[\/vc_column_text][\/vc_column][\/vc_row][vc_row][vc_column][vc_empty_space][\/vc_column][\/vc_row]<\/p>\n","protected":false},"excerpt":{"rendered":"<p>[vc_row full_height=\u00bbyes\u00bb content_placement=\u00bbmiddle\u00bb css=\u00bb.vc_custom_1587554010202{background-image: url(https:\/\/ozapato.com\/pa\/wp-content\/uploads\/sites\/2\/2016\/02\/Botas-de-Soldador.jpg?id=1401) !important;}\u00bb][vc_column][vc_empty_space][vc_column_text] BOTAS PARA\u00a0SOLDADOR [\/vc_column_text][\/vc_column][\/vc_row][vc_row][vc_column width=\u00bb1\/4&#8243;][\/vc_column][vc_column width=\u00bb1\/4&#8243;][\/vc_column][vc_column width=\u00bb1\/4&#8243;][\/vc_column][vc_column width=\u00bb1\/4&#8243;][\/vc_column][\/vc_row][vc_row type=\u00bbboxed\u00bb][vc_column width=\u00bb1\/6&#8243;][\/vc_column][vc_column width=\u00bb2\/3&#8243;][\/vc_column][vc_column width=\u00bb1\/6&#8243;][\/vc_column][\/vc_row][vc_row][vc_column][vc_empty_space][\/vc_column][\/vc_row][vc_row type=\u00bbboxed\u00bb][vc_column width=\u00bb1\/6&#8243;][\/vc_column][vc_column width=\u00bb2\/3&#8243;][vc_column_text] BOTAS DE SOLDADOR \u00a0\ud83d\udd25Hemos dise\u00f1ado el modelo Spark , botas para soldadores que trabajan\u00a0en las condiciones m\u00e1s extremas de Rep\u00fablica Dominicana, abajo del calor del sol o de las lluvias tropicales. Nuestra bota de soldador\u00a0\u201c [&hellip;]<\/p>\n","protected":false},"author":2,"featured_media":0,"parent":0,"menu_order":0,"comment_status":"closed","ping_status":"closed","template":"page-full-width.php","meta":{"footnotes":""},"class_list":["post-1380","page","type-page","status-publish","hentry"],"_links":{"self":[{"href":"https:\/\/ozapato.com\/do\/wp-json\/wp\/v2\/pages\/1380","targetHints":{"allow":["GET"]}}],"collection":[{"href":"https:\/\/ozapato.com\/do\/wp-json\/wp\/v2\/pages"}],"about":[{"href":"https:\/\/ozapato.com\/do\/wp-json\/wp\/v2\/types\/page"}],"author":[{"embeddable":true,"href":"https:\/\/ozapato.com\/do\/wp-json\/wp\/v2\/users\/2"}],"replies":[{"embeddable":true,"href":"https:\/\/ozapato.com\/do\/wp-json\/wp\/v2\/comments?post=1380"}],"version-history":[{"count":35,"href":"https:\/\/ozapato.com\/do\/wp-json\/wp\/v2\/pages\/1380\/revisions"}],"predecessor-version":[{"id":7593,"href":"https:\/\/ozapato.com\/do\/wp-json\/wp\/v2\/pages\/1380\/revisions\/7593"}],"wp:attachment":[{"href":"https:\/\/ozapato.com\/do\/wp-json\/wp\/v2\/media?parent=1380"}],"curies":[{"name":"wp","href":"https:\/\/api.w.org\/{rel}","templated":true}]}}