{"id":191,"date":"2015-09-23T09:33:49","date_gmt":"2015-09-23T09:33:49","guid":{"rendered":"http:\/\/import.getbowtied.com\/shopkeeper-v1.1\/?page_id=58"},"modified":"2020-04-23T13:49:22","modified_gmt":"2020-04-23T08:49:22","slug":"contacto","status":"publish","type":"page","link":"https:\/\/ozapato.com\/do\/pages\/contacto\/","title":{"rendered":"Contacto"},"content":{"rendered":"<p>[vc_row video_bg=\u00bbyes\u00bb video_bg_url=\u00bbhttps:\/\/www.youtube.com\/watch?v=__oq67bsM8A\u00bb][vc_column][vc_column_text css=\u00bb.vc_custom_1587631474292{padding-top: 32px !important;}\u00bb]<\/p>\n<h3 style=\"text-align: center\"><span style=\"color: #ffffff\">CONTACTO<\/span><\/h3>\n<p>[\/vc_column_text][\/vc_column][\/vc_row][vc_row][vc_column][vc_empty_space][\/vc_column][\/vc_row][vc_row type=\u00bbboxed\u00bb][vc_column width=\u00bb1\/4&#8243;][vc_column_text]<\/p>\n<h4 style=\"text-align: left\"><span style=\"color: #000000\"><strong>COSTA RICA<\/strong><\/span><\/h4>\n<p><span class=\"emoji\" style=\"color: #000000\"><a style=\"color: #000000\" href=\"https:\/\/emojipedia.org\/e-mail\/\" target=\"_blank\" rel=\"noopener\">\ud83d\udce7<\/a>\u00a0 Email: <a style=\"color: #000000\" href=\"mailto:costarica@ozapato.com\">costarica@ozapato.com<\/a><\/span><\/p>\n<p><span style=\"color: #000000\">\ud83d\udcde Telephone: 4000-3403<\/span>[\/vc_column_text][\/vc_column][vc_column width=\u00bb1\/4&#8243;][vc_column_text]<\/p>\n<h4 style=\"text-align: left\"><span style=\"color: #000000\">NICARAGUA<\/span><\/h4>\n<p><span style=\"color: #000000\">\ud83d\udce7 Email:<a style=\"color: #000000\" href=\"mailto:bolivia@ozapato.com\">nicaragua@ozapato.com<\/a><\/span>[\/vc_column_text][\/vc_column][vc_column width=\u00bb1\/4&#8243;][vc_column_text]<\/p>\n<h4 style=\"text-align: left\"><span style=\"color: #000000\"><strong>M\u00c9XICO<\/strong><\/span><\/h4>\n<p><span style=\"color: #000000\">\ud83d\udce7 Email: <a style=\"color: #000000\" href=\"mailto:mexico@ozapato.com\">mexico@ozapato.com<\/a><\/span><\/p>\n<p><span style=\"color: #000000\">\ud83d\udcde Telephone: 55-8842-7878<\/span>[\/vc_column_text][\/vc_column][vc_column width=\u00bb1\/4&#8243;][vc_column_text]<\/p>\n<h4 style=\"text-align: left\"><span style=\"color: #000000\">REP.DOMINICANA<\/span><\/h4>\n<p><span style=\"color: #000000\">\ud83d\udce7 Email: <a style=\"color: #000000\" href=\"mailto:dominicana@ozapato.com\">dominicana@ozapato.com<\/a><\/span>[\/vc_column_text][\/vc_column][\/vc_row][vc_row][vc_column][vc_empty_space][\/vc_column][\/vc_row][vc_row type=\u00bbboxed\u00bb][vc_column width=\u00bb1\/4&#8243;][vc_column_text]<\/p>\n<h4 style=\"text-align: left\"><span style=\"color: #000000\">USA<\/span><\/h4>\n<p><span style=\"color: #000000\">\ud83d\udce7 Email: <a style=\"color: #000000\" href=\"mailto:sales@ozapato.com\">sales@ozapato.com<\/a><\/span><\/p>\n<p><span style=\"color: #000000\">\ud83d\udcde Telephone: 1 (512) 827-9220<\/span>[\/vc_column_text][\/vc_column][vc_column width=\u00bb1\/4&#8243;][vc_column_text]<\/p>\n<h4 style=\"text-align: left\"><span style=\"color: #000000\"><strong>PANAM\u00c1<\/strong><\/span><\/h4>\n<p><span style=\"color: #000000\">\ud83d\udce7 Email: <a style=\"color: #000000\" href=\"mailto:panama@ozapato.com\">panama@ozapato.com<\/a><\/span><\/p>\n<p><span style=\"color: #000000\">\ud83d\udcde Telephone: 232-6749<\/span>[\/vc_column_text][\/vc_column][vc_column width=\u00bb1\/4&#8243;][vc_column_text]<\/p>\n<h4 style=\"text-align: left\"><span style=\"color: #000000\">BOLIVIA<\/span><\/h4>\n<p><span style=\"color: #000000\">\ud83d\udce7 Email:<a style=\"color: #000000\" href=\"mailto:bolivia@ozapato.com\">bolivia@ozapato.com<\/a><\/span>[\/vc_column_text][\/vc_column][vc_column width=\u00bb1\/4&#8243;][vc_column_text]<\/p>\n<h4 style=\"text-align: left\"><span style=\"color: #000000\">GUATEMALA<\/span><\/h4>\n<p><span style=\"color: #000000\">\ud83d\udce7 Email: <a style=\"color: #000000\" href=\"mailto:guatemala@ozapato.com\">guatemala@ozapato.com<\/a><\/span>[\/vc_column_text][\/vc_column][\/vc_row][vc_row][vc_column][vc_separator][\/vc_column][\/vc_row][vc_row type=\u00bbboxed\u00bb][vc_column][vc_cta h2=\u00bb\u00bb css=\u00bb.vc_custom_1587631756123{background-color: #dd3333 !important;}\u00bb]<\/p>\n<h4 style=\"text-align: center\"><span style=\"color: #ffffff\">\u00bfInteresado en ser nuestro socio comercial en Rep\u00fablica Dominicana? Cont\u00e1ctenos usando el formulario.<\/span><\/h4>\n<p>[\/vc_cta][vc_column_text]<iframe loading=\"lazy\" height=\"800px\" width=\"100%\" frameborder=\"0\" allow=\"geolocation;microphone;camera\" src=\"https:\/\/forms.zohopublic.com\/virtualoffice9264\/form\/DOWebForm\/formperma\/2PUNSz-FHS52-Qjw5AHyrOpRv6nst-23hAaLr94PVEk\"> <\/iframe>[\/vc_column_text][\/vc_column][\/vc_row][vc_row type=\u00bbboxed\u00bb][vc_column][vc_column_text]<\/p>\n<p style=\"text-align: left\"><span style=\"color: #000000\"><a style=\"color: #000000\" href=\"http:\/\/www.ozapato.com\\do\">Ozapato<\/a> Es un fabrica y marca de calzado 100% hecho en M\u00e9xico. Hacemos <a style=\"color: #000000\" href=\"https:\/\/ozapato.com\/do\/botas-de-trabajo\/\">calzado de alta calidad<\/a> usando los materiales m\u00e1s premium disponibles. Todos nuestros productos est\u00e1n certificados ASTM y NOM y vienen con <strong>garant\u00eda de hasta 6 meses<\/strong>. En <strong>Rep\u00fablica Dominicana<\/strong> ofrecemos nuestra linea de calzado y <a style=\"color: #000000\" href=\"https:\/\/es.wikipedia.org\/wiki\/Bota_industrial\" target=\"_blank\" rel=\"noopener\">botas industriales.\u00a0<\/a><\/span><\/p>\n<p><span style=\"color: #000000\">Si usted desea formar parte de nuestro equipo comercial o\u00a0 esta interesado en conocer la cotizaci\u00f3n de nuestros productos.No dude en ponerse en <strong>contacto<\/strong>\u00a0 \u260e\ufe0f\u00a0con nosotros.<\/span><\/p>\n<h6>.<\/h6>\n<p>[\/vc_column_text][\/vc_column][\/vc_row][vc_row][vc_column][vc_separator][\/vc_column][\/vc_row][vc_row][vc_column][vc_column_text][Instagram-feed][\/vc_column_text][\/vc_column][\/vc_row]<\/p>\n","protected":false},"excerpt":{"rendered":"<p>[vc_row video_bg=\u00bbyes\u00bb video_bg_url=\u00bbhttps:\/\/www.youtube.com\/watch?v=__oq67bsM8A\u00bb][vc_column][vc_column_text css=\u00bb.vc_custom_1587631474292{padding-top: 32px !important;}\u00bb] CONTACTO [\/vc_column_text][\/vc_column][\/vc_row][vc_row][vc_column][vc_empty_space][\/vc_column][\/vc_row][vc_row type=\u00bbboxed\u00bb][vc_column width=\u00bb1\/4&#8243;][vc_column_text] COSTA RICA \ud83d\udce7\u00a0 Email: costarica@ozapato.com \ud83d\udcde Telephone: 4000-3403[\/vc_column_text][\/vc_column][vc_column width=\u00bb1\/4&#8243;][vc_column_text] NICARAGUA \ud83d\udce7 Email:nicaragua@ozapato.com[\/vc_column_text][\/vc_column][vc_column width=\u00bb1\/4&#8243;][vc_column_text] M\u00c9XICO \ud83d\udce7 Email: mexico@ozapato.com \ud83d\udcde Telephone: 55-8842-7878[\/vc_column_text][\/vc_column][vc_column width=\u00bb1\/4&#8243;][vc_column_text] REP.DOMINICANA \ud83d\udce7 Email: dominicana@ozapato.com[\/vc_column_text][\/vc_column][\/vc_row][vc_row][vc_column][vc_empty_space][\/vc_column][\/vc_row][vc_row type=\u00bbboxed\u00bb][vc_column width=\u00bb1\/4&#8243;][vc_column_text] USA \ud83d\udce7 Email: sales@ozapato.com \ud83d\udcde Telephone: 1 (512) 827-9220[\/vc_column_text][\/vc_column][vc_column width=\u00bb1\/4&#8243;][vc_column_text] PANAM\u00c1 \ud83d\udce7 Email: panama@ozapato.com \ud83d\udcde Telephone: 232-6749[\/vc_column_text][\/vc_column][vc_column width=\u00bb1\/4&#8243;][vc_column_text] [&hellip;]<\/p>\n","protected":false},"author":2,"featured_media":0,"parent":190,"menu_order":0,"comment_status":"closed","ping_status":"closed","template":"page-full-width.php","meta":{"footnotes":""},"class_list":["post-191","page","type-page","status-publish","hentry"],"_links":{"self":[{"href":"https:\/\/ozapato.com\/do\/wp-json\/wp\/v2\/pages\/191","targetHints":{"allow":["GET"]}}],"collection":[{"href":"https:\/\/ozapato.com\/do\/wp-json\/wp\/v2\/pages"}],"about":[{"href":"https:\/\/ozapato.com\/do\/wp-json\/wp\/v2\/types\/page"}],"author":[{"embeddable":true,"href":"https:\/\/ozapato.com\/do\/wp-json\/wp\/v2\/users\/2"}],"replies":[{"embeddable":true,"href":"https:\/\/ozapato.com\/do\/wp-json\/wp\/v2\/comments?post=191"}],"version-history":[{"count":21,"href":"https:\/\/ozapato.com\/do\/wp-json\/wp\/v2\/pages\/191\/revisions"}],"predecessor-version":[{"id":7614,"href":"https:\/\/ozapato.com\/do\/wp-json\/wp\/v2\/pages\/191\/revisions\/7614"}],"up":[{"embeddable":true,"href":"https:\/\/ozapato.com\/do\/wp-json\/wp\/v2\/pages\/190"}],"wp:attachment":[{"href":"https:\/\/ozapato.com\/do\/wp-json\/wp\/v2\/media?parent=191"}],"curies":[{"name":"wp","href":"https:\/\/api.w.org\/{rel}","templated":true}]}}