{"id":193,"date":"2015-09-23T11:11:55","date_gmt":"2015-09-23T11:11:55","guid":{"rendered":"http:\/\/import.getbowtied.com\/shopkeeper-v1.1\/?page_id=95"},"modified":"2020-04-23T14:10:40","modified_gmt":"2020-04-23T09:10:40","slug":"quienes-somos","status":"publish","type":"page","link":"https:\/\/ozapato.com\/do\/pages\/quienes-somos\/","title":{"rendered":"\u00bfQui\u00e9nes somos?"},"content":{"rendered":"<p>[vc_row video_bg=\u00bbyes\u00bb video_bg_url=\u00bbhttps:\/\/www.youtube.com\/watch?v=__oq67bsM8A\u00bb][vc_column][vc_column_text]<\/p>\n<h2 style=\"text-align: center\"><span style=\"color: #ffffff\">OZAPATO<\/span><\/h2>\n<p>[\/vc_column_text][\/vc_column][\/vc_row][vc_row][vc_column][vc_separator][\/vc_column][\/vc_row][vc_row full_width=\u00bbstretch_row\u00bb full_height=\u00bbyes\u00bb columns_height=\u00bbadjust_cols_height\u00bb background_style=\u00bbnormal\u00bb css=\u00bb.vc_custom_1587632424480{background-image: url(https:\/\/ozapato.com\/pa\/wp-content\/uploads\/sites\/2\/2015\/09\/OZAPATO-love.jpg?id=1518) !important;}\u00bb][vc_column width=\u00bb1\/6&#8243; css=\u00bb.vc_custom_1415621660959{padding-top: 12% !important;padding-right: 8% !important;padding-bottom: 8% !important;padding-left: 8% !important;}\u00bb][\/vc_column][vc_column width=\u00bb2\/3&#8243;][vc_column_text]<\/p>\n<h4 style=\"text-align: center\"><span style=\"color: #ffffff\">Nac\u00ed en 2013 de los dise\u00f1os de nuestra dise\u00f1adora mexicana Nancy Ramirez y de las ideas del empresario Franc\u00e9s Fabien Georjon.<\/span><\/h4>\n<p>[\/vc_column_text][\/vc_column][vc_column width=\u00bb1\/6&#8243;][\/vc_column][\/vc_row][vc_row][vc_column][vc_separator][\/vc_column][\/vc_row][vc_row type=\u00bbboxed\u00bb][vc_column width=\u00bb1\/6&#8243;][\/vc_column][vc_column width=\u00bb2\/3&#8243;][vc_column_text]<\/p>\n<p style=\"text-align: justify\"><span style=\"color: #000000\"><strong>\u00a0 \ud83e\udd7e\u00a0OZAPATO<\/strong> es un marca de <strong>calzado de seguridad<\/strong> y botas casuales\u00a0ubicada en M\u00e9xico.\u00a0Hemos aprendido a lo largo de los a\u00f1os, como fabricar un producto de alta calidad de manera responsable. Producimos y distribuimos nuestras l\u00edneas en <a style=\"color: #000000\" href=\"http:\/\/www.ozapato.com\\do\">Rep\u00fablica Dominicana<\/a>, M\u00e9xico, Panam\u00e1 y en los Estados Unidos.\u00a0En Rep\u00fablica Dominicana contamos con una l\u00ednea de botas de seguridad para responder a todas sus necesidades.<\/span><\/p>\n<p style=\"text-align: justify\"><span style=\"color: #000000\">Siempre utilizamos materiales de alta calidad, para que puedan vivir su vida llena de aventuras, con comodidad y con la confianza que est\u00e1n protegidos. \u00a1Estamos tan seguros de la calidad de nuestros modelos de botas que ofrecemos garant\u00edas desde <strong>4 meses a 6 meses<\/strong> en nuestros <a style=\"color: #000000\" href=\"https:\/\/ozapato.com\/do\/botas-de-trabajo\/\">modelos de seguridad<\/a>.\u00a0Adem\u00e1s ofrecemos un servicio de <strong>entrega en 24 horas.<\/strong><\/span><\/p>\n<p style=\"text-align: justify\"><span style=\"color: #000000\">El valor m\u00e1s importante de Ozapato\u00a0es la conexi\u00f3n de la\u00a0f\u00e1brica con el cliente final, evitamos todos los intermediarios que no a\u00f1aden valor a nuestros consumidores; no trabajamos con distribuidores. Esto permite ofrecer un producto de alta calidad a un <strong>precio m\u00e1s accesible.<\/strong><\/span><\/p>\n<p style=\"text-align: justify\"><span style=\"color: #000000\">OZAPATO\u00a0naci\u00f3 con la\u00a0idea de servir a una comunidad local, la gente es lo primero. La producci\u00f3n de nuestro calzado es\u00a0un proceso <a style=\"color: #000000\" href=\"https:\/\/es.wikipedia.org\/wiki\/Desarrollo_sostenible\" target=\"_blank\" rel=\"noopener\">transparente<\/a>.\u00a0Nuestros clientes \u00a0no s\u00f3lo compran un producto bien hecho y de buena calidad, si no que tambi\u00e9n son parte de este trato honesto, donde cada persona incluida en la\u00a0cadena de suministro recibe\u00a0un trato justo.<\/span><\/p>\n<p>[\/vc_column_text][\/vc_column][vc_column width=\u00bb1\/6&#8243;][\/vc_column][\/vc_row][vc_row][vc_column][vc_media_grid grid_id=\u00bbvc_gid:1587632993258-d736c32e-9d7c-3&#8243; include=\u00bb7285,7300,7282&#8243;][\/vc_column][\/vc_row][vc_row type=\u00bbboxed\u00bb][vc_column][vc_cta h2=\u00bb\u00bb css=\u00bb.vc_custom_1587633033587{background-color: #dd0000 !important;}\u00bb]<\/p>\n<h3 style=\"text-align: center\"><span style=\"color: #ffffff\">\u00bfInteresado en ser nuestro socio comercial en Rep\u00fablica Dominicana? Cont\u00e1ctenos usando el formulario.<\/span><\/h3>\n<p>[\/vc_cta][vc_column_text]<span style=\"color: #000000\"><iframe loading=\"lazy\" height=\"800px\" width=\"100%\" frameborder=\"0\" allow=\"geolocation;microphone;camera\" src=\"https:\/\/forms.zohopublic.com\/virtualoffice9264\/form\/DOWebForm\/formperma\/2PUNSz-FHS52-Qjw5AHyrOpRv6nst-23hAaLr94PVEk\"> <\/iframe><\/span>[\/vc_column_text][\/vc_column][\/vc_row][vc_row][vc_column][vc_separator][\/vc_column][\/vc_row][vc_row][vc_column][vc_column_text]\n<div id=\"sb_instagram\"  class=\"sbi sbi_mob_col_1 sbi_tab_col_2 sbi_col_4\" style=\"padding-bottom: 10px; width: 100%;\"\t data-feedid=\"sbi_17841401193873551#8\"  data-res=\"auto\" data-cols=\"4\" data-colsmobile=\"1\" data-colstablet=\"2\" data-num=\"8\" data-nummobile=\"\" data-item-padding=\"5\"\t data-shortcode-atts=\"{}\"  data-postid=\"193\" data-locatornonce=\"17964cb5d9\" data-imageaspectratio=\"1:1\" data-sbi-flags=\"favorLocal,gdpr\">\n\t\n\t<div id=\"sbi_images\"  style=\"gap: 10px;\">\n\t\t\t<\/div>\n\n\t<div id=\"sbi_load\" >\n\n\t\n\t\t\t<span class=\"sbi_follow_btn\" >\n\t\t\t<a target=\"_blank\" rel=\"nofollow noopener\" href=\"https:\/\/www.instagram.com\/17841401193873551\/\">\n\t\t\t\t<svg class=\"svg-inline--fa fa-instagram fa-w-14\" aria-hidden=\"true\" data-fa-processed=\"\" aria-label=\"Instagram\" data-prefix=\"fab\" data-icon=\"instagram\" role=\"img\" viewBox=\"0 0 448 512\">\n                    <path fill=\"currentColor\" d=\"M224.1 141c-63.6 0-114.9 51.3-114.9 114.9s51.3 114.9 114.9 114.9S339 319.5 339 255.9 287.7 141 224.1 141zm0 189.6c-41.1 0-74.7-33.5-74.7-74.7s33.5-74.7 74.7-74.7 74.7 33.5 74.7 74.7-33.6 74.7-74.7 74.7zm146.4-194.3c0 14.9-12 26.8-26.8 26.8-14.9 0-26.8-12-26.8-26.8s12-26.8 26.8-26.8 26.8 12 26.8 26.8zm76.1 27.2c-1.7-35.9-9.9-67.7-36.2-93.9-26.2-26.2-58-34.4-93.9-36.2-37-2.1-147.9-2.1-184.9 0-35.8 1.7-67.6 9.9-93.9 36.1s-34.4 58-36.2 93.9c-2.1 37-2.1 147.9 0 184.9 1.7 35.9 9.9 67.7 36.2 93.9s58 34.4 93.9 36.2c37 2.1 147.9 2.1 184.9 0 35.9-1.7 67.7-9.9 93.9-36.2 26.2-26.2 34.4-58 36.2-93.9 2.1-37 2.1-147.8 0-184.8zM398.8 388c-7.8 19.6-22.9 34.7-42.6 42.6-29.5 11.7-99.5 9-132.1 9s-102.7 2.6-132.1-9c-19.6-7.8-34.7-22.9-42.6-42.6-11.7-29.5-9-99.5-9-132.1s-2.6-102.7 9-132.1c7.8-19.6 22.9-34.7 42.6-42.6 29.5-11.7 99.5-9 132.1-9s102.7-2.6 132.1 9c19.6 7.8 34.7 22.9 42.6 42.6 11.7 29.5 9 99.5 9 132.1s2.7 102.7-9 132.1z\"><\/path>\n                <\/svg>\t\t\t\t<span>Seguir en Instagram<\/span>\n\t\t\t<\/a>\n\t\t<\/span>\n\t\n<\/div>\n\t\t<span class=\"sbi_resized_image_data\" data-feed-id=\"sbi_17841401193873551#8\"\n\t\t  data-resized=\"[]\">\n\t<\/span>\n\t<\/div>\n\n[\/vc_column_text][\/vc_column][\/vc_row]<\/p>\n","protected":false},"excerpt":{"rendered":"<p>[vc_row video_bg=\u00bbyes\u00bb video_bg_url=\u00bbhttps:\/\/www.youtube.com\/watch?v=__oq67bsM8A\u00bb][vc_column][vc_column_text] OZAPATO [\/vc_column_text][\/vc_column][\/vc_row][vc_row][vc_column][vc_separator][\/vc_column][\/vc_row][vc_row full_width=\u00bbstretch_row\u00bb full_height=\u00bbyes\u00bb columns_height=\u00bbadjust_cols_height\u00bb background_style=\u00bbnormal\u00bb css=\u00bb.vc_custom_1587632424480{background-image: url(https:\/\/ozapato.com\/pa\/wp-content\/uploads\/sites\/2\/2015\/09\/OZAPATO-love.jpg?id=1518) !important;}\u00bb][vc_column width=\u00bb1\/6&#8243; css=\u00bb.vc_custom_1415621660959{padding-top: 12% !important;padding-right: 8% !important;padding-bottom: 8% !important;padding-left: 8% !important;}\u00bb][\/vc_column][vc_column width=\u00bb2\/3&#8243;][vc_column_text] Nac\u00ed en 2013 de los dise\u00f1os de nuestra dise\u00f1adora mexicana Nancy Ramirez y de las ideas del empresario Franc\u00e9s Fabien Georjon. [\/vc_column_text][\/vc_column][vc_column width=\u00bb1\/6&#8243;][\/vc_column][\/vc_row][vc_row][vc_column][vc_separator][\/vc_column][\/vc_row][vc_row type=\u00bbboxed\u00bb][vc_column width=\u00bb1\/6&#8243;][\/vc_column][vc_column width=\u00bb2\/3&#8243;][vc_column_text] \u00a0 \ud83e\udd7e\u00a0OZAPATO es un marca de [&hellip;]<\/p>\n","protected":false},"author":2,"featured_media":0,"parent":190,"menu_order":0,"comment_status":"closed","ping_status":"closed","template":"page-full-width.php","meta":{"footnotes":""},"class_list":["post-193","page","type-page","status-publish","hentry"],"_links":{"self":[{"href":"https:\/\/ozapato.com\/do\/wp-json\/wp\/v2\/pages\/193","targetHints":{"allow":["GET"]}}],"collection":[{"href":"https:\/\/ozapato.com\/do\/wp-json\/wp\/v2\/pages"}],"about":[{"href":"https:\/\/ozapato.com\/do\/wp-json\/wp\/v2\/types\/page"}],"author":[{"embeddable":true,"href":"https:\/\/ozapato.com\/do\/wp-json\/wp\/v2\/users\/2"}],"replies":[{"embeddable":true,"href":"https:\/\/ozapato.com\/do\/wp-json\/wp\/v2\/comments?post=193"}],"version-history":[{"count":10,"href":"https:\/\/ozapato.com\/do\/wp-json\/wp\/v2\/pages\/193\/revisions"}],"predecessor-version":[{"id":7617,"href":"https:\/\/ozapato.com\/do\/wp-json\/wp\/v2\/pages\/193\/revisions\/7617"}],"up":[{"embeddable":true,"href":"https:\/\/ozapato.com\/do\/wp-json\/wp\/v2\/pages\/190"}],"wp:attachment":[{"href":"https:\/\/ozapato.com\/do\/wp-json\/wp\/v2\/media?parent=193"}],"curies":[{"name":"wp","href":"https:\/\/api.w.org\/{rel}","templated":true}]}}