{"id":3519,"date":"2016-07-13T16:39:21","date_gmt":"2016-07-13T16:39:21","guid":{"rendered":"https:\/\/ozapato.com\/pa\/?page_id=3519"},"modified":"2020-06-30T15:08:10","modified_gmt":"2020-06-30T10:08:10","slug":"botas-de-taller-mecanico-republica-dominicana","status":"publish","type":"page","link":"https:\/\/ozapato.com\/do\/botas-de-taller-mecanico-republica-dominicana\/","title":{"rendered":"Botas de taller mecanico"},"content":{"rendered":"<p>[vc_row full_width=\u00bbstretch_row\u00bb full_height=\u00bbyes\u00bb css=\u00bb.vc_custom_1468443703101{background: #000000 url(https:\/\/ozapato.com\/pa\/wp-content\/uploads\/sites\/2\/2016\/07\/car-repair-362150_1920-1.jpg?id=3591) !important;background-position: center !important;background-repeat: no-repeat !important;background-size: cover !important;}\u00bb][vc_column width=\u00bb1\/6&#8243;][\/vc_column][vc_column width=\u00bb2\/3&#8243;][vc_column_text]<\/p>\n<h2 style=\"text-align: center\"><span style=\"color: #ffffff\">BOTAS DE TALLER MEC\u00c1NICO\u00a0<\/span><\/h2>\n<p>[\/vc_column_text][\/vc_column][vc_column width=\u00bb1\/6&#8243;][\/vc_column][\/vc_row][vc_row][vc_column width=\u00bb1\/6&#8243;][\/vc_column][vc_column width=\u00bb2\/3&#8243;]<div class=\"woocommerce columns-3 \"><ul class=\"products columns-3\">\n<li class=\"product type-product post-130 status-publish first onbackorder product_cat-botas-de-taller-mecanico product_cat-industrial product_cat-portuaria product_cat-todoterreno has-post-thumbnail taxable shipping-taxable product-type-simple\">\r\n\r\n\t\r\n    <div class=\"product_thumbnail_wrapper \">\r\n\r\n\t\t<a href=\"https:\/\/ozapato.com\/do\/producto\/grip\/\" class=\"woocommerce-LoopProduct-link woocommerce-loop-product__link\">\r\n\r\n\t        <div class=\"product_thumbnail \">\r\n\t            <img loading=\"lazy\" decoding=\"async\" width=\"350\" height=\"350\" src=\"https:\/\/ozapato.com\/do\/wp-content\/uploads\/sites\/5\/2017\/02\/Grip-01-202052-600x600.jpg\" class=\"attachment-woocommerce_thumbnail size-woocommerce_thumbnail\" alt=\"Grip\" srcset=\"https:\/\/ozapato.com\/do\/wp-content\/uploads\/sites\/5\/2017\/02\/Grip-01-202052-600x600.jpg 600w, https:\/\/ozapato.com\/do\/wp-content\/uploads\/sites\/5\/2017\/02\/Grip-01-202052-300x300.jpg 300w, https:\/\/ozapato.com\/do\/wp-content\/uploads\/sites\/5\/2017\/02\/Grip-01-202052-150x150.jpg 150w, https:\/\/ozapato.com\/do\/wp-content\/uploads\/sites\/5\/2017\/02\/Grip-01-202052-768x768.jpg 768w, https:\/\/ozapato.com\/do\/wp-content\/uploads\/sites\/5\/2017\/02\/Grip-01-202052-100x100.jpg 100w, https:\/\/ozapato.com\/do\/wp-content\/uploads\/sites\/5\/2017\/02\/Grip-01-202052.jpg 800w\" sizes=\"auto, (max-width: 350px) 100vw, 350px\" \/>\t            \t        <\/div><!--.product_thumbnail-->\r\n\t\t<\/a>\r\n\r\n\t\t\r\n\t\t\r\n\t\t\r\n\t\t\r\n    <\/div><!--.product_thumbnail_wrapper-->\r\n\r\n    \r\n\t<h2 class=\"woocommerce-loop-product__title\">\r\n\t\t<a href=\"https:\/\/ozapato.com\/do\/producto\/grip\/\">Grip<\/a>\r\n\t<\/h2>\r\n\r\n\t\r\n    \r\n            \n\r\n    \r\n\t\r\n<\/li>\r\n<\/ul>\n<\/div>[\/vc_column][vc_column width=\u00bb1\/6&#8243;][\/vc_column][\/vc_row][vc_row type=\u00bbboxed\u00bb][vc_column][vc_masonry_media_grid grid_id=\u00bbvc_gid:1593511427022-c0f461f1-81f1-6&#8243; include=\u00bb4619,4620,4621&#8243;][\/vc_column][\/vc_row][vc_row type=\u00bbboxed\u00bb][vc_column width=\u00bb1\/6&#8243;][\/vc_column][vc_column width=\u00bb2\/3&#8243;][vc_column_text]<\/p>\n<p style=\"text-align: center\"><strong>\u00a1BOTAS DE TALLER MEC\u00c1NICO EN REPUBLICA DOMINICANA!<\/strong><\/p>\n<p style=\"text-align: justify\"><span style=\"color: #000000\">Sabemos que en un<strong> taller mec\u00e1nico<\/strong> siempre se encuentra descarga de aceite o de petroleo. Sus colaboradores siempre corren el riesgo de resbalarse. Es por eso que hemos desarrollado nuestra suela \u00abGRIP\u00bb que se pueden ocupar en pisos lisos o metalicos cubiertos de aceite. Con su plantilla <a style=\"color: #000000\" href=\"https:\/\/ozapato.com\/pa\/las-4-ventajas-de-las-plantillas-antiperforacion-textiles\/\" target=\"_blank\" rel=\"noopener noreferrer\">anti perforaci\u00f3n<\/a> de kevlar y su suela pegada y cosida el modelo GRIP esta dise\u00f1ado para ofrecer seguridad y comfort. Es la bota de taller mec\u00e1nico ideal para Rep\u00fablica Dominicana.<\/span><\/p>\n<p style=\"text-align: justify\"><span style=\"color: #000000\">Todas nuestras\u00a0botas de taller mecanico\u00a0est\u00e1n certificadas bajo la norma americana: ASTM 2412-2413 \/ <a style=\"color: #000000\" href=\"https:\/\/ozapato.com\/pa\/10-normas-de-seguridad-industrial-que-debe-de-conocer\/\" target=\"_blank\" rel=\"noopener noreferrer\">ASTM-F-2413-05.<\/a><\/span><\/p>\n<p>[\/vc_column_text][\/vc_column][vc_column width=\u00bb1\/6&#8243;][\/vc_column][\/vc_row][vc_row][vc_column width=\u00bb1\/6&#8243;][\/vc_column][vc_column width=\u00bb2\/3&#8243;][vc_column_text]<\/p>\n<h4 style=\"text-align: center\">Le podr\u00e1 interesar estos otros modelos de botas de seguridad<\/h4>\n<p>[\/vc_column_text][\/vc_column][vc_column width=\u00bb1\/6&#8243;][\/vc_column][\/vc_row][vc_row][vc_column width=\u00bb1\/6&#8243;][\/vc_column][vc_column width=\u00bb2\/3&#8243;]<div class=\"woocommerce columns-4 \"><\/div>[\/vc_column][vc_column width=\u00bb1\/6&#8243;][\/vc_column][\/vc_row][vc_row][vc_column width=\u00bb1\/6&#8243;][\/vc_column][vc_column width=\u00bb2\/3&#8243;][vc_column_text]Nos puede visitar, ll\u00e1mar al\u00a0809 540 8888, escribirnos al whatsapp\u00a0+1 (849) 314 8888 o simplemente enviar un correo a\u00a0<a href=\"mailto:info@rfglobalsecurity.com\" target=\"_blank\" rel=\"noopener noreferrer\">info@rfglobalsecurity.com<\/a> para conocer nuestra oferta de botas de taller mec\u00e1nicos en\u00a0 Rep\u00fablica Dominicana y recibir una cotizaci\u00f3n gratuita. Tenemos soluciones\u00a0\u00a0para todas las industrias.[\/vc_column_text][\/vc_column][vc_column width=\u00bb1\/6&#8243;][\/vc_column][\/vc_row]<\/p>\n","protected":false},"excerpt":{"rendered":"<p>[vc_row full_width=\u00bbstretch_row\u00bb full_height=\u00bbyes\u00bb css=\u00bb.vc_custom_1468443703101{background: #000000 url(https:\/\/ozapato.com\/pa\/wp-content\/uploads\/sites\/2\/2016\/07\/car-repair-362150_1920-1.jpg?id=3591) !important;background-position: center !important;background-repeat: no-repeat !important;background-size: cover !important;}\u00bb][vc_column width=\u00bb1\/6&#8243;][\/vc_column][vc_column width=\u00bb2\/3&#8243;][vc_column_text] BOTAS DE TALLER MEC\u00c1NICO\u00a0 [\/vc_column_text][\/vc_column][vc_column width=\u00bb1\/6&#8243;][\/vc_column][\/vc_row][vc_row][vc_column width=\u00bb1\/6&#8243;][\/vc_column][vc_column width=\u00bb2\/3&#8243;][\/vc_column][vc_column width=\u00bb1\/6&#8243;][\/vc_column][\/vc_row][vc_row type=\u00bbboxed\u00bb][vc_column][vc_masonry_media_grid grid_id=\u00bbvc_gid:1593511427022-c0f461f1-81f1-6&#8243; include=\u00bb4619,4620,4621&#8243;][\/vc_column][\/vc_row][vc_row type=\u00bbboxed\u00bb][vc_column width=\u00bb1\/6&#8243;][\/vc_column][vc_column width=\u00bb2\/3&#8243;][vc_column_text] \u00a1BOTAS DE TALLER MEC\u00c1NICO EN REPUBLICA DOMINICANA! Sabemos que en un taller mec\u00e1nico siempre se encuentra descarga de aceite o de petroleo. Sus colaboradores siempre [&hellip;]<\/p>\n","protected":false},"author":2,"featured_media":0,"parent":0,"menu_order":0,"comment_status":"closed","ping_status":"closed","template":"page-full-width.php","meta":{"footnotes":""},"class_list":["post-3519","page","type-page","status-publish","hentry"],"_links":{"self":[{"href":"https:\/\/ozapato.com\/do\/wp-json\/wp\/v2\/pages\/3519","targetHints":{"allow":["GET"]}}],"collection":[{"href":"https:\/\/ozapato.com\/do\/wp-json\/wp\/v2\/pages"}],"about":[{"href":"https:\/\/ozapato.com\/do\/wp-json\/wp\/v2\/types\/page"}],"author":[{"embeddable":true,"href":"https:\/\/ozapato.com\/do\/wp-json\/wp\/v2\/users\/2"}],"replies":[{"embeddable":true,"href":"https:\/\/ozapato.com\/do\/wp-json\/wp\/v2\/comments?post=3519"}],"version-history":[{"count":6,"href":"https:\/\/ozapato.com\/do\/wp-json\/wp\/v2\/pages\/3519\/revisions"}],"predecessor-version":[{"id":7705,"href":"https:\/\/ozapato.com\/do\/wp-json\/wp\/v2\/pages\/3519\/revisions\/7705"}],"wp:attachment":[{"href":"https:\/\/ozapato.com\/do\/wp-json\/wp\/v2\/media?parent=3519"}],"curies":[{"name":"wp","href":"https:\/\/api.w.org\/{rel}","templated":true}]}}