{"id":3615,"date":"2016-07-14T19:31:04","date_gmt":"2016-07-14T19:31:04","guid":{"rendered":"https:\/\/ozapato.com\/pa\/?page_id=3615"},"modified":"2017-02-07T16:31:09","modified_gmt":"2017-02-07T16:31:09","slug":"botas-militares","status":"publish","type":"page","link":"https:\/\/ozapato.com\/do\/botas-militares\/","title":{"rendered":"Botas Militares para Rep\u00fablica Dominicana"},"content":{"rendered":"<p>[vc_row full_width=\u00bbstretch_row\u00bb full_height=\u00bbyes\u00bb content_placement=\u00bbbottom\u00bb css=\u00bb.vc_custom_1455903518327{background: #000000 url(https:\/\/ozapato.com\/pa\/wp-content\/uploads\/sites\/2\/2016\/02\/Botas-t\u00e1cticas-seguridad.jpg?id=1238) !important;}\u00bb][vc_column width=\u00bb1\/6&#8243;][\/vc_column][vc_column width=\u00bb2\/3&#8243;][vc_column_text]<\/p>\n<h2 style=\"text-align: center\"><span style=\"color: #ffffff\">BOTAS\u00a0MILITARES<\/span><\/h2>\n<p>[\/vc_column_text][\/vc_column][vc_column width=\u00bb1\/6&#8243;][\/vc_column][\/vc_row][vc_row][vc_column width=\u00bb1\/4&#8243;][\/vc_column][vc_column width=\u00bb1\/2&#8243;]<div class=\"woocommerce columns-3 \"><\/div>[\/vc_column][vc_column width=\u00bb1\/4&#8243;][\/vc_column][\/vc_row][vc_row][vc_column width=\u00bb1\/6&#8243;][\/vc_column][vc_column width=\u00bb2\/3&#8243;][vc_media_grid element_width=\u00bb3&#8243; grid_id=\u00bbvc_gid:1486482811488-c064c7f9-f6bd-7&#8243; include=\u00bb3346,3347,3308,3350&#8243;][\/vc_column][vc_column width=\u00bb1\/6&#8243;][\/vc_column][\/vc_row][vc_row][vc_column width=\u00bb1\/6&#8243;][\/vc_column][vc_column width=\u00bb2\/3&#8243;][vc_column_text]<\/p>\n<h3 style=\"text-align: center\"><strong>\u00a1Descubre nuestras botas militares\u00a0dise\u00f1adas especialmente para Rep\u00fablica Dominicana!<\/strong><\/h3>\n<p style=\"text-align: justify\">Todos nuestros modelos de botas militares fueron dise\u00f1ados para el clima h\u00famedo-tropical de Rep\u00fablica Dominicana.<\/p>\n<p style=\"text-align: justify\">Los criterios m\u00e1s importantes para realizar estas botas son tanto la resistencia de los materiales utilizados para su\u00a0fabricaci\u00f3n como para su comodidad.<\/p>\n<p style=\"text-align: justify\">Es por eso que nuestra bota militar \u201c Cop 9\u2019 \u201d, est\u00e1 hecha a mano con un cuero de calidad y una lona impermeable. El corte esta cosido directamente a la suela de hule con un proceso \u00ab<a href=\"https:\/\/en.wikipedia.org\/wiki\/Lockstitch\" target=\"_blank\" rel=\"noopener\">Lockstitch<\/a>\u201d . El uso del cuero y de la lona nos permite ofrecer una bota militar resistente y liviana.<\/p>\n<p style=\"text-align: justify\">Tambi\u00e9n por\u00a0su\u00a0<a href=\"https:\/\/ozapato.com\/pa\/10-normas-de-seguridad-industrial-que-debe-de-conocer\/\" target=\"_blank\">seguridad<\/a>, hemos a\u00f1adido una\u00a0<a href=\"https:\/\/ozapato.com\/pa\/las-4-ventajas-de-las-plantillas-antiperforacion-textiles\/\" target=\"_blank\">plantilla antiperforaci\u00f3n textil<\/a>\u00a0que le protege de los peligros que puede encontrar en su trabajo. \u00a1Adem\u00e1s, nuestras botas militares\u00a0vienen con una garant\u00eda de 4 meses!<\/p>\n<p style=\"text-align: justify\">Con botas militares, diel\u00e9ctricas,\u00a0antideslizantes, hidrofugadas o\u00a0reforzadas tenemos soluciones para todos sus necesidades. \u00a1<a href=\"https:\/\/ozapato.com\/pa\/botas-industriales-en-panama\/\">Elija<\/a>\u00a0ahora las botas que necesite para trabajar con seguridad!<\/p>\n<p>[\/vc_column_text][\/vc_column][vc_column width=\u00bb1\/6&#8243;][\/vc_column][\/vc_row][vc_row][vc_column][vc_empty_space height=\u00bb32x\u00bb][\/vc_column][\/vc_row][vc_row][vc_column width=\u00bb1\/6&#8243;][\/vc_column][vc_column width=\u00bb2\/3&#8243; css=\u00bb.vc_custom_1456174598177{background-color: #dd3333 !important;}\u00bb][vc_column_text]<\/p>\n<div class=\"wpb_text_column wpb_content_element \">\n<h1 class=\"wpb_wrapper\" style=\"text-align: center\"><span style=\"color: #ffffff\"><strong>\u00bfQU\u00c9 HACEMOS?<\/strong>\u00a0<\/span><\/h1>\n<\/div>\n<div class=\"wpb_text_column wpb_content_element \">\n<div class=\"wpb_wrapper\">\n<div class=\"wpb_text_column wpb_content_element \">\n<div class=\"wpb_wrapper\">\n<p style=\"text-align: justify\"><span style=\"color: #ffffff\">OZAPATO es una marca de calzado ubicada en Pachuca, M\u00e9xico. Fabricamos botas de seguridad industrial y contamos con presencia en Rep\u00fablica Dominicana, M\u00e9xico, Panam\u00e1 y Estados Unidos. Hemos aprendido a lo largo de los a\u00f1os como fabricar botas de seguridad con calidad y de manera responsable. En Rep\u00fablica Dominicana, nuestra l\u00ednea industrial cuenta con botas de seguridad, botas de seguridad diel\u00e9ctricas y botas t\u00e1cticas. \u00a1Elija de nuestro cat\u00e1logo las botas que necesita para trabajar con seguridad!<\/span><\/p>\n<\/div>\n<\/div>\n<\/div>\n<\/div>\n<p>[\/vc_column_text][\/vc_column][vc_column width=\u00bb1\/6&#8243;][\/vc_column][\/vc_row][vc_row][vc_column width=\u00bb1\/6&#8243;][\/vc_column][vc_column width=\u00bb2\/3&#8243; css=\u00bb.vc_custom_1456174610082{background-color: #dd3333 !important;}\u00bb][vc_column_text]<\/p>\n<h1 style=\"text-align: center\"><span style=\"color: #ffffff\">\u00bfCOMO LO\u00a0HACEMOS?<\/span><\/h1>\n<p style=\"text-align: justify\"><span style=\"color: #ffffff\">Todas nuestras botas de seguridad industrial son fabricadas con materiales de alta calidad. Tenga la confianza que sus pies estar\u00e1n protegidos en cada momento. Estamos tan seguros de la calidad de nuestros modelos de botas de seguridad industrial que ofrecemos una garant\u00eda de 4 meses y hasta 6 meses para las botas de seguridad m\u00e1s premium. Adem\u00e1s ofrecemos un servicio de entrega en 24 horas.<\/span><\/p>\n<p style=\"text-align: justify\"><span style=\"color: #ffffff\">Todos los productos de OZAPATO est\u00e1n fabricados en nuestra f\u00e1brica de Pachuca (Hidalgo, M\u00e9xico). Nuestro modelo de negocio, conecta directamente la f\u00e1brica con el cliente final, evitando intermediarios; no trabajamos con distribuidores o revendedores. Esto permite ofrecer botas de seguridad a un precio m\u00e1s accesible.<\/span><\/p>\n<p>[\/vc_column_text][\/vc_column][vc_column width=\u00bb1\/6&#8243;][\/vc_column][\/vc_row][vc_row][vc_column width=\u00bb1\/6&#8243;][\/vc_column][vc_column width=\u00bb2\/3&#8243; css=\u00bb.vc_custom_1456174626082{background-color: #dd3333 !important;}\u00bb][vc_column_text]<\/p>\n<h1 style=\"text-align: center\"><span style=\"color: #ffffff\">\u00bfPOR QU\u00c9\u00a0LO\u00a0HACEMOS?<\/span><\/h1>\n<p style=\"text-align: justify\"><span style=\"color: #ffffff\">OZAPATO naci\u00f3 con la idea de servir a la comunidad local. La producci\u00f3n de nuestras botas de seguridad industrial es un proceso transparente que sustenta el balance socio econ\u00f3mico de la comunidad a la que pertenece.<\/span><\/p>\n<p style=\"text-align: justify\"><span style=\"color: #ffffff\">El valor m\u00e1s importante de OZAPATO es la entrega directa hasta el cliente. Cortamos todos los intermediarios que no a\u00f1aden valor a nuestros consumidores. Cada etapa de la fabricaci\u00f3n de botas de seguridad industrial debe beneficiar a la gente que fabrica el calzado.<\/span><\/p>\n<p style=\"text-align: justify\"><span style=\"color: #ffffff\">A nuestro equipo le apasiona desarrollar botas de seguridad en un ambiente social y econ\u00f3mico justo. Queremos que nuestros clientes conf\u00eden en que no s\u00f3lo compran botas bien hechas y de buena calidad, sino que tambi\u00e9n cada persona incluida en la cadena de suministro reciba un trato justo en el momento de realizar su trabajo.<\/span><\/p>\n<p>[\/vc_column_text][\/vc_column][vc_column width=\u00bb1\/6&#8243;][\/vc_column][\/vc_row][vc_row][vc_column width=\u00bb1\/6&#8243;][\/vc_column][vc_column width=\u00bb2\/3&#8243;]<div class=\"woocommerce columns-4 \"><\/div>[\/vc_column][vc_column width=\u00bb1\/6&#8243;][\/vc_column][\/vc_row][vc_row][vc_column][vc_empty_space][\/vc_column][\/vc_row][vc_row][vc_column][vc_gmaps link=\u00bb#E-8_JTNDaWZyYW1lJTIwc3JjJTNEJTIyaHR0cHMlM0ElMkYlMkZ3d3cuZ29vZ2xlLmNvbSUyRm1hcHMlMkZlbWJlZCUzRnBiJTNEJTIxMW0xOCUyMTFtMTIlMjExbTMlMjExZDM3ODMuMDU1NjE4Njg1MDc5NSUyMTJkLTY5LjgxNzk4MjM4NTEwNzExJTIxM2QxOC41MjYzODg1ODc0MDU1OSUyMTJtMyUyMTFmMCUyMTJmMCUyMTNmMCUyMTNtMiUyMTFpMTAyNCUyMTJpNzY4JTIxNGYxMy4xJTIxM20zJTIxMW0yJTIxMXMweDhlYWY4NjY0NjQ2ZTgyNjMlMjUzQTB4NmZlNjkyMWNiZjY1MWY0MyUyMTJzQXYlMkJMYSUyQlBpc3RhJTI1MkMlMkJTYW50byUyQkRvbWluZ28lMkJFc3RlJTI1MkMlMkJEb21pbmljYW4lMkJSZXB1YmxpYyUyMTVlMCUyMTNtMiUyMTFzZW4lMjEyc3BhJTIxNHYxNDg2NDg0MzY2MTEwJTIyJTIwd2lkdGglM0QlMjI2MDAlMjIlMjBoZWlnaHQlM0QlMjI0NTAlMjIlMjBmcmFtZWJvcmRlciUzRCUyMjAlMjIlMjBzdHlsZSUzRCUyMmJvcmRlciUzQTAlMjIlMjBhbGxvd2Z1bGxzY3JlZW4lM0UlM0MlMkZpZnJhbWUlM0U=\u00bb][\/vc_column][\/vc_row]<\/p>\n","protected":false},"excerpt":{"rendered":"<p>[vc_row full_width=\u00bbstretch_row\u00bb full_height=\u00bbyes\u00bb content_placement=\u00bbbottom\u00bb css=\u00bb.vc_custom_1455903518327{background: #000000 url(https:\/\/ozapato.com\/pa\/wp-content\/uploads\/sites\/2\/2016\/02\/Botas-t\u00e1cticas-seguridad.jpg?id=1238) !important;}\u00bb][vc_column width=\u00bb1\/6&#8243;][\/vc_column][vc_column width=\u00bb2\/3&#8243;][vc_column_text] BOTAS\u00a0MILITARES [\/vc_column_text][\/vc_column][vc_column width=\u00bb1\/6&#8243;][\/vc_column][\/vc_row][vc_row][vc_column width=\u00bb1\/4&#8243;][\/vc_column][vc_column width=\u00bb1\/2&#8243;][\/vc_column][vc_column width=\u00bb1\/4&#8243;][\/vc_column][\/vc_row][vc_row][vc_column width=\u00bb1\/6&#8243;][\/vc_column][vc_column width=\u00bb2\/3&#8243;][vc_media_grid element_width=\u00bb3&#8243; grid_id=\u00bbvc_gid:1486482811488-c064c7f9-f6bd-7&#8243; include=\u00bb3346,3347,3308,3350&#8243;][\/vc_column][vc_column width=\u00bb1\/6&#8243;][\/vc_column][\/vc_row][vc_row][vc_column width=\u00bb1\/6&#8243;][\/vc_column][vc_column width=\u00bb2\/3&#8243;][vc_column_text] \u00a1Descubre nuestras botas militares\u00a0dise\u00f1adas especialmente para Rep\u00fablica Dominicana! Todos nuestros modelos de botas militares fueron dise\u00f1ados para el clima h\u00famedo-tropical de Rep\u00fablica Dominicana. Los criterios m\u00e1s importantes para realizar estas botas [&hellip;]<\/p>\n","protected":false},"author":2,"featured_media":0,"parent":0,"menu_order":0,"comment_status":"closed","ping_status":"closed","template":"page-full-width.php","meta":{"footnotes":""},"class_list":["post-3615","page","type-page","status-publish","hentry"],"_links":{"self":[{"href":"https:\/\/ozapato.com\/do\/wp-json\/wp\/v2\/pages\/3615","targetHints":{"allow":["GET"]}}],"collection":[{"href":"https:\/\/ozapato.com\/do\/wp-json\/wp\/v2\/pages"}],"about":[{"href":"https:\/\/ozapato.com\/do\/wp-json\/wp\/v2\/types\/page"}],"author":[{"embeddable":true,"href":"https:\/\/ozapato.com\/do\/wp-json\/wp\/v2\/users\/2"}],"replies":[{"embeddable":true,"href":"https:\/\/ozapato.com\/do\/wp-json\/wp\/v2\/comments?post=3615"}],"version-history":[{"count":2,"href":"https:\/\/ozapato.com\/do\/wp-json\/wp\/v2\/pages\/3615\/revisions"}],"predecessor-version":[{"id":4592,"href":"https:\/\/ozapato.com\/do\/wp-json\/wp\/v2\/pages\/3615\/revisions\/4592"}],"wp:attachment":[{"href":"https:\/\/ozapato.com\/do\/wp-json\/wp\/v2\/media?parent=3615"}],"curies":[{"name":"wp","href":"https:\/\/api.w.org\/{rel}","templated":true}]}}