{"id":4445,"date":"2017-01-25T13:35:27","date_gmt":"2017-01-25T13:35:27","guid":{"rendered":"https:\/\/ozapato.com\/pa\/?page_id=4445"},"modified":"2017-02-07T16:44:01","modified_gmt":"2017-02-07T16:44:01","slug":"botas-para-puertos","status":"publish","type":"page","link":"https:\/\/ozapato.com\/do\/botas-para-puertos\/","title":{"rendered":"Botas para puertos"},"content":{"rendered":"<p>[vc_row full_width=\u00bbstretch_row\u00bb full_height=\u00bbyes\u00bb video_bg=\u00bbyes\u00bb video_bg_url=\u00bbhttps:\/\/www.youtube.com\/watch?v=bLGE5k0HGZI\u00bb css=\u00bb.vc_custom_1481549520785{background: #000000 url(https:\/\/ozapato.com\/pa\/wp-content\/uploads\/sites\/2\/2016\/02\/1b3HmA1_01.jpg?id=982) !important;}\u00bb][vc_column width=\u00bb1\/6&#8243;][\/vc_column][vc_column width=\u00bb2\/3&#8243;][vc_column_text]<\/p>\n<h2 style=\"text-align: center\"><span style=\"color: #ffffff\">BOTAS INDUSTRIALES PARA PUERTOS<br \/>\n<\/span><\/h2>\n<p>[\/vc_column_text][\/vc_column][vc_column width=\u00bb1\/6&#8243;][\/vc_column][\/vc_row][vc_row][vc_column width=\u00bb1\/6&#8243;][\/vc_column][vc_column width=\u00bb2\/3&#8243;]<div class=\"woocommerce columns-4 \"><\/div>[\/vc_column][vc_column width=\u00bb1\/6&#8243;][\/vc_column][\/vc_row][vc_row][vc_column width=\u00bb1\/6&#8243;][\/vc_column][vc_column width=\u00bb2\/3&#8243;][vc_masonry_media_grid element_width=\u00bb3&#8243; grid_id=\u00bbvc_gid:1486485282814-8400b94a-9e93-9&#8243; include=\u00bb443,445,440,439&#8243;][\/vc_column][vc_column width=\u00bb1\/6&#8243;][\/vc_column][\/vc_row][vc_row][vc_column width=\u00bb1\/6&#8243;][\/vc_column][vc_column width=\u00bb2\/3&#8243;][vc_column_text]<\/p>\n<p style=\"text-align: center\"><strong>!Descubra nuestras botas y calzados para puertos!<\/strong><\/p>\n<p style=\"text-align: justify\">Para coser nuestras botas utilizamos un proceso \u00ab<a href=\"http:\/\/goodyearwelt.es\/fr\/fabricacion-good-year-welt\" target=\"_blank\" rel=\"noopener\">Goodyear Welt<\/a>\u00bb y un cuero de calidad, lo cual permite que sus pies est\u00e9n completamente secos en todo momento. Sabemos que en la industria portuaria existen riesgos constantes, por su <a href=\"https:\/\/ozapato.com\/pa\/10-normas-de-seguridad-industrial-que-debe-de-conocer\/\" target=\"_blank\">seguridad<\/a> hemos a\u00f1adido <a href=\"https:\/\/ozapato.com\/pa\/casco-de-poliamida\/\" target=\"_blank\">un casco<\/a> y <a href=\"https:\/\/ozapato.com\/pa\/las-4-ventajas-de-las-plantillas-antiperforacion-textiles\/\" target=\"_blank\">plantillas antiperforaci\u00f3n textiles<\/a> que lo proteger\u00e1n de los peligros que pueden encontrar en su trabajo diario. Nuestra suela de elast\u00f3mero es ideal para caminar en superficies con una gran presencia de agua o de hidrocarburos. Su tecnolog\u00eda slip resistance y oil resistance est\u00e1 pensada para \u00e1reas muy deslizantes, especialmente las superficies met\u00e1licas y lisas.<\/p>\n<p style=\"text-align: justify\">Con las botas de seguridad diel\u00e9ctricas, antideslizantes, hidrofugadas y reforzadas tenemos soluciones para cualquier tipo de industria. Elija las botas que necesite para trabajar con seguridad!<\/p>\n<p>[\/vc_column_text][\/vc_column][vc_column width=\u00bb1\/6&#8243;][\/vc_column][\/vc_row][vc_row][vc_column width=\u00bb1\/6&#8243;][\/vc_column][vc_column width=\u00bb2\/3&#8243; css=\u00bb.vc_custom_1456174598177{background-color: #dd3333 !important;}\u00bb][vc_column_text]<\/p>\n<div class=\"wpb_text_column wpb_content_element \">\n<h1 class=\"wpb_wrapper\" style=\"text-align: center\"><span style=\"color: #ffffff\"><strong>\u00bfQU\u00c9 HACEMOS?<\/strong> <\/span><\/h1>\n<\/div>\n<div class=\"wpb_text_column wpb_content_element \">\n<div class=\"wpb_wrapper\">\n<div class=\"wpb_text_column wpb_content_element \">\n<div class=\"wpb_wrapper\">\n<p style=\"text-align: justify\"><span style=\"color: #ffffff\">OZAPATO es una marca de calzado ubicada en Pachuca, M\u00e9xico. Fabricamos botas de seguridad para puertos y contamos con presencia en Rep\u00fablica Dominicana, M\u00e9xico, Panam\u00e1 y Estados Unidos. Hemos aprendido a lo largo de los a\u00f1os como fabricar botas de seguridad con calidad y de manera\u00a0 responsable. En Panam\u00e1, nuestra l\u00ednea industrial cuenta con botas para puertos, botas de seguridad diel\u00e9ctricas y botas t\u00e1cticas. \u00a1Elija de nuestro cat\u00e1logo las botas que necesita para trabajar con seguridad!<\/span><\/p>\n<\/div>\n<\/div>\n<\/div>\n<\/div>\n<p>[\/vc_column_text][\/vc_column][vc_column width=\u00bb1\/6&#8243;][\/vc_column][\/vc_row][vc_row][vc_column width=\u00bb1\/6&#8243;][\/vc_column][vc_column width=\u00bb2\/3&#8243; css=\u00bb.vc_custom_1485353112561{background-color: #dd3333 !important;}\u00bb][vc_column_text]<\/p>\n<h1 style=\"text-align: center\"><span style=\"color: #ffffff\">\u00bfCOMO LO HACEMOS?<\/span><\/h1>\n<p><span style=\"color: #ffffff\">Todas nuestras botas de seguridad para puertos son fabricadas con materiales de alta calidad. Tenga la confianza que sus pies estar\u00e1n protegidos en cada momento. Estamos tan seguros de la calidad de nuestros modelos de botas de seguridad para puertos que ofrecemos una garant\u00eda de 4 meses y hasta 6 meses para las botas de seguridad m\u00e1s premium. Adem\u00e1s ofrecemos un servicio de entrega en 24 horas.<\/span><\/p>\n<p><span style=\"color: #ffffff\">Todos los productos de OZAPATO est\u00e1n realizados artesanalmente, en nuestra f\u00e1brica de Pachuca (Hidalgo, M\u00e9xico). Nuestro modelo de negocio, conecta directamente la f\u00e1brica con el cliente final, evitando intermediarios; no trabajamos con distribuidores o revendedores. Esto permite ofrecer botas de seguridad a un precio m\u00e1s accesible.<\/span>[\/vc_column_text][\/vc_column][vc_column width=\u00bb1\/6&#8243;][\/vc_column][\/vc_row][vc_row][vc_column width=\u00bb1\/6&#8243;][\/vc_column][vc_column width=\u00bb2\/3&#8243; css=\u00bb.vc_custom_1456174626082{background-color: #dd3333 !important;}\u00bb][vc_column_text]<\/p>\n<h1 style=\"text-align: center\"><span style=\"color: #ffffff\">\u00bfPOR QU\u00c9 LO HACEMOS?<\/span><\/h1>\n<p><span style=\"color: #ffffff\">OZAPATO naci\u00f3 con la idea de servir a la comunidad local. La producci\u00f3n de nuestras botas de seguridad para puertos es un proceso transparente que sustenta el balance socio econ\u00f3mico de la comunidad a la que pertenece.<\/span><\/p>\n<p><span style=\"color: #ffffff\">El valor m\u00e1s importante de OZAPATO es la entrega directa hasta el cliente. Eliminamos todos los intermediarios que no a\u00f1aden valor a nuestros consumidores. Cada etapa de la fabricaci\u00f3n de botas de seguridad industrial debe beneficiar a la gente que fabrica el calzado.<\/span><\/p>\n<p><span style=\"color: #ffffff\">A nuestro equipo les encanta desarrollar botas de seguridad en un ambiente social y econ\u00f3mico justo. Queremos que nuestros clientes conf\u00eden en que no s\u00f3lo compran botas bien hechas y de buena calidad, sino que tambi\u00e9n cada persona incluida en la cadena de suministro reciba un trato justo en el momento de realizar su trabajo.<\/span>[\/vc_column_text][\/vc_column][vc_column width=\u00bb1\/6&#8243;][\/vc_column][\/vc_row][vc_row][vc_column width=\u00bb1\/6&#8243;][\/vc_column][vc_column width=\u00bb2\/3&#8243;][vc_column_text]<\/p>\n<h4 style=\"text-align: center\">Le podr\u00e1 interesar estos otros modelos de botas de seguridad<\/h4>\n<p>[\/vc_column_text][\/vc_column][vc_column width=\u00bb1\/6&#8243;][\/vc_column][\/vc_row][vc_row][vc_column width=\u00bb1\/6&#8243;][\/vc_column][vc_column width=\u00bb2\/3&#8243;]<div class=\"woocommerce columns-4 \"><\/div>[\/vc_column][vc_column width=\u00bb1\/6&#8243;][\/vc_column][\/vc_row][vc_row][vc_column width=\u00bb1\/6&#8243;][\/vc_column][vc_column width=\u00bb2\/3&#8243;][vc_column_text]Nos puede visitar, ll\u00e1mar al\u00a0809 540 8888, ecribirnos al whatsapp\u00a0+1 (849) 314 8888 o simplemente enviar un correo a\u00a0<a href=\"mailto:info@rfglobalsecurity.com\" target=\"_blank\">info@rfglobalsecurity.com<\/a> para conocer nuestra oferta de botas para soldador en Rep\u00fablica Dominicana y recibir una cotizaci\u00f3n gratuita. Tenemos soluciones para todas las industrias.[\/vc_column_text][\/vc_column][vc_column width=\u00bb1\/6&#8243;][\/vc_column][\/vc_row][vc_row][vc_column][vc_gmaps link=\u00bb#E-8_JTNDaWZyYW1lJTIwc3JjJTNEJTIyaHR0cHMlM0ElMkYlMkZ3d3cuZ29vZ2xlLmNvbSUyRm1hcHMlMkZlbWJlZCUzRnBiJTNEJTIxMW0xOCUyMTFtMTIlMjExbTMlMjExZDM3ODMuMDU1NjE4Njg1MDc5NSUyMTJkLTY5LjgxNzk4MjM4NTEwNzExJTIxM2QxOC41MjYzODg1ODc0MDU1OSUyMTJtMyUyMTFmMCUyMTJmMCUyMTNmMCUyMTNtMiUyMTFpMTAyNCUyMTJpNzY4JTIxNGYxMy4xJTIxM20zJTIxMW0yJTIxMXMweDhlYWY4NjY0NjQ2ZTgyNjMlMjUzQTB4NmZlNjkyMWNiZjY1MWY0MyUyMTJzQXYlMkJMYSUyQlBpc3RhJTI1MkMlMkJTYW50byUyQkRvbWluZ28lMkJFc3RlJTI1MkMlMkJEb21pbmljYW4lMkJSZXB1YmxpYyUyMTVlMCUyMTNtMiUyMTFzZW4lMjEyc3BhJTIxNHYxNDg2NDg1NjgyNDUzJTIyJTIwd2lkdGglM0QlMjI2MDAlMjIlMjBoZWlnaHQlM0QlMjI0NTAlMjIlMjBmcmFtZWJvcmRlciUzRCUyMjAlMjIlMjBzdHlsZSUzRCUyMmJvcmRlciUzQTAlMjIlMjBhbGxvd2Z1bGxzY3JlZW4lM0UlM0MlMkZpZnJhbWUlM0U=\u00bb][\/vc_column][\/vc_row]<\/p>\n","protected":false},"excerpt":{"rendered":"<p>[vc_row full_width=\u00bbstretch_row\u00bb full_height=\u00bbyes\u00bb video_bg=\u00bbyes\u00bb video_bg_url=\u00bbhttps:\/\/www.youtube.com\/watch?v=bLGE5k0HGZI\u00bb css=\u00bb.vc_custom_1481549520785{background: #000000 url(https:\/\/ozapato.com\/pa\/wp-content\/uploads\/sites\/2\/2016\/02\/1b3HmA1_01.jpg?id=982) !important;}\u00bb][vc_column width=\u00bb1\/6&#8243;][\/vc_column][vc_column width=\u00bb2\/3&#8243;][vc_column_text] BOTAS INDUSTRIALES PARA PUERTOS [\/vc_column_text][\/vc_column][vc_column width=\u00bb1\/6&#8243;][\/vc_column][\/vc_row][vc_row][vc_column width=\u00bb1\/6&#8243;][\/vc_column][vc_column width=\u00bb2\/3&#8243;][\/vc_column][vc_column width=\u00bb1\/6&#8243;][\/vc_column][\/vc_row][vc_row][vc_column width=\u00bb1\/6&#8243;][\/vc_column][vc_column width=\u00bb2\/3&#8243;][vc_masonry_media_grid element_width=\u00bb3&#8243; grid_id=\u00bbvc_gid:1486485282814-8400b94a-9e93-9&#8243; include=\u00bb443,445,440,439&#8243;][\/vc_column][vc_column width=\u00bb1\/6&#8243;][\/vc_column][\/vc_row][vc_row][vc_column width=\u00bb1\/6&#8243;][\/vc_column][vc_column width=\u00bb2\/3&#8243;][vc_column_text] !Descubra nuestras botas y calzados para puertos! Para coser nuestras botas utilizamos un proceso \u00abGoodyear Welt\u00bb y un cuero de calidad, lo cual permite que sus pies [&hellip;]<\/p>\n","protected":false},"author":2,"featured_media":0,"parent":0,"menu_order":0,"comment_status":"closed","ping_status":"closed","template":"page-full-width.php","meta":{"footnotes":""},"class_list":["post-4445","page","type-page","status-publish","hentry"],"_links":{"self":[{"href":"https:\/\/ozapato.com\/do\/wp-json\/wp\/v2\/pages\/4445","targetHints":{"allow":["GET"]}}],"collection":[{"href":"https:\/\/ozapato.com\/do\/wp-json\/wp\/v2\/pages"}],"about":[{"href":"https:\/\/ozapato.com\/do\/wp-json\/wp\/v2\/types\/page"}],"author":[{"embeddable":true,"href":"https:\/\/ozapato.com\/do\/wp-json\/wp\/v2\/users\/2"}],"replies":[{"embeddable":true,"href":"https:\/\/ozapato.com\/do\/wp-json\/wp\/v2\/comments?post=4445"}],"version-history":[{"count":2,"href":"https:\/\/ozapato.com\/do\/wp-json\/wp\/v2\/pages\/4445\/revisions"}],"predecessor-version":[{"id":4595,"href":"https:\/\/ozapato.com\/do\/wp-json\/wp\/v2\/pages\/4445\/revisions\/4595"}],"wp:attachment":[{"href":"https:\/\/ozapato.com\/do\/wp-json\/wp\/v2\/media?parent=4445"}],"curies":[{"name":"wp","href":"https:\/\/api.w.org\/{rel}","templated":true}]}}