{"id":4469,"date":"2017-01-25T18:02:33","date_gmt":"2017-01-25T18:02:33","guid":{"rendered":"https:\/\/ozapato.com\/pa\/?page_id=4469"},"modified":"2020-06-10T22:59:26","modified_gmt":"2020-06-10T17:59:26","slug":"las-mejores-botas-tacticas","status":"publish","type":"page","link":"https:\/\/ozapato.com\/do\/las-mejores-botas-tacticas\/","title":{"rendered":"\u26a0\ufe0f Botas T\u00e1cticas"},"content":{"rendered":"<p>[vc_row video_bg=\u00bbyes\u00bb video_bg_url=\u00bbhttps:\/\/www.youtube.com\/watch?v=__oq67bsM8A\u00bb][vc_column][vc_column_text css=\u00bb.vc_custom_1587556182413{padding-top: 32px !important;}\u00bb]<\/p>\n<h2 style=\"text-align: center\"><span style=\"color: #ffffff\">BOTAS T\u00c1TICAS Y MILITARES<\/span><\/h2>\n<p>[\/vc_column_text][\/vc_column][\/vc_row][vc_row][vc_column width=\u00bb1\/4&#8243;]\n\t\t<div class=\"shortcode_banner_simple_height \" onclick=\"location.href='https:\/\/ozapato.com\/do\/tecnologia\/';\" style=\"height:275pxpx;\">\n\t\t\t<div class=\"shortcode_banner_simple_height_inner\">\n\t\t\t\t<div class=\"shortcode_banner_simple_height_bkg\" style=\"background-color:#000000; background-image:url()\"><\/div>\n\t\t\t\n\t\t\t\t<div class=\"shortcode_banner_simple_height_inside\" style=\"border: 0px solid #000000\">\n\t\t\t\t\t<div class=\"shortcode_banner_simple_height_content\">\n\t\t\t\t\t\t<div><h3 class=\"banner_title\" style=\"color:#fff\">Tecnolog\u00eda<\/h3><\/div>\n\t\t\t\t\t\t<div class=\"shortcode_banner_simple_height_sep\" style=\"margin:5px auto; background-color:#fff;\"><\/div>\n\t\t\t\t\t\t<div><h4 class=\"banner_subtitle\" style=\"color:#fff\">Tecnolog\u00eda de Ozapato<\/h4><\/div>\n\t\t\t\t\t<\/div>\n\t\t\t\t<\/div>\n\t\t\t<\/div><\/div>[\/vc_column][vc_column width=\u00bb1\/4&#8243;]\n\t\t<div class=\"shortcode_banner_simple_height \" onclick=\"location.href='https:\/\/ozapato.com\/do\/pages\/contacto\/';\" style=\"height:275pxpx;\">\n\t\t\t<div class=\"shortcode_banner_simple_height_inner\">\n\t\t\t\t<div class=\"shortcode_banner_simple_height_bkg\" style=\"background-color:#dd3333; background-image:url()\"><\/div>\n\t\t\t\n\t\t\t\t<div class=\"shortcode_banner_simple_height_inside\" style=\"border: 0px solid #dd3333\">\n\t\t\t\t\t<div class=\"shortcode_banner_simple_height_content\">\n\t\t\t\t\t\t<div><h3 class=\"banner_title\" style=\"color:#fff\">Contaco<\/h3><\/div>\n\t\t\t\t\t\t<div class=\"shortcode_banner_simple_height_sep\" style=\"margin:5px auto; background-color:#fff;\"><\/div>\n\t\t\t\t\t\t<div><h4 class=\"banner_subtitle\" style=\"color:#fff\">OZAPATO<\/h4><\/div>\n\t\t\t\t\t<\/div>\n\t\t\t\t<\/div>\n\t\t\t<\/div><\/div>[\/vc_column][vc_column width=\u00bb1\/4&#8243;]\n\t\t<div class=\"shortcode_banner_simple_height \" onclick=\"location.href='https:\/\/ozapato.com\/do\/botas-para-la-mineria\/';\" style=\"height:275pxpx;\">\n\t\t\t<div class=\"shortcode_banner_simple_height_inner\">\n\t\t\t\t<div class=\"shortcode_banner_simple_height_bkg\" style=\"background-color:#000000; background-image:url()\"><\/div>\n\t\t\t\n\t\t\t\t<div class=\"shortcode_banner_simple_height_inside\" style=\"border: 0px solid #000000\">\n\t\t\t\t\t<div class=\"shortcode_banner_simple_height_content\">\n\t\t\t\t\t\t<div><h3 class=\"banner_title\" style=\"color:#fff\">Miner\u00eda<\/h3><\/div>\n\t\t\t\t\t\t<div class=\"shortcode_banner_simple_height_sep\" style=\"margin:5px auto; background-color:#fff;\"><\/div>\n\t\t\t\t\t\t<div><h4 class=\"banner_subtitle\" style=\"color:#fff\">Botas para la Miner\u00eda<\/h4><\/div>\n\t\t\t\t\t<\/div>\n\t\t\t\t<\/div>\n\t\t\t<\/div><\/div>[\/vc_column][vc_column width=\u00bb1\/4&#8243;]\n\t\t<div class=\"shortcode_banner_simple_height \" onclick=\"location.href='https:\/\/ozapato.com\/do\/pages\/quienes-somos\/';\" style=\"height:275pxpx;\">\n\t\t\t<div class=\"shortcode_banner_simple_height_inner\">\n\t\t\t\t<div class=\"shortcode_banner_simple_height_bkg\" style=\"background-color:#dd3333; background-image:url()\"><\/div>\n\t\t\t\n\t\t\t\t<div class=\"shortcode_banner_simple_height_inside\" style=\"border: 0px solid #dd3333\">\n\t\t\t\t\t<div class=\"shortcode_banner_simple_height_content\">\n\t\t\t\t\t\t<div><h3 class=\"banner_title\" style=\"color:#fff\">\u00bfQui\u00e9nes somos?<\/h3><\/div>\n\t\t\t\t\t\t<div class=\"shortcode_banner_simple_height_sep\" style=\"margin:5px auto; background-color:#fff;\"><\/div>\n\t\t\t\t\t\t<div><h4 class=\"banner_subtitle\" style=\"color:#fff\">OZAPATO<\/h4><\/div>\n\t\t\t\t\t<\/div>\n\t\t\t\t<\/div>\n\t\t\t<\/div><\/div>[\/vc_column][\/vc_row][vc_row][vc_column][vc_empty_space][\/vc_column][\/vc_row][vc_row type=\u00bbboxed\u00bb][vc_column width=\u00bb1\/6&#8243;][\/vc_column][vc_column width=\u00bb2\/3&#8243;]<div class=\"woocommerce columns-4 \"><ul class=\"products columns-4\">\n<li class=\"product type-product post-128 status-publish first onbackorder product_cat-botas-con-suela product_cat-industrial product_cat-portuaria product_cat-tactica product_cat-todoterreno product_cat-zapatos-para-hospitales product_cat-zapatos-para-restaurantes has-post-thumbnail taxable shipping-taxable product-type-simple\">\r\n\r\n\t\r\n    <div class=\"product_thumbnail_wrapper \">\r\n\r\n\t\t<a href=\"https:\/\/ozapato.com\/do\/producto\/comfort\/\" class=\"woocommerce-LoopProduct-link woocommerce-loop-product__link\">\r\n\r\n\t        <div class=\"product_thumbnail \">\r\n\t            <img loading=\"lazy\" decoding=\"async\" width=\"300\" height=\"300\" src=\"https:\/\/ozapato.com\/do\/wp-content\/uploads\/sites\/5\/2017\/02\/thumbmail-Comfort01-800x800-300x300.jpg\" class=\"attachment-woocommerce_thumbnail size-woocommerce_thumbnail\" alt=\"Botas ultra confortables\" srcset=\"https:\/\/ozapato.com\/do\/wp-content\/uploads\/sites\/5\/2017\/02\/thumbmail-Comfort01-800x800-300x300.jpg 300w, https:\/\/ozapato.com\/do\/wp-content\/uploads\/sites\/5\/2017\/02\/thumbmail-Comfort01-800x800-150x150.jpg 150w, https:\/\/ozapato.com\/do\/wp-content\/uploads\/sites\/5\/2017\/02\/thumbmail-Comfort01-800x800-768x768.jpg 768w, https:\/\/ozapato.com\/do\/wp-content\/uploads\/sites\/5\/2017\/02\/thumbmail-Comfort01-800x800-600x600.jpg 600w, https:\/\/ozapato.com\/do\/wp-content\/uploads\/sites\/5\/2017\/02\/thumbmail-Comfort01-800x800-100x100.jpg 100w, https:\/\/ozapato.com\/do\/wp-content\/uploads\/sites\/5\/2017\/02\/thumbmail-Comfort01-800x800.jpg 800w\" sizes=\"auto, (max-width: 300px) 100vw, 300px\" \/>\t            \t        <\/div><!--.product_thumbnail-->\r\n\t\t<\/a>\r\n\r\n\t\t\r\n\t\t\r\n\t\t\r\n\t\t\r\n    <\/div><!--.product_thumbnail_wrapper-->\r\n\r\n    \r\n\t<h2 class=\"woocommerce-loop-product__title\">\r\n\t\t<a href=\"https:\/\/ozapato.com\/do\/producto\/comfort\/\">Comfort 01<\/a>\r\n\t<\/h2>\r\n\r\n\t\r\n    \r\n            \n\r\n    \r\n\t\r\n<\/li>\r\n<li class=\"product type-product post-5015 status-publish onbackorder product_cat-industrial product_cat-tactica has-post-thumbnail taxable shipping-taxable product-type-simple\">\r\n\r\n\t\r\n    <div class=\"product_thumbnail_wrapper \">\r\n\r\n\t\t<a href=\"https:\/\/ozapato.com\/do\/producto\/tacticas-cop-9\/\" class=\"woocommerce-LoopProduct-link woocommerce-loop-product__link\">\r\n\r\n\t        <div class=\"product_thumbnail \">\r\n\t            <img loading=\"lazy\" decoding=\"async\" width=\"300\" height=\"300\" src=\"https:\/\/ozapato.com\/do\/wp-content\/uploads\/sites\/5\/2017\/02\/thumbmail-Cop01-800x800-300x300.jpg\" class=\"attachment-woocommerce_thumbnail size-woocommerce_thumbnail\" alt=\"COP son botas t\u00e1cticas para Rep\u00fablica Dominicana\" srcset=\"https:\/\/ozapato.com\/do\/wp-content\/uploads\/sites\/5\/2017\/02\/thumbmail-Cop01-800x800-300x300.jpg 300w, https:\/\/ozapato.com\/do\/wp-content\/uploads\/sites\/5\/2017\/02\/thumbmail-Cop01-800x800-150x150.jpg 150w, https:\/\/ozapato.com\/do\/wp-content\/uploads\/sites\/5\/2017\/02\/thumbmail-Cop01-800x800-768x768.jpg 768w, https:\/\/ozapato.com\/do\/wp-content\/uploads\/sites\/5\/2017\/02\/thumbmail-Cop01-800x800-600x600.jpg 600w, https:\/\/ozapato.com\/do\/wp-content\/uploads\/sites\/5\/2017\/02\/thumbmail-Cop01-800x800-100x100.jpg 100w, https:\/\/ozapato.com\/do\/wp-content\/uploads\/sites\/5\/2017\/02\/thumbmail-Cop01-800x800.jpg 800w\" sizes=\"auto, (max-width: 300px) 100vw, 300px\" \/>\t            \t        <\/div><!--.product_thumbnail-->\r\n\t\t<\/a>\r\n\r\n\t\t\r\n\t\t\r\n\t\t\r\n\t\t\r\n    <\/div><!--.product_thumbnail_wrapper-->\r\n\r\n    \r\n\t<h2 class=\"woocommerce-loop-product__title\">\r\n\t\t<a href=\"https:\/\/ozapato.com\/do\/producto\/tacticas-cop-9\/\">Cop 9&#8242;<\/a>\r\n\t<\/h2>\r\n\r\n\t\r\n    \r\n            \n\r\n    \r\n\t\r\n<\/li>\r\n<li class=\"product type-product post-58 status-publish onbackorder product_cat-botas-con-suela product_cat-industrial product_cat-portuaria product_cat-tactica product_cat-todoterreno product_tag-botas-de-seguridad product_tag-botas-dielectricas product_tag-botas-en-panama product_tag-botas-industriales product_tag-cuero product_tag-leather-boots has-post-thumbnail taxable shipping-taxable product-type-simple\">\r\n\r\n\t\r\n    <div class=\"product_thumbnail_wrapper \">\r\n\r\n\t\t<a href=\"https:\/\/ozapato.com\/do\/producto\/hybrid\/\" class=\"woocommerce-LoopProduct-link woocommerce-loop-product__link\">\r\n\r\n\t        <div class=\"product_thumbnail \">\r\n\t            <img loading=\"lazy\" decoding=\"async\" width=\"350\" height=\"350\" src=\"https:\/\/ozapato.com\/do\/wp-content\/uploads\/sites\/5\/2017\/12\/thumbmail-Hybrid01-800x800.jpg\" class=\"attachment-woocommerce_thumbnail size-woocommerce_thumbnail\" alt=\"Hybrid 02 Black, son botas para la construcci\u00f3n en Rep\u00fablica Dominicana\" srcset=\"https:\/\/ozapato.com\/do\/wp-content\/uploads\/sites\/5\/2017\/12\/thumbmail-Hybrid01-800x800.jpg 800w, https:\/\/ozapato.com\/do\/wp-content\/uploads\/sites\/5\/2017\/12\/thumbmail-Hybrid01-800x800-150x150.jpg 150w, https:\/\/ozapato.com\/do\/wp-content\/uploads\/sites\/5\/2017\/12\/thumbmail-Hybrid01-800x800-300x300.jpg 300w, https:\/\/ozapato.com\/do\/wp-content\/uploads\/sites\/5\/2017\/12\/thumbmail-Hybrid01-800x800-768x768.jpg 768w, https:\/\/ozapato.com\/do\/wp-content\/uploads\/sites\/5\/2017\/12\/thumbmail-Hybrid01-800x800-70x70.jpg 70w, https:\/\/ozapato.com\/do\/wp-content\/uploads\/sites\/5\/2017\/12\/thumbmail-Hybrid01-800x800-350x350.jpg 350w, https:\/\/ozapato.com\/do\/wp-content\/uploads\/sites\/5\/2017\/12\/thumbmail-Hybrid01-800x800-570x570.jpg 570w, https:\/\/ozapato.com\/do\/wp-content\/uploads\/sites\/5\/2017\/12\/thumbmail-Hybrid01-800x800-32x32.jpg 32w\" sizes=\"auto, (max-width: 350px) 100vw, 350px\" \/>\t            \t        <\/div><!--.product_thumbnail-->\r\n\t\t<\/a>\r\n\r\n\t\t\r\n\t\t\r\n\t\t\r\n\t\t\r\n    <\/div><!--.product_thumbnail_wrapper-->\r\n\r\n    \r\n\t<h2 class=\"woocommerce-loop-product__title\">\r\n\t\t<a href=\"https:\/\/ozapato.com\/do\/producto\/hybrid\/\">Hybrid Black<\/a>\r\n\t<\/h2>\r\n\r\n\t\r\n    \r\n            \n\r\n    \r\n\t\r\n<\/li>\r\n<\/ul>\n<\/div>[\/vc_column][vc_column width=\u00bb1\/6&#8243;][\/vc_column][\/vc_row][vc_row type=\u00bbboxed\u00bb][vc_column width=\u00bb1\/6&#8243;][\/vc_column][vc_column width=\u00bb2\/3&#8243;][vc_column_text]<\/p>\n<h3 style=\"text-align: center\"><span style=\"color: #000000\"><b>\u00a0LAS MEJORES BOTAS T\u00c1CTICAS Y MILITARES\u00a0<\/b><\/span><\/h3>\n<p><span style=\"color: #000000\"><span class=\"emoji\"><a style=\"color: #000000\" href=\"https:\/\/emojipedia.org\/military-medal\/\" target=\"_blank\" rel=\"noopener\">\ud83c\udf96\ufe0f \u00a0 <\/a>\u00a0 \u00a0\u00a1Las mejores botas t\u00e1cticas han llegado a Rep\u00fablica Dominicana!\u00a0 Las botas t\u00e1cticas y policiales son un <\/span><strong>calzado<\/strong> que tiene unas caracter\u00edsticas distintas, que lo hacen ideal para situaciones extremas de calor o fr\u00edo, para aguantar golpes fuertes y para terrenos accidentados e irregulares. OZAPATO ofrece <strong>8 tipos de botas tacticas <\/strong>adaptadas a las necesidades del cliente al mejor precio.<\/span><\/p>\n<p><span style=\"color: #000000\">Las<strong> botas\u00a0 t\u00e1cticas y militares<\/strong> de OZAPATO, est\u00e1n dise\u00f1adas <strong>t\u00e1cticamente para policias y militares de Bolivia.\u00a0<\/strong><\/span><\/p>\n<p><span style=\"color: #000000\">Los <strong>zapatos t\u00e1cticos y militares<\/strong> <strong>COP 01, COP 02,<\/strong>\u00a0<strong>COP 03<\/strong>, fuer\u00f3n creadas centradas en el <a style=\"color: #000000\" href=\"https:\/\/es.wikipedia.org\/wiki\/Confort\" target=\"_blank\" rel=\"noopener\">confort<\/a> y\u00a0 con un\u00a0 <strong>dise\u00f1o moderno<\/strong>.Gracias a los mas avanzados materiales\u00a0 de OZAPATO y de las\u00a0 materias primas de fabricaci\u00f3n.Estos<a style=\"color: #000000\" href=\"https:\/\/ozapato.com\/do\/zapatos-para-chef\/\"><strong> zapatos de seguridad<\/strong><\/a> cumples las espectativas que solicitan nuestros clientes.<\/span><\/p>\n<p><span style=\"color: #000000\">Tambi\u00e9n <a style=\"color: #000000\" href=\"https:\/\/es.wikipedia.org\/wiki\/Zapato\" target=\"_blank\" rel=\"noopener\">OZAPATO<\/a>, ofrece otro modelo de botas\u00a0 t\u00e1cticas y militares que son\u00a0 las botas <strong>COYOLT ,\u00a0<\/strong>surge de la necesidad de producir la bota de uniforme mas eficaz.Esta bota cumple con los est\u00e1ndares legendarios de <strong><a style=\"color: #000000\" href=\"https:\/\/ozapato.com\/do\/zapatos-de-construccion\/\">construcci\u00f3n\u00a0<\/a> ligera<\/strong> y de rendimiento que cumplir\u00e1 satisfactoriamente\u00a0 sus expectativas.<\/span><\/p>\n<p><span style=\"color: #000000\">En cambio las <strong>OXFORD , <\/strong>aprobada con el tiempo y aprobada por los usuarios, el modelo oxford\u00a0 proporciona seguridad y las caracter\u00edsticas de rendimiento y su comodidad que usted desea.<\/span>[\/vc_column_text][\/vc_column][vc_column width=\u00bb1\/6&#8243;][\/vc_column][\/vc_row][vc_row type=\u00bbboxed\u00bb][vc_column][vc_media_grid grid_id=\u00bbvc_gid:1591811503178-fe173be5-dd79-2&#8243; include=\u00bb6759,6941,6758&#8243;][\/vc_column][\/vc_row][vc_row type=\u00bbboxed\u00bb][vc_column width=\u00bb1\/6&#8243;][\/vc_column][vc_column width=\u00bb2\/3&#8243;][vc_column_text]<\/p>\n<div class=\"wpb_text_column wpb_content_element \"><\/div>\n<h3 style=\"text-align: center\"><span style=\"color: #000000\"><b>\u00a1BOTAS T\u00c1CTICAS\u00a0DE M\u00c1XIMA\u00a0SEGURIDAD!<\/b><\/span><\/h3>\n<p style=\"text-align: justify\"><span style=\"color: #ffffff\">\u00a0\u26a0\ufe0f<span style=\"color: #000000\">Para coser nuestras <strong>botas t\u00e1cticas y zapatos de seguridad<\/strong> <strong>militar<\/strong> utilizamos un proceso \u00ab<a style=\"color: #000000\" href=\"http:\/\/goodyearwelt.es\/fr\/fabricacion-good-year-welt\" target=\"_blank\" rel=\"noopener noreferrer\">Goodyear Welt<\/a>\u00bb y un cuero de calidad, lo cual permite que sus pies est\u00e9n completamente secos en todo momento. Sabemos que en la <a href=\"https:\/\/ozapato.com\/do\/\">industria<\/a> de seguridad y portuaria existen riesgos constantes, por su seguridad hemos a\u00f1adido un casco y <a style=\"color: #000000\" href=\"https:\/\/ozapato.com\/do\/las-4-ventajas-de-las-plantillas-antiperforacion-textiles\/\" target=\"_blank\" rel=\"noopener noreferrer\">plantillas antiperforaci\u00f3n textiles<\/a> que lo proteger\u00e1n de los peligros que pueden encontrar en su traba<\/span><\/span><span style=\"color: #000000\">jo diario. Nuestra suela de elast\u00f3mero es ideal para caminar en superficies con una gran presencia de agua o de hidrocarburos. Su <strong>tecnolog\u00eda slip resistance y oil resistance<\/strong> est\u00e1 pensada para \u00e1reas muy deslizantes, especialmente las superficies met\u00e1licas y lisas.<\/span><\/p>\n<p style=\"text-align: justify\"><span style=\"color: #000000\">Con los <strong>zapatos de seguridad<a href=\"https:\/\/ozapato.com\/do\/botas-dielectricas\/\"> diel\u00e9ctricos<\/a><\/strong>, antideslizantes, hidrofugados y reforzados tenemos soluciones para cualquier tipo de industria. \u00a1Elija los zapatos que necesite para trabajar con seguridad!<\/span><\/p>\n<p>[\/vc_column_text][\/vc_column][vc_column width=\u00bb1\/6&#8243;][\/vc_column][\/vc_row][vc_row][vc_column][vc_empty_space][\/vc_column][\/vc_row][vc_row type=\u00bbboxed\u00bb][vc_column][vc_cta h2=\u00bb\u00bb css=\u00bb.vc_custom_1587556135337{background-color: #dd3333 !important;}\u00bb]<\/p>\n<h4 style=\"text-align: center\"><span style=\"color: #ffffff\">\u00bfInteresado en Botas T\u00e1cticas y Militares? Recibe una cotizaci\u00f3n en 24 hs.<\/span><\/h4>\n<p>[\/vc_cta][\/vc_column][\/vc_row][vc_row type=\u00bbboxed\u00bb][vc_column][vc_column_text]<iframe loading=\"lazy\" height=\"800px\" width=\"100%\" frameborder=\"0\" allow=\"geolocation;microphone;camera\" src=\"https:\/\/forms.zohopublic.com\/virtualoffice9264\/form\/DOWebForm\/formperma\/2PUNSz-FHS52-Qjw5AHyrOpRv6nst-23hAaLr94PVEk\"> <\/iframe>[\/vc_column_text][\/vc_column][\/vc_row][vc_row][vc_column][vc_separator][\/vc_column][\/vc_row][vc_row][vc_column][vc_column_text]\n<div id=\"sb_instagram\"  class=\"sbi sbi_mob_col_1 sbi_tab_col_2 sbi_col_4\" style=\"padding-bottom: 10px; width: 100%;\"\t data-feedid=\"sbi_17841401193873551#8\"  data-res=\"auto\" data-cols=\"4\" data-colsmobile=\"1\" data-colstablet=\"2\" data-num=\"8\" data-nummobile=\"\" data-item-padding=\"5\"\t data-shortcode-atts=\"{}\"  data-postid=\"4469\" data-locatornonce=\"fb08b93e4f\" data-imageaspectratio=\"1:1\" data-sbi-flags=\"favorLocal,gdpr\">\n\t\n\t<div id=\"sbi_images\"  style=\"gap: 10px;\">\n\t\t\t<\/div>\n\n\t<div id=\"sbi_load\" >\n\n\t\n\t\t\t<span class=\"sbi_follow_btn\" >\n\t\t\t<a target=\"_blank\" rel=\"nofollow noopener\" href=\"https:\/\/www.instagram.com\/17841401193873551\/\">\n\t\t\t\t<svg class=\"svg-inline--fa fa-instagram fa-w-14\" aria-hidden=\"true\" data-fa-processed=\"\" aria-label=\"Instagram\" data-prefix=\"fab\" data-icon=\"instagram\" role=\"img\" viewBox=\"0 0 448 512\">\n                    <path fill=\"currentColor\" d=\"M224.1 141c-63.6 0-114.9 51.3-114.9 114.9s51.3 114.9 114.9 114.9S339 319.5 339 255.9 287.7 141 224.1 141zm0 189.6c-41.1 0-74.7-33.5-74.7-74.7s33.5-74.7 74.7-74.7 74.7 33.5 74.7 74.7-33.6 74.7-74.7 74.7zm146.4-194.3c0 14.9-12 26.8-26.8 26.8-14.9 0-26.8-12-26.8-26.8s12-26.8 26.8-26.8 26.8 12 26.8 26.8zm76.1 27.2c-1.7-35.9-9.9-67.7-36.2-93.9-26.2-26.2-58-34.4-93.9-36.2-37-2.1-147.9-2.1-184.9 0-35.8 1.7-67.6 9.9-93.9 36.1s-34.4 58-36.2 93.9c-2.1 37-2.1 147.9 0 184.9 1.7 35.9 9.9 67.7 36.2 93.9s58 34.4 93.9 36.2c37 2.1 147.9 2.1 184.9 0 35.9-1.7 67.7-9.9 93.9-36.2 26.2-26.2 34.4-58 36.2-93.9 2.1-37 2.1-147.8 0-184.8zM398.8 388c-7.8 19.6-22.9 34.7-42.6 42.6-29.5 11.7-99.5 9-132.1 9s-102.7 2.6-132.1-9c-19.6-7.8-34.7-22.9-42.6-42.6-11.7-29.5-9-99.5-9-132.1s-2.6-102.7 9-132.1c7.8-19.6 22.9-34.7 42.6-42.6 29.5-11.7 99.5-9 132.1-9s102.7-2.6 132.1 9c19.6 7.8 34.7 22.9 42.6 42.6 11.7 29.5 9 99.5 9 132.1s2.7 102.7-9 132.1z\"><\/path>\n                <\/svg>\t\t\t\t<span>Seguir en Instagram<\/span>\n\t\t\t<\/a>\n\t\t<\/span>\n\t\n<\/div>\n\t\t<span class=\"sbi_resized_image_data\" data-feed-id=\"sbi_17841401193873551#8\"\n\t\t  data-resized=\"[]\">\n\t<\/span>\n\t<\/div>\n\n[\/vc_column_text][\/vc_column][\/vc_row]<\/p>\n","protected":false},"excerpt":{"rendered":"<p>[vc_row video_bg=\u00bbyes\u00bb video_bg_url=\u00bbhttps:\/\/www.youtube.com\/watch?v=__oq67bsM8A\u00bb][vc_column][vc_column_text css=\u00bb.vc_custom_1587556182413{padding-top: 32px !important;}\u00bb] BOTAS T\u00c1TICAS Y MILITARES [\/vc_column_text][\/vc_column][\/vc_row][vc_row][vc_column width=\u00bb1\/4&#8243;][\/vc_column][vc_column width=\u00bb1\/4&#8243;][\/vc_column][vc_column width=\u00bb1\/4&#8243;][\/vc_column][vc_column width=\u00bb1\/4&#8243;][\/vc_column][\/vc_row][vc_row][vc_column][vc_empty_space][\/vc_column][\/vc_row][vc_row type=\u00bbboxed\u00bb][vc_column width=\u00bb1\/6&#8243;][\/vc_column][vc_column width=\u00bb2\/3&#8243;][\/vc_column][vc_column width=\u00bb1\/6&#8243;][\/vc_column][\/vc_row][vc_row type=\u00bbboxed\u00bb][vc_column width=\u00bb1\/6&#8243;][\/vc_column][vc_column width=\u00bb2\/3&#8243;][vc_column_text] \u00a0LAS MEJORES BOTAS T\u00c1CTICAS Y MILITARES\u00a0 \ud83c\udf96\ufe0f \u00a0 \u00a0 \u00a0\u00a1Las mejores botas t\u00e1cticas han llegado a Rep\u00fablica Dominicana!\u00a0 Las botas t\u00e1cticas y policiales son un calzado que tiene unas caracter\u00edsticas distintas, que lo [&hellip;]<\/p>\n","protected":false},"author":2,"featured_media":0,"parent":0,"menu_order":0,"comment_status":"closed","ping_status":"closed","template":"page-full-width.php","meta":{"footnotes":""},"class_list":["post-4469","page","type-page","status-publish","hentry"],"_links":{"self":[{"href":"https:\/\/ozapato.com\/do\/wp-json\/wp\/v2\/pages\/4469","targetHints":{"allow":["GET"]}}],"collection":[{"href":"https:\/\/ozapato.com\/do\/wp-json\/wp\/v2\/pages"}],"about":[{"href":"https:\/\/ozapato.com\/do\/wp-json\/wp\/v2\/types\/page"}],"author":[{"embeddable":true,"href":"https:\/\/ozapato.com\/do\/wp-json\/wp\/v2\/users\/2"}],"replies":[{"embeddable":true,"href":"https:\/\/ozapato.com\/do\/wp-json\/wp\/v2\/comments?post=4469"}],"version-history":[{"count":38,"href":"https:\/\/ozapato.com\/do\/wp-json\/wp\/v2\/pages\/4469\/revisions"}],"predecessor-version":[{"id":7703,"href":"https:\/\/ozapato.com\/do\/wp-json\/wp\/v2\/pages\/4469\/revisions\/7703"}],"wp:attachment":[{"href":"https:\/\/ozapato.com\/do\/wp-json\/wp\/v2\/media?parent=4469"}],"curies":[{"name":"wp","href":"https:\/\/api.w.org\/{rel}","templated":true}]}}