{"id":4535,"date":"2017-01-27T16:01:24","date_gmt":"2017-01-27T16:01:24","guid":{"rendered":"https:\/\/ozapato.com\/pa\/?page_id=4535"},"modified":"2020-04-22T20:46:28","modified_gmt":"2020-04-22T15:46:28","slug":"zapatos-para-chef","status":"publish","type":"page","link":"https:\/\/ozapato.com\/do\/zapatos-para-chef\/","title":{"rendered":"Zapatos para Chef"},"content":{"rendered":"<p>[vc_row full_width=\u00bbstretch_row\u00bb video_bg=\u00bbyes\u00bb video_bg_url=\u00bbhttps:\/\/www.youtube.com\/watch?v=__oq67bsM8A\u00bb css=\u00bb.vc_custom_1587561437157{margin-top: -78px !important;padding-top: 32px !important;background-position: center !important;background-repeat: no-repeat !important;background-size: cover !important;}\u00bb][vc_column][vc_column_text]<\/p>\n<h3 style=\"text-align: center\"><span style=\"color: #ffffff\">ZAPATOS PARA CHEF<\/span><\/h3>\n<p>[\/vc_column_text][\/vc_column][\/vc_row][vc_row][vc_column width=\u00bb1\/4&#8243;]\n\t\t<div class=\"shortcode_banner_simple_height \" onclick=\"location.href='https:\/\/ozapato.com\/do\/zapatos-de-construccion\/';\" style=\"height:275pxpx;\">\n\t\t\t<div class=\"shortcode_banner_simple_height_inner\">\n\t\t\t\t<div class=\"shortcode_banner_simple_height_bkg\" style=\"background-color:#000000; background-image:url()\"><\/div>\n\t\t\t\n\t\t\t\t<div class=\"shortcode_banner_simple_height_inside\" style=\"border: 0px solid #000000\">\n\t\t\t\t\t<div class=\"shortcode_banner_simple_height_content\">\n\t\t\t\t\t\t<div><h3 class=\"banner_title\" style=\"color:#fff\">Construcci\u00f3n<\/h3><\/div>\n\t\t\t\t\t\t<div class=\"shortcode_banner_simple_height_sep\" style=\"margin:5px auto; background-color:#fff;\"><\/div>\n\t\t\t\t\t\t<div><h4 class=\"banner_subtitle\" style=\"color:#fff\">Calzado para la construcci\u00f3n<\/h4><\/div>\n\t\t\t\t\t<\/div>\n\t\t\t\t<\/div>\n\t\t\t<\/div><\/div>[\/vc_column][vc_column width=\u00bb1\/4&#8243;]\n\t\t<div class=\"shortcode_banner_simple_height \" onclick=\"location.href='https:\/\/ozapato.com\/do\/botas-tacticas-2\/';\" style=\"height:275pxpx;\">\n\t\t\t<div class=\"shortcode_banner_simple_height_inner\">\n\t\t\t\t<div class=\"shortcode_banner_simple_height_bkg\" style=\"background-color:#dd3333; background-image:url()\"><\/div>\n\t\t\t\n\t\t\t\t<div class=\"shortcode_banner_simple_height_inside\" style=\"border: 0px solid #dd3333\">\n\t\t\t\t\t<div class=\"shortcode_banner_simple_height_content\">\n\t\t\t\t\t\t<div><h3 class=\"banner_title\" style=\"color:#fff\">T\u00e1ctica y Militar<\/h3><\/div>\n\t\t\t\t\t\t<div class=\"shortcode_banner_simple_height_sep\" style=\"margin:5px auto; background-color:#fff;\"><\/div>\n\t\t\t\t\t\t<div><h4 class=\"banner_subtitle\" style=\"color:#fff\">Calzado de seguridad<\/h4><\/div>\n\t\t\t\t\t<\/div>\n\t\t\t\t<\/div>\n\t\t\t<\/div><\/div>[\/vc_column][vc_column width=\u00bb1\/4&#8243;]\n\t\t<div class=\"shortcode_banner_simple_height \" onclick=\"location.href='https:\/\/ozapato.com\/do\/botas-de-soldador\/';\" style=\"height:275pxpx;\">\n\t\t\t<div class=\"shortcode_banner_simple_height_inner\">\n\t\t\t\t<div class=\"shortcode_banner_simple_height_bkg\" style=\"background-color:#000000; background-image:url()\"><\/div>\n\t\t\t\n\t\t\t\t<div class=\"shortcode_banner_simple_height_inside\" style=\"border: 0px solid #000000\">\n\t\t\t\t\t<div class=\"shortcode_banner_simple_height_content\">\n\t\t\t\t\t\t<div><h3 class=\"banner_title\" style=\"color:#fff\">Soldadores<\/h3><\/div>\n\t\t\t\t\t\t<div class=\"shortcode_banner_simple_height_sep\" style=\"margin:5px auto; background-color:#fff;\"><\/div>\n\t\t\t\t\t\t<div><h4 class=\"banner_subtitle\" style=\"color:#fff\">Botas para soldadores<\/h4><\/div>\n\t\t\t\t\t<\/div>\n\t\t\t\t<\/div>\n\t\t\t<\/div><\/div>[\/vc_column][vc_column width=\u00bb1\/4&#8243;]\n\t\t<div class=\"shortcode_banner_simple_height \" onclick=\"location.href='https:\/\/ozapato.com\/do\/botas-de-seguridad-para-mujeres\/';\" style=\"height:275pxpx;\">\n\t\t\t<div class=\"shortcode_banner_simple_height_inner\">\n\t\t\t\t<div class=\"shortcode_banner_simple_height_bkg\" style=\"background-color:#dd3333; background-image:url()\"><\/div>\n\t\t\t\n\t\t\t\t<div class=\"shortcode_banner_simple_height_inside\" style=\"border: 0px solid #dd3333\">\n\t\t\t\t\t<div class=\"shortcode_banner_simple_height_content\">\n\t\t\t\t\t\t<div><h3 class=\"banner_title\" style=\"color:#fff\">Mujer<\/h3><\/div>\n\t\t\t\t\t\t<div class=\"shortcode_banner_simple_height_sep\" style=\"margin:5px auto; background-color:#fff;\"><\/div>\n\t\t\t\t\t\t<div><h4 class=\"banner_subtitle\" style=\"color:#fff\">Calzado de seguridad para Mujeres<\/h4><\/div>\n\t\t\t\t\t<\/div>\n\t\t\t\t<\/div>\n\t\t\t<\/div><\/div>[\/vc_column][\/vc_row][vc_row type=\u00bbboxed\u00bb][vc_column width=\u00bb1\/6&#8243;][\/vc_column][vc_column width=\u00bb2\/3&#8243;]<div class=\"woocommerce columns-4 \"><ul class=\"products columns-4\">\n<li class=\"product type-product post-128 status-publish first onbackorder product_cat-botas-con-suela product_cat-industrial product_cat-portuaria product_cat-tactica product_cat-todoterreno product_cat-zapatos-para-hospitales product_cat-zapatos-para-restaurantes has-post-thumbnail taxable shipping-taxable product-type-simple\">\r\n\r\n\t\r\n    <div class=\"product_thumbnail_wrapper \">\r\n\r\n\t\t<a href=\"https:\/\/ozapato.com\/do\/producto\/comfort\/\" class=\"woocommerce-LoopProduct-link woocommerce-loop-product__link\">\r\n\r\n\t        <div class=\"product_thumbnail \">\r\n\t            <img loading=\"lazy\" decoding=\"async\" width=\"300\" height=\"300\" src=\"https:\/\/ozapato.com\/do\/wp-content\/uploads\/sites\/5\/2017\/02\/thumbmail-Comfort01-800x800-300x300.jpg\" class=\"attachment-woocommerce_thumbnail size-woocommerce_thumbnail\" alt=\"Botas ultra confortables\" srcset=\"https:\/\/ozapato.com\/do\/wp-content\/uploads\/sites\/5\/2017\/02\/thumbmail-Comfort01-800x800-300x300.jpg 300w, https:\/\/ozapato.com\/do\/wp-content\/uploads\/sites\/5\/2017\/02\/thumbmail-Comfort01-800x800-150x150.jpg 150w, https:\/\/ozapato.com\/do\/wp-content\/uploads\/sites\/5\/2017\/02\/thumbmail-Comfort01-800x800-768x768.jpg 768w, https:\/\/ozapato.com\/do\/wp-content\/uploads\/sites\/5\/2017\/02\/thumbmail-Comfort01-800x800-600x600.jpg 600w, https:\/\/ozapato.com\/do\/wp-content\/uploads\/sites\/5\/2017\/02\/thumbmail-Comfort01-800x800-100x100.jpg 100w, https:\/\/ozapato.com\/do\/wp-content\/uploads\/sites\/5\/2017\/02\/thumbmail-Comfort01-800x800.jpg 800w\" sizes=\"auto, (max-width: 300px) 100vw, 300px\" \/>\t            \t        <\/div><!--.product_thumbnail-->\r\n\t\t<\/a>\r\n\r\n\t\t\r\n\t\t\r\n\t\t\r\n\t\t\r\n    <\/div><!--.product_thumbnail_wrapper-->\r\n\r\n    \r\n\t<h2 class=\"woocommerce-loop-product__title\">\r\n\t\t<a href=\"https:\/\/ozapato.com\/do\/producto\/comfort\/\">Comfort 01<\/a>\r\n\t<\/h2>\r\n\r\n\t\r\n    \r\n            \n\r\n    \r\n\t\r\n<\/li>\r\n<li class=\"product type-product post-115 status-publish onbackorder product_cat-industrial product_cat-zapatos-para-hospitales product_cat-zapatos-para-restaurantes product_tag-boats product_tag-industrial product_tag-seguridad has-post-thumbnail taxable shipping-taxable product-type-simple\">\r\n\r\n\t\r\n    <div class=\"product_thumbnail_wrapper \">\r\n\r\n\t\t<a href=\"https:\/\/ozapato.com\/do\/producto\/oxford\/\" class=\"woocommerce-LoopProduct-link woocommerce-loop-product__link\">\r\n\r\n\t        <div class=\"product_thumbnail \">\r\n\t            <img loading=\"lazy\" decoding=\"async\" width=\"350\" height=\"350\" src=\"https:\/\/ozapato.com\/do\/wp-content\/uploads\/sites\/5\/2017\/02\/Oxford_01-800x800.jpg\" class=\"attachment-woocommerce_thumbnail size-woocommerce_thumbnail\" alt=\"Oxford 01 son botas negras de seguridad\" srcset=\"https:\/\/ozapato.com\/do\/wp-content\/uploads\/sites\/5\/2017\/02\/Oxford_01-800x800.jpg 800w, https:\/\/ozapato.com\/do\/wp-content\/uploads\/sites\/5\/2017\/02\/Oxford_01-800x800-150x150.jpg 150w, https:\/\/ozapato.com\/do\/wp-content\/uploads\/sites\/5\/2017\/02\/Oxford_01-800x800-300x300.jpg 300w, https:\/\/ozapato.com\/do\/wp-content\/uploads\/sites\/5\/2017\/02\/Oxford_01-800x800-768x768.jpg 768w, https:\/\/ozapato.com\/do\/wp-content\/uploads\/sites\/5\/2017\/02\/Oxford_01-800x800-70x70.jpg 70w, https:\/\/ozapato.com\/do\/wp-content\/uploads\/sites\/5\/2017\/02\/Oxford_01-800x800-350x350.jpg 350w, https:\/\/ozapato.com\/do\/wp-content\/uploads\/sites\/5\/2017\/02\/Oxford_01-800x800-570x570.jpg 570w\" sizes=\"auto, (max-width: 350px) 100vw, 350px\" \/>\t            \t        <\/div><!--.product_thumbnail-->\r\n\t\t<\/a>\r\n\r\n\t\t\r\n\t\t\r\n\t\t\r\n\t\t\r\n    <\/div><!--.product_thumbnail_wrapper-->\r\n\r\n    \r\n\t<h2 class=\"woocommerce-loop-product__title\">\r\n\t\t<a href=\"https:\/\/ozapato.com\/do\/producto\/oxford\/\">Oxford 03<\/a>\r\n\t<\/h2>\r\n\r\n\t\r\n    \r\n            \n\r\n    \r\n\t\r\n<\/li>\r\n<\/ul>\n<\/div>[\/vc_column][vc_column width=\u00bb1\/6&#8243;][\/vc_column][\/vc_row][vc_row][vc_column][vc_empty_space][\/vc_column][\/vc_row][vc_row type=\u00bbboxed\u00bb][vc_column width=\u00bb1\/6&#8243;][\/vc_column][vc_column width=\u00bb2\/3&#8243;][vc_column_text]<\/p>\n<h3 style=\"text-align: center\"><span style=\"color: #000000\"><strong>\u00a1ZAPATOS PARA CHEF CON SUELA ANTIDESLIZANTE!<\/strong><\/span><\/h3>\n<p><span class=\"emoji\" style=\"color: #000000\"><a style=\"color: #000000\" href=\"https:\/\/emojipedia.org\/woman-cook\/\" target=\"_blank\" rel=\"noopener\">\ud83d\udc69\u200d\ud83c\udf73<\/a> \u00a0<\/span><span style=\"color: #000000\">\u00a1Descubra nuestros <strong>zapatos para chef<\/strong> dise\u00f1ados especialmente para los restaurantes de Rep\u00fablica Dominicana!.<\/span><\/p>\n<p><span style=\"color: #000000\">Todos los modelos de zapatos para chef est\u00e1n dise\u00f1ados para soportar el clima de <strong>Rep\u00fablica Dominicana<\/strong>. Los criterios m\u00e1s importantes para realizar estos<a style=\"color: #000000\" href=\"https:\/\/es.wikipedia.org\/wiki\/Cocinero\" target=\"_blank\" rel=\"noopener\"> zapatos para chef<\/a> son tanto la resistencia de los materiales utilizados para su fabricaci\u00f3n como su comodidad y la ligereza del zapato.<\/span><\/p>\n<p><span style=\"color: #000000\">Otra caracter\u00edstica importante a destacar es su <a style=\"color: #000000\" href=\"https:\/\/es.wikipedia.org\/wiki\/Suela\" target=\"_blank\" rel=\"noopener\">suela antideslizante<\/a> que le aportar\u00e1 una mayor adherencia al pavimento, evitando as\u00ed posibles accidentes.<\/span><\/p>\n<p><span style=\"color: #000000\">Es por eso que nuestro zapato para chef esta confeccionado con cuero de calidad, cosido a nuestras suelas. El uso del cuero nos permite ofrecer un zapato para chef resistente y liviano.<\/span><\/p>\n<p><span style=\"color: #000000\">Adem\u00e1s a nuestro calzado le hemos a\u00f1adido una plantilla transpirable que le permitir\u00e1 un mayor confort y transpiraci\u00f3n para que su jornada laboral sea m\u00e1s llevadera. Adem\u00e1s, nuestros zapatos para chef vienen con una <strong>garant\u00eda de 6 meses.<\/strong><\/span>[\/vc_column_text][\/vc_column][vc_column width=\u00bb1\/6&#8243;][\/vc_column][\/vc_row][vc_row][vc_column width=\u00bb1\/6&#8243;][\/vc_column][vc_column width=\u00bb2\/3&#8243;][vc_media_grid grid_id=\u00bbvc_gid:1587570351781-cebfa26c-5238-8&#8243; include=\u00bb7567,6752,7568&#8243;][\/vc_column][vc_column width=\u00bb1\/6&#8243;][\/vc_column][\/vc_row][vc_row type=\u00bbboxed\u00bb][vc_column width=\u00bb1\/4&#8243;][\/vc_column][vc_column width=\u00bb1\/2&#8243;][vc_column_text]<\/p>\n<div class=\"wpb_text_column wpb_content_element \">\n<h5 class=\"wpb_wrapper\" style=\"text-align: center\"><span style=\"color: #000000\"><strong>\u00bfQU\u00c9 HACEMOS?<\/strong> <\/span><\/h5>\n<\/div>\n<div class=\"wpb_text_column wpb_content_element \">\n<div class=\"wpb_wrapper\">\n<div class=\"wpb_text_column wpb_content_element \">\n<div class=\"wpb_wrapper\">\n<p style=\"text-align: justify\"><span style=\"color: #000000\">OZAPATO es una marca de calzado ubicada en Pachuca, M\u00e9xico. Fabricamos zapatos para chef y contamos con presencia en Rep\u00fablica Dominicana, M\u00e9xico, Panam\u00e1 y Estados Unidos. Hemos aprendido a lo largo de los a\u00f1os como fabricar zapatos para chef con calidad y de manera responsable. En Rep\u00fablica Dominicana nuestra l\u00ednea industrial cuenta con zapatos para chef antideslizantes. \u00a1Elija de nuestro cat\u00e1logo los zapatos que necesita para trabajar con seguridad!<\/span><\/p>\n<h5 style=\"text-align: center\"><strong><span style=\"color: #000000\">\u00bfC\u00d3MO LO HACEMOS?<\/span><\/strong><\/h5>\n<p><span style=\"color: #000000\">Todos nuestros zapatos de seguridad para chef con suela antideslizante est\u00e1n fabricados con materiales de alta calidad. Tenga la confianza que sus pies estar\u00e1n protegidos en cada momento. Estamos tan seguros de la calidad de nuestros modelos de <a style=\"color: #000000\" href=\"https:\/\/ozapato.com\/do\/producto\/comfort\/\">zapatos<\/a> para la industria hostelera que ofrecemos una <strong>garant\u00eda de 6 meses<\/strong>. Adem\u00e1s ofrecemos un servicio de <strong>entrega de 24 horas.<\/strong><\/span><\/p>\n<h5 style=\"text-align: center\"><span style=\"color: #000000\">\u00bfPOR QU\u00c9 LO HACEMOS?<\/span><\/h5>\n<p><span style=\"color: #000000\">OZAPATO naci\u00f3 con la idea de servir a la comunidad local. La producci\u00f3n de nuestras botas y zapatos de seguridad industrial con suela antideslizante es un proceso transparente que sustenta el balance socio econ\u00f3mico de la comunidad a la que pertenece.<\/span><\/p>\n<p><span style=\"color: #000000\">El valor m\u00e1s importante de OZAPATO es la entrega directa hasta el <strong>cliente<\/strong>. Evitamos todos los intermediarios que no a\u00f1aden valor a nuestros consumidores. Cada etapa de la fabricaci\u00f3n de zapatos de seguridad para chef debe beneficiar a la gente que fabrica el calzado.<\/span><\/p>\n<p><span style=\"color: #000000\">A nuestro equipo le apasiona desarrollar zapatos de seguridad para chef en un ambiente social y econ\u00f3mico justo. Queremos que nuestros clientes conf\u00eden en que no s\u00f3lo compran zapatos bien hechos y de<strong> buena calidad<\/strong>, sino que tambi\u00e9n cada persona incluida en la cadena de suministro reciba un trato justo en el momento de realizar su trabajo.<\/span><\/p>\n<\/div>\n<\/div>\n<\/div>\n<\/div>\n<p>[\/vc_column_text][\/vc_column][vc_column width=\u00bb1\/4&#8243;][\/vc_column][\/vc_row][vc_row][vc_column][vc_empty_space][\/vc_column][\/vc_row][vc_row type=\u00bbboxed\u00bb][vc_column][vc_cta h2=\u00bb\u00bb css=\u00bb.vc_custom_1587561052796{background-color: #dd3333 !important;}\u00bb]<\/p>\n<h4 style=\"text-align: center\"><span style=\"color: #ffffff\">\u00bfInteresado en Zapatos para Chef? Recibe una cotizaci\u00f3n en 24 horas.<\/span><\/h4>\n<p>[\/vc_cta][\/vc_column][\/vc_row][vc_row type=\u00bbboxed\u00bb][vc_column][vc_column_text]<iframe loading=\"lazy\" height=\"800px\" width=\"100%\" frameborder=\"0\" allow=\"geolocation;microphone;camera\" src=\"https:\/\/forms.zohopublic.com\/virtualoffice9264\/form\/DOWebForm\/formperma\/2PUNSz-FHS52-Qjw5AHyrOpRv6nst-23hAaLr94PVEk\"> <\/iframe>[\/vc_column_text][\/vc_column][\/vc_row][vc_row][vc_column][vc_separator][\/vc_column][\/vc_row][vc_row][vc_column][vc_empty_space][\/vc_column][\/vc_row][vc_row type=\u00bbboxed\u00bb][vc_column][vc_column_text]\n<div id=\"sb_instagram\"  class=\"sbi sbi_mob_col_1 sbi_tab_col_2 sbi_col_4\" style=\"padding-bottom: 10px; width: 100%;\"\t data-feedid=\"sbi_17841401193873551#8\"  data-res=\"auto\" data-cols=\"4\" data-colsmobile=\"1\" data-colstablet=\"2\" data-num=\"8\" data-nummobile=\"\" data-item-padding=\"5\"\t data-shortcode-atts=\"{}\"  data-postid=\"4535\" data-locatornonce=\"82026ecff3\" data-imageaspectratio=\"1:1\" data-sbi-flags=\"favorLocal,gdpr\">\n\t\n\t<div id=\"sbi_images\"  style=\"gap: 10px;\">\n\t\t\t<\/div>\n\n\t<div id=\"sbi_load\" >\n\n\t\n\t\t\t<span class=\"sbi_follow_btn\" >\n\t\t\t<a target=\"_blank\" rel=\"nofollow noopener\" href=\"https:\/\/www.instagram.com\/17841401193873551\/\">\n\t\t\t\t<svg class=\"svg-inline--fa fa-instagram fa-w-14\" aria-hidden=\"true\" data-fa-processed=\"\" aria-label=\"Instagram\" data-prefix=\"fab\" data-icon=\"instagram\" role=\"img\" viewBox=\"0 0 448 512\">\n                    <path fill=\"currentColor\" d=\"M224.1 141c-63.6 0-114.9 51.3-114.9 114.9s51.3 114.9 114.9 114.9S339 319.5 339 255.9 287.7 141 224.1 141zm0 189.6c-41.1 0-74.7-33.5-74.7-74.7s33.5-74.7 74.7-74.7 74.7 33.5 74.7 74.7-33.6 74.7-74.7 74.7zm146.4-194.3c0 14.9-12 26.8-26.8 26.8-14.9 0-26.8-12-26.8-26.8s12-26.8 26.8-26.8 26.8 12 26.8 26.8zm76.1 27.2c-1.7-35.9-9.9-67.7-36.2-93.9-26.2-26.2-58-34.4-93.9-36.2-37-2.1-147.9-2.1-184.9 0-35.8 1.7-67.6 9.9-93.9 36.1s-34.4 58-36.2 93.9c-2.1 37-2.1 147.9 0 184.9 1.7 35.9 9.9 67.7 36.2 93.9s58 34.4 93.9 36.2c37 2.1 147.9 2.1 184.9 0 35.9-1.7 67.7-9.9 93.9-36.2 26.2-26.2 34.4-58 36.2-93.9 2.1-37 2.1-147.8 0-184.8zM398.8 388c-7.8 19.6-22.9 34.7-42.6 42.6-29.5 11.7-99.5 9-132.1 9s-102.7 2.6-132.1-9c-19.6-7.8-34.7-22.9-42.6-42.6-11.7-29.5-9-99.5-9-132.1s-2.6-102.7 9-132.1c7.8-19.6 22.9-34.7 42.6-42.6 29.5-11.7 99.5-9 132.1-9s102.7-2.6 132.1 9c19.6 7.8 34.7 22.9 42.6 42.6 11.7 29.5 9 99.5 9 132.1s2.7 102.7-9 132.1z\"><\/path>\n                <\/svg>\t\t\t\t<span>Seguir en Instagram<\/span>\n\t\t\t<\/a>\n\t\t<\/span>\n\t\n<\/div>\n\t\t<span class=\"sbi_resized_image_data\" data-feed-id=\"sbi_17841401193873551#8\"\n\t\t  data-resized=\"[]\">\n\t<\/span>\n\t<\/div>\n\n[\/vc_column_text][\/vc_column][\/vc_row]<\/p>\n","protected":false},"excerpt":{"rendered":"<p>[vc_row full_width=\u00bbstretch_row\u00bb video_bg=\u00bbyes\u00bb video_bg_url=\u00bbhttps:\/\/www.youtube.com\/watch?v=__oq67bsM8A\u00bb css=\u00bb.vc_custom_1587561437157{margin-top: -78px !important;padding-top: 32px !important;background-position: center !important;background-repeat: no-repeat !important;background-size: cover !important;}\u00bb][vc_column][vc_column_text] ZAPATOS PARA CHEF [\/vc_column_text][\/vc_column][\/vc_row][vc_row][vc_column width=\u00bb1\/4&#8243;][\/vc_column][vc_column width=\u00bb1\/4&#8243;][\/vc_column][vc_column width=\u00bb1\/4&#8243;][\/vc_column][vc_column width=\u00bb1\/4&#8243;][\/vc_column][\/vc_row][vc_row type=\u00bbboxed\u00bb][vc_column width=\u00bb1\/6&#8243;][\/vc_column][vc_column width=\u00bb2\/3&#8243;][\/vc_column][vc_column width=\u00bb1\/6&#8243;][\/vc_column][\/vc_row][vc_row][vc_column][vc_empty_space][\/vc_column][\/vc_row][vc_row type=\u00bbboxed\u00bb][vc_column width=\u00bb1\/6&#8243;][\/vc_column][vc_column width=\u00bb2\/3&#8243;][vc_column_text] \u00a1ZAPATOS PARA CHEF CON SUELA ANTIDESLIZANTE! \ud83d\udc69\u200d\ud83c\udf73 \u00a0\u00a1Descubra nuestros zapatos para chef dise\u00f1ados especialmente para los restaurantes de Rep\u00fablica Dominicana!. Todos los modelos de zapatos [&hellip;]<\/p>\n","protected":false},"author":2,"featured_media":0,"parent":0,"menu_order":0,"comment_status":"closed","ping_status":"closed","template":"page-full-width.php","meta":{"footnotes":""},"class_list":["post-4535","page","type-page","status-publish","hentry"],"_links":{"self":[{"href":"https:\/\/ozapato.com\/do\/wp-json\/wp\/v2\/pages\/4535","targetHints":{"allow":["GET"]}}],"collection":[{"href":"https:\/\/ozapato.com\/do\/wp-json\/wp\/v2\/pages"}],"about":[{"href":"https:\/\/ozapato.com\/do\/wp-json\/wp\/v2\/types\/page"}],"author":[{"embeddable":true,"href":"https:\/\/ozapato.com\/do\/wp-json\/wp\/v2\/users\/2"}],"replies":[{"embeddable":true,"href":"https:\/\/ozapato.com\/do\/wp-json\/wp\/v2\/comments?post=4535"}],"version-history":[{"count":25,"href":"https:\/\/ozapato.com\/do\/wp-json\/wp\/v2\/pages\/4535\/revisions"}],"predecessor-version":[{"id":7595,"href":"https:\/\/ozapato.com\/do\/wp-json\/wp\/v2\/pages\/4535\/revisions\/7595"}],"wp:attachment":[{"href":"https:\/\/ozapato.com\/do\/wp-json\/wp\/v2\/media?parent=4535"}],"curies":[{"name":"wp","href":"https:\/\/api.w.org\/{rel}","templated":true}]}}