{"id":605,"date":"2014-06-25T21:42:42","date_gmt":"2014-06-25T21:42:42","guid":{"rendered":"http:\/\/www.ozapato.com\/blog\/?page_id=9"},"modified":"2017-02-07T16:51:32","modified_gmt":"2017-02-07T16:51:32","slug":"careers","status":"publish","type":"page","link":"https:\/\/ozapato.com\/do\/careers\/","title":{"rendered":"Careers"},"content":{"rendered":"<p>OZAPATO\u00a0is constantly growing and looking for new talent willing to be part of an exciting company in an exciting industry.<\/p>\n<p>If you are interested in joining us, send us an email at ventas@ozapato.com<\/p>\n<p><strong>In Panama we are looking for sales executives:<\/strong><\/p>\n<p><strong>Requisitos:<\/strong><\/p>\n<ul>\n<li>Experiencia: 2 o 3 a\u00f1os de experiencia en ventas<\/li>\n<li>Educaci\u00f3n: Licenciatura o Maestr\u00eda<\/li>\n<li>Licencia de conducir<\/li>\n<li>Papeles en regla<\/li>\n<\/ul>\n<p><strong>Funciones:<\/strong><\/p>\n<ul>\n<li>Buscar nuevos mercados y clientes<\/li>\n<li>Mantener y dar seguimiento a cuentas existentes<\/li>\n<li>Participar en las actividades de product development y marketing de Ozapato<\/li>\n<\/ul>\n<p><strong>Personalidad<\/strong>:<\/p>\n<ul>\n<li>Persona din\u00e1mica con habilidades naturales para las ventas<\/li>\n<li>Buena presencia<\/li>\n<li>Team player<\/li>\n<li>Capacidad de trabajar bajo presi\u00f3n<\/li>\n<li>Capacidad de resolver problemas<\/li>\n<\/ul>\n<p><strong>Ofrecemos:<\/strong><\/p>\n<ul>\n<li>Sueldo seg\u00fan experiencia ( $1500- $3500)<\/li>\n<li>Posible movilidad geogr\u00e1fica (PA, MX, USA, DO)<\/li>\n<li>Toda la flexibilidad de un start-up en crecimiento<\/li>\n<\/ul>\n","protected":false},"excerpt":{"rendered":"<p>OZAPATO\u00a0is constantly growing and looking for new talent willing to be part of an exciting company in an exciting industry. If you are interested in joining us, send us an email at ventas@ozapato.com In Panama we are looking for sales executives: Requisitos: Experiencia: 2 o 3 a\u00f1os de experiencia en ventas Educaci\u00f3n: Licenciatura o Maestr\u00eda [&hellip;]<\/p>\n","protected":false},"author":2,"featured_media":0,"parent":0,"menu_order":0,"comment_status":"open","ping_status":"open","template":"","meta":{"footnotes":""},"class_list":["post-605","page","type-page","status-publish","hentry"],"_links":{"self":[{"href":"https:\/\/ozapato.com\/do\/wp-json\/wp\/v2\/pages\/605","targetHints":{"allow":["GET"]}}],"collection":[{"href":"https:\/\/ozapato.com\/do\/wp-json\/wp\/v2\/pages"}],"about":[{"href":"https:\/\/ozapato.com\/do\/wp-json\/wp\/v2\/types\/page"}],"author":[{"embeddable":true,"href":"https:\/\/ozapato.com\/do\/wp-json\/wp\/v2\/users\/2"}],"replies":[{"embeddable":true,"href":"https:\/\/ozapato.com\/do\/wp-json\/wp\/v2\/comments?post=605"}],"version-history":[{"count":2,"href":"https:\/\/ozapato.com\/do\/wp-json\/wp\/v2\/pages\/605\/revisions"}],"predecessor-version":[{"id":4598,"href":"https:\/\/ozapato.com\/do\/wp-json\/wp\/v2\/pages\/605\/revisions\/4598"}],"wp:attachment":[{"href":"https:\/\/ozapato.com\/do\/wp-json\/wp\/v2\/media?parent=605"}],"curies":[{"name":"wp","href":"https:\/\/api.w.org\/{rel}","templated":true}]}}