{"id":7506,"date":"2020-04-21T22:57:31","date_gmt":"2020-04-21T17:57:31","guid":{"rendered":"https:\/\/ozapato.com\/do\/?page_id=7506"},"modified":"2020-04-21T23:31:24","modified_gmt":"2020-04-21T18:31:24","slug":"botas-para-la-mineria","status":"publish","type":"page","link":"https:\/\/ozapato.com\/do\/botas-para-la-mineria\/","title":{"rendered":"Botas para la miner\u00eda en Republica Dominicana"},"content":{"rendered":"<p>[vc_row video_bg=\u00bbyes\u00bb video_bg_url=\u00bbhttps:\/\/www.youtube.com\/watch?v=__oq67bsM8A\u00bb][vc_column][vc_column_text]<\/p>\n<h2 style=\"text-align: center\"><span style=\"color: #ffffff\">MINER\u00cdA<\/span><\/h2>\n<p>[\/vc_column_text][\/vc_column][\/vc_row][vc_row type=\u00bbboxed\u00bb][vc_column width=\u00bb1\/6&#8243;][\/vc_column][vc_column width=\u00bb2\/3&#8243;][vc_column_text]<\/p>\n<h3 align=\"center\">BOTAS PARA LA MINER\u00cdA EN REP\u00daBLICA DOMINCANA<\/h3>\n<p><span class=\"emoji\"><a href=\"https:\/\/emojipedia.org\/hiking-boot\/\" target=\"_blank\" rel=\"noopener\">\ud83e\udd7e <\/a><\/span><span style=\"color: #000000\">L<\/span><span style=\"color: #000000\">as <\/span><strong style=\"color: #000000\">botas para la Miner\u00eda <\/strong><span style=\"color: #000000\">son muy importantes y necesarios en el sector minero, como tambien en el sector de la<\/span><a href=\"https:\/\/ozapato.com\/do\/zapatos-de-construccion\/\"> construcci\u00f3n<\/a><span style=\"color: #000000\">, petr\u00f3leo,etc. Por esta raz\u00f3n nuestra promesa para usted es de ofrecerle el <\/span><strong style=\"color: #000000\">mejor producto, al mejor precio y de la forma mas r\u00e1pida<\/strong><span style=\"color: #000000\">. Eso sin sacrificar ni el dise\u00f1o ni la comodidad de su bota.<\/span><\/p>\n<p><span style=\"color: #000000\">En Santo Domingo, nuestra l\u00ednea industrial cuenta con <strong>calzado de seguridad para la miner\u00eda<\/strong>: <\/span><\/p>\n<ul>\n<li><strong><span style=\"color: #000000\">Botas Diel\u00e9ctricas.<\/span><\/strong><\/li>\n<li><strong><span style=\"color: #000000\"><a style=\"color: #000000\" href=\"https:\/\/ozapato.com\/do\/botas-tacticas-2\/\">Botas T\u00e1cticas <\/a><\/span><\/strong><\/li>\n<li><span style=\"color: #000000\"><strong><a href=\"https:\/\/ozapato.com\/bo\/anti\/\">Botas Antiest\u00e1ticas<\/a>.<\/strong><\/span><\/li>\n<li><span style=\"color: #000000\"><strong>Botas para la Construcci\u00f3n.<\/strong><\/span><\/li>\n<\/ul>\n<p>[\/vc_column_text][\/vc_column][vc_column width=\u00bb1\/6&#8243;][\/vc_column][\/vc_row][vc_row][vc_column][vc_empty_space][\/vc_column][\/vc_row][vc_row type=\u00bbboxed\u00bb][vc_column width=\u00bb1\/4&#8243;][\/vc_column][vc_column width=\u00bb1\/2&#8243;][vc_column_text]<\/p>\n<h3><\/h3>\n<h3 style=\"text-align: center\"><span style=\"color: #000000\">CALZADO DE SEGURIDAD PARA\u00a0 LA MINER\u00cdA <\/span><\/h3>\n<p>&nbsp;<\/p>\n<p><span style=\"color: #000000\">La <strong>Mineria<\/strong> en Republica Dominicana es uno de los sectores econ\u00f3micos mas importantes del Pa\u00eds,por est\u00e1 raz\u00f3n OZAPATO, fabrica <strong>Calzado de seguridad para la Miner\u00eda<\/strong> al servicio de los trabajadorea de las minas. Contribuyendo a la econom\u00eda nacional y generando nuesvas fuentes ingresos indirectos por los mineros.<\/span><\/p>\n<p style=\"text-align: left\"><span style=\"font-weight: 400;color: #000000\"><a href=\"https:\/\/es.wikipedia.org\/wiki\/Rep%C3%BAblica_Dominicana?wprov=srpw1_0\" target=\"_blank\" rel=\"noopener\"><strong>Rep\u00fablica Dominicana<\/strong><\/a> es una de las econom\u00edas m\u00e1s importantes de<strong> Am\u00e9rica Latina y de Centro Am\u00e9rica<\/strong>. Convirti\u00e9ndose en el pa\u00eds m\u00e1s desarrollado del Caribe.Estos datos, se deben a su estable crecimiento durante las tres \u00faltimas d\u00e9cadas.Con un promedio\u00a0 de crecimiento del <strong>PBI del 6%.<\/strong> Transform\u00e1ndose en un pa\u00eds con un <strong>ingreso medio &#8211; alto<\/strong> y un<strong> Alto \u00edndice de Desarrollo Humano seg\u00fan Naciones Unidas.<\/strong><\/span><\/p>\n<p><span style=\"font-weight: 400;color: #000000\">Uno de las variables que hizo crecer su econom\u00eda, ha sido el descubrimiento <strong>yacimientos mineros<\/strong> en toda la isla. En total tienen distribuido en 24 provincias estan distribuidas estas areas del <strong>sector de la mineria.<\/strong><\/span><\/p>\n<p><span style=\"font-weight: 400;color: #000000\">El 83,3% de las licitaciones se corresponden\u00a0 a la extracci\u00f3n de roca Caliza <\/span><span style=\"font-weight: 400;color: #000000\">(para la base del cemento 52,7% , yeso 16,3% y arcilla 7,2%.)<\/span><\/p>\n<p><strong><span style=\"color: #000000\">Adem\u00e1s, se extraen , Arena y Caliche. <\/span><\/strong><span style=\"color: #000000\"><span style=\"font-weight: 400\">Otro material que se extrae son minerales como : <\/span><i><span style=\"font-weight: 400\">larimal, marmol , y <a href=\"https:\/\/es.wikipedia.org\/wiki\/Sal_com%C3%BAn\" target=\"_blank\" rel=\"noopener\">sal<\/a>.<\/span><\/i><\/span><\/p>\n<p><span style=\"font-weight: 400;color: #000000\">En las <strong>provincias del Sur<\/strong>, sobre todo en la zona de <a href=\"https:\/\/es.wikipedia.org\/wiki\/San_Crist%C3%B3bal_(Rep%C3%BAblica_Dominicana)\" target=\"_blank\" rel=\"noopener\"><strong>San Crist\u00f3bal<\/strong><\/a> es donde m\u00e1s concesiones de realizaron.<\/span>[\/vc_column_text][\/vc_column][vc_column width=\u00bb1\/4&#8243;][\/vc_column][\/vc_row][vc_row][vc_column][vc_media_grid grid_id=\u00bbvc_gid:1587493586508-c4acdcc0-cd9c-10&#8243; include=\u00bb7509,7510,7508&#8243;][\/vc_column][\/vc_row][vc_row type=\u00bbboxed\u00bb][vc_column width=\u00bb1\/6&#8243;][\/vc_column][vc_column width=\u00bb2\/3&#8243;][vc_column_text]<\/p>\n<h4 style=\"text-align: center\"><span style=\"color: #000000\"><strong>BOTAS PARA LA MINER\u00cdA EN SANTO DOMINGO<\/strong><\/span><\/h4>\n<p><span style=\"color: #000000\">Por estar raz\u00f3n, <a style=\"color: #000000\" href=\"http:\/\/www.ozapato.com\">OZAPATO<\/a>, ofrece las<strong> botas mineras para los dominicanos<\/strong>, m\u00e1s <strong>modernas y seguras<\/strong> del sector de la mineria.Equipados con la mejor tecnolog\u00eda del sector y al mejor precio.<\/span>[\/vc_column_text][\/vc_column][vc_column width=\u00bb1\/6&#8243;][\/vc_column][\/vc_row][vc_row][vc_column][vc_empty_space][\/vc_column][\/vc_row][vc_row][vc_column][vc_column_text]`\n<div id=\"sb_instagram\"  class=\"sbi sbi_mob_col_1 sbi_tab_col_2 sbi_col_4\" style=\"padding-bottom: 10px; width: 100%;\"\t data-feedid=\"sbi_17841401193873551#8\"  data-res=\"auto\" data-cols=\"4\" data-colsmobile=\"1\" data-colstablet=\"2\" data-num=\"8\" data-nummobile=\"\" data-item-padding=\"5\"\t data-shortcode-atts=\"{}\"  data-postid=\"7506\" data-locatornonce=\"6f1ee01c4d\" data-imageaspectratio=\"1:1\" data-sbi-flags=\"favorLocal,gdpr\">\n\t\n\t<div id=\"sbi_images\"  style=\"gap: 10px;\">\n\t\t\t<\/div>\n\n\t<div id=\"sbi_load\" >\n\n\t\n\t\t\t<span class=\"sbi_follow_btn\" >\n\t\t\t<a target=\"_blank\" rel=\"nofollow noopener\" href=\"https:\/\/www.instagram.com\/17841401193873551\/\">\n\t\t\t\t<svg class=\"svg-inline--fa fa-instagram fa-w-14\" aria-hidden=\"true\" data-fa-processed=\"\" aria-label=\"Instagram\" data-prefix=\"fab\" data-icon=\"instagram\" role=\"img\" viewBox=\"0 0 448 512\">\n                    <path fill=\"currentColor\" d=\"M224.1 141c-63.6 0-114.9 51.3-114.9 114.9s51.3 114.9 114.9 114.9S339 319.5 339 255.9 287.7 141 224.1 141zm0 189.6c-41.1 0-74.7-33.5-74.7-74.7s33.5-74.7 74.7-74.7 74.7 33.5 74.7 74.7-33.6 74.7-74.7 74.7zm146.4-194.3c0 14.9-12 26.8-26.8 26.8-14.9 0-26.8-12-26.8-26.8s12-26.8 26.8-26.8 26.8 12 26.8 26.8zm76.1 27.2c-1.7-35.9-9.9-67.7-36.2-93.9-26.2-26.2-58-34.4-93.9-36.2-37-2.1-147.9-2.1-184.9 0-35.8 1.7-67.6 9.9-93.9 36.1s-34.4 58-36.2 93.9c-2.1 37-2.1 147.9 0 184.9 1.7 35.9 9.9 67.7 36.2 93.9s58 34.4 93.9 36.2c37 2.1 147.9 2.1 184.9 0 35.9-1.7 67.7-9.9 93.9-36.2 26.2-26.2 34.4-58 36.2-93.9 2.1-37 2.1-147.8 0-184.8zM398.8 388c-7.8 19.6-22.9 34.7-42.6 42.6-29.5 11.7-99.5 9-132.1 9s-102.7 2.6-132.1-9c-19.6-7.8-34.7-22.9-42.6-42.6-11.7-29.5-9-99.5-9-132.1s-2.6-102.7 9-132.1c7.8-19.6 22.9-34.7 42.6-42.6 29.5-11.7 99.5-9 132.1-9s102.7-2.6 132.1 9c19.6 7.8 34.7 22.9 42.6 42.6 11.7 29.5 9 99.5 9 132.1s2.7 102.7-9 132.1z\"><\/path>\n                <\/svg>\t\t\t\t<span>Seguir en Instagram<\/span>\n\t\t\t<\/a>\n\t\t<\/span>\n\t\n<\/div>\n\t\t<span class=\"sbi_resized_image_data\" data-feed-id=\"sbi_17841401193873551#8\"\n\t\t  data-resized=\"[]\">\n\t<\/span>\n\t<\/div>\n<p>[\/vc_column_text][\/vc_column][\/vc_row]<\/p>\n","protected":false},"excerpt":{"rendered":"<p>[vc_row video_bg=\u00bbyes\u00bb video_bg_url=\u00bbhttps:\/\/www.youtube.com\/watch?v=__oq67bsM8A\u00bb][vc_column][vc_column_text] MINER\u00cdA [\/vc_column_text][\/vc_column][\/vc_row][vc_row type=\u00bbboxed\u00bb][vc_column width=\u00bb1\/6&#8243;][\/vc_column][vc_column width=\u00bb2\/3&#8243;][vc_column_text] BOTAS PARA LA MINER\u00cdA EN REP\u00daBLICA DOMINCANA \ud83e\udd7e Las botas para la Miner\u00eda son muy importantes y necesarios en el sector minero, como tambien en el sector de la construcci\u00f3n, petr\u00f3leo,etc. Por esta raz\u00f3n nuestra promesa para usted es de ofrecerle el mejor producto, al mejor precio [&hellip;]<\/p>\n","protected":false},"author":350,"featured_media":0,"parent":0,"menu_order":0,"comment_status":"closed","ping_status":"closed","template":"page-full-width.php","meta":{"footnotes":""},"class_list":["post-7506","page","type-page","status-publish","hentry"],"_links":{"self":[{"href":"https:\/\/ozapato.com\/do\/wp-json\/wp\/v2\/pages\/7506","targetHints":{"allow":["GET"]}}],"collection":[{"href":"https:\/\/ozapato.com\/do\/wp-json\/wp\/v2\/pages"}],"about":[{"href":"https:\/\/ozapato.com\/do\/wp-json\/wp\/v2\/types\/page"}],"author":[{"embeddable":true,"href":"https:\/\/ozapato.com\/do\/wp-json\/wp\/v2\/users\/350"}],"replies":[{"embeddable":true,"href":"https:\/\/ozapato.com\/do\/wp-json\/wp\/v2\/comments?post=7506"}],"version-history":[{"count":6,"href":"https:\/\/ozapato.com\/do\/wp-json\/wp\/v2\/pages\/7506\/revisions"}],"predecessor-version":[{"id":7516,"href":"https:\/\/ozapato.com\/do\/wp-json\/wp\/v2\/pages\/7506\/revisions\/7516"}],"wp:attachment":[{"href":"https:\/\/ozapato.com\/do\/wp-json\/wp\/v2\/media?parent=7506"}],"curies":[{"name":"wp","href":"https:\/\/api.w.org\/{rel}","templated":true}]}}