{"id":7652,"date":"2020-04-23T16:38:34","date_gmt":"2020-04-23T11:38:34","guid":{"rendered":"https:\/\/ozapato.com\/do\/?page_id=7652"},"modified":"2020-06-10T22:47:46","modified_gmt":"2020-06-10T17:47:46","slug":"botas-para-minero","status":"publish","type":"page","link":"https:\/\/ozapato.com\/do\/botas-para-minero\/","title":{"rendered":"Miner\u00eda"},"content":{"rendered":"<p>[vc_row video_bg=\u00bbyes\u00bb video_bg_url=\u00bbhttps:\/\/www.youtube.com\/watch?v=__oq67bsM8A\u00bb css=\u00bb.vc_custom_1587641873944{padding-top: 32px !important;}\u00bb][vc_column][vc_column_text]<\/p>\n<h2 style=\"text-align: center\"><span style=\"color: #ffffff\">MINER\u00cdA<\/span><\/h2>\n<p>[\/vc_column_text][\/vc_column][\/vc_row][vc_row][vc_column width=\u00bb1\/4&#8243;]\n\t\t<div class=\"shortcode_banner_simple_height \" onclick=\"location.href='https:\/\/ozapato.com\/do\/zapatos-para-chef\/';\" style=\"height:275pxpx;\">\n\t\t\t<div class=\"shortcode_banner_simple_height_inner\">\n\t\t\t\t<div class=\"shortcode_banner_simple_height_bkg\" style=\"background-color:#000000; background-image:url()\"><\/div>\n\t\t\t\n\t\t\t\t<div class=\"shortcode_banner_simple_height_inside\" style=\"border: 0px solid #000000\">\n\t\t\t\t\t<div class=\"shortcode_banner_simple_height_content\">\n\t\t\t\t\t\t<div><h3 class=\"banner_title\" style=\"color:#fff\">Calzado para Restaurantes y Cocinas<\/h3><\/div>\n\t\t\t\t\t\t<div class=\"shortcode_banner_simple_height_sep\" style=\"margin:5px auto; background-color:#fff;\"><\/div>\n\t\t\t\t\t\t<div><h4 class=\"banner_subtitle\" style=\"color:#fff\">Zapatos para Chefs y Restaurantes.<\/h4><\/div>\n\t\t\t\t\t<\/div>\n\t\t\t\t<\/div>\n\t\t\t<\/div><\/div>[\/vc_column][vc_column width=\u00bb1\/4&#8243;]\n\t\t<div class=\"shortcode_banner_simple_height \" onclick=\"location.href='https:\/\/ozapato.com\/do\/botas-de-soldador\/';\" style=\"height:275pxpx;\">\n\t\t\t<div class=\"shortcode_banner_simple_height_inner\">\n\t\t\t\t<div class=\"shortcode_banner_simple_height_bkg\" style=\"background-color:#dd3333; background-image:url()\"><\/div>\n\t\t\t\n\t\t\t\t<div class=\"shortcode_banner_simple_height_inside\" style=\"border: 0px solid #dd3333\">\n\t\t\t\t\t<div class=\"shortcode_banner_simple_height_content\">\n\t\t\t\t\t\t<div><h3 class=\"banner_title\" style=\"color:#fff\">Soldadores<\/h3><\/div>\n\t\t\t\t\t\t<div class=\"shortcode_banner_simple_height_sep\" style=\"margin:5px auto; background-color:#fff;\"><\/div>\n\t\t\t\t\t\t<div><h4 class=\"banner_subtitle\" style=\"color:#fff\">Botas para soldadores<\/h4><\/div>\n\t\t\t\t\t<\/div>\n\t\t\t\t<\/div>\n\t\t\t<\/div><\/div>[\/vc_column][vc_column width=\u00bb1\/4&#8243;]\n\t\t<div class=\"shortcode_banner_simple_height \" onclick=\"location.href='https:\/\/ozapato.com\/do\/tecnologia\/';\" style=\"height:275pxpx;\">\n\t\t\t<div class=\"shortcode_banner_simple_height_inner\">\n\t\t\t\t<div class=\"shortcode_banner_simple_height_bkg\" style=\"background-color:#000000; background-image:url()\"><\/div>\n\t\t\t\n\t\t\t\t<div class=\"shortcode_banner_simple_height_inside\" style=\"border: 0px solid #000000\">\n\t\t\t\t\t<div class=\"shortcode_banner_simple_height_content\">\n\t\t\t\t\t\t<div><h3 class=\"banner_title\" style=\"color:#fff\">Tecnolog\u00eda<\/h3><\/div>\n\t\t\t\t\t\t<div class=\"shortcode_banner_simple_height_sep\" style=\"margin:5px auto; background-color:#fff;\"><\/div>\n\t\t\t\t\t\t<div><h4 class=\"banner_subtitle\" style=\"color:#fff\">OZAPATO<\/h4><\/div>\n\t\t\t\t\t<\/div>\n\t\t\t\t<\/div>\n\t\t\t<\/div><\/div>[\/vc_column][vc_column width=\u00bb1\/4&#8243;]\n\t\t<div class=\"shortcode_banner_simple_height \" onclick=\"location.href='https:\/\/ozapato.com\/do\/botas-de-trabajo\/';\" style=\"height:275pxpx;\">\n\t\t\t<div class=\"shortcode_banner_simple_height_inner\">\n\t\t\t\t<div class=\"shortcode_banner_simple_height_bkg\" style=\"background-color:#dd3333; background-image:url()\"><\/div>\n\t\t\t\n\t\t\t\t<div class=\"shortcode_banner_simple_height_inside\" style=\"border: 0px solid #dd3333\">\n\t\t\t\t\t<div class=\"shortcode_banner_simple_height_content\">\n\t\t\t\t\t\t<div><h3 class=\"banner_title\" style=\"color:#fff\">Seguridad Industrial<\/h3><\/div>\n\t\t\t\t\t\t<div class=\"shortcode_banner_simple_height_sep\" style=\"margin:5px auto; background-color:#fff;\"><\/div>\n\t\t\t\t\t\t<div><h4 class=\"banner_subtitle\" style=\"color:#fff\">Calzado de seguridad <\/h4><\/div>\n\t\t\t\t\t<\/div>\n\t\t\t\t<\/div>\n\t\t\t<\/div><\/div>[\/vc_column][\/vc_row][vc_row][vc_column][vc_empty_space][\/vc_column][\/vc_row][vc_row type=\u00bbboxed\u00bb][vc_column width=\u00bb1\/4&#8243;][\/vc_column][vc_column width=\u00bb1\/2&#8243;][vc_column_text]<\/p>\n<h3 style=\"text-align: center\">BOTAS PARA MINERO EN REP\u00daBLICA DOMINICANA<\/h3>\n<p><span style=\"color: #000000\">\u00a0OZAPATO dise\u00f1o <strong>botas para mineros robustas y altas<\/strong> para protegerlo en cualquier momento.Las botas de seguridad como todos los<a href=\"http:\/\/www.ozapato.com\/do\/\"> calzados de seguridad<\/a> del <strong>sector\u00a0 de la miner\u00eda<\/strong> ,\u00a0 son confortables para larga duraci\u00f3n de jornadas de trabajo y <strong>super resistentes<\/strong> a cualquier impacto.<\/span>[\/vc_column_text][\/vc_column][vc_column width=\u00bb1\/4&#8243;][\/vc_column][\/vc_row][vc_row][vc_column width=\u00bb1\/4&#8243;][\/vc_column][vc_column width=\u00bb1\/2&#8243;][vc_column_text]<\/p>\n<h4 align=\"center\">BOTAS DE SEGURIDAD PARA LA MINER\u00cdA EN SANTO DOMINGO<\/h4>\n<p><span style=\"color: #000000\">\ud83c\udde9\ud83c\uddf4\u00a0Las <strong>Botas de seguridad Mar\u00edna<\/strong>\u00a0 y el <strong>Calzado de seguridad<\/strong> <\/span><span style=\"color: #000000\">son muy importantes y necesarios\u00a0 en sectores estrategicos de la industria de <strong>Rep\u00fablica Dominicana <\/strong>como la industria Mar\u00edna. Por esta raz\u00f3n,nuestra promesa para usted es de ofrecerle el <strong>mejor producto, al mejor precio y de la forma mas r\u00e1pida<\/strong>. Eso sin sacrificar ni el dise\u00f1o ni la comodidad de su bota.<\/span><\/p>\n<p><span style=\"color: #000000\">En <strong><a style=\"color: #000000\" href=\"https:\/\/es.wikipedia.org\/wiki\/Rep%C3%BAblica_Dominicana\" target=\"_blank\" rel=\"noopener\">Rep\u00fablica Dominicana<\/a><\/strong>, nuestra l\u00ednea industrial cuenta con calzado de seguridad industrial: <\/span><\/p>\n<ul>\n<li><span style=\"color: #000000\"><strong>Botas Diel\u00e9ctricas.<\/strong><\/span><\/li>\n<li><span style=\"color: #000000\"><strong><a style=\"color: #000000\" href=\"https:\/\/ozapato.com\/bo\/botas-tacticas-militares\/\">Botas T\u00e1cticas.<\/a><\/strong><\/span><\/li>\n<li><span style=\"color: #000000\"><strong><a style=\"color: #000000\" href=\"https:\/\/ozapato.com\/bo\/anti\/\">Botas Antiest\u00e1ticas<\/a>.<\/strong><\/span><\/li>\n<li><span style=\"color: #000000\"><strong>Botas para la Miner\u00eda.<\/strong><\/span><\/li>\n<li><strong><span style=\"color: #000000\">Botas para soldadores.<\/span><\/strong><\/li>\n<li><strong><span style=\"color: #000000\">Zapatos de seguridad para la construcci\u00f3n.<\/span><\/strong><\/li>\n<li><strong><span style=\"color: #000000\">Calzado Maritimo.<\/span><\/strong><\/li>\n<li><a href=\"https:\/\/ozapato.com\/do\/botas-de-seguridad-para-mujeres\/\"><strong><span style=\"color: #000000\">Calzado industrial para mujeres.<\/span><\/strong><\/a><\/li>\n<li><strong><span style=\"color: #000000\">Calzado para cocinas y restaurantes.<\/span><\/strong><\/li>\n<\/ul>\n<p>[\/vc_column_text][\/vc_column][vc_column width=\u00bb1\/4&#8243;][\/vc_column][\/vc_row][vc_row type=\u00bbboxed\u00bb][vc_column][vc_media_grid grid_id=\u00bbvc_gid:1591810907043-44b6142a-cc99-8&#8243; include=\u00bb7655,7518,7509&#8243;][\/vc_column][\/vc_row][vc_row type=\u00bbboxed\u00bb][vc_column][vc_cta h2=\u00bb\u00bb css=\u00bb.vc_custom_1587644968797{background-color: #dd3333 !important;}\u00bb]<\/p>\n<h3 style=\"text-align: center\"><span style=\"color: #ffffff\">\u00bfInteresado en Botas para la Miner\u00eda en Rep\u00fablica Dominicana? Cotizaci\u00f3n gratuita en 24 hs.<\/span><\/h3>\n<p>[\/vc_cta][\/vc_column][\/vc_row][vc_row type=\u00bbboxed\u00bb][vc_column][vc_column_text]<iframe loading=\"lazy\" height=\"800px\" width=\"100%\" frameborder=\"0\" allow=\"geolocation;microphone;camera\" src=\"https:\/\/forms.zohopublic.com\/virtualoffice9264\/form\/DOWebForm\/formperma\/2PUNSz-FHS52-Qjw5AHyrOpRv6nst-23hAaLr94PVEk\"> <\/iframe>[\/vc_column_text][\/vc_column][\/vc_row][vc_row][vc_column width=\u00bb1\/6&#8243;][vc_column_text][\/vc_column_text][\/vc_column][vc_column width=\u00bb2\/3&#8243;][vc_column_text]<span style=\"color: #000000\">La Miner\u00eda en Rep\u00fablica Dominicana es una <a style=\"color: #000000\" href=\"https:\/\/ozapato.com\/do\/\"><strong>\u00a0actividad industrial<\/strong><\/a>\u00a0m\u00e1s importante del Pa\u00eds.Siendo una de las fuente de recursos y divisas para este territorio miembro del\u00a0<a href=\"https:\/\/es.wikipedia.org\/wiki\/Mercosur\" target=\"_blank\" rel=\"noopener\">Mercosur.<\/a><\/span><\/p>\n<p><span style=\"font-weight: 400;color: #000000\">En <strong>Rep\u00fablica Dominicana<\/strong> es una de las econom\u00edas m\u00e1s importantes de <strong>Am\u00e9rica Latina y de Centro Am\u00e9rica<\/strong>. Convirti\u00e9ndose en el pa\u00eds m\u00e1s desarrollado del Caribe.Estos datos, se deben a su estable crecimiento durante las tres \u00faltimas d\u00e9cadas.Con un promedio\u00a0 de crecimiento del<strong> PBI del 6%<\/strong>. Transform\u00e1ndose en un pa\u00eds con un ingreso <strong>medio &#8211; alto y un alto \u00edndice de Desarrollo Humano seg\u00fan\u00a0 <a href=\"https:\/\/www.do.undp.org\/content\/dominican_republic\/es\/home\/about-us\/undp-and-the-un.html\" target=\"_blank\" rel=\"noopener\">Naciones Unidas.<\/a><\/strong><\/span><\/p>\n<p><span style=\"font-weight: 400;color: #000000\">Uno de los factores que hizo crecer su econom\u00eda, ha sido el descubrimiento <a href=\"https:\/\/es.wikipedia.org\/wiki\/Ingenier%C3%ADa_de_minas\" target=\"_blank\" rel=\"noopener\"><strong>yacimientos mineros<\/strong><\/a> en toda la isla.En total tiene distribuido\u00a0 en <strong>24 provincias las minas.<\/strong><\/span><\/p>\n<p><span style=\"font-weight: 400;color: #000000\">E <strong>83,3%<\/strong> de las licitaciones se corresponden\u00a0 a la extracci\u00f3n de <strong>Roca Caliza<\/strong>( para la base del <strong>cemento 52,7%<\/strong> ,\u00a0 <strong>yeso 16,3% y arcilla 7,2%<\/strong>.) <\/span><span style=\"font-weight: 400;color: #000000\">Adem\u00e1s, se extraen <strong>arena y caliche.<\/strong><\/span><\/p>\n<p><span style=\"color: #000000\"><span style=\"font-weight: 400\">Otros materiales que se extraen son materiales : <\/span><i><span style=\"font-weight: 400\">larimal, marmol , y\u00a0<a href=\"https:\/\/es.wikipedia.org\/wiki\/Sal_com%C3%BAn\" target=\"_blank\" rel=\"noopener\"> sal.<\/a><\/span><\/i><\/span><\/p>\n<p><span style=\"font-weight: 400;color: #000000\">En las <strong>provincias del Sur<\/strong>, sobre todo en la zona de San Crist\u00f3bal es donde m\u00e1s concesiones de realizaron.<\/span>[\/vc_column_text][\/vc_column][vc_column width=\u00bb1\/6&#8243;][\/vc_column][\/vc_row][vc_row][vc_column][vc_empty_space][\/vc_column][\/vc_row][vc_row][vc_column][vc_column_text]\n<div id=\"sb_instagram\"  class=\"sbi sbi_mob_col_1 sbi_tab_col_2 sbi_col_4\" style=\"padding-bottom: 10px; width: 100%;\"\t data-feedid=\"sbi_17841401193873551#8\"  data-res=\"auto\" data-cols=\"4\" data-colsmobile=\"1\" data-colstablet=\"2\" data-num=\"8\" data-nummobile=\"\" data-item-padding=\"5\"\t data-shortcode-atts=\"{}\"  data-postid=\"7652\" data-locatornonce=\"773a0e4e08\" data-imageaspectratio=\"1:1\" data-sbi-flags=\"favorLocal,gdpr\">\n\t\n\t<div id=\"sbi_images\"  style=\"gap: 10px;\">\n\t\t\t<\/div>\n\n\t<div id=\"sbi_load\" >\n\n\t\n\t\t\t<span class=\"sbi_follow_btn\" >\n\t\t\t<a target=\"_blank\" rel=\"nofollow noopener\" href=\"https:\/\/www.instagram.com\/17841401193873551\/\">\n\t\t\t\t<svg class=\"svg-inline--fa fa-instagram fa-w-14\" aria-hidden=\"true\" data-fa-processed=\"\" aria-label=\"Instagram\" data-prefix=\"fab\" data-icon=\"instagram\" role=\"img\" viewBox=\"0 0 448 512\">\n                    <path fill=\"currentColor\" d=\"M224.1 141c-63.6 0-114.9 51.3-114.9 114.9s51.3 114.9 114.9 114.9S339 319.5 339 255.9 287.7 141 224.1 141zm0 189.6c-41.1 0-74.7-33.5-74.7-74.7s33.5-74.7 74.7-74.7 74.7 33.5 74.7 74.7-33.6 74.7-74.7 74.7zm146.4-194.3c0 14.9-12 26.8-26.8 26.8-14.9 0-26.8-12-26.8-26.8s12-26.8 26.8-26.8 26.8 12 26.8 26.8zm76.1 27.2c-1.7-35.9-9.9-67.7-36.2-93.9-26.2-26.2-58-34.4-93.9-36.2-37-2.1-147.9-2.1-184.9 0-35.8 1.7-67.6 9.9-93.9 36.1s-34.4 58-36.2 93.9c-2.1 37-2.1 147.9 0 184.9 1.7 35.9 9.9 67.7 36.2 93.9s58 34.4 93.9 36.2c37 2.1 147.9 2.1 184.9 0 35.9-1.7 67.7-9.9 93.9-36.2 26.2-26.2 34.4-58 36.2-93.9 2.1-37 2.1-147.8 0-184.8zM398.8 388c-7.8 19.6-22.9 34.7-42.6 42.6-29.5 11.7-99.5 9-132.1 9s-102.7 2.6-132.1-9c-19.6-7.8-34.7-22.9-42.6-42.6-11.7-29.5-9-99.5-9-132.1s-2.6-102.7 9-132.1c7.8-19.6 22.9-34.7 42.6-42.6 29.5-11.7 99.5-9 132.1-9s102.7-2.6 132.1 9c19.6 7.8 34.7 22.9 42.6 42.6 11.7 29.5 9 99.5 9 132.1s2.7 102.7-9 132.1z\"><\/path>\n                <\/svg>\t\t\t\t<span>Seguir en Instagram<\/span>\n\t\t\t<\/a>\n\t\t<\/span>\n\t\n<\/div>\n\t\t<span class=\"sbi_resized_image_data\" data-feed-id=\"sbi_17841401193873551#8\"\n\t\t  data-resized=\"[]\">\n\t<\/span>\n\t<\/div>\n\n[\/vc_column_text][\/vc_column][\/vc_row]<\/p>\n","protected":false},"excerpt":{"rendered":"<p>[vc_row video_bg=\u00bbyes\u00bb video_bg_url=\u00bbhttps:\/\/www.youtube.com\/watch?v=__oq67bsM8A\u00bb css=\u00bb.vc_custom_1587641873944{padding-top: 32px !important;}\u00bb][vc_column][vc_column_text] MINER\u00cdA [\/vc_column_text][\/vc_column][\/vc_row][vc_row][vc_column width=\u00bb1\/4&#8243;][\/vc_column][vc_column width=\u00bb1\/4&#8243;][\/vc_column][vc_column width=\u00bb1\/4&#8243;][\/vc_column][vc_column width=\u00bb1\/4&#8243;][\/vc_column][\/vc_row][vc_row][vc_column][vc_empty_space][\/vc_column][\/vc_row][vc_row type=\u00bbboxed\u00bb][vc_column width=\u00bb1\/4&#8243;][\/vc_column][vc_column width=\u00bb1\/2&#8243;][vc_column_text] BOTAS PARA MINERO EN REP\u00daBLICA DOMINICANA \u00a0OZAPATO dise\u00f1o botas para mineros robustas y altas para protegerlo en cualquier momento.Las botas de seguridad como todos los calzados de seguridad del sector\u00a0 de la miner\u00eda ,\u00a0 son confortables para larga duraci\u00f3n de [&hellip;]<\/p>\n","protected":false},"author":350,"featured_media":0,"parent":0,"menu_order":0,"comment_status":"closed","ping_status":"closed","template":"page-full-width.php","meta":{"footnotes":""},"class_list":["post-7652","page","type-page","status-publish","hentry"],"_links":{"self":[{"href":"https:\/\/ozapato.com\/do\/wp-json\/wp\/v2\/pages\/7652","targetHints":{"allow":["GET"]}}],"collection":[{"href":"https:\/\/ozapato.com\/do\/wp-json\/wp\/v2\/pages"}],"about":[{"href":"https:\/\/ozapato.com\/do\/wp-json\/wp\/v2\/types\/page"}],"author":[{"embeddable":true,"href":"https:\/\/ozapato.com\/do\/wp-json\/wp\/v2\/users\/350"}],"replies":[{"embeddable":true,"href":"https:\/\/ozapato.com\/do\/wp-json\/wp\/v2\/comments?post=7652"}],"version-history":[{"count":8,"href":"https:\/\/ozapato.com\/do\/wp-json\/wp\/v2\/pages\/7652\/revisions"}],"predecessor-version":[{"id":7702,"href":"https:\/\/ozapato.com\/do\/wp-json\/wp\/v2\/pages\/7652\/revisions\/7702"}],"wp:attachment":[{"href":"https:\/\/ozapato.com\/do\/wp-json\/wp\/v2\/media?parent=7652"}],"curies":[{"name":"wp","href":"https:\/\/api.w.org\/{rel}","templated":true}]}}